{"id":31878,"date":"2020-11-05T12:12:09","date_gmt":"2020-11-05T12:12:09","guid":{"rendered":"https:\/\/www.accuratereviews.com\/?page_id=31878"},"modified":"2020-11-05T12:12:09","modified_gmt":"2020-11-05T12:12:09","slug":"property-vista-recensione","status":"publish","type":"page","link":"https:\/\/www.accuratereviews.com\/it\/gestionali-immobiliare-lista-software\/property-vista-recensione\/","title":{"rendered":"Property Vista"},"content":{"rendered":"<p><strong>Property Vista<\/strong> \u00e8 una <strong>soluzione software di gestione della propriet\u00e0<\/strong> che trasforma il modo in cui i gestori di propriet\u00e0 creano relazioni con i locatari per aumentare il valore aziendale attraverso la tecnologia. La soluzione integra per gestire in modo efficiente la l&#8217;attivit\u00e0 e migliorare l&#8217;esperienza del locatario: dalle potenziali applicazioni per inquilini alle ispezioni di trasloco e tutto il resto, la piattaforma intuitiva aiuta gli utenti a creare un&#8217;esperienza moderna e significativa. Con tutte queste soluzioni in un unico posto, i gestori di propriet\u00e0 possono evitare processi manuali costosi e dispendiosi in termini di tempo associati a screening, leasing, contabilit\u00e0, pagamenti online, gestione dei fornitori, ispezioni, richieste di manutenzione e comunicazioni con gli inquilini.<\/p>\n<h2>PREPERTY VISTA &#8211; TUTORIAL<\/h2>\n<p>Nel webinar si parla delle strategie per ridurre il turnover degli inquilini:<\/p>\n<div id=\"fluid-wrapper-counter-1\" class=\"g1-fluid-wrapper \" style=\"width:686px;\">\n<div style=\"padding-bottom:56.268221574344%;\"><iframe loading=\"lazy\" title=\"Property Vista Webinar - How to Retain Tenants\" width=\"686\" height=\"386\" src=\"https:\/\/www.youtube.com\/embed\/9CHZX9ZhmZY?feature=oembed&amp;wmode=transparent&amp;autohide=1&amp;autoplay=0&amp;disablekb=0&amp;fs=1&amp;loop=0&amp;enablejsapi=1&amp;rel=0&amp;controls=2&amp;showinfo=0&amp;wmode=transparent&amp;autohide=2&amp;autoplay=0&amp;disablekb=0&amp;fs=1&amp;loop=0&amp;enablejsapi=1&amp;rel=0&amp;controls=2&amp;showinfo=1\" frameborder=\"0\" allow=\"accelerometer; autoplay; clipboard-write; encrypted-media; gyroscope; picture-in-picture\" allowfullscreen><\/iframe><\/div>\n<\/div>\n<h3>PREPERTY VISTA &#8211; CARATTERISTICHE<\/h3>\n<ul>\n<li><strong>Sistema di gestione dei fornitori<\/strong>: la soluzione ha rivoluzionato la manutenzione e la gestione dei fornitori semplicemente ponendo il cliente al centro dello sviluppo. Flussi di lavoro monolitici e pile di scartoffie sono logicamente sostituiti in flussi di lavoro facili da gestire che generano automaticamente i documenti necessari per portare a termine il lavoro<\/li>\n<li><strong>Contabilit\u00e0: <\/strong>affitto, depositi, incassi, pagamenti dei fornitori, utenze, monitoraggio, riconciliazioni, reportistica, elimina la confusione e consolida i tuoi dati contabili con questa soluzione per ridurre le insolvenze, eliminare i licenziamenti e ottenere una visione accurata e in tempo reale dello stato di salute della tua attivit\u00e0<\/li>\n<li><strong>Gestione della propriet\u00e0:<\/strong> il potente e autosufficiente sistema di automazione e organizzazione si comporta come il tuo partner di fiducia, assumendosi il carico delle attivit\u00e0 organizzative in modo da poter inseguire lead, sviluppare strategie, fare rete e gestire<\/li>\n<li><strong>Leasing<\/strong>: trovare buoni inquilini e coprire i posti vacanti \u00e8 fondamentale, complesso e per molte societ\u00e0 di gestione immobiliare \u00e8 un flusso apparentemente infinito di attivit\u00e0 che ti impedisce di concentrarti sulla crescita della tua attivit\u00e0. Rendere il tuo ciclo di leasing automatizzato, organizzato ed efficiente sar\u00e0 uno dei pi\u00f9 grandi cambiamenti che farai risparmiare tempo alla tua societ\u00e0<\/li>\n<li><strong>Supporto:\u00a0<\/strong>un supporto rapido e conveniente che si adatta ai tuoi programmi e ai metodi di apprendimento preferiti<\/li>\n<li><strong>Fornire ai clienti risposte:<\/strong> le guide interattive dettagliate producono istruzioni su schermo che ti indirizzano letteralmente nella giusta direzione<\/li>\n<li><strong>Marketing<\/strong>: offre modi moderni, semplici ed efficaci per promuovere le tue propriet\u00e0. Ad esempio creare siti web, mantenere le tue inserzioni aggiornate e perfezionare la tua presenza online<\/li>\n<li><strong>Comunicazioni:<\/strong> sarai in grado di mantenere facilmente i contatti con i residenti utilizzando il modulo di comunicazione incredibilmente scalabile<\/li>\n<\/ul>\n","protected":false},"excerpt":{"rendered":"<p>Property Vista \u00e8 una soluzione software di gestione della propriet\u00e0 che trasforma il modo in cui i gestori di propriet\u00e0 creano relazioni con i locatari per aumentare il valore aziendale attraverso la tecnologia. La soluzione integra per gestire in modo efficiente la l&#8217;attivit\u00e0 e migliorare l&#8217;esperienza del locatario: dalle potenziali applicazioni per inquilini alle ispezioni di trasloco e tutto il resto, la piattaforma intuitiva aiuta gli utenti a creare un&#8217;esperienza moderna e significativa .<\/p>\n","protected":false},"author":19,"featured_media":31879,"parent":31329,"menu_order":0,"comment_status":"open","ping_status":"closed","template":"g1_template_page_review_new.php","meta":{"_acf_changed":false,"cwp_meta_box_check":"Yes","cwp_rev_product_name":"","cwp_rev_product_image":"","wppr_links":[],"cwp_rev_price":"","wppr_options":[],"wppr_pros":[],"wppr_cons":[],"_monsterinsights_skip_tracking":false,"_monsterinsights_sitenote_active":false,"_monsterinsights_sitenote_note":"","_monsterinsights_sitenote_category":0,"footnotes":""},"categories":[3950],"tags":[396,3953,4090,4092,4091,4093,3951,3952],"features":[],"class_list":{"0":"post-31878","1":"page","2":"type-page","3":"status-publish","4":"has-post-thumbnail","6":"category-gestionale-immobiliare-categoria","7":"tag-cloud","8":"tag-gestionale-immobiliare","9":"tag-gestione-della-propieta","10":"tag-piattaforma-gestionale-immobili","11":"tag-programma-gestionale-immobili","12":"tag-property-vista","13":"tag-software-gestionale-immobiliare","14":"tag-soluzione-gestionale-immobiliare"},"wppr_data":{"cwp_meta_box_check":"Yes","cwp_rev_product_name":"","cwp_rev_product_image":"","cwp_image_link":"image","cwp_rev_price":"","wppr_rating":"0.00"},"acf":[],"yoast_head":"<!-- This site is optimized with the Yoast SEO plugin v27.4 - https:\/\/yoast.com\/product\/yoast-seo-wordpress\/ -->\n<title>Property Vista: recensione gestionale immobili - Accurate Reviews<\/title>\n<meta name=\"description\" content=\"Property Vista: recensione software di gestione della propriet\u00e0 che trasforma il modo in cui gli utenti creano relazioni con i locatari.\" \/>\n<meta name=\"robots\" content=\"index, follow, max-snippet:-1, max-image-preview:large, max-video-preview:-1\" \/>\n<link rel=\"canonical\" href=\"https:\/\/www.accuratereviews.com\/it\/gestionali-immobiliare-lista-software\/property-vista-recensione\/\" \/>\n<meta property=\"og:locale\" content=\"it_IT\" \/>\n<meta property=\"og:type\" content=\"article\" \/>\n<meta property=\"og:title\" content=\"Property Vista: recensione gestionale immobili - Accurate Reviews\" \/>\n<meta property=\"og:description\" content=\"Property Vista: recensione software di gestione della propriet\u00e0 che trasforma il modo in cui gli utenti creano relazioni con i locatari.\" \/>\n<meta property=\"og:url\" content=\"https:\/\/www.accuratereviews.com\/it\/gestionali-immobiliare-lista-software\/property-vista-recensione\/\" \/>\n<meta property=\"og:site_name\" content=\"Accurate Reviews\" \/>\n<meta property=\"og:image\" content=\"https:\/\/www.accuratereviews.com\/wp-content\/uploads\/2020\/11\/Property_Vista_Logo.png\" \/>\n\t<meta property=\"og:image:width\" content=\"1000\" \/>\n\t<meta property=\"og:image:height\" content=\"302\" \/>\n\t<meta property=\"og:image:type\" content=\"image\/png\" \/>\n<meta name=\"twitter:card\" content=\"summary_large_image\" \/>\n<meta name=\"twitter:label1\" content=\"Tempo di lettura stimato\" \/>\n\t<meta name=\"twitter:data1\" content=\"2 minuti\" \/>\n<script type=\"application\/ld+json\" class=\"yoast-schema-graph\">{\"@context\":\"https:\\\/\\\/schema.org\",\"@graph\":[{\"@type\":\"WebPage\",\"@id\":\"https:\\\/\\\/www.accuratereviews.com\\\/it\\\/gestionali-immobiliare-lista-software\\\/property-vista-recensione\\\/\",\"url\":\"https:\\\/\\\/www.accuratereviews.com\\\/it\\\/gestionali-immobiliare-lista-software\\\/property-vista-recensione\\\/\",\"name\":\"Property Vista: recensione gestionale immobili - Accurate Reviews\",\"isPartOf\":{\"@id\":\"https:\\\/\\\/www.accuratereviews.com\\\/it\\\/#website\"},\"primaryImageOfPage\":{\"@id\":\"https:\\\/\\\/www.accuratereviews.com\\\/it\\\/gestionali-immobiliare-lista-software\\\/property-vista-recensione\\\/#primaryimage\"},\"image\":{\"@id\":\"https:\\\/\\\/www.accuratereviews.com\\\/it\\\/gestionali-immobiliare-lista-software\\\/property-vista-recensione\\\/#primaryimage\"},\"thumbnailUrl\":\"https:\\\/\\\/www.accuratereviews.com\\\/wp-content\\\/uploads\\\/2020\\\/11\\\/Property_Vista_Logo.png\",\"datePublished\":\"2020-11-05T12:12:09+00:00\",\"description\":\"Property Vista: recensione software di gestione della propriet\u00e0 che trasforma il modo in cui gli utenti creano relazioni con i locatari.\",\"breadcrumb\":{\"@id\":\"https:\\\/\\\/www.accuratereviews.com\\\/it\\\/gestionali-immobiliare-lista-software\\\/property-vista-recensione\\\/#breadcrumb\"},\"inLanguage\":\"it-IT\",\"potentialAction\":[{\"@type\":\"ReadAction\",\"target\":[\"https:\\\/\\\/www.accuratereviews.com\\\/it\\\/gestionali-immobiliare-lista-software\\\/property-vista-recensione\\\/\"]}]},{\"@type\":\"ImageObject\",\"inLanguage\":\"it-IT\",\"@id\":\"https:\\\/\\\/www.accuratereviews.com\\\/it\\\/gestionali-immobiliare-lista-software\\\/property-vista-recensione\\\/#primaryimage\",\"url\":\"https:\\\/\\\/www.accuratereviews.com\\\/wp-content\\\/uploads\\\/2020\\\/11\\\/Property_Vista_Logo.png\",\"contentUrl\":\"https:\\\/\\\/www.accuratereviews.com\\\/wp-content\\\/uploads\\\/2020\\\/11\\\/Property_Vista_Logo.png\",\"width\":1000,\"height\":302},{\"@type\":\"BreadcrumbList\",\"@id\":\"https:\\\/\\\/www.accuratereviews.com\\\/it\\\/gestionali-immobiliare-lista-software\\\/property-vista-recensione\\\/#breadcrumb\",\"itemListElement\":[{\"@type\":\"ListItem\",\"position\":1,\"name\":\"Home\",\"item\":\"https:\\\/\\\/www.accuratereviews.com\\\/it\\\/\"},{\"@type\":\"ListItem\",\"position\":2,\"name\":\"Gestionali immobiliari\",\"item\":\"https:\\\/\\\/www.accuratereviews.com\\\/it\\\/gestionali-immobiliare-lista-software\\\/\"},{\"@type\":\"ListItem\",\"position\":3,\"name\":\"Property Vista\"}]},{\"@type\":\"WebSite\",\"@id\":\"https:\\\/\\\/www.accuratereviews.com\\\/it\\\/#website\",\"url\":\"https:\\\/\\\/www.accuratereviews.com\\\/it\\\/\",\"name\":\"Accurate Reviews\",\"description\":\"\",\"potentialAction\":[{\"@type\":\"SearchAction\",\"target\":{\"@type\":\"EntryPoint\",\"urlTemplate\":\"https:\\\/\\\/www.accuratereviews.com\\\/it\\\/?s={search_term_string}\"},\"query-input\":{\"@type\":\"PropertyValueSpecification\",\"valueRequired\":true,\"valueName\":\"search_term_string\"}}],\"inLanguage\":\"it-IT\"}]}<\/script>\n<!-- \/ Yoast SEO plugin. -->","yoast_head_json":{"title":"Property Vista: recensione gestionale immobili - Accurate Reviews","description":"Property Vista: recensione software di gestione della propriet\u00e0 che trasforma il modo in cui gli utenti creano relazioni con i locatari.","robots":{"index":"index","follow":"follow","max-snippet":"max-snippet:-1","max-image-preview":"max-image-preview:large","max-video-preview":"max-video-preview:-1"},"canonical":"https:\/\/www.accuratereviews.com\/it\/gestionali-immobiliare-lista-software\/property-vista-recensione\/","og_locale":"it_IT","og_type":"article","og_title":"Property Vista: recensione gestionale immobili - Accurate Reviews","og_description":"Property Vista: recensione software di gestione della propriet\u00e0 che trasforma il modo in cui gli utenti creano relazioni con i locatari.","og_url":"https:\/\/www.accuratereviews.com\/it\/gestionali-immobiliare-lista-software\/property-vista-recensione\/","og_site_name":"Accurate Reviews","og_image":[{"width":1000,"height":302,"url":"https:\/\/www.accuratereviews.com\/wp-content\/uploads\/2020\/11\/Property_Vista_Logo.png","type":"image\/png"}],"twitter_card":"summary_large_image","twitter_misc":{"Tempo di lettura stimato":"2 minuti"},"schema":{"@context":"https:\/\/schema.org","@graph":[{"@type":"WebPage","@id":"https:\/\/www.accuratereviews.com\/it\/gestionali-immobiliare-lista-software\/property-vista-recensione\/","url":"https:\/\/www.accuratereviews.com\/it\/gestionali-immobiliare-lista-software\/property-vista-recensione\/","name":"Property Vista: recensione gestionale immobili - Accurate Reviews","isPartOf":{"@id":"https:\/\/www.accuratereviews.com\/it\/#website"},"primaryImageOfPage":{"@id":"https:\/\/www.accuratereviews.com\/it\/gestionali-immobiliare-lista-software\/property-vista-recensione\/#primaryimage"},"image":{"@id":"https:\/\/www.accuratereviews.com\/it\/gestionali-immobiliare-lista-software\/property-vista-recensione\/#primaryimage"},"thumbnailUrl":"https:\/\/www.accuratereviews.com\/wp-content\/uploads\/2020\/11\/Property_Vista_Logo.png","datePublished":"2020-11-05T12:12:09+00:00","description":"Property Vista: recensione software di gestione della propriet\u00e0 che trasforma il modo in cui gli utenti creano relazioni con i locatari.","breadcrumb":{"@id":"https:\/\/www.accuratereviews.com\/it\/gestionali-immobiliare-lista-software\/property-vista-recensione\/#breadcrumb"},"inLanguage":"it-IT","potentialAction":[{"@type":"ReadAction","target":["https:\/\/www.accuratereviews.com\/it\/gestionali-immobiliare-lista-software\/property-vista-recensione\/"]}]},{"@type":"ImageObject","inLanguage":"it-IT","@id":"https:\/\/www.accuratereviews.com\/it\/gestionali-immobiliare-lista-software\/property-vista-recensione\/#primaryimage","url":"https:\/\/www.accuratereviews.com\/wp-content\/uploads\/2020\/11\/Property_Vista_Logo.png","contentUrl":"https:\/\/www.accuratereviews.com\/wp-content\/uploads\/2020\/11\/Property_Vista_Logo.png","width":1000,"height":302},{"@type":"BreadcrumbList","@id":"https:\/\/www.accuratereviews.com\/it\/gestionali-immobiliare-lista-software\/property-vista-recensione\/#breadcrumb","itemListElement":[{"@type":"ListItem","position":1,"name":"Home","item":"https:\/\/www.accuratereviews.com\/it\/"},{"@type":"ListItem","position":2,"name":"Gestionali immobiliari","item":"https:\/\/www.accuratereviews.com\/it\/gestionali-immobiliare-lista-software\/"},{"@type":"ListItem","position":3,"name":"Property Vista"}]},{"@type":"WebSite","@id":"https:\/\/www.accuratereviews.com\/it\/#website","url":"https:\/\/www.accuratereviews.com\/it\/","name":"Accurate Reviews","description":"","potentialAction":[{"@type":"SearchAction","target":{"@type":"EntryPoint","urlTemplate":"https:\/\/www.accuratereviews.com\/it\/?s={search_term_string}"},"query-input":{"@type":"PropertyValueSpecification","valueRequired":true,"valueName":"search_term_string"}}],"inLanguage":"it-IT"}]}},"_links":{"self":[{"href":"https:\/\/www.accuratereviews.com\/it\/wp-json\/wp\/v2\/pages\/31878","targetHints":{"allow":["GET"]}}],"collection":[{"href":"https:\/\/www.accuratereviews.com\/it\/wp-json\/wp\/v2\/pages"}],"about":[{"href":"https:\/\/www.accuratereviews.com\/it\/wp-json\/wp\/v2\/types\/page"}],"author":[{"embeddable":true,"href":"https:\/\/www.accuratereviews.com\/it\/wp-json\/wp\/v2\/users\/19"}],"replies":[{"embeddable":true,"href":"https:\/\/www.accuratereviews.com\/it\/wp-json\/wp\/v2\/comments?post=31878"}],"version-history":[{"count":10,"href":"https:\/\/www.accuratereviews.com\/it\/wp-json\/wp\/v2\/pages\/31878\/revisions"}],"predecessor-version":[{"id":31904,"href":"https:\/\/www.accuratereviews.com\/it\/wp-json\/wp\/v2\/pages\/31878\/revisions\/31904"}],"up":[{"embeddable":true,"href":"https:\/\/www.accuratereviews.com\/it\/wp-json\/wp\/v2\/pages\/31329"}],"wp:featuredmedia":[{"embeddable":true,"href":"https:\/\/www.accuratereviews.com\/it\/wp-json\/wp\/v2\/media\/31879"}],"wp:attachment":[{"href":"https:\/\/www.accuratereviews.com\/it\/wp-json\/wp\/v2\/media?parent=31878"}],"wp:term":[{"taxonomy":"category","embeddable":true,"href":"https:\/\/www.accuratereviews.com\/it\/wp-json\/wp\/v2\/categories?post=31878"},{"taxonomy":"post_tag","embeddable":true,"href":"https:\/\/www.accuratereviews.com\/it\/wp-json\/wp\/v2\/tags?post=31878"},{"taxonomy":"features","embeddable":true,"href":"https:\/\/www.accuratereviews.com\/it\/wp-json\/wp\/v2\/features?post=31878"}],"curies":[{"name":"wp","href":"https:\/\/api.w.org\/{rel}","templated":true}]}}