{"id":32063,"date":"2020-11-09T11:40:31","date_gmt":"2020-11-09T11:40:31","guid":{"rendered":"https:\/\/www.accuratereviews.com\/?page_id=32063"},"modified":"2020-11-18T09:55:04","modified_gmt":"2020-11-18T09:55:04","slug":"phoneburner-recensione","status":"publish","type":"page","link":"https:\/\/www.accuratereviews.com\/it\/phoneburner-recensione\/","title":{"rendered":"PhoneBurner"},"content":{"rendered":"<p><strong>PhoneBurner<\/strong> \u00e8 una soluzione per <strong>call center<\/strong> in uscita che consente agli utenti di accedere dal proprio computer ed effettuare chiamate dal telefono connesso, utilizzando elenchi di lead importati o forniti dall&#8217;amministratore. Il sistema offre funzionalit\u00e0 che includono composizione di alimentazione, gestione dei lead, follow-up email, gestione delle prestazioni e analisi. Il sistema <strong>PhoneBurner<\/strong> \u00e8 conforme a TCPA \/ FCC. Gli utenti possono conservare record di contatto dettagliati nel CRM integrato o integrarsi con Salesforce e altre principali applicazioni CRM disponibili. Altre caratteristiche includono la ricezione di messaggi vocali, email one-touch, monitoraggio email, disposizioni personalizzate, registrazione delle chiamate, trasferimento delle chiamate, monitoraggio dell&#8217;ID locale e sistema di distribuzione intelligente dei lead LeadStream. PhoneBurner si adatta a team di qualsiasi dimensione gestiti da un portale di amministrazione centrale. Le funzionalit\u00e0 di analisi e reportistica offrono visibilit\u00e0 in tempo reale sulle attivit\u00e0 in corso e sulle prestazioni delle chiamate.<\/p>\n<h2>PHONEBURNER &#8211; TUTORIAL<\/h2>\n<p>Questo video ti mostra come integrare HubSpot CRM con la piattaforma di composizione elettrica di questo software gestionale per la contabilizzazione delle chiamate:<\/p>\n<div id=\"fluid-wrapper-counter-1\" class=\"g1-fluid-wrapper \" style=\"width:686px;\">\n<div style=\"padding-bottom:56.268221574344%;\"><iframe loading=\"lazy\" title=\"HubSpot Power Dialer - How to Integrate PhoneBurner\" width=\"686\" height=\"386\" src=\"https:\/\/www.youtube.com\/embed\/byGmlJP3s6w?feature=oembed&amp;wmode=transparent&amp;autohide=1&amp;autoplay=0&amp;disablekb=0&amp;fs=1&amp;loop=0&amp;enablejsapi=1&amp;rel=0&amp;controls=2&amp;showinfo=0&amp;wmode=transparent&amp;autohide=2&amp;autoplay=0&amp;disablekb=0&amp;fs=1&amp;loop=0&amp;enablejsapi=1&amp;rel=0&amp;controls=2&amp;showinfo=1\" frameborder=\"0\" allow=\"accelerometer; autoplay; clipboard-write; encrypted-media; gyroscope; picture-in-picture\" allowfullscreen><\/iframe><\/div>\n<\/div>\n<h3>PHONEBURNER &#8211; CARATTERISTICHE<\/h3>\n<ul>\n<li>Puoi chiamare fino a 80 contatti all&#8217;ora<\/li>\n<li><span class=\"JLqJ4b\" data-language-for-alternatives=\"it\" data-language-to-translate-into=\"en\" data-phrase-index=\"1\"><span class=\"JLqJ4b ChMk0b\" data-language-for-alternatives=\"it\" data-language-to-translate-into=\"en\" data-phrase-index=\"2\">Nessun ritardo di connessione.\u00a0<\/span><\/span><\/li>\n<li><span class=\"JLqJ4b\" data-language-for-alternatives=\"it\" data-language-to-translate-into=\"en\" data-phrase-index=\"1\"><span class=\"JLqJ4b ChMk0b\" data-language-for-alternatives=\"it\" data-language-to-translate-into=\"en\" data-phrase-index=\"2\">Niente da installare. Inizia a comporre numeri di telefono in pochi minuti<\/span><\/span><\/li>\n<li><span class=\"JLqJ4b\" data-language-for-alternatives=\"it\" data-language-to-translate-into=\"en\" data-phrase-index=\"1\"><span class=\"JLqJ4b ChMk0b\" data-language-for-alternatives=\"it\" data-language-to-translate-into=\"en\" data-phrase-index=\"2\">Rilascia i messaggi vocali con un clic<\/span><\/span><\/li>\n<li><span class=\"JLqJ4b\" data-language-for-alternatives=\"it\" data-language-to-translate-into=\"en\" data-phrase-index=\"1\"><span class=\"JLqJ4b ChMk0b\" data-language-for-alternatives=\"it\" data-language-to-translate-into=\"en\" data-phrase-index=\"2\"> Invia email in base ai tuoi risultati <\/span><\/span><\/li>\n<li><span class=\"JLqJ4b\" data-language-for-alternatives=\"it\" data-language-to-translate-into=\"en\" data-phrase-index=\"1\"><span class=\"JLqJ4b ChMk0b\" data-language-for-alternatives=\"it\" data-language-to-translate-into=\"en\" data-phrase-index=\"2\">Tieni traccia delle aperture di messaggi di posta elettronica, dei clic sui collegamenti e delle visualizzazioni degli allegati <\/span><\/span><\/li>\n<li><span class=\"JLqJ4b\" data-language-for-alternatives=\"it\" data-language-to-translate-into=\"en\" data-phrase-index=\"1\"><span class=\"JLqJ4b ChMk0b\" data-language-for-alternatives=\"it\" data-language-to-translate-into=\"en\" data-phrase-index=\"2\">Gestisci, tagga, classifica, ordina i lead con facilit\u00e0 <\/span><\/span><\/li>\n<li><span class=\"JLqJ4b\" data-language-for-alternatives=\"it\" data-language-to-translate-into=\"en\" data-phrase-index=\"1\"><span class=\"JLqJ4b ChMk0b\" data-language-for-alternatives=\"it\" data-language-to-translate-into=\"en\" data-phrase-index=\"2\">I set di disposizioni personalizzati automatizzano la gestione della pipeline <\/span><\/span><\/li>\n<li><span class=\"JLqJ4b\" data-language-for-alternatives=\"it\" data-language-to-translate-into=\"en\" data-phrase-index=\"1\"><span class=\"JLqJ4b ChMk0b\" data-language-for-alternatives=\"it\" data-language-to-translate-into=\"en\" data-phrase-index=\"2\">Registra le chiamate <\/span><\/span><\/li>\n<li><span class=\"JLqJ4b\" data-language-for-alternatives=\"it\" data-language-to-translate-into=\"en\" data-phrase-index=\"1\"><span class=\"JLqJ4b ChMk0b\" data-language-for-alternatives=\"it\" data-language-to-translate-into=\"en\" data-phrase-index=\"2\">Trasferisci chiamate <\/span><\/span><\/li>\n<li><span class=\"JLqJ4b\" data-language-for-alternatives=\"it\" data-language-to-translate-into=\"en\" data-phrase-index=\"1\"><span class=\"JLqJ4b ChMk0b\" data-language-for-alternatives=\"it\" data-language-to-translate-into=\"en\" data-phrase-index=\"2\">Ottieni rapporti avanzati e analisi degli agenti <\/span><\/span><\/li>\n<li><span class=\"JLqJ4b\" data-language-for-alternatives=\"it\" data-language-to-translate-into=\"en\" data-phrase-index=\"1\"><span class=\"JLqJ4b ChMk0b\" data-language-for-alternatives=\"it\" data-language-to-translate-into=\"en\" data-phrase-index=\"2\">Componi da prefissi locali con ID locale <\/span><\/span><\/li>\n<li><span class=\"JLqJ4b\" data-language-for-alternatives=\"it\" data-language-to-translate-into=\"en\" data-phrase-index=\"1\"><span class=\"JLqJ4b ChMk0b\" data-language-for-alternatives=\"it\" data-language-to-translate-into=\"en\" data-phrase-index=\"2\">Esegui il retargeting dei lead con annunci sul Web, Facebook e Twitter <\/span><\/span><\/li>\n<li><span class=\"JLqJ4b\" data-language-for-alternatives=\"it\" data-language-to-translate-into=\"en\" data-phrase-index=\"1\"><span class=\"JLqJ4b ChMk0b\" data-language-for-alternatives=\"it\" data-language-to-translate-into=\"en\" data-phrase-index=\"2\">Distribuisci automaticamente e in modo intelligente i lead al tuo team<\/span><\/span><\/li>\n<\/ul>\n<h4>LE RECENSIONI DEGLI UTENTI<\/h4>\n<h5 class=\"font-weight-bold mb-1 d-flex align-items-center\">Marie F.&#8221;PhoneBurner rende davvero divertenti le chiamate&#8221;<\/h5>\n<p><strong>Commenti: <\/strong>Ha davvero reso Cold Calling Fun!<\/p>\n<p><strong>Vantaggi: <\/strong>Mi \u00e8 piaciuto il modo in cui gli utenti possono impostare il layout su ci\u00f2 che \u00e8 pi\u00f9 critico per loro quando passano attraverso gli elenchi. Mi piace anche filtrare gli elenchi e la capacit\u00e0 di spostarmi da una cartella all&#8217;altra. Inoltre, ho scoperto che il calendario crea gli elenchi di nomi pronti per essere chiamati ogni giorno come promemoria.<\/p>\n<p><strong>Inconvenienti: <\/strong>Immagino che l&#8217;unica cosa che mi ha infastidito sia che quando qualcuno ha riattaccato quando non era interessato non si poteva davvero dire. Cos\u00ec ho notato che chiunque stavo parlando improvvisamente \u00e8 diventato silenzioso e doveva riattaccare senza sapere che lo avevano fatto.<\/p>\n<h4 class=\"font-weight-bold mb-1 d-flex align-items-center\">Nicky P.&#8221;Punto di svolta per le chiamate di vendita.&#8221;<\/h4>\n<p><strong>Commenti: <\/strong>La mia esperienza complessiva \u00e8 stata davvero buona. PhoneBurner ha aumentato la quantit\u00e0 di chiamate che siamo in grado di effettuare portando a una maggiore produttivit\u00e0 che equivale a una vittoria per il mio team di vendita.<\/p>\n<p><strong>Vantaggi: <\/strong>Mi piace molto il fatto che il programma possa essere utilizzato con facilit\u00e0 e che tu possa fare tante chiamate velocemente piuttosto che comporre manualmente il numero.<\/p>\n<p><strong>Inconvenienti: <\/strong>Mi ci sono voluti circa un giorno o due per recuperare il ritmo veloce del programma, ma puoi sempre mettere in pausa la sessione di composizione per regolare il ritmo.<\/p>\n<h4 class=\"font-weight-bold mb-1 d-flex align-items-center\">Tony C.&#8221;Il miglior strumento di produttivit\u00e0 che utilizzo&#8221;<\/h4>\n<p><strong>Vantaggi: <\/strong>Non potrei mai raggiungere il numero di clienti e potenziali clienti che raggiungo nel periodo di tempo in cui li raggiungo con qualsiasi altro strumento. Adoro\u00a0PhoneBurner!<\/p>\n<p><strong>Inconvenienti: <\/strong>il processo di importazione non \u00e8 stato altrettanto buono fino a quando non \u00e8 stato aggiornato. ora oscilla!<\/p>\n","protected":false},"excerpt":{"rendered":"<p>PhoneBurner \u00e8 una soluzione per call center in uscita che consente agli utenti di accedere dal proprio computer ed effettuare chiamate dal telefono connesso, utilizzando elenchi di lead importati o forniti dall&#8217;amministratore. Il sistema offre funzionalit\u00e0 che includono composizione di alimentazione, gestione dei lead, follow-up email, gestione delle prestazioni e analisi.<\/p>\n","protected":false},"author":19,"featured_media":32065,"parent":0,"menu_order":0,"comment_status":"open","ping_status":"closed","template":"g1_template_page_review_new.php","meta":{"_acf_changed":false,"cwp_meta_box_check":"Yes","cwp_rev_product_name":"","cwp_rev_product_image":"","wppr_links":[],"cwp_rev_price":"","wppr_options":[],"wppr_pros":[],"wppr_cons":[],"_monsterinsights_skip_tracking":false,"_monsterinsights_sitenote_active":false,"_monsterinsights_sitenote_note":"","_monsterinsights_sitenote_category":0,"footnotes":""},"categories":[4108],"tags":[396,4116,4129,4120,4119,4117,4118],"features":[],"class_list":{"0":"post-32063","1":"page","2":"type-page","3":"status-publish","4":"has-post-thumbnail","6":"category-gestionale-per-la-contabilizzazione-delle-chiamate-cat","7":"tag-cloud","8":"tag-gestionale-per-la-contabilizzazione-delle-chiamate","9":"tag-phoneburner","10":"tag-piattaforma-gestionale-per-la-contabilizzazione-delle-chiamate","11":"tag-programma-gestionale-per-la-contabilizzazione-delle-chiamate","12":"tag-software-gestionale-per-la-contabilizzazione-delle-chiamate","13":"tag-soluzione-gestionale-per-la-contabilizzazione-delle-chiamate"},"wppr_data":{"cwp_meta_box_check":"Yes","cwp_rev_product_name":"","cwp_rev_product_image":"","cwp_image_link":"image","cwp_rev_price":"","wppr_rating":"0.00"},"acf":[],"yoast_head":"<!-- This site is optimized with the Yoast SEO plugin v27.4 - https:\/\/yoast.com\/product\/yoast-seo-wordpress\/ -->\n<title>PhoneBurner: recensione gestionale chiamate - Accurate Reviews<\/title>\n<meta name=\"description\" content=\"PhoneBurner: recensione soluzione per call center che consente agli utenti di accedere dal proprio computer ed effettuare chiamate telefoniche\" \/>\n<meta name=\"robots\" content=\"index, follow, max-snippet:-1, max-image-preview:large, max-video-preview:-1\" \/>\n<link rel=\"canonical\" href=\"https:\/\/www.accuratereviews.com\/it\/phoneburner-recensione\/\" \/>\n<meta property=\"og:locale\" content=\"it_IT\" \/>\n<meta property=\"og:type\" content=\"article\" \/>\n<meta property=\"og:title\" content=\"PhoneBurner: recensione gestionale chiamate - Accurate Reviews\" \/>\n<meta property=\"og:description\" content=\"PhoneBurner: recensione soluzione per call center che consente agli utenti di accedere dal proprio computer ed effettuare chiamate telefoniche\" \/>\n<meta property=\"og:url\" content=\"https:\/\/www.accuratereviews.com\/it\/phoneburner-recensione\/\" \/>\n<meta property=\"og:site_name\" content=\"Accurate Reviews\" \/>\n<meta property=\"article:modified_time\" content=\"2020-11-18T09:55:04+00:00\" \/>\n<meta property=\"og:image\" content=\"https:\/\/www.accuratereviews.com\/wp-content\/uploads\/2020\/11\/phoneburner.jpg\" \/>\n\t<meta property=\"og:image:width\" content=\"900\" \/>\n\t<meta property=\"og:image:height\" content=\"900\" \/>\n\t<meta property=\"og:image:type\" content=\"image\/jpeg\" \/>\n<meta name=\"twitter:card\" content=\"summary_large_image\" \/>\n<meta name=\"twitter:label1\" content=\"Tempo di lettura stimato\" \/>\n\t<meta name=\"twitter:data1\" content=\"3 minuti\" \/>\n<script type=\"application\/ld+json\" class=\"yoast-schema-graph\">{\"@context\":\"https:\\\/\\\/schema.org\",\"@graph\":[{\"@type\":\"WebPage\",\"@id\":\"https:\\\/\\\/www.accuratereviews.com\\\/it\\\/phoneburner-recensione\\\/\",\"url\":\"https:\\\/\\\/www.accuratereviews.com\\\/it\\\/phoneburner-recensione\\\/\",\"name\":\"PhoneBurner: recensione gestionale chiamate - Accurate Reviews\",\"isPartOf\":{\"@id\":\"https:\\\/\\\/www.accuratereviews.com\\\/it\\\/#website\"},\"primaryImageOfPage\":{\"@id\":\"https:\\\/\\\/www.accuratereviews.com\\\/it\\\/phoneburner-recensione\\\/#primaryimage\"},\"image\":{\"@id\":\"https:\\\/\\\/www.accuratereviews.com\\\/it\\\/phoneburner-recensione\\\/#primaryimage\"},\"thumbnailUrl\":\"https:\\\/\\\/www.accuratereviews.com\\\/wp-content\\\/uploads\\\/2020\\\/11\\\/phoneburner.jpg\",\"datePublished\":\"2020-11-09T11:40:31+00:00\",\"dateModified\":\"2020-11-18T09:55:04+00:00\",\"description\":\"PhoneBurner: recensione soluzione per call center che consente agli utenti di accedere dal proprio computer ed effettuare chiamate telefoniche\",\"breadcrumb\":{\"@id\":\"https:\\\/\\\/www.accuratereviews.com\\\/it\\\/phoneburner-recensione\\\/#breadcrumb\"},\"inLanguage\":\"it-IT\",\"potentialAction\":[{\"@type\":\"ReadAction\",\"target\":[\"https:\\\/\\\/www.accuratereviews.com\\\/it\\\/phoneburner-recensione\\\/\"]}]},{\"@type\":\"ImageObject\",\"inLanguage\":\"it-IT\",\"@id\":\"https:\\\/\\\/www.accuratereviews.com\\\/it\\\/phoneburner-recensione\\\/#primaryimage\",\"url\":\"https:\\\/\\\/www.accuratereviews.com\\\/wp-content\\\/uploads\\\/2020\\\/11\\\/phoneburner.jpg\",\"contentUrl\":\"https:\\\/\\\/www.accuratereviews.com\\\/wp-content\\\/uploads\\\/2020\\\/11\\\/phoneburner.jpg\",\"width\":900,\"height\":900},{\"@type\":\"BreadcrumbList\",\"@id\":\"https:\\\/\\\/www.accuratereviews.com\\\/it\\\/phoneburner-recensione\\\/#breadcrumb\",\"itemListElement\":[{\"@type\":\"ListItem\",\"position\":1,\"name\":\"Home\",\"item\":\"https:\\\/\\\/www.accuratereviews.com\\\/it\\\/\"},{\"@type\":\"ListItem\",\"position\":2,\"name\":\"PhoneBurner\"}]},{\"@type\":\"WebSite\",\"@id\":\"https:\\\/\\\/www.accuratereviews.com\\\/it\\\/#website\",\"url\":\"https:\\\/\\\/www.accuratereviews.com\\\/it\\\/\",\"name\":\"Accurate Reviews\",\"description\":\"\",\"potentialAction\":[{\"@type\":\"SearchAction\",\"target\":{\"@type\":\"EntryPoint\",\"urlTemplate\":\"https:\\\/\\\/www.accuratereviews.com\\\/it\\\/?s={search_term_string}\"},\"query-input\":{\"@type\":\"PropertyValueSpecification\",\"valueRequired\":true,\"valueName\":\"search_term_string\"}}],\"inLanguage\":\"it-IT\"}]}<\/script>\n<!-- \/ Yoast SEO plugin. -->","yoast_head_json":{"title":"PhoneBurner: recensione gestionale chiamate - Accurate Reviews","description":"PhoneBurner: recensione soluzione per call center che consente agli utenti di accedere dal proprio computer ed effettuare chiamate telefoniche","robots":{"index":"index","follow":"follow","max-snippet":"max-snippet:-1","max-image-preview":"max-image-preview:large","max-video-preview":"max-video-preview:-1"},"canonical":"https:\/\/www.accuratereviews.com\/it\/phoneburner-recensione\/","og_locale":"it_IT","og_type":"article","og_title":"PhoneBurner: recensione gestionale chiamate - Accurate Reviews","og_description":"PhoneBurner: recensione soluzione per call center che consente agli utenti di accedere dal proprio computer ed effettuare chiamate telefoniche","og_url":"https:\/\/www.accuratereviews.com\/it\/phoneburner-recensione\/","og_site_name":"Accurate Reviews","article_modified_time":"2020-11-18T09:55:04+00:00","og_image":[{"width":900,"height":900,"url":"https:\/\/www.accuratereviews.com\/wp-content\/uploads\/2020\/11\/phoneburner.jpg","type":"image\/jpeg"}],"twitter_card":"summary_large_image","twitter_misc":{"Tempo di lettura stimato":"3 minuti"},"schema":{"@context":"https:\/\/schema.org","@graph":[{"@type":"WebPage","@id":"https:\/\/www.accuratereviews.com\/it\/phoneburner-recensione\/","url":"https:\/\/www.accuratereviews.com\/it\/phoneburner-recensione\/","name":"PhoneBurner: recensione gestionale chiamate - Accurate Reviews","isPartOf":{"@id":"https:\/\/www.accuratereviews.com\/it\/#website"},"primaryImageOfPage":{"@id":"https:\/\/www.accuratereviews.com\/it\/phoneburner-recensione\/#primaryimage"},"image":{"@id":"https:\/\/www.accuratereviews.com\/it\/phoneburner-recensione\/#primaryimage"},"thumbnailUrl":"https:\/\/www.accuratereviews.com\/wp-content\/uploads\/2020\/11\/phoneburner.jpg","datePublished":"2020-11-09T11:40:31+00:00","dateModified":"2020-11-18T09:55:04+00:00","description":"PhoneBurner: recensione soluzione per call center che consente agli utenti di accedere dal proprio computer ed effettuare chiamate telefoniche","breadcrumb":{"@id":"https:\/\/www.accuratereviews.com\/it\/phoneburner-recensione\/#breadcrumb"},"inLanguage":"it-IT","potentialAction":[{"@type":"ReadAction","target":["https:\/\/www.accuratereviews.com\/it\/phoneburner-recensione\/"]}]},{"@type":"ImageObject","inLanguage":"it-IT","@id":"https:\/\/www.accuratereviews.com\/it\/phoneburner-recensione\/#primaryimage","url":"https:\/\/www.accuratereviews.com\/wp-content\/uploads\/2020\/11\/phoneburner.jpg","contentUrl":"https:\/\/www.accuratereviews.com\/wp-content\/uploads\/2020\/11\/phoneburner.jpg","width":900,"height":900},{"@type":"BreadcrumbList","@id":"https:\/\/www.accuratereviews.com\/it\/phoneburner-recensione\/#breadcrumb","itemListElement":[{"@type":"ListItem","position":1,"name":"Home","item":"https:\/\/www.accuratereviews.com\/it\/"},{"@type":"ListItem","position":2,"name":"PhoneBurner"}]},{"@type":"WebSite","@id":"https:\/\/www.accuratereviews.com\/it\/#website","url":"https:\/\/www.accuratereviews.com\/it\/","name":"Accurate Reviews","description":"","potentialAction":[{"@type":"SearchAction","target":{"@type":"EntryPoint","urlTemplate":"https:\/\/www.accuratereviews.com\/it\/?s={search_term_string}"},"query-input":{"@type":"PropertyValueSpecification","valueRequired":true,"valueName":"search_term_string"}}],"inLanguage":"it-IT"}]}},"_links":{"self":[{"href":"https:\/\/www.accuratereviews.com\/it\/wp-json\/wp\/v2\/pages\/32063","targetHints":{"allow":["GET"]}}],"collection":[{"href":"https:\/\/www.accuratereviews.com\/it\/wp-json\/wp\/v2\/pages"}],"about":[{"href":"https:\/\/www.accuratereviews.com\/it\/wp-json\/wp\/v2\/types\/page"}],"author":[{"embeddable":true,"href":"https:\/\/www.accuratereviews.com\/it\/wp-json\/wp\/v2\/users\/19"}],"replies":[{"embeddable":true,"href":"https:\/\/www.accuratereviews.com\/it\/wp-json\/wp\/v2\/comments?post=32063"}],"version-history":[{"count":7,"href":"https:\/\/www.accuratereviews.com\/it\/wp-json\/wp\/v2\/pages\/32063\/revisions"}],"predecessor-version":[{"id":32691,"href":"https:\/\/www.accuratereviews.com\/it\/wp-json\/wp\/v2\/pages\/32063\/revisions\/32691"}],"wp:featuredmedia":[{"embeddable":true,"href":"https:\/\/www.accuratereviews.com\/it\/wp-json\/wp\/v2\/media\/32065"}],"wp:attachment":[{"href":"https:\/\/www.accuratereviews.com\/it\/wp-json\/wp\/v2\/media?parent=32063"}],"wp:term":[{"taxonomy":"category","embeddable":true,"href":"https:\/\/www.accuratereviews.com\/it\/wp-json\/wp\/v2\/categories?post=32063"},{"taxonomy":"post_tag","embeddable":true,"href":"https:\/\/www.accuratereviews.com\/it\/wp-json\/wp\/v2\/tags?post=32063"},{"taxonomy":"features","embeddable":true,"href":"https:\/\/www.accuratereviews.com\/it\/wp-json\/wp\/v2\/features?post=32063"}],"curies":[{"name":"wp","href":"https:\/\/api.w.org\/{rel}","templated":true}]}}