{"id":32085,"date":"2020-11-09T11:41:42","date_gmt":"2020-11-09T11:41:42","guid":{"rendered":"https:\/\/www.accuratereviews.com\/?page_id=32085"},"modified":"2020-11-09T11:41:42","modified_gmt":"2020-11-09T11:41:42","slug":"fluentstream-recensione","status":"publish","type":"page","link":"https:\/\/www.accuratereviews.com\/it\/fluentstream-recensione\/","title":{"rendered":"FluentStream"},"content":{"rendered":"<p><strong>FluentStream<\/strong> \u00e8 una<strong> soluzione telefonica aziendale<\/strong> progettata per aziende di tutte le dimensioni. Offre funzionalit\u00e0 di monitoraggio delle chiamate, telemarketing, IVR e reporting all&#8217;interno di una suite integrata. La soluzione \u00e8 disponibile sia in opzioni di distribuzione basate su cloud che in locale. La funzionalit\u00e0 di assistente automatico all&#8217;interno di <strong>FluentStream<\/strong> consente agli utenti di registrare i messaggi di saluto delle chiamate e riprodurli. Questa funzione \u00e8 un receptionist virtuale e indirizza le chiamate direttamente alle informazioni, al team o ai singoli, secondo la loro richiesta. Le caratteristiche conference bridge del software viene fornita con una sala riunioni virtuale in cui un numero qualsiasi di utenti pu\u00f2 chiamare e partecipare alle riunioni. Gli utenti possono anche registrare le loro riunioni e le chiamate dei clienti e utilizzarle per la formazione, il riferimento e la valutazione della qualit\u00e0.<\/p>\n<h2>FLUENTSTREAM &#8211; TUTORIAL<\/h2>\n<p>Guardiamo come \u00e8 semplice configurare ClicktoCall:<\/p>\n<div id=\"fluid-wrapper-counter-1\" class=\"g1-fluid-wrapper \" style=\"width:686px;\">\n<div style=\"padding-bottom:56.268221574344%;\"><iframe loading=\"lazy\" title=\"FluentStream: How to Setup ClicktoCall+\" width=\"686\" height=\"386\" src=\"https:\/\/www.youtube.com\/embed\/G55YWdCIha8?feature=oembed&amp;wmode=transparent&amp;autohide=1&amp;autoplay=0&amp;disablekb=0&amp;fs=1&amp;loop=0&amp;enablejsapi=1&amp;rel=0&amp;controls=2&amp;showinfo=0&amp;wmode=transparent&amp;autohide=2&amp;autoplay=0&amp;disablekb=0&amp;fs=1&amp;loop=0&amp;enablejsapi=1&amp;rel=0&amp;controls=2&amp;showinfo=1\" frameborder=\"0\" allow=\"accelerometer; autoplay; clipboard-write; encrypted-media; gyroscope; picture-in-picture\" allowfullscreen><\/iframe><\/div>\n<\/div>\n<h3>FLUENTSTREAM &#8211; CARATTERISTICHE<\/h3>\n<ul>\n<li><strong>Cloud calling<\/strong>: estensione di Chrome che si integra con il tuo numero di questo programma in modo da poter aumentare il volume delle chiamate e ottimizzare l&#8217;efficienza<\/li>\n<li><strong>Amministrazione del sistema<\/strong>: strumento di gestione del sistema telefonico live che consente di monitorare e trasferire le chiamate con una semplice interfaccia drag-and-drop<\/li>\n<li><strong>Analitica<\/strong>: r<span class=\"JLqJ4b\" data-language-for-alternatives=\"it\" data-language-to-translate-into=\"en\" data-phrase-index=\"3\"><span class=\"JLqJ4b ChMk0b\" data-language-for-alternatives=\"it\" data-language-to-translate-into=\"en\" data-phrase-index=\"4\">eport dettagliato sul tuo portale web per ottenere informazioni come cronologia delle interazioni, tempi di risposta e statistiche individuali<\/span><\/span><\/li>\n<li><strong>App mobile:<\/strong><span class=\"JLqJ4b\" data-language-for-alternatives=\"it\" data-language-to-translate-into=\"en\" data-phrase-index=\"3\">\u00a0a<span class=\"JLqJ4b ChMk0b\" data-language-for-alternatives=\"it\" data-language-to-translate-into=\"en\" data-phrase-index=\"4\">ccedi al tuo interno ovunque tramite applicazioni Android e iOS per chiamate vocali, SMS e gestione della segreteria<\/span><\/span><\/li>\n<li><strong>Incontri video conferenze<\/strong>:<span class=\"JLqJ4b\" data-language-for-alternatives=\"it\" data-language-to-translate-into=\"en\" data-phrase-index=\"3\">\u00a0s<span class=\"JLqJ4b ChMk0b\" data-language-for-alternatives=\"it\" data-language-to-translate-into=\"en\" data-phrase-index=\"4\">oluzione di videoconferenza che consente di ospitare riunioni faccia a faccia e condividere schermi di computer<\/span><\/span><\/li>\n<li><strong>Routing di emergenza<\/strong>:<span class=\"JLqJ4b\" data-language-for-alternatives=\"it\" data-language-to-translate-into=\"en\" data-phrase-index=\"3\">\u00a0s<span class=\"JLqJ4b ChMk0b\" data-language-for-alternatives=\"it\" data-language-to-translate-into=\"en\" data-phrase-index=\"4\">e si verifica un problema con il server o se tutti i dispositivi in una posizione specifica si interrompono, seguiranno chiamate di routing alternativo<\/span><\/span><\/li>\n<\/ul>\n<h4>LE RECENSIONI DEGLI UTENTI<\/h4>\n<h4 class=\"font-weight-bold mb-1 d-flex align-items-center\">John J.&#8221;Un nuovo provider VOIP che dar\u00e0 filo da torcere ai grandi nomi !!!&#8221;<\/h4>\n<p><strong>Commenti: <\/strong>\u00c8 stato straordinario di livello mondiale dal processo di vendita, all&#8217;onboarding, all&#8217;uso quotidiano.<\/p>\n<p><strong>Vantaggi: <\/strong>Il software \u00e8 abbastanza semplice come la maggior parte dei sistemi VOIP. Potrebbe non essere appariscente come Vonage, RingCentral o 8&#215;8, ma \u00e8 un ottimo prezzo e il team di assistenza clienti \u00e8 stato INCREDIBILE sia per la selezione, l&#8217;implementazione e l&#8217;uso continuo.<\/p>\n<p><strong>Inconvenienti: <\/strong>Niente. Alcune cose sono un po &#8216;pi\u00f9 difficili da trovare rispetto ai sistemi pi\u00f9 grandi perch\u00e9 sono un nuovo fornitore. Ma aggiornano costantemente e rendono il sistema pi\u00f9 facile da usare.<\/p>\n<h4 class=\"font-weight-bold mb-1 d-flex align-items-center\">Jimmy G.&#8221;Lexus dei servizi VOIP&#8221;<\/h4>\n<p><strong>Vantaggi: <\/strong>Ho avuto due linee con Fluentstream in diversi momenti, ma ho dovuto cancellarle perch\u00e9 la mia azienda non utilizzava molto le linee gratuite. Il servizio \u00e8 stato FANTASTICO in tutto e per tutto e non ho altro che lodi per questi ragazzi. Ho usato un sacco di servizi VOIP ma Fluentstream \u00e8 davvero roba di livello aziendale e non funziona con il mouse come alcuni degli altri giocatori. Ero davvero dispiaciuto di annullare, ma se avessi bisogno di un servizio come il loro in futuro, tornerei persino nei miei sogni &#8230;<\/p>\n<p><strong>Inconvenienti: <\/strong>Non sono sicuro che questo sia stato il loro porting difettoso, ma la data di porting del mio numero era di 2 settimane dal giorno dell&#8217;iscrizione, mentre erano solo pochi giorni per Twilio quando l&#8217;ho portato indietro. Non \u00e8 un grosso problema per me comunque &#8230;<\/p>\n<h4 class=\"font-weight-bold mb-1 d-flex align-items-center\">Rick G.&#8221;Servizio fantastico!&#8221;<\/h4>\n<p><strong>Commenti: <\/strong>Sono un cliente da anni e fanno un lavoro fantastico. Puoi essere sicuro che se non riesci a trovare la risposta da solo, puoi semplicemente saltare su una chat con il supporto tecnico e lavoreranno immediatamente con te per trovare una soluzione senza indugio.<\/p>\n<p><strong>Vantaggi: <\/strong>il software presenta un&#8217;interfaccia utente incredibilmente intuitiva<\/p>\n<p><strong>Inconvenienti: <\/strong>non c&#8217;\u00e8 molto di cui lamentarsi anche se a volte \u00e8 fonte di confusione perch\u00e9 per alcuni elementi ci sono pi\u00f9 modi per configurare lo stesso risultato, anche se questa \u00e8 davvero una funzionalit\u00e0 e fa risparmiare tempo in altre occasioni.<\/p>\n","protected":false},"excerpt":{"rendered":"<p>FluentStream \u00e8 una soluzione telefonica aziendale progettata per aziende di tutte le dimensioni. Offre funzionalit\u00e0 di monitoraggio delle chiamate, telemarketing, IVR e reporting all&#8217;interno di una suite integrata. La soluzione \u00e8 disponibile sia in opzioni di distribuzione basate su cloud che in locale.<\/p>\n","protected":false},"author":19,"featured_media":32079,"parent":0,"menu_order":0,"comment_status":"open","ping_status":"closed","template":"g1_template_page_review_new.php","meta":{"_acf_changed":false,"cwp_meta_box_check":"Yes","cwp_rev_product_name":"","cwp_rev_product_image":"","wppr_links":[],"cwp_rev_price":"","wppr_options":[],"wppr_pros":[],"wppr_cons":[],"_monsterinsights_skip_tracking":false,"_monsterinsights_sitenote_active":false,"_monsterinsights_sitenote_note":"","_monsterinsights_sitenote_category":0,"footnotes":""},"categories":[4108],"tags":[4130,4116,4120,4119,4117,4118],"features":[],"class_list":{"0":"post-32085","1":"page","2":"type-page","3":"status-publish","4":"has-post-thumbnail","6":"category-gestionale-per-la-contabilizzazione-delle-chiamate-cat","7":"tag-fluentstream","8":"tag-gestionale-per-la-contabilizzazione-delle-chiamate","9":"tag-piattaforma-gestionale-per-la-contabilizzazione-delle-chiamate","10":"tag-programma-gestionale-per-la-contabilizzazione-delle-chiamate","11":"tag-software-gestionale-per-la-contabilizzazione-delle-chiamate","12":"tag-soluzione-gestionale-per-la-contabilizzazione-delle-chiamate"},"wppr_data":{"cwp_meta_box_check":"Yes","cwp_rev_product_name":"","cwp_rev_product_image":"","cwp_image_link":"image","cwp_rev_price":"","wppr_rating":"0.00"},"acf":[],"yoast_head":"<!-- This site is optimized with the Yoast SEO plugin v27.4 - https:\/\/yoast.com\/product\/yoast-seo-wordpress\/ -->\n<title>FluentStream: recensione gestionale chiamate - Accurate Reviews<\/title>\n<meta name=\"description\" content=\"FluentStream: recensione soluzione telefonica aziendale progettata per aziende di tutte le dimensioni e di qualsiasi genere.\" \/>\n<meta name=\"robots\" content=\"index, follow, max-snippet:-1, max-image-preview:large, max-video-preview:-1\" \/>\n<link rel=\"canonical\" href=\"https:\/\/www.accuratereviews.com\/it\/fluentstream-recensione\/\" \/>\n<meta property=\"og:locale\" content=\"it_IT\" \/>\n<meta property=\"og:type\" content=\"article\" \/>\n<meta property=\"og:title\" content=\"FluentStream: recensione gestionale chiamate - Accurate Reviews\" \/>\n<meta property=\"og:description\" content=\"FluentStream: recensione soluzione telefonica aziendale progettata per aziende di tutte le dimensioni e di qualsiasi genere.\" \/>\n<meta property=\"og:url\" content=\"https:\/\/www.accuratereviews.com\/it\/fluentstream-recensione\/\" \/>\n<meta property=\"og:site_name\" content=\"Accurate Reviews\" \/>\n<meta property=\"og:image\" content=\"https:\/\/www.accuratereviews.com\/wp-content\/uploads\/2020\/11\/FluentStream2.gif\" \/>\n\t<meta property=\"og:image:width\" content=\"600\" \/>\n\t<meta property=\"og:image:height\" content=\"315\" \/>\n\t<meta property=\"og:image:type\" content=\"image\/gif\" \/>\n<meta name=\"twitter:card\" content=\"summary_large_image\" \/>\n<meta name=\"twitter:label1\" content=\"Tempo di lettura stimato\" \/>\n\t<meta name=\"twitter:data1\" content=\"3 minuti\" \/>\n<script type=\"application\/ld+json\" class=\"yoast-schema-graph\">{\"@context\":\"https:\\\/\\\/schema.org\",\"@graph\":[{\"@type\":\"WebPage\",\"@id\":\"https:\\\/\\\/www.accuratereviews.com\\\/it\\\/fluentstream-recensione\\\/\",\"url\":\"https:\\\/\\\/www.accuratereviews.com\\\/it\\\/fluentstream-recensione\\\/\",\"name\":\"FluentStream: recensione gestionale chiamate - Accurate Reviews\",\"isPartOf\":{\"@id\":\"https:\\\/\\\/www.accuratereviews.com\\\/it\\\/#website\"},\"primaryImageOfPage\":{\"@id\":\"https:\\\/\\\/www.accuratereviews.com\\\/it\\\/fluentstream-recensione\\\/#primaryimage\"},\"image\":{\"@id\":\"https:\\\/\\\/www.accuratereviews.com\\\/it\\\/fluentstream-recensione\\\/#primaryimage\"},\"thumbnailUrl\":\"https:\\\/\\\/www.accuratereviews.com\\\/wp-content\\\/uploads\\\/2020\\\/11\\\/FluentStream2.gif\",\"datePublished\":\"2020-11-09T11:41:42+00:00\",\"description\":\"FluentStream: recensione soluzione telefonica aziendale progettata per aziende di tutte le dimensioni e di qualsiasi genere.\",\"breadcrumb\":{\"@id\":\"https:\\\/\\\/www.accuratereviews.com\\\/it\\\/fluentstream-recensione\\\/#breadcrumb\"},\"inLanguage\":\"it-IT\",\"potentialAction\":[{\"@type\":\"ReadAction\",\"target\":[\"https:\\\/\\\/www.accuratereviews.com\\\/it\\\/fluentstream-recensione\\\/\"]}]},{\"@type\":\"ImageObject\",\"inLanguage\":\"it-IT\",\"@id\":\"https:\\\/\\\/www.accuratereviews.com\\\/it\\\/fluentstream-recensione\\\/#primaryimage\",\"url\":\"https:\\\/\\\/www.accuratereviews.com\\\/wp-content\\\/uploads\\\/2020\\\/11\\\/FluentStream2.gif\",\"contentUrl\":\"https:\\\/\\\/www.accuratereviews.com\\\/wp-content\\\/uploads\\\/2020\\\/11\\\/FluentStream2.gif\",\"width\":600,\"height\":315},{\"@type\":\"BreadcrumbList\",\"@id\":\"https:\\\/\\\/www.accuratereviews.com\\\/it\\\/fluentstream-recensione\\\/#breadcrumb\",\"itemListElement\":[{\"@type\":\"ListItem\",\"position\":1,\"name\":\"Home\",\"item\":\"https:\\\/\\\/www.accuratereviews.com\\\/it\\\/\"},{\"@type\":\"ListItem\",\"position\":2,\"name\":\"FluentStream\"}]},{\"@type\":\"WebSite\",\"@id\":\"https:\\\/\\\/www.accuratereviews.com\\\/it\\\/#website\",\"url\":\"https:\\\/\\\/www.accuratereviews.com\\\/it\\\/\",\"name\":\"Accurate Reviews\",\"description\":\"\",\"potentialAction\":[{\"@type\":\"SearchAction\",\"target\":{\"@type\":\"EntryPoint\",\"urlTemplate\":\"https:\\\/\\\/www.accuratereviews.com\\\/it\\\/?s={search_term_string}\"},\"query-input\":{\"@type\":\"PropertyValueSpecification\",\"valueRequired\":true,\"valueName\":\"search_term_string\"}}],\"inLanguage\":\"it-IT\"}]}<\/script>\n<!-- \/ Yoast SEO plugin. -->","yoast_head_json":{"title":"FluentStream: recensione gestionale chiamate - Accurate Reviews","description":"FluentStream: recensione soluzione telefonica aziendale progettata per aziende di tutte le dimensioni e di qualsiasi genere.","robots":{"index":"index","follow":"follow","max-snippet":"max-snippet:-1","max-image-preview":"max-image-preview:large","max-video-preview":"max-video-preview:-1"},"canonical":"https:\/\/www.accuratereviews.com\/it\/fluentstream-recensione\/","og_locale":"it_IT","og_type":"article","og_title":"FluentStream: recensione gestionale chiamate - Accurate Reviews","og_description":"FluentStream: recensione soluzione telefonica aziendale progettata per aziende di tutte le dimensioni e di qualsiasi genere.","og_url":"https:\/\/www.accuratereviews.com\/it\/fluentstream-recensione\/","og_site_name":"Accurate Reviews","og_image":[{"width":600,"height":315,"url":"https:\/\/www.accuratereviews.com\/wp-content\/uploads\/2020\/11\/FluentStream2.gif","type":"image\/gif"}],"twitter_card":"summary_large_image","twitter_misc":{"Tempo di lettura stimato":"3 minuti"},"schema":{"@context":"https:\/\/schema.org","@graph":[{"@type":"WebPage","@id":"https:\/\/www.accuratereviews.com\/it\/fluentstream-recensione\/","url":"https:\/\/www.accuratereviews.com\/it\/fluentstream-recensione\/","name":"FluentStream: recensione gestionale chiamate - Accurate Reviews","isPartOf":{"@id":"https:\/\/www.accuratereviews.com\/it\/#website"},"primaryImageOfPage":{"@id":"https:\/\/www.accuratereviews.com\/it\/fluentstream-recensione\/#primaryimage"},"image":{"@id":"https:\/\/www.accuratereviews.com\/it\/fluentstream-recensione\/#primaryimage"},"thumbnailUrl":"https:\/\/www.accuratereviews.com\/wp-content\/uploads\/2020\/11\/FluentStream2.gif","datePublished":"2020-11-09T11:41:42+00:00","description":"FluentStream: recensione soluzione telefonica aziendale progettata per aziende di tutte le dimensioni e di qualsiasi genere.","breadcrumb":{"@id":"https:\/\/www.accuratereviews.com\/it\/fluentstream-recensione\/#breadcrumb"},"inLanguage":"it-IT","potentialAction":[{"@type":"ReadAction","target":["https:\/\/www.accuratereviews.com\/it\/fluentstream-recensione\/"]}]},{"@type":"ImageObject","inLanguage":"it-IT","@id":"https:\/\/www.accuratereviews.com\/it\/fluentstream-recensione\/#primaryimage","url":"https:\/\/www.accuratereviews.com\/wp-content\/uploads\/2020\/11\/FluentStream2.gif","contentUrl":"https:\/\/www.accuratereviews.com\/wp-content\/uploads\/2020\/11\/FluentStream2.gif","width":600,"height":315},{"@type":"BreadcrumbList","@id":"https:\/\/www.accuratereviews.com\/it\/fluentstream-recensione\/#breadcrumb","itemListElement":[{"@type":"ListItem","position":1,"name":"Home","item":"https:\/\/www.accuratereviews.com\/it\/"},{"@type":"ListItem","position":2,"name":"FluentStream"}]},{"@type":"WebSite","@id":"https:\/\/www.accuratereviews.com\/it\/#website","url":"https:\/\/www.accuratereviews.com\/it\/","name":"Accurate Reviews","description":"","potentialAction":[{"@type":"SearchAction","target":{"@type":"EntryPoint","urlTemplate":"https:\/\/www.accuratereviews.com\/it\/?s={search_term_string}"},"query-input":{"@type":"PropertyValueSpecification","valueRequired":true,"valueName":"search_term_string"}}],"inLanguage":"it-IT"}]}},"_links":{"self":[{"href":"https:\/\/www.accuratereviews.com\/it\/wp-json\/wp\/v2\/pages\/32085","targetHints":{"allow":["GET"]}}],"collection":[{"href":"https:\/\/www.accuratereviews.com\/it\/wp-json\/wp\/v2\/pages"}],"about":[{"href":"https:\/\/www.accuratereviews.com\/it\/wp-json\/wp\/v2\/types\/page"}],"author":[{"embeddable":true,"href":"https:\/\/www.accuratereviews.com\/it\/wp-json\/wp\/v2\/users\/19"}],"replies":[{"embeddable":true,"href":"https:\/\/www.accuratereviews.com\/it\/wp-json\/wp\/v2\/comments?post=32085"}],"version-history":[{"count":5,"href":"https:\/\/www.accuratereviews.com\/it\/wp-json\/wp\/v2\/pages\/32085\/revisions"}],"predecessor-version":[{"id":32094,"href":"https:\/\/www.accuratereviews.com\/it\/wp-json\/wp\/v2\/pages\/32085\/revisions\/32094"}],"wp:featuredmedia":[{"embeddable":true,"href":"https:\/\/www.accuratereviews.com\/it\/wp-json\/wp\/v2\/media\/32079"}],"wp:attachment":[{"href":"https:\/\/www.accuratereviews.com\/it\/wp-json\/wp\/v2\/media?parent=32085"}],"wp:term":[{"taxonomy":"category","embeddable":true,"href":"https:\/\/www.accuratereviews.com\/it\/wp-json\/wp\/v2\/categories?post=32085"},{"taxonomy":"post_tag","embeddable":true,"href":"https:\/\/www.accuratereviews.com\/it\/wp-json\/wp\/v2\/tags?post=32085"},{"taxonomy":"features","embeddable":true,"href":"https:\/\/www.accuratereviews.com\/it\/wp-json\/wp\/v2\/features?post=32085"}],"curies":[{"name":"wp","href":"https:\/\/api.w.org\/{rel}","templated":true}]}}