{"id":32220,"date":"2020-11-11T11:14:50","date_gmt":"2020-11-11T11:14:50","guid":{"rendered":"https:\/\/www.accuratereviews.com\/?page_id=32220"},"modified":"2020-11-11T11:14:50","modified_gmt":"2020-11-11T11:14:50","slug":"sales-sling-recensione","status":"publish","type":"page","link":"https:\/\/www.accuratereviews.com\/it\/sales-sling-recensione\/","title":{"rendered":"Sales Sling"},"content":{"rendered":"<p><strong>Sales Sling<\/strong> \u00e8 un dialer basato su <strong>cloud<\/strong> e una piattaforma di gestione dei lead per i team di vendita che offre strumenti per convertire i lead in vendite, amministrare le pipeline di vendita, <strong>effettuare chiamate in uscita<\/strong> utilizzando la funzione di composizione automatica, tracciare e registrare le chiamate in entrata e in uscita, gestire le prestazioni dei dipendenti e altro ancora. Gli strumenti di gamification, come le classifiche degli agenti, aiutano a incoraggiare gli agenti a migliorare per raggiungere gli obiettivi. Gli agenti possono essere classificati in base al numero di vendite chiuse, al numero di chiamate, al rapporto di conversione o ad altre misure personalizzate. Con Sales Sling, i team di vendita possono realizzare campagne e utilizzare il telefono web integrato per effettuare e ricevere chiamate direttamente all&#8217;interno del sistema.<\/p>\n<h2><a href=\"https:\/\/www.accuratereviews.com\/wp-content\/uploads\/2020\/11\/Schermata-2020-11-11-alle-10.14.41.png\"><img loading=\"lazy\" decoding=\"async\" class=\"alignnone size-full wp-image-32230\" src=\"https:\/\/www.accuratereviews.com\/wp-content\/uploads\/2020\/11\/Schermata-2020-11-11-alle-10.14.41.png\" alt=\"\" width=\"1674\" height=\"1122\" srcset=\"https:\/\/www.accuratereviews.com\/wp-content\/uploads\/2020\/11\/Schermata-2020-11-11-alle-10.14.41.png 1674w, https:\/\/www.accuratereviews.com\/wp-content\/uploads\/2020\/11\/Schermata-2020-11-11-alle-10.14.41-300x201.png 300w, https:\/\/www.accuratereviews.com\/wp-content\/uploads\/2020\/11\/Schermata-2020-11-11-alle-10.14.41-1024x686.png 1024w, https:\/\/www.accuratereviews.com\/wp-content\/uploads\/2020\/11\/Schermata-2020-11-11-alle-10.14.41-768x515.png 768w, https:\/\/www.accuratereviews.com\/wp-content\/uploads\/2020\/11\/Schermata-2020-11-11-alle-10.14.41-1536x1030.png 1536w, https:\/\/www.accuratereviews.com\/wp-content\/uploads\/2020\/11\/Schermata-2020-11-11-alle-10.14.41-186x125.png 186w, https:\/\/www.accuratereviews.com\/wp-content\/uploads\/2020\/11\/Schermata-2020-11-11-alle-10.14.41-50x34.png 50w, https:\/\/www.accuratereviews.com\/wp-content\/uploads\/2020\/11\/Schermata-2020-11-11-alle-10.14.41-968x649.png 968w, https:\/\/www.accuratereviews.com\/wp-content\/uploads\/2020\/11\/Schermata-2020-11-11-alle-10.14.41-636x426.png 636w, https:\/\/www.accuratereviews.com\/wp-content\/uploads\/2020\/11\/Schermata-2020-11-11-alle-10.14.41-320x214.png 320w, https:\/\/www.accuratereviews.com\/wp-content\/uploads\/2020\/11\/Schermata-2020-11-11-alle-10.14.41-239x160.png 239w\" sizes=\"auto, (max-width: 1674px) 100vw, 1674px\" \/><\/a><\/h2>\n<h2>SALES SLING &#8211; CARATTERISTICHE<\/h2>\n<ul>\n<li><span class=\"JLqJ4b ChMk0b\" data-language-for-alternatives=\"it\" data-language-to-translate-into=\"en\" data-phrase-index=\"22\"><strong>Registrazione delle chiamate<\/strong>: ogni chiamata effettuata viene automaticamente registrata e archiviata nel cloud all&#8217;interno del sistema di gestione dei lead. Le chiamate possono essere ricercate tramite le funzioni di reportistica e cronologia delle chiamate degli agenti, in modo da avere la possibilit\u00e0 di trovare, scaricare o contrassegnare facilmente una chiamata e condividerla con l&#8217;agente o altri membri del team per il coaching o la revisione<\/span><\/li>\n<li><strong>Disposizioni intelligenti:<\/strong> integrato nel flusso di lavoro della chiamata, il monitoraggio dei risultati diventer\u00e0 una seconda natura intuitiva per i tuoi agenti. <span class=\"JLqJ4b ChMk0b\" data-language-for-alternatives=\"it\" data-language-to-translate-into=\"en\" data-phrase-index=\"1\">I pulsanti di disposizione predeterminati sono incorporati nella dashboard del call center e alla fine di una chiamata il tuo agente deve semplicemente fare clic su un risultato e un contatto si sposter\u00e0 nel bucket appropriato della tua pipeline di vendita<\/span><\/li>\n<li><strong>Dialer predittivo<\/strong>: riduci i tempi di inattivit\u00e0 e aumenta il tempo di conversazione con il nostro dialer predittivo intelligente<\/li>\n<li><span class=\"VIiyi\" lang=\"it\"><span class=\"JLqJ4b ChMk0b\" data-language-for-alternatives=\"it\" data-language-to-translate-into=\"en\" data-phrase-index=\"0\"><strong>Scalabile<\/strong>: il cloud ti consente di aumentare o diminuire facilmente la tua forza lavoro man mano che la tua domanda cambia di mese in mese<\/span><\/span><\/li>\n<li><strong>Reporting sulle chiamate<\/strong>: il software offre un set completo di report personalizzabili che possono essere generati con il clic di un pulsante, nonch\u00e9 la visualizzazione di dashboard in tempo reale, il numero di chiamate effettuate da ciascun agente, quando sono state la prima e l&#8217;ultima chiamata e quante conversioni <span class=\"JLqJ4b ChMk0b\" data-language-for-alternatives=\"it\" data-language-to-translate-into=\"en\" data-phrase-index=\"1\">essi hanno avuto<\/span><\/li>\n<\/ul>\n<h3>LE RECENSIONI DEGLI UTENTI<\/h3>\n<h4 class=\"font-weight-bold mb-1 d-flex align-items-center\">Nick H.&#8221;Finora \u00e8 stata una bella corsa &#8230;.&#8221;<\/h4>\n<p><strong>Commenti: <\/strong>Usiamo Sales Sling per un dialer e CRM. Ha funzionato benissimo per entrambi.<\/p>\n<p><strong>Vantaggi: <\/strong>Adoro quanto sia versatile il software. Tutte le chiamate vengono registrate e catalogate con i contatti corretti.<\/p>\n<p><strong>Inconvenienti: <\/strong>Che pu\u00f2 essere utilizzato solo come dialer durante l&#8217;utilizzo di Google Chrome e non pu\u00f2 essere utilizzato su dispositivi mobili.<\/p>\n<h4>Steven G.&#8221;SalesSling per la nostra azienda&#8221;<\/h4>\n<p><strong>Commenti: <\/strong>Non abbiamo mai avuto un software tutto in uno cos\u00ec buono che fondamentalmente gestisca il nostro call center. La sua facilit\u00e0 pu\u00f2 essere insegnata a chiunque ed \u00e8 fantastico che possiamo monitorare e intervenire anche sulle chiamate direttamente dalla nostra scrivania. Il servizio clienti \u00e8 impeccabile. Sanno e ottengono ticket di supporto super veloci. Sono anche sempre al top sugli aggiornamenti e sanno cosa c&#8217;\u00e8 che non va non appena si verifica.<\/p>\n<p><strong>Vantaggi: <\/strong>la funzionalit\u00e0 e la facilit\u00e0 d&#8217;uso sono incredibili, anche se potrebbe essere cos\u00ec facile. Il monitoraggio \u00e8 probabilmente il migliore per\u00f2.<\/p>\n<p><strong>Inconvenienti: <\/strong>Non credo che ci siano contro. l&#8217;unica cosa che non mi piace \u00e8 che quando hai due finestre aperte non ti permette di usare lo softphone. Quindi devi chiudere le finestre, premere MAIUSC + F5 e accedere nuovamente.<\/p>\n<h4 class=\"font-weight-bold mb-1 d-flex align-items-center\">Scott B.&#8221;Software facile da usare&#8221;<\/h4>\n<p><strong>Commenti: <\/strong>Uso questo software da quando \u00e8 stato rilasciato. Molto pi\u00f9 facile da usare quindi forza vendita. Mi piace davvero che abbia un telefono integrato e possa essere utilizzato come dialer.<\/p>\n<p><strong>Vantaggi: <\/strong>Completamente personalizzabile per ogni utente. Facile da navigare. Calendario completo con promemoria degli appuntamenti. \u00c8 un completo Dialer, CRM e sistema di tracciamento dei candidati.<\/p>\n<p><strong>Inconvenienti: <\/strong>A volte, quando si lavora nella visualizzazione del bucket, non vengono salvate le impostazioni o i bucket aperti.<\/p>\n","protected":false},"excerpt":{"rendered":"<p>Sales Sling \u00e8 un dialer basato su cloud e una piattaforma di gestione dei lead per i team di vendita che offre strumenti per convertire i lead in vendite, amministrare le pipeline di vendita, effettuare chiamate in uscita utilizzando la funzione di composizione automatica, tracciare e registrare le chiamate in entrata e in uscita, gestire le prestazioni dei dipendenti e altro ancora.<\/p>\n","protected":false},"author":19,"featured_media":32224,"parent":0,"menu_order":0,"comment_status":"open","ping_status":"closed","template":"g1_template_page_review_new.php","meta":{"_acf_changed":false,"cwp_meta_box_check":"Yes","cwp_rev_product_name":"","cwp_rev_product_image":"","wppr_links":[],"cwp_rev_price":"","wppr_options":[],"wppr_pros":[],"wppr_cons":[],"_monsterinsights_skip_tracking":false,"_monsterinsights_sitenote_active":false,"_monsterinsights_sitenote_note":"","_monsterinsights_sitenote_category":0,"footnotes":""},"categories":[4108],"tags":[396,4116,4120,4119,4150,4117,4118],"features":[],"class_list":{"0":"post-32220","1":"page","2":"type-page","3":"status-publish","4":"has-post-thumbnail","6":"category-gestionale-per-la-contabilizzazione-delle-chiamate-cat","7":"tag-cloud","8":"tag-gestionale-per-la-contabilizzazione-delle-chiamate","9":"tag-piattaforma-gestionale-per-la-contabilizzazione-delle-chiamate","10":"tag-programma-gestionale-per-la-contabilizzazione-delle-chiamate","11":"tag-sales-sling","12":"tag-software-gestionale-per-la-contabilizzazione-delle-chiamate","13":"tag-soluzione-gestionale-per-la-contabilizzazione-delle-chiamate"},"wppr_data":{"cwp_meta_box_check":"Yes","cwp_rev_product_name":"","cwp_rev_product_image":"","cwp_image_link":"image","cwp_rev_price":"","wppr_rating":"0.00"},"acf":[],"yoast_head":"<!-- This site is optimized with the Yoast SEO plugin v27.4 - https:\/\/yoast.com\/product\/yoast-seo-wordpress\/ -->\n<title>Sales Sling: recensione software gestionale chiamate - Accurate Reviews<\/title>\n<meta name=\"description\" content=\"Sales Sling: recensione software gestionale delle chiamate basato su cloud per l&#039;amministrazione dei lead per i team di vendita.\" \/>\n<meta name=\"robots\" content=\"index, follow, max-snippet:-1, max-image-preview:large, max-video-preview:-1\" \/>\n<link rel=\"canonical\" href=\"https:\/\/www.accuratereviews.com\/it\/sales-sling-recensione\/\" \/>\n<meta property=\"og:locale\" content=\"it_IT\" \/>\n<meta property=\"og:type\" content=\"article\" \/>\n<meta property=\"og:title\" content=\"Sales Sling: recensione software gestionale chiamate - Accurate Reviews\" \/>\n<meta property=\"og:description\" content=\"Sales Sling: recensione software gestionale delle chiamate basato su cloud per l&#039;amministrazione dei lead per i team di vendita.\" \/>\n<meta property=\"og:url\" content=\"https:\/\/www.accuratereviews.com\/it\/sales-sling-recensione\/\" \/>\n<meta property=\"og:site_name\" content=\"Accurate Reviews\" \/>\n<meta property=\"og:image\" content=\"https:\/\/www.accuratereviews.com\/wp-content\/uploads\/2020\/11\/salessling..png\" \/>\n\t<meta property=\"og:image:width\" content=\"1052\" \/>\n\t<meta property=\"og:image:height\" content=\"1052\" \/>\n\t<meta property=\"og:image:type\" content=\"image\/png\" \/>\n<meta name=\"twitter:card\" content=\"summary_large_image\" \/>\n<meta name=\"twitter:label1\" content=\"Tempo di lettura stimato\" \/>\n\t<meta name=\"twitter:data1\" content=\"3 minuti\" \/>\n<script type=\"application\/ld+json\" class=\"yoast-schema-graph\">{\"@context\":\"https:\\\/\\\/schema.org\",\"@graph\":[{\"@type\":\"WebPage\",\"@id\":\"https:\\\/\\\/www.accuratereviews.com\\\/it\\\/sales-sling-recensione\\\/\",\"url\":\"https:\\\/\\\/www.accuratereviews.com\\\/it\\\/sales-sling-recensione\\\/\",\"name\":\"Sales Sling: recensione software gestionale chiamate - Accurate Reviews\",\"isPartOf\":{\"@id\":\"https:\\\/\\\/www.accuratereviews.com\\\/it\\\/#website\"},\"primaryImageOfPage\":{\"@id\":\"https:\\\/\\\/www.accuratereviews.com\\\/it\\\/sales-sling-recensione\\\/#primaryimage\"},\"image\":{\"@id\":\"https:\\\/\\\/www.accuratereviews.com\\\/it\\\/sales-sling-recensione\\\/#primaryimage\"},\"thumbnailUrl\":\"https:\\\/\\\/www.accuratereviews.com\\\/wp-content\\\/uploads\\\/2020\\\/11\\\/salessling..png\",\"datePublished\":\"2020-11-11T11:14:50+00:00\",\"description\":\"Sales Sling: recensione software gestionale delle chiamate basato su cloud per l'amministrazione dei lead per i team di vendita.\",\"breadcrumb\":{\"@id\":\"https:\\\/\\\/www.accuratereviews.com\\\/it\\\/sales-sling-recensione\\\/#breadcrumb\"},\"inLanguage\":\"it-IT\",\"potentialAction\":[{\"@type\":\"ReadAction\",\"target\":[\"https:\\\/\\\/www.accuratereviews.com\\\/it\\\/sales-sling-recensione\\\/\"]}]},{\"@type\":\"ImageObject\",\"inLanguage\":\"it-IT\",\"@id\":\"https:\\\/\\\/www.accuratereviews.com\\\/it\\\/sales-sling-recensione\\\/#primaryimage\",\"url\":\"https:\\\/\\\/www.accuratereviews.com\\\/wp-content\\\/uploads\\\/2020\\\/11\\\/salessling..png\",\"contentUrl\":\"https:\\\/\\\/www.accuratereviews.com\\\/wp-content\\\/uploads\\\/2020\\\/11\\\/salessling..png\",\"width\":1052,\"height\":1052},{\"@type\":\"BreadcrumbList\",\"@id\":\"https:\\\/\\\/www.accuratereviews.com\\\/it\\\/sales-sling-recensione\\\/#breadcrumb\",\"itemListElement\":[{\"@type\":\"ListItem\",\"position\":1,\"name\":\"Home\",\"item\":\"https:\\\/\\\/www.accuratereviews.com\\\/it\\\/\"},{\"@type\":\"ListItem\",\"position\":2,\"name\":\"Sales Sling\"}]},{\"@type\":\"WebSite\",\"@id\":\"https:\\\/\\\/www.accuratereviews.com\\\/it\\\/#website\",\"url\":\"https:\\\/\\\/www.accuratereviews.com\\\/it\\\/\",\"name\":\"Accurate Reviews\",\"description\":\"\",\"potentialAction\":[{\"@type\":\"SearchAction\",\"target\":{\"@type\":\"EntryPoint\",\"urlTemplate\":\"https:\\\/\\\/www.accuratereviews.com\\\/it\\\/?s={search_term_string}\"},\"query-input\":{\"@type\":\"PropertyValueSpecification\",\"valueRequired\":true,\"valueName\":\"search_term_string\"}}],\"inLanguage\":\"it-IT\"}]}<\/script>\n<!-- \/ Yoast SEO plugin. -->","yoast_head_json":{"title":"Sales Sling: recensione software gestionale chiamate - Accurate Reviews","description":"Sales Sling: recensione software gestionale delle chiamate basato su cloud per l'amministrazione dei lead per i team di vendita.","robots":{"index":"index","follow":"follow","max-snippet":"max-snippet:-1","max-image-preview":"max-image-preview:large","max-video-preview":"max-video-preview:-1"},"canonical":"https:\/\/www.accuratereviews.com\/it\/sales-sling-recensione\/","og_locale":"it_IT","og_type":"article","og_title":"Sales Sling: recensione software gestionale chiamate - Accurate Reviews","og_description":"Sales Sling: recensione software gestionale delle chiamate basato su cloud per l'amministrazione dei lead per i team di vendita.","og_url":"https:\/\/www.accuratereviews.com\/it\/sales-sling-recensione\/","og_site_name":"Accurate Reviews","og_image":[{"width":1052,"height":1052,"url":"https:\/\/www.accuratereviews.com\/wp-content\/uploads\/2020\/11\/salessling..png","type":"image\/png"}],"twitter_card":"summary_large_image","twitter_misc":{"Tempo di lettura stimato":"3 minuti"},"schema":{"@context":"https:\/\/schema.org","@graph":[{"@type":"WebPage","@id":"https:\/\/www.accuratereviews.com\/it\/sales-sling-recensione\/","url":"https:\/\/www.accuratereviews.com\/it\/sales-sling-recensione\/","name":"Sales Sling: recensione software gestionale chiamate - Accurate Reviews","isPartOf":{"@id":"https:\/\/www.accuratereviews.com\/it\/#website"},"primaryImageOfPage":{"@id":"https:\/\/www.accuratereviews.com\/it\/sales-sling-recensione\/#primaryimage"},"image":{"@id":"https:\/\/www.accuratereviews.com\/it\/sales-sling-recensione\/#primaryimage"},"thumbnailUrl":"https:\/\/www.accuratereviews.com\/wp-content\/uploads\/2020\/11\/salessling..png","datePublished":"2020-11-11T11:14:50+00:00","description":"Sales Sling: recensione software gestionale delle chiamate basato su cloud per l'amministrazione dei lead per i team di vendita.","breadcrumb":{"@id":"https:\/\/www.accuratereviews.com\/it\/sales-sling-recensione\/#breadcrumb"},"inLanguage":"it-IT","potentialAction":[{"@type":"ReadAction","target":["https:\/\/www.accuratereviews.com\/it\/sales-sling-recensione\/"]}]},{"@type":"ImageObject","inLanguage":"it-IT","@id":"https:\/\/www.accuratereviews.com\/it\/sales-sling-recensione\/#primaryimage","url":"https:\/\/www.accuratereviews.com\/wp-content\/uploads\/2020\/11\/salessling..png","contentUrl":"https:\/\/www.accuratereviews.com\/wp-content\/uploads\/2020\/11\/salessling..png","width":1052,"height":1052},{"@type":"BreadcrumbList","@id":"https:\/\/www.accuratereviews.com\/it\/sales-sling-recensione\/#breadcrumb","itemListElement":[{"@type":"ListItem","position":1,"name":"Home","item":"https:\/\/www.accuratereviews.com\/it\/"},{"@type":"ListItem","position":2,"name":"Sales Sling"}]},{"@type":"WebSite","@id":"https:\/\/www.accuratereviews.com\/it\/#website","url":"https:\/\/www.accuratereviews.com\/it\/","name":"Accurate Reviews","description":"","potentialAction":[{"@type":"SearchAction","target":{"@type":"EntryPoint","urlTemplate":"https:\/\/www.accuratereviews.com\/it\/?s={search_term_string}"},"query-input":{"@type":"PropertyValueSpecification","valueRequired":true,"valueName":"search_term_string"}}],"inLanguage":"it-IT"}]}},"_links":{"self":[{"href":"https:\/\/www.accuratereviews.com\/it\/wp-json\/wp\/v2\/pages\/32220","targetHints":{"allow":["GET"]}}],"collection":[{"href":"https:\/\/www.accuratereviews.com\/it\/wp-json\/wp\/v2\/pages"}],"about":[{"href":"https:\/\/www.accuratereviews.com\/it\/wp-json\/wp\/v2\/types\/page"}],"author":[{"embeddable":true,"href":"https:\/\/www.accuratereviews.com\/it\/wp-json\/wp\/v2\/users\/19"}],"replies":[{"embeddable":true,"href":"https:\/\/www.accuratereviews.com\/it\/wp-json\/wp\/v2\/comments?post=32220"}],"version-history":[{"count":6,"href":"https:\/\/www.accuratereviews.com\/it\/wp-json\/wp\/v2\/pages\/32220\/revisions"}],"predecessor-version":[{"id":32276,"href":"https:\/\/www.accuratereviews.com\/it\/wp-json\/wp\/v2\/pages\/32220\/revisions\/32276"}],"wp:featuredmedia":[{"embeddable":true,"href":"https:\/\/www.accuratereviews.com\/it\/wp-json\/wp\/v2\/media\/32224"}],"wp:attachment":[{"href":"https:\/\/www.accuratereviews.com\/it\/wp-json\/wp\/v2\/media?parent=32220"}],"wp:term":[{"taxonomy":"category","embeddable":true,"href":"https:\/\/www.accuratereviews.com\/it\/wp-json\/wp\/v2\/categories?post=32220"},{"taxonomy":"post_tag","embeddable":true,"href":"https:\/\/www.accuratereviews.com\/it\/wp-json\/wp\/v2\/tags?post=32220"},{"taxonomy":"features","embeddable":true,"href":"https:\/\/www.accuratereviews.com\/it\/wp-json\/wp\/v2\/features?post=32220"}],"curies":[{"name":"wp","href":"https:\/\/api.w.org\/{rel}","templated":true}]}}