{"id":32247,"date":"2020-11-11T11:12:08","date_gmt":"2020-11-11T11:12:08","guid":{"rendered":"https:\/\/www.accuratereviews.com\/?page_id=32247"},"modified":"2020-11-23T09:10:23","modified_gmt":"2020-11-23T09:10:23","slug":"exsight-call-accounting-recensione","status":"publish","type":"page","link":"https:\/\/www.accuratereviews.com\/it\/exsight-call-accounting-recensione\/","title":{"rendered":"eXsight Call Accounting"},"content":{"rendered":"<p><strong>eXsight<\/strong> <strong>Call Accounting<\/strong> \u00e8 un <strong>sistema di gestione delle spese<\/strong> di telecomunicazione che consente alle organizzazioni di ottenere visibilit\u00e0 e controllo su spese, risorse, utilizzo, servizi e politiche di sicurezza per le <strong>comunicazioni unificate<\/strong>. Il modulo di gestione degli acquisti della soluzione garantisce agli utenti che tutte le attivit\u00e0 siano gestite e controllate correttamente. Ogni ordine sar\u00e0 autorizzato, configurato e assegnato al piano tariffario appropriato, prima di essere segnalato alla parte interessata. Le funzionalit\u00e0 di gestione delle risorse garantiscono alle aziende un inventario accurato di tutte le risorse di telecomunicazione. Gli utenti sapranno dove si trovano le risorse, come vengono utilizzate e da chi. La gestione delle fatture di eXsight Call Accounting aiuta a ridurre i costi delle telecomunicazioni prevenendo eventuali spese eccessive dovute a errori di fatturazione e imprecisioni. Le funzionalit\u00e0 di gestione delle spese wireless aiutano le aziende a prendere il controllo del proprio ambiente wireless e dei costi complessivi.<\/p>\n<h2><a href=\"https:\/\/www.accuratereviews.com\/wp-content\/uploads\/2020\/11\/eXsight2.png\"><img loading=\"lazy\" decoding=\"async\" class=\"alignnone size-full wp-image-32252\" src=\"https:\/\/www.accuratereviews.com\/wp-content\/uploads\/2020\/11\/eXsight2.png\" alt=\"\" width=\"960\" height=\"757\" srcset=\"https:\/\/www.accuratereviews.com\/wp-content\/uploads\/2020\/11\/eXsight2.png 960w, https:\/\/www.accuratereviews.com\/wp-content\/uploads\/2020\/11\/eXsight2-300x237.png 300w, https:\/\/www.accuratereviews.com\/wp-content\/uploads\/2020\/11\/eXsight2-768x606.png 768w, https:\/\/www.accuratereviews.com\/wp-content\/uploads\/2020\/11\/eXsight2-159x125.png 159w, https:\/\/www.accuratereviews.com\/wp-content\/uploads\/2020\/11\/eXsight2-50x39.png 50w, https:\/\/www.accuratereviews.com\/wp-content\/uploads\/2020\/11\/eXsight2-636x502.png 636w, https:\/\/www.accuratereviews.com\/wp-content\/uploads\/2020\/11\/eXsight2-320x252.png 320w, https:\/\/www.accuratereviews.com\/wp-content\/uploads\/2020\/11\/eXsight2-239x188.png 239w\" sizes=\"auto, (max-width: 960px) 100vw, 960px\" \/><\/a><\/h2>\n<h2><strong>EXSIGHT CALL ACCOUNTING &#8211; CARATTERISTICHE<\/strong><\/h2>\n<ul>\n<li><strong>Multicanale<\/strong>: massimizza la produttivit\u00e0 dei tuoi agenti e coinvolgi i tuoi clienti con interazioni multicanale unificate: chiamate, email, chat e altro ancora<\/li>\n<li><strong>Visibilit\u00e0<\/strong>: gli strumenti di supervisione in tempo reale di Omnis, Dashboard Designer e strumento di reporting avanzato, forniscono visibilit\u00e0 in tempo reale su ogni aspetto dell&#8217;attivit\u00e0 del tuo contact center. Gli strumenti di report personalizzati e le metriche possono portare nuove informazioni alla tua azienda e una migliore comprensione della produttivit\u00e0 e dell&#8217;efficienza delle operazioni del tuo contact center<\/li>\n<li><strong>Canale aperto api<\/strong>: l&#8217;architettura Open API di Omnis consente l&#8217;integrazione di software, servizi e dispositivi di terze parti utilizzando l&#8217;interfaccia di amministrazione<\/li>\n<li><strong>Monitoraggio in tempo reale<\/strong>: utilizza i pannelli in tempo reale per monitorare le prestazioni del tuo agente e per apportare modifiche dinamiche in caso di necessit\u00e0 urgenti<\/li>\n<li><strong>Automazioni e trigger<\/strong>: fai in modo che le cose accadano automaticamente, secondo tempi e azioni definite in precedenza<\/li>\n<\/ul>\n<h3>LE RECENSIONI DEGLI UTENTI<\/h3>\n<h4 class=\"font-weight-bold mb-1 d-flex align-items-center\">James O.&#8221;Solido software di contabilit\u00e0 delle chiamate&#8221;<\/h4>\n<p><strong>Commenti: <\/strong>Usiamo MTS con il nostro sistema shoretel da circa 5 anni ed \u00e8 stato senza problemi. MTS \u00e8 fantastico con supporto e manutenzione. Sono in cima ai problemi prima che si presentino con una manutenzione costante. Il loro servizio clienti \u00e8 ben informato e veloce nel rispondere quando ho domande.<\/p>\n<p><strong>Vantaggi: <\/strong>\u00c8 una contabilit\u00e0 telefonica senza problemi. I rapporti sono ottimi e le informazioni possono essere ridimensionate in base a ci\u00f2 che il dipartimento vuole vedere.<\/p>\n<p><strong>Inconvenienti: <\/strong>Non c&#8217;\u00e8 davvero nulla di cui lamentarsi. Serve al suo scopo e lo fa bene. Il team di supporto \u00e8 eccellente. Ho difficolt\u00e0 a trovare degli aspetti negativi!<\/p>\n<h4 class=\"font-weight-bold mb-1 d-flex align-items-center\">Cynthia Y.&#8221;Fantastico prodotto&#8221;<\/h4>\n<p><strong>Commenti: <\/strong>Nel complesso, siamo molto soddisfatti della suite di prodotti TEM. Il software \u00e8 facile da usare quando si tratta di rivedere ed elaborare la fattura per l&#8217;esecuzione di report. Lo consiglio vivamente a qualsiasi azienda che provi a gestire la propria spesa per telecomunicazioni.<\/p>\n<p><strong>Vantaggi: <\/strong>Quanto \u00e8 facile da usare. In caso di problemi, l&#8217;assistenza clienti risponde rapidamente sapendo che ho delle scadenze.<\/p>\n<p><strong>Inconvenienti: <\/strong>Nessuno che mi viene in mente.<\/p>\n<h4 class=\"font-weight-bold mb-1 d-flex align-items-center\">Robert B.&#8221;Eccellente supporto e servizio&#8221;<\/h4>\n<p><strong>Commenti: <\/strong>Finora il supporto sul prodotto \u00e8 stato ottimo e ogni volta che sorgono domande o \u00e8 necessario supporto. \u00e8 fatto in modo tempestivo con tutte le spiegazioni fornite.<\/p>\n<p><strong>Vantaggi: <\/strong>Dashboard rende pi\u00f9 facile per l&#8217;utente finale trovare ci\u00f2 di cui ha bisogno.<\/p>\n<p><strong>Inconvenienti: <\/strong>La segnalazione potrebbe offrire di pi\u00f9 in termini di comprensione o facilit\u00e0 di memorizzazione.<\/p>\n","protected":false},"excerpt":{"rendered":"<p>eXsight Call Accounting \u00e8 un sistema di gestione delle spese di telecomunicazione che consente alle organizzazioni di ottenere visibilit\u00e0 e controllo su spese, risorse, utilizzo, servizi e politiche di sicurezza per le comunicazioni unificate. Il modulo di gestione degli acquisti della soluzione garantisce agli utenti che tutte le attivit\u00e0 siano gestite e controllate correttamente.<\/p>\n","protected":false},"author":19,"featured_media":32248,"parent":0,"menu_order":0,"comment_status":"open","ping_status":"closed","template":"g1_template_page_review_new.php","meta":{"_acf_changed":false,"cwp_meta_box_check":"Yes","cwp_rev_product_name":"","cwp_rev_product_image":"","wppr_links":[],"cwp_rev_price":"","wppr_options":[],"wppr_pros":[],"wppr_cons":[],"_monsterinsights_skip_tracking":false,"_monsterinsights_sitenote_active":false,"_monsterinsights_sitenote_note":"","_monsterinsights_sitenote_category":0,"footnotes":""},"categories":[4108],"tags":[4153,4116,4120,4119,4117,4118],"features":[],"class_list":{"0":"post-32247","1":"page","2":"type-page","3":"status-publish","4":"has-post-thumbnail","6":"category-gestionale-per-la-contabilizzazione-delle-chiamate-cat","7":"tag-exsight-call-accounting","8":"tag-gestionale-per-la-contabilizzazione-delle-chiamate","9":"tag-piattaforma-gestionale-per-la-contabilizzazione-delle-chiamate","10":"tag-programma-gestionale-per-la-contabilizzazione-delle-chiamate","11":"tag-software-gestionale-per-la-contabilizzazione-delle-chiamate","12":"tag-soluzione-gestionale-per-la-contabilizzazione-delle-chiamate"},"wppr_data":{"cwp_meta_box_check":"Yes","cwp_rev_product_name":"","cwp_rev_product_image":"","cwp_image_link":"image","cwp_rev_price":"","wppr_rating":"0.00"},"acf":[],"yoast_head":"<!-- This site is optimized with the Yoast SEO plugin v27.4 - https:\/\/yoast.com\/product\/yoast-seo-wordpress\/ -->\n<title>eXsight Call Accounting: recensione software gestionale Accurate Reviews<\/title>\n<meta name=\"description\" content=\"eXsight Call Accounting: recensone sistema di gestione delle spese di telecomunicazione che consente di tenere tutto sottocontrollo.\" \/>\n<meta name=\"robots\" content=\"index, follow, max-snippet:-1, max-image-preview:large, max-video-preview:-1\" \/>\n<link rel=\"canonical\" href=\"https:\/\/www.accuratereviews.com\/it\/exsight-call-accounting-recensione\/\" \/>\n<meta property=\"og:locale\" content=\"it_IT\" \/>\n<meta property=\"og:type\" content=\"article\" \/>\n<meta property=\"og:title\" content=\"eXsight Call Accounting: recensione software gestionale Accurate Reviews\" \/>\n<meta property=\"og:description\" content=\"eXsight Call Accounting: recensone sistema di gestione delle spese di telecomunicazione che consente di tenere tutto sottocontrollo.\" \/>\n<meta property=\"og:url\" content=\"https:\/\/www.accuratereviews.com\/it\/exsight-call-accounting-recensione\/\" \/>\n<meta property=\"og:site_name\" content=\"Accurate Reviews\" \/>\n<meta property=\"article:modified_time\" content=\"2020-11-23T09:10:23+00:00\" \/>\n<meta property=\"og:image\" content=\"https:\/\/www.accuratereviews.com\/wp-content\/uploads\/2020\/11\/eXsight.jpg\" \/>\n\t<meta property=\"og:image:width\" content=\"474\" \/>\n\t<meta property=\"og:image:height\" content=\"211\" \/>\n\t<meta property=\"og:image:type\" content=\"image\/jpeg\" \/>\n<meta name=\"twitter:card\" content=\"summary_large_image\" \/>\n<meta name=\"twitter:label1\" content=\"Tempo di lettura stimato\" \/>\n\t<meta name=\"twitter:data1\" content=\"3 minuti\" \/>\n<script type=\"application\/ld+json\" class=\"yoast-schema-graph\">{\"@context\":\"https:\\\/\\\/schema.org\",\"@graph\":[{\"@type\":\"WebPage\",\"@id\":\"https:\\\/\\\/www.accuratereviews.com\\\/it\\\/exsight-call-accounting-recensione\\\/\",\"url\":\"https:\\\/\\\/www.accuratereviews.com\\\/it\\\/exsight-call-accounting-recensione\\\/\",\"name\":\"eXsight Call Accounting: recensione software gestionale Accurate Reviews\",\"isPartOf\":{\"@id\":\"https:\\\/\\\/www.accuratereviews.com\\\/it\\\/#website\"},\"primaryImageOfPage\":{\"@id\":\"https:\\\/\\\/www.accuratereviews.com\\\/it\\\/exsight-call-accounting-recensione\\\/#primaryimage\"},\"image\":{\"@id\":\"https:\\\/\\\/www.accuratereviews.com\\\/it\\\/exsight-call-accounting-recensione\\\/#primaryimage\"},\"thumbnailUrl\":\"https:\\\/\\\/www.accuratereviews.com\\\/wp-content\\\/uploads\\\/2020\\\/11\\\/eXsight.jpg\",\"datePublished\":\"2020-11-11T11:12:08+00:00\",\"dateModified\":\"2020-11-23T09:10:23+00:00\",\"description\":\"eXsight Call Accounting: recensone sistema di gestione delle spese di telecomunicazione che consente di tenere tutto sottocontrollo.\",\"breadcrumb\":{\"@id\":\"https:\\\/\\\/www.accuratereviews.com\\\/it\\\/exsight-call-accounting-recensione\\\/#breadcrumb\"},\"inLanguage\":\"it-IT\",\"potentialAction\":[{\"@type\":\"ReadAction\",\"target\":[\"https:\\\/\\\/www.accuratereviews.com\\\/it\\\/exsight-call-accounting-recensione\\\/\"]}]},{\"@type\":\"ImageObject\",\"inLanguage\":\"it-IT\",\"@id\":\"https:\\\/\\\/www.accuratereviews.com\\\/it\\\/exsight-call-accounting-recensione\\\/#primaryimage\",\"url\":\"https:\\\/\\\/www.accuratereviews.com\\\/wp-content\\\/uploads\\\/2020\\\/11\\\/eXsight.jpg\",\"contentUrl\":\"https:\\\/\\\/www.accuratereviews.com\\\/wp-content\\\/uploads\\\/2020\\\/11\\\/eXsight.jpg\",\"width\":474,\"height\":211},{\"@type\":\"BreadcrumbList\",\"@id\":\"https:\\\/\\\/www.accuratereviews.com\\\/it\\\/exsight-call-accounting-recensione\\\/#breadcrumb\",\"itemListElement\":[{\"@type\":\"ListItem\",\"position\":1,\"name\":\"Home\",\"item\":\"https:\\\/\\\/www.accuratereviews.com\\\/it\\\/\"},{\"@type\":\"ListItem\",\"position\":2,\"name\":\"eXsight Call Accounting\"}]},{\"@type\":\"WebSite\",\"@id\":\"https:\\\/\\\/www.accuratereviews.com\\\/it\\\/#website\",\"url\":\"https:\\\/\\\/www.accuratereviews.com\\\/it\\\/\",\"name\":\"Accurate Reviews\",\"description\":\"\",\"potentialAction\":[{\"@type\":\"SearchAction\",\"target\":{\"@type\":\"EntryPoint\",\"urlTemplate\":\"https:\\\/\\\/www.accuratereviews.com\\\/it\\\/?s={search_term_string}\"},\"query-input\":{\"@type\":\"PropertyValueSpecification\",\"valueRequired\":true,\"valueName\":\"search_term_string\"}}],\"inLanguage\":\"it-IT\"}]}<\/script>\n<!-- \/ Yoast SEO plugin. -->","yoast_head_json":{"title":"eXsight Call Accounting: recensione software gestionale Accurate Reviews","description":"eXsight Call Accounting: recensone sistema di gestione delle spese di telecomunicazione che consente di tenere tutto sottocontrollo.","robots":{"index":"index","follow":"follow","max-snippet":"max-snippet:-1","max-image-preview":"max-image-preview:large","max-video-preview":"max-video-preview:-1"},"canonical":"https:\/\/www.accuratereviews.com\/it\/exsight-call-accounting-recensione\/","og_locale":"it_IT","og_type":"article","og_title":"eXsight Call Accounting: recensione software gestionale Accurate Reviews","og_description":"eXsight Call Accounting: recensone sistema di gestione delle spese di telecomunicazione che consente di tenere tutto sottocontrollo.","og_url":"https:\/\/www.accuratereviews.com\/it\/exsight-call-accounting-recensione\/","og_site_name":"Accurate Reviews","article_modified_time":"2020-11-23T09:10:23+00:00","og_image":[{"width":474,"height":211,"url":"https:\/\/www.accuratereviews.com\/wp-content\/uploads\/2020\/11\/eXsight.jpg","type":"image\/jpeg"}],"twitter_card":"summary_large_image","twitter_misc":{"Tempo di lettura stimato":"3 minuti"},"schema":{"@context":"https:\/\/schema.org","@graph":[{"@type":"WebPage","@id":"https:\/\/www.accuratereviews.com\/it\/exsight-call-accounting-recensione\/","url":"https:\/\/www.accuratereviews.com\/it\/exsight-call-accounting-recensione\/","name":"eXsight Call Accounting: recensione software gestionale Accurate Reviews","isPartOf":{"@id":"https:\/\/www.accuratereviews.com\/it\/#website"},"primaryImageOfPage":{"@id":"https:\/\/www.accuratereviews.com\/it\/exsight-call-accounting-recensione\/#primaryimage"},"image":{"@id":"https:\/\/www.accuratereviews.com\/it\/exsight-call-accounting-recensione\/#primaryimage"},"thumbnailUrl":"https:\/\/www.accuratereviews.com\/wp-content\/uploads\/2020\/11\/eXsight.jpg","datePublished":"2020-11-11T11:12:08+00:00","dateModified":"2020-11-23T09:10:23+00:00","description":"eXsight Call Accounting: recensone sistema di gestione delle spese di telecomunicazione che consente di tenere tutto sottocontrollo.","breadcrumb":{"@id":"https:\/\/www.accuratereviews.com\/it\/exsight-call-accounting-recensione\/#breadcrumb"},"inLanguage":"it-IT","potentialAction":[{"@type":"ReadAction","target":["https:\/\/www.accuratereviews.com\/it\/exsight-call-accounting-recensione\/"]}]},{"@type":"ImageObject","inLanguage":"it-IT","@id":"https:\/\/www.accuratereviews.com\/it\/exsight-call-accounting-recensione\/#primaryimage","url":"https:\/\/www.accuratereviews.com\/wp-content\/uploads\/2020\/11\/eXsight.jpg","contentUrl":"https:\/\/www.accuratereviews.com\/wp-content\/uploads\/2020\/11\/eXsight.jpg","width":474,"height":211},{"@type":"BreadcrumbList","@id":"https:\/\/www.accuratereviews.com\/it\/exsight-call-accounting-recensione\/#breadcrumb","itemListElement":[{"@type":"ListItem","position":1,"name":"Home","item":"https:\/\/www.accuratereviews.com\/it\/"},{"@type":"ListItem","position":2,"name":"eXsight Call Accounting"}]},{"@type":"WebSite","@id":"https:\/\/www.accuratereviews.com\/it\/#website","url":"https:\/\/www.accuratereviews.com\/it\/","name":"Accurate Reviews","description":"","potentialAction":[{"@type":"SearchAction","target":{"@type":"EntryPoint","urlTemplate":"https:\/\/www.accuratereviews.com\/it\/?s={search_term_string}"},"query-input":{"@type":"PropertyValueSpecification","valueRequired":true,"valueName":"search_term_string"}}],"inLanguage":"it-IT"}]}},"_links":{"self":[{"href":"https:\/\/www.accuratereviews.com\/it\/wp-json\/wp\/v2\/pages\/32247","targetHints":{"allow":["GET"]}}],"collection":[{"href":"https:\/\/www.accuratereviews.com\/it\/wp-json\/wp\/v2\/pages"}],"about":[{"href":"https:\/\/www.accuratereviews.com\/it\/wp-json\/wp\/v2\/types\/page"}],"author":[{"embeddable":true,"href":"https:\/\/www.accuratereviews.com\/it\/wp-json\/wp\/v2\/users\/19"}],"replies":[{"embeddable":true,"href":"https:\/\/www.accuratereviews.com\/it\/wp-json\/wp\/v2\/comments?post=32247"}],"version-history":[{"count":6,"href":"https:\/\/www.accuratereviews.com\/it\/wp-json\/wp\/v2\/pages\/32247\/revisions"}],"predecessor-version":[{"id":32801,"href":"https:\/\/www.accuratereviews.com\/it\/wp-json\/wp\/v2\/pages\/32247\/revisions\/32801"}],"wp:featuredmedia":[{"embeddable":true,"href":"https:\/\/www.accuratereviews.com\/it\/wp-json\/wp\/v2\/media\/32248"}],"wp:attachment":[{"href":"https:\/\/www.accuratereviews.com\/it\/wp-json\/wp\/v2\/media?parent=32247"}],"wp:term":[{"taxonomy":"category","embeddable":true,"href":"https:\/\/www.accuratereviews.com\/it\/wp-json\/wp\/v2\/categories?post=32247"},{"taxonomy":"post_tag","embeddable":true,"href":"https:\/\/www.accuratereviews.com\/it\/wp-json\/wp\/v2\/tags?post=32247"},{"taxonomy":"features","embeddable":true,"href":"https:\/\/www.accuratereviews.com\/it\/wp-json\/wp\/v2\/features?post=32247"}],"curies":[{"name":"wp","href":"https:\/\/api.w.org\/{rel}","templated":true}]}}