{"id":32374,"date":"2020-11-13T14:37:15","date_gmt":"2020-11-13T14:37:15","guid":{"rendered":"https:\/\/www.accuratereviews.com\/?page_id=32374"},"modified":"2020-11-13T14:37:15","modified_gmt":"2020-11-13T14:37:15","slug":"wincall-recensione","status":"publish","type":"page","link":"https:\/\/www.accuratereviews.com\/it\/wincall-recensione\/","title":{"rendered":"WinCall"},"content":{"rendered":"<p><strong>WinCall<\/strong> \u00e8 un <strong>software di contabilit\u00e0 delle chiamate<\/strong> che pu\u00f2 essere utilizzato con sistemi PBX analogici, VoIP e Centrex, inclusi 3Com, Avaya, Cisco Systems, Mitel, Nortel, NEC e Shoretel. \u00c8 possibile integrare pi\u00f9 sedi, fornendo una soluzione centralizzata di contabilit\u00e0 e reportistica delle chiamate. La soluzione pu\u00f2 importare dati da PBX e database HR e aggiornare automaticamente il proprio database interno, con la possibilit\u00e0 di combinare sistemi PBX e HR per l&#8217;automazione dei processi. I sistemi interni possono essere completamente sincronizzati con <strong>WinCall<\/strong> tramite l&#8217;importazione di pi\u00f9 database. Inoltre i campi da importare sono definiti dall&#8217;utente, con interni PBX, nomi utente e reparti che possono essere scambiati tra database per la sincronizzazione di modifiche o aggiornamenti del database, funzioni di billback e directory interne. Tutta l&#8217;attivit\u00e0 delle chiamate viene tracciata in tempo reale, sia che si tratti di chiamate internazionali che nazionali, e tramite servizi VoIP, digitali e analogici.<\/p>\n<h2><a href=\"https:\/\/www.accuratereviews.com\/wp-content\/uploads\/2020\/11\/telmantec.com2_.jpg\"><img loading=\"lazy\" decoding=\"async\" class=\"alignnone  wp-image-32385\" src=\"https:\/\/www.accuratereviews.com\/wp-content\/uploads\/2020\/11\/telmantec.com2_.jpg\" alt=\"\" width=\"852\" height=\"568\" srcset=\"https:\/\/www.accuratereviews.com\/wp-content\/uploads\/2020\/11\/telmantec.com2_.jpg 1000w, https:\/\/www.accuratereviews.com\/wp-content\/uploads\/2020\/11\/telmantec.com2_-300x200.jpg 300w, https:\/\/www.accuratereviews.com\/wp-content\/uploads\/2020\/11\/telmantec.com2_-768x512.jpg 768w, https:\/\/www.accuratereviews.com\/wp-content\/uploads\/2020\/11\/telmantec.com2_-187x125.jpg 187w, https:\/\/www.accuratereviews.com\/wp-content\/uploads\/2020\/11\/telmantec.com2_-50x33.jpg 50w, https:\/\/www.accuratereviews.com\/wp-content\/uploads\/2020\/11\/telmantec.com2_-968x646.jpg 968w, https:\/\/www.accuratereviews.com\/wp-content\/uploads\/2020\/11\/telmantec.com2_-636x424.jpg 636w, https:\/\/www.accuratereviews.com\/wp-content\/uploads\/2020\/11\/telmantec.com2_-320x213.jpg 320w, https:\/\/www.accuratereviews.com\/wp-content\/uploads\/2020\/11\/telmantec.com2_-239x159.jpg 239w\" sizes=\"auto, (max-width: 852px) 100vw, 852px\" \/><\/a><\/h2>\n<h2>WINCALL &#8211; CARATTERISTICHE<\/h2>\n<ul>\n<li>Automatizza aggiunte, spostamenti e modifiche interne per migliorare l&#8217;accuratezza e fornire un set di informazioni pi\u00f9 granulari per l&#8217;analisi<\/li>\n<li>Tiene traccia di tutte le chiamate in entrata \/ in uscita e l&#8217;attivit\u00e0 dei dati per fornire una maggiore visibilit\u00e0 su tutta la rete<\/li>\n<li>Che sia digitale, VoIP o analogico; <span class=\"JLqJ4b ChMk0b\" data-language-for-alternatives=\"it\" data-language-to-translate-into=\"en\" data-phrase-index=\"1\">tutti i sistemi sono inclusi e tracciati per consentirti di gestire meglio le tendenze delle chiamate e ottimizzare i tuoi operatori<\/span><\/li>\n<li>\u00c8 possibile ottenere risparmi significativi allocando correttamente gli addebiti al centro \/ reparto di costo corretto<\/li>\n<li>Ti aiuta a identificare e monitorare l&#8217;attivit\u00e0 sospetta di chiamata, riducendo potenziali responsabilit\u00e0 e rischi per la tua organizzazione<\/li>\n<li>Fornisce visibilit\u00e0 in tempo reale su tutte le attivit\u00e0 di chiamata. <span class=\"JLqJ4b ChMk0b\" data-language-for-alternatives=\"it\" data-language-to-translate-into=\"en\" data-phrase-index=\"1\">Ora saprai chi sono i tuoi dipendenti pi\u00f9 produttivi e quali hanno bisogno di maggiore formazione<\/span><\/li>\n<li>Consolida e massimizza i tuoi servizi di accesso alla rete per assicurarti di avere la migliore combinazione di servizi a disposizione degli utenti finali in ogni momento. <span class=\"JLqJ4b ChMk0b\" data-language-for-alternatives=\"it\" data-language-to-translate-into=\"en\" data-phrase-index=\"1\">Risparmia denaro e semplifica l&#8217;intera rete<\/span><\/li>\n<li>Strumenti di reporting flessibili consentono di condividere le informazioni chiave con tutti i livelli di gestione, garantendo una maggiore comprensione delle sfide e dei problemi, nonch\u00e9 delle aree in cui \u00e8 possibile realizzare risparmi sui costi<\/li>\n<li>Tutti i rapporti sono disponibili tramite cloud per un accesso 24 ore su 24, 7 giorni su 7, 365 giorni all&#8217;anno<\/li>\n<\/ul>\n<p>&nbsp;<\/p>\n","protected":false},"excerpt":{"rendered":"<p>WinCall \u00e8 un software di contabilit\u00e0 delle chiamate che pu\u00f2 essere utilizzato con sistemi PBX analogici, VoIP e Centrex, inclusi 3Com, Avaya, Cisco Systems, Mitel, Nortel, NEC e Shoretel. \u00c8 possibile integrare pi\u00f9 sedi, fornendo una soluzione centralizzata di contabilit\u00e0 e reportistica delle chiamate<\/p>\n","protected":false},"author":19,"featured_media":32376,"parent":0,"menu_order":0,"comment_status":"open","ping_status":"closed","template":"g1_template_page_review_new.php","meta":{"_acf_changed":false,"cwp_meta_box_check":"Yes","cwp_rev_product_name":"","cwp_rev_product_image":"","wppr_links":[],"cwp_rev_price":"","wppr_options":[],"wppr_pros":[],"wppr_cons":[],"_monsterinsights_skip_tracking":false,"_monsterinsights_sitenote_active":false,"_monsterinsights_sitenote_note":"","_monsterinsights_sitenote_category":0,"footnotes":""},"categories":[4108],"tags":[396,4116,4120,4119,4117,4118,4162],"features":[],"class_list":{"0":"post-32374","1":"page","2":"type-page","3":"status-publish","4":"has-post-thumbnail","6":"category-gestionale-per-la-contabilizzazione-delle-chiamate-cat","7":"tag-cloud","8":"tag-gestionale-per-la-contabilizzazione-delle-chiamate","9":"tag-piattaforma-gestionale-per-la-contabilizzazione-delle-chiamate","10":"tag-programma-gestionale-per-la-contabilizzazione-delle-chiamate","11":"tag-software-gestionale-per-la-contabilizzazione-delle-chiamate","12":"tag-soluzione-gestionale-per-la-contabilizzazione-delle-chiamate","13":"tag-wincall"},"wppr_data":{"cwp_meta_box_check":"Yes","cwp_rev_product_name":"","cwp_rev_product_image":"","cwp_image_link":"image","cwp_rev_price":"","wppr_rating":"0.00"},"acf":[],"yoast_head":"<!-- This site is optimized with the Yoast SEO plugin v27.4 - https:\/\/yoast.com\/product\/yoast-seo-wordpress\/ -->\n<title>WinCall: recensione software gestionale chiamate - Accurate Reviews<\/title>\n<meta name=\"description\" content=\"WinCall: recensione software di contabilit\u00e0 delle chiamate che pu\u00f2 essere utilizzato con sistemi PBX analogici, VoIP e Centrex e molti altri.\" \/>\n<meta name=\"robots\" content=\"index, follow, max-snippet:-1, max-image-preview:large, max-video-preview:-1\" \/>\n<link rel=\"canonical\" href=\"https:\/\/www.accuratereviews.com\/it\/wincall-recensione\/\" \/>\n<meta property=\"og:locale\" content=\"it_IT\" \/>\n<meta property=\"og:type\" content=\"article\" \/>\n<meta property=\"og:title\" content=\"WinCall: recensione software gestionale chiamate - Accurate Reviews\" \/>\n<meta property=\"og:description\" content=\"WinCall: recensione software di contabilit\u00e0 delle chiamate che pu\u00f2 essere utilizzato con sistemi PBX analogici, VoIP e Centrex e molti altri.\" \/>\n<meta property=\"og:url\" content=\"https:\/\/www.accuratereviews.com\/it\/wincall-recensione\/\" \/>\n<meta property=\"og:site_name\" content=\"Accurate Reviews\" \/>\n<meta property=\"og:image\" content=\"https:\/\/www.accuratereviews.com\/wp-content\/uploads\/2020\/11\/WinCall.png\" \/>\n\t<meta property=\"og:image:width\" content=\"200\" \/>\n\t<meta property=\"og:image:height\" content=\"200\" \/>\n\t<meta property=\"og:image:type\" content=\"image\/png\" \/>\n<meta name=\"twitter:card\" content=\"summary_large_image\" \/>\n<meta name=\"twitter:label1\" content=\"Tempo di lettura stimato\" \/>\n\t<meta name=\"twitter:data1\" content=\"2 minuti\" \/>\n<script type=\"application\/ld+json\" class=\"yoast-schema-graph\">{\"@context\":\"https:\\\/\\\/schema.org\",\"@graph\":[{\"@type\":\"WebPage\",\"@id\":\"https:\\\/\\\/www.accuratereviews.com\\\/it\\\/wincall-recensione\\\/\",\"url\":\"https:\\\/\\\/www.accuratereviews.com\\\/it\\\/wincall-recensione\\\/\",\"name\":\"WinCall: recensione software gestionale chiamate - Accurate Reviews\",\"isPartOf\":{\"@id\":\"https:\\\/\\\/www.accuratereviews.com\\\/it\\\/#website\"},\"primaryImageOfPage\":{\"@id\":\"https:\\\/\\\/www.accuratereviews.com\\\/it\\\/wincall-recensione\\\/#primaryimage\"},\"image\":{\"@id\":\"https:\\\/\\\/www.accuratereviews.com\\\/it\\\/wincall-recensione\\\/#primaryimage\"},\"thumbnailUrl\":\"https:\\\/\\\/www.accuratereviews.com\\\/wp-content\\\/uploads\\\/2020\\\/11\\\/WinCall.png\",\"datePublished\":\"2020-11-13T14:37:15+00:00\",\"description\":\"WinCall: recensione software di contabilit\u00e0 delle chiamate che pu\u00f2 essere utilizzato con sistemi PBX analogici, VoIP e Centrex e molti altri.\",\"breadcrumb\":{\"@id\":\"https:\\\/\\\/www.accuratereviews.com\\\/it\\\/wincall-recensione\\\/#breadcrumb\"},\"inLanguage\":\"it-IT\",\"potentialAction\":[{\"@type\":\"ReadAction\",\"target\":[\"https:\\\/\\\/www.accuratereviews.com\\\/it\\\/wincall-recensione\\\/\"]}]},{\"@type\":\"ImageObject\",\"inLanguage\":\"it-IT\",\"@id\":\"https:\\\/\\\/www.accuratereviews.com\\\/it\\\/wincall-recensione\\\/#primaryimage\",\"url\":\"https:\\\/\\\/www.accuratereviews.com\\\/wp-content\\\/uploads\\\/2020\\\/11\\\/WinCall.png\",\"contentUrl\":\"https:\\\/\\\/www.accuratereviews.com\\\/wp-content\\\/uploads\\\/2020\\\/11\\\/WinCall.png\",\"width\":200,\"height\":200},{\"@type\":\"BreadcrumbList\",\"@id\":\"https:\\\/\\\/www.accuratereviews.com\\\/it\\\/wincall-recensione\\\/#breadcrumb\",\"itemListElement\":[{\"@type\":\"ListItem\",\"position\":1,\"name\":\"Home\",\"item\":\"https:\\\/\\\/www.accuratereviews.com\\\/it\\\/\"},{\"@type\":\"ListItem\",\"position\":2,\"name\":\"WinCall\"}]},{\"@type\":\"WebSite\",\"@id\":\"https:\\\/\\\/www.accuratereviews.com\\\/it\\\/#website\",\"url\":\"https:\\\/\\\/www.accuratereviews.com\\\/it\\\/\",\"name\":\"Accurate Reviews\",\"description\":\"\",\"potentialAction\":[{\"@type\":\"SearchAction\",\"target\":{\"@type\":\"EntryPoint\",\"urlTemplate\":\"https:\\\/\\\/www.accuratereviews.com\\\/it\\\/?s={search_term_string}\"},\"query-input\":{\"@type\":\"PropertyValueSpecification\",\"valueRequired\":true,\"valueName\":\"search_term_string\"}}],\"inLanguage\":\"it-IT\"}]}<\/script>\n<!-- \/ Yoast SEO plugin. -->","yoast_head_json":{"title":"WinCall: recensione software gestionale chiamate - Accurate Reviews","description":"WinCall: recensione software di contabilit\u00e0 delle chiamate che pu\u00f2 essere utilizzato con sistemi PBX analogici, VoIP e Centrex e molti altri.","robots":{"index":"index","follow":"follow","max-snippet":"max-snippet:-1","max-image-preview":"max-image-preview:large","max-video-preview":"max-video-preview:-1"},"canonical":"https:\/\/www.accuratereviews.com\/it\/wincall-recensione\/","og_locale":"it_IT","og_type":"article","og_title":"WinCall: recensione software gestionale chiamate - Accurate Reviews","og_description":"WinCall: recensione software di contabilit\u00e0 delle chiamate che pu\u00f2 essere utilizzato con sistemi PBX analogici, VoIP e Centrex e molti altri.","og_url":"https:\/\/www.accuratereviews.com\/it\/wincall-recensione\/","og_site_name":"Accurate Reviews","og_image":[{"width":200,"height":200,"url":"https:\/\/www.accuratereviews.com\/wp-content\/uploads\/2020\/11\/WinCall.png","type":"image\/png"}],"twitter_card":"summary_large_image","twitter_misc":{"Tempo di lettura stimato":"2 minuti"},"schema":{"@context":"https:\/\/schema.org","@graph":[{"@type":"WebPage","@id":"https:\/\/www.accuratereviews.com\/it\/wincall-recensione\/","url":"https:\/\/www.accuratereviews.com\/it\/wincall-recensione\/","name":"WinCall: recensione software gestionale chiamate - Accurate Reviews","isPartOf":{"@id":"https:\/\/www.accuratereviews.com\/it\/#website"},"primaryImageOfPage":{"@id":"https:\/\/www.accuratereviews.com\/it\/wincall-recensione\/#primaryimage"},"image":{"@id":"https:\/\/www.accuratereviews.com\/it\/wincall-recensione\/#primaryimage"},"thumbnailUrl":"https:\/\/www.accuratereviews.com\/wp-content\/uploads\/2020\/11\/WinCall.png","datePublished":"2020-11-13T14:37:15+00:00","description":"WinCall: recensione software di contabilit\u00e0 delle chiamate che pu\u00f2 essere utilizzato con sistemi PBX analogici, VoIP e Centrex e molti altri.","breadcrumb":{"@id":"https:\/\/www.accuratereviews.com\/it\/wincall-recensione\/#breadcrumb"},"inLanguage":"it-IT","potentialAction":[{"@type":"ReadAction","target":["https:\/\/www.accuratereviews.com\/it\/wincall-recensione\/"]}]},{"@type":"ImageObject","inLanguage":"it-IT","@id":"https:\/\/www.accuratereviews.com\/it\/wincall-recensione\/#primaryimage","url":"https:\/\/www.accuratereviews.com\/wp-content\/uploads\/2020\/11\/WinCall.png","contentUrl":"https:\/\/www.accuratereviews.com\/wp-content\/uploads\/2020\/11\/WinCall.png","width":200,"height":200},{"@type":"BreadcrumbList","@id":"https:\/\/www.accuratereviews.com\/it\/wincall-recensione\/#breadcrumb","itemListElement":[{"@type":"ListItem","position":1,"name":"Home","item":"https:\/\/www.accuratereviews.com\/it\/"},{"@type":"ListItem","position":2,"name":"WinCall"}]},{"@type":"WebSite","@id":"https:\/\/www.accuratereviews.com\/it\/#website","url":"https:\/\/www.accuratereviews.com\/it\/","name":"Accurate Reviews","description":"","potentialAction":[{"@type":"SearchAction","target":{"@type":"EntryPoint","urlTemplate":"https:\/\/www.accuratereviews.com\/it\/?s={search_term_string}"},"query-input":{"@type":"PropertyValueSpecification","valueRequired":true,"valueName":"search_term_string"}}],"inLanguage":"it-IT"}]}},"_links":{"self":[{"href":"https:\/\/www.accuratereviews.com\/it\/wp-json\/wp\/v2\/pages\/32374","targetHints":{"allow":["GET"]}}],"collection":[{"href":"https:\/\/www.accuratereviews.com\/it\/wp-json\/wp\/v2\/pages"}],"about":[{"href":"https:\/\/www.accuratereviews.com\/it\/wp-json\/wp\/v2\/types\/page"}],"author":[{"embeddable":true,"href":"https:\/\/www.accuratereviews.com\/it\/wp-json\/wp\/v2\/users\/19"}],"replies":[{"embeddable":true,"href":"https:\/\/www.accuratereviews.com\/it\/wp-json\/wp\/v2\/comments?post=32374"}],"version-history":[{"count":10,"href":"https:\/\/www.accuratereviews.com\/it\/wp-json\/wp\/v2\/pages\/32374\/revisions"}],"predecessor-version":[{"id":32422,"href":"https:\/\/www.accuratereviews.com\/it\/wp-json\/wp\/v2\/pages\/32374\/revisions\/32422"}],"wp:featuredmedia":[{"embeddable":true,"href":"https:\/\/www.accuratereviews.com\/it\/wp-json\/wp\/v2\/media\/32376"}],"wp:attachment":[{"href":"https:\/\/www.accuratereviews.com\/it\/wp-json\/wp\/v2\/media?parent=32374"}],"wp:term":[{"taxonomy":"category","embeddable":true,"href":"https:\/\/www.accuratereviews.com\/it\/wp-json\/wp\/v2\/categories?post=32374"},{"taxonomy":"post_tag","embeddable":true,"href":"https:\/\/www.accuratereviews.com\/it\/wp-json\/wp\/v2\/tags?post=32374"},{"taxonomy":"features","embeddable":true,"href":"https:\/\/www.accuratereviews.com\/it\/wp-json\/wp\/v2\/features?post=32374"}],"curies":[{"name":"wp","href":"https:\/\/api.w.org\/{rel}","templated":true}]}}