{"id":32487,"date":"2020-11-16T12:10:58","date_gmt":"2020-11-16T12:10:58","guid":{"rendered":"https:\/\/www.accuratereviews.com\/?page_id=32487"},"modified":"2021-02-12T14:08:53","modified_gmt":"2021-02-12T14:08:53","slug":"verasmart-recensione","status":"publish","type":"page","link":"https:\/\/www.accuratereviews.com\/it\/verasmart-recensione\/","title":{"rendered":"VeraSMART"},"content":{"rendered":"<p><strong>VeraSMART<\/strong> \u00e8 una <strong>soluzione di contabilit\u00e0 e reporting delle chiamate<\/strong> di Calero, che offre agli utenti strumenti per il monitoraggio delle chiamate e della produttivit\u00e0, l&#8217;identificazione delle chiamate personali, i costi delle chiamate e la contabilit\u00e0 per comunicazioni fisse e mobili e wireless. VeraSMART pu\u00f2 essere utilizzato per tracciare le chiamate, sia in entrata che in uscita, e notificare automaticamente agli utenti le chiamate a numeri specifici, come i servizi di emergenza. Gli utenti possono anche essere avvisati quando le metriche delle chiamate superano quelle previste per la normale attivit\u00e0 di chiamata, innescata da chiamate eccessive, effettuando chiamate interurbane o internazionali non autorizzate e componendo numeri contrassegnati. I dipendenti possono essere resi consapevoli del loro utilizzo personale e delle loro abitudini di chiamata con l&#8217;identificazione personale delle chiamate, che include cronologie e costi completi, per ottenere rimborsi appropriati.<\/p>\n<h2>VERASMART &#8211; IMMAGINE<\/h2>\n<p><a href=\"https:\/\/www.accuratereviews.com\/wp-content\/uploads\/2021\/02\/CLM-Wheel-2018.png\"><img loading=\"lazy\" decoding=\"async\" class=\"aligncenter wp-image-37237 size-full\" src=\"https:\/\/www.accuratereviews.com\/wp-content\/uploads\/2021\/02\/CLM-Wheel-2018.png\" alt=\"\" width=\"2212\" height=\"1503\" srcset=\"https:\/\/www.accuratereviews.com\/wp-content\/uploads\/2021\/02\/CLM-Wheel-2018.png 2212w, https:\/\/www.accuratereviews.com\/wp-content\/uploads\/2021\/02\/CLM-Wheel-2018-300x204.png 300w, https:\/\/www.accuratereviews.com\/wp-content\/uploads\/2021\/02\/CLM-Wheel-2018-1024x696.png 1024w, https:\/\/www.accuratereviews.com\/wp-content\/uploads\/2021\/02\/CLM-Wheel-2018-768x522.png 768w, https:\/\/www.accuratereviews.com\/wp-content\/uploads\/2021\/02\/CLM-Wheel-2018-1536x1044.png 1536w, https:\/\/www.accuratereviews.com\/wp-content\/uploads\/2021\/02\/CLM-Wheel-2018-2048x1392.png 2048w, https:\/\/www.accuratereviews.com\/wp-content\/uploads\/2021\/02\/CLM-Wheel-2018-184x125.png 184w, https:\/\/www.accuratereviews.com\/wp-content\/uploads\/2021\/02\/CLM-Wheel-2018-50x34.png 50w, https:\/\/www.accuratereviews.com\/wp-content\/uploads\/2021\/02\/CLM-Wheel-2018-968x658.png 968w, https:\/\/www.accuratereviews.com\/wp-content\/uploads\/2021\/02\/CLM-Wheel-2018-636x432.png 636w, https:\/\/www.accuratereviews.com\/wp-content\/uploads\/2021\/02\/CLM-Wheel-2018-320x217.png 320w, https:\/\/www.accuratereviews.com\/wp-content\/uploads\/2021\/02\/CLM-Wheel-2018-239x162.png 239w\" sizes=\"auto, (max-width: 2212px) 100vw, 2212px\" \/><\/a><\/p>\n<h3>VERASMART &#8211; CARATTERISTICHE<\/h3>\n<ul>\n<li>Sfrutta l&#8217;automazione dei servizi ritrovati per ridurre le richieste del personale e consentire loro di concentrarsi sulle competenze chiave strategiche<\/li>\n<li><span class=\"JLqJ4b\" data-language-for-alternatives=\"it\" data-language-to-translate-into=\"en\" data-phrase-index=\"4\"><span class=\"JLqJ4b ChMk0b\" data-language-for-alternatives=\"it\" data-language-to-translate-into=\"en\" data-phrase-index=\"5\">Tieni traccia della distribuzione e dell&#8217;utilizzo delle risorse di comunicazione, degli abbonamenti e dell&#8217;utilizzo del cloud e dei servizi digitali<\/span><\/span><\/li>\n<li>Allocare automaticamente le spese ai centri di costo o ai singoli<\/li>\n<li><span class=\"JLqJ4b\" data-language-for-alternatives=\"it\" data-language-to-translate-into=\"en\" data-phrase-index=\"1\"><span class=\"JLqJ4b ChMk0b\" data-language-for-alternatives=\"it\" data-language-to-translate-into=\"en\" data-phrase-index=\"2\">Condividete facilmente i costi dei servizi di comunicazione, promuovendo un maggiore coinvolgimento e reattivit\u00e0 nella gestione dei servizi \/ dispositivi<\/span><\/span><\/li>\n<li><span class=\"JLqJ4b\" data-language-for-alternatives=\"it\" data-language-to-translate-into=\"en\" data-phrase-index=\"1\"><span class=\"JLqJ4b ChMk0b\" data-language-for-alternatives=\"it\" data-language-to-translate-into=\"en\" data-phrase-index=\"2\">Supportare l&#8217;organizzazione con chargeback di servizi condivisi basati sull&#8217;utilizzo rapido ed efficace<\/span><\/span><\/li>\n<li>Consenti analisi in tempo reale e multidimensionale dei servizi e delle risorse contrattati unificando costi, configurazione, interrelazioni, geografia e propriet\u00e0, in un&#8217;unica soluzione integrata<\/li>\n<li><span class=\"JLqJ4b\" data-language-for-alternatives=\"it\" data-language-to-translate-into=\"en\" data-phrase-index=\"1\"><span class=\"JLqJ4b ChMk0b\" data-language-for-alternatives=\"it\" data-language-to-translate-into=\"en\" data-phrase-index=\"2\">Rafforza il processo decisionale basato sull&#8217;evidenza<\/span><\/span><\/li>\n<li><span class=\"JLqJ4b\" data-language-for-alternatives=\"it\" data-language-to-translate-into=\"en\" data-phrase-index=\"1\"><span class=\"JLqJ4b ChMk0b\" data-language-for-alternatives=\"it\" data-language-to-translate-into=\"en\" data-phrase-index=\"2\">Esplora e analizza tutti i tuoi dati nell&#8217;intera organizzazione. Metti la conoscenza nelle mani giuste, in modo rapido e completo<\/span><\/span><\/li>\n<li>Garantire la politica aziendale e la conformit\u00e0 normativa in tutta l&#8217;organizzazione<\/li>\n<li><span class=\"JLqJ4b\" data-language-for-alternatives=\"it\" data-language-to-translate-into=\"en\" data-phrase-index=\"1\"><span class=\"JLqJ4b ChMk0b\" data-language-for-alternatives=\"it\" data-language-to-translate-into=\"en\" data-phrase-index=\"2\">Identifica e risolvi gli errori di fatturazione<\/span><\/span><\/li>\n<li><span class=\"JLqJ4b\" data-language-for-alternatives=\"it\" data-language-to-translate-into=\"en\" data-phrase-index=\"1\"><span class=\"JLqJ4b ChMk0b\" data-language-for-alternatives=\"it\" data-language-to-translate-into=\"en\" data-phrase-index=\"2\">Elimina frodi e addebiti non autorizzati<\/span><\/span><\/li>\n<li><span class=\"JLqJ4b\" data-language-for-alternatives=\"it\" data-language-to-translate-into=\"en\" data-phrase-index=\"1\"><span class=\"JLqJ4b ChMk0b\" data-language-for-alternatives=\"it\" data-language-to-translate-into=\"en\" data-phrase-index=\"2\">Aumenta la precisione nel monitoraggio e nella rendicontazione delle spese<\/span><\/span><\/li>\n<\/ul>\n","protected":false},"excerpt":{"rendered":"<p>VeraSMART \u00e8 una soluzione di contabilit\u00e0 e reporting delle chiamate di Calero, che offre agli utenti strumenti per il monitoraggio delle chiamate e della produttivit\u00e0, l&#8217;identificazione delle chiamate personali, i costi delle chiamate e la contabilit\u00e0 per comunicazioni fisse e mobili e wireless. VeraSMART pu\u00f2 essere utilizzato per tracciare le chiamate, sia in entrata che in uscita, e notificare automaticamente agli utenti le chiamate a numeri specifici, come i servizi di emergenza.<\/p>\n","protected":false},"author":19,"featured_media":32488,"parent":0,"menu_order":0,"comment_status":"open","ping_status":"closed","template":"g1_template_page_review_new.php","meta":{"_acf_changed":false,"cwp_meta_box_check":"Yes","cwp_rev_product_name":"","cwp_rev_product_image":"","wppr_links":[],"cwp_rev_price":"","wppr_options":[],"wppr_pros":[],"wppr_cons":[],"_monsterinsights_skip_tracking":false,"_monsterinsights_sitenote_active":false,"_monsterinsights_sitenote_note":"","_monsterinsights_sitenote_category":0,"footnotes":""},"categories":[4108],"tags":[396,4116,4120,4119,4117,4118,4177],"features":[],"class_list":{"0":"post-32487","1":"page","2":"type-page","3":"status-publish","4":"has-post-thumbnail","6":"category-gestionale-per-la-contabilizzazione-delle-chiamate-cat","7":"tag-cloud","8":"tag-gestionale-per-la-contabilizzazione-delle-chiamate","9":"tag-piattaforma-gestionale-per-la-contabilizzazione-delle-chiamate","10":"tag-programma-gestionale-per-la-contabilizzazione-delle-chiamate","11":"tag-software-gestionale-per-la-contabilizzazione-delle-chiamate","12":"tag-soluzione-gestionale-per-la-contabilizzazione-delle-chiamate","13":"tag-verasmart"},"wppr_data":{"cwp_meta_box_check":"Yes","cwp_rev_product_name":"","cwp_rev_product_image":"","cwp_image_link":"image","cwp_rev_price":"","wppr_rating":"0.00"},"acf":[],"yoast_head":"<!-- This site is optimized with the Yoast SEO plugin v27.4 - https:\/\/yoast.com\/product\/yoast-seo-wordpress\/ -->\n<title>VeraSMART: recensione software gestionale chiamate - Accurate Reviews<\/title>\n<meta name=\"description\" content=\"VeraSMART: recensione soluzione di contabilit\u00e0 e reporting delle chiamate per un monitoraggio accurato e una analisi della produttivit\u00e0.\" \/>\n<meta name=\"robots\" content=\"index, follow, max-snippet:-1, max-image-preview:large, max-video-preview:-1\" \/>\n<link rel=\"canonical\" href=\"https:\/\/www.accuratereviews.com\/it\/verasmart-recensione\/\" \/>\n<meta property=\"og:locale\" content=\"it_IT\" \/>\n<meta property=\"og:type\" content=\"article\" \/>\n<meta property=\"og:title\" content=\"VeraSMART: recensione software gestionale chiamate - Accurate Reviews\" \/>\n<meta property=\"og:description\" content=\"VeraSMART: recensione soluzione di contabilit\u00e0 e reporting delle chiamate per un monitoraggio accurato e una analisi della produttivit\u00e0.\" \/>\n<meta property=\"og:url\" content=\"https:\/\/www.accuratereviews.com\/it\/verasmart-recensione\/\" \/>\n<meta property=\"og:site_name\" content=\"Accurate Reviews\" \/>\n<meta property=\"article:modified_time\" content=\"2021-02-12T14:08:53+00:00\" \/>\n<meta property=\"og:image\" content=\"https:\/\/www.accuratereviews.com\/wp-content\/uploads\/2020\/11\/calero.jpeg\" \/>\n\t<meta property=\"og:image:width\" content=\"828\" \/>\n\t<meta property=\"og:image:height\" content=\"216\" \/>\n\t<meta property=\"og:image:type\" content=\"image\/jpeg\" \/>\n<meta name=\"twitter:card\" content=\"summary_large_image\" \/>\n<meta name=\"twitter:label1\" content=\"Tempo di lettura stimato\" \/>\n\t<meta name=\"twitter:data1\" content=\"2 minuti\" \/>\n<script type=\"application\/ld+json\" class=\"yoast-schema-graph\">{\"@context\":\"https:\\\/\\\/schema.org\",\"@graph\":[{\"@type\":\"WebPage\",\"@id\":\"https:\\\/\\\/www.accuratereviews.com\\\/it\\\/verasmart-recensione\\\/\",\"url\":\"https:\\\/\\\/www.accuratereviews.com\\\/it\\\/verasmart-recensione\\\/\",\"name\":\"VeraSMART: recensione software gestionale chiamate - Accurate Reviews\",\"isPartOf\":{\"@id\":\"https:\\\/\\\/www.accuratereviews.com\\\/it\\\/#website\"},\"primaryImageOfPage\":{\"@id\":\"https:\\\/\\\/www.accuratereviews.com\\\/it\\\/verasmart-recensione\\\/#primaryimage\"},\"image\":{\"@id\":\"https:\\\/\\\/www.accuratereviews.com\\\/it\\\/verasmart-recensione\\\/#primaryimage\"},\"thumbnailUrl\":\"https:\\\/\\\/www.accuratereviews.com\\\/wp-content\\\/uploads\\\/2020\\\/11\\\/calero.jpeg\",\"datePublished\":\"2020-11-16T12:10:58+00:00\",\"dateModified\":\"2021-02-12T14:08:53+00:00\",\"description\":\"VeraSMART: recensione soluzione di contabilit\u00e0 e reporting delle chiamate per un monitoraggio accurato e una analisi della produttivit\u00e0.\",\"breadcrumb\":{\"@id\":\"https:\\\/\\\/www.accuratereviews.com\\\/it\\\/verasmart-recensione\\\/#breadcrumb\"},\"inLanguage\":\"it-IT\",\"potentialAction\":[{\"@type\":\"ReadAction\",\"target\":[\"https:\\\/\\\/www.accuratereviews.com\\\/it\\\/verasmart-recensione\\\/\"]}]},{\"@type\":\"ImageObject\",\"inLanguage\":\"it-IT\",\"@id\":\"https:\\\/\\\/www.accuratereviews.com\\\/it\\\/verasmart-recensione\\\/#primaryimage\",\"url\":\"https:\\\/\\\/www.accuratereviews.com\\\/wp-content\\\/uploads\\\/2020\\\/11\\\/calero.jpeg\",\"contentUrl\":\"https:\\\/\\\/www.accuratereviews.com\\\/wp-content\\\/uploads\\\/2020\\\/11\\\/calero.jpeg\",\"width\":828,\"height\":216},{\"@type\":\"BreadcrumbList\",\"@id\":\"https:\\\/\\\/www.accuratereviews.com\\\/it\\\/verasmart-recensione\\\/#breadcrumb\",\"itemListElement\":[{\"@type\":\"ListItem\",\"position\":1,\"name\":\"Home\",\"item\":\"https:\\\/\\\/www.accuratereviews.com\\\/it\\\/\"},{\"@type\":\"ListItem\",\"position\":2,\"name\":\"VeraSMART\"}]},{\"@type\":\"WebSite\",\"@id\":\"https:\\\/\\\/www.accuratereviews.com\\\/it\\\/#website\",\"url\":\"https:\\\/\\\/www.accuratereviews.com\\\/it\\\/\",\"name\":\"Accurate Reviews\",\"description\":\"\",\"potentialAction\":[{\"@type\":\"SearchAction\",\"target\":{\"@type\":\"EntryPoint\",\"urlTemplate\":\"https:\\\/\\\/www.accuratereviews.com\\\/it\\\/?s={search_term_string}\"},\"query-input\":{\"@type\":\"PropertyValueSpecification\",\"valueRequired\":true,\"valueName\":\"search_term_string\"}}],\"inLanguage\":\"it-IT\"}]}<\/script>\n<!-- \/ Yoast SEO plugin. -->","yoast_head_json":{"title":"VeraSMART: recensione software gestionale chiamate - Accurate Reviews","description":"VeraSMART: recensione soluzione di contabilit\u00e0 e reporting delle chiamate per un monitoraggio accurato e una analisi della produttivit\u00e0.","robots":{"index":"index","follow":"follow","max-snippet":"max-snippet:-1","max-image-preview":"max-image-preview:large","max-video-preview":"max-video-preview:-1"},"canonical":"https:\/\/www.accuratereviews.com\/it\/verasmart-recensione\/","og_locale":"it_IT","og_type":"article","og_title":"VeraSMART: recensione software gestionale chiamate - Accurate Reviews","og_description":"VeraSMART: recensione soluzione di contabilit\u00e0 e reporting delle chiamate per un monitoraggio accurato e una analisi della produttivit\u00e0.","og_url":"https:\/\/www.accuratereviews.com\/it\/verasmart-recensione\/","og_site_name":"Accurate Reviews","article_modified_time":"2021-02-12T14:08:53+00:00","og_image":[{"width":828,"height":216,"url":"https:\/\/www.accuratereviews.com\/wp-content\/uploads\/2020\/11\/calero.jpeg","type":"image\/jpeg"}],"twitter_card":"summary_large_image","twitter_misc":{"Tempo di lettura stimato":"2 minuti"},"schema":{"@context":"https:\/\/schema.org","@graph":[{"@type":"WebPage","@id":"https:\/\/www.accuratereviews.com\/it\/verasmart-recensione\/","url":"https:\/\/www.accuratereviews.com\/it\/verasmart-recensione\/","name":"VeraSMART: recensione software gestionale chiamate - Accurate Reviews","isPartOf":{"@id":"https:\/\/www.accuratereviews.com\/it\/#website"},"primaryImageOfPage":{"@id":"https:\/\/www.accuratereviews.com\/it\/verasmart-recensione\/#primaryimage"},"image":{"@id":"https:\/\/www.accuratereviews.com\/it\/verasmart-recensione\/#primaryimage"},"thumbnailUrl":"https:\/\/www.accuratereviews.com\/wp-content\/uploads\/2020\/11\/calero.jpeg","datePublished":"2020-11-16T12:10:58+00:00","dateModified":"2021-02-12T14:08:53+00:00","description":"VeraSMART: recensione soluzione di contabilit\u00e0 e reporting delle chiamate per un monitoraggio accurato e una analisi della produttivit\u00e0.","breadcrumb":{"@id":"https:\/\/www.accuratereviews.com\/it\/verasmart-recensione\/#breadcrumb"},"inLanguage":"it-IT","potentialAction":[{"@type":"ReadAction","target":["https:\/\/www.accuratereviews.com\/it\/verasmart-recensione\/"]}]},{"@type":"ImageObject","inLanguage":"it-IT","@id":"https:\/\/www.accuratereviews.com\/it\/verasmart-recensione\/#primaryimage","url":"https:\/\/www.accuratereviews.com\/wp-content\/uploads\/2020\/11\/calero.jpeg","contentUrl":"https:\/\/www.accuratereviews.com\/wp-content\/uploads\/2020\/11\/calero.jpeg","width":828,"height":216},{"@type":"BreadcrumbList","@id":"https:\/\/www.accuratereviews.com\/it\/verasmart-recensione\/#breadcrumb","itemListElement":[{"@type":"ListItem","position":1,"name":"Home","item":"https:\/\/www.accuratereviews.com\/it\/"},{"@type":"ListItem","position":2,"name":"VeraSMART"}]},{"@type":"WebSite","@id":"https:\/\/www.accuratereviews.com\/it\/#website","url":"https:\/\/www.accuratereviews.com\/it\/","name":"Accurate Reviews","description":"","potentialAction":[{"@type":"SearchAction","target":{"@type":"EntryPoint","urlTemplate":"https:\/\/www.accuratereviews.com\/it\/?s={search_term_string}"},"query-input":{"@type":"PropertyValueSpecification","valueRequired":true,"valueName":"search_term_string"}}],"inLanguage":"it-IT"}]}},"_links":{"self":[{"href":"https:\/\/www.accuratereviews.com\/it\/wp-json\/wp\/v2\/pages\/32487","targetHints":{"allow":["GET"]}}],"collection":[{"href":"https:\/\/www.accuratereviews.com\/it\/wp-json\/wp\/v2\/pages"}],"about":[{"href":"https:\/\/www.accuratereviews.com\/it\/wp-json\/wp\/v2\/types\/page"}],"author":[{"embeddable":true,"href":"https:\/\/www.accuratereviews.com\/it\/wp-json\/wp\/v2\/users\/19"}],"replies":[{"embeddable":true,"href":"https:\/\/www.accuratereviews.com\/it\/wp-json\/wp\/v2\/comments?post=32487"}],"version-history":[{"count":10,"href":"https:\/\/www.accuratereviews.com\/it\/wp-json\/wp\/v2\/pages\/32487\/revisions"}],"predecessor-version":[{"id":37240,"href":"https:\/\/www.accuratereviews.com\/it\/wp-json\/wp\/v2\/pages\/32487\/revisions\/37240"}],"wp:featuredmedia":[{"embeddable":true,"href":"https:\/\/www.accuratereviews.com\/it\/wp-json\/wp\/v2\/media\/32488"}],"wp:attachment":[{"href":"https:\/\/www.accuratereviews.com\/it\/wp-json\/wp\/v2\/media?parent=32487"}],"wp:term":[{"taxonomy":"category","embeddable":true,"href":"https:\/\/www.accuratereviews.com\/it\/wp-json\/wp\/v2\/categories?post=32487"},{"taxonomy":"post_tag","embeddable":true,"href":"https:\/\/www.accuratereviews.com\/it\/wp-json\/wp\/v2\/tags?post=32487"},{"taxonomy":"features","embeddable":true,"href":"https:\/\/www.accuratereviews.com\/it\/wp-json\/wp\/v2\/features?post=32487"}],"curies":[{"name":"wp","href":"https:\/\/api.w.org\/{rel}","templated":true}]}}