{"id":32588,"date":"2020-11-17T11:39:20","date_gmt":"2020-11-17T11:39:20","guid":{"rendered":"https:\/\/www.accuratereviews.com\/?page_id=32588"},"modified":"2024-03-30T10:07:22","modified_gmt":"2024-03-30T10:07:22","slug":"acuity-scheduling-recensione","status":"publish","type":"page","link":"https:\/\/www.accuratereviews.com\/it\/gestionale-per-parrucchieri\/acuity-scheduling-recensione\/","title":{"rendered":"Acuity Scheduling"},"content":{"rendered":"<p><strong>Acuity Scheduling<\/strong> \u00e8 una <strong>soluzione per la pianificazione<\/strong> degli appuntamenti basata su <strong>cloud<\/strong> che consente agli imprenditori di gestire i propri appuntamenti online. Il prodotto soddisfa le esigenze delle piccole e medie imprese e dei singoli professionisti. Il software consente agli utenti di automatizzare le prenotazioni offrendo una visualizzazione in tempo reale della propria disponibilit\u00e0. Inoltre ha la capacit\u00e0 di sincronizzare automaticamente i calendari in base ai fusi orari degli utenti e pu\u00f2 inviare avvisi e promemoria regolari ai clienti in merito ai loro programmi. Il set di funzionalit\u00e0 di pianificazione di Acuity Scheduling include anche moduli di assunzione personalizzabili, calendari incorporabili, sincronizzazione del calendario di applicazioni di terze parti e pianificazione di gruppo per i workshop.<\/p>\n<h2>ACUITY SCHEDULING &#8211; TUTORIAL<\/h2>\n<p>Ecco un tutorial in cui spiega come inserire gli appuntamenti su questo <strong>gestionale per parrucchieri<\/strong>:<\/p>\n<div id=\"fluid-wrapper-counter-1\" class=\"g1-fluid-wrapper \" style=\"width:686px;\">\n<div style=\"padding-bottom:56.268221574344%;\"><iframe loading=\"lazy\" title=\"Setting Up Scheduling | Acuity Scheduling\" width=\"686\" height=\"386\" src=\"https:\/\/www.youtube.com\/embed\/lbGupFQvW2Q?feature=oembed&amp;wmode=transparent&amp;autohide=1&amp;autoplay=0&amp;disablekb=0&amp;fs=1&amp;loop=0&amp;enablejsapi=1&amp;rel=0&amp;controls=2&amp;showinfo=0&amp;wmode=transparent&amp;autohide=2&amp;autoplay=0&amp;disablekb=0&amp;fs=1&amp;loop=0&amp;enablejsapi=1&amp;rel=0&amp;controls=2&amp;showinfo=1\" frameborder=\"0\" allow=\"accelerometer; autoplay; clipboard-write; encrypted-media; gyroscope; picture-in-picture; web-share\" referrerpolicy=\"strict-origin-when-cross-origin\" allowfullscreen><\/iframe><\/div>\n<\/div>\n<h3>ACUITY SCHEDULING &#8211; CARATTERISTICHE<\/h3>\n<ul>\n<li class=\"feature-item feature-0 feature-active\"><span class=\"feature-list-name\"><strong>Sincronizza<\/strong> i tuoi calendari\u00a0<\/span><span class=\"feature-list-content\">e ricevi notifiche sulle nuove prenotazioni<\/span><\/li>\n<li class=\"feature-item feature-1\"><span class=\"feature-list-name\"><strong>Accetta<\/strong> pagamenti online\u00a0<\/span><span class=\"feature-list-content\">tramite le integrazioni con Stripe, Square o PayPal<\/span><\/li>\n<li class=\"feature-item feature-2\"><span class=\"feature-list-name\"><strong>Offri<\/strong> pi\u00f9 di semplici appuntamenti: <\/span><span class=\"feature-list-content\">buoni regalo, pacchetti, abbonamenti o lezioni di gruppo<\/span><\/li>\n<li class=\"feature-item feature-3\"><span class=\"feature-list-name\"><strong>Sentiti<\/strong> sempre sicuro de<\/span><span class=\"feature-list-content\">i dati del cliente non vengono divulgati, come previsto dalle norme sulla riservatezza delle informazioni sanitarie (HIPAA)<\/span><\/li>\n<li class=\"feature-item feature-4\">\n<div class=\"feature-item feature-4\"><span class=\"feature-list-name\"><strong>Riduci<\/strong> le assenze\u00a0<\/span><span class=\"feature-list-content\">tramite l&#8217;invio ai clienti di email e SMS di promemoria<\/span><\/div>\n<\/li>\n<li class=\"feature-item feature-4\">\n<div class=\"feature-item feature-4\"><span class=\"feature-list-name\"><strong>Trova<\/strong> clienti ovunque\u00a0<\/span><span class=\"feature-list-content\">tramite le integrazioni per videoconferenza<\/span><\/div>\n<\/li>\n<li class=\"feature-item feature-4\">\n<div class=\"feature-item feature-4\"><span class=\"feature-list-name\"><strong>Condividi<\/strong> il tuo calendario in tutta semplicit\u00e0\u00a0<\/span><span class=\"feature-list-content\">tramite Facebook, Instagram, email o il tuo sito web<\/span><\/div>\n<\/li>\n<li class=\"feature-item feature-4\">\n<div class=\"feature-item feature-4\"><span class=\"feature-list-name\"><strong>Personalizza<\/strong> qualsiasi aspetto\u00a0<\/span><span class=\"feature-list-content\">per adattarlo all&#8217;esperienza del tuo brand<\/span><\/div>\n<\/li>\n<li><strong>Reportistica<\/strong> avanzata su appuntamenti, mancate presenze e prestazioni<\/li>\n<\/ul>\n<h4>LE RECENSIONI DEGLI UTENTI<\/h4>\n<h4 class=\"font-weight-bold mb-1 d-flex align-items-center\">Kevin T.&#8221;Sistema di prenotazione incredibile conforme a Hippa&#8221;<\/h4>\n<p><strong>Commenti: <\/strong>\u00c8 stato meraviglioso! Veloce, facile e felice di aiutarti a qualunque livello ti serva assistente.<\/p>\n<p><strong>Vantaggi: <\/strong>Anche se non avevo bisogno della funzione di conformit\u00e0 Hippa, tutto il resto \u00e8 stato un tale risparmio di tempo e di mal di testa. Sono un parrucchiere indipendente, quindi ho trovato il programma inestimabile perch\u00e9 non avevo una receptionist. I miei clienti hanno avuto un numero minimo di &#8220;clic&#8221; per fissare un appuntamento online. Una caratteristica inestimabile che devo ancora vedere con qualsiasi altro sistema di prenotazione \u00e8 la possibilit\u00e0 di creare nuovi moduli per i clienti. Creeresti facilmente un modulo con sezioni \/ domande importanti per te. Puoi sceglierli come facoltativi o obbligatori in modo che il nuovo cliente possa programmare autonomamente il suo primo appuntamento. Per me ho richiesto al nuovo cliente di includere una foto dei loro capelli attuali e dei loro capelli di ispirazione. Questo \u00e8 stato un punto di svolta e ha aiutato con la preparazione e le risposte a molte domande. Tonnellate di altre opzioni anche!<\/p>\n<p><strong>Inconvenienti: <\/strong>Realisticamente, ho scoperto che potrebbe essere utile avere la possibilit\u00e0 per un altro collega di fissare un appuntamento per mio conto senza dover passare al pacchetto successivo.<\/p>\n<h4 class=\"font-weight-bold mb-1 d-flex align-items-center\">Kate B.&#8221;Adoro Acuity!&#8221;<\/h4>\n<p><strong>Commenti: <\/strong>Acuity \u00e8 un sogno da usare. Quando ho iniziato a usarlo, ho provato Appointy perch\u00e9 era gratuito, ma ottieni quello per cui paghi. Acuity \u00e8 stato molto pi\u00f9 facile da usare in termini di visualizzazione del mio programma, tempo di blocco e impostazione dell&#8217;orario di appuntamento regolare. Il prezzo \u00e8 molto conveniente, quindi ne vale\u00a0la pena.<\/p>\n<p><strong>Vantaggi: <\/strong>Mi piace il fatto che Acuity sia davvero semplice da usare e che il layout sia facile da leggere. Posso vedere i miei programmi, bloccare il tempo, impostare diversi tipi di appuntamenti e persino monitorare quando i clienti acquistano pacchetti di appuntamenti.<\/p>\n<p><strong>Inconvenienti: <\/strong>L&#8217;unica cosa che non mi piace di Acuity \u00e8 che non posso salvare gli indirizzi dei clienti nei loro profili e impostare quell&#8217;indirizzo come luogo dell&#8217;appuntamento. Vado a casa dei miei clienti, quindi questo \u00e8 essenziale per me. Finisco per dover usare una soluzione alternativa al modulo di assunzione.<\/p>\n<h4 class=\"font-weight-bold mb-1 d-flex align-items-center\">Ebony O.&#8221;La migliore app di pianificazione&#8221;<\/h4>\n<p><strong>Commenti: <\/strong>Grazie all&#8217;acuit\u00e0 e alla funzionalit\u00e0 delle risorse siamo in grado di prenotare i clienti di conseguenza in modo da non sovrapporsi gli uni agli altri. Ci ha davvero aiutato a massimizzare la nostra produttivit\u00e0 e ci ha aiutato a utilizzare il nostro tempo con saggezza. In precedenza stavamo utilizzando un&#8217;altra app ma era troppo complicato da capire. Acuity \u00e8 semplicissimo da usare, molto semplice.<\/p>\n<p><strong>Vantaggi: <\/strong>Ho adorato la funzionalit\u00e0 delle risorse. Sono un&#8217;estetista dal 2018 e questa \u00e8 la prima volta che devo condividere uno studio con un&#8217;altra persona. Prima di imbatterci in Acuity abbiamo fatto del nostro meglio per non sovraccaricare i nostri programmi o programmare i clienti allo stesso tempo, ma le cose accadono. Grazie al cielo abbiamo riscontrato che l&#8217;acutezza della funzionalit\u00e0 delle risorse ci ha aiutato moltissimo.<\/p>\n<p><strong>Inconvenienti: <\/strong>L&#8217;unica cosa che non mi \u00e8 piaciuta o forse non l&#8217;ho capito \u00e8 la possibilit\u00e0 di separare i nomi delle attivit\u00e0. Nel mio studio condivido con un altro imprenditore e vorremmo essere in grado di pubblicare i nostri link senza che vengano visualizzati i rispettivi nomi commerciali. Vorremmo che solo il nostro si presentasse. Ma non \u00e8 un grosso problema.<\/p>\n","protected":false},"excerpt":{"rendered":"<p>Acuity Scheduling \u00e8 una soluzione per la pianificazione degli appuntamenti basata su cloud che consente agli imprenditori di gestire i propri appuntamenti online. Il prodotto soddisfa le esigenze delle piccole e medie imprese e dei singoli professionisti. Il software consente agli utenti di automatizzare le prenotazioni degli appuntamenti offrendo una visualizzazione in tempo reale della propria disponibilit\u00e0.<\/p>\n","protected":false},"author":19,"featured_media":32589,"parent":33071,"menu_order":0,"comment_status":"open","ping_status":"closed","template":"g1_template_page_review_new.php","meta":{"_acf_changed":false,"cwp_meta_box_check":"Yes","cwp_rev_product_name":"","cwp_rev_product_image":"","wppr_links":[],"cwp_rev_price":"","wppr_options":[{"name":"Usability","value":"0"},{"name":"Speed","value":"0"},{"name":"Features","value":"0"},{"name":"Support","value":"0"},{"name":"Pricing","value":"0"}],"wppr_pros":["","","","",""],"wppr_cons":["","","","",""],"_monsterinsights_skip_tracking":false,"_monsterinsights_sitenote_active":false,"_monsterinsights_sitenote_note":"","_monsterinsights_sitenote_category":0,"footnotes":""},"categories":[4186],"tags":[4191,396,4187,4190,4189,4188],"features":[],"class_list":{"0":"post-32588","1":"page","2":"type-page","3":"status-publish","4":"has-post-thumbnail","6":"category-gestionali-per-parrucchieri","7":"tag-acuity-scheduling","8":"tag-cloud","9":"tag-gestionale-per-parrucchieri","10":"tag-programma-gestionale-di-parrucchieri","11":"tag-software-gestionale-per-parrucchieri","12":"tag-soluzione-gestionale-per-parrucchieri"},"wppr_data":{"cwp_meta_box_check":"Yes","cwp_rev_product_name":"","_wppr_review_template":"default","cwp_rev_product_image":"","cwp_image_link":"image","wppr_links":[],"cwp_rev_price":"","wppr_pros":["","","","",""],"wppr_cons":["","","","",""],"wppr_rating":"0.00","wppr_options":{"1":{"name":"Usability","value":"0"},"2":{"name":"Speed","value":"0"},"3":{"name":"Features","value":"0"},"4":{"name":"Support","value":"0"},"5":{"name":"Pricing","value":"0"}},"wppr_review_type":"Product","wppr_review_custom_fields":{"additionalProperty":"","additionalType":"","aggregateRating":"","alternateName":"","audience":"","award":"","awards":"","brand":"","color":"","depth":"","description":"","disambiguatingDescription":"","gtin12":"","gtin13":"","gtin14":"","gtin8":"","height":"","identifier":"","image":"","isAccessoryOrSparePartFor":"","isConsumableFor":"","isRelatedTo":"","isSimilarTo":"","itemCondition":"","logo":"","mainEntityOfPage":"","manufacturer":"","material":"","model":"","mpn":"","name":"","offers":"","potentialAction":"","productID":"","productionDate":"","purchaseDate":"","releaseDate":"","review":"","reviews":"","sameAs":"","sku":"","slogan":"","subjectOf":"","url":"","weight":"","width":""}},"acf":[],"yoast_head":"<!-- This site is optimized with the Yoast SEO plugin v27.4 - https:\/\/yoast.com\/product\/yoast-seo-wordpress\/ -->\n<title>Acuity Scheduling: recensione gestionale parrucchieri - Accurate Reviews<\/title>\n<meta name=\"description\" content=\"Acuity Scheduling: recensione soluzione per la pianificazione degli appuntamenti online basata su cloud per ogni genere di attivit\u00e0.\" \/>\n<meta name=\"robots\" content=\"index, follow, max-snippet:-1, max-image-preview:large, max-video-preview:-1\" \/>\n<link rel=\"canonical\" href=\"https:\/\/www.accuratereviews.com\/it\/gestionale-per-parrucchieri\/acuity-scheduling-recensione\/\" \/>\n<meta property=\"og:locale\" content=\"it_IT\" \/>\n<meta property=\"og:type\" content=\"article\" \/>\n<meta property=\"og:title\" content=\"Acuity Scheduling: recensione gestionale parrucchieri - Accurate Reviews\" \/>\n<meta property=\"og:description\" content=\"Acuity Scheduling: recensione soluzione per la pianificazione degli appuntamenti online basata su cloud per ogni genere di attivit\u00e0.\" \/>\n<meta property=\"og:url\" content=\"https:\/\/www.accuratereviews.com\/it\/gestionale-per-parrucchieri\/acuity-scheduling-recensione\/\" \/>\n<meta property=\"og:site_name\" content=\"Accurate Reviews\" \/>\n<meta property=\"article:modified_time\" content=\"2024-03-30T10:07:22+00:00\" \/>\n<meta property=\"og:image\" content=\"https:\/\/www.accuratereviews.com\/wp-content\/uploads\/2020\/11\/Acuity-Logo.png\" \/>\n\t<meta property=\"og:image:width\" content=\"1024\" \/>\n\t<meta property=\"og:image:height\" content=\"576\" \/>\n\t<meta property=\"og:image:type\" content=\"image\/png\" \/>\n<meta name=\"twitter:card\" content=\"summary_large_image\" \/>\n<meta name=\"twitter:label1\" content=\"Tempo di lettura stimato\" \/>\n\t<meta name=\"twitter:data1\" content=\"6 minuti\" \/>\n<script type=\"application\/ld+json\" class=\"yoast-schema-graph\">{\"@context\":\"https:\\\/\\\/schema.org\",\"@graph\":[{\"@type\":\"WebPage\",\"@id\":\"https:\\\/\\\/www.accuratereviews.com\\\/it\\\/gestionale-per-parrucchieri\\\/acuity-scheduling-recensione\\\/\",\"url\":\"https:\\\/\\\/www.accuratereviews.com\\\/it\\\/gestionale-per-parrucchieri\\\/acuity-scheduling-recensione\\\/\",\"name\":\"Acuity Scheduling: recensione gestionale parrucchieri - Accurate Reviews\",\"isPartOf\":{\"@id\":\"https:\\\/\\\/www.accuratereviews.com\\\/it\\\/#website\"},\"primaryImageOfPage\":{\"@id\":\"https:\\\/\\\/www.accuratereviews.com\\\/it\\\/gestionale-per-parrucchieri\\\/acuity-scheduling-recensione\\\/#primaryimage\"},\"image\":{\"@id\":\"https:\\\/\\\/www.accuratereviews.com\\\/it\\\/gestionale-per-parrucchieri\\\/acuity-scheduling-recensione\\\/#primaryimage\"},\"thumbnailUrl\":\"https:\\\/\\\/www.accuratereviews.com\\\/wp-content\\\/uploads\\\/2020\\\/11\\\/Acuity-Logo.png\",\"datePublished\":\"2020-11-17T11:39:20+00:00\",\"dateModified\":\"2024-03-30T10:07:22+00:00\",\"description\":\"Acuity Scheduling: recensione soluzione per la pianificazione degli appuntamenti online basata su cloud per ogni genere di attivit\u00e0.\",\"breadcrumb\":{\"@id\":\"https:\\\/\\\/www.accuratereviews.com\\\/it\\\/gestionale-per-parrucchieri\\\/acuity-scheduling-recensione\\\/#breadcrumb\"},\"inLanguage\":\"it-IT\",\"potentialAction\":[{\"@type\":\"ReadAction\",\"target\":[\"https:\\\/\\\/www.accuratereviews.com\\\/it\\\/gestionale-per-parrucchieri\\\/acuity-scheduling-recensione\\\/\"]}]},{\"@type\":\"ImageObject\",\"inLanguage\":\"it-IT\",\"@id\":\"https:\\\/\\\/www.accuratereviews.com\\\/it\\\/gestionale-per-parrucchieri\\\/acuity-scheduling-recensione\\\/#primaryimage\",\"url\":\"https:\\\/\\\/www.accuratereviews.com\\\/wp-content\\\/uploads\\\/2020\\\/11\\\/Acuity-Logo.png\",\"contentUrl\":\"https:\\\/\\\/www.accuratereviews.com\\\/wp-content\\\/uploads\\\/2020\\\/11\\\/Acuity-Logo.png\",\"width\":1024,\"height\":576},{\"@type\":\"BreadcrumbList\",\"@id\":\"https:\\\/\\\/www.accuratereviews.com\\\/it\\\/gestionale-per-parrucchieri\\\/acuity-scheduling-recensione\\\/#breadcrumb\",\"itemListElement\":[{\"@type\":\"ListItem\",\"position\":1,\"name\":\"Home\",\"item\":\"https:\\\/\\\/www.accuratereviews.com\\\/it\\\/\"},{\"@type\":\"ListItem\",\"position\":2,\"name\":\"Gestionale per parrucchieri\",\"item\":\"https:\\\/\\\/www.accuratereviews.com\\\/it\\\/gestionale-per-parrucchieri\\\/\"},{\"@type\":\"ListItem\",\"position\":3,\"name\":\"Acuity Scheduling\"}]},{\"@type\":\"WebSite\",\"@id\":\"https:\\\/\\\/www.accuratereviews.com\\\/it\\\/#website\",\"url\":\"https:\\\/\\\/www.accuratereviews.com\\\/it\\\/\",\"name\":\"Accurate Reviews\",\"description\":\"\",\"potentialAction\":[{\"@type\":\"SearchAction\",\"target\":{\"@type\":\"EntryPoint\",\"urlTemplate\":\"https:\\\/\\\/www.accuratereviews.com\\\/it\\\/?s={search_term_string}\"},\"query-input\":{\"@type\":\"PropertyValueSpecification\",\"valueRequired\":true,\"valueName\":\"search_term_string\"}}],\"inLanguage\":\"it-IT\"}]}<\/script>\n<!-- \/ Yoast SEO plugin. -->","yoast_head_json":{"title":"Acuity Scheduling: recensione gestionale parrucchieri - Accurate Reviews","description":"Acuity Scheduling: recensione soluzione per la pianificazione degli appuntamenti online basata su cloud per ogni genere di attivit\u00e0.","robots":{"index":"index","follow":"follow","max-snippet":"max-snippet:-1","max-image-preview":"max-image-preview:large","max-video-preview":"max-video-preview:-1"},"canonical":"https:\/\/www.accuratereviews.com\/it\/gestionale-per-parrucchieri\/acuity-scheduling-recensione\/","og_locale":"it_IT","og_type":"article","og_title":"Acuity Scheduling: recensione gestionale parrucchieri - Accurate Reviews","og_description":"Acuity Scheduling: recensione soluzione per la pianificazione degli appuntamenti online basata su cloud per ogni genere di attivit\u00e0.","og_url":"https:\/\/www.accuratereviews.com\/it\/gestionale-per-parrucchieri\/acuity-scheduling-recensione\/","og_site_name":"Accurate Reviews","article_modified_time":"2024-03-30T10:07:22+00:00","og_image":[{"width":1024,"height":576,"url":"https:\/\/www.accuratereviews.com\/wp-content\/uploads\/2020\/11\/Acuity-Logo.png","type":"image\/png"}],"twitter_card":"summary_large_image","twitter_misc":{"Tempo di lettura stimato":"6 minuti"},"schema":{"@context":"https:\/\/schema.org","@graph":[{"@type":"WebPage","@id":"https:\/\/www.accuratereviews.com\/it\/gestionale-per-parrucchieri\/acuity-scheduling-recensione\/","url":"https:\/\/www.accuratereviews.com\/it\/gestionale-per-parrucchieri\/acuity-scheduling-recensione\/","name":"Acuity Scheduling: recensione gestionale parrucchieri - Accurate Reviews","isPartOf":{"@id":"https:\/\/www.accuratereviews.com\/it\/#website"},"primaryImageOfPage":{"@id":"https:\/\/www.accuratereviews.com\/it\/gestionale-per-parrucchieri\/acuity-scheduling-recensione\/#primaryimage"},"image":{"@id":"https:\/\/www.accuratereviews.com\/it\/gestionale-per-parrucchieri\/acuity-scheduling-recensione\/#primaryimage"},"thumbnailUrl":"https:\/\/www.accuratereviews.com\/wp-content\/uploads\/2020\/11\/Acuity-Logo.png","datePublished":"2020-11-17T11:39:20+00:00","dateModified":"2024-03-30T10:07:22+00:00","description":"Acuity Scheduling: recensione soluzione per la pianificazione degli appuntamenti online basata su cloud per ogni genere di attivit\u00e0.","breadcrumb":{"@id":"https:\/\/www.accuratereviews.com\/it\/gestionale-per-parrucchieri\/acuity-scheduling-recensione\/#breadcrumb"},"inLanguage":"it-IT","potentialAction":[{"@type":"ReadAction","target":["https:\/\/www.accuratereviews.com\/it\/gestionale-per-parrucchieri\/acuity-scheduling-recensione\/"]}]},{"@type":"ImageObject","inLanguage":"it-IT","@id":"https:\/\/www.accuratereviews.com\/it\/gestionale-per-parrucchieri\/acuity-scheduling-recensione\/#primaryimage","url":"https:\/\/www.accuratereviews.com\/wp-content\/uploads\/2020\/11\/Acuity-Logo.png","contentUrl":"https:\/\/www.accuratereviews.com\/wp-content\/uploads\/2020\/11\/Acuity-Logo.png","width":1024,"height":576},{"@type":"BreadcrumbList","@id":"https:\/\/www.accuratereviews.com\/it\/gestionale-per-parrucchieri\/acuity-scheduling-recensione\/#breadcrumb","itemListElement":[{"@type":"ListItem","position":1,"name":"Home","item":"https:\/\/www.accuratereviews.com\/it\/"},{"@type":"ListItem","position":2,"name":"Gestionale per parrucchieri","item":"https:\/\/www.accuratereviews.com\/it\/gestionale-per-parrucchieri\/"},{"@type":"ListItem","position":3,"name":"Acuity Scheduling"}]},{"@type":"WebSite","@id":"https:\/\/www.accuratereviews.com\/it\/#website","url":"https:\/\/www.accuratereviews.com\/it\/","name":"Accurate Reviews","description":"","potentialAction":[{"@type":"SearchAction","target":{"@type":"EntryPoint","urlTemplate":"https:\/\/www.accuratereviews.com\/it\/?s={search_term_string}"},"query-input":{"@type":"PropertyValueSpecification","valueRequired":true,"valueName":"search_term_string"}}],"inLanguage":"it-IT"}]}},"_links":{"self":[{"href":"https:\/\/www.accuratereviews.com\/it\/wp-json\/wp\/v2\/pages\/32588","targetHints":{"allow":["GET"]}}],"collection":[{"href":"https:\/\/www.accuratereviews.com\/it\/wp-json\/wp\/v2\/pages"}],"about":[{"href":"https:\/\/www.accuratereviews.com\/it\/wp-json\/wp\/v2\/types\/page"}],"author":[{"embeddable":true,"href":"https:\/\/www.accuratereviews.com\/it\/wp-json\/wp\/v2\/users\/19"}],"replies":[{"embeddable":true,"href":"https:\/\/www.accuratereviews.com\/it\/wp-json\/wp\/v2\/comments?post=32588"}],"version-history":[{"count":14,"href":"https:\/\/www.accuratereviews.com\/it\/wp-json\/wp\/v2\/pages\/32588\/revisions"}],"predecessor-version":[{"id":75671,"href":"https:\/\/www.accuratereviews.com\/it\/wp-json\/wp\/v2\/pages\/32588\/revisions\/75671"}],"up":[{"embeddable":true,"href":"https:\/\/www.accuratereviews.com\/it\/wp-json\/wp\/v2\/pages\/33071"}],"wp:featuredmedia":[{"embeddable":true,"href":"https:\/\/www.accuratereviews.com\/it\/wp-json\/wp\/v2\/media\/32589"}],"wp:attachment":[{"href":"https:\/\/www.accuratereviews.com\/it\/wp-json\/wp\/v2\/media?parent=32588"}],"wp:term":[{"taxonomy":"category","embeddable":true,"href":"https:\/\/www.accuratereviews.com\/it\/wp-json\/wp\/v2\/categories?post=32588"},{"taxonomy":"post_tag","embeddable":true,"href":"https:\/\/www.accuratereviews.com\/it\/wp-json\/wp\/v2\/tags?post=32588"},{"taxonomy":"features","embeddable":true,"href":"https:\/\/www.accuratereviews.com\/it\/wp-json\/wp\/v2\/features?post=32588"}],"curies":[{"name":"wp","href":"https:\/\/api.w.org\/{rel}","templated":true}]}}