{"id":32602,"date":"2020-11-17T11:28:40","date_gmt":"2020-11-17T11:28:40","guid":{"rendered":"https:\/\/www.accuratereviews.com\/?page_id=32602"},"modified":"2024-03-16T10:39:57","modified_gmt":"2024-03-16T10:39:57","slug":"fresha-recensione","status":"publish","type":"page","link":"https:\/\/www.accuratereviews.com\/it\/gestionale-per-parrucchieri\/fresha-recensione\/","title":{"rendered":"Fresha"},"content":{"rendered":"<p><strong>Fresha<\/strong>, precedentemente chiamato Shedul, \u00e8 una <strong>soluzione di pianificazione<\/strong> e gestione degli appuntamenti basata su <strong>cloud<\/strong> e progettata specificamente per le esigenze del settore della bellezza e del benessere. <span class=\"JLqJ4b ChMk0b\" data-language-for-alternatives=\"it\" data-language-to-translate-into=\"en\" data-phrase-index=\"1\">Il prodotto non richiede installazione ed \u00e8 accessibile da qualsiasi dispositivo per raccogliere informazioni sugli appuntamenti in tempo reale.<span class=\"JLqJ4b\" data-language-for-alternatives=\"it\" data-language-to-translate-into=\"en\" data-phrase-index=\"2\"><strong> Fresha<\/strong> consente ai clienti di prenotare online in qualsiasi momento, da qualsiasi luogo. La soluzione offre la gestione del calendario e dei prodotti, la gestione dei servizi e un sistema di punti vendita (POS). I dipendenti e la direzione possono rimanere aggiornati sulle attivit\u00e0 quotidiane utilizzando la dashboard delle attivit\u00e0 che fornisce una visione a colpo d&#8217;occhio delle prenotazioni.<\/span><\/span><\/p>\n<h2>FRESHA &#8211; TUTORIAL<\/h2>\n<p>Ecco un tutorial in cui illustra le funzioni di questo software gestionale per parrucchieri:<\/p>\n<div id=\"fluid-wrapper-counter-1\" class=\"g1-fluid-wrapper \" style=\"width:686px;\">\n<div style=\"padding-bottom:56.268221574344%;\"><iframe loading=\"lazy\" title=\"Fresha Booking System Tutorial: How to Use Fresha\" width=\"686\" height=\"386\" src=\"https:\/\/www.youtube.com\/embed\/cWLKFpzcPb8?feature=oembed&amp;wmode=transparent&amp;autohide=1&amp;autoplay=0&amp;disablekb=0&amp;fs=1&amp;loop=0&amp;enablejsapi=1&amp;rel=0&amp;controls=2&amp;showinfo=0&amp;wmode=transparent&amp;autohide=2&amp;autoplay=0&amp;disablekb=0&amp;fs=1&amp;loop=0&amp;enablejsapi=1&amp;rel=0&amp;controls=2&amp;showinfo=1\" frameborder=\"0\" allow=\"accelerometer; autoplay; clipboard-write; encrypted-media; gyroscope; picture-in-picture; web-share\" allowfullscreen><\/iframe><\/div>\n<\/div>\n<h3>FRESHA &#8211; CARATTERISTICHE<\/h3>\n<ul>\n<li><strong>Pianificazione degli appuntamenti<\/strong>: strumenti professionali per calendari, estremamente facili da usare su cellulari, tablet e desktop<\/li>\n<li><strong>Punto vendita (POS)<\/strong>: tutto il necessario per la vendita al dettaglio, il supporto agli scanner dei codici a barre, alle stampanti di ricevute e cassetti portadenaro<\/li>\n<li><strong>Inventario prodotti<\/strong>: gestione magazzino con ordine fornitore, monitoraggio dell&#8217;uso professionale e stock al dettaglio<\/li>\n<li><strong>Report e analisi:<\/strong> ottimizza la tua attivit\u00e0 con informazioni provenienti in tempo reale da dashboards delle performance e rendicontazione finanziaria<\/li>\n<li><strong>Elaborazione pagamento<\/strong>: semplici pagamenti in-app con le carte clienti salvate e terminali di pagamento in negozio<\/li>\n<li><strong>Promozioni di marketing<\/strong>: incrementa le vendite e completa il tuo calendario con una serie di strumenti di marketing intelligenti<\/li>\n<\/ul>\n<h4>LE RECENSIONI DEGLI UTENTI<\/h4>\n<h4 class=\"font-weight-bold mb-1 d-flex align-items-center\">Emily P.&#8221;Fantastico!!&#8221;<\/h4>\n<p><strong>Commenti: <\/strong>Lo amo!<\/p>\n<p><strong>Vantaggi: <\/strong>Mi piace che Fresha sia semplice e facile da usare. Proveniente da un sistema molto pi\u00f9 complicato come MINDBODY, Fresha \u00e8 stato cos\u00ec meravigliosamente facile da capire e implementare. Il servizio clienti \u00e8 sempre stato cos\u00ec gentile, reattivo e felice di aiutare. Amo questo software e sono cos\u00ec grato per come mi hanno supportato durante le sfide di COVID-19.<\/p>\n<p><strong>Inconvenienti: <\/strong>Sono stato con loro da alcuni anni, quindi come qualsiasi software \u00e8 stata una build graduale con nuove funzionalit\u00e0. L&#8217;elaborazione \/ vendita online e i buoni regalo non sono sempre stati una funzionalit\u00e0, ma sono cos\u00ec bravi ad ascoltare le esigenze dei loro clienti e ad apportare aggiornamenti.<\/p>\n<h4 class=\"font-weight-bold mb-1 d-flex align-items-center\">Harry D.&#8221;Fresha mi sorprende ancora ogni giorno!&#8221;<\/h4>\n<p><strong>Commenti: <\/strong>Se sei un&#8217;azienda alle prime armi o gi\u00e0 esistente, alla ricerca di un software affidabile per prenotare e gestire i tuoi appuntamenti e clienti, non cercare oltre. Scegli FRESHA!<\/p>\n<p><strong>Vantaggi: <\/strong>Qualit\u00e0 prezzo! Puoi scegliere di utilizzare il programma gratuitamente. Se vuoi aggiungere le utilit\u00e0 &#8220;Plus&#8221;, paghi un prezzo equo.<\/p>\n<p><strong>Inconvenienti: <\/strong>Devo ancora scoprirlo. Ogni volta che ho una domanda, le mie e-mail all&#8217;helpdesk ricevono risposta entro poche ore, a volte anche minuti! Mai visto prima.<\/p>\n<h4 class=\"font-weight-bold mb-1 d-flex align-items-center\">Jess J.&#8221;Il migliore&#8221;<\/h4>\n<p><strong>Vantaggi: <\/strong>Questo programma \u00e8 cos\u00ec facile da usare, ha tutti i rapporti corretti facilmente disponibili.<\/p>\n<p><strong>Inconvenienti: <\/strong>L&#8217;unica cosa che \u00e8 un leggero inconveniente \u00e8 l&#8217;impossibilit\u00e0 di personalizzare i messaggi di testo di promemoria e le notifiche che vengono inviate ai clienti.<\/p>\n","protected":false},"excerpt":{"rendered":"<p>Fresha, precedentemente chiamato Shedul, \u00e8 una soluzione di pianificazione e gestione degli appuntamenti basata su cloud progettata specificamente per le esigenze del settore della bellezza e del benessere. Il prodotto non richiede installazione ed \u00e8 accessibile da qualsiasi dispositivo per raccogliere informazioni sugli appuntamenti in tempo reale. Fresha consente ai clienti di prenotare appuntamenti online in qualsiasi momento, da qualsiasi luogo.<\/p>\n","protected":false},"author":19,"featured_media":75215,"parent":33071,"menu_order":0,"comment_status":"open","ping_status":"closed","template":"g1_template_page_review_new.php","meta":{"_acf_changed":false,"cwp_meta_box_check":"Yes","cwp_rev_product_name":"","cwp_rev_product_image":"https:\/\/www.accuratereviews.com\/wp-content\/uploads\/2020\/11\/Fresha-logo-1.jpg","wppr_links":[],"cwp_rev_price":"","wppr_options":[{"name":"Usability","value":"0"},{"name":"Speed","value":"0"},{"name":"Features","value":"0"},{"name":"Support","value":"0"},{"name":"Pricing","value":"0"}],"wppr_pros":["","","","",""],"wppr_cons":["","","","",""],"_monsterinsights_skip_tracking":false,"_monsterinsights_sitenote_active":false,"_monsterinsights_sitenote_note":"","_monsterinsights_sitenote_category":0,"footnotes":""},"categories":[4186],"tags":[396,4193,4187,4196,4195,4194,4189,4188],"features":[],"class_list":{"0":"post-32602","1":"page","2":"type-page","3":"status-publish","4":"has-post-thumbnail","6":"category-gestionali-per-parrucchieri","7":"tag-cloud","8":"tag-fresha","9":"tag-gestionale-per-parrucchieri","10":"tag-piattaforma-gestionale-per-parrucchieri","11":"tag-programma-gestionale-per-parrucchieri","12":"tag-shedul","13":"tag-software-gestionale-per-parrucchieri","14":"tag-soluzione-gestionale-per-parrucchieri"},"wppr_data":{"cwp_meta_box_check":"Yes","cwp_rev_product_name":"","_wppr_review_template":"default","cwp_rev_product_image":"https:\/\/www.accuratereviews.com\/wp-content\/uploads\/2020\/11\/Fresha-logo-1.jpg","cwp_image_link":"image","wppr_links":[],"cwp_rev_price":"","wppr_pros":["","","","",""],"wppr_cons":["","","","",""],"wppr_rating":"0.00","wppr_options":{"1":{"name":"Usability","value":"0"},"2":{"name":"Speed","value":"0"},"3":{"name":"Features","value":"0"},"4":{"name":"Support","value":"0"},"5":{"name":"Pricing","value":"0"}},"wppr_review_type":"Product","wppr_review_custom_fields":{"additionalProperty":"","additionalType":"","aggregateRating":"","alternateName":"","audience":"","award":"","awards":"","brand":"","color":"","depth":"","description":"","disambiguatingDescription":"","gtin12":"","gtin13":"","gtin14":"","gtin8":"","height":"","identifier":"","image":"","isAccessoryOrSparePartFor":"","isConsumableFor":"","isRelatedTo":"","isSimilarTo":"","itemCondition":"","logo":"","mainEntityOfPage":"","manufacturer":"","material":"","model":"","mpn":"","name":"","offers":"","potentialAction":"","productID":"","productionDate":"","purchaseDate":"","releaseDate":"","review":"","reviews":"","sameAs":"","sku":"","slogan":"","subjectOf":"","url":"","weight":"","width":""}},"acf":[],"yoast_head":"<!-- This site is optimized with the Yoast SEO plugin v27.4 - https:\/\/yoast.com\/product\/yoast-seo-wordpress\/ -->\n<title>Fresha: recensione software gestionale parrucchieri - Accurate Reviews<\/title>\n<meta name=\"description\" content=\"Fresha: recensione soluzione di pianificazione e gestione degli appuntamenti basata su cloud progettata per il settore della bellezza.\" \/>\n<meta name=\"robots\" content=\"index, follow, max-snippet:-1, max-image-preview:large, max-video-preview:-1\" \/>\n<link rel=\"canonical\" href=\"https:\/\/www.accuratereviews.com\/it\/gestionale-per-parrucchieri\/fresha-recensione\/\" \/>\n<meta property=\"og:locale\" content=\"it_IT\" \/>\n<meta property=\"og:type\" content=\"article\" \/>\n<meta property=\"og:title\" content=\"Fresha: recensione software gestionale parrucchieri - Accurate Reviews\" \/>\n<meta property=\"og:description\" content=\"Fresha: recensione soluzione di pianificazione e gestione degli appuntamenti basata su cloud progettata per il settore della bellezza.\" \/>\n<meta property=\"og:url\" content=\"https:\/\/www.accuratereviews.com\/it\/gestionale-per-parrucchieri\/fresha-recensione\/\" \/>\n<meta property=\"og:site_name\" content=\"Accurate Reviews\" \/>\n<meta property=\"article:modified_time\" content=\"2024-03-16T10:39:57+00:00\" \/>\n<meta property=\"og:image\" content=\"https:\/\/www.accuratereviews.com\/wp-content\/uploads\/2024\/03\/fresha.webp\" \/>\n\t<meta property=\"og:image:width\" content=\"600\" \/>\n\t<meta property=\"og:image:height\" content=\"315\" \/>\n\t<meta property=\"og:image:type\" content=\"image\/webp\" \/>\n<meta name=\"twitter:card\" content=\"summary_large_image\" \/>\n<meta name=\"twitter:label1\" content=\"Tempo di lettura stimato\" \/>\n\t<meta name=\"twitter:data1\" content=\"4 minuti\" \/>\n<script type=\"application\/ld+json\" class=\"yoast-schema-graph\">{\"@context\":\"https:\\\/\\\/schema.org\",\"@graph\":[{\"@type\":\"WebPage\",\"@id\":\"https:\\\/\\\/www.accuratereviews.com\\\/it\\\/gestionale-per-parrucchieri\\\/fresha-recensione\\\/\",\"url\":\"https:\\\/\\\/www.accuratereviews.com\\\/it\\\/gestionale-per-parrucchieri\\\/fresha-recensione\\\/\",\"name\":\"Fresha: recensione software gestionale parrucchieri - Accurate Reviews\",\"isPartOf\":{\"@id\":\"https:\\\/\\\/www.accuratereviews.com\\\/it\\\/#website\"},\"primaryImageOfPage\":{\"@id\":\"https:\\\/\\\/www.accuratereviews.com\\\/it\\\/gestionale-per-parrucchieri\\\/fresha-recensione\\\/#primaryimage\"},\"image\":{\"@id\":\"https:\\\/\\\/www.accuratereviews.com\\\/it\\\/gestionale-per-parrucchieri\\\/fresha-recensione\\\/#primaryimage\"},\"thumbnailUrl\":\"https:\\\/\\\/www.accuratereviews.com\\\/wp-content\\\/uploads\\\/2024\\\/03\\\/fresha.webp\",\"datePublished\":\"2020-11-17T11:28:40+00:00\",\"dateModified\":\"2024-03-16T10:39:57+00:00\",\"description\":\"Fresha: recensione soluzione di pianificazione e gestione degli appuntamenti basata su cloud progettata per il settore della bellezza.\",\"breadcrumb\":{\"@id\":\"https:\\\/\\\/www.accuratereviews.com\\\/it\\\/gestionale-per-parrucchieri\\\/fresha-recensione\\\/#breadcrumb\"},\"inLanguage\":\"it-IT\",\"potentialAction\":[{\"@type\":\"ReadAction\",\"target\":[\"https:\\\/\\\/www.accuratereviews.com\\\/it\\\/gestionale-per-parrucchieri\\\/fresha-recensione\\\/\"]}]},{\"@type\":\"ImageObject\",\"inLanguage\":\"it-IT\",\"@id\":\"https:\\\/\\\/www.accuratereviews.com\\\/it\\\/gestionale-per-parrucchieri\\\/fresha-recensione\\\/#primaryimage\",\"url\":\"https:\\\/\\\/www.accuratereviews.com\\\/wp-content\\\/uploads\\\/2024\\\/03\\\/fresha.webp\",\"contentUrl\":\"https:\\\/\\\/www.accuratereviews.com\\\/wp-content\\\/uploads\\\/2024\\\/03\\\/fresha.webp\",\"width\":600,\"height\":315},{\"@type\":\"BreadcrumbList\",\"@id\":\"https:\\\/\\\/www.accuratereviews.com\\\/it\\\/gestionale-per-parrucchieri\\\/fresha-recensione\\\/#breadcrumb\",\"itemListElement\":[{\"@type\":\"ListItem\",\"position\":1,\"name\":\"Home\",\"item\":\"https:\\\/\\\/www.accuratereviews.com\\\/it\\\/\"},{\"@type\":\"ListItem\",\"position\":2,\"name\":\"Gestionale per parrucchieri\",\"item\":\"https:\\\/\\\/www.accuratereviews.com\\\/it\\\/gestionale-per-parrucchieri\\\/\"},{\"@type\":\"ListItem\",\"position\":3,\"name\":\"Fresha\"}]},{\"@type\":\"WebSite\",\"@id\":\"https:\\\/\\\/www.accuratereviews.com\\\/it\\\/#website\",\"url\":\"https:\\\/\\\/www.accuratereviews.com\\\/it\\\/\",\"name\":\"Accurate Reviews\",\"description\":\"\",\"potentialAction\":[{\"@type\":\"SearchAction\",\"target\":{\"@type\":\"EntryPoint\",\"urlTemplate\":\"https:\\\/\\\/www.accuratereviews.com\\\/it\\\/?s={search_term_string}\"},\"query-input\":{\"@type\":\"PropertyValueSpecification\",\"valueRequired\":true,\"valueName\":\"search_term_string\"}}],\"inLanguage\":\"it-IT\"}]}<\/script>\n<!-- \/ Yoast SEO plugin. -->","yoast_head_json":{"title":"Fresha: recensione software gestionale parrucchieri - Accurate Reviews","description":"Fresha: recensione soluzione di pianificazione e gestione degli appuntamenti basata su cloud progettata per il settore della bellezza.","robots":{"index":"index","follow":"follow","max-snippet":"max-snippet:-1","max-image-preview":"max-image-preview:large","max-video-preview":"max-video-preview:-1"},"canonical":"https:\/\/www.accuratereviews.com\/it\/gestionale-per-parrucchieri\/fresha-recensione\/","og_locale":"it_IT","og_type":"article","og_title":"Fresha: recensione software gestionale parrucchieri - Accurate Reviews","og_description":"Fresha: recensione soluzione di pianificazione e gestione degli appuntamenti basata su cloud progettata per il settore della bellezza.","og_url":"https:\/\/www.accuratereviews.com\/it\/gestionale-per-parrucchieri\/fresha-recensione\/","og_site_name":"Accurate Reviews","article_modified_time":"2024-03-16T10:39:57+00:00","og_image":[{"width":600,"height":315,"url":"https:\/\/www.accuratereviews.com\/wp-content\/uploads\/2024\/03\/fresha.webp","type":"image\/webp"}],"twitter_card":"summary_large_image","twitter_misc":{"Tempo di lettura stimato":"4 minuti"},"schema":{"@context":"https:\/\/schema.org","@graph":[{"@type":"WebPage","@id":"https:\/\/www.accuratereviews.com\/it\/gestionale-per-parrucchieri\/fresha-recensione\/","url":"https:\/\/www.accuratereviews.com\/it\/gestionale-per-parrucchieri\/fresha-recensione\/","name":"Fresha: recensione software gestionale parrucchieri - Accurate Reviews","isPartOf":{"@id":"https:\/\/www.accuratereviews.com\/it\/#website"},"primaryImageOfPage":{"@id":"https:\/\/www.accuratereviews.com\/it\/gestionale-per-parrucchieri\/fresha-recensione\/#primaryimage"},"image":{"@id":"https:\/\/www.accuratereviews.com\/it\/gestionale-per-parrucchieri\/fresha-recensione\/#primaryimage"},"thumbnailUrl":"https:\/\/www.accuratereviews.com\/wp-content\/uploads\/2024\/03\/fresha.webp","datePublished":"2020-11-17T11:28:40+00:00","dateModified":"2024-03-16T10:39:57+00:00","description":"Fresha: recensione soluzione di pianificazione e gestione degli appuntamenti basata su cloud progettata per il settore della bellezza.","breadcrumb":{"@id":"https:\/\/www.accuratereviews.com\/it\/gestionale-per-parrucchieri\/fresha-recensione\/#breadcrumb"},"inLanguage":"it-IT","potentialAction":[{"@type":"ReadAction","target":["https:\/\/www.accuratereviews.com\/it\/gestionale-per-parrucchieri\/fresha-recensione\/"]}]},{"@type":"ImageObject","inLanguage":"it-IT","@id":"https:\/\/www.accuratereviews.com\/it\/gestionale-per-parrucchieri\/fresha-recensione\/#primaryimage","url":"https:\/\/www.accuratereviews.com\/wp-content\/uploads\/2024\/03\/fresha.webp","contentUrl":"https:\/\/www.accuratereviews.com\/wp-content\/uploads\/2024\/03\/fresha.webp","width":600,"height":315},{"@type":"BreadcrumbList","@id":"https:\/\/www.accuratereviews.com\/it\/gestionale-per-parrucchieri\/fresha-recensione\/#breadcrumb","itemListElement":[{"@type":"ListItem","position":1,"name":"Home","item":"https:\/\/www.accuratereviews.com\/it\/"},{"@type":"ListItem","position":2,"name":"Gestionale per parrucchieri","item":"https:\/\/www.accuratereviews.com\/it\/gestionale-per-parrucchieri\/"},{"@type":"ListItem","position":3,"name":"Fresha"}]},{"@type":"WebSite","@id":"https:\/\/www.accuratereviews.com\/it\/#website","url":"https:\/\/www.accuratereviews.com\/it\/","name":"Accurate Reviews","description":"","potentialAction":[{"@type":"SearchAction","target":{"@type":"EntryPoint","urlTemplate":"https:\/\/www.accuratereviews.com\/it\/?s={search_term_string}"},"query-input":{"@type":"PropertyValueSpecification","valueRequired":true,"valueName":"search_term_string"}}],"inLanguage":"it-IT"}]}},"_links":{"self":[{"href":"https:\/\/www.accuratereviews.com\/it\/wp-json\/wp\/v2\/pages\/32602","targetHints":{"allow":["GET"]}}],"collection":[{"href":"https:\/\/www.accuratereviews.com\/it\/wp-json\/wp\/v2\/pages"}],"about":[{"href":"https:\/\/www.accuratereviews.com\/it\/wp-json\/wp\/v2\/types\/page"}],"author":[{"embeddable":true,"href":"https:\/\/www.accuratereviews.com\/it\/wp-json\/wp\/v2\/users\/19"}],"replies":[{"embeddable":true,"href":"https:\/\/www.accuratereviews.com\/it\/wp-json\/wp\/v2\/comments?post=32602"}],"version-history":[{"count":14,"href":"https:\/\/www.accuratereviews.com\/it\/wp-json\/wp\/v2\/pages\/32602\/revisions"}],"predecessor-version":[{"id":75220,"href":"https:\/\/www.accuratereviews.com\/it\/wp-json\/wp\/v2\/pages\/32602\/revisions\/75220"}],"up":[{"embeddable":true,"href":"https:\/\/www.accuratereviews.com\/it\/wp-json\/wp\/v2\/pages\/33071"}],"wp:featuredmedia":[{"embeddable":true,"href":"https:\/\/www.accuratereviews.com\/it\/wp-json\/wp\/v2\/media\/75215"}],"wp:attachment":[{"href":"https:\/\/www.accuratereviews.com\/it\/wp-json\/wp\/v2\/media?parent=32602"}],"wp:term":[{"taxonomy":"category","embeddable":true,"href":"https:\/\/www.accuratereviews.com\/it\/wp-json\/wp\/v2\/categories?post=32602"},{"taxonomy":"post_tag","embeddable":true,"href":"https:\/\/www.accuratereviews.com\/it\/wp-json\/wp\/v2\/tags?post=32602"},{"taxonomy":"features","embeddable":true,"href":"https:\/\/www.accuratereviews.com\/it\/wp-json\/wp\/v2\/features?post=32602"}],"curies":[{"name":"wp","href":"https:\/\/api.w.org\/{rel}","templated":true}]}}