{"id":32684,"date":"2020-11-18T11:30:15","date_gmt":"2020-11-18T11:30:15","guid":{"rendered":"https:\/\/www.accuratereviews.com\/?page_id=32684"},"modified":"2024-04-20T09:14:12","modified_gmt":"2024-04-20T09:14:12","slug":"booker-recensione","status":"publish","type":"page","link":"https:\/\/www.accuratereviews.com\/it\/gestionale-per-parrucchieri\/booker-recensione\/","title":{"rendered":"Booker"},"content":{"rendered":"<p><strong>Booker<\/strong> di Mindbody \u00e8 una <strong>soluzione di prenotazione<\/strong> basata su <strong>cloud<\/strong> che fornisce alle aziende del settore cosmetico e del benessere come spa e parrucchieri, strumenti che le aiutano a gestire le routine di prenotazione, i pagamenti, le interazioni con i clienti e le attivit\u00e0 di marketing. Le caratteristiche principali includono uno scheduler integrato, prenotazione sui social media, funzionalit\u00e0 POS (point of sale) integrato, email marketing, sondaggi sui clienti e altro ancora. <strong>Booker<\/strong> offre elaborazione di carte di credito, buoni regalo, funzionalit\u00e0 di ecommerce e pu\u00f2 anche accettare pagamenti mobili dai clienti. Inoltre, il programma offre funzionalit\u00e0 di gestione delle relazioni con i clienti (CRM), strumenti di pianificazione dei dipendenti, un dashboard di business intelligence (BI) e funzionalit\u00e0 di gestione dell&#8217;inventario, programmi di fidelizzazione dei clienti e un motore di reporting.<\/p>\n<h2>BOOKER &#8211; TUTORIAL<\/h2>\n<p>Esploriamo insieme questo video per capire come sfruttare le funzioni di questo <strong>gestionale per parrucchieri<\/strong>:<\/p>\n<div id=\"fluid-wrapper-counter-1\" class=\"g1-fluid-wrapper \" style=\"width:686px;\">\n<div style=\"padding-bottom:56.268221574344%;\"><iframe loading=\"lazy\" title=\"System Overview\" width=\"686\" height=\"386\" src=\"https:\/\/www.youtube.com\/embed\/XEx7ggaSdSU?feature=oembed&amp;wmode=transparent&amp;autohide=1&amp;autoplay=0&amp;disablekb=0&amp;fs=1&amp;loop=0&amp;enablejsapi=1&amp;rel=0&amp;controls=2&amp;showinfo=0&amp;wmode=transparent&amp;autohide=2&amp;autoplay=0&amp;disablekb=0&amp;fs=1&amp;loop=0&amp;enablejsapi=1&amp;rel=0&amp;controls=2&amp;showinfo=1\" frameborder=\"0\" allow=\"accelerometer; autoplay; clipboard-write; encrypted-media; gyroscope; picture-in-picture; web-share\" referrerpolicy=\"strict-origin-when-cross-origin\" allowfullscreen><\/iframe><\/div>\n<\/div>\n<h3>BOOKER &#8211; CARATTERISTICHE<\/h3>\n<ul>\n<li><strong>Prenotazione online<\/strong>:<span class=\"JLqJ4b\" data-language-for-alternatives=\"it\" data-language-to-translate-into=\"en\" data-phrase-index=\"1\">\u00a0l<span class=\"JLqJ4b ChMk0b\" data-language-for-alternatives=\"it\" data-language-to-translate-into=\"en\" data-phrase-index=\"2\">a pagina di prenotazione online della soluzione si integra perfettamente nel tuo sito web esistente. Personalizza il design del tuo flusso di prenotazione in modo che corrisponda al tuo marchio<\/span><\/span><\/li>\n<li><strong>Pianificazione<\/strong>:<span class=\"JLqJ4b\" data-language-for-alternatives=\"it\" data-language-to-translate-into=\"en\" data-phrase-index=\"1\">\u00a0i<span class=\"JLqJ4b ChMk0b\" data-language-for-alternatives=\"it\" data-language-to-translate-into=\"en\" data-phrase-index=\"2\">l calendario \u00e8 il centro della tua attivit\u00e0 e le funzionalit\u00e0 di pianificazione sono progettate tenendo presente questo fatto<\/span><\/span><\/li>\n<li><strong>Prenotazione da cellulare e tablet<\/strong>:<span class=\"JLqJ4b\" data-language-for-alternatives=\"it\" data-language-to-translate-into=\"en\" data-phrase-index=\"1\">\u00a0p<span class=\"JLqJ4b ChMk0b\" data-language-for-alternatives=\"it\" data-language-to-translate-into=\"en\" data-phrase-index=\"2\">rogettato per essere accessibile da qualsiasi dispositivo, indipendentemente da dove ti trovi, offrendo flessibilit\u00e0 agli imprenditori e ai loro dipendenti. I tuoi clienti ricevono anche la stessa esperienza ottimizzata per dispositivi mobili al momento della prenotazione, dando loro la libert\u00e0 di connettersi<\/span><\/span><\/li>\n<li><strong>Notifiche<\/strong>:<span class=\"JLqJ4b\" data-language-for-alternatives=\"it\" data-language-to-translate-into=\"en\" data-phrase-index=\"1\">\u00a0r<span class=\"JLqJ4b ChMk0b\" data-language-for-alternatives=\"it\" data-language-to-translate-into=\"en\" data-phrase-index=\"2\">iduci le mancate presentazioni e assicurati che i tuoi clienti siano sempre al corrente dei loro prossimi appuntamenti con le notifiche di testo ed email<\/span><\/span><\/li>\n<li><strong>Certificati regalo<\/strong>:<span class=\"JLqJ4b\" data-language-for-alternatives=\"it\" data-language-to-translate-into=\"en\" data-phrase-index=\"1\">\u00a0a<span class=\"JLqJ4b ChMk0b\" data-language-for-alternatives=\"it\" data-language-to-translate-into=\"en\" data-phrase-index=\"2\">iuta i tuoi clienti a realizzare buoni regalo personalizzati<\/span><\/span><\/li>\n<li><strong>Promozione social<\/strong>:<span class=\"JLqJ4b\" data-language-for-alternatives=\"it\" data-language-to-translate-into=\"en\" data-phrase-index=\"1\"> crea e pubblica<span class=\"JLqJ4b ChMk0b\" data-language-for-alternatives=\"it\" data-language-to-translate-into=\"en\" data-phrase-index=\"2\"> offerte speciali a clienti potenziali e attuali su Facebook, Twitter e altri canali<\/span><\/span><\/li>\n<\/ul>\n<h4>LE RECENSIONE DEGLI UTENTI<\/h4>\n<h4 class=\"font-weight-bold mb-1 d-flex align-items-center\">Cody S.&#8221;Eccellente per la prenotazione online&#8221;<\/h4>\n<p><strong>Commenti: <\/strong>Booker ci ha permesso di tenere traccia di chi ha fatto cosa e quando e di ottimizzare i nostri piani.<\/p>\n<p><strong>Vantaggi: <\/strong>Booker \u00e8 stato un ottimo servizio per l&#8217;azienda. Ha permesso al team di svolgere tutto il nostro lavoro in un&#8217;unica interfaccia. Pianificazione degli appuntamenti, marketing, monitoraggio dei referral, tutto! \u00c8 incredibilmente semplice da usare per la prenotazione e il cambio di prenotazione e ci ha permesso di elaborare le prenotazioni online in modo semplice per fornire la migliore esperienza possibile per gli ospiti.<\/p>\n<p><strong>Inconvenienti: <\/strong>Booker ha subito molti tempi di inattivit\u00e0 per la manutenzione mentre la nostra azienda lo utilizzava. Siamo passati a un servizio diverso per un periodo. Booker, anche con tempi di inattivit\u00e0, \u00e8 stata un&#8217;esperienza SIGNIFICATIVAMENTE MIGLIORE, sia per i dipendenti che per i clienti.<\/p>\n<h4 class=\"font-weight-bold mb-1 d-flex align-items-center\">Faith B.&#8221;Ottimo da avere&#8221;<\/h4>\n<p><strong>Commenti: <\/strong>Sono stato in grado di trovare un sistema di prenotazione online per consentire ai clienti di prenotare a loro piacimento<\/p>\n<p><strong>Vantaggi: <\/strong>Mi piace che i clienti possano navigare facilmente attraverso l&#8217;app. \u00c8 facile per loro con le categorie in cui possono vedere ogni servizio rientra<\/p>\n<p><strong>Inconvenienti: <\/strong>Vorrei poter aggiungere delle foto in modo da poter mostrare ai clienti quali acconciature provare. \u00c8 sempre bello avere un&#8217;immagine<\/p>\n<h4>Eddy S.&#8221;Buono ma costoso&#8221;<\/h4>\n<p><strong>Commenti: <\/strong>La mia esperienza \u00e8 stata fantastica con loro. Il servizio clienti \u00e8 stato fantastico, facile da contattare e risolvere tempestivamente eventuali problemi che ho affrontato.<\/p>\n<p><strong>Vantaggi: <\/strong>Conoscevo questo programma come le mie tasche: per me era facile da usare e semplice da insegnare al nuovo personale. La ricerca di carte regalo e clienti era facile e aveva diversi modi per trovare qualcosa se avessi pochissime informazioni dal cliente per continuare.<\/p>\n<p><strong>Inconvenienti: <\/strong>Il prezzo era il mio problema pi\u00f9 grande. Come massaggiatore, vorrei che avesse una sezione delle note SOAP migliore o persino un corpo per rendere migliore la creazione di grafici su un cliente &#8211; \u00e8 principalmente un programmatore, quindi non lo so. Sarebbe stata solo una bella funzionalit\u00e0 aggiunta che avevano altri software di pianificazione concorrenti.<\/p>\n","protected":false},"excerpt":{"rendered":"<p>Booker di Mindbody \u00e8 una soluzione di prenotazione basata su cloud che fornisce alle aziende del settore cosmetico e del benessere come spa e parrucchieri, strumenti che le aiutano a gestire le routine di prenotazione, i pagamenti, le interazioni con i clienti e le attivit\u00e0 di marketing. Le caratteristiche principali includono uno scheduler integrato, prenotazione sui social media, funzionalit\u00e0 POS (point of sale) integrato, email marketing, sondaggi sui clienti e altro ancora.<\/p>\n","protected":false},"author":19,"featured_media":32686,"parent":33071,"menu_order":0,"comment_status":"open","ping_status":"closed","template":"g1_template_page_review_new.php","meta":{"_acf_changed":false,"cwp_meta_box_check":"Yes","cwp_rev_product_name":"","cwp_rev_product_image":"","wppr_links":[],"cwp_rev_price":"","wppr_options":[{"name":"Usability","value":"0"},{"name":"Speed","value":"0"},{"name":"Features","value":"0"},{"name":"Support","value":"0"},{"name":"Pricing","value":"0"}],"wppr_pros":["","","","",""],"wppr_cons":["","","","",""],"_monsterinsights_skip_tracking":false,"_monsterinsights_sitenote_active":false,"_monsterinsights_sitenote_note":"","_monsterinsights_sitenote_category":0,"footnotes":""},"categories":[4186],"tags":[4218,4216,2650,4196,4195,4217,4188],"features":[],"class_list":{"0":"post-32684","1":"page","2":"type-page","3":"status-publish","4":"has-post-thumbnail","6":"category-gestionali-per-parrucchieri","7":"tag-booker","8":"tag-gestionale-per-parrucchiere","9":"tag-mindbody","10":"tag-piattaforma-gestionale-per-parrucchieri","11":"tag-programma-gestionale-per-parrucchieri","12":"tag-software-gestionale-per-parrucchiere","13":"tag-soluzione-gestionale-per-parrucchieri","14":"g1_relation_tag-cloud"},"wppr_data":{"cwp_meta_box_check":"Yes","cwp_rev_product_name":"","_wppr_review_template":"default","cwp_rev_product_image":"","cwp_image_link":"image","wppr_links":[],"cwp_rev_price":"","wppr_pros":["","","","",""],"wppr_cons":["","","","",""],"wppr_rating":"0.00","wppr_options":{"1":{"name":"Usability","value":"0"},"2":{"name":"Speed","value":"0"},"3":{"name":"Features","value":"0"},"4":{"name":"Support","value":"0"},"5":{"name":"Pricing","value":"0"}},"wppr_review_type":"Product","wppr_review_custom_fields":{"additionalProperty":"","additionalType":"","aggregateRating":"","alternateName":"","audience":"","award":"","awards":"","brand":"","color":"","depth":"","description":"","disambiguatingDescription":"","gtin12":"","gtin13":"","gtin14":"","gtin8":"","height":"","identifier":"","image":"","isAccessoryOrSparePartFor":"","isConsumableFor":"","isRelatedTo":"","isSimilarTo":"","itemCondition":"","logo":"","mainEntityOfPage":"","manufacturer":"","material":"","model":"","mpn":"","name":"","offers":"","potentialAction":"","productID":"","productionDate":"","purchaseDate":"","releaseDate":"","review":"","reviews":"","sameAs":"","sku":"","slogan":"","subjectOf":"","url":"","weight":"","width":""}},"acf":[],"yoast_head":"<!-- This site is optimized with the Yoast SEO plugin v27.4 - https:\/\/yoast.com\/product\/yoast-seo-wordpress\/ -->\n<title>Booker: recensione software gestionale parrucchieri - Accurate Reviews<\/title>\n<meta name=\"description\" content=\"Booker: recensione della soluzione gestionale basata su cloud per aziende del settore cosmetico e del benessere come spa e parrucchieri.\" \/>\n<meta name=\"robots\" content=\"index, follow, max-snippet:-1, max-image-preview:large, max-video-preview:-1\" \/>\n<link rel=\"canonical\" href=\"https:\/\/www.accuratereviews.com\/it\/gestionale-per-parrucchieri\/booker-recensione\/\" \/>\n<meta property=\"og:locale\" content=\"it_IT\" \/>\n<meta property=\"og:type\" content=\"article\" \/>\n<meta property=\"og:title\" content=\"Booker: recensione software gestionale parrucchieri - Accurate Reviews\" \/>\n<meta property=\"og:description\" content=\"Booker: recensione della soluzione gestionale basata su cloud per aziende del settore cosmetico e del benessere come spa e parrucchieri.\" \/>\n<meta property=\"og:url\" content=\"https:\/\/www.accuratereviews.com\/it\/gestionale-per-parrucchieri\/booker-recensione\/\" \/>\n<meta property=\"og:site_name\" content=\"Accurate Reviews\" \/>\n<meta property=\"article:modified_time\" content=\"2024-04-20T09:14:12+00:00\" \/>\n<meta property=\"og:image\" content=\"https:\/\/www.accuratereviews.com\/wp-content\/uploads\/2020\/11\/booker.png\" \/>\n\t<meta property=\"og:image:width\" content=\"800\" \/>\n\t<meta property=\"og:image:height\" content=\"209\" \/>\n\t<meta property=\"og:image:type\" content=\"image\/png\" \/>\n<meta name=\"twitter:card\" content=\"summary_large_image\" \/>\n<meta name=\"twitter:label1\" content=\"Tempo di lettura stimato\" \/>\n\t<meta name=\"twitter:data1\" content=\"5 minuti\" \/>\n<script type=\"application\/ld+json\" class=\"yoast-schema-graph\">{\"@context\":\"https:\\\/\\\/schema.org\",\"@graph\":[{\"@type\":\"WebPage\",\"@id\":\"https:\\\/\\\/www.accuratereviews.com\\\/it\\\/gestionale-per-parrucchieri\\\/booker-recensione\\\/\",\"url\":\"https:\\\/\\\/www.accuratereviews.com\\\/it\\\/gestionale-per-parrucchieri\\\/booker-recensione\\\/\",\"name\":\"Booker: recensione software gestionale parrucchieri - Accurate Reviews\",\"isPartOf\":{\"@id\":\"https:\\\/\\\/www.accuratereviews.com\\\/it\\\/#website\"},\"primaryImageOfPage\":{\"@id\":\"https:\\\/\\\/www.accuratereviews.com\\\/it\\\/gestionale-per-parrucchieri\\\/booker-recensione\\\/#primaryimage\"},\"image\":{\"@id\":\"https:\\\/\\\/www.accuratereviews.com\\\/it\\\/gestionale-per-parrucchieri\\\/booker-recensione\\\/#primaryimage\"},\"thumbnailUrl\":\"https:\\\/\\\/www.accuratereviews.com\\\/wp-content\\\/uploads\\\/2020\\\/11\\\/booker.png\",\"datePublished\":\"2020-11-18T11:30:15+00:00\",\"dateModified\":\"2024-04-20T09:14:12+00:00\",\"description\":\"Booker: recensione della soluzione gestionale basata su cloud per aziende del settore cosmetico e del benessere come spa e parrucchieri.\",\"breadcrumb\":{\"@id\":\"https:\\\/\\\/www.accuratereviews.com\\\/it\\\/gestionale-per-parrucchieri\\\/booker-recensione\\\/#breadcrumb\"},\"inLanguage\":\"it-IT\",\"potentialAction\":[{\"@type\":\"ReadAction\",\"target\":[\"https:\\\/\\\/www.accuratereviews.com\\\/it\\\/gestionale-per-parrucchieri\\\/booker-recensione\\\/\"]}]},{\"@type\":\"ImageObject\",\"inLanguage\":\"it-IT\",\"@id\":\"https:\\\/\\\/www.accuratereviews.com\\\/it\\\/gestionale-per-parrucchieri\\\/booker-recensione\\\/#primaryimage\",\"url\":\"https:\\\/\\\/www.accuratereviews.com\\\/wp-content\\\/uploads\\\/2020\\\/11\\\/booker.png\",\"contentUrl\":\"https:\\\/\\\/www.accuratereviews.com\\\/wp-content\\\/uploads\\\/2020\\\/11\\\/booker.png\",\"width\":800,\"height\":209},{\"@type\":\"BreadcrumbList\",\"@id\":\"https:\\\/\\\/www.accuratereviews.com\\\/it\\\/gestionale-per-parrucchieri\\\/booker-recensione\\\/#breadcrumb\",\"itemListElement\":[{\"@type\":\"ListItem\",\"position\":1,\"name\":\"Home\",\"item\":\"https:\\\/\\\/www.accuratereviews.com\\\/it\\\/\"},{\"@type\":\"ListItem\",\"position\":2,\"name\":\"Gestionale per parrucchieri\",\"item\":\"https:\\\/\\\/www.accuratereviews.com\\\/it\\\/gestionale-per-parrucchieri\\\/\"},{\"@type\":\"ListItem\",\"position\":3,\"name\":\"Booker\"}]},{\"@type\":\"WebSite\",\"@id\":\"https:\\\/\\\/www.accuratereviews.com\\\/it\\\/#website\",\"url\":\"https:\\\/\\\/www.accuratereviews.com\\\/it\\\/\",\"name\":\"Accurate Reviews\",\"description\":\"\",\"potentialAction\":[{\"@type\":\"SearchAction\",\"target\":{\"@type\":\"EntryPoint\",\"urlTemplate\":\"https:\\\/\\\/www.accuratereviews.com\\\/it\\\/?s={search_term_string}\"},\"query-input\":{\"@type\":\"PropertyValueSpecification\",\"valueRequired\":true,\"valueName\":\"search_term_string\"}}],\"inLanguage\":\"it-IT\"}]}<\/script>\n<!-- \/ Yoast SEO plugin. -->","yoast_head_json":{"title":"Booker: recensione software gestionale parrucchieri - Accurate Reviews","description":"Booker: recensione della soluzione gestionale basata su cloud per aziende del settore cosmetico e del benessere come spa e parrucchieri.","robots":{"index":"index","follow":"follow","max-snippet":"max-snippet:-1","max-image-preview":"max-image-preview:large","max-video-preview":"max-video-preview:-1"},"canonical":"https:\/\/www.accuratereviews.com\/it\/gestionale-per-parrucchieri\/booker-recensione\/","og_locale":"it_IT","og_type":"article","og_title":"Booker: recensione software gestionale parrucchieri - Accurate Reviews","og_description":"Booker: recensione della soluzione gestionale basata su cloud per aziende del settore cosmetico e del benessere come spa e parrucchieri.","og_url":"https:\/\/www.accuratereviews.com\/it\/gestionale-per-parrucchieri\/booker-recensione\/","og_site_name":"Accurate Reviews","article_modified_time":"2024-04-20T09:14:12+00:00","og_image":[{"width":800,"height":209,"url":"https:\/\/www.accuratereviews.com\/wp-content\/uploads\/2020\/11\/booker.png","type":"image\/png"}],"twitter_card":"summary_large_image","twitter_misc":{"Tempo di lettura stimato":"5 minuti"},"schema":{"@context":"https:\/\/schema.org","@graph":[{"@type":"WebPage","@id":"https:\/\/www.accuratereviews.com\/it\/gestionale-per-parrucchieri\/booker-recensione\/","url":"https:\/\/www.accuratereviews.com\/it\/gestionale-per-parrucchieri\/booker-recensione\/","name":"Booker: recensione software gestionale parrucchieri - Accurate Reviews","isPartOf":{"@id":"https:\/\/www.accuratereviews.com\/it\/#website"},"primaryImageOfPage":{"@id":"https:\/\/www.accuratereviews.com\/it\/gestionale-per-parrucchieri\/booker-recensione\/#primaryimage"},"image":{"@id":"https:\/\/www.accuratereviews.com\/it\/gestionale-per-parrucchieri\/booker-recensione\/#primaryimage"},"thumbnailUrl":"https:\/\/www.accuratereviews.com\/wp-content\/uploads\/2020\/11\/booker.png","datePublished":"2020-11-18T11:30:15+00:00","dateModified":"2024-04-20T09:14:12+00:00","description":"Booker: recensione della soluzione gestionale basata su cloud per aziende del settore cosmetico e del benessere come spa e parrucchieri.","breadcrumb":{"@id":"https:\/\/www.accuratereviews.com\/it\/gestionale-per-parrucchieri\/booker-recensione\/#breadcrumb"},"inLanguage":"it-IT","potentialAction":[{"@type":"ReadAction","target":["https:\/\/www.accuratereviews.com\/it\/gestionale-per-parrucchieri\/booker-recensione\/"]}]},{"@type":"ImageObject","inLanguage":"it-IT","@id":"https:\/\/www.accuratereviews.com\/it\/gestionale-per-parrucchieri\/booker-recensione\/#primaryimage","url":"https:\/\/www.accuratereviews.com\/wp-content\/uploads\/2020\/11\/booker.png","contentUrl":"https:\/\/www.accuratereviews.com\/wp-content\/uploads\/2020\/11\/booker.png","width":800,"height":209},{"@type":"BreadcrumbList","@id":"https:\/\/www.accuratereviews.com\/it\/gestionale-per-parrucchieri\/booker-recensione\/#breadcrumb","itemListElement":[{"@type":"ListItem","position":1,"name":"Home","item":"https:\/\/www.accuratereviews.com\/it\/"},{"@type":"ListItem","position":2,"name":"Gestionale per parrucchieri","item":"https:\/\/www.accuratereviews.com\/it\/gestionale-per-parrucchieri\/"},{"@type":"ListItem","position":3,"name":"Booker"}]},{"@type":"WebSite","@id":"https:\/\/www.accuratereviews.com\/it\/#website","url":"https:\/\/www.accuratereviews.com\/it\/","name":"Accurate Reviews","description":"","potentialAction":[{"@type":"SearchAction","target":{"@type":"EntryPoint","urlTemplate":"https:\/\/www.accuratereviews.com\/it\/?s={search_term_string}"},"query-input":{"@type":"PropertyValueSpecification","valueRequired":true,"valueName":"search_term_string"}}],"inLanguage":"it-IT"}]}},"_links":{"self":[{"href":"https:\/\/www.accuratereviews.com\/it\/wp-json\/wp\/v2\/pages\/32684","targetHints":{"allow":["GET"]}}],"collection":[{"href":"https:\/\/www.accuratereviews.com\/it\/wp-json\/wp\/v2\/pages"}],"about":[{"href":"https:\/\/www.accuratereviews.com\/it\/wp-json\/wp\/v2\/types\/page"}],"author":[{"embeddable":true,"href":"https:\/\/www.accuratereviews.com\/it\/wp-json\/wp\/v2\/users\/19"}],"replies":[{"embeddable":true,"href":"https:\/\/www.accuratereviews.com\/it\/wp-json\/wp\/v2\/comments?post=32684"}],"version-history":[{"count":11,"href":"https:\/\/www.accuratereviews.com\/it\/wp-json\/wp\/v2\/pages\/32684\/revisions"}],"predecessor-version":[{"id":76051,"href":"https:\/\/www.accuratereviews.com\/it\/wp-json\/wp\/v2\/pages\/32684\/revisions\/76051"}],"up":[{"embeddable":true,"href":"https:\/\/www.accuratereviews.com\/it\/wp-json\/wp\/v2\/pages\/33071"}],"wp:featuredmedia":[{"embeddable":true,"href":"https:\/\/www.accuratereviews.com\/it\/wp-json\/wp\/v2\/media\/32686"}],"wp:attachment":[{"href":"https:\/\/www.accuratereviews.com\/it\/wp-json\/wp\/v2\/media?parent=32684"}],"wp:term":[{"taxonomy":"category","embeddable":true,"href":"https:\/\/www.accuratereviews.com\/it\/wp-json\/wp\/v2\/categories?post=32684"},{"taxonomy":"post_tag","embeddable":true,"href":"https:\/\/www.accuratereviews.com\/it\/wp-json\/wp\/v2\/tags?post=32684"},{"taxonomy":"features","embeddable":true,"href":"https:\/\/www.accuratereviews.com\/it\/wp-json\/wp\/v2\/features?post=32684"}],"curies":[{"name":"wp","href":"https:\/\/api.w.org\/{rel}","templated":true}]}}