{"id":32704,"date":"2020-11-18T11:34:49","date_gmt":"2020-11-18T11:34:49","guid":{"rendered":"https:\/\/www.accuratereviews.com\/?page_id=32704"},"modified":"2024-03-30T10:13:56","modified_gmt":"2024-03-30T10:13:56","slug":"simplybook-me-recensione","status":"publish","type":"page","link":"https:\/\/www.accuratereviews.com\/it\/gestionale-per-parrucchieri\/simplybook-me-recensione\/","title":{"rendered":"SimplyBook.me"},"content":{"rendered":"<p><strong>SimplyBook.me<\/strong> \u00e8 una <strong>soluzione di pianificazione<\/strong> basata su <strong>cloud<\/strong> progettata per le aziende di servizi in pi\u00f9 settori. Fornisce un sito di prenotazione in modo che gli utenti possano accettare prenotazioni online, raccogliere feedback dei clienti per ottimizzare le entrate e le prestazioni del servizio e inviare promemoria di appuntamenti tramite email e SMS sia ai fornitori di servizi che ai clienti. Lo strumento consente agli utenti di inviare promozioni, impostare servizi ricorrenti, collegare fornitori di servizi o selezionare servizi e personalizzare le opzioni per il sito di prenotazione. La personalizzazione include l&#8217;aggiunta del sistema di prenotazione come iFrame o l&#8217;aggiunta di un pulsante di prenotazione a un sito web o a una pagina Facebook. I clienti possono accedere alla pagina di prenotazione da pi\u00f9 dispositivi e possono annullare le prenotazioni quando richiesto.<\/p>\n<h2>SIMPLYBOOK.ME &#8211; TUTORIAL<\/h2>\n<p>Ecco un tutorial in cui mostra come utilizzare questo <strong>software gestionale di parrucchieri<\/strong>:<\/p>\n<div id=\"fluid-wrapper-counter-1\" class=\"g1-fluid-wrapper \" style=\"width:686px;\">\n<div style=\"padding-bottom:56.268221574344%;\"><iframe loading=\"lazy\" title=\"SimplyBook.me Explanatory Video\" width=\"686\" height=\"386\" src=\"https:\/\/www.youtube.com\/embed\/adYNTa9Gicw?feature=oembed&amp;wmode=transparent&amp;autohide=1&amp;autoplay=0&amp;disablekb=0&amp;fs=1&amp;loop=0&amp;enablejsapi=1&amp;rel=0&amp;controls=2&amp;showinfo=0&amp;wmode=transparent&amp;autohide=2&amp;autoplay=0&amp;disablekb=0&amp;fs=1&amp;loop=0&amp;enablejsapi=1&amp;rel=0&amp;controls=2&amp;showinfo=1\" frameborder=\"0\" allow=\"accelerometer; autoplay; clipboard-write; encrypted-media; gyroscope; picture-in-picture; web-share\" referrerpolicy=\"strict-origin-when-cross-origin\" allowfullscreen><\/iframe><\/div>\n<\/div>\n<h3>SIMPLYBOOK.ME &#8211; CARATTERISTICHE<\/h3>\n<ul>\n<li><strong>Accetta prenotazioni online<\/strong>: il tuo sito web di prenotazione ottimizzato o l&#8217;integrazione con il tuo sito esistente. Inoltre, accetta direttamente prenotazioni con Facebook, Instagram e Google<\/li>\n<li><strong>Notifiche via SMS \/ email:<\/strong> spedisci promemoria al personale e ai clienti quando gli appuntamenti vengono prenotati, cancellati o riprogrammati<\/li>\n<li><strong>La sicurezza \u00e8 fondamentale<\/strong>: le comunicazioni sono protette e tutti i dati sono sottoposti a backup quotidianamente<\/li>\n<li><strong>Accetta i pagamenti:<\/strong> ricevi pagamenti online e acconti tramite una gamma di processori di pagamento come PayPal, Stripe e altri o accetta contanti o carte in sede tramite il sistema POS<\/li>\n<li><strong>Integrazioni &amp; API<\/strong>: altamente flessibile con i social come Facebook, Instagram, l&#8217;integrazione nativa di Google My Business, WordPress e altri sistemi CMS o utilizza l&#8217; API per creare integrazioni personalizzate<\/li>\n<li><strong>Funzioni personalizzate<\/strong>: buoni e carte regalo, vendita di prodotti, iscrizioni, corsi, sistemi di promozione, HIPAA, SOAP, moduli di ammissione, POS e altro ancora<\/li>\n<li class=\"content-title\"><strong>Sedi multiple<\/strong>: puoi avere sedi multiple e assegnare lo staff a differenti luoghi in modo che i clienti possano prenotare dove desiderano<\/li>\n<li class=\"content-title\"><strong>Business Analytics:<\/strong> controlla le tue prenotazioni, le visite al sito, i fornitori di servizi e i servizi pi\u00f9 richiesti, su qualsiasi dispositivo in qualsiasi momento<\/li>\n<\/ul>\n<h4>LE RECENSIONI DEGLI UTENTI<\/h4>\n<h4 class=\"font-weight-bold mb-1 d-flex align-items-center\">Taylor P.&#8221;Un servizio di pianificazione che \u00e8 pi\u00f9 di questo!&#8221;<\/h4>\n<p><strong>Commenti: <\/strong>Ottimo servizio, \u00e8 stato installato e funzionante in pochissimo tempo!<\/p>\n<p><strong>Vantaggi: <\/strong>SimplyBook.me \u00e8 MOLTO pi\u00f9 di un semplice servizio di impostazione di appuntamenti. Si estende ben oltre e copre altre aree che non immagineresti nemmeno. Consiglio vivamente SimplyBook.me a qualsiasi collega!<\/p>\n<p><strong>Inconvenienti: <\/strong>Onestamente non riesco a pensare a nient&#8217;altro che potrebbe fornire oltre al proprio CRM, forse.<\/p>\n<div class=\"ml-4 pl-4 border-left border-left__dotted i18n-translation_vendor_container\" data-translation-id=\"2331155\" data-translation-vendor-target=\"original\">\n<div class=\"d-flex flex-wrap flex-md-nowrap align-items-center\">\n<h4 class=\"font-weight-bold mb-1 d-flex align-items-center\">Melisa C.&#8221;Software davvero eccezionale&#8221;<\/h4>\n<p><strong>Commenti: <\/strong>Nel complesso \u00e8 davvero un ottimo software! Sono molto felice di averlo trovato!<\/p>\n<p><strong>Vantaggi: <\/strong>Il software \u00e8 molto facile da usare! \u00c8 stato molto facile per me inserire informazioni sulla mia azienda e navigare per apprendere le varie funzioni. Dopo aver inserito le informazioni, il risultato \u00e8 stato molto professionale, come se avessi pagato un professionista per farlo per me.<\/p>\n<p><strong>Inconvenienti: <\/strong>L&#8217;opzione pi\u00f9 economica ($ 29,99) \u00e8 troppo limitata. Sono consentite solo 8 funzioni personali. Ho dovuto ridurre molte delle funzionalit\u00e0 a mia disposizione quando stavo usando la prova gratuita e stavo scegliendo di acquistare il prodotto reale. Sono passato da 25 funzioni a 8.<\/p>\n<h4 class=\"font-weight-bold mb-1 d-flex align-items-center\">Melody L.&#8221;Molto soddisfatto&#8221;<\/h4>\n<p><strong>Commenti: <\/strong>Sono molto soddisfatto di ogni aspetto di prenotarmi semplicemente e sono sicuro che mi aiuter\u00e0 nella mia organizzazione quotidiana.<\/p>\n<p><strong>Vantaggi: <\/strong>Sono molto soddisfatto di Simply book me. Ha tutto ci\u00f2 di cui ho bisogno per avviare la mia attivit\u00e0 e rendere pi\u00f9 facile per il mio cliente prenotare un appuntamento con me. \u00c8 abbastanza facile da usare, con un ottimo rapporto qualit\u00e0-prezzo e il servizio clienti \u00e8 stato molto reattivo quando avevo domande.<\/p>\n<p><strong>Inconvenienti: <\/strong>Mi ci \u00e8 voluto un po &#8216;per capire come usarlo perch\u00e9 ha molte funzionalit\u00e0, ma una volta provato un po&#8217; di tutto ho potuto scegliere quali opzioni erano le migliori per me e concentrarmi su quello.<\/p>\n<\/div>\n<\/div>\n","protected":false},"excerpt":{"rendered":"<p>SimplyBook.me \u00e8 una soluzione di pianificazione basata su cloud progettata per le aziende di servizi in pi\u00f9 settori. Fornisce un sito di prenotazione in modo che gli utenti possano accettare prenotazioni online, raccogliere feedback dei clienti per ottimizzare le entrate e le prestazioni del servizio e inviare promemoria di appuntamenti tramite email e SMS sia ai fornitori di servizi che ai clienti.<\/p>\n","protected":false},"author":19,"featured_media":32707,"parent":33071,"menu_order":0,"comment_status":"open","ping_status":"closed","template":"g1_template_page_review_new.php","meta":{"_acf_changed":false,"cwp_meta_box_check":"Yes","cwp_rev_product_name":"","cwp_rev_product_image":"","wppr_links":[],"cwp_rev_price":"","wppr_options":[{"name":"Usability","value":"0"},{"name":"Speed","value":"0"},{"name":"Features","value":"0"},{"name":"Support","value":"0"},{"name":"Pricing","value":"0"}],"wppr_pros":["","","","",""],"wppr_cons":["","","","",""],"_monsterinsights_skip_tracking":false,"_monsterinsights_sitenote_active":false,"_monsterinsights_sitenote_note":"","_monsterinsights_sitenote_category":0,"footnotes":""},"categories":[4186],"tags":[396,4187,4196,4195,4222,4189,4188],"features":[],"class_list":{"0":"post-32704","1":"page","2":"type-page","3":"status-publish","4":"has-post-thumbnail","6":"category-gestionali-per-parrucchieri","7":"tag-cloud","8":"tag-gestionale-per-parrucchieri","9":"tag-piattaforma-gestionale-per-parrucchieri","10":"tag-programma-gestionale-per-parrucchieri","11":"tag-simplybook-me","12":"tag-software-gestionale-per-parrucchieri","13":"tag-soluzione-gestionale-per-parrucchieri"},"wppr_data":{"cwp_meta_box_check":"Yes","cwp_rev_product_name":"","_wppr_review_template":"default","cwp_rev_product_image":"","cwp_image_link":"image","wppr_links":[],"cwp_rev_price":"","wppr_pros":["","","","",""],"wppr_cons":["","","","",""],"wppr_rating":"0.00","wppr_options":{"1":{"name":"Usability","value":"0"},"2":{"name":"Speed","value":"0"},"3":{"name":"Features","value":"0"},"4":{"name":"Support","value":"0"},"5":{"name":"Pricing","value":"0"}},"wppr_review_type":"Product","wppr_review_custom_fields":{"additionalProperty":"","additionalType":"","aggregateRating":"","alternateName":"","audience":"","award":"","awards":"","brand":"","color":"","depth":"","description":"","disambiguatingDescription":"","gtin12":"","gtin13":"","gtin14":"","gtin8":"","height":"","identifier":"","image":"","isAccessoryOrSparePartFor":"","isConsumableFor":"","isRelatedTo":"","isSimilarTo":"","itemCondition":"","logo":"","mainEntityOfPage":"","manufacturer":"","material":"","model":"","mpn":"","name":"","offers":"","potentialAction":"","productID":"","productionDate":"","purchaseDate":"","releaseDate":"","review":"","reviews":"","sameAs":"","sku":"","slogan":"","subjectOf":"","url":"","weight":"","width":""}},"acf":[],"yoast_head":"<!-- This site is optimized with the Yoast SEO plugin v27.4 - https:\/\/yoast.com\/product\/yoast-seo-wordpress\/ -->\n<title>SimplyBook.me: recensione gestionale parrucchieri - Accurate Reviews<\/title>\n<meta name=\"description\" content=\"SimplyBook.me: recensione soluzione di pianificazione basata su cloud progettata per le aziende di servizi in pi\u00f9 settori.\" \/>\n<meta name=\"robots\" content=\"index, follow, max-snippet:-1, max-image-preview:large, max-video-preview:-1\" \/>\n<link rel=\"canonical\" href=\"https:\/\/www.accuratereviews.com\/it\/gestionale-per-parrucchieri\/simplybook-me-recensione\/\" \/>\n<meta property=\"og:locale\" content=\"it_IT\" \/>\n<meta property=\"og:type\" content=\"article\" \/>\n<meta property=\"og:title\" content=\"SimplyBook.me: recensione gestionale parrucchieri - Accurate Reviews\" \/>\n<meta property=\"og:description\" content=\"SimplyBook.me: recensione soluzione di pianificazione basata su cloud progettata per le aziende di servizi in pi\u00f9 settori.\" \/>\n<meta property=\"og:url\" content=\"https:\/\/www.accuratereviews.com\/it\/gestionale-per-parrucchieri\/simplybook-me-recensione\/\" \/>\n<meta property=\"og:site_name\" content=\"Accurate Reviews\" \/>\n<meta property=\"article:modified_time\" content=\"2024-03-30T10:13:56+00:00\" \/>\n<meta property=\"og:image\" content=\"https:\/\/www.accuratereviews.com\/wp-content\/uploads\/2020\/11\/sb.png\" \/>\n\t<meta property=\"og:image:width\" content=\"420\" \/>\n\t<meta property=\"og:image:height\" content=\"226\" \/>\n\t<meta property=\"og:image:type\" content=\"image\/png\" \/>\n<meta name=\"twitter:card\" content=\"summary_large_image\" \/>\n<meta name=\"twitter:label1\" content=\"Tempo di lettura stimato\" \/>\n\t<meta name=\"twitter:data1\" content=\"5 minuti\" \/>\n<script type=\"application\/ld+json\" class=\"yoast-schema-graph\">{\"@context\":\"https:\\\/\\\/schema.org\",\"@graph\":[{\"@type\":\"WebPage\",\"@id\":\"https:\\\/\\\/www.accuratereviews.com\\\/it\\\/gestionale-per-parrucchieri\\\/simplybook-me-recensione\\\/\",\"url\":\"https:\\\/\\\/www.accuratereviews.com\\\/it\\\/gestionale-per-parrucchieri\\\/simplybook-me-recensione\\\/\",\"name\":\"SimplyBook.me: recensione gestionale parrucchieri - Accurate Reviews\",\"isPartOf\":{\"@id\":\"https:\\\/\\\/www.accuratereviews.com\\\/it\\\/#website\"},\"primaryImageOfPage\":{\"@id\":\"https:\\\/\\\/www.accuratereviews.com\\\/it\\\/gestionale-per-parrucchieri\\\/simplybook-me-recensione\\\/#primaryimage\"},\"image\":{\"@id\":\"https:\\\/\\\/www.accuratereviews.com\\\/it\\\/gestionale-per-parrucchieri\\\/simplybook-me-recensione\\\/#primaryimage\"},\"thumbnailUrl\":\"https:\\\/\\\/www.accuratereviews.com\\\/wp-content\\\/uploads\\\/2020\\\/11\\\/sb.png\",\"datePublished\":\"2020-11-18T11:34:49+00:00\",\"dateModified\":\"2024-03-30T10:13:56+00:00\",\"description\":\"SimplyBook.me: recensione soluzione di pianificazione basata su cloud progettata per le aziende di servizi in pi\u00f9 settori.\",\"breadcrumb\":{\"@id\":\"https:\\\/\\\/www.accuratereviews.com\\\/it\\\/gestionale-per-parrucchieri\\\/simplybook-me-recensione\\\/#breadcrumb\"},\"inLanguage\":\"it-IT\",\"potentialAction\":[{\"@type\":\"ReadAction\",\"target\":[\"https:\\\/\\\/www.accuratereviews.com\\\/it\\\/gestionale-per-parrucchieri\\\/simplybook-me-recensione\\\/\"]}]},{\"@type\":\"ImageObject\",\"inLanguage\":\"it-IT\",\"@id\":\"https:\\\/\\\/www.accuratereviews.com\\\/it\\\/gestionale-per-parrucchieri\\\/simplybook-me-recensione\\\/#primaryimage\",\"url\":\"https:\\\/\\\/www.accuratereviews.com\\\/wp-content\\\/uploads\\\/2020\\\/11\\\/sb.png\",\"contentUrl\":\"https:\\\/\\\/www.accuratereviews.com\\\/wp-content\\\/uploads\\\/2020\\\/11\\\/sb.png\",\"width\":420,\"height\":226},{\"@type\":\"BreadcrumbList\",\"@id\":\"https:\\\/\\\/www.accuratereviews.com\\\/it\\\/gestionale-per-parrucchieri\\\/simplybook-me-recensione\\\/#breadcrumb\",\"itemListElement\":[{\"@type\":\"ListItem\",\"position\":1,\"name\":\"Home\",\"item\":\"https:\\\/\\\/www.accuratereviews.com\\\/it\\\/\"},{\"@type\":\"ListItem\",\"position\":2,\"name\":\"Gestionale per parrucchieri\",\"item\":\"https:\\\/\\\/www.accuratereviews.com\\\/it\\\/gestionale-per-parrucchieri\\\/\"},{\"@type\":\"ListItem\",\"position\":3,\"name\":\"SimplyBook.me\"}]},{\"@type\":\"WebSite\",\"@id\":\"https:\\\/\\\/www.accuratereviews.com\\\/it\\\/#website\",\"url\":\"https:\\\/\\\/www.accuratereviews.com\\\/it\\\/\",\"name\":\"Accurate Reviews\",\"description\":\"\",\"potentialAction\":[{\"@type\":\"SearchAction\",\"target\":{\"@type\":\"EntryPoint\",\"urlTemplate\":\"https:\\\/\\\/www.accuratereviews.com\\\/it\\\/?s={search_term_string}\"},\"query-input\":{\"@type\":\"PropertyValueSpecification\",\"valueRequired\":true,\"valueName\":\"search_term_string\"}}],\"inLanguage\":\"it-IT\"}]}<\/script>\n<!-- \/ Yoast SEO plugin. -->","yoast_head_json":{"title":"SimplyBook.me: recensione gestionale parrucchieri - Accurate Reviews","description":"SimplyBook.me: recensione soluzione di pianificazione basata su cloud progettata per le aziende di servizi in pi\u00f9 settori.","robots":{"index":"index","follow":"follow","max-snippet":"max-snippet:-1","max-image-preview":"max-image-preview:large","max-video-preview":"max-video-preview:-1"},"canonical":"https:\/\/www.accuratereviews.com\/it\/gestionale-per-parrucchieri\/simplybook-me-recensione\/","og_locale":"it_IT","og_type":"article","og_title":"SimplyBook.me: recensione gestionale parrucchieri - Accurate Reviews","og_description":"SimplyBook.me: recensione soluzione di pianificazione basata su cloud progettata per le aziende di servizi in pi\u00f9 settori.","og_url":"https:\/\/www.accuratereviews.com\/it\/gestionale-per-parrucchieri\/simplybook-me-recensione\/","og_site_name":"Accurate Reviews","article_modified_time":"2024-03-30T10:13:56+00:00","og_image":[{"width":420,"height":226,"url":"https:\/\/www.accuratereviews.com\/wp-content\/uploads\/2020\/11\/sb.png","type":"image\/png"}],"twitter_card":"summary_large_image","twitter_misc":{"Tempo di lettura stimato":"5 minuti"},"schema":{"@context":"https:\/\/schema.org","@graph":[{"@type":"WebPage","@id":"https:\/\/www.accuratereviews.com\/it\/gestionale-per-parrucchieri\/simplybook-me-recensione\/","url":"https:\/\/www.accuratereviews.com\/it\/gestionale-per-parrucchieri\/simplybook-me-recensione\/","name":"SimplyBook.me: recensione gestionale parrucchieri - Accurate Reviews","isPartOf":{"@id":"https:\/\/www.accuratereviews.com\/it\/#website"},"primaryImageOfPage":{"@id":"https:\/\/www.accuratereviews.com\/it\/gestionale-per-parrucchieri\/simplybook-me-recensione\/#primaryimage"},"image":{"@id":"https:\/\/www.accuratereviews.com\/it\/gestionale-per-parrucchieri\/simplybook-me-recensione\/#primaryimage"},"thumbnailUrl":"https:\/\/www.accuratereviews.com\/wp-content\/uploads\/2020\/11\/sb.png","datePublished":"2020-11-18T11:34:49+00:00","dateModified":"2024-03-30T10:13:56+00:00","description":"SimplyBook.me: recensione soluzione di pianificazione basata su cloud progettata per le aziende di servizi in pi\u00f9 settori.","breadcrumb":{"@id":"https:\/\/www.accuratereviews.com\/it\/gestionale-per-parrucchieri\/simplybook-me-recensione\/#breadcrumb"},"inLanguage":"it-IT","potentialAction":[{"@type":"ReadAction","target":["https:\/\/www.accuratereviews.com\/it\/gestionale-per-parrucchieri\/simplybook-me-recensione\/"]}]},{"@type":"ImageObject","inLanguage":"it-IT","@id":"https:\/\/www.accuratereviews.com\/it\/gestionale-per-parrucchieri\/simplybook-me-recensione\/#primaryimage","url":"https:\/\/www.accuratereviews.com\/wp-content\/uploads\/2020\/11\/sb.png","contentUrl":"https:\/\/www.accuratereviews.com\/wp-content\/uploads\/2020\/11\/sb.png","width":420,"height":226},{"@type":"BreadcrumbList","@id":"https:\/\/www.accuratereviews.com\/it\/gestionale-per-parrucchieri\/simplybook-me-recensione\/#breadcrumb","itemListElement":[{"@type":"ListItem","position":1,"name":"Home","item":"https:\/\/www.accuratereviews.com\/it\/"},{"@type":"ListItem","position":2,"name":"Gestionale per parrucchieri","item":"https:\/\/www.accuratereviews.com\/it\/gestionale-per-parrucchieri\/"},{"@type":"ListItem","position":3,"name":"SimplyBook.me"}]},{"@type":"WebSite","@id":"https:\/\/www.accuratereviews.com\/it\/#website","url":"https:\/\/www.accuratereviews.com\/it\/","name":"Accurate Reviews","description":"","potentialAction":[{"@type":"SearchAction","target":{"@type":"EntryPoint","urlTemplate":"https:\/\/www.accuratereviews.com\/it\/?s={search_term_string}"},"query-input":{"@type":"PropertyValueSpecification","valueRequired":true,"valueName":"search_term_string"}}],"inLanguage":"it-IT"}]}},"_links":{"self":[{"href":"https:\/\/www.accuratereviews.com\/it\/wp-json\/wp\/v2\/pages\/32704","targetHints":{"allow":["GET"]}}],"collection":[{"href":"https:\/\/www.accuratereviews.com\/it\/wp-json\/wp\/v2\/pages"}],"about":[{"href":"https:\/\/www.accuratereviews.com\/it\/wp-json\/wp\/v2\/types\/page"}],"author":[{"embeddable":true,"href":"https:\/\/www.accuratereviews.com\/it\/wp-json\/wp\/v2\/users\/19"}],"replies":[{"embeddable":true,"href":"https:\/\/www.accuratereviews.com\/it\/wp-json\/wp\/v2\/comments?post=32704"}],"version-history":[{"count":9,"href":"https:\/\/www.accuratereviews.com\/it\/wp-json\/wp\/v2\/pages\/32704\/revisions"}],"predecessor-version":[{"id":75674,"href":"https:\/\/www.accuratereviews.com\/it\/wp-json\/wp\/v2\/pages\/32704\/revisions\/75674"}],"up":[{"embeddable":true,"href":"https:\/\/www.accuratereviews.com\/it\/wp-json\/wp\/v2\/pages\/33071"}],"wp:featuredmedia":[{"embeddable":true,"href":"https:\/\/www.accuratereviews.com\/it\/wp-json\/wp\/v2\/media\/32707"}],"wp:attachment":[{"href":"https:\/\/www.accuratereviews.com\/it\/wp-json\/wp\/v2\/media?parent=32704"}],"wp:term":[{"taxonomy":"category","embeddable":true,"href":"https:\/\/www.accuratereviews.com\/it\/wp-json\/wp\/v2\/categories?post=32704"},{"taxonomy":"post_tag","embeddable":true,"href":"https:\/\/www.accuratereviews.com\/it\/wp-json\/wp\/v2\/tags?post=32704"},{"taxonomy":"features","embeddable":true,"href":"https:\/\/www.accuratereviews.com\/it\/wp-json\/wp\/v2\/features?post=32704"}],"curies":[{"name":"wp","href":"https:\/\/api.w.org\/{rel}","templated":true}]}}