{"id":32731,"date":"2020-11-19T12:11:39","date_gmt":"2020-11-19T12:11:39","guid":{"rendered":"https:\/\/www.accuratereviews.com\/?page_id=32731"},"modified":"2020-11-30T12:20:02","modified_gmt":"2020-11-30T12:20:02","slug":"supersalon-recensione","status":"publish","type":"page","link":"https:\/\/www.accuratereviews.com\/it\/gestionale-per-parrucchieri\/supersalon-recensione\/","title":{"rendered":"SuperSalon"},"content":{"rendered":"<p><strong>SuperSalon<\/strong> \u00e8 una piattaforma completa di <strong>gestione dei saloni<\/strong> che include funzionalit\u00e0 Point of Sale (POS) progettate per far crescere piccole, medie e grandi imprese. Basata su <strong>cloud<\/strong>\u00a0permette l&#8217;accesso e archiviazione dati centralizzati off site. Ottimizzato per l&#8217;implementazione del touchscreen, il software offre inoltre il controllo e la prenotazione online degli appuntamenti. Conserva le cronologie degli acquisti dei clienti, in modo che gli utenti possano tenere traccia dei servizi e delle preferenze dei prodotti. Gli utenti possono anche generare offerte e coupon personalizzati. Le altre funzionalit\u00e0 includono l&#8217;elaborazione di tutti i tipi di pagamento, messaggistica interna, check-in delle impronte digitali, stampa di codici a barre \/ SKU e altro ancora.<\/p>\n<h2>SUPERSALON &#8211; TUTORIAL<\/h2>\n<p>Guardando il video imparerai come creare le impostazioni passo dopo passo per registrare le tue transazioni per creare rapporti<\/p>\n<div id=\"fluid-wrapper-counter-1\" class=\"g1-fluid-wrapper \" style=\"width:686px;\">\n<div style=\"padding-bottom:56.268221574344%;\"><iframe loading=\"lazy\" title=\"SuperSalon Webinar June 20, 2019: Refunding\/Voids: Make it simple with the right settings\" width=\"686\" height=\"386\" src=\"https:\/\/www.youtube.com\/embed\/WCGRI2jCkOs?feature=oembed&amp;wmode=transparent&amp;autohide=1&amp;autoplay=0&amp;disablekb=0&amp;fs=1&amp;loop=0&amp;enablejsapi=1&amp;rel=0&amp;controls=2&amp;showinfo=0&amp;wmode=transparent&amp;autohide=2&amp;autoplay=0&amp;disablekb=0&amp;fs=1&amp;loop=0&amp;enablejsapi=1&amp;rel=0&amp;controls=2&amp;showinfo=1\" frameborder=\"0\" allow=\"accelerometer; autoplay; clipboard-write; encrypted-media; gyroscope; picture-in-picture\" allowfullscreen><\/iframe><\/div>\n<\/div>\n<p>&nbsp;<\/p>\n<h3>SUPERSALON &#8211; CARATTERISTICHE<\/h3>\n<ul>\n<li><span class=\"JLqJ4b\" data-language-for-alternatives=\"it\" data-language-to-translate-into=\"en\" data-phrase-index=\"1\"><span class=\"JLqJ4b ChMk0b\" data-language-for-alternatives=\"it\" data-language-to-translate-into=\"en\" data-phrase-index=\"2\">Pianifica in modo semplice e sicuro i backup automatici \u00a0<\/span><\/span><\/li>\n<li><span class=\"JLqJ4b\" data-language-for-alternatives=\"it\" data-language-to-translate-into=\"en\" data-phrase-index=\"1\"><span class=\"JLqJ4b ChMk0b\" data-language-for-alternatives=\"it\" data-language-to-translate-into=\"en\" data-phrase-index=\"2\">Archivia tutti i tuoi dati fuori sede per una visualizzazione crittografata e sicura sempre e ovunque<\/span><\/span><\/li>\n<li><span class=\"JLqJ4b\" data-language-for-alternatives=\"it\" data-language-to-translate-into=\"en\" data-phrase-index=\"1\"><span class=\"JLqJ4b ChMk0b\" data-language-for-alternatives=\"it\" data-language-to-translate-into=\"en\" data-phrase-index=\"2\">Configura pi\u00f9 livelli di sicurezza e autenticazioni per soddisfare le tue esigenze aziendali<\/span><\/span><\/li>\n<li>Accetta tutti i tipi di pagamento per attirare pi\u00f9 clienti verso la tua attivit\u00e0 e le tue sedi<\/li>\n<li><span class=\"JLqJ4b\" data-language-for-alternatives=\"it\" data-language-to-translate-into=\"en\" data-phrase-index=\"3\"><span class=\"JLqJ4b ChMk0b\" data-language-for-alternatives=\"it\" data-language-to-translate-into=\"en\" data-phrase-index=\"4\">Comunica con il tuo personale utilizzando la messaggistica integrata <\/span><\/span><\/li>\n<li><span class=\"JLqJ4b\" data-language-for-alternatives=\"it\" data-language-to-translate-into=\"en\" data-phrase-index=\"3\"><span class=\"JLqJ4b ChMk0b\" data-language-for-alternatives=\"it\" data-language-to-translate-into=\"en\" data-phrase-index=\"4\">Configura le richieste di impronte digitali per tutte le azioni che richiedono una password<\/span><\/span><\/li>\n<li><span class=\"JLqJ4b\" data-language-for-alternatives=\"it\" data-language-to-translate-into=\"en\" data-phrase-index=\"3\"><span class=\"JLqJ4b ChMk0b\" data-language-for-alternatives=\"it\" data-language-to-translate-into=\"en\" data-phrase-index=\"4\">Personalizza il modo in cui desideri interpretare le prestazioni della tua azienda o dei saloni multi-location<\/span><\/span><\/li>\n<li><span class=\"JLqJ4b\" data-language-for-alternatives=\"it\" data-language-to-translate-into=\"en\" data-phrase-index=\"3\"><span class=\"JLqJ4b ChMk0b\" data-language-for-alternatives=\"it\" data-language-to-translate-into=\"en\" data-phrase-index=\"4\">Riduci al minimo il tempo impiegato per lo stoccaggio con la stampa in negozio degli SKU e dei codici a barre dei prodotti<\/span><\/span><\/li>\n<li><span class=\"JLqJ4b\" data-language-for-alternatives=\"it\" data-language-to-translate-into=\"en\" data-phrase-index=\"3\"><span class=\"JLqJ4b ChMk0b\" data-language-for-alternatives=\"it\" data-language-to-translate-into=\"en\" data-phrase-index=\"4\">Aiuta il tuo personale a migliorare le proprie capacit\u00e0 e l&#8217;esperienza che offrono ai clienti con sondaggi automatici di feedback dei clienti<\/span><\/span><\/li>\n<li>Monitora facilmente la produttivit\u00e0 del tuo dipendente per riconoscere prestazioni eccezionali e identificare opportunit\u00e0 di miglioramento<\/li>\n<li>Database centralizzato, reportistica basata sull&#8217;attivit\u00e0 del cliente per identificare visite ripetute, tariffe, ecc&#8230;<\/li>\n<li>Prenotazione e pianificazione degli appuntamenti<\/li>\n<li>Mantieni i tuoi clienti vicini con comunicazioni di marketing e riduci le costose mancate presentazioni con promemoria di appuntamenti e check-in<\/li>\n<li>Crea pacchetti speciali e promozioni che invitano i clienti a tornare<\/li>\n<\/ul>\n<h4>LE RECENSIONI DEGLI UTENTI<\/h4>\n<h4 class=\"font-weight-bold mb-1 d-flex align-items-center\">Phillip P.&#8221;Funzionale e facile da usare&#8221;<\/h4>\n<p><strong>Commenti: <\/strong>\u00c8 stato davvero bello. \u00c8 attivo quasi sempre, pochissimo tempo ed \u00e8 semplice e facile da insegnare e da usare.<\/p>\n<p><strong>Vantaggi: <\/strong>Il software Supersalon \u00e8 molto facile da imparare e da usare. \u00c8 funzionale e fornisce tutto il necessario per le operazioni quotidiane in un parrucchiere. Anche il servizio ricevuto \u00e8 molto buono e disponibile 24 ore su 24, 7 giorni su 7.<\/p>\n<p><strong>Inconvenienti: <\/strong>L&#8217;unico vero problema \u00e8 la funzione di segnalazione. \u00c8 un po &#8216;limitato e non dispone di uno strumento di reporting dinamico<\/p>\n<h4 class=\"font-weight-bold mb-1 d-flex align-items-center\">Rashmita J.&#8221;Il tecnico dell&#8217;assistenza si \u00e8 assicurato che tutti i miei problemi fossero risolti.&#8221;<\/h4>\n<p><strong>Commenti: <\/strong>\u00c8 stata un&#8217;ottima esperienza tranne che al giorno d&#8217;oggi d\u00e0 problemi pi\u00f9 spesso<\/p>\n<p><strong>Vantaggi: <\/strong>L&#8217;efficienza e le sue funzionalit\u00e0 e le caratteristiche che consente l&#8217;accesso all&#8217;ufficio<\/p>\n<p><strong>Inconvenienti: <\/strong>Continua ad avere problemi la maggior parte delle volte durante l&#8217;orario di lavoro<\/p>\n<h4 class=\"font-weight-bold mb-1 d-flex align-items-center\">Cassandra F.&#8221;feedback complessivo&#8221;<\/h4>\n<p><strong>Commenti: <\/strong>molto amichevole! super utile! e risolto il problema.<\/p>\n<p><strong>Vantaggi: <\/strong>facile da usare, facile da insegnare agli altri. Molto semplice.<\/p>\n<p><strong>Inconvenienti: <\/strong>a volte non funziona cos\u00ec velocemente come credo dovrebbe, inoltre si disconnette in modo casuale, il che crea disagi ai clienti.<\/p>\n","protected":false},"excerpt":{"rendered":"<p>SuperSalon \u00e8 una piattaforma completa di gestione dei saloni che include funzionalit\u00e0 Point of Sale (POS) progettate per far crescere piccole, medie e grandi imprese. Basata nel cloud e permette accesso e archiviazione dati centralizzati offsite. Ottimizzato per l&#8217;implementazione del touchscreen, il software offre il controllo e la prenotazione online degli appuntamenti.<\/p>\n","protected":false},"author":19,"featured_media":32733,"parent":33071,"menu_order":0,"comment_status":"open","ping_status":"closed","template":"g1_template_page_review_new.php","meta":{"_acf_changed":false,"cwp_meta_box_check":"Yes","cwp_rev_product_name":"","cwp_rev_product_image":"","wppr_links":[],"cwp_rev_price":"","wppr_options":[],"wppr_pros":[],"wppr_cons":[],"_monsterinsights_skip_tracking":false,"_monsterinsights_sitenote_active":false,"_monsterinsights_sitenote_note":"","_monsterinsights_sitenote_category":0,"footnotes":""},"categories":[4186],"tags":[396,4187,4196,4195,4189,4188,4230],"features":[],"class_list":{"0":"post-32731","1":"page","2":"type-page","3":"status-publish","4":"has-post-thumbnail","6":"category-gestionali-per-parrucchieri","7":"tag-cloud","8":"tag-gestionale-per-parrucchieri","9":"tag-piattaforma-gestionale-per-parrucchieri","10":"tag-programma-gestionale-per-parrucchieri","11":"tag-software-gestionale-per-parrucchieri","12":"tag-soluzione-gestionale-per-parrucchieri","13":"tag-supersalon"},"wppr_data":{"cwp_meta_box_check":"Yes","cwp_rev_product_name":"","cwp_rev_product_image":"","cwp_image_link":"image","cwp_rev_price":"","wppr_rating":"0.00"},"acf":[],"yoast_head":"<!-- This site is optimized with the Yoast SEO plugin v27.4 - https:\/\/yoast.com\/product\/yoast-seo-wordpress\/ -->\n<title>SuperSalon: recensione gestionale per parrucchieri - Accurate Reviews<\/title>\n<meta name=\"description\" content=\"SuperSalon: recensione software gestionale parrucchieri che include funzionalit\u00e0 Point of Sale (POS) progettate per far crescere le attivit\u00e0.\" \/>\n<meta name=\"robots\" content=\"index, follow, max-snippet:-1, max-image-preview:large, max-video-preview:-1\" \/>\n<link rel=\"canonical\" href=\"https:\/\/www.accuratereviews.com\/it\/gestionale-per-parrucchieri\/supersalon-recensione\/\" \/>\n<meta property=\"og:locale\" content=\"it_IT\" \/>\n<meta property=\"og:type\" content=\"article\" \/>\n<meta property=\"og:title\" content=\"SuperSalon: recensione gestionale per parrucchieri - Accurate Reviews\" \/>\n<meta property=\"og:description\" content=\"SuperSalon: recensione software gestionale parrucchieri che include funzionalit\u00e0 Point of Sale (POS) progettate per far crescere le attivit\u00e0.\" \/>\n<meta property=\"og:url\" content=\"https:\/\/www.accuratereviews.com\/it\/gestionale-per-parrucchieri\/supersalon-recensione\/\" \/>\n<meta property=\"og:site_name\" content=\"Accurate Reviews\" \/>\n<meta property=\"article:modified_time\" content=\"2020-11-30T12:20:02+00:00\" \/>\n<meta property=\"og:image\" content=\"https:\/\/www.accuratereviews.com\/wp-content\/uploads\/2020\/11\/supersalon.png\" \/>\n\t<meta property=\"og:image:width\" content=\"200\" \/>\n\t<meta property=\"og:image:height\" content=\"200\" \/>\n\t<meta property=\"og:image:type\" content=\"image\/png\" \/>\n<meta name=\"twitter:card\" content=\"summary_large_image\" \/>\n<meta name=\"twitter:label1\" content=\"Tempo di lettura stimato\" \/>\n\t<meta name=\"twitter:data1\" content=\"3 minuti\" \/>\n<script type=\"application\/ld+json\" class=\"yoast-schema-graph\">{\"@context\":\"https:\\\/\\\/schema.org\",\"@graph\":[{\"@type\":\"WebPage\",\"@id\":\"https:\\\/\\\/www.accuratereviews.com\\\/it\\\/gestionale-per-parrucchieri\\\/supersalon-recensione\\\/\",\"url\":\"https:\\\/\\\/www.accuratereviews.com\\\/it\\\/gestionale-per-parrucchieri\\\/supersalon-recensione\\\/\",\"name\":\"SuperSalon: recensione gestionale per parrucchieri - Accurate Reviews\",\"isPartOf\":{\"@id\":\"https:\\\/\\\/www.accuratereviews.com\\\/it\\\/#website\"},\"primaryImageOfPage\":{\"@id\":\"https:\\\/\\\/www.accuratereviews.com\\\/it\\\/gestionale-per-parrucchieri\\\/supersalon-recensione\\\/#primaryimage\"},\"image\":{\"@id\":\"https:\\\/\\\/www.accuratereviews.com\\\/it\\\/gestionale-per-parrucchieri\\\/supersalon-recensione\\\/#primaryimage\"},\"thumbnailUrl\":\"https:\\\/\\\/www.accuratereviews.com\\\/wp-content\\\/uploads\\\/2020\\\/11\\\/supersalon.png\",\"datePublished\":\"2020-11-19T12:11:39+00:00\",\"dateModified\":\"2020-11-30T12:20:02+00:00\",\"description\":\"SuperSalon: recensione software gestionale parrucchieri che include funzionalit\u00e0 Point of Sale (POS) progettate per far crescere le attivit\u00e0.\",\"breadcrumb\":{\"@id\":\"https:\\\/\\\/www.accuratereviews.com\\\/it\\\/gestionale-per-parrucchieri\\\/supersalon-recensione\\\/#breadcrumb\"},\"inLanguage\":\"it-IT\",\"potentialAction\":[{\"@type\":\"ReadAction\",\"target\":[\"https:\\\/\\\/www.accuratereviews.com\\\/it\\\/gestionale-per-parrucchieri\\\/supersalon-recensione\\\/\"]}]},{\"@type\":\"ImageObject\",\"inLanguage\":\"it-IT\",\"@id\":\"https:\\\/\\\/www.accuratereviews.com\\\/it\\\/gestionale-per-parrucchieri\\\/supersalon-recensione\\\/#primaryimage\",\"url\":\"https:\\\/\\\/www.accuratereviews.com\\\/wp-content\\\/uploads\\\/2020\\\/11\\\/supersalon.png\",\"contentUrl\":\"https:\\\/\\\/www.accuratereviews.com\\\/wp-content\\\/uploads\\\/2020\\\/11\\\/supersalon.png\",\"width\":200,\"height\":200},{\"@type\":\"BreadcrumbList\",\"@id\":\"https:\\\/\\\/www.accuratereviews.com\\\/it\\\/gestionale-per-parrucchieri\\\/supersalon-recensione\\\/#breadcrumb\",\"itemListElement\":[{\"@type\":\"ListItem\",\"position\":1,\"name\":\"Home\",\"item\":\"https:\\\/\\\/www.accuratereviews.com\\\/it\\\/\"},{\"@type\":\"ListItem\",\"position\":2,\"name\":\"Gestionale per parrucchieri\",\"item\":\"https:\\\/\\\/www.accuratereviews.com\\\/it\\\/gestionale-per-parrucchieri\\\/\"},{\"@type\":\"ListItem\",\"position\":3,\"name\":\"SuperSalon\"}]},{\"@type\":\"WebSite\",\"@id\":\"https:\\\/\\\/www.accuratereviews.com\\\/it\\\/#website\",\"url\":\"https:\\\/\\\/www.accuratereviews.com\\\/it\\\/\",\"name\":\"Accurate Reviews\",\"description\":\"\",\"potentialAction\":[{\"@type\":\"SearchAction\",\"target\":{\"@type\":\"EntryPoint\",\"urlTemplate\":\"https:\\\/\\\/www.accuratereviews.com\\\/it\\\/?s={search_term_string}\"},\"query-input\":{\"@type\":\"PropertyValueSpecification\",\"valueRequired\":true,\"valueName\":\"search_term_string\"}}],\"inLanguage\":\"it-IT\"}]}<\/script>\n<!-- \/ Yoast SEO plugin. -->","yoast_head_json":{"title":"SuperSalon: recensione gestionale per parrucchieri - Accurate Reviews","description":"SuperSalon: recensione software gestionale parrucchieri che include funzionalit\u00e0 Point of Sale (POS) progettate per far crescere le attivit\u00e0.","robots":{"index":"index","follow":"follow","max-snippet":"max-snippet:-1","max-image-preview":"max-image-preview:large","max-video-preview":"max-video-preview:-1"},"canonical":"https:\/\/www.accuratereviews.com\/it\/gestionale-per-parrucchieri\/supersalon-recensione\/","og_locale":"it_IT","og_type":"article","og_title":"SuperSalon: recensione gestionale per parrucchieri - Accurate Reviews","og_description":"SuperSalon: recensione software gestionale parrucchieri che include funzionalit\u00e0 Point of Sale (POS) progettate per far crescere le attivit\u00e0.","og_url":"https:\/\/www.accuratereviews.com\/it\/gestionale-per-parrucchieri\/supersalon-recensione\/","og_site_name":"Accurate Reviews","article_modified_time":"2020-11-30T12:20:02+00:00","og_image":[{"width":200,"height":200,"url":"https:\/\/www.accuratereviews.com\/wp-content\/uploads\/2020\/11\/supersalon.png","type":"image\/png"}],"twitter_card":"summary_large_image","twitter_misc":{"Tempo di lettura stimato":"3 minuti"},"schema":{"@context":"https:\/\/schema.org","@graph":[{"@type":"WebPage","@id":"https:\/\/www.accuratereviews.com\/it\/gestionale-per-parrucchieri\/supersalon-recensione\/","url":"https:\/\/www.accuratereviews.com\/it\/gestionale-per-parrucchieri\/supersalon-recensione\/","name":"SuperSalon: recensione gestionale per parrucchieri - Accurate Reviews","isPartOf":{"@id":"https:\/\/www.accuratereviews.com\/it\/#website"},"primaryImageOfPage":{"@id":"https:\/\/www.accuratereviews.com\/it\/gestionale-per-parrucchieri\/supersalon-recensione\/#primaryimage"},"image":{"@id":"https:\/\/www.accuratereviews.com\/it\/gestionale-per-parrucchieri\/supersalon-recensione\/#primaryimage"},"thumbnailUrl":"https:\/\/www.accuratereviews.com\/wp-content\/uploads\/2020\/11\/supersalon.png","datePublished":"2020-11-19T12:11:39+00:00","dateModified":"2020-11-30T12:20:02+00:00","description":"SuperSalon: recensione software gestionale parrucchieri che include funzionalit\u00e0 Point of Sale (POS) progettate per far crescere le attivit\u00e0.","breadcrumb":{"@id":"https:\/\/www.accuratereviews.com\/it\/gestionale-per-parrucchieri\/supersalon-recensione\/#breadcrumb"},"inLanguage":"it-IT","potentialAction":[{"@type":"ReadAction","target":["https:\/\/www.accuratereviews.com\/it\/gestionale-per-parrucchieri\/supersalon-recensione\/"]}]},{"@type":"ImageObject","inLanguage":"it-IT","@id":"https:\/\/www.accuratereviews.com\/it\/gestionale-per-parrucchieri\/supersalon-recensione\/#primaryimage","url":"https:\/\/www.accuratereviews.com\/wp-content\/uploads\/2020\/11\/supersalon.png","contentUrl":"https:\/\/www.accuratereviews.com\/wp-content\/uploads\/2020\/11\/supersalon.png","width":200,"height":200},{"@type":"BreadcrumbList","@id":"https:\/\/www.accuratereviews.com\/it\/gestionale-per-parrucchieri\/supersalon-recensione\/#breadcrumb","itemListElement":[{"@type":"ListItem","position":1,"name":"Home","item":"https:\/\/www.accuratereviews.com\/it\/"},{"@type":"ListItem","position":2,"name":"Gestionale per parrucchieri","item":"https:\/\/www.accuratereviews.com\/it\/gestionale-per-parrucchieri\/"},{"@type":"ListItem","position":3,"name":"SuperSalon"}]},{"@type":"WebSite","@id":"https:\/\/www.accuratereviews.com\/it\/#website","url":"https:\/\/www.accuratereviews.com\/it\/","name":"Accurate Reviews","description":"","potentialAction":[{"@type":"SearchAction","target":{"@type":"EntryPoint","urlTemplate":"https:\/\/www.accuratereviews.com\/it\/?s={search_term_string}"},"query-input":{"@type":"PropertyValueSpecification","valueRequired":true,"valueName":"search_term_string"}}],"inLanguage":"it-IT"}]}},"_links":{"self":[{"href":"https:\/\/www.accuratereviews.com\/it\/wp-json\/wp\/v2\/pages\/32731","targetHints":{"allow":["GET"]}}],"collection":[{"href":"https:\/\/www.accuratereviews.com\/it\/wp-json\/wp\/v2\/pages"}],"about":[{"href":"https:\/\/www.accuratereviews.com\/it\/wp-json\/wp\/v2\/types\/page"}],"author":[{"embeddable":true,"href":"https:\/\/www.accuratereviews.com\/it\/wp-json\/wp\/v2\/users\/19"}],"replies":[{"embeddable":true,"href":"https:\/\/www.accuratereviews.com\/it\/wp-json\/wp\/v2\/comments?post=32731"}],"version-history":[{"count":10,"href":"https:\/\/www.accuratereviews.com\/it\/wp-json\/wp\/v2\/pages\/32731\/revisions"}],"predecessor-version":[{"id":32758,"href":"https:\/\/www.accuratereviews.com\/it\/wp-json\/wp\/v2\/pages\/32731\/revisions\/32758"}],"up":[{"embeddable":true,"href":"https:\/\/www.accuratereviews.com\/it\/wp-json\/wp\/v2\/pages\/33071"}],"wp:featuredmedia":[{"embeddable":true,"href":"https:\/\/www.accuratereviews.com\/it\/wp-json\/wp\/v2\/media\/32733"}],"wp:attachment":[{"href":"https:\/\/www.accuratereviews.com\/it\/wp-json\/wp\/v2\/media?parent=32731"}],"wp:term":[{"taxonomy":"category","embeddable":true,"href":"https:\/\/www.accuratereviews.com\/it\/wp-json\/wp\/v2\/categories?post=32731"},{"taxonomy":"post_tag","embeddable":true,"href":"https:\/\/www.accuratereviews.com\/it\/wp-json\/wp\/v2\/tags?post=32731"},{"taxonomy":"features","embeddable":true,"href":"https:\/\/www.accuratereviews.com\/it\/wp-json\/wp\/v2\/features?post=32731"}],"curies":[{"name":"wp","href":"https:\/\/api.w.org\/{rel}","templated":true}]}}