{"id":32742,"date":"2020-11-19T12:08:52","date_gmt":"2020-11-19T12:08:52","guid":{"rendered":"https:\/\/www.accuratereviews.com\/?page_id=32742"},"modified":"2024-02-28T11:11:06","modified_gmt":"2024-02-28T11:11:06","slug":"timely-recensione","status":"publish","type":"page","link":"https:\/\/www.accuratereviews.com\/it\/gestionale-per-parrucchieri\/timely-recensione\/","title":{"rendered":"Timely"},"content":{"rendered":"<p><strong>Timely<\/strong> \u00e8 un <strong>software gestionale per parrucchieri<\/strong> che rende la vita facile ai tuoi clienti con prenotazioni online e promemoria automatizzati di appuntamenti tramite SMS ed email. Aumenta la fidelizzazione dei clienti con sconti VIP e email marketing. Archivia tutte le informazioni in un unico posto con note e monitoraggio automatizzato delle vendite e degli appuntamenti. Gestire la tua squadra \u00e8 un gioco da ragazzi con <strong>Timely<\/strong>. Imposta le autorizzazioni del personale, attiva i fogli giornalieri automatici e stai tranquillo sapendo che il tuo team pu\u00f2 accedere alla soluzione anche dai propri dispositivi. Diventa un&#8217;azienda basata sui dati con rapporti sulle vendite e sulla produttivit\u00e0 del personale in tempo reale. Proteggi il tuo business con moduli digitali completamente integrati e crea un numero illimitato di moduli da compilare in negozio.<\/p>\n<h2>TIMELY &#8211; TUTORIAL<\/h2>\n<p>Scopri, guardano il video, come impostare in pochi minuti le prenotazioni online con questa <strong>soluzione gestionale per parrucchieri<\/strong>:<\/p>\n<div id=\"fluid-wrapper-counter-1\" class=\"g1-fluid-wrapper \" style=\"width:686px;\">\n<div style=\"padding-bottom:56.268221574344%;\"><iframe loading=\"lazy\" title=\"How to set up and take online bookings with Timely\" width=\"686\" height=\"386\" src=\"https:\/\/www.youtube.com\/embed\/1_Mt4gYQMHk?feature=oembed&amp;wmode=transparent&amp;autohide=1&amp;autoplay=0&amp;disablekb=0&amp;fs=1&amp;loop=0&amp;enablejsapi=1&amp;rel=0&amp;controls=2&amp;showinfo=0&amp;wmode=transparent&amp;autohide=2&amp;autoplay=0&amp;disablekb=0&amp;fs=1&amp;loop=0&amp;enablejsapi=1&amp;rel=0&amp;controls=2&amp;showinfo=1\" frameborder=\"0\" allow=\"accelerometer; autoplay; clipboard-write; encrypted-media; gyroscope; picture-in-picture; web-share\" allowfullscreen><\/iframe><\/div>\n<\/div>\n<h3>TIMELY &#8211; CARATTERISTICHE<\/h3>\n<ul>\n<li><strong>Fissa appuntamenti<\/strong>: massimizza il tempo, gestisci il tuo calendario e delizia i tuoi clienti nuovi ed esistenti con una soluzione di prenotazione bella e intelligente<\/li>\n<li><strong>Gestione dei clienti<\/strong>: una bella esperienza cliente significa clienti felici e un ottimo passaparola. La soluzione ha tutti gli strumenti per offrire un&#8217;esperienza eccezionale<\/li>\n<li><strong>Vendite e pagamenti:<\/strong> crea un&#8217;esperienza di pagamento senza interruzioni per i tuoi clienti con soluzioni di pagamento innovative per front of house, mobile, upsell e altro ancora<\/li>\n<li><strong>Marketing<\/strong>: costruisci il tuo marchio, la credibilit\u00e0 e la fedelt\u00e0 dei clienti con i potenti strumenti di marketing che aiutano ad automatizzare la crescita e la fidelizzazione degli utenti per la tua azienda<\/li>\n<li><strong>Inventario<\/strong>: dimezza i tuoi tempi di amministrazione e mantieni il ritmo della tua attivit\u00e0 con sofisticati strumenti di gestione delle scorte e professionali che ti consentono di vendere di pi\u00f9<\/li>\n<li><strong>Dipendenti<\/strong>: mantieni il controllo della tua attivit\u00e0 e mantieni il tuo team concentrato e organizzato con dashboard del personale, schede attivit\u00e0, elenchi e aggiornamenti automatici degli appuntamenti<\/li>\n<li><strong>Reportistica e analisi:<\/strong> la dashboard e i report approfonditi forniscono informazioni che alimentano il tuo processo decisionale, aiutando a motivare il tuo team<\/li>\n<li><strong>Amministratore aziendale:<\/strong> gestisci il tuo team e le sedi da qualsiasi luogo, con strumenti flessibili e facili da usare che ti mantengono il controllo di ogni dettaglio, garantendo al contempo la sicurezza della tua attivit\u00e0 e dei tuoi dati<\/li>\n<\/ul>\n<h4>LE RECENSIONI DEGLI UTENTI<\/h4>\n<h4 class=\"font-weight-bold mb-1 d-flex align-items-center\">Jacob W.&#8221;Software di pianificazione spa&#8221;<\/h4>\n<p><strong>Commenti: <\/strong>Nel complesso, ho avuto una buona esperienza con Timely e sarei disponibile a utilizzare nuovamente il software. Tuttavia, molto probabilmente far\u00f2 shopping per trovare un software pi\u00f9 efficace e forse anche uno pi\u00f9 economico.<\/p>\n<p><strong>Vantaggi: <\/strong>Ho usato questo software come dipendente in una spa per cui ho lavorato, per quasi 2 anni. Ho avuto una buona esperienza con Timely e ho apprezzato la maggior parte delle sue funzionalit\u00e0. L&#8217;aspetto pi\u00f9 vantaggioso di Timely \u00e8 ricevere notifiche sugli appuntamenti effettuati tramite Timely. La comunicazione \u00e8 fondamentale per una piccola impresa con un numero di dipendenti, Timely ha consentito alla direzione di aggirare determinate comunicazioni utilizzando Timely.<\/p>\n<p><strong>Inconvenienti: <\/strong>Non mi sono piaciuti tutti i contenuti, le opzioni e le altre funzionalit\u00e0 offerte tempestivamente. \u00c8 stato onestamente molto travolgente cercare di imparare ogni aspetto di Timely. Capisco, avere opzioni \u00e8 vantaggioso, ma a volte essere semplici \u00e8 meglio. Sono stato incaricato dalla direzione di imparare il software dentro e fuori e ci \u00e8 voluto un po &#8216;di tempo per capire tutte le cose che Timely faceva e offriva.<\/p>\n<h4 class=\"font-weight-bold mb-1 d-flex align-items-center\">Jennily S.&#8221;SOFTWARE FACILE PER I PRINCIPIANTI&#8221;<\/h4>\n<p><strong>Vantaggi: <\/strong>La cosa che mi \u00e8 piaciuta di pi\u00f9 \u00e8 che Timely fornir\u00e0 una fattura ai fini fiscali e da inviare ai clienti se necessario. L&#8217;impostazione in generale \u00e8 stata divertente e facile, mi ha sicuramente dimezzato il tempo.<\/p>\n<p><strong>Inconvenienti: <\/strong>Mi piacerebbe ancora di pi\u00f9 Timely se potessi aggiungere foto del mio lavoro ai miei servizi al momento della prenotazione in modo che sappiano esattamente cosa prenotare. Vorrei anche che i componenti aggiuntivi non dovessero essere in una categoria separata e fossero elencati sotto il servizio per un facile inserimento.<\/p>\n<h5 class=\"font-weight-bold mb-1 d-flex align-items-center\">Lisa L.&#8221;Bella app \u00a0funzionale&#8221;<\/h5>\n<p><strong>Commenti: <\/strong>\u00c8 un&#8217;ottima app che fa il lavoro. Non \u00e8 eccessivamente complicato ed \u00e8 molto ben progettato.<\/p>\n<p><strong>Vantaggi: <\/strong>Il design \u00e8 davvero molto attraente per un&#8217;app di allarme e promemoria. \u00c8 piacevole da guardare. Fortunatamente \u00e8 anche facile da usare!<\/p>\n<p><strong>Inconvenienti: <\/strong>Vorrei che avesse un&#8217;opzione timer mobile in modo da poter ancora vedere l&#8217;ora mentre guardo altre app. Questa app \u00e8 molto buona, per\u00f2.<\/p>\n","protected":false},"excerpt":{"rendered":"<p>Timely \u00e8 un software gestionale per parrucchieri che rende la vita facile ai tuoi clienti con prenotazioni online e promemoria automatizzati di appuntamenti tramite SMS ed email. Aumenta la fidelizzazione dei clienti con sconti VIP e email marketing. Archivia tutte le informazioni in un unico posto con note e monitoraggio automatizzato delle vendite e degli appuntamenti.<\/p>\n","protected":false},"author":19,"featured_media":32743,"parent":33071,"menu_order":0,"comment_status":"open","ping_status":"closed","template":"g1_template_page_review_new.php","meta":{"_acf_changed":false,"cwp_meta_box_check":"Yes","cwp_rev_product_name":"","cwp_rev_product_image":"","wppr_links":[],"cwp_rev_price":"","wppr_options":[{"name":"Usability","value":"0"},{"name":"Speed","value":"0"},{"name":"Features","value":"0"},{"name":"Support","value":"0"},{"name":"Pricing","value":"0"}],"wppr_pros":["","","","",""],"wppr_cons":["","","","",""],"_monsterinsights_skip_tracking":false,"_monsterinsights_sitenote_active":false,"_monsterinsights_sitenote_note":"","_monsterinsights_sitenote_category":0,"footnotes":""},"categories":[4186],"tags":[4187,4196,4195,4189,4188,4231],"features":[],"class_list":{"0":"post-32742","1":"page","2":"type-page","3":"status-publish","4":"has-post-thumbnail","6":"category-gestionali-per-parrucchieri","7":"tag-gestionale-per-parrucchieri","8":"tag-piattaforma-gestionale-per-parrucchieri","9":"tag-programma-gestionale-per-parrucchieri","10":"tag-software-gestionale-per-parrucchieri","11":"tag-soluzione-gestionale-per-parrucchieri","12":"tag-timely"},"wppr_data":{"cwp_meta_box_check":"Yes","cwp_rev_product_name":"","_wppr_review_template":"default","cwp_rev_product_image":"","cwp_image_link":"image","wppr_links":[],"cwp_rev_price":"","wppr_pros":["","","","",""],"wppr_cons":["","","","",""],"wppr_rating":"0.00","wppr_options":{"1":{"name":"Usability","value":"0"},"2":{"name":"Speed","value":"0"},"3":{"name":"Features","value":"0"},"4":{"name":"Support","value":"0"},"5":{"name":"Pricing","value":"0"}},"wppr_review_type":"Product","wppr_review_custom_fields":{"additionalProperty":"","additionalType":"","aggregateRating":"","alternateName":"","audience":"","award":"","awards":"","brand":"","color":"","depth":"","description":"","disambiguatingDescription":"","gtin12":"","gtin13":"","gtin14":"","gtin8":"","height":"","identifier":"","image":"","isAccessoryOrSparePartFor":"","isConsumableFor":"","isRelatedTo":"","isSimilarTo":"","itemCondition":"","logo":"","mainEntityOfPage":"","manufacturer":"","material":"","model":"","mpn":"","name":"","offers":"","potentialAction":"","productID":"","productionDate":"","purchaseDate":"","releaseDate":"","review":"","reviews":"","sameAs":"","sku":"","slogan":"","subjectOf":"","url":"","weight":"","width":""}},"acf":[],"yoast_head":"<!-- This site is optimized with the Yoast SEO plugin v27.4 - https:\/\/yoast.com\/product\/yoast-seo-wordpress\/ -->\n<title>Timely: recensione software gestionale parrucchieri - Accurate Reviews<\/title>\n<meta name=\"description\" content=\"Timely: recensione del software gestionale per parrucchieri che rende la vita facile ai clienti con prenotazioni online e promemoria.\" \/>\n<meta name=\"robots\" content=\"index, follow, max-snippet:-1, max-image-preview:large, max-video-preview:-1\" \/>\n<link rel=\"canonical\" href=\"https:\/\/www.accuratereviews.com\/it\/gestionale-per-parrucchieri\/timely-recensione\/\" \/>\n<meta property=\"og:locale\" content=\"it_IT\" \/>\n<meta property=\"og:type\" content=\"article\" \/>\n<meta property=\"og:title\" content=\"Timely: recensione software gestionale parrucchieri - Accurate Reviews\" \/>\n<meta property=\"og:description\" content=\"Timely: recensione del software gestionale per parrucchieri che rende la vita facile ai clienti con prenotazioni online e promemoria.\" \/>\n<meta property=\"og:url\" content=\"https:\/\/www.accuratereviews.com\/it\/gestionale-per-parrucchieri\/timely-recensione\/\" \/>\n<meta property=\"og:site_name\" content=\"Accurate Reviews\" \/>\n<meta property=\"article:modified_time\" content=\"2024-02-28T11:11:06+00:00\" \/>\n<meta property=\"og:image\" content=\"https:\/\/www.accuratereviews.com\/wp-content\/uploads\/2020\/11\/timely-logo.jpg\" \/>\n\t<meta property=\"og:image:width\" content=\"1867\" \/>\n\t<meta property=\"og:image:height\" content=\"978\" \/>\n\t<meta property=\"og:image:type\" content=\"image\/jpeg\" \/>\n<meta name=\"twitter:card\" content=\"summary_large_image\" \/>\n<meta name=\"twitter:label1\" content=\"Tempo di lettura stimato\" \/>\n\t<meta name=\"twitter:data1\" content=\"5 minuti\" \/>\n<script type=\"application\/ld+json\" class=\"yoast-schema-graph\">{\"@context\":\"https:\\\/\\\/schema.org\",\"@graph\":[{\"@type\":\"WebPage\",\"@id\":\"https:\\\/\\\/www.accuratereviews.com\\\/it\\\/gestionale-per-parrucchieri\\\/timely-recensione\\\/\",\"url\":\"https:\\\/\\\/www.accuratereviews.com\\\/it\\\/gestionale-per-parrucchieri\\\/timely-recensione\\\/\",\"name\":\"Timely: recensione software gestionale parrucchieri - Accurate Reviews\",\"isPartOf\":{\"@id\":\"https:\\\/\\\/www.accuratereviews.com\\\/it\\\/#website\"},\"primaryImageOfPage\":{\"@id\":\"https:\\\/\\\/www.accuratereviews.com\\\/it\\\/gestionale-per-parrucchieri\\\/timely-recensione\\\/#primaryimage\"},\"image\":{\"@id\":\"https:\\\/\\\/www.accuratereviews.com\\\/it\\\/gestionale-per-parrucchieri\\\/timely-recensione\\\/#primaryimage\"},\"thumbnailUrl\":\"https:\\\/\\\/www.accuratereviews.com\\\/wp-content\\\/uploads\\\/2020\\\/11\\\/timely-logo.jpg\",\"datePublished\":\"2020-11-19T12:08:52+00:00\",\"dateModified\":\"2024-02-28T11:11:06+00:00\",\"description\":\"Timely: recensione del software gestionale per parrucchieri che rende la vita facile ai clienti con prenotazioni online e promemoria.\",\"breadcrumb\":{\"@id\":\"https:\\\/\\\/www.accuratereviews.com\\\/it\\\/gestionale-per-parrucchieri\\\/timely-recensione\\\/#breadcrumb\"},\"inLanguage\":\"it-IT\",\"potentialAction\":[{\"@type\":\"ReadAction\",\"target\":[\"https:\\\/\\\/www.accuratereviews.com\\\/it\\\/gestionale-per-parrucchieri\\\/timely-recensione\\\/\"]}]},{\"@type\":\"ImageObject\",\"inLanguage\":\"it-IT\",\"@id\":\"https:\\\/\\\/www.accuratereviews.com\\\/it\\\/gestionale-per-parrucchieri\\\/timely-recensione\\\/#primaryimage\",\"url\":\"https:\\\/\\\/www.accuratereviews.com\\\/wp-content\\\/uploads\\\/2020\\\/11\\\/timely-logo.jpg\",\"contentUrl\":\"https:\\\/\\\/www.accuratereviews.com\\\/wp-content\\\/uploads\\\/2020\\\/11\\\/timely-logo.jpg\",\"width\":1867,\"height\":978},{\"@type\":\"BreadcrumbList\",\"@id\":\"https:\\\/\\\/www.accuratereviews.com\\\/it\\\/gestionale-per-parrucchieri\\\/timely-recensione\\\/#breadcrumb\",\"itemListElement\":[{\"@type\":\"ListItem\",\"position\":1,\"name\":\"Home\",\"item\":\"https:\\\/\\\/www.accuratereviews.com\\\/it\\\/\"},{\"@type\":\"ListItem\",\"position\":2,\"name\":\"Gestionale per parrucchieri\",\"item\":\"https:\\\/\\\/www.accuratereviews.com\\\/it\\\/gestionale-per-parrucchieri\\\/\"},{\"@type\":\"ListItem\",\"position\":3,\"name\":\"Timely\"}]},{\"@type\":\"WebSite\",\"@id\":\"https:\\\/\\\/www.accuratereviews.com\\\/it\\\/#website\",\"url\":\"https:\\\/\\\/www.accuratereviews.com\\\/it\\\/\",\"name\":\"Accurate Reviews\",\"description\":\"\",\"potentialAction\":[{\"@type\":\"SearchAction\",\"target\":{\"@type\":\"EntryPoint\",\"urlTemplate\":\"https:\\\/\\\/www.accuratereviews.com\\\/it\\\/?s={search_term_string}\"},\"query-input\":{\"@type\":\"PropertyValueSpecification\",\"valueRequired\":true,\"valueName\":\"search_term_string\"}}],\"inLanguage\":\"it-IT\"}]}<\/script>\n<!-- \/ Yoast SEO plugin. -->","yoast_head_json":{"title":"Timely: recensione software gestionale parrucchieri - Accurate Reviews","description":"Timely: recensione del software gestionale per parrucchieri che rende la vita facile ai clienti con prenotazioni online e promemoria.","robots":{"index":"index","follow":"follow","max-snippet":"max-snippet:-1","max-image-preview":"max-image-preview:large","max-video-preview":"max-video-preview:-1"},"canonical":"https:\/\/www.accuratereviews.com\/it\/gestionale-per-parrucchieri\/timely-recensione\/","og_locale":"it_IT","og_type":"article","og_title":"Timely: recensione software gestionale parrucchieri - Accurate Reviews","og_description":"Timely: recensione del software gestionale per parrucchieri che rende la vita facile ai clienti con prenotazioni online e promemoria.","og_url":"https:\/\/www.accuratereviews.com\/it\/gestionale-per-parrucchieri\/timely-recensione\/","og_site_name":"Accurate Reviews","article_modified_time":"2024-02-28T11:11:06+00:00","og_image":[{"width":1867,"height":978,"url":"https:\/\/www.accuratereviews.com\/wp-content\/uploads\/2020\/11\/timely-logo.jpg","type":"image\/jpeg"}],"twitter_card":"summary_large_image","twitter_misc":{"Tempo di lettura stimato":"5 minuti"},"schema":{"@context":"https:\/\/schema.org","@graph":[{"@type":"WebPage","@id":"https:\/\/www.accuratereviews.com\/it\/gestionale-per-parrucchieri\/timely-recensione\/","url":"https:\/\/www.accuratereviews.com\/it\/gestionale-per-parrucchieri\/timely-recensione\/","name":"Timely: recensione software gestionale parrucchieri - Accurate Reviews","isPartOf":{"@id":"https:\/\/www.accuratereviews.com\/it\/#website"},"primaryImageOfPage":{"@id":"https:\/\/www.accuratereviews.com\/it\/gestionale-per-parrucchieri\/timely-recensione\/#primaryimage"},"image":{"@id":"https:\/\/www.accuratereviews.com\/it\/gestionale-per-parrucchieri\/timely-recensione\/#primaryimage"},"thumbnailUrl":"https:\/\/www.accuratereviews.com\/wp-content\/uploads\/2020\/11\/timely-logo.jpg","datePublished":"2020-11-19T12:08:52+00:00","dateModified":"2024-02-28T11:11:06+00:00","description":"Timely: recensione del software gestionale per parrucchieri che rende la vita facile ai clienti con prenotazioni online e promemoria.","breadcrumb":{"@id":"https:\/\/www.accuratereviews.com\/it\/gestionale-per-parrucchieri\/timely-recensione\/#breadcrumb"},"inLanguage":"it-IT","potentialAction":[{"@type":"ReadAction","target":["https:\/\/www.accuratereviews.com\/it\/gestionale-per-parrucchieri\/timely-recensione\/"]}]},{"@type":"ImageObject","inLanguage":"it-IT","@id":"https:\/\/www.accuratereviews.com\/it\/gestionale-per-parrucchieri\/timely-recensione\/#primaryimage","url":"https:\/\/www.accuratereviews.com\/wp-content\/uploads\/2020\/11\/timely-logo.jpg","contentUrl":"https:\/\/www.accuratereviews.com\/wp-content\/uploads\/2020\/11\/timely-logo.jpg","width":1867,"height":978},{"@type":"BreadcrumbList","@id":"https:\/\/www.accuratereviews.com\/it\/gestionale-per-parrucchieri\/timely-recensione\/#breadcrumb","itemListElement":[{"@type":"ListItem","position":1,"name":"Home","item":"https:\/\/www.accuratereviews.com\/it\/"},{"@type":"ListItem","position":2,"name":"Gestionale per parrucchieri","item":"https:\/\/www.accuratereviews.com\/it\/gestionale-per-parrucchieri\/"},{"@type":"ListItem","position":3,"name":"Timely"}]},{"@type":"WebSite","@id":"https:\/\/www.accuratereviews.com\/it\/#website","url":"https:\/\/www.accuratereviews.com\/it\/","name":"Accurate Reviews","description":"","potentialAction":[{"@type":"SearchAction","target":{"@type":"EntryPoint","urlTemplate":"https:\/\/www.accuratereviews.com\/it\/?s={search_term_string}"},"query-input":{"@type":"PropertyValueSpecification","valueRequired":true,"valueName":"search_term_string"}}],"inLanguage":"it-IT"}]}},"_links":{"self":[{"href":"https:\/\/www.accuratereviews.com\/it\/wp-json\/wp\/v2\/pages\/32742","targetHints":{"allow":["GET"]}}],"collection":[{"href":"https:\/\/www.accuratereviews.com\/it\/wp-json\/wp\/v2\/pages"}],"about":[{"href":"https:\/\/www.accuratereviews.com\/it\/wp-json\/wp\/v2\/types\/page"}],"author":[{"embeddable":true,"href":"https:\/\/www.accuratereviews.com\/it\/wp-json\/wp\/v2\/users\/19"}],"replies":[{"embeddable":true,"href":"https:\/\/www.accuratereviews.com\/it\/wp-json\/wp\/v2\/comments?post=32742"}],"version-history":[{"count":10,"href":"https:\/\/www.accuratereviews.com\/it\/wp-json\/wp\/v2\/pages\/32742\/revisions"}],"predecessor-version":[{"id":74826,"href":"https:\/\/www.accuratereviews.com\/it\/wp-json\/wp\/v2\/pages\/32742\/revisions\/74826"}],"up":[{"embeddable":true,"href":"https:\/\/www.accuratereviews.com\/it\/wp-json\/wp\/v2\/pages\/33071"}],"wp:featuredmedia":[{"embeddable":true,"href":"https:\/\/www.accuratereviews.com\/it\/wp-json\/wp\/v2\/media\/32743"}],"wp:attachment":[{"href":"https:\/\/www.accuratereviews.com\/it\/wp-json\/wp\/v2\/media?parent=32742"}],"wp:term":[{"taxonomy":"category","embeddable":true,"href":"https:\/\/www.accuratereviews.com\/it\/wp-json\/wp\/v2\/categories?post=32742"},{"taxonomy":"post_tag","embeddable":true,"href":"https:\/\/www.accuratereviews.com\/it\/wp-json\/wp\/v2\/tags?post=32742"},{"taxonomy":"features","embeddable":true,"href":"https:\/\/www.accuratereviews.com\/it\/wp-json\/wp\/v2\/features?post=32742"}],"curies":[{"name":"wp","href":"https:\/\/api.w.org\/{rel}","templated":true}]}}