{"id":32766,"date":"2020-11-20T10:39:34","date_gmt":"2020-11-20T10:39:34","guid":{"rendered":"https:\/\/www.accuratereviews.com\/?page_id=32766"},"modified":"2024-03-09T09:32:05","modified_gmt":"2024-03-09T09:32:05","slug":"visibook-recensione","status":"publish","type":"page","link":"https:\/\/www.accuratereviews.com\/it\/gestionale-per-parrucchieri\/visibook-recensione\/","title":{"rendered":"Visibook"},"content":{"rendered":"<p><strong>Visibook<\/strong> \u00e8 una soluzione di <strong>pianificazione degli appuntamenti<\/strong> basata su <strong>cloud<\/strong> che assiste personal trainer, barbieri e spa con le prenotazioni online e la gestione delle relazioni con i clienti. <span class=\"JLqJ4b ChMk0b\" data-language-for-alternatives=\"it\" data-language-to-translate-into=\"en\" data-phrase-index=\"1\">Le sue caratteristiche principali includono la sincronizzazione del calendario, i promemoria di prenotazione, l&#8217;elaborazione dei pagamenti e un portale self-service.\u00a0<span class=\"JLqJ4b\" data-language-for-alternatives=\"it\" data-language-to-translate-into=\"en\" data-phrase-index=\"2\">L&#8217;applicazione viene fornita con un motore di prenotazione online che consente ai fornitori di servizi di pianificare la disponibilit\u00e0 e condividere calendari con i clienti. Gli utenti possono inviare promemoria tramite SMS, email e notifiche sul cellulare, insieme a messaggi tramite chat. Con la funzionalit\u00e0 di pagamento, i clienti possono pagare l&#8217;intero addebito o il deposito al momento della prenotazione. Il software \u00e8 affiancato da un&#8217;applicazione mobile per Android e iOS.\u00a0<\/span><\/span><\/p>\n<h2>VISIBOOK &#8211; TUTORIAL<\/h2>\n<p>Ecco un video in cui spiega come impostare i promemoria con questo <strong>software gestionale per parrucchieri:<\/strong><\/p>\n<div id=\"fluid-wrapper-counter-1\" class=\"g1-fluid-wrapper \" style=\"width:686px;\">\n<div style=\"padding-bottom:56.268221574344%;\"><iframe loading=\"lazy\" title=\"Visibook Appointment Scheduler App Preview\" width=\"686\" height=\"386\" src=\"https:\/\/www.youtube.com\/embed\/ZipU8U3sPz8?feature=oembed&amp;wmode=transparent&amp;autohide=1&amp;autoplay=0&amp;disablekb=0&amp;fs=1&amp;loop=0&amp;enablejsapi=1&amp;rel=0&amp;controls=2&amp;showinfo=0&amp;wmode=transparent&amp;autohide=2&amp;autoplay=0&amp;disablekb=0&amp;fs=1&amp;loop=0&amp;enablejsapi=1&amp;rel=0&amp;controls=2&amp;showinfo=1\" frameborder=\"0\" allow=\"accelerometer; autoplay; clipboard-write; encrypted-media; gyroscope; picture-in-picture; web-share\" allowfullscreen><\/iframe><\/div>\n<\/div>\n<h3>VISIBOOK &#8211; CARATTERISTICHE<\/h3>\n<ul>\n<li><strong>Invia ai clienti promemoria automatici di messaggi di testo<\/strong>: i promemoria degli appuntamenti inviati automaticamente tramite SMS, email e notifiche push sul cellulare aiutano a ridurre le mancate presentazioni<\/li>\n<li><strong>Accetta pagamenti o depositi dai clienti<\/strong>: i clienti possono pagarti la tariffa del servizio completo o solo un importo di deposito quando prenotano<\/li>\n<li><strong>Google Calendar Sync<\/strong>: sincronizza il tuo calendario di Google. Le tue prenotazioni verranno visualizzate automaticamente nel tuo calendario personale<\/li>\n<li><strong>Imposta la tua disponibilit\u00e0<\/strong>: utilizza il software di prenotazione su desktop o app di pianificazione mobile per impostare quando sei disponibile<\/li>\n<li><strong>Condividi l&#8217;URL del tuo calendario:<\/strong> i clienti possono prenotare appuntamenti online utilizzando l&#8217;app o qualsiasi browser internet<\/li>\n<li><strong>I clienti ricevono promemoria automatici<\/strong>: quando viene prenotato un appuntamento il cliente ricever\u00e0 automaticamente una conferma via SMS e \/ o email. Quindi, 24 ore prima dell&#8217;appuntamento, ricevono un promemoria automatico<\/li>\n<\/ul>\n<h4>LE RECENSIONI DEGLI UTENTI<\/h4>\n<h5 class=\"font-weight-bold mb-1 d-flex align-items-center\">Chris M.\u00a0&#8220;Visibook&#8221;<\/h5>\n<p><strong>Commenti: <\/strong>Ero piuttosto pessimo nel scrivere i miei appuntamenti nel mio calendario personale, e non ero mai organizzato come sono adesso! Non devo preoccuparmi di dimenticare qualcuno e appuntamenti a causa dei promemoria e la mia produttivit\u00e0 \u00e8 notevolmente aumentata a causa di ci\u00f2.<\/p>\n<p><strong>Vantaggi: <\/strong>Avevo difficolt\u00e0 con la comunicazione quando si trattava del fatto che il mio cliente conoscesse la mia disponibilit\u00e0 perch\u00e9 cambiava sempre a causa della domanda. Stavo cercando qualcosa di semplice e facile da usare. Visibook rende facile per i miei clienti sapere quando ho disponibilit\u00e0. Adoro il fatto di poter dedicare un po &#8216;di tempo per gli appuntamenti in modo da poter impostare il client successivo. Il servizio clienti \u00e8 sempre molto gentile e sono in grado di aiutarmi a risolvere eventuali problemi che posso avere o rispondere alle mie domande.<\/p>\n<p><strong>Inconvenienti: <\/strong>A volte funzioner\u00e0 lentamente, ma si risolve quando aggiorno. A volte ho clienti pi\u00f9 anziani che hanno difficolt\u00e0 ad accedere al sito, ma di solito mi siedo con i miei clienti per esaminare come prenotare correttamente gli appuntamenti.<\/p>\n<h4 class=\"font-weight-bold mb-1 d-flex align-items-center\">Tecara B.&#8221;Cos\u00ec conveniente&#8221;<\/h4>\n<p><strong>Commenti: <\/strong>Mi piace la comodit\u00e0 di far prenotare un cliente in pochi clic<\/p>\n<p><strong>Vantaggi: <\/strong>Le notifiche email per prenotazioni e cancellazioni<\/p>\n<p><strong>Inconvenienti: <\/strong>Il punto di vista del cliente. Vorrei vedere gli spazi disponibili nella visualizzazione iniziale. Simile alla visualizzazione del proprietario del calendario.<\/p>\n<h4>Tiffany W.&#8221;Visibiook ha letteralmente salvato i miei affari &#8230;&#8221;<\/h4>\n<p><strong>Commenti: <\/strong>Ricevo molte pi\u00f9 prenotazioni da parte dei clienti perch\u00e9 ho iniziato a utilizzare Visibook e le persone possono semplicemente programmare in qualsiasi momento e ovunque.<\/p>\n<p><strong>Vantaggi: <\/strong>Essendo una piccola impresa non ero sicuro di quale software fosse compatibile per le mie esigenze. Sono incappato in Visibook nell&#8217;Apple Store e ho deciso di provarlo. \u00c8 stata la decisione migliore in assoluto! I miei clienti amano la facilit\u00e0 di programmazione e selezione dei loro servizi e mi tiene in pista! Non posso vivere senza<\/p>\n<p><strong>Inconvenienti: <\/strong>Vorrei che accettasse pi\u00f9 opzioni di pagamento come Paypal<\/p>\n","protected":false},"excerpt":{"rendered":"<p>Visibook \u00e8 una soluzione di pianificazione degli appuntamenti basata su cloud che assiste personal trainer, barbieri e spa con le prenotazioni online e la gestione delle relazioni con i clienti. Le sue caratteristiche principali includono la sincronizzazione del calendario, i promemoria di prenotazione, l&#8217;elaborazione dei pagamenti e un portale self-service.\u00a0<\/p>\n","protected":false},"author":19,"featured_media":32767,"parent":33071,"menu_order":0,"comment_status":"open","ping_status":"closed","template":"g1_template_page_review_new.php","meta":{"_acf_changed":false,"cwp_meta_box_check":"Yes","cwp_rev_product_name":"","cwp_rev_product_image":"","wppr_links":[],"cwp_rev_price":"","wppr_options":[{"name":"Usability","value":"0"},{"name":"Speed","value":"0"},{"name":"Features","value":"0"},{"name":"Support","value":"0"},{"name":"Pricing","value":"0"}],"wppr_pros":["","","","",""],"wppr_cons":["","","","",""],"_monsterinsights_skip_tracking":false,"_monsterinsights_sitenote_active":false,"_monsterinsights_sitenote_note":"","_monsterinsights_sitenote_category":0,"footnotes":""},"categories":[4186],"tags":[396,4187,4196,4195,4189,4188,4233],"features":[],"class_list":{"0":"post-32766","1":"page","2":"type-page","3":"status-publish","4":"has-post-thumbnail","6":"category-gestionali-per-parrucchieri","7":"tag-cloud","8":"tag-gestionale-per-parrucchieri","9":"tag-piattaforma-gestionale-per-parrucchieri","10":"tag-programma-gestionale-per-parrucchieri","11":"tag-software-gestionale-per-parrucchieri","12":"tag-soluzione-gestionale-per-parrucchieri","13":"tag-visibook"},"wppr_data":{"cwp_meta_box_check":"Yes","cwp_rev_product_name":"","_wppr_review_template":"default","cwp_rev_product_image":"","cwp_image_link":"image","wppr_links":[],"cwp_rev_price":"","wppr_pros":["","","","",""],"wppr_cons":["","","","",""],"wppr_rating":"0.00","wppr_options":{"1":{"name":"Usability","value":"0"},"2":{"name":"Speed","value":"0"},"3":{"name":"Features","value":"0"},"4":{"name":"Support","value":"0"},"5":{"name":"Pricing","value":"0"}},"wppr_review_type":"Product","wppr_review_custom_fields":{"additionalProperty":"","additionalType":"","aggregateRating":"","alternateName":"","audience":"","award":"","awards":"","brand":"","color":"","depth":"","description":"","disambiguatingDescription":"","gtin12":"","gtin13":"","gtin14":"","gtin8":"","height":"","identifier":"","image":"","isAccessoryOrSparePartFor":"","isConsumableFor":"","isRelatedTo":"","isSimilarTo":"","itemCondition":"","logo":"","mainEntityOfPage":"","manufacturer":"","material":"","model":"","mpn":"","name":"","offers":"","potentialAction":"","productID":"","productionDate":"","purchaseDate":"","releaseDate":"","review":"","reviews":"","sameAs":"","sku":"","slogan":"","subjectOf":"","url":"","weight":"","width":""}},"acf":[],"yoast_head":"<!-- This site is optimized with the Yoast SEO plugin v27.4 - https:\/\/yoast.com\/product\/yoast-seo-wordpress\/ -->\n<title>Visibook: recensione software gestionale parrucchieri - Accurate Reviews<\/title>\n<meta name=\"description\" content=\"Visibook: recensione soluzione di pianificazione degli appuntamenti basata su cloud che assiste personal trainer, barbieri e spa.\" \/>\n<meta name=\"robots\" content=\"index, follow, max-snippet:-1, max-image-preview:large, max-video-preview:-1\" \/>\n<link rel=\"canonical\" href=\"https:\/\/www.accuratereviews.com\/it\/gestionale-per-parrucchieri\/visibook-recensione\/\" \/>\n<meta property=\"og:locale\" content=\"it_IT\" \/>\n<meta property=\"og:type\" content=\"article\" \/>\n<meta property=\"og:title\" content=\"Visibook: recensione software gestionale parrucchieri - Accurate Reviews\" \/>\n<meta property=\"og:description\" content=\"Visibook: recensione soluzione di pianificazione degli appuntamenti basata su cloud che assiste personal trainer, barbieri e spa.\" \/>\n<meta property=\"og:url\" content=\"https:\/\/www.accuratereviews.com\/it\/gestionale-per-parrucchieri\/visibook-recensione\/\" \/>\n<meta property=\"og:site_name\" content=\"Accurate Reviews\" \/>\n<meta property=\"article:modified_time\" content=\"2024-03-09T09:32:05+00:00\" \/>\n<meta property=\"og:image\" content=\"https:\/\/www.accuratereviews.com\/wp-content\/uploads\/2020\/11\/visibook.png\" \/>\n\t<meta property=\"og:image:width\" content=\"300\" \/>\n\t<meta property=\"og:image:height\" content=\"300\" \/>\n\t<meta property=\"og:image:type\" content=\"image\/png\" \/>\n<meta name=\"twitter:card\" content=\"summary_large_image\" \/>\n<meta name=\"twitter:label1\" content=\"Tempo di lettura stimato\" \/>\n\t<meta name=\"twitter:data1\" content=\"5 minuti\" \/>\n<script type=\"application\/ld+json\" class=\"yoast-schema-graph\">{\"@context\":\"https:\\\/\\\/schema.org\",\"@graph\":[{\"@type\":\"WebPage\",\"@id\":\"https:\\\/\\\/www.accuratereviews.com\\\/it\\\/gestionale-per-parrucchieri\\\/visibook-recensione\\\/\",\"url\":\"https:\\\/\\\/www.accuratereviews.com\\\/it\\\/gestionale-per-parrucchieri\\\/visibook-recensione\\\/\",\"name\":\"Visibook: recensione software gestionale parrucchieri - Accurate Reviews\",\"isPartOf\":{\"@id\":\"https:\\\/\\\/www.accuratereviews.com\\\/it\\\/#website\"},\"primaryImageOfPage\":{\"@id\":\"https:\\\/\\\/www.accuratereviews.com\\\/it\\\/gestionale-per-parrucchieri\\\/visibook-recensione\\\/#primaryimage\"},\"image\":{\"@id\":\"https:\\\/\\\/www.accuratereviews.com\\\/it\\\/gestionale-per-parrucchieri\\\/visibook-recensione\\\/#primaryimage\"},\"thumbnailUrl\":\"https:\\\/\\\/www.accuratereviews.com\\\/wp-content\\\/uploads\\\/2020\\\/11\\\/visibook.png\",\"datePublished\":\"2020-11-20T10:39:34+00:00\",\"dateModified\":\"2024-03-09T09:32:05+00:00\",\"description\":\"Visibook: recensione soluzione di pianificazione degli appuntamenti basata su cloud che assiste personal trainer, barbieri e spa.\",\"breadcrumb\":{\"@id\":\"https:\\\/\\\/www.accuratereviews.com\\\/it\\\/gestionale-per-parrucchieri\\\/visibook-recensione\\\/#breadcrumb\"},\"inLanguage\":\"it-IT\",\"potentialAction\":[{\"@type\":\"ReadAction\",\"target\":[\"https:\\\/\\\/www.accuratereviews.com\\\/it\\\/gestionale-per-parrucchieri\\\/visibook-recensione\\\/\"]}]},{\"@type\":\"ImageObject\",\"inLanguage\":\"it-IT\",\"@id\":\"https:\\\/\\\/www.accuratereviews.com\\\/it\\\/gestionale-per-parrucchieri\\\/visibook-recensione\\\/#primaryimage\",\"url\":\"https:\\\/\\\/www.accuratereviews.com\\\/wp-content\\\/uploads\\\/2020\\\/11\\\/visibook.png\",\"contentUrl\":\"https:\\\/\\\/www.accuratereviews.com\\\/wp-content\\\/uploads\\\/2020\\\/11\\\/visibook.png\",\"width\":300,\"height\":300},{\"@type\":\"BreadcrumbList\",\"@id\":\"https:\\\/\\\/www.accuratereviews.com\\\/it\\\/gestionale-per-parrucchieri\\\/visibook-recensione\\\/#breadcrumb\",\"itemListElement\":[{\"@type\":\"ListItem\",\"position\":1,\"name\":\"Home\",\"item\":\"https:\\\/\\\/www.accuratereviews.com\\\/it\\\/\"},{\"@type\":\"ListItem\",\"position\":2,\"name\":\"Gestionale per parrucchieri\",\"item\":\"https:\\\/\\\/www.accuratereviews.com\\\/it\\\/gestionale-per-parrucchieri\\\/\"},{\"@type\":\"ListItem\",\"position\":3,\"name\":\"Visibook\"}]},{\"@type\":\"WebSite\",\"@id\":\"https:\\\/\\\/www.accuratereviews.com\\\/it\\\/#website\",\"url\":\"https:\\\/\\\/www.accuratereviews.com\\\/it\\\/\",\"name\":\"Accurate Reviews\",\"description\":\"\",\"potentialAction\":[{\"@type\":\"SearchAction\",\"target\":{\"@type\":\"EntryPoint\",\"urlTemplate\":\"https:\\\/\\\/www.accuratereviews.com\\\/it\\\/?s={search_term_string}\"},\"query-input\":{\"@type\":\"PropertyValueSpecification\",\"valueRequired\":true,\"valueName\":\"search_term_string\"}}],\"inLanguage\":\"it-IT\"}]}<\/script>\n<!-- \/ Yoast SEO plugin. -->","yoast_head_json":{"title":"Visibook: recensione software gestionale parrucchieri - Accurate Reviews","description":"Visibook: recensione soluzione di pianificazione degli appuntamenti basata su cloud che assiste personal trainer, barbieri e spa.","robots":{"index":"index","follow":"follow","max-snippet":"max-snippet:-1","max-image-preview":"max-image-preview:large","max-video-preview":"max-video-preview:-1"},"canonical":"https:\/\/www.accuratereviews.com\/it\/gestionale-per-parrucchieri\/visibook-recensione\/","og_locale":"it_IT","og_type":"article","og_title":"Visibook: recensione software gestionale parrucchieri - Accurate Reviews","og_description":"Visibook: recensione soluzione di pianificazione degli appuntamenti basata su cloud che assiste personal trainer, barbieri e spa.","og_url":"https:\/\/www.accuratereviews.com\/it\/gestionale-per-parrucchieri\/visibook-recensione\/","og_site_name":"Accurate Reviews","article_modified_time":"2024-03-09T09:32:05+00:00","og_image":[{"width":300,"height":300,"url":"https:\/\/www.accuratereviews.com\/wp-content\/uploads\/2020\/11\/visibook.png","type":"image\/png"}],"twitter_card":"summary_large_image","twitter_misc":{"Tempo di lettura stimato":"5 minuti"},"schema":{"@context":"https:\/\/schema.org","@graph":[{"@type":"WebPage","@id":"https:\/\/www.accuratereviews.com\/it\/gestionale-per-parrucchieri\/visibook-recensione\/","url":"https:\/\/www.accuratereviews.com\/it\/gestionale-per-parrucchieri\/visibook-recensione\/","name":"Visibook: recensione software gestionale parrucchieri - Accurate Reviews","isPartOf":{"@id":"https:\/\/www.accuratereviews.com\/it\/#website"},"primaryImageOfPage":{"@id":"https:\/\/www.accuratereviews.com\/it\/gestionale-per-parrucchieri\/visibook-recensione\/#primaryimage"},"image":{"@id":"https:\/\/www.accuratereviews.com\/it\/gestionale-per-parrucchieri\/visibook-recensione\/#primaryimage"},"thumbnailUrl":"https:\/\/www.accuratereviews.com\/wp-content\/uploads\/2020\/11\/visibook.png","datePublished":"2020-11-20T10:39:34+00:00","dateModified":"2024-03-09T09:32:05+00:00","description":"Visibook: recensione soluzione di pianificazione degli appuntamenti basata su cloud che assiste personal trainer, barbieri e spa.","breadcrumb":{"@id":"https:\/\/www.accuratereviews.com\/it\/gestionale-per-parrucchieri\/visibook-recensione\/#breadcrumb"},"inLanguage":"it-IT","potentialAction":[{"@type":"ReadAction","target":["https:\/\/www.accuratereviews.com\/it\/gestionale-per-parrucchieri\/visibook-recensione\/"]}]},{"@type":"ImageObject","inLanguage":"it-IT","@id":"https:\/\/www.accuratereviews.com\/it\/gestionale-per-parrucchieri\/visibook-recensione\/#primaryimage","url":"https:\/\/www.accuratereviews.com\/wp-content\/uploads\/2020\/11\/visibook.png","contentUrl":"https:\/\/www.accuratereviews.com\/wp-content\/uploads\/2020\/11\/visibook.png","width":300,"height":300},{"@type":"BreadcrumbList","@id":"https:\/\/www.accuratereviews.com\/it\/gestionale-per-parrucchieri\/visibook-recensione\/#breadcrumb","itemListElement":[{"@type":"ListItem","position":1,"name":"Home","item":"https:\/\/www.accuratereviews.com\/it\/"},{"@type":"ListItem","position":2,"name":"Gestionale per parrucchieri","item":"https:\/\/www.accuratereviews.com\/it\/gestionale-per-parrucchieri\/"},{"@type":"ListItem","position":3,"name":"Visibook"}]},{"@type":"WebSite","@id":"https:\/\/www.accuratereviews.com\/it\/#website","url":"https:\/\/www.accuratereviews.com\/it\/","name":"Accurate Reviews","description":"","potentialAction":[{"@type":"SearchAction","target":{"@type":"EntryPoint","urlTemplate":"https:\/\/www.accuratereviews.com\/it\/?s={search_term_string}"},"query-input":{"@type":"PropertyValueSpecification","valueRequired":true,"valueName":"search_term_string"}}],"inLanguage":"it-IT"}]}},"_links":{"self":[{"href":"https:\/\/www.accuratereviews.com\/it\/wp-json\/wp\/v2\/pages\/32766","targetHints":{"allow":["GET"]}}],"collection":[{"href":"https:\/\/www.accuratereviews.com\/it\/wp-json\/wp\/v2\/pages"}],"about":[{"href":"https:\/\/www.accuratereviews.com\/it\/wp-json\/wp\/v2\/types\/page"}],"author":[{"embeddable":true,"href":"https:\/\/www.accuratereviews.com\/it\/wp-json\/wp\/v2\/users\/19"}],"replies":[{"embeddable":true,"href":"https:\/\/www.accuratereviews.com\/it\/wp-json\/wp\/v2\/comments?post=32766"}],"version-history":[{"count":14,"href":"https:\/\/www.accuratereviews.com\/it\/wp-json\/wp\/v2\/pages\/32766\/revisions"}],"predecessor-version":[{"id":74828,"href":"https:\/\/www.accuratereviews.com\/it\/wp-json\/wp\/v2\/pages\/32766\/revisions\/74828"}],"up":[{"embeddable":true,"href":"https:\/\/www.accuratereviews.com\/it\/wp-json\/wp\/v2\/pages\/33071"}],"wp:featuredmedia":[{"embeddable":true,"href":"https:\/\/www.accuratereviews.com\/it\/wp-json\/wp\/v2\/media\/32767"}],"wp:attachment":[{"href":"https:\/\/www.accuratereviews.com\/it\/wp-json\/wp\/v2\/media?parent=32766"}],"wp:term":[{"taxonomy":"category","embeddable":true,"href":"https:\/\/www.accuratereviews.com\/it\/wp-json\/wp\/v2\/categories?post=32766"},{"taxonomy":"post_tag","embeddable":true,"href":"https:\/\/www.accuratereviews.com\/it\/wp-json\/wp\/v2\/tags?post=32766"},{"taxonomy":"features","embeddable":true,"href":"https:\/\/www.accuratereviews.com\/it\/wp-json\/wp\/v2\/features?post=32766"}],"curies":[{"name":"wp","href":"https:\/\/api.w.org\/{rel}","templated":true}]}}