{"id":32780,"date":"2020-11-20T10:37:47","date_gmt":"2020-11-20T10:37:47","guid":{"rendered":"https:\/\/www.accuratereviews.com\/?page_id=32780"},"modified":"2020-11-30T12:17:53","modified_gmt":"2020-11-30T12:17:53","slug":"phorest-recensione","status":"publish","type":"page","link":"https:\/\/www.accuratereviews.com\/it\/gestionale-per-parrucchieri\/phorest-recensione\/","title":{"rendered":"Phorest"},"content":{"rendered":"<p><strong>Phorest<\/strong> \u00e8 un <strong>software di gestione dei saloni<\/strong> all-inclusive basato su <strong>cloud<\/strong> per negozi di unghie e di bellezza, parrucchieri e spa. L&#8217;applicazione consente agli utenti di gestire facilmente i propri clienti, appuntamenti, magazzino e personale. \u00c8 una soluzione ben realizzata che consente a tutti i proprietari di saloni di sfruttare il potere del marketing di fidelizzazione. Fornisce potenti strumenti di marketing che semplificano l&#8217;aumento delle visite dei clienti, della spesa media e dei referral. Il programma fornisce un set affidabile di funzionalit\u00e0 che includono: gestione dei clienti e degli appuntamenti, punto vendita (POS), programma fedelt\u00e0, inventario e controllo delle scorte, ripristino e gestione del personale, reportistica, suite di marketing e CRM, gestione dei social media e formazione e supporto.<\/p>\n<h2>PHOREST &#8211; TUTORIAL<\/h2>\n<p>Il tutorial che segue mostra come questo <strong>software gestionale per parrucchieri<\/strong> riesce a semplificare l&#8217;amministrazione della tua attivit\u00e0:<\/p>\n<div id=\"fluid-wrapper-counter-1\" class=\"g1-fluid-wrapper \" style=\"width:686px;\">\n<div style=\"padding-bottom:56.268221574344%;\"><iframe loading=\"lazy\" title=\"How To Use Your Phorest System To Create Magical Client Experiences\" width=\"686\" height=\"386\" src=\"https:\/\/www.youtube.com\/embed\/6AfjF_xwL7M?feature=oembed&amp;wmode=transparent&amp;autohide=1&amp;autoplay=0&amp;disablekb=0&amp;fs=1&amp;loop=0&amp;enablejsapi=1&amp;rel=0&amp;controls=2&amp;showinfo=0&amp;wmode=transparent&amp;autohide=2&amp;autoplay=0&amp;disablekb=0&amp;fs=1&amp;loop=0&amp;enablejsapi=1&amp;rel=0&amp;controls=2&amp;showinfo=1\" frameborder=\"0\" allow=\"accelerometer; autoplay; clipboard-write; encrypted-media; gyroscope; picture-in-picture\" allowfullscreen><\/iframe><\/div>\n<\/div>\n<h3>PHOREST &#8211; CARATTERISTICHE<\/h3>\n<ul>\n<li>Accetta le prenotazioni per telefono o online tramite il tuo sito web, l&#8217;app di prenotazione del salone o i social media e pianificale tutte in un unico posto. Imposta i tuoi giorni lavorativi; personale in turni; e collega i tuoi servizi, camere e attrezzature in modo da non prenotare mai due volte.<\/li>\n<li>Aggiungi il tuo widget di prenotazione online al tuo sito web e ai tuoi canali social per te, cos\u00ec potrai passare meno tempo al telefono e lasciare che le prenotazioni arrivino.<\/li>\n<li>Automatizza le comunicazioni SMS ed email con i tuoi clienti per ridurre le mancate presentazioni e incrementare i rinnovi delle prenotazioni<\/li>\n<li>Ottieni modelli di SMS ed email marketing per tutti gli obiettivi e le occasioni<\/li>\n<li>I programma fedelt\u00e0 Treatcard \u00e8 garantito per farti guadagnare denaro e progettato per convincere i tuoi clienti a prenotare nuovi servizi<\/li>\n<li>Consenti ai clienti di compilare moduli di consultazione conformi al GDPR sull&#8217;iPad e di archiviarli nel loro profilo cliente<\/li>\n<li>Tieni traccia dei livelli delle scorte, degli ordini e delle consegne a colpo d&#8217;occhio. <span class=\"JLqJ4b ChMk0b\" data-language-for-alternatives=\"it\" data-language-to-translate-into=\"en\" data-phrase-index=\"3\">Ricevi avvisi sulle scorte in esaurimento e crea ordini fino al tuo limite con un clic.<\/span><\/li>\n<li>Accetta contanti, carte, voucher, depositi, punti fedelt\u00e0 e pagamenti<\/li>\n<li>Gestisci il tuo salone, il personale, i clienti, le scorte e il marketing da qualsiasi dispositivo, ovunque<\/li>\n<\/ul>\n<h4>LE RECENSIONE DEGLI UTENTI<\/h4>\n<h4 class=\"font-weight-bold mb-1 d-flex align-items-center\">Chris V.&#8221;Esperienza Phorest&#8221;<\/h4>\n<p><strong>Vantaggi: <\/strong>La cosa pi\u00f9 importante di Phorest \u00e8 la facilit\u00e0 di accesso a tutto ci\u00f2 di cui hai bisogno. Paghi un premio per comodit\u00e0, ecco perch\u00e9 ha cos\u00ec tanto successo.<\/p>\n<p><strong>Inconvenienti: <\/strong>Il costo di Phorest \u00e8 molto alto ma, come ho detto, paghi per comodit\u00e0. Un&#8217;altra cosa che non mi \u00e8 piaciuta \u00e8 che il servizio clienti non ha mai voluto risolvere una situazione, solo per aiutare a risolvere un problema. Si verificano molti problemi e alla fine le azioni preventive sarebbero pi\u00f9 preferibili rispetto alla sistemazione.<\/p>\n<h4 class=\"font-weight-bold mb-1 d-flex align-items-center\">Amy L.&#8221;Il miglior software di sempre!&#8221;<\/h4>\n<p><strong>Commenti: <\/strong>Sempre brillante, sempre efficiente e mai deluso.\u00a0Il sistema \u00e8 davvero molto pi\u00f9 avanti di tutti gli altri sul mercato. Offre tutto ci\u00f2 di cui un&#8217;azienda nel settore della bellezza ha bisogno e altro ancora.<\/p>\n<p><strong>Vantaggi: <\/strong>La facilit\u00e0 e la segnalazione sono eccellenti.\u00a0\u00c8 un sistema semplice, ma molto efficiente, e fa tutto ci\u00f2 di cui ho bisogno per la mia attivit\u00e0. Mi piace il fatto che il marchio sia onesto e offra programmi a pagamento per consentire a un&#8217;azienda di potersi permettere il miglior sistema del settore. Tutto \u00e8 fantastico.<\/p>\n<p><strong>Inconvenienti: <\/strong>Niente. Non posso dire di avere dei contro. Tutto ci\u00f2 che ho suggerito o richiesto sulla voce dell&#8217;utente \u00e8 stato implementato. L&#8217;unica cosa che ho trovato deludente \u00e8 stato il tono di chi rispondeva con la voce dell&#8217;utente. Sembravano pi\u00f9 tecnici che focalizzati sul cliente e usano modi scortesi e odiosi nelle loro risposte, il che \u00e8 molto diverso dalla comunicazione Phorest che dai normalmente.<\/p>\n<h4 class=\"font-weight-bold mb-1 d-flex align-items-center\">Kala H.&#8221;Eccezionale&#8221;<\/h4>\n<p><strong>Commenti: <\/strong>Phorest \u00e8 stato facile da affrontare sin dal primo momento: con i piedi per terra, comprensivo e degno di fiducia. Soffro di difficolt\u00e0 di apprendimento e lo staff di Phorest \u00e8 molto paziente con me e mi aiuta davvero a capire tutto ci\u00f2 di cui ho bisogno. Sono l\u00ec per me anche per le cose stupide come il modo in cui apro qualcosa. O dove trovare qualcosa. Questo \u00e8 stato un grande passo per me e Phorest lo ha reso cos\u00ec facile. \u00c8 cos\u00ec bello che ne parlo a tutti. Lo adoro e sapere di averlo mi rende orgoglioso.<\/p>\n<p><strong>Vantaggi: <\/strong>Mi piace che il software sia facile da usare, bello e luminoso, colorato e che cambi in continuazione. Mi piace come si risparmia guardando lo stesso schermo tutto il tempo, e Phorest ascolta la base di clienti e cambia le cose quando ne hanno bisogno, il che penso sia semplicemente fantastico.<\/p>\n<p><strong>Inconvenienti: <\/strong>Non mi piace il fatto che ci siano i nostri piccoli pezzi in ogni sezione, quindi devi davvero cercare alcune cose per trovare quello che vuoi. E non mi piace che non venga fornito con un controllo ortografico in quanto sarebbe molto utile.<\/p>\n","protected":false},"excerpt":{"rendered":"<p>Phorest \u00e8 un software di gestione dei saloni all-inclusive basato su cloud per negozi di unghie e di bellezza, parrucchieri e spa. L&#8217;applicazione consente agli utenti di gestire facilmente i propri clienti, appuntamenti, magazzino e personale. \u00c8 una soluzione ben realizzata che consente a tutti i proprietari di saloni di sfruttare il potere del marketing di fidelizzazione<\/p>\n","protected":false},"author":19,"featured_media":32781,"parent":33071,"menu_order":0,"comment_status":"open","ping_status":"closed","template":"g1_template_page_review_new.php","meta":{"_acf_changed":false,"cwp_meta_box_check":"No","cwp_rev_product_name":"","cwp_rev_product_image":"","wppr_links":[],"cwp_rev_price":"","wppr_options":[],"wppr_pros":[],"wppr_cons":[],"_monsterinsights_skip_tracking":false,"_monsterinsights_sitenote_active":false,"_monsterinsights_sitenote_note":"","_monsterinsights_sitenote_category":0,"footnotes":""},"categories":[4186],"tags":[396,4187,4234,4196,4195,4189,4188],"features":[],"class_list":{"0":"post-32780","1":"page","2":"type-page","3":"status-publish","4":"has-post-thumbnail","6":"category-gestionali-per-parrucchieri","7":"tag-cloud","8":"tag-gestionale-per-parrucchieri","9":"tag-phorest","10":"tag-piattaforma-gestionale-per-parrucchieri","11":"tag-programma-gestionale-per-parrucchieri","12":"tag-software-gestionale-per-parrucchieri","13":"tag-soluzione-gestionale-per-parrucchieri"},"wppr_data":{"cwp_meta_box_check":"No"},"acf":[],"yoast_head":"<!-- This site is optimized with the Yoast SEO plugin v27.4 - https:\/\/yoast.com\/product\/yoast-seo-wordpress\/ -->\n<title>Phorest: recensione software gestionale parrucchieri - Accurate Reviews<\/title>\n<meta name=\"description\" content=\"Phorest: recensione software di gestione dei saloni all-inclusive basato su cloud per negozi di unghie e di bellezza, parrucchieri e spa.\" \/>\n<meta name=\"robots\" content=\"index, follow, max-snippet:-1, max-image-preview:large, max-video-preview:-1\" \/>\n<link rel=\"canonical\" href=\"https:\/\/www.accuratereviews.com\/it\/gestionale-per-parrucchieri\/phorest-recensione\/\" \/>\n<meta property=\"og:locale\" content=\"it_IT\" \/>\n<meta property=\"og:type\" content=\"article\" \/>\n<meta property=\"og:title\" content=\"Phorest: recensione software gestionale parrucchieri - Accurate Reviews\" \/>\n<meta property=\"og:description\" content=\"Phorest: recensione software di gestione dei saloni all-inclusive basato su cloud per negozi di unghie e di bellezza, parrucchieri e spa.\" \/>\n<meta property=\"og:url\" content=\"https:\/\/www.accuratereviews.com\/it\/gestionale-per-parrucchieri\/phorest-recensione\/\" \/>\n<meta property=\"og:site_name\" content=\"Accurate Reviews\" \/>\n<meta property=\"article:modified_time\" content=\"2020-11-30T12:17:53+00:00\" \/>\n<meta property=\"og:image\" content=\"https:\/\/www.accuratereviews.com\/wp-content\/uploads\/2020\/11\/Phorest.png\" \/>\n\t<meta property=\"og:image:width\" content=\"200\" \/>\n\t<meta property=\"og:image:height\" content=\"200\" \/>\n\t<meta property=\"og:image:type\" content=\"image\/png\" \/>\n<meta name=\"twitter:card\" content=\"summary_large_image\" \/>\n<meta name=\"twitter:label1\" content=\"Tempo di lettura stimato\" \/>\n\t<meta name=\"twitter:data1\" content=\"4 minuti\" \/>\n<script type=\"application\/ld+json\" class=\"yoast-schema-graph\">{\"@context\":\"https:\\\/\\\/schema.org\",\"@graph\":[{\"@type\":\"WebPage\",\"@id\":\"https:\\\/\\\/www.accuratereviews.com\\\/it\\\/gestionale-per-parrucchieri\\\/phorest-recensione\\\/\",\"url\":\"https:\\\/\\\/www.accuratereviews.com\\\/it\\\/gestionale-per-parrucchieri\\\/phorest-recensione\\\/\",\"name\":\"Phorest: recensione software gestionale parrucchieri - Accurate Reviews\",\"isPartOf\":{\"@id\":\"https:\\\/\\\/www.accuratereviews.com\\\/it\\\/#website\"},\"primaryImageOfPage\":{\"@id\":\"https:\\\/\\\/www.accuratereviews.com\\\/it\\\/gestionale-per-parrucchieri\\\/phorest-recensione\\\/#primaryimage\"},\"image\":{\"@id\":\"https:\\\/\\\/www.accuratereviews.com\\\/it\\\/gestionale-per-parrucchieri\\\/phorest-recensione\\\/#primaryimage\"},\"thumbnailUrl\":\"https:\\\/\\\/www.accuratereviews.com\\\/wp-content\\\/uploads\\\/2020\\\/11\\\/Phorest.png\",\"datePublished\":\"2020-11-20T10:37:47+00:00\",\"dateModified\":\"2020-11-30T12:17:53+00:00\",\"description\":\"Phorest: recensione software di gestione dei saloni all-inclusive basato su cloud per negozi di unghie e di bellezza, parrucchieri e spa.\",\"breadcrumb\":{\"@id\":\"https:\\\/\\\/www.accuratereviews.com\\\/it\\\/gestionale-per-parrucchieri\\\/phorest-recensione\\\/#breadcrumb\"},\"inLanguage\":\"it-IT\",\"potentialAction\":[{\"@type\":\"ReadAction\",\"target\":[\"https:\\\/\\\/www.accuratereviews.com\\\/it\\\/gestionale-per-parrucchieri\\\/phorest-recensione\\\/\"]}]},{\"@type\":\"ImageObject\",\"inLanguage\":\"it-IT\",\"@id\":\"https:\\\/\\\/www.accuratereviews.com\\\/it\\\/gestionale-per-parrucchieri\\\/phorest-recensione\\\/#primaryimage\",\"url\":\"https:\\\/\\\/www.accuratereviews.com\\\/wp-content\\\/uploads\\\/2020\\\/11\\\/Phorest.png\",\"contentUrl\":\"https:\\\/\\\/www.accuratereviews.com\\\/wp-content\\\/uploads\\\/2020\\\/11\\\/Phorest.png\",\"width\":200,\"height\":200},{\"@type\":\"BreadcrumbList\",\"@id\":\"https:\\\/\\\/www.accuratereviews.com\\\/it\\\/gestionale-per-parrucchieri\\\/phorest-recensione\\\/#breadcrumb\",\"itemListElement\":[{\"@type\":\"ListItem\",\"position\":1,\"name\":\"Home\",\"item\":\"https:\\\/\\\/www.accuratereviews.com\\\/it\\\/\"},{\"@type\":\"ListItem\",\"position\":2,\"name\":\"Gestionale per parrucchieri\",\"item\":\"https:\\\/\\\/www.accuratereviews.com\\\/it\\\/gestionale-per-parrucchieri\\\/\"},{\"@type\":\"ListItem\",\"position\":3,\"name\":\"Phorest\"}]},{\"@type\":\"WebSite\",\"@id\":\"https:\\\/\\\/www.accuratereviews.com\\\/it\\\/#website\",\"url\":\"https:\\\/\\\/www.accuratereviews.com\\\/it\\\/\",\"name\":\"Accurate Reviews\",\"description\":\"\",\"potentialAction\":[{\"@type\":\"SearchAction\",\"target\":{\"@type\":\"EntryPoint\",\"urlTemplate\":\"https:\\\/\\\/www.accuratereviews.com\\\/it\\\/?s={search_term_string}\"},\"query-input\":{\"@type\":\"PropertyValueSpecification\",\"valueRequired\":true,\"valueName\":\"search_term_string\"}}],\"inLanguage\":\"it-IT\"}]}<\/script>\n<!-- \/ Yoast SEO plugin. -->","yoast_head_json":{"title":"Phorest: recensione software gestionale parrucchieri - Accurate Reviews","description":"Phorest: recensione software di gestione dei saloni all-inclusive basato su cloud per negozi di unghie e di bellezza, parrucchieri e spa.","robots":{"index":"index","follow":"follow","max-snippet":"max-snippet:-1","max-image-preview":"max-image-preview:large","max-video-preview":"max-video-preview:-1"},"canonical":"https:\/\/www.accuratereviews.com\/it\/gestionale-per-parrucchieri\/phorest-recensione\/","og_locale":"it_IT","og_type":"article","og_title":"Phorest: recensione software gestionale parrucchieri - Accurate Reviews","og_description":"Phorest: recensione software di gestione dei saloni all-inclusive basato su cloud per negozi di unghie e di bellezza, parrucchieri e spa.","og_url":"https:\/\/www.accuratereviews.com\/it\/gestionale-per-parrucchieri\/phorest-recensione\/","og_site_name":"Accurate Reviews","article_modified_time":"2020-11-30T12:17:53+00:00","og_image":[{"width":200,"height":200,"url":"https:\/\/www.accuratereviews.com\/wp-content\/uploads\/2020\/11\/Phorest.png","type":"image\/png"}],"twitter_card":"summary_large_image","twitter_misc":{"Tempo di lettura stimato":"4 minuti"},"schema":{"@context":"https:\/\/schema.org","@graph":[{"@type":"WebPage","@id":"https:\/\/www.accuratereviews.com\/it\/gestionale-per-parrucchieri\/phorest-recensione\/","url":"https:\/\/www.accuratereviews.com\/it\/gestionale-per-parrucchieri\/phorest-recensione\/","name":"Phorest: recensione software gestionale parrucchieri - Accurate Reviews","isPartOf":{"@id":"https:\/\/www.accuratereviews.com\/it\/#website"},"primaryImageOfPage":{"@id":"https:\/\/www.accuratereviews.com\/it\/gestionale-per-parrucchieri\/phorest-recensione\/#primaryimage"},"image":{"@id":"https:\/\/www.accuratereviews.com\/it\/gestionale-per-parrucchieri\/phorest-recensione\/#primaryimage"},"thumbnailUrl":"https:\/\/www.accuratereviews.com\/wp-content\/uploads\/2020\/11\/Phorest.png","datePublished":"2020-11-20T10:37:47+00:00","dateModified":"2020-11-30T12:17:53+00:00","description":"Phorest: recensione software di gestione dei saloni all-inclusive basato su cloud per negozi di unghie e di bellezza, parrucchieri e spa.","breadcrumb":{"@id":"https:\/\/www.accuratereviews.com\/it\/gestionale-per-parrucchieri\/phorest-recensione\/#breadcrumb"},"inLanguage":"it-IT","potentialAction":[{"@type":"ReadAction","target":["https:\/\/www.accuratereviews.com\/it\/gestionale-per-parrucchieri\/phorest-recensione\/"]}]},{"@type":"ImageObject","inLanguage":"it-IT","@id":"https:\/\/www.accuratereviews.com\/it\/gestionale-per-parrucchieri\/phorest-recensione\/#primaryimage","url":"https:\/\/www.accuratereviews.com\/wp-content\/uploads\/2020\/11\/Phorest.png","contentUrl":"https:\/\/www.accuratereviews.com\/wp-content\/uploads\/2020\/11\/Phorest.png","width":200,"height":200},{"@type":"BreadcrumbList","@id":"https:\/\/www.accuratereviews.com\/it\/gestionale-per-parrucchieri\/phorest-recensione\/#breadcrumb","itemListElement":[{"@type":"ListItem","position":1,"name":"Home","item":"https:\/\/www.accuratereviews.com\/it\/"},{"@type":"ListItem","position":2,"name":"Gestionale per parrucchieri","item":"https:\/\/www.accuratereviews.com\/it\/gestionale-per-parrucchieri\/"},{"@type":"ListItem","position":3,"name":"Phorest"}]},{"@type":"WebSite","@id":"https:\/\/www.accuratereviews.com\/it\/#website","url":"https:\/\/www.accuratereviews.com\/it\/","name":"Accurate Reviews","description":"","potentialAction":[{"@type":"SearchAction","target":{"@type":"EntryPoint","urlTemplate":"https:\/\/www.accuratereviews.com\/it\/?s={search_term_string}"},"query-input":{"@type":"PropertyValueSpecification","valueRequired":true,"valueName":"search_term_string"}}],"inLanguage":"it-IT"}]}},"_links":{"self":[{"href":"https:\/\/www.accuratereviews.com\/it\/wp-json\/wp\/v2\/pages\/32780","targetHints":{"allow":["GET"]}}],"collection":[{"href":"https:\/\/www.accuratereviews.com\/it\/wp-json\/wp\/v2\/pages"}],"about":[{"href":"https:\/\/www.accuratereviews.com\/it\/wp-json\/wp\/v2\/types\/page"}],"author":[{"embeddable":true,"href":"https:\/\/www.accuratereviews.com\/it\/wp-json\/wp\/v2\/users\/19"}],"replies":[{"embeddable":true,"href":"https:\/\/www.accuratereviews.com\/it\/wp-json\/wp\/v2\/comments?post=32780"}],"version-history":[{"count":7,"href":"https:\/\/www.accuratereviews.com\/it\/wp-json\/wp\/v2\/pages\/32780\/revisions"}],"predecessor-version":[{"id":32792,"href":"https:\/\/www.accuratereviews.com\/it\/wp-json\/wp\/v2\/pages\/32780\/revisions\/32792"}],"up":[{"embeddable":true,"href":"https:\/\/www.accuratereviews.com\/it\/wp-json\/wp\/v2\/pages\/33071"}],"wp:featuredmedia":[{"embeddable":true,"href":"https:\/\/www.accuratereviews.com\/it\/wp-json\/wp\/v2\/media\/32781"}],"wp:attachment":[{"href":"https:\/\/www.accuratereviews.com\/it\/wp-json\/wp\/v2\/media?parent=32780"}],"wp:term":[{"taxonomy":"category","embeddable":true,"href":"https:\/\/www.accuratereviews.com\/it\/wp-json\/wp\/v2\/categories?post=32780"},{"taxonomy":"post_tag","embeddable":true,"href":"https:\/\/www.accuratereviews.com\/it\/wp-json\/wp\/v2\/tags?post=32780"},{"taxonomy":"features","embeddable":true,"href":"https:\/\/www.accuratereviews.com\/it\/wp-json\/wp\/v2\/features?post=32780"}],"curies":[{"name":"wp","href":"https:\/\/api.w.org\/{rel}","templated":true}]}}