{"id":32795,"date":"2020-11-23T12:43:33","date_gmt":"2020-11-23T12:43:33","guid":{"rendered":"https:\/\/www.accuratereviews.com\/?page_id=32795"},"modified":"2024-04-20T10:20:51","modified_gmt":"2024-04-20T10:20:51","slug":"talech-recensione","status":"publish","type":"page","link":"https:\/\/www.accuratereviews.com\/it\/gestionale-per-parrucchieri\/talech-recensione\/","title":{"rendered":"Talech"},"content":{"rendered":"<p><strong>Talech<\/strong> \u00e8 una<strong> soluzione di vendita<\/strong> al dettaglio, ristoranti, bar e barbieri per\u00a0servizi professionali che offre punti vendita (POS), inventario e gestione dei clienti, pianificazione degli appuntamenti e analisi approfondite. La soluzione memorizza i dati nel <strong>cloud<\/strong>, il che significa che \u00e8 possibile accedervi in \u200b\u200bmodo sicuro da pi\u00f9 dispositivi ovunque ti trovi nel mondo. La soluzione supporta diversi tipi di pagamento, inclusi fatture separate e buoni regalo. Per la vendita al dettaglio, le sofisticate funzionalit\u00e0 di gestione dell&#8217;inventario includono un&#8217;opzione di caricamento e modifica collettiva insieme ad avvisi di inventario insufficiente. La pianificazione degli appuntamenti \u00e8 la priorit\u00e0 per questo programma che offre un sito web di prenotazione rivolto ai clienti, profili del personale per mostrare i servizi offerti, nonch\u00e9 rapporti dettagliati sul personale e sulle cancellazioni. I rapporti sono integrati nel sistema, inclusi trend delle transazioni, prestazioni e orari dei dipendenti e dati demografici dei clienti.<\/p>\n<h2>TALECH &#8211; TUTORIAL<\/h2>\n<p>Questo video spiega come impostare e configurare la tua pagina web per gli ordini online su questo <strong>software gestionale per parrucchieri<\/strong>:<\/p>\n<div id=\"fluid-wrapper-counter-1\" class=\"g1-fluid-wrapper \" style=\"width:686px;\">\n<div style=\"padding-bottom:56.268221574344%;\"><iframe loading=\"lazy\" title=\"Grow your business with talech point of sale\" width=\"686\" height=\"386\" src=\"https:\/\/www.youtube.com\/embed\/zHm8rzqoYX8?feature=oembed&amp;wmode=transparent&amp;autohide=1&amp;autoplay=0&amp;disablekb=0&amp;fs=1&amp;loop=0&amp;enablejsapi=1&amp;rel=0&amp;controls=2&amp;showinfo=0&amp;wmode=transparent&amp;autohide=2&amp;autoplay=0&amp;disablekb=0&amp;fs=1&amp;loop=0&amp;enablejsapi=1&amp;rel=0&amp;controls=2&amp;showinfo=1\" frameborder=\"0\" allow=\"accelerometer; autoplay; clipboard-write; encrypted-media; gyroscope; picture-in-picture; web-share\" referrerpolicy=\"strict-origin-when-cross-origin\" allowfullscreen><\/iframe><\/div>\n<\/div>\n<h3>TALECH &#8211; CARATTERISTICHE<\/h3>\n<ul>\n<li><strong>Registrare c<\/strong><span class=\"JLqJ4b ChMk0b\" data-language-for-alternatives=\"it\" data-language-to-translate-into=\"en\" data-phrase-index=\"1\"><strong>heck-out<\/strong>:<span class=\"JLqJ4b\" data-language-for-alternatives=\"it\" data-language-to-translate-into=\"en\" data-phrase-index=\"2\"> gestisci appuntamenti, vendi prodotti e servizi, crea sconti, monitora l&#8217;inventario, raccogli suggerimenti e vendi buoni regalo, tutto in un&#8217;unica app<\/span><\/span><\/li>\n<li><strong>Gestione del cliente<\/strong>:<span class=\"JLqJ4b\" data-language-for-alternatives=\"it\" data-language-to-translate-into=\"en\" data-phrase-index=\"1\">\u00a0a<span class=\"JLqJ4b ChMk0b\" data-language-for-alternatives=\"it\" data-language-to-translate-into=\"en\" data-phrase-index=\"2\">cquisisci le informazioni sui clienti nel punto vendita. Comprendi la frequenza con cui i tuoi clienti visitano la tua attivit\u00e0, quanto spendono, cosa hanno acquistato durante la loro ultima visita e le loro preferenze<\/span><\/span><\/li>\n<li><strong>Servizi:<\/strong><span class=\"JLqJ4b\" data-language-for-alternatives=\"it\" data-language-to-translate-into=\"en\" data-phrase-index=\"1\">\u00a0f<span class=\"JLqJ4b ChMk0b\" data-language-for-alternatives=\"it\" data-language-to-translate-into=\"en\" data-phrase-index=\"2\">atti pagare come vuoi con le opzioni per i servizi a durata fissa o variabile. Definire i servizi che possono essere eseguiti da determinati membri del personale per monitorare l&#8217;utilizzo e le prestazioni<\/span><\/span><\/li>\n<li><strong>Sconti e offerte<\/strong>:<span class=\"JLqJ4b\" data-language-for-alternatives=\"it\" data-language-to-translate-into=\"en\" data-phrase-index=\"1\">\u00a0c<span class=\"JLqJ4b ChMk0b\" data-language-for-alternatives=\"it\" data-language-to-translate-into=\"en\" data-phrase-index=\"2\">rea sconti da attivare automaticamente in giorni e orari specifici. Imposta sconti avanzati per offrire merci in regalo<\/span><\/span><\/li>\n<li><strong>Pronto per EMV<\/strong>: a<span class=\"JLqJ4b\" data-language-for-alternatives=\"it\" data-language-to-translate-into=\"en\" data-phrase-index=\"1\"><span class=\"JLqJ4b ChMk0b\" data-language-for-alternatives=\"it\" data-language-to-translate-into=\"en\" data-phrase-index=\"2\">ccetta pagamenti con chip, contactless e swipe con una scelta di pi\u00f9 terminali di pagamento e processori<\/span><\/span><\/li>\n<li><strong>Buoni regalo integrati<\/strong>:<span class=\"JLqJ4b\" data-language-for-alternatives=\"it\" data-language-to-translate-into=\"en\" data-phrase-index=\"1\">\u00a0a<span class=\"JLqJ4b ChMk0b\" data-language-for-alternatives=\"it\" data-language-to-translate-into=\"en\" data-phrase-index=\"2\">umenta le vendite e acquisisci nuovi clienti con le nostre soluzioni di carte regalo e fisiche. Crea buoni regalo in plastica ad alta risoluzione o personalizza le nostre email e le carte digitali con il tuo logo<\/span><\/span><\/li>\n<li><strong>Sincronizzazione senza interruzioni<\/strong>:<span class=\"JLqJ4b\" data-language-for-alternatives=\"it\" data-language-to-translate-into=\"en\" data-phrase-index=\"1\">\u00a0g<span class=\"JLqJ4b ChMk0b\" data-language-for-alternatives=\"it\" data-language-to-translate-into=\"en\" data-phrase-index=\"2\">estisci gli ordini su pi\u00f9 dispositivi in tempo reale. Accedi, accetta ordini e accetta pagamenti in contanti quando sei offline<\/span><\/span><\/li>\n<li><strong>Display rivolto verso il cliente<\/strong>:<span class=\"JLqJ4b\" data-language-for-alternatives=\"it\" data-language-to-translate-into=\"en\" data-phrase-index=\"1\">\u00a0f<span class=\"JLqJ4b ChMk0b\" data-language-for-alternatives=\"it\" data-language-to-translate-into=\"en\" data-phrase-index=\"2\">ornisci ai tuoi clienti una maggiore visibilit\u00e0 sul flusso di acquisto. Personalizza il display per coinvolgere i tuoi clienti nel punto vendita con promozioni e messaggistica personalizzata<\/span><\/span><\/li>\n<\/ul>\n<h4>LE RECENSIONI DEGLI UTENTI<\/h4>\n<h4 class=\"font-weight-bold mb-1 d-flex align-items-center\">Cindy H.&#8221;Lo adoro&#8221;<\/h4>\n<p><strong>Vantaggi: <\/strong>Facile da usare, molte scelte dal punto di vista dell&#8217;attrezzatura e il loro supporto \u00e8 incredibile, ne vale la pena<\/p>\n<p><strong>Inconvenienti: <\/strong>In realt\u00e0 non ho un \u00e8 facile da usare e tutte le domande a cui ho ricevuto il supporto tecnico hanno risposto<\/p>\n<h4 class=\"font-weight-bold mb-1 d-flex align-items-center\">Theresa S.&#8221;Funziona per operazioni da semplici a complesse&#8221;<\/h4>\n<p><strong>Commenti: <\/strong>Li abbiamo utilizzati con due attivit\u00e0 separate. Uno era un servizio rapido e quello attuale \u00e8 un servizio completo, un ambiente raffinato. Il registro funziona con entrambi. Sono rimasto sorpreso dalla facilit\u00e0 con cui siamo stati in grado di espandere e controllare i nostri sistemi interni. Sono diventati cos\u00ec ricchi di funzionalit\u00e0 nel corso degli anni. Il personale si allena rapidamente su di esso. Il prezzo \u00e8 competitivo. Il servizio clienti \u00e8 molto buono.<\/p>\n<p><strong>Vantaggi: <\/strong>Sconti sulle offerte speciali settimanali &#8211; impostare una volta e fatto.\u00a0Etichettatura per stampanti specifiche, sconti.\u00a0Programma fedelt\u00e0.\u00a0Segnalazione.\u00a0Time Clck e fogli di tempo.\u00a0Ordinazioni online.\u00a0Gestione tabelle<\/p>\n<p><strong>Inconvenienti: <\/strong>I lettori ICMP a volte sono un problema.\u00a0Vorrei che ci fosse un sistema di prenotazione integrato<\/p>\n<h4 class=\"font-weight-bold mb-1 d-flex align-items-center\">Christopher Z.&#8221;Facilit\u00e0 di utilizzo&#8221;<\/h4>\n<p><strong>Commenti: <\/strong>La nuova roba dell&#8217;account interno sembra essere un vantaggio per qualcuno come me. Lascio che la gente gestisca una scheda. Il software si \u00e8 bloccato alcune volte durante un turno e Talech ti chiede solo di essere paziente. La mancanza di conoscenza dall&#8217;help desk \u00e8 frustrante.<\/p>\n<p><strong>Vantaggi: <\/strong>Facile da navigare, abbastanza semplice.<\/p>\n<p><strong>Inconvenienti: <\/strong>Se c&#8217;\u00e8 un problema, tutto va gi\u00f9 e il servizio clienti di solito non \u00e8 utile. Ho dovuto chiamare altre persone IT per farci diventare operativi perch\u00e9 l&#8217;help desk di solito non pu\u00f2 o impiegano un&#8217;ora per risolvere un problema con un solo pulsante.<\/p>\n","protected":false},"excerpt":{"rendered":"<p>Talech \u00e8 una soluzione di vendita al dettaglio, ristoranti, bar e barbieri per\u00a0servizi professionali che offre punti vendita (POS), inventario e gestione dei clienti, pianificazione degli appuntamenti e analisi approfondite. La soluzione memorizza i dati nel cloud, il che significa che \u00e8 possibile accedervi in \u200b\u200bmodo sicuro da pi\u00f9 dispositivi ovunque ti trovi nel mondo. La soluzione supporta diversi tipi di pagamento, inclusi fatture separate e buoni regalo.<\/p>\n","protected":false},"author":19,"featured_media":32796,"parent":33071,"menu_order":0,"comment_status":"open","ping_status":"closed","template":"g1_template_page_review_new.php","meta":{"_acf_changed":false,"cwp_meta_box_check":"Yes","cwp_rev_product_name":"","cwp_rev_product_image":"","wppr_links":[],"cwp_rev_price":"","wppr_options":[{"name":"Usability","value":"0"},{"name":"Speed","value":"0"},{"name":"Features","value":"0"},{"name":"Support","value":"0"},{"name":"Pricing","value":"0"}],"wppr_pros":["","","","",""],"wppr_cons":["","","","",""],"_monsterinsights_skip_tracking":false,"_monsterinsights_sitenote_active":false,"_monsterinsights_sitenote_note":"","_monsterinsights_sitenote_category":0,"footnotes":""},"categories":[4186],"tags":[396,4187,4196,4195,4189,4188,4240],"features":[],"class_list":{"0":"post-32795","1":"page","2":"type-page","3":"status-publish","4":"has-post-thumbnail","6":"category-gestionali-per-parrucchieri","7":"tag-cloud","8":"tag-gestionale-per-parrucchieri","9":"tag-piattaforma-gestionale-per-parrucchieri","10":"tag-programma-gestionale-per-parrucchieri","11":"tag-software-gestionale-per-parrucchieri","12":"tag-soluzione-gestionale-per-parrucchieri","13":"tag-talech"},"wppr_data":{"cwp_meta_box_check":"Yes","cwp_rev_product_name":"","_wppr_review_template":"default","cwp_rev_product_image":"","cwp_image_link":"image","wppr_links":[],"cwp_rev_price":"","wppr_pros":["","","","",""],"wppr_cons":["","","","",""],"wppr_rating":"0.00","wppr_options":{"1":{"name":"Usability","value":"0"},"2":{"name":"Speed","value":"0"},"3":{"name":"Features","value":"0"},"4":{"name":"Support","value":"0"},"5":{"name":"Pricing","value":"0"}},"wppr_review_type":"Product","wppr_review_custom_fields":{"additionalProperty":"","additionalType":"","aggregateRating":"","alternateName":"","audience":"","award":"","awards":"","brand":"","color":"","depth":"","description":"","disambiguatingDescription":"","gtin12":"","gtin13":"","gtin14":"","gtin8":"","height":"","identifier":"","image":"","isAccessoryOrSparePartFor":"","isConsumableFor":"","isRelatedTo":"","isSimilarTo":"","itemCondition":"","logo":"","mainEntityOfPage":"","manufacturer":"","material":"","model":"","mpn":"","name":"","offers":"","potentialAction":"","productID":"","productionDate":"","purchaseDate":"","releaseDate":"","review":"","reviews":"","sameAs":"","sku":"","slogan":"","subjectOf":"","url":"","weight":"","width":""}},"acf":[],"yoast_head":"<!-- This site is optimized with the Yoast SEO plugin v27.4 - https:\/\/yoast.com\/product\/yoast-seo-wordpress\/ -->\n<title>Talech: recensione software gestionale per parrucchieri - Accurate Reviews<\/title>\n<meta name=\"description\" content=\"Talech: recensione soluzione di vendita al dettaglio per ristoranti, bar e barbieri per\u00a0servizi professionali basata su cloud.\" \/>\n<meta name=\"robots\" content=\"index, follow, max-snippet:-1, max-image-preview:large, max-video-preview:-1\" \/>\n<link rel=\"canonical\" href=\"https:\/\/www.accuratereviews.com\/it\/gestionale-per-parrucchieri\/talech-recensione\/\" \/>\n<meta property=\"og:locale\" content=\"it_IT\" \/>\n<meta property=\"og:type\" content=\"article\" \/>\n<meta property=\"og:title\" content=\"Talech: recensione software gestionale per parrucchieri - Accurate Reviews\" \/>\n<meta property=\"og:description\" content=\"Talech: recensione soluzione di vendita al dettaglio per ristoranti, bar e barbieri per\u00a0servizi professionali basata su cloud.\" \/>\n<meta property=\"og:url\" content=\"https:\/\/www.accuratereviews.com\/it\/gestionale-per-parrucchieri\/talech-recensione\/\" \/>\n<meta property=\"og:site_name\" content=\"Accurate Reviews\" \/>\n<meta property=\"article:modified_time\" content=\"2024-04-20T10:20:51+00:00\" \/>\n<meta property=\"og:image\" content=\"https:\/\/www.accuratereviews.com\/wp-content\/uploads\/2020\/11\/Talech.png\" \/>\n\t<meta property=\"og:image:width\" content=\"550\" \/>\n\t<meta property=\"og:image:height\" content=\"220\" \/>\n\t<meta property=\"og:image:type\" content=\"image\/png\" \/>\n<meta name=\"twitter:card\" content=\"summary_large_image\" \/>\n<meta name=\"twitter:label1\" content=\"Tempo di lettura stimato\" \/>\n\t<meta name=\"twitter:data1\" content=\"5 minuti\" \/>\n<script type=\"application\/ld+json\" class=\"yoast-schema-graph\">{\"@context\":\"https:\\\/\\\/schema.org\",\"@graph\":[{\"@type\":\"WebPage\",\"@id\":\"https:\\\/\\\/www.accuratereviews.com\\\/it\\\/gestionale-per-parrucchieri\\\/talech-recensione\\\/\",\"url\":\"https:\\\/\\\/www.accuratereviews.com\\\/it\\\/gestionale-per-parrucchieri\\\/talech-recensione\\\/\",\"name\":\"Talech: recensione software gestionale per parrucchieri - Accurate Reviews\",\"isPartOf\":{\"@id\":\"https:\\\/\\\/www.accuratereviews.com\\\/it\\\/#website\"},\"primaryImageOfPage\":{\"@id\":\"https:\\\/\\\/www.accuratereviews.com\\\/it\\\/gestionale-per-parrucchieri\\\/talech-recensione\\\/#primaryimage\"},\"image\":{\"@id\":\"https:\\\/\\\/www.accuratereviews.com\\\/it\\\/gestionale-per-parrucchieri\\\/talech-recensione\\\/#primaryimage\"},\"thumbnailUrl\":\"https:\\\/\\\/www.accuratereviews.com\\\/wp-content\\\/uploads\\\/2020\\\/11\\\/Talech.png\",\"datePublished\":\"2020-11-23T12:43:33+00:00\",\"dateModified\":\"2024-04-20T10:20:51+00:00\",\"description\":\"Talech: recensione soluzione di vendita al dettaglio per ristoranti, bar e barbieri per\u00a0servizi professionali basata su cloud.\",\"breadcrumb\":{\"@id\":\"https:\\\/\\\/www.accuratereviews.com\\\/it\\\/gestionale-per-parrucchieri\\\/talech-recensione\\\/#breadcrumb\"},\"inLanguage\":\"it-IT\",\"potentialAction\":[{\"@type\":\"ReadAction\",\"target\":[\"https:\\\/\\\/www.accuratereviews.com\\\/it\\\/gestionale-per-parrucchieri\\\/talech-recensione\\\/\"]}]},{\"@type\":\"ImageObject\",\"inLanguage\":\"it-IT\",\"@id\":\"https:\\\/\\\/www.accuratereviews.com\\\/it\\\/gestionale-per-parrucchieri\\\/talech-recensione\\\/#primaryimage\",\"url\":\"https:\\\/\\\/www.accuratereviews.com\\\/wp-content\\\/uploads\\\/2020\\\/11\\\/Talech.png\",\"contentUrl\":\"https:\\\/\\\/www.accuratereviews.com\\\/wp-content\\\/uploads\\\/2020\\\/11\\\/Talech.png\",\"width\":550,\"height\":220},{\"@type\":\"BreadcrumbList\",\"@id\":\"https:\\\/\\\/www.accuratereviews.com\\\/it\\\/gestionale-per-parrucchieri\\\/talech-recensione\\\/#breadcrumb\",\"itemListElement\":[{\"@type\":\"ListItem\",\"position\":1,\"name\":\"Home\",\"item\":\"https:\\\/\\\/www.accuratereviews.com\\\/it\\\/\"},{\"@type\":\"ListItem\",\"position\":2,\"name\":\"Gestionale per parrucchieri\",\"item\":\"https:\\\/\\\/www.accuratereviews.com\\\/it\\\/gestionale-per-parrucchieri\\\/\"},{\"@type\":\"ListItem\",\"position\":3,\"name\":\"Talech\"}]},{\"@type\":\"WebSite\",\"@id\":\"https:\\\/\\\/www.accuratereviews.com\\\/it\\\/#website\",\"url\":\"https:\\\/\\\/www.accuratereviews.com\\\/it\\\/\",\"name\":\"Accurate Reviews\",\"description\":\"\",\"potentialAction\":[{\"@type\":\"SearchAction\",\"target\":{\"@type\":\"EntryPoint\",\"urlTemplate\":\"https:\\\/\\\/www.accuratereviews.com\\\/it\\\/?s={search_term_string}\"},\"query-input\":{\"@type\":\"PropertyValueSpecification\",\"valueRequired\":true,\"valueName\":\"search_term_string\"}}],\"inLanguage\":\"it-IT\"}]}<\/script>\n<!-- \/ Yoast SEO plugin. -->","yoast_head_json":{"title":"Talech: recensione software gestionale per parrucchieri - Accurate Reviews","description":"Talech: recensione soluzione di vendita al dettaglio per ristoranti, bar e barbieri per\u00a0servizi professionali basata su cloud.","robots":{"index":"index","follow":"follow","max-snippet":"max-snippet:-1","max-image-preview":"max-image-preview:large","max-video-preview":"max-video-preview:-1"},"canonical":"https:\/\/www.accuratereviews.com\/it\/gestionale-per-parrucchieri\/talech-recensione\/","og_locale":"it_IT","og_type":"article","og_title":"Talech: recensione software gestionale per parrucchieri - Accurate Reviews","og_description":"Talech: recensione soluzione di vendita al dettaglio per ristoranti, bar e barbieri per\u00a0servizi professionali basata su cloud.","og_url":"https:\/\/www.accuratereviews.com\/it\/gestionale-per-parrucchieri\/talech-recensione\/","og_site_name":"Accurate Reviews","article_modified_time":"2024-04-20T10:20:51+00:00","og_image":[{"width":550,"height":220,"url":"https:\/\/www.accuratereviews.com\/wp-content\/uploads\/2020\/11\/Talech.png","type":"image\/png"}],"twitter_card":"summary_large_image","twitter_misc":{"Tempo di lettura stimato":"5 minuti"},"schema":{"@context":"https:\/\/schema.org","@graph":[{"@type":"WebPage","@id":"https:\/\/www.accuratereviews.com\/it\/gestionale-per-parrucchieri\/talech-recensione\/","url":"https:\/\/www.accuratereviews.com\/it\/gestionale-per-parrucchieri\/talech-recensione\/","name":"Talech: recensione software gestionale per parrucchieri - Accurate Reviews","isPartOf":{"@id":"https:\/\/www.accuratereviews.com\/it\/#website"},"primaryImageOfPage":{"@id":"https:\/\/www.accuratereviews.com\/it\/gestionale-per-parrucchieri\/talech-recensione\/#primaryimage"},"image":{"@id":"https:\/\/www.accuratereviews.com\/it\/gestionale-per-parrucchieri\/talech-recensione\/#primaryimage"},"thumbnailUrl":"https:\/\/www.accuratereviews.com\/wp-content\/uploads\/2020\/11\/Talech.png","datePublished":"2020-11-23T12:43:33+00:00","dateModified":"2024-04-20T10:20:51+00:00","description":"Talech: recensione soluzione di vendita al dettaglio per ristoranti, bar e barbieri per\u00a0servizi professionali basata su cloud.","breadcrumb":{"@id":"https:\/\/www.accuratereviews.com\/it\/gestionale-per-parrucchieri\/talech-recensione\/#breadcrumb"},"inLanguage":"it-IT","potentialAction":[{"@type":"ReadAction","target":["https:\/\/www.accuratereviews.com\/it\/gestionale-per-parrucchieri\/talech-recensione\/"]}]},{"@type":"ImageObject","inLanguage":"it-IT","@id":"https:\/\/www.accuratereviews.com\/it\/gestionale-per-parrucchieri\/talech-recensione\/#primaryimage","url":"https:\/\/www.accuratereviews.com\/wp-content\/uploads\/2020\/11\/Talech.png","contentUrl":"https:\/\/www.accuratereviews.com\/wp-content\/uploads\/2020\/11\/Talech.png","width":550,"height":220},{"@type":"BreadcrumbList","@id":"https:\/\/www.accuratereviews.com\/it\/gestionale-per-parrucchieri\/talech-recensione\/#breadcrumb","itemListElement":[{"@type":"ListItem","position":1,"name":"Home","item":"https:\/\/www.accuratereviews.com\/it\/"},{"@type":"ListItem","position":2,"name":"Gestionale per parrucchieri","item":"https:\/\/www.accuratereviews.com\/it\/gestionale-per-parrucchieri\/"},{"@type":"ListItem","position":3,"name":"Talech"}]},{"@type":"WebSite","@id":"https:\/\/www.accuratereviews.com\/it\/#website","url":"https:\/\/www.accuratereviews.com\/it\/","name":"Accurate Reviews","description":"","potentialAction":[{"@type":"SearchAction","target":{"@type":"EntryPoint","urlTemplate":"https:\/\/www.accuratereviews.com\/it\/?s={search_term_string}"},"query-input":{"@type":"PropertyValueSpecification","valueRequired":true,"valueName":"search_term_string"}}],"inLanguage":"it-IT"}]}},"_links":{"self":[{"href":"https:\/\/www.accuratereviews.com\/it\/wp-json\/wp\/v2\/pages\/32795","targetHints":{"allow":["GET"]}}],"collection":[{"href":"https:\/\/www.accuratereviews.com\/it\/wp-json\/wp\/v2\/pages"}],"about":[{"href":"https:\/\/www.accuratereviews.com\/it\/wp-json\/wp\/v2\/types\/page"}],"author":[{"embeddable":true,"href":"https:\/\/www.accuratereviews.com\/it\/wp-json\/wp\/v2\/users\/19"}],"replies":[{"embeddable":true,"href":"https:\/\/www.accuratereviews.com\/it\/wp-json\/wp\/v2\/comments?post=32795"}],"version-history":[{"count":13,"href":"https:\/\/www.accuratereviews.com\/it\/wp-json\/wp\/v2\/pages\/32795\/revisions"}],"predecessor-version":[{"id":76059,"href":"https:\/\/www.accuratereviews.com\/it\/wp-json\/wp\/v2\/pages\/32795\/revisions\/76059"}],"up":[{"embeddable":true,"href":"https:\/\/www.accuratereviews.com\/it\/wp-json\/wp\/v2\/pages\/33071"}],"wp:featuredmedia":[{"embeddable":true,"href":"https:\/\/www.accuratereviews.com\/it\/wp-json\/wp\/v2\/media\/32796"}],"wp:attachment":[{"href":"https:\/\/www.accuratereviews.com\/it\/wp-json\/wp\/v2\/media?parent=32795"}],"wp:term":[{"taxonomy":"category","embeddable":true,"href":"https:\/\/www.accuratereviews.com\/it\/wp-json\/wp\/v2\/categories?post=32795"},{"taxonomy":"post_tag","embeddable":true,"href":"https:\/\/www.accuratereviews.com\/it\/wp-json\/wp\/v2\/tags?post=32795"},{"taxonomy":"features","embeddable":true,"href":"https:\/\/www.accuratereviews.com\/it\/wp-json\/wp\/v2\/features?post=32795"}],"curies":[{"name":"wp","href":"https:\/\/api.w.org\/{rel}","templated":true}]}}