{"id":32833,"date":"2020-11-23T12:42:31","date_gmt":"2020-11-23T12:42:31","guid":{"rendered":"https:\/\/www.accuratereviews.com\/?page_id=32833"},"modified":"2024-04-20T09:42:42","modified_gmt":"2024-04-20T09:42:42","slug":"genbook-recensione","status":"publish","type":"page","link":"https:\/\/www.accuratereviews.com\/it\/gestionale-per-parrucchieri\/genbook-recensione\/","title":{"rendered":"Genbook"},"content":{"rendered":"<p><strong>Genbook<\/strong> \u00e8 un <strong>software di pianificazione degli appuntamenti<\/strong> semplice e intelligente progettato per aiutare le piccole imprese in pi\u00f9 settori verticali come il benessere e la bellezza a gestire e organizzare le loro prenotazioni in un unico posto. \u00c8 ricco di funzionalit\u00e0 che rendono la pianificazione un processo semplice. <strong>Genbook<\/strong> collega l&#8217;azienda ai principali siti web, social media, directory online e applicazioni locali, facilitando la ricerca online da parte dei clienti. La prenotazione pu\u00f2 essere effettuata online, in qualsiasi momento della giornata. Ci\u00f2 consente alle aziende di accogliere potenziali clienti anche dopo l&#8217;orario di ufficio. Altre caratteristiche degne di nota del software includono il CRM e PoS integrati, la sicurezza dei dati SSL integrata, la pianificazione della pagina web e i calendari personalizzabili. La piattaforma fornisce inoltre alle aziende preziose informazioni che possono utilizzare per migliorare il loro servizio.<\/p>\n<h2>GENBOOK &#8211; TUTORIAL<\/h2>\n<p>Ecco un tutorial in cui mostra come inserire un nuovo cliente in questo <strong>software gestionale per parrucchieri<\/strong>:<\/p>\n<div id=\"fluid-wrapper-counter-1\" class=\"g1-fluid-wrapper \" style=\"width:686px;\">\n<div style=\"padding-bottom:56.268221574344%;\"><iframe loading=\"lazy\" title=\"How to support your favorite Genbook business during a pandemic #SpreadLoveInstead\" width=\"686\" height=\"386\" src=\"https:\/\/www.youtube.com\/embed\/RjQZr6qnO8o?list=PLhXhJoHf5f5QkoZTqsHjROvmfh8NwIQ4g\" frameborder=\"0\" allow=\"accelerometer; autoplay; clipboard-write; encrypted-media; gyroscope; picture-in-picture; web-share\" referrerpolicy=\"strict-origin-when-cross-origin\" allowfullscreen><\/iframe><\/div>\n<\/div>\n<p>&nbsp;<\/p>\n<h3>GENBOOK &#8211; CARATTERISTICHE<\/h3>\n<ul>\n<li><strong>Pianificazione in linea<\/strong>: ottieni il pieno controllo della tua attivit\u00e0. Con questa soluzione non ci sono pi\u00f9 tag telefonici o email, lunghe ore e non pi\u00f9 lunghi giorni<\/li>\n<li><strong>Esperienza del cliente:<\/strong> attrai e converti pi\u00f9 clienti<\/li>\n<li><strong>Disponibilit\u00e0 24 ore su 24, 7 giorni su 7<\/strong>: collegati alla rete senza alcuno sforzo e consenti ai tuoi clienti di fissare appuntamenti in qualsiasi momento, senza il rischio di doppie prenotazioni<\/li>\n<li><strong> Sito BookNow<\/strong>: converti i &#8220;visitatori in utenti che prenotano&#8221; sul tuo sito di prenotazione intelligente e personalizzato<\/li>\n<li><strong>Reputazione del marchio:<\/strong> aiuta i clienti a scegliere te, automatizzando ogni volta recensioni entusiaste<\/li>\n<li><strong> Pagamenti sicuri<\/strong>: accetta pagamenti in modo rapido e sicuro in qualsiasi momento con Conformit\u00e0 PCI (Payment Card Industry)<\/li>\n<li><strong> Integrazioni<\/strong>: quando si tratta di operazioni, ogni azienda \u00e8 diversa. Ti permette di decidere le risorse di cui hai bisogno, quando ne hai bisogno. Ti aiuta semplicemente a connetterle<\/li>\n<li><strong> Approfondimenti:<\/strong> accedi alle informazioni di cui hai bisogno per gestire la tua attivit\u00e0 come un professionista e fornire la migliore esperienza<\/li>\n<\/ul>\n<h4>LE RECENSIONI DEGLI UTENTI<\/h4>\n<h4 class=\"font-weight-bold mb-1 d-flex align-items-center\">Suzanne F.&#8221;\u00c8 cambiato il modo in cui programmare i miei clienti. Cos\u00ec facile e cos\u00ec conveniente.&#8221;<\/h4>\n<p><strong>Commenti: <\/strong>Risparmia tempo, \u00e8 conveniente, i miei clienti lo adorano e lo amo anche io.<\/p>\n<p><strong>Vantaggi: <\/strong>Genbook \u00e8 facile da usare, conveniente per la mia attivit\u00e0 e ha completamente cambiato il modo in cui pianifico gli appuntamenti. La maggior parte delle persone preferisce prenotare online e non \u00e8 necessario che mi parli al telefono. Ricevo meno telefonate e ho pi\u00f9 tempo con i miei figli. Mi piace il fatto che generi e-mail di promemoria e posso aggiornare la conferma e i promemoria in base alle circostanze (come covid). Ho persino cancellato per due anni mentre vivevo in Europa e quando sono tornato tutte le mie informazioni e le informazioni sui clienti erano state salvate per me.<\/p>\n<p><strong>Inconvenienti: <\/strong>Non riesco davvero a pensare a nessuno svantaggio di Genbook. Lo uso da anni. A volte ho difficolt\u00e0 con l&#8217;app, ma \u00e8 trascurabile.<\/p>\n<h5 class=\"font-weight-bold mb-1 d-flex align-items-center\">Genevieve P.&#8221;Ottimo sistema di prenotazione&#8221;<\/h5>\n<p><strong>Commenti: <\/strong>Ogni volta che ho bisogno di aiuto per capire qualcosa, il team di supporto mi risponde immediatamente ei loro suggerimenti funzionano sempre. Il team delinea istruzioni facili da seguire e sono sempre al corrente delle modifiche imminenti o delle nuove funzionalit\u00e0.<\/p>\n<p><strong>Vantaggi: <\/strong>Adoro la facilit\u00e0 di prenotare un cliente o di far prenotare il cliente da solo.<\/p>\n<p><strong>Inconvenienti: <\/strong>Mi piacerebbe che il calendario online fosse pi\u00f9 grande e pi\u00f9 facile da leggere. \u00c8 anche molto difficile distinguere tra i giorni ancora disponibili per la prenotazione e quelli che non lo sono.<\/p>\n<h5 class=\"font-weight-bold mb-1 d-flex align-items-center\">Enid B.&#8221;Pi\u00f9 opzioni&#8221;<\/h5>\n<p><strong>Commenti: <\/strong>Mi piace ma vorrei davvero che avesse la conferma del cliente e le opzioni del pacchetto, nonch\u00e9 l&#8217;opzione di sconto in dollari.<\/p>\n<p><strong>Vantaggi: <\/strong>Conveniente.\u00a0\u00c8 abbastanza facile da usare.\u00a0L&#8217;assistenza clienti \u00e8 fenomenale<\/p>\n<p><strong>Inconvenienti: <\/strong>Alcune opzioni sono realizzabili solo su app e altre online.\u00a0Nessuna opzione per il cliente per confermare l&#8217;appuntamento.\u00a0Nessuna opzione per l&#8217;acquisto \/ monitoraggio del pacchetto.\u00a0Le opzioni di sconto per le imprese sono disponibili solo in% e non in $.<\/p>\n","protected":false},"excerpt":{"rendered":"<p>Genbook \u00e8 un software di pianificazione degli appuntamenti semplice e intelligente progettato per aiutare le piccole imprese in pi\u00f9 settori verticali come il benessere e la bellezza a gestire e organizzare le loro prenotazioni in un unico posto. \u00c8 ricco di funzionalit\u00e0 che rendono la pianificazione un processo semplice e meno arduo.<\/p>\n","protected":false},"author":19,"featured_media":32836,"parent":33071,"menu_order":0,"comment_status":"open","ping_status":"closed","template":"g1_template_page_review_new.php","meta":{"_acf_changed":false,"cwp_meta_box_check":"Yes","cwp_rev_product_name":"","cwp_rev_product_image":"","wppr_links":[],"cwp_rev_price":"","wppr_options":[{"name":"Usability","value":"0"},{"name":"Speed","value":"0"},{"name":"Features","value":"0"},{"name":"Support","value":"0"},{"name":"Pricing","value":"0"}],"wppr_pros":["","","","",""],"wppr_cons":["","","","",""],"_monsterinsights_skip_tracking":false,"_monsterinsights_sitenote_active":false,"_monsterinsights_sitenote_note":"","_monsterinsights_sitenote_category":0,"footnotes":""},"categories":[4186],"tags":[4241,4187,4196,4195,4189,4188],"features":[],"class_list":{"0":"post-32833","1":"page","2":"type-page","3":"status-publish","4":"has-post-thumbnail","6":"category-gestionali-per-parrucchieri","7":"tag-genbook","8":"tag-gestionale-per-parrucchieri","9":"tag-piattaforma-gestionale-per-parrucchieri","10":"tag-programma-gestionale-per-parrucchieri","11":"tag-software-gestionale-per-parrucchieri","12":"tag-soluzione-gestionale-per-parrucchieri"},"wppr_data":{"cwp_meta_box_check":"Yes","cwp_rev_product_name":"","_wppr_review_template":"default","cwp_rev_product_image":"","cwp_image_link":"image","wppr_links":[],"cwp_rev_price":"","wppr_pros":["","","","",""],"wppr_cons":["","","","",""],"wppr_rating":"0.00","wppr_options":{"1":{"name":"Usability","value":"0"},"2":{"name":"Speed","value":"0"},"3":{"name":"Features","value":"0"},"4":{"name":"Support","value":"0"},"5":{"name":"Pricing","value":"0"}},"wppr_review_type":"Product","wppr_review_custom_fields":{"additionalProperty":"","additionalType":"","aggregateRating":"","alternateName":"","audience":"","award":"","awards":"","brand":"","color":"","depth":"","description":"","disambiguatingDescription":"","gtin12":"","gtin13":"","gtin14":"","gtin8":"","height":"","identifier":"","image":"","isAccessoryOrSparePartFor":"","isConsumableFor":"","isRelatedTo":"","isSimilarTo":"","itemCondition":"","logo":"","mainEntityOfPage":"","manufacturer":"","material":"","model":"","mpn":"","name":"","offers":"","potentialAction":"","productID":"","productionDate":"","purchaseDate":"","releaseDate":"","review":"","reviews":"","sameAs":"","sku":"","slogan":"","subjectOf":"","url":"","weight":"","width":""}},"acf":[],"yoast_head":"<!-- This site is optimized with the Yoast SEO plugin v27.4 - https:\/\/yoast.com\/product\/yoast-seo-wordpress\/ -->\n<title>Genbook: recensione software gestionale parrucchieri - Accurate Reviews<\/title>\n<meta name=\"description\" content=\"Genbook: recensione software di pianificazione degli appuntamenti semplice e intelligente progettato per aiutare le piccole imprese.\" \/>\n<meta name=\"robots\" content=\"index, follow, max-snippet:-1, max-image-preview:large, max-video-preview:-1\" \/>\n<link rel=\"canonical\" href=\"https:\/\/www.accuratereviews.com\/it\/gestionale-per-parrucchieri\/genbook-recensione\/\" \/>\n<meta property=\"og:locale\" content=\"it_IT\" \/>\n<meta property=\"og:type\" content=\"article\" \/>\n<meta property=\"og:title\" content=\"Genbook: recensione software gestionale parrucchieri - Accurate Reviews\" \/>\n<meta property=\"og:description\" content=\"Genbook: recensione software di pianificazione degli appuntamenti semplice e intelligente progettato per aiutare le piccole imprese.\" \/>\n<meta property=\"og:url\" content=\"https:\/\/www.accuratereviews.com\/it\/gestionale-per-parrucchieri\/genbook-recensione\/\" \/>\n<meta property=\"og:site_name\" content=\"Accurate Reviews\" \/>\n<meta property=\"article:modified_time\" content=\"2024-04-20T09:42:42+00:00\" \/>\n<meta property=\"og:image\" content=\"https:\/\/www.accuratereviews.com\/wp-content\/uploads\/2020\/11\/Genbook.jpg\" \/>\n\t<meta property=\"og:image:width\" content=\"1200\" \/>\n\t<meta property=\"og:image:height\" content=\"628\" \/>\n\t<meta property=\"og:image:type\" content=\"image\/jpeg\" \/>\n<meta name=\"twitter:card\" content=\"summary_large_image\" \/>\n<meta name=\"twitter:label1\" content=\"Tempo di lettura stimato\" \/>\n\t<meta name=\"twitter:data1\" content=\"5 minuti\" \/>\n<script type=\"application\/ld+json\" class=\"yoast-schema-graph\">{\"@context\":\"https:\\\/\\\/schema.org\",\"@graph\":[{\"@type\":\"WebPage\",\"@id\":\"https:\\\/\\\/www.accuratereviews.com\\\/it\\\/gestionale-per-parrucchieri\\\/genbook-recensione\\\/\",\"url\":\"https:\\\/\\\/www.accuratereviews.com\\\/it\\\/gestionale-per-parrucchieri\\\/genbook-recensione\\\/\",\"name\":\"Genbook: recensione software gestionale parrucchieri - Accurate Reviews\",\"isPartOf\":{\"@id\":\"https:\\\/\\\/www.accuratereviews.com\\\/it\\\/#website\"},\"primaryImageOfPage\":{\"@id\":\"https:\\\/\\\/www.accuratereviews.com\\\/it\\\/gestionale-per-parrucchieri\\\/genbook-recensione\\\/#primaryimage\"},\"image\":{\"@id\":\"https:\\\/\\\/www.accuratereviews.com\\\/it\\\/gestionale-per-parrucchieri\\\/genbook-recensione\\\/#primaryimage\"},\"thumbnailUrl\":\"https:\\\/\\\/www.accuratereviews.com\\\/wp-content\\\/uploads\\\/2020\\\/11\\\/Genbook.jpg\",\"datePublished\":\"2020-11-23T12:42:31+00:00\",\"dateModified\":\"2024-04-20T09:42:42+00:00\",\"description\":\"Genbook: recensione software di pianificazione degli appuntamenti semplice e intelligente progettato per aiutare le piccole imprese.\",\"breadcrumb\":{\"@id\":\"https:\\\/\\\/www.accuratereviews.com\\\/it\\\/gestionale-per-parrucchieri\\\/genbook-recensione\\\/#breadcrumb\"},\"inLanguage\":\"it-IT\",\"potentialAction\":[{\"@type\":\"ReadAction\",\"target\":[\"https:\\\/\\\/www.accuratereviews.com\\\/it\\\/gestionale-per-parrucchieri\\\/genbook-recensione\\\/\"]}]},{\"@type\":\"ImageObject\",\"inLanguage\":\"it-IT\",\"@id\":\"https:\\\/\\\/www.accuratereviews.com\\\/it\\\/gestionale-per-parrucchieri\\\/genbook-recensione\\\/#primaryimage\",\"url\":\"https:\\\/\\\/www.accuratereviews.com\\\/wp-content\\\/uploads\\\/2020\\\/11\\\/Genbook.jpg\",\"contentUrl\":\"https:\\\/\\\/www.accuratereviews.com\\\/wp-content\\\/uploads\\\/2020\\\/11\\\/Genbook.jpg\",\"width\":1200,\"height\":628},{\"@type\":\"BreadcrumbList\",\"@id\":\"https:\\\/\\\/www.accuratereviews.com\\\/it\\\/gestionale-per-parrucchieri\\\/genbook-recensione\\\/#breadcrumb\",\"itemListElement\":[{\"@type\":\"ListItem\",\"position\":1,\"name\":\"Home\",\"item\":\"https:\\\/\\\/www.accuratereviews.com\\\/it\\\/\"},{\"@type\":\"ListItem\",\"position\":2,\"name\":\"Gestionale per parrucchieri\",\"item\":\"https:\\\/\\\/www.accuratereviews.com\\\/it\\\/gestionale-per-parrucchieri\\\/\"},{\"@type\":\"ListItem\",\"position\":3,\"name\":\"Genbook\"}]},{\"@type\":\"WebSite\",\"@id\":\"https:\\\/\\\/www.accuratereviews.com\\\/it\\\/#website\",\"url\":\"https:\\\/\\\/www.accuratereviews.com\\\/it\\\/\",\"name\":\"Accurate Reviews\",\"description\":\"\",\"potentialAction\":[{\"@type\":\"SearchAction\",\"target\":{\"@type\":\"EntryPoint\",\"urlTemplate\":\"https:\\\/\\\/www.accuratereviews.com\\\/it\\\/?s={search_term_string}\"},\"query-input\":{\"@type\":\"PropertyValueSpecification\",\"valueRequired\":true,\"valueName\":\"search_term_string\"}}],\"inLanguage\":\"it-IT\"}]}<\/script>\n<!-- \/ Yoast SEO plugin. -->","yoast_head_json":{"title":"Genbook: recensione software gestionale parrucchieri - Accurate Reviews","description":"Genbook: recensione software di pianificazione degli appuntamenti semplice e intelligente progettato per aiutare le piccole imprese.","robots":{"index":"index","follow":"follow","max-snippet":"max-snippet:-1","max-image-preview":"max-image-preview:large","max-video-preview":"max-video-preview:-1"},"canonical":"https:\/\/www.accuratereviews.com\/it\/gestionale-per-parrucchieri\/genbook-recensione\/","og_locale":"it_IT","og_type":"article","og_title":"Genbook: recensione software gestionale parrucchieri - Accurate Reviews","og_description":"Genbook: recensione software di pianificazione degli appuntamenti semplice e intelligente progettato per aiutare le piccole imprese.","og_url":"https:\/\/www.accuratereviews.com\/it\/gestionale-per-parrucchieri\/genbook-recensione\/","og_site_name":"Accurate Reviews","article_modified_time":"2024-04-20T09:42:42+00:00","og_image":[{"width":1200,"height":628,"url":"https:\/\/www.accuratereviews.com\/wp-content\/uploads\/2020\/11\/Genbook.jpg","type":"image\/jpeg"}],"twitter_card":"summary_large_image","twitter_misc":{"Tempo di lettura stimato":"5 minuti"},"schema":{"@context":"https:\/\/schema.org","@graph":[{"@type":"WebPage","@id":"https:\/\/www.accuratereviews.com\/it\/gestionale-per-parrucchieri\/genbook-recensione\/","url":"https:\/\/www.accuratereviews.com\/it\/gestionale-per-parrucchieri\/genbook-recensione\/","name":"Genbook: recensione software gestionale parrucchieri - Accurate Reviews","isPartOf":{"@id":"https:\/\/www.accuratereviews.com\/it\/#website"},"primaryImageOfPage":{"@id":"https:\/\/www.accuratereviews.com\/it\/gestionale-per-parrucchieri\/genbook-recensione\/#primaryimage"},"image":{"@id":"https:\/\/www.accuratereviews.com\/it\/gestionale-per-parrucchieri\/genbook-recensione\/#primaryimage"},"thumbnailUrl":"https:\/\/www.accuratereviews.com\/wp-content\/uploads\/2020\/11\/Genbook.jpg","datePublished":"2020-11-23T12:42:31+00:00","dateModified":"2024-04-20T09:42:42+00:00","description":"Genbook: recensione software di pianificazione degli appuntamenti semplice e intelligente progettato per aiutare le piccole imprese.","breadcrumb":{"@id":"https:\/\/www.accuratereviews.com\/it\/gestionale-per-parrucchieri\/genbook-recensione\/#breadcrumb"},"inLanguage":"it-IT","potentialAction":[{"@type":"ReadAction","target":["https:\/\/www.accuratereviews.com\/it\/gestionale-per-parrucchieri\/genbook-recensione\/"]}]},{"@type":"ImageObject","inLanguage":"it-IT","@id":"https:\/\/www.accuratereviews.com\/it\/gestionale-per-parrucchieri\/genbook-recensione\/#primaryimage","url":"https:\/\/www.accuratereviews.com\/wp-content\/uploads\/2020\/11\/Genbook.jpg","contentUrl":"https:\/\/www.accuratereviews.com\/wp-content\/uploads\/2020\/11\/Genbook.jpg","width":1200,"height":628},{"@type":"BreadcrumbList","@id":"https:\/\/www.accuratereviews.com\/it\/gestionale-per-parrucchieri\/genbook-recensione\/#breadcrumb","itemListElement":[{"@type":"ListItem","position":1,"name":"Home","item":"https:\/\/www.accuratereviews.com\/it\/"},{"@type":"ListItem","position":2,"name":"Gestionale per parrucchieri","item":"https:\/\/www.accuratereviews.com\/it\/gestionale-per-parrucchieri\/"},{"@type":"ListItem","position":3,"name":"Genbook"}]},{"@type":"WebSite","@id":"https:\/\/www.accuratereviews.com\/it\/#website","url":"https:\/\/www.accuratereviews.com\/it\/","name":"Accurate Reviews","description":"","potentialAction":[{"@type":"SearchAction","target":{"@type":"EntryPoint","urlTemplate":"https:\/\/www.accuratereviews.com\/it\/?s={search_term_string}"},"query-input":{"@type":"PropertyValueSpecification","valueRequired":true,"valueName":"search_term_string"}}],"inLanguage":"it-IT"}]}},"_links":{"self":[{"href":"https:\/\/www.accuratereviews.com\/it\/wp-json\/wp\/v2\/pages\/32833","targetHints":{"allow":["GET"]}}],"collection":[{"href":"https:\/\/www.accuratereviews.com\/it\/wp-json\/wp\/v2\/pages"}],"about":[{"href":"https:\/\/www.accuratereviews.com\/it\/wp-json\/wp\/v2\/types\/page"}],"author":[{"embeddable":true,"href":"https:\/\/www.accuratereviews.com\/it\/wp-json\/wp\/v2\/users\/19"}],"replies":[{"embeddable":true,"href":"https:\/\/www.accuratereviews.com\/it\/wp-json\/wp\/v2\/comments?post=32833"}],"version-history":[{"count":11,"href":"https:\/\/www.accuratereviews.com\/it\/wp-json\/wp\/v2\/pages\/32833\/revisions"}],"predecessor-version":[{"id":76053,"href":"https:\/\/www.accuratereviews.com\/it\/wp-json\/wp\/v2\/pages\/32833\/revisions\/76053"}],"up":[{"embeddable":true,"href":"https:\/\/www.accuratereviews.com\/it\/wp-json\/wp\/v2\/pages\/33071"}],"wp:featuredmedia":[{"embeddable":true,"href":"https:\/\/www.accuratereviews.com\/it\/wp-json\/wp\/v2\/media\/32836"}],"wp:attachment":[{"href":"https:\/\/www.accuratereviews.com\/it\/wp-json\/wp\/v2\/media?parent=32833"}],"wp:term":[{"taxonomy":"category","embeddable":true,"href":"https:\/\/www.accuratereviews.com\/it\/wp-json\/wp\/v2\/categories?post=32833"},{"taxonomy":"post_tag","embeddable":true,"href":"https:\/\/www.accuratereviews.com\/it\/wp-json\/wp\/v2\/tags?post=32833"},{"taxonomy":"features","embeddable":true,"href":"https:\/\/www.accuratereviews.com\/it\/wp-json\/wp\/v2\/features?post=32833"}],"curies":[{"name":"wp","href":"https:\/\/api.w.org\/{rel}","templated":true}]}}