{"id":32861,"date":"2020-11-24T11:42:18","date_gmt":"2020-11-24T11:42:18","guid":{"rendered":"https:\/\/www.accuratereviews.com\/?page_id=32861"},"modified":"2021-02-11T09:32:28","modified_gmt":"2021-02-11T09:32:28","slug":"booksy-recensione","status":"publish","type":"page","link":"https:\/\/www.accuratereviews.com\/it\/gestionale-per-parrucchieri\/booksy-recensione\/","title":{"rendered":"Booksy"},"content":{"rendered":"<p><strong>Booksy<\/strong> \u00e8 una <strong>soluzione di prenotazione di appuntamenti<\/strong> basata su <strong>cloud<\/strong> per parrucchieri, barbieri, saloni e centri benessere. Offre funzionalit\u00e0 di pianificazione degli appuntamenti, gestione del calendario, pagamenti online e gestione del marketing. La soluzione ha applicazioni per Android e iPhone. Il programma offre due applicazioni mobili: <strong>Booksy Biz<\/strong> per le aziende e <strong>Booksy<\/strong> per i clienti. Booksy Biz consente agli utenti di gestire appuntamenti, comunicazioni con i clienti e pagamenti, mentre il software consente ai clienti di prenotare sessioni online in base alla disponibilit\u00e0 del fornitore e alle date desiderate. La funzione punto vendita (POS) consente agli utenti di gestire l&#8217;inventario e le vendite di servizi, pacchetti e prodotti. <strong>Booksy<\/strong> offre anche un&#8217;elaborazione dei pagamenti integrata, che consente al cliente di effettuare pagamenti utilizzando i propri telefoni cellulari. Gli utenti possono monitorare i pagamenti, i ricavi e i profitti dei clienti in tempo reale.<\/p>\n<h2>BOOKSY &#8211; TUTORIAL<\/h2>\n<p>Il video mostra\u00a0come aggiungere gli orari di apertura su questo software gestionale per parrucchieri:<\/p>\n<div id=\"fluid-wrapper-counter-1\" class=\"g1-fluid-wrapper \" style=\"width:686px;\">\n<div style=\"padding-bottom:56.268221574344%;\"><iframe loading=\"lazy\" title=\"Intro to Booksy: How to add your open hours\" width=\"686\" height=\"386\" src=\"https:\/\/www.youtube.com\/embed\/5PqJqU6wpYg?feature=oembed&amp;wmode=transparent&amp;autohide=1&amp;autoplay=0&amp;disablekb=0&amp;fs=1&amp;loop=0&amp;enablejsapi=1&amp;rel=0&amp;controls=2&amp;showinfo=0&amp;wmode=transparent&amp;autohide=2&amp;autoplay=0&amp;disablekb=0&amp;fs=1&amp;loop=0&amp;enablejsapi=1&amp;rel=0&amp;controls=2&amp;showinfo=1\" frameborder=\"0\" allow=\"accelerometer; autoplay; clipboard-write; encrypted-media; gyroscope; picture-in-picture\" allowfullscreen><\/iframe><\/div>\n<\/div>\n<h3>BOOKSY &#8211; CARATTERISTICHE<\/h3>\n<ul>\n<li><strong>Fatti scoprire<\/strong>: la soluzione ti offre gli strumenti necessari per raggiungere i clienti. Il tuo account include un profilo pubblico, un&#8217;app client gratuita e widget web e Facebook. Tutto ci\u00f2 consente ai clienti di verificare i tuoi servizi e la disponibilit\u00e0, visualizzare il tuo lavoro, connettersi alle pagine dei social media e leggere le recensioni di clienti reali<\/li>\n<li><strong>Mantieni il tuo programma:<\/strong> pi\u00f9 facile \u00e8 la prenotazione per i clienti, pi\u00f9 prenoteranno con te. Presenti i tuoi servizi e la tua disponibilit\u00e0 online e i clienti selezionano lo slot pi\u00f9 adatto a loro. Ottieni pi\u00f9 controllo e una pianificazione completa<\/li>\n<li><strong>Riduci le mancate presentazioni<\/strong>: i promemoria automatici e la politica di cancellazione personalizzabile aiutano i clienti a impegnarsi per gli appuntamenti che hanno preso e si assicurano che tu venga pagato per il tuo tempo. Puoi anche contrassegnare le mancate presentazioni o bloccare i client per un controllo ancora maggiore<\/li>\n<li><strong>Prenota e riprenota senza fatica<\/strong>: aggiungi, modifica o annulla un appuntamento con un semplice clic<\/li>\n<li><strong>Individua rapidamente eventuali modifiche<\/strong>: la dashboard di facile utilizzo ti tiene informato su tutte le modifiche importanti e le cancellazioni effettuate dai clienti<\/li>\n<li><strong>Organizza il lavoro del tuo team<\/strong>: non dovrai pi\u00f9 cercare di ricordare la disponibilit\u00e0 di tutti. In qualit\u00e0 di amministratore di un account ti semplifica la gestione di turni, ferie e pause per ogni membro del personale. Vuoi aggiungere un appuntamento? Basta inserire il servizio e la data e vedere rapidamente quali membri del personale sono disponibili per quel servizio<\/li>\n<li><strong>Accetta pagamenti mobili<\/strong>: i clienti possono pagare prodotti e servizi utilizzando i loro telefoni cellulari. Il software non solo rende l&#8217;accettazione dei pagamenti senza sforzo, ma \u00e8 anche pi\u00f9 veloce, pi\u00f9 economica e pi\u00f9 sicura sia per te che per i tuoi clienti<\/li>\n<li><strong>Gestisci il tuo inventario<\/strong>: il programma ti offre un catalogo di prodotti completamente ricercabile, che include prezzo, tipo di prodotto e quantit\u00e0. Il sistema tiene traccia di tutti gli articoli venduti dal tuo inventario e aggiorna automaticamente i numeri, cos\u00ec sai esattamente quando \u00e8 il momento di rifornire<\/li>\n<li><strong>Vendi servizi e prodotti<\/strong>: con il processo di pagamento, puoi generare ricevute per qualsiasi pagamento in contanti, credito \/ debito o pagamento tramite transazione dell&#8217;app. La facile personalizzazione al metodo di pagamento incoraggia anche l&#8217;upselling di prodotti e servizi e consente di modificare rapidamente i prezzi per promozioni o sconti speciali<\/li>\n<\/ul>\n<h4>LE RECENSIONE DEGLI UTENTI<\/h4>\n<h5 class=\"font-weight-bold mb-1 d-flex align-items-center\">Alex K.&#8221;Piattaforma di prenotazione decente ma ci sono limitazioni&#8221;<\/h5>\n<p><strong>Commenti: <\/strong>La mia esperienza con Booksy \u00e8 stata ok ma \u00e8 stata di breve durata.<\/p>\n<p><strong>Vantaggi: <\/strong>Mi piace quanto sia facile montare e avviare la piattaforma. Semplifica la configurazione del tuo profilo ed elenca i tuoi servizi.<\/p>\n<p><strong>Inconvenienti: <\/strong>Non mi piaceva che la piattaforma facesse scaricare l&#8217;app agli utenti per poter prenotare. \u00c8 necessario un modo per non utilizzare l&#8217;app per prenotare i servizi sull&#8217;app. Questo limita il numero di persone disposte a fare affari con proprietari commerciali perch\u00e9 alcune persone non vogliono aggiungere un&#8217;altra app al proprio telefono. Sarebbe bello se ci fosse un marketing di annunci Facebook integrato nella piattaforma. Forse Booksy ha bisogno di togliere un paio di pagine dal libro di Vagaro.<\/p>\n<h5 class=\"font-weight-bold mb-1 d-flex align-items-center\">Kelsey W.&#8221;Prenota e ritorna \u00e8 il nome del gioco!&#8221;<\/h5>\n<p><strong>Vantaggi: <\/strong>Questa \u00e8 l&#8217;app di prenotazione pi\u00f9 facile da usare e utile che abbia mai usato. Rende cos\u00ec facile acquisire nuovi clienti mentre i tuoi clienti \u00a0si sentono altrettanto speciali. Con tutte le email personalizzate e il supporto dei social media, il mio lavoro \u00e8 pi\u00f9 facile sapendo che i miei clienti possono sempre trovarmi su qualsiasi piattaforma.<\/p>\n<p><strong>Inconvenienti: <\/strong>Poich\u00e9 alcune delle funzionalit\u00e0 sono davvero interessanti come la spinta. Rendendolo dove puoi offrire ore felici per riempire la tua giornata pi\u00f9 velocemente. Ma al 30% per la prima visita dei clienti pu\u00f2 diventare un po &#8216;costoso.<\/p>\n<h4 class=\"font-weight-bold mb-1 d-flex align-items-center\">Tracy F.&#8221;cos\u00ec facile nella mia attivit\u00e0 quotidiana&#8221;<\/h4>\n<p><strong>Commenti: <\/strong>Lo giuro mantiene la vita organizzata e i clienti responsabili<\/p>\n<p><strong>Vantaggi: <\/strong>Mi piace che l&#8217;interfaccia sia facile da usare sia per il salone che per i nostri clienti. \u00e8 fantastico avere cos\u00ec tanti rapporti diversi a portata di mano.<\/p>\n<p><strong>Inconvenienti: <\/strong>a volte, le cose scompaiono e dobbiamo disconnetterci e riconnetterci. ma migliora di giorni in giorno.<\/p>\n","protected":false},"excerpt":{"rendered":"<p>Booksy \u00e8 una soluzione di prenotazione di appuntamenti basata su cloud per parrucchieri, barbieri, saloni e centri benessere. Offre funzionalit\u00e0 di pianificazione degli appuntamenti, gestione del calendario, pagamenti online e gestione del marketing. La soluzione ha applicazioni per Android e iPhone. Il programma offre due applicazioni mobili: Booksy Biz per le aziende e Booksy per i clienti.<\/p>\n","protected":false},"author":19,"featured_media":32862,"parent":33071,"menu_order":0,"comment_status":"open","ping_status":"closed","template":"g1_template_page_review_new.php","meta":{"_acf_changed":false,"cwp_meta_box_check":"Yes","cwp_rev_product_name":"","cwp_rev_product_image":"","wppr_links":[],"cwp_rev_price":"","wppr_options":[],"wppr_pros":[],"wppr_cons":[],"_monsterinsights_skip_tracking":false,"_monsterinsights_sitenote_active":false,"_monsterinsights_sitenote_note":"","_monsterinsights_sitenote_category":0,"footnotes":""},"categories":[4186],"tags":[4244,396,4187,4196,4195,4189,4188],"features":[],"class_list":{"0":"post-32861","1":"page","2":"type-page","3":"status-publish","4":"has-post-thumbnail","6":"category-gestionali-per-parrucchieri","7":"tag-booksy","8":"tag-cloud","9":"tag-gestionale-per-parrucchieri","10":"tag-piattaforma-gestionale-per-parrucchieri","11":"tag-programma-gestionale-per-parrucchieri","12":"tag-software-gestionale-per-parrucchieri","13":"tag-soluzione-gestionale-per-parrucchieri"},"wppr_data":{"cwp_meta_box_check":"Yes","cwp_rev_product_name":"","cwp_rev_product_image":"","cwp_image_link":"image","cwp_rev_price":"","wppr_rating":"0.00"},"acf":[],"yoast_head":"<!-- This site is optimized with the Yoast SEO plugin v27.4 - https:\/\/yoast.com\/product\/yoast-seo-wordpress\/ -->\n<title>Booksy: recensione software gestionale parrucchieri - Accurate Reviews<\/title>\n<meta name=\"description\" content=\"Booksy: recensione soluzione di prenotazione di appuntamenti basata su cloud per parrucchieri, barbieri, saloni e centri benessere.\" \/>\n<meta name=\"robots\" content=\"index, follow, max-snippet:-1, max-image-preview:large, max-video-preview:-1\" \/>\n<link rel=\"canonical\" href=\"https:\/\/www.accuratereviews.com\/it\/gestionale-per-parrucchieri\/booksy-recensione\/\" \/>\n<meta property=\"og:locale\" content=\"it_IT\" \/>\n<meta property=\"og:type\" content=\"article\" \/>\n<meta property=\"og:title\" content=\"Booksy: recensione software gestionale parrucchieri - Accurate Reviews\" \/>\n<meta property=\"og:description\" content=\"Booksy: recensione soluzione di prenotazione di appuntamenti basata su cloud per parrucchieri, barbieri, saloni e centri benessere.\" \/>\n<meta property=\"og:url\" content=\"https:\/\/www.accuratereviews.com\/it\/gestionale-per-parrucchieri\/booksy-recensione\/\" \/>\n<meta property=\"og:site_name\" content=\"Accurate Reviews\" \/>\n<meta property=\"article:modified_time\" content=\"2021-02-11T09:32:28+00:00\" \/>\n<meta property=\"og:image\" content=\"https:\/\/www.accuratereviews.com\/wp-content\/uploads\/2020\/11\/Booksy.png\" \/>\n\t<meta property=\"og:image:width\" content=\"476\" \/>\n\t<meta property=\"og:image:height\" content=\"248\" \/>\n\t<meta property=\"og:image:type\" content=\"image\/png\" \/>\n<meta name=\"twitter:card\" content=\"summary_large_image\" \/>\n<meta name=\"twitter:label1\" content=\"Tempo di lettura stimato\" \/>\n\t<meta name=\"twitter:data1\" content=\"4 minuti\" \/>\n<script type=\"application\/ld+json\" class=\"yoast-schema-graph\">{\"@context\":\"https:\\\/\\\/schema.org\",\"@graph\":[{\"@type\":\"WebPage\",\"@id\":\"https:\\\/\\\/www.accuratereviews.com\\\/it\\\/gestionale-per-parrucchieri\\\/booksy-recensione\\\/\",\"url\":\"https:\\\/\\\/www.accuratereviews.com\\\/it\\\/gestionale-per-parrucchieri\\\/booksy-recensione\\\/\",\"name\":\"Booksy: recensione software gestionale parrucchieri - Accurate Reviews\",\"isPartOf\":{\"@id\":\"https:\\\/\\\/www.accuratereviews.com\\\/it\\\/#website\"},\"primaryImageOfPage\":{\"@id\":\"https:\\\/\\\/www.accuratereviews.com\\\/it\\\/gestionale-per-parrucchieri\\\/booksy-recensione\\\/#primaryimage\"},\"image\":{\"@id\":\"https:\\\/\\\/www.accuratereviews.com\\\/it\\\/gestionale-per-parrucchieri\\\/booksy-recensione\\\/#primaryimage\"},\"thumbnailUrl\":\"https:\\\/\\\/www.accuratereviews.com\\\/wp-content\\\/uploads\\\/2020\\\/11\\\/Booksy.png\",\"datePublished\":\"2020-11-24T11:42:18+00:00\",\"dateModified\":\"2021-02-11T09:32:28+00:00\",\"description\":\"Booksy: recensione soluzione di prenotazione di appuntamenti basata su cloud per parrucchieri, barbieri, saloni e centri benessere.\",\"breadcrumb\":{\"@id\":\"https:\\\/\\\/www.accuratereviews.com\\\/it\\\/gestionale-per-parrucchieri\\\/booksy-recensione\\\/#breadcrumb\"},\"inLanguage\":\"it-IT\",\"potentialAction\":[{\"@type\":\"ReadAction\",\"target\":[\"https:\\\/\\\/www.accuratereviews.com\\\/it\\\/gestionale-per-parrucchieri\\\/booksy-recensione\\\/\"]}]},{\"@type\":\"ImageObject\",\"inLanguage\":\"it-IT\",\"@id\":\"https:\\\/\\\/www.accuratereviews.com\\\/it\\\/gestionale-per-parrucchieri\\\/booksy-recensione\\\/#primaryimage\",\"url\":\"https:\\\/\\\/www.accuratereviews.com\\\/wp-content\\\/uploads\\\/2020\\\/11\\\/Booksy.png\",\"contentUrl\":\"https:\\\/\\\/www.accuratereviews.com\\\/wp-content\\\/uploads\\\/2020\\\/11\\\/Booksy.png\",\"width\":476,\"height\":248},{\"@type\":\"BreadcrumbList\",\"@id\":\"https:\\\/\\\/www.accuratereviews.com\\\/it\\\/gestionale-per-parrucchieri\\\/booksy-recensione\\\/#breadcrumb\",\"itemListElement\":[{\"@type\":\"ListItem\",\"position\":1,\"name\":\"Home\",\"item\":\"https:\\\/\\\/www.accuratereviews.com\\\/it\\\/\"},{\"@type\":\"ListItem\",\"position\":2,\"name\":\"Gestionale per parrucchieri\",\"item\":\"https:\\\/\\\/www.accuratereviews.com\\\/it\\\/gestionale-per-parrucchieri\\\/\"},{\"@type\":\"ListItem\",\"position\":3,\"name\":\"Booksy\"}]},{\"@type\":\"WebSite\",\"@id\":\"https:\\\/\\\/www.accuratereviews.com\\\/it\\\/#website\",\"url\":\"https:\\\/\\\/www.accuratereviews.com\\\/it\\\/\",\"name\":\"Accurate Reviews\",\"description\":\"\",\"potentialAction\":[{\"@type\":\"SearchAction\",\"target\":{\"@type\":\"EntryPoint\",\"urlTemplate\":\"https:\\\/\\\/www.accuratereviews.com\\\/it\\\/?s={search_term_string}\"},\"query-input\":{\"@type\":\"PropertyValueSpecification\",\"valueRequired\":true,\"valueName\":\"search_term_string\"}}],\"inLanguage\":\"it-IT\"}]}<\/script>\n<!-- \/ Yoast SEO plugin. -->","yoast_head_json":{"title":"Booksy: recensione software gestionale parrucchieri - Accurate Reviews","description":"Booksy: recensione soluzione di prenotazione di appuntamenti basata su cloud per parrucchieri, barbieri, saloni e centri benessere.","robots":{"index":"index","follow":"follow","max-snippet":"max-snippet:-1","max-image-preview":"max-image-preview:large","max-video-preview":"max-video-preview:-1"},"canonical":"https:\/\/www.accuratereviews.com\/it\/gestionale-per-parrucchieri\/booksy-recensione\/","og_locale":"it_IT","og_type":"article","og_title":"Booksy: recensione software gestionale parrucchieri - Accurate Reviews","og_description":"Booksy: recensione soluzione di prenotazione di appuntamenti basata su cloud per parrucchieri, barbieri, saloni e centri benessere.","og_url":"https:\/\/www.accuratereviews.com\/it\/gestionale-per-parrucchieri\/booksy-recensione\/","og_site_name":"Accurate Reviews","article_modified_time":"2021-02-11T09:32:28+00:00","og_image":[{"width":476,"height":248,"url":"https:\/\/www.accuratereviews.com\/wp-content\/uploads\/2020\/11\/Booksy.png","type":"image\/png"}],"twitter_card":"summary_large_image","twitter_misc":{"Tempo di lettura stimato":"4 minuti"},"schema":{"@context":"https:\/\/schema.org","@graph":[{"@type":"WebPage","@id":"https:\/\/www.accuratereviews.com\/it\/gestionale-per-parrucchieri\/booksy-recensione\/","url":"https:\/\/www.accuratereviews.com\/it\/gestionale-per-parrucchieri\/booksy-recensione\/","name":"Booksy: recensione software gestionale parrucchieri - Accurate Reviews","isPartOf":{"@id":"https:\/\/www.accuratereviews.com\/it\/#website"},"primaryImageOfPage":{"@id":"https:\/\/www.accuratereviews.com\/it\/gestionale-per-parrucchieri\/booksy-recensione\/#primaryimage"},"image":{"@id":"https:\/\/www.accuratereviews.com\/it\/gestionale-per-parrucchieri\/booksy-recensione\/#primaryimage"},"thumbnailUrl":"https:\/\/www.accuratereviews.com\/wp-content\/uploads\/2020\/11\/Booksy.png","datePublished":"2020-11-24T11:42:18+00:00","dateModified":"2021-02-11T09:32:28+00:00","description":"Booksy: recensione soluzione di prenotazione di appuntamenti basata su cloud per parrucchieri, barbieri, saloni e centri benessere.","breadcrumb":{"@id":"https:\/\/www.accuratereviews.com\/it\/gestionale-per-parrucchieri\/booksy-recensione\/#breadcrumb"},"inLanguage":"it-IT","potentialAction":[{"@type":"ReadAction","target":["https:\/\/www.accuratereviews.com\/it\/gestionale-per-parrucchieri\/booksy-recensione\/"]}]},{"@type":"ImageObject","inLanguage":"it-IT","@id":"https:\/\/www.accuratereviews.com\/it\/gestionale-per-parrucchieri\/booksy-recensione\/#primaryimage","url":"https:\/\/www.accuratereviews.com\/wp-content\/uploads\/2020\/11\/Booksy.png","contentUrl":"https:\/\/www.accuratereviews.com\/wp-content\/uploads\/2020\/11\/Booksy.png","width":476,"height":248},{"@type":"BreadcrumbList","@id":"https:\/\/www.accuratereviews.com\/it\/gestionale-per-parrucchieri\/booksy-recensione\/#breadcrumb","itemListElement":[{"@type":"ListItem","position":1,"name":"Home","item":"https:\/\/www.accuratereviews.com\/it\/"},{"@type":"ListItem","position":2,"name":"Gestionale per parrucchieri","item":"https:\/\/www.accuratereviews.com\/it\/gestionale-per-parrucchieri\/"},{"@type":"ListItem","position":3,"name":"Booksy"}]},{"@type":"WebSite","@id":"https:\/\/www.accuratereviews.com\/it\/#website","url":"https:\/\/www.accuratereviews.com\/it\/","name":"Accurate Reviews","description":"","potentialAction":[{"@type":"SearchAction","target":{"@type":"EntryPoint","urlTemplate":"https:\/\/www.accuratereviews.com\/it\/?s={search_term_string}"},"query-input":{"@type":"PropertyValueSpecification","valueRequired":true,"valueName":"search_term_string"}}],"inLanguage":"it-IT"}]}},"_links":{"self":[{"href":"https:\/\/www.accuratereviews.com\/it\/wp-json\/wp\/v2\/pages\/32861","targetHints":{"allow":["GET"]}}],"collection":[{"href":"https:\/\/www.accuratereviews.com\/it\/wp-json\/wp\/v2\/pages"}],"about":[{"href":"https:\/\/www.accuratereviews.com\/it\/wp-json\/wp\/v2\/types\/page"}],"author":[{"embeddable":true,"href":"https:\/\/www.accuratereviews.com\/it\/wp-json\/wp\/v2\/users\/19"}],"replies":[{"embeddable":true,"href":"https:\/\/www.accuratereviews.com\/it\/wp-json\/wp\/v2\/comments?post=32861"}],"version-history":[{"count":12,"href":"https:\/\/www.accuratereviews.com\/it\/wp-json\/wp\/v2\/pages\/32861\/revisions"}],"predecessor-version":[{"id":37169,"href":"https:\/\/www.accuratereviews.com\/it\/wp-json\/wp\/v2\/pages\/32861\/revisions\/37169"}],"up":[{"embeddable":true,"href":"https:\/\/www.accuratereviews.com\/it\/wp-json\/wp\/v2\/pages\/33071"}],"wp:featuredmedia":[{"embeddable":true,"href":"https:\/\/www.accuratereviews.com\/it\/wp-json\/wp\/v2\/media\/32862"}],"wp:attachment":[{"href":"https:\/\/www.accuratereviews.com\/it\/wp-json\/wp\/v2\/media?parent=32861"}],"wp:term":[{"taxonomy":"category","embeddable":true,"href":"https:\/\/www.accuratereviews.com\/it\/wp-json\/wp\/v2\/categories?post=32861"},{"taxonomy":"post_tag","embeddable":true,"href":"https:\/\/www.accuratereviews.com\/it\/wp-json\/wp\/v2\/tags?post=32861"},{"taxonomy":"features","embeddable":true,"href":"https:\/\/www.accuratereviews.com\/it\/wp-json\/wp\/v2\/features?post=32861"}],"curies":[{"name":"wp","href":"https:\/\/api.w.org\/{rel}","templated":true}]}}