{"id":32877,"date":"2020-11-24T11:36:16","date_gmt":"2020-11-24T11:36:16","guid":{"rendered":"https:\/\/www.accuratereviews.com\/?page_id=32877"},"modified":"2024-03-30T10:22:40","modified_gmt":"2024-03-30T10:22:40","slug":"salon-iris-recensione","status":"publish","type":"page","link":"https:\/\/www.accuratereviews.com\/it\/gestionale-per-parrucchieri\/salon-iris-recensione\/","title":{"rendered":"Salon Iris"},"content":{"rendered":"<p><strong>Salon Iris<\/strong> offre <strong>software all-in-one<\/strong> basate su <strong>cloud<\/strong> o on-premise adatte ad attivit\u00e0 come saloni di parrucchiere e unghie multi-location. Dotato di app per dispositivi mobili e tablet, accesso remoto e un sito web personalizzato con opzioni di prenotazione online e portale di accesso clienti.\u00a0<strong>Salon Iris<\/strong> consente ai saloni di tenere traccia dei clienti e delle loro note, del servizio e della cronologia degli acquisti, gestire gli appuntamenti, mantenere gli inventari dei prodotti, gestire i programmi dei libro paga e servizi di mercato. La soluzione offre promemoria e conferme degli appuntamenti con messaggi di testo automatici, integrazione <strong>QuickBooks<\/strong>, opzioni di prenotazione degli appuntamenti da Facebook, POS, marketing automatico tramite posta elettronica e altro ancora. Le opzioni di elaborazione delle carte di credito integrate consentono di offrire ai clienti abbonamenti e pacchetti, programmi fedelt\u00e0 e la possibilit\u00e0 di accettare depositi di prenotazione online e commissioni per mancata presentazione.<\/p>\n<h2>SALON IRIS &#8211; TUTORIAL<\/h2>\n<p>Guardiamo come \u00e8 semplice modificare il profilo di un cliente con questo<strong> software gestionale per parrucchieri<\/strong>:<\/p>\n<div id=\"fluid-wrapper-counter-1\" class=\"g1-fluid-wrapper \" style=\"width:686px;\">\n<div style=\"padding-bottom:56.268221574344%;\"><iframe loading=\"lazy\" title=\"Salon Iris Online Booking Employee Display Options\" width=\"686\" height=\"386\" src=\"https:\/\/www.youtube.com\/embed\/0owMBahADII?feature=oembed&amp;wmode=transparent&amp;autohide=1&amp;autoplay=0&amp;disablekb=0&amp;fs=1&amp;loop=0&amp;enablejsapi=1&amp;rel=0&amp;controls=2&amp;showinfo=0&amp;wmode=transparent&amp;autohide=2&amp;autoplay=0&amp;disablekb=0&amp;fs=1&amp;loop=0&amp;enablejsapi=1&amp;rel=0&amp;controls=2&amp;showinfo=1\" frameborder=\"0\" allow=\"accelerometer; autoplay; clipboard-write; encrypted-media; gyroscope; picture-in-picture; web-share\" referrerpolicy=\"strict-origin-when-cross-origin\" allowfullscreen><\/iframe><\/div>\n<\/div>\n<h3>SALON IRIS &#8211; CARATTERISTICHE<\/h3>\n<ul>\n<li><strong>Promemoria di appuntamento<\/strong>: i promemoria degli appuntamenti imminenti vengono consegnati automaticamente ai clienti tramite testo o email<\/li>\n<li><strong>Elaborazione della carta di credito<\/strong>: i pagamenti integrati significano checkout rapidi, meno errori e rapporti semplici. Con l&#8217;integrazione dell&#8217;elaborazione della carta di credito, puoi anche accedere a pi\u00f9 funzioni come la fatturazione degli abbonamenti, il portale rivolto ai clienti e il salvataggio di una carta di credito in archivio<\/li>\n<li><strong>Gestione clienti e punti fedelt\u00e0:<\/strong> offri un&#8217;esperienza cliente come nessun altro personalizzando i servizi in base alla cronologia del cliente, note dettagliate, foto dei clienti e acquisti precedenti. Offri un programma fedelt\u00e0, basato sui tuoi punti preferiti o sistema di premi per attirare e fidelizzare pi\u00f9 clienti<\/li>\n<li><strong>Report e dashboard potenti<\/strong>: scegli tra oltre 200 report integrati per clienti e dipendenti. Gestisci il libro paga, controlla i totali delle vendite e le statistiche di servizio e molto altro ancora<\/li>\n<li><strong>App mobili per Apple e Android<\/strong>: le app mobili sono create per rendere la gestione del tuo salone facilmente e velocemente. Controlla il libro paga, i clienti in entrata e in uscita. Rivedi le note sulla formula<\/li>\n<li><strong>Prenotazione online:<\/strong> mantieni il tuo salone aperto 24 ore su 24, 7 giorni su 7 e aumenta le prenotazioni con prenotazioni online potenti e personalizzabili<\/li>\n<li><strong>Marketing ricorrente<\/strong>: invia campagne email personalizzabili, modelli gi\u00e0 esistenti o una tantum. Scegli semplicemente una campagna, i criteri del tuo cliente, imposta la sua pianificazione. Scopri cosa funziona e cosa no con la visibilit\u00e0 a tasso aperto e rendi la tua strategia di marketing un successo<\/li>\n<\/ul>\n<h4>LE RECENSIONI DEGLI UTENTI<\/h4>\n<h4 class=\"font-weight-bold mb-1 d-flex align-items-center\">Cassandra A.&#8221;Il miglior sistema di prenotazione senza dubbio&#8221;<\/h4>\n<p><strong>Commenti: <\/strong>Iris \u00e8 stata una manna dal cielo per quanto hai la possibilit\u00e0 di personalizzare e vedere. Il dettaglio \u00e8 incredibile rispetto a tutti gli altri sistemi di prenotazione. Purtroppo mi sono quasi liberato dell&#8217;iride a causa della loro incompatibilit\u00e0 con i computer Mac, ma dopo aver provato pi\u00f9 altri sistemi di prenotazione basati su cloud mi sono reso conto che impallidivano rispetto a ci\u00f2 che iris aveva da offrire. Sono passato alla loro versione cloud. \u00c8 stato un aggiustamento in quanto non offre tutte le stesse funzionalit\u00e0 della versione desktop, ma \u00e8 comunque di gran lunga migliore di qualsiasi altra cosa l\u00e0 fuori.<\/p>\n<p><strong>Vantaggi: <\/strong>Amo questo software. Sono i dettagli e la tua capacit\u00e0 di controllare completamente tutto ci\u00f2 di cui hai bisogno non ha eguali. Tutto, dai tuoi rapporti alle buste paga, agli appuntamenti \/ servizi \/ prodotti. Non posso davvero dire nulla di negativo sulla funzionalit\u00e0 di questo sistema sia software che cloud.<\/p>\n<p><strong>Inconvenienti: <\/strong>Non mi piace che il loro software non sia compatibile con un computer MAC. Ho dovuto eseguire un altro programma che mi ad alta voce per eseguire Windows sul mio Mac in modo da poter utilizzare il software e se ha causato seri problemi al mio computer causandone il crash regolare, ottenere virus ed eseguire estremamente lentamente. Siamo passati alla loro versione cloud che \u00e8 stata una transizione difficile in quanto non ha tutte le stesse funzionalit\u00e0 della loro versione desktop. Spero che alla fine lo far\u00e0.<\/p>\n<h4 class=\"font-weight-bold mb-1 d-flex align-items-center\">Jessica C.&#8221;Software facile da usare&#8221;<\/h4>\n<p><strong>Commenti: <\/strong>Nel complesso, \u00e8 un buon prodotto che consiglierei ad altri nel settore dei saloni.<\/p>\n<p><strong>Vantaggi: <\/strong>\u00c8 stato molto semplice. I dipendenti hanno potuto usarlo senza alcun display Ace tutto facile da vedere in una volta. Mi piacciono le opzioni personalizzabili.<\/p>\n<p><strong>Inconvenienti: <\/strong>Mi sento come se fosse costantemente necessario essere aggiornato per funzionare correttamente. Altrimenti si congelerebbe o funzionerebbe lentamente.<\/p>\n<h4 class=\"font-weight-bold mb-1 d-flex align-items-center\">Savannah B.&#8221;Software per parrucchieri&#8221;<\/h4>\n<p><strong>Commenti: <\/strong>L&#8217;assistenza clienti si ottiene facilmente quando c&#8217;\u00e8 un problema, penso solo che le attivit\u00e0 che dovrebbero essere semplici e veloci, possono richiedere pi\u00f9 tempo del dovuto a causa di passaggi non necessari.<\/p>\n<p><strong>Vantaggi: <\/strong>Salon iris \u00e8 utile per le attivit\u00e0 di base che un parrucchiere richiede per gestire gli appuntamenti. \u00c8 relativamente facile da usare.<\/p>\n<p><strong>Inconvenienti: <\/strong>Penso che alcuni miglioramenti potrebbero essere apportati quando si tratta di alcune delle funzionalit\u00e0 fornite dal software, come la gestione del cassetto contanti, la prenotazione online e la lista di attesa. Sembra che siano necessari molti passaggi non necessari per completare un&#8217;attivit\u00e0 semplice. Questo richiede pi\u00f9 tempo e il tempo \u00e8 molto prezioso.<\/p>\n","protected":false},"excerpt":{"rendered":"<p>Salon Iris offre software all-in-one basate su cloud o on-premise adatte ad attivit\u00e0 come saloni di parrucchiere e unghie multi-location. Dotato di app per dispositivi mobili e tablet, accesso remoto e un sito web personalizzato con opzioni di prenotazione online e portale di accesso clienti.\u00a0Salon Iris consente ai saloni di tenere traccia dei clienti e delle loro note, del servizio e della cronologia degli acquisti, gestire gli appuntamenti, mantenere gli inventari dei prodotti, gestire i programmi dei libro paga e servizi di mercato.<\/p>\n","protected":false},"author":19,"featured_media":32878,"parent":33071,"menu_order":0,"comment_status":"open","ping_status":"closed","template":"g1_template_page_review_new.php","meta":{"_acf_changed":false,"cwp_meta_box_check":"Yes","cwp_rev_product_name":"","cwp_rev_product_image":"","wppr_links":[],"cwp_rev_price":"","wppr_options":[{"name":"Usability","value":"0"},{"name":"Speed","value":"0"},{"name":"Features","value":"0"},{"name":"Support","value":"0"},{"name":"Pricing","value":"0"}],"wppr_pros":["","","","",""],"wppr_cons":["","","","",""],"_monsterinsights_skip_tracking":false,"_monsterinsights_sitenote_active":false,"_monsterinsights_sitenote_note":"","_monsterinsights_sitenote_category":0,"footnotes":""},"categories":[4186],"tags":[396,4187,4196,4195,4247,4189,4188],"features":[],"class_list":{"0":"post-32877","1":"page","2":"type-page","3":"status-publish","4":"has-post-thumbnail","6":"category-gestionali-per-parrucchieri","7":"tag-cloud","8":"tag-gestionale-per-parrucchieri","9":"tag-piattaforma-gestionale-per-parrucchieri","10":"tag-programma-gestionale-per-parrucchieri","11":"tag-salon-iris","12":"tag-software-gestionale-per-parrucchieri","13":"tag-soluzione-gestionale-per-parrucchieri"},"wppr_data":{"cwp_meta_box_check":"Yes","cwp_rev_product_name":"","_wppr_review_template":"default","cwp_rev_product_image":"","cwp_image_link":"image","wppr_links":[],"cwp_rev_price":"","wppr_pros":["","","","",""],"wppr_cons":["","","","",""],"wppr_rating":"0.00","wppr_options":{"1":{"name":"Usability","value":"0"},"2":{"name":"Speed","value":"0"},"3":{"name":"Features","value":"0"},"4":{"name":"Support","value":"0"},"5":{"name":"Pricing","value":"0"}},"wppr_review_type":"Product","wppr_review_custom_fields":{"additionalProperty":"","additionalType":"","aggregateRating":"","alternateName":"","audience":"","award":"","awards":"","brand":"","color":"","depth":"","description":"","disambiguatingDescription":"","gtin12":"","gtin13":"","gtin14":"","gtin8":"","height":"","identifier":"","image":"","isAccessoryOrSparePartFor":"","isConsumableFor":"","isRelatedTo":"","isSimilarTo":"","itemCondition":"","logo":"","mainEntityOfPage":"","manufacturer":"","material":"","model":"","mpn":"","name":"","offers":"","potentialAction":"","productID":"","productionDate":"","purchaseDate":"","releaseDate":"","review":"","reviews":"","sameAs":"","sku":"","slogan":"","subjectOf":"","url":"","weight":"","width":""}},"acf":[],"yoast_head":"<!-- This site is optimized with the Yoast SEO plugin v27.4 - https:\/\/yoast.com\/product\/yoast-seo-wordpress\/ -->\n<title>Salon Iris: recensione software gestionale parrucchieri - Accurate Reviews<\/title>\n<meta name=\"description\" content=\"Salon Iris: recensione software all-in-one basato su cloud o on-premise adatte ad attivit\u00e0 come saloni di parrucchiere e centri benessere.\" \/>\n<meta name=\"robots\" content=\"index, follow, max-snippet:-1, max-image-preview:large, max-video-preview:-1\" \/>\n<link rel=\"canonical\" href=\"https:\/\/www.accuratereviews.com\/it\/gestionale-per-parrucchieri\/salon-iris-recensione\/\" \/>\n<meta property=\"og:locale\" content=\"it_IT\" \/>\n<meta property=\"og:type\" content=\"article\" \/>\n<meta property=\"og:title\" content=\"Salon Iris: recensione software gestionale parrucchieri - Accurate Reviews\" \/>\n<meta property=\"og:description\" content=\"Salon Iris: recensione software all-in-one basato su cloud o on-premise adatte ad attivit\u00e0 come saloni di parrucchiere e centri benessere.\" \/>\n<meta property=\"og:url\" content=\"https:\/\/www.accuratereviews.com\/it\/gestionale-per-parrucchieri\/salon-iris-recensione\/\" \/>\n<meta property=\"og:site_name\" content=\"Accurate Reviews\" \/>\n<meta property=\"article:modified_time\" content=\"2024-03-30T10:22:40+00:00\" \/>\n<meta property=\"og:image\" content=\"https:\/\/www.accuratereviews.com\/wp-content\/uploads\/2020\/11\/Salon-Iris.jpg\" \/>\n\t<meta property=\"og:image:width\" content=\"225\" \/>\n\t<meta property=\"og:image:height\" content=\"225\" \/>\n\t<meta property=\"og:image:type\" content=\"image\/jpeg\" \/>\n<meta name=\"twitter:card\" content=\"summary_large_image\" \/>\n<meta name=\"twitter:label1\" content=\"Tempo di lettura stimato\" \/>\n\t<meta name=\"twitter:data1\" content=\"6 minuti\" \/>\n<script type=\"application\/ld+json\" class=\"yoast-schema-graph\">{\"@context\":\"https:\\\/\\\/schema.org\",\"@graph\":[{\"@type\":\"WebPage\",\"@id\":\"https:\\\/\\\/www.accuratereviews.com\\\/it\\\/gestionale-per-parrucchieri\\\/salon-iris-recensione\\\/\",\"url\":\"https:\\\/\\\/www.accuratereviews.com\\\/it\\\/gestionale-per-parrucchieri\\\/salon-iris-recensione\\\/\",\"name\":\"Salon Iris: recensione software gestionale parrucchieri - Accurate Reviews\",\"isPartOf\":{\"@id\":\"https:\\\/\\\/www.accuratereviews.com\\\/it\\\/#website\"},\"primaryImageOfPage\":{\"@id\":\"https:\\\/\\\/www.accuratereviews.com\\\/it\\\/gestionale-per-parrucchieri\\\/salon-iris-recensione\\\/#primaryimage\"},\"image\":{\"@id\":\"https:\\\/\\\/www.accuratereviews.com\\\/it\\\/gestionale-per-parrucchieri\\\/salon-iris-recensione\\\/#primaryimage\"},\"thumbnailUrl\":\"https:\\\/\\\/www.accuratereviews.com\\\/wp-content\\\/uploads\\\/2020\\\/11\\\/Salon-Iris.jpg\",\"datePublished\":\"2020-11-24T11:36:16+00:00\",\"dateModified\":\"2024-03-30T10:22:40+00:00\",\"description\":\"Salon Iris: recensione software all-in-one basato su cloud o on-premise adatte ad attivit\u00e0 come saloni di parrucchiere e centri benessere.\",\"breadcrumb\":{\"@id\":\"https:\\\/\\\/www.accuratereviews.com\\\/it\\\/gestionale-per-parrucchieri\\\/salon-iris-recensione\\\/#breadcrumb\"},\"inLanguage\":\"it-IT\",\"potentialAction\":[{\"@type\":\"ReadAction\",\"target\":[\"https:\\\/\\\/www.accuratereviews.com\\\/it\\\/gestionale-per-parrucchieri\\\/salon-iris-recensione\\\/\"]}]},{\"@type\":\"ImageObject\",\"inLanguage\":\"it-IT\",\"@id\":\"https:\\\/\\\/www.accuratereviews.com\\\/it\\\/gestionale-per-parrucchieri\\\/salon-iris-recensione\\\/#primaryimage\",\"url\":\"https:\\\/\\\/www.accuratereviews.com\\\/wp-content\\\/uploads\\\/2020\\\/11\\\/Salon-Iris.jpg\",\"contentUrl\":\"https:\\\/\\\/www.accuratereviews.com\\\/wp-content\\\/uploads\\\/2020\\\/11\\\/Salon-Iris.jpg\",\"width\":225,\"height\":225},{\"@type\":\"BreadcrumbList\",\"@id\":\"https:\\\/\\\/www.accuratereviews.com\\\/it\\\/gestionale-per-parrucchieri\\\/salon-iris-recensione\\\/#breadcrumb\",\"itemListElement\":[{\"@type\":\"ListItem\",\"position\":1,\"name\":\"Home\",\"item\":\"https:\\\/\\\/www.accuratereviews.com\\\/it\\\/\"},{\"@type\":\"ListItem\",\"position\":2,\"name\":\"Gestionale per parrucchieri\",\"item\":\"https:\\\/\\\/www.accuratereviews.com\\\/it\\\/gestionale-per-parrucchieri\\\/\"},{\"@type\":\"ListItem\",\"position\":3,\"name\":\"Salon Iris\"}]},{\"@type\":\"WebSite\",\"@id\":\"https:\\\/\\\/www.accuratereviews.com\\\/it\\\/#website\",\"url\":\"https:\\\/\\\/www.accuratereviews.com\\\/it\\\/\",\"name\":\"Accurate Reviews\",\"description\":\"\",\"potentialAction\":[{\"@type\":\"SearchAction\",\"target\":{\"@type\":\"EntryPoint\",\"urlTemplate\":\"https:\\\/\\\/www.accuratereviews.com\\\/it\\\/?s={search_term_string}\"},\"query-input\":{\"@type\":\"PropertyValueSpecification\",\"valueRequired\":true,\"valueName\":\"search_term_string\"}}],\"inLanguage\":\"it-IT\"}]}<\/script>\n<!-- \/ Yoast SEO plugin. -->","yoast_head_json":{"title":"Salon Iris: recensione software gestionale parrucchieri - Accurate Reviews","description":"Salon Iris: recensione software all-in-one basato su cloud o on-premise adatte ad attivit\u00e0 come saloni di parrucchiere e centri benessere.","robots":{"index":"index","follow":"follow","max-snippet":"max-snippet:-1","max-image-preview":"max-image-preview:large","max-video-preview":"max-video-preview:-1"},"canonical":"https:\/\/www.accuratereviews.com\/it\/gestionale-per-parrucchieri\/salon-iris-recensione\/","og_locale":"it_IT","og_type":"article","og_title":"Salon Iris: recensione software gestionale parrucchieri - Accurate Reviews","og_description":"Salon Iris: recensione software all-in-one basato su cloud o on-premise adatte ad attivit\u00e0 come saloni di parrucchiere e centri benessere.","og_url":"https:\/\/www.accuratereviews.com\/it\/gestionale-per-parrucchieri\/salon-iris-recensione\/","og_site_name":"Accurate Reviews","article_modified_time":"2024-03-30T10:22:40+00:00","og_image":[{"width":225,"height":225,"url":"https:\/\/www.accuratereviews.com\/wp-content\/uploads\/2020\/11\/Salon-Iris.jpg","type":"image\/jpeg"}],"twitter_card":"summary_large_image","twitter_misc":{"Tempo di lettura stimato":"6 minuti"},"schema":{"@context":"https:\/\/schema.org","@graph":[{"@type":"WebPage","@id":"https:\/\/www.accuratereviews.com\/it\/gestionale-per-parrucchieri\/salon-iris-recensione\/","url":"https:\/\/www.accuratereviews.com\/it\/gestionale-per-parrucchieri\/salon-iris-recensione\/","name":"Salon Iris: recensione software gestionale parrucchieri - Accurate Reviews","isPartOf":{"@id":"https:\/\/www.accuratereviews.com\/it\/#website"},"primaryImageOfPage":{"@id":"https:\/\/www.accuratereviews.com\/it\/gestionale-per-parrucchieri\/salon-iris-recensione\/#primaryimage"},"image":{"@id":"https:\/\/www.accuratereviews.com\/it\/gestionale-per-parrucchieri\/salon-iris-recensione\/#primaryimage"},"thumbnailUrl":"https:\/\/www.accuratereviews.com\/wp-content\/uploads\/2020\/11\/Salon-Iris.jpg","datePublished":"2020-11-24T11:36:16+00:00","dateModified":"2024-03-30T10:22:40+00:00","description":"Salon Iris: recensione software all-in-one basato su cloud o on-premise adatte ad attivit\u00e0 come saloni di parrucchiere e centri benessere.","breadcrumb":{"@id":"https:\/\/www.accuratereviews.com\/it\/gestionale-per-parrucchieri\/salon-iris-recensione\/#breadcrumb"},"inLanguage":"it-IT","potentialAction":[{"@type":"ReadAction","target":["https:\/\/www.accuratereviews.com\/it\/gestionale-per-parrucchieri\/salon-iris-recensione\/"]}]},{"@type":"ImageObject","inLanguage":"it-IT","@id":"https:\/\/www.accuratereviews.com\/it\/gestionale-per-parrucchieri\/salon-iris-recensione\/#primaryimage","url":"https:\/\/www.accuratereviews.com\/wp-content\/uploads\/2020\/11\/Salon-Iris.jpg","contentUrl":"https:\/\/www.accuratereviews.com\/wp-content\/uploads\/2020\/11\/Salon-Iris.jpg","width":225,"height":225},{"@type":"BreadcrumbList","@id":"https:\/\/www.accuratereviews.com\/it\/gestionale-per-parrucchieri\/salon-iris-recensione\/#breadcrumb","itemListElement":[{"@type":"ListItem","position":1,"name":"Home","item":"https:\/\/www.accuratereviews.com\/it\/"},{"@type":"ListItem","position":2,"name":"Gestionale per parrucchieri","item":"https:\/\/www.accuratereviews.com\/it\/gestionale-per-parrucchieri\/"},{"@type":"ListItem","position":3,"name":"Salon Iris"}]},{"@type":"WebSite","@id":"https:\/\/www.accuratereviews.com\/it\/#website","url":"https:\/\/www.accuratereviews.com\/it\/","name":"Accurate Reviews","description":"","potentialAction":[{"@type":"SearchAction","target":{"@type":"EntryPoint","urlTemplate":"https:\/\/www.accuratereviews.com\/it\/?s={search_term_string}"},"query-input":{"@type":"PropertyValueSpecification","valueRequired":true,"valueName":"search_term_string"}}],"inLanguage":"it-IT"}]}},"_links":{"self":[{"href":"https:\/\/www.accuratereviews.com\/it\/wp-json\/wp\/v2\/pages\/32877","targetHints":{"allow":["GET"]}}],"collection":[{"href":"https:\/\/www.accuratereviews.com\/it\/wp-json\/wp\/v2\/pages"}],"about":[{"href":"https:\/\/www.accuratereviews.com\/it\/wp-json\/wp\/v2\/types\/page"}],"author":[{"embeddable":true,"href":"https:\/\/www.accuratereviews.com\/it\/wp-json\/wp\/v2\/users\/19"}],"replies":[{"embeddable":true,"href":"https:\/\/www.accuratereviews.com\/it\/wp-json\/wp\/v2\/comments?post=32877"}],"version-history":[{"count":14,"href":"https:\/\/www.accuratereviews.com\/it\/wp-json\/wp\/v2\/pages\/32877\/revisions"}],"predecessor-version":[{"id":75676,"href":"https:\/\/www.accuratereviews.com\/it\/wp-json\/wp\/v2\/pages\/32877\/revisions\/75676"}],"up":[{"embeddable":true,"href":"https:\/\/www.accuratereviews.com\/it\/wp-json\/wp\/v2\/pages\/33071"}],"wp:featuredmedia":[{"embeddable":true,"href":"https:\/\/www.accuratereviews.com\/it\/wp-json\/wp\/v2\/media\/32878"}],"wp:attachment":[{"href":"https:\/\/www.accuratereviews.com\/it\/wp-json\/wp\/v2\/media?parent=32877"}],"wp:term":[{"taxonomy":"category","embeddable":true,"href":"https:\/\/www.accuratereviews.com\/it\/wp-json\/wp\/v2\/categories?post=32877"},{"taxonomy":"post_tag","embeddable":true,"href":"https:\/\/www.accuratereviews.com\/it\/wp-json\/wp\/v2\/tags?post=32877"},{"taxonomy":"features","embeddable":true,"href":"https:\/\/www.accuratereviews.com\/it\/wp-json\/wp\/v2\/features?post=32877"}],"curies":[{"name":"wp","href":"https:\/\/api.w.org\/{rel}","templated":true}]}}