{"id":32944,"date":"2020-11-26T11:13:10","date_gmt":"2020-11-26T11:13:10","guid":{"rendered":"https:\/\/www.accuratereviews.com\/?page_id=32944"},"modified":"2024-03-30T10:03:32","modified_gmt":"2024-03-30T10:03:32","slug":"rosy-recensione","status":"publish","type":"page","link":"https:\/\/www.accuratereviews.com\/it\/gestionale-per-parrucchieri\/rosy-recensione\/","title":{"rendered":"Rosy"},"content":{"rendered":"<p>Il software <strong>Rosy Salon<\/strong> \u00e8 una soluzione completa e di facile utilizzo per la<strong> gestione di saloni di bellezza e spa<\/strong> che offre agli utenti del settore della bellezza la tecnologia \u00a0per ottimizzare le relazioni con i clienti, aumentare la produttivit\u00e0 e quindi la redditivit\u00e0. L&#8217;interfaccia intuitiva dell&#8217;applicazione permette una navigazione senza stress con funzioni per una gestione aziendale efficiente. Offre strumenti essenziali di cui hai bisogno come la pianificazione dei clienti online e degli appuntamenti, le comunicazioni di testo e email, la gestione dell&#8217;inventario, le prenotazioni dei prodotti, il motore di reporting, i premi e i referral e il POS del salone. Questa app basata su <strong>cloud <\/strong>si integra perfettamente anche con Facebook. I clienti che visitano la pagina di un salone o di una spa sul sito di social networking possono semplicemente prenotare un appuntamento con un solo clic di un pulsante.<\/p>\n<h2>ROSY &#8211; TUTORIAL<\/h2>\n<p>Guardiamo come \u00e8 semplice aggiungere un appuntamento su questo <strong>gestionale per parrucchieri<\/strong>:<\/p>\n<div id=\"fluid-wrapper-counter-1\" class=\"g1-fluid-wrapper \" style=\"width:686px;\">\n<div style=\"padding-bottom:56.268221574344%;\"><iframe loading=\"lazy\" title=\"Online Client Scheduling \u2013 How Clients Will Schedule Online with You\" width=\"686\" height=\"386\" src=\"https:\/\/www.youtube.com\/embed\/jGeEGEB8PuA?feature=oembed&amp;wmode=transparent&amp;autohide=1&amp;autoplay=0&amp;disablekb=0&amp;fs=1&amp;loop=0&amp;enablejsapi=1&amp;rel=0&amp;controls=2&amp;showinfo=0&amp;wmode=transparent&amp;autohide=2&amp;autoplay=0&amp;disablekb=0&amp;fs=1&amp;loop=0&amp;enablejsapi=1&amp;rel=0&amp;controls=2&amp;showinfo=1\" frameborder=\"0\" allow=\"accelerometer; autoplay; clipboard-write; encrypted-media; gyroscope; picture-in-picture; web-share\" referrerpolicy=\"strict-origin-when-cross-origin\" allowfullscreen><\/iframe><\/div>\n<\/div>\n<h3>ROSY &#8211; CARATTERISTICHE<\/h3>\n<ul>\n<li><strong>Pianificazione del salone<\/strong>: gestisci gli appuntamenti con i clienti con pochi clic. Mantieni il tuo salone in linea con i promemoria automatici<\/li>\n<li><strong>Prenotazione del cliente<\/strong>: risparmia tempo e offrire ai tuoi clienti la comodit\u00e0 che si aspettano e meritano con la pianificazione dei clienti online<\/li>\n<li><strong>\u00a0Testo ed email<\/strong>: comunica con i clienti con i nostri messaggi di testo e email automatizzati. Tutto senza il fastidio di effettuare chiamate di conferma<\/li>\n<li><strong> Accesso mobile<\/strong>: gestisci la tua attivit\u00e0 ovunque ti trovi. Lavora in remoto e accedi ai tuoi dati da qualsiasi dispositivo, in qualsiasi momento e da qualsiasi luog<\/li>\n<li><strong>Salon Point Of Sale (POS)<\/strong>: il pagamento deve essere veloce, semplice e senza problemi. Con il robusto POS, accedi facilmente alle informazioni sui clienti, aumenta le vendite, gestisci il tuo cassetto contanti e tutti i tipi di transazione su qualsiasi dispositivo, inclusa l&#8217;elaborazione integrata delle carte di credito<\/li>\n<li><strong>Reporting<\/strong>: segui e analizza<span class=\"JLqJ4b\" data-language-for-alternatives=\"it\" data-language-to-translate-into=\"en\" data-phrase-index=\"1\"><span class=\"JLqJ4b ChMk0b\" data-language-for-alternatives=\"it\" data-language-to-translate-into=\"en\" data-phrase-index=\"2\"> l&#8217;intera storia aziendale e finanziaria nel cloud<\/span><\/span><\/li>\n<li><span class=\"JLqJ4b\" data-language-for-alternatives=\"it\" data-language-to-translate-into=\"en\" data-phrase-index=\"1\"><span class=\"JLqJ4b ChMk0b\" data-language-for-alternatives=\"it\" data-language-to-translate-into=\"en\" data-phrase-index=\"2\"><strong>Dashboard<\/strong>: dashboard basata sui ruoli offre indicazioni altamente personalizzate utilizzando i dati del cliente in tempo reale. Monitora le prestazioni aziendali e scopri la formazione sui prodotti e i suggerimenti creativi<\/span><\/span><\/li>\n<\/ul>\n<h4>LE RECENSIONI DEGLI UTENTI<\/h4>\n<h4 class=\"font-weight-bold mb-1 d-flex align-items-center\">Amanda M.&#8221;Fin qui tutto bene&#8221;<\/h4>\n<p><strong>Commenti: <\/strong>Siamo stati in grado di avere successo con conferme di testo apprezzate dai nostri clienti e questo ha semplificato il nostro lavoro<\/p>\n<p><strong>Vantaggi: <\/strong>L&#8217;abbiamo implementato meno di un anno fa e abbiamo avuto un grande successo con Rosy, \u00e8 stato il software pi\u00f9 semplice su cui formare i nuovi dipendenti.<\/p>\n<p><strong>Inconvenienti: <\/strong>Ci sono alcune funzionalit\u00e0 che vorrei vedere aggiunte e alcune delle opzioni di reporting non sono ideali<\/p>\n<h4 class=\"h5 font-weight-bold flex-grow-1 mb-4\">Rosalin S.&#8221;Il software Rosy \u00e8 cos\u00ec facile da usare, chiunque potrebbe usarlo.&#8221;<\/h4>\n<p><strong>Commenti: <\/strong>\u00e8 stato fantastico. facile abituarsi a usare tutti i giorni.<\/p>\n<p><strong>Vantaggi: <\/strong>Rosy funzionerebbe bene per un piccolo salone e anche per uno grande. \u00e8 facile aggiungere dipendenti e regolare tutti i loro menu di servizio in base a ci\u00f2 che offrono specificamente. molte opzioni di personalizzazione ma comunque facile da usare!<\/p>\n<p><strong>Inconvenienti: <\/strong>Diverse finestre che si aprono quando si fa clic sul nome del client per il check-in, per ogni persona. Sarebbe bello se si chiudesse quando ci fai clic intorno o se la finestra fosse pi\u00f9 piccola.<\/p>\n<h4 class=\"font-weight-bold mb-1 d-flex align-items-center\">Jacob A.&#8221;Adoriamo Rosy&#8221;<\/h4>\n<p><strong>Vantaggi: <\/strong>Rosy \u00e8 la linfa vitale della nostra attivit\u00e0 (a parte il personale, cio\u00e8). \u00c8 affidabile e robusto e ci piace il fatto che non dobbiamo pi\u00f9 preoccuparci del funzionamento del nostro software di gestione Salon o del fatto che il personale abbia difficolt\u00e0 ad apprenderlo. \u00c8 un must per tutti i piccoli saloni e le terme.<\/p>\n<p><strong>Inconvenienti: <\/strong>La mia unica lamentela \u00e8 che la segnalazione \u00e8 piuttosto carente. Vorrei che ci fossero pi\u00f9 modi per visualizzare i dati online, piuttosto che dover esportare grandi set di dati solo per ottenere ci\u00f2 che voglio.<\/p>\n","protected":false},"excerpt":{"rendered":"<p>Il software Rosy Salon \u00e8 una soluzione completa e di facile utilizzo per la gestione di saloni e spa che offre agli utenti del settore della bellezza la tecnologia \u00a0per ottimizzare le relazioni con i clienti, aumentare la produttivit\u00e0 e quindi la redditivit\u00e0. L&#8217;interfaccia intuitiva dell&#8217;applicazione permette una navigazione senza stress con funzioni per una gestione aziendale efficiente.<\/p>\n","protected":false},"author":19,"featured_media":32945,"parent":33071,"menu_order":0,"comment_status":"open","ping_status":"closed","template":"g1_template_page_review_new.php","meta":{"_acf_changed":false,"cwp_meta_box_check":"Yes","cwp_rev_product_name":"","cwp_rev_product_image":"","wppr_links":[],"cwp_rev_price":"","wppr_options":[{"name":"Usability","value":"0"},{"name":"Speed","value":"0"},{"name":"Features","value":"0"},{"name":"Support","value":"0"},{"name":"Pricing","value":"0"}],"wppr_pros":["","","","",""],"wppr_cons":["","","","",""],"_monsterinsights_skip_tracking":false,"_monsterinsights_sitenote_active":false,"_monsterinsights_sitenote_note":"","_monsterinsights_sitenote_category":0,"footnotes":""},"categories":[4186],"tags":[396,4187,4196,4195,4263,2496,4188],"features":[],"class_list":{"0":"post-32944","1":"page","2":"type-page","3":"status-publish","4":"has-post-thumbnail","6":"category-gestionali-per-parrucchieri","7":"tag-cloud","8":"tag-gestionale-per-parrucchieri","9":"tag-piattaforma-gestionale-per-parrucchieri","10":"tag-programma-gestionale-per-parrucchieri","11":"tag-rosy","12":"tag-software-gestionale-per-costruzioni","13":"tag-soluzione-gestionale-per-parrucchieri"},"wppr_data":{"cwp_meta_box_check":"Yes","cwp_rev_product_name":"","_wppr_review_template":"default","cwp_rev_product_image":"","cwp_image_link":"image","wppr_links":[],"cwp_rev_price":"","wppr_pros":["","","","",""],"wppr_cons":["","","","",""],"wppr_rating":"0.00","wppr_options":{"1":{"name":"Usability","value":"0"},"2":{"name":"Speed","value":"0"},"3":{"name":"Features","value":"0"},"4":{"name":"Support","value":"0"},"5":{"name":"Pricing","value":"0"}},"wppr_review_type":"Product","wppr_review_custom_fields":{"additionalProperty":"","additionalType":"","aggregateRating":"","alternateName":"","audience":"","award":"","awards":"","brand":"","color":"","depth":"","description":"","disambiguatingDescription":"","gtin12":"","gtin13":"","gtin14":"","gtin8":"","height":"","identifier":"","image":"","isAccessoryOrSparePartFor":"","isConsumableFor":"","isRelatedTo":"","isSimilarTo":"","itemCondition":"","logo":"","mainEntityOfPage":"","manufacturer":"","material":"","model":"","mpn":"","name":"","offers":"","potentialAction":"","productID":"","productionDate":"","purchaseDate":"","releaseDate":"","review":"","reviews":"","sameAs":"","sku":"","slogan":"","subjectOf":"","url":"","weight":"","width":""}},"acf":[],"yoast_head":"<!-- This site is optimized with the Yoast SEO plugin v27.4 - https:\/\/yoast.com\/product\/yoast-seo-wordpress\/ -->\n<title>Rosy: recensione software gestionale per parrucchieri - Accurate Reviews<\/title>\n<meta name=\"description\" content=\"Rosy: recensione soluzione completa e di facile utilizzo per la gestione di saloni di bellezza che migliora la relazioni con i clienti\" \/>\n<meta name=\"robots\" content=\"index, follow, max-snippet:-1, max-image-preview:large, max-video-preview:-1\" \/>\n<link rel=\"canonical\" href=\"https:\/\/www.accuratereviews.com\/it\/gestionale-per-parrucchieri\/rosy-recensione\/\" \/>\n<meta property=\"og:locale\" content=\"it_IT\" \/>\n<meta property=\"og:type\" content=\"article\" \/>\n<meta property=\"og:title\" content=\"Rosy: recensione software gestionale per parrucchieri - Accurate Reviews\" \/>\n<meta property=\"og:description\" content=\"Rosy: recensione soluzione completa e di facile utilizzo per la gestione di saloni di bellezza che migliora la relazioni con i clienti\" \/>\n<meta property=\"og:url\" content=\"https:\/\/www.accuratereviews.com\/it\/gestionale-per-parrucchieri\/rosy-recensione\/\" \/>\n<meta property=\"og:site_name\" content=\"Accurate Reviews\" \/>\n<meta property=\"article:modified_time\" content=\"2024-03-30T10:03:32+00:00\" \/>\n<meta property=\"og:image\" content=\"https:\/\/www.accuratereviews.com\/wp-content\/uploads\/2020\/11\/rosy.jpg\" \/>\n\t<meta property=\"og:image:width\" content=\"400\" \/>\n\t<meta property=\"og:image:height\" content=\"400\" \/>\n\t<meta property=\"og:image:type\" content=\"image\/jpeg\" \/>\n<meta name=\"twitter:card\" content=\"summary_large_image\" \/>\n<meta name=\"twitter:label1\" content=\"Tempo di lettura stimato\" \/>\n\t<meta name=\"twitter:data1\" content=\"5 minuti\" \/>\n<script type=\"application\/ld+json\" class=\"yoast-schema-graph\">{\"@context\":\"https:\\\/\\\/schema.org\",\"@graph\":[{\"@type\":\"WebPage\",\"@id\":\"https:\\\/\\\/www.accuratereviews.com\\\/it\\\/gestionale-per-parrucchieri\\\/rosy-recensione\\\/\",\"url\":\"https:\\\/\\\/www.accuratereviews.com\\\/it\\\/gestionale-per-parrucchieri\\\/rosy-recensione\\\/\",\"name\":\"Rosy: recensione software gestionale per parrucchieri - Accurate Reviews\",\"isPartOf\":{\"@id\":\"https:\\\/\\\/www.accuratereviews.com\\\/it\\\/#website\"},\"primaryImageOfPage\":{\"@id\":\"https:\\\/\\\/www.accuratereviews.com\\\/it\\\/gestionale-per-parrucchieri\\\/rosy-recensione\\\/#primaryimage\"},\"image\":{\"@id\":\"https:\\\/\\\/www.accuratereviews.com\\\/it\\\/gestionale-per-parrucchieri\\\/rosy-recensione\\\/#primaryimage\"},\"thumbnailUrl\":\"https:\\\/\\\/www.accuratereviews.com\\\/wp-content\\\/uploads\\\/2020\\\/11\\\/rosy.jpg\",\"datePublished\":\"2020-11-26T11:13:10+00:00\",\"dateModified\":\"2024-03-30T10:03:32+00:00\",\"description\":\"Rosy: recensione soluzione completa e di facile utilizzo per la gestione di saloni di bellezza che migliora la relazioni con i clienti\",\"breadcrumb\":{\"@id\":\"https:\\\/\\\/www.accuratereviews.com\\\/it\\\/gestionale-per-parrucchieri\\\/rosy-recensione\\\/#breadcrumb\"},\"inLanguage\":\"it-IT\",\"potentialAction\":[{\"@type\":\"ReadAction\",\"target\":[\"https:\\\/\\\/www.accuratereviews.com\\\/it\\\/gestionale-per-parrucchieri\\\/rosy-recensione\\\/\"]}]},{\"@type\":\"ImageObject\",\"inLanguage\":\"it-IT\",\"@id\":\"https:\\\/\\\/www.accuratereviews.com\\\/it\\\/gestionale-per-parrucchieri\\\/rosy-recensione\\\/#primaryimage\",\"url\":\"https:\\\/\\\/www.accuratereviews.com\\\/wp-content\\\/uploads\\\/2020\\\/11\\\/rosy.jpg\",\"contentUrl\":\"https:\\\/\\\/www.accuratereviews.com\\\/wp-content\\\/uploads\\\/2020\\\/11\\\/rosy.jpg\",\"width\":400,\"height\":400},{\"@type\":\"BreadcrumbList\",\"@id\":\"https:\\\/\\\/www.accuratereviews.com\\\/it\\\/gestionale-per-parrucchieri\\\/rosy-recensione\\\/#breadcrumb\",\"itemListElement\":[{\"@type\":\"ListItem\",\"position\":1,\"name\":\"Home\",\"item\":\"https:\\\/\\\/www.accuratereviews.com\\\/it\\\/\"},{\"@type\":\"ListItem\",\"position\":2,\"name\":\"Gestionale per parrucchieri\",\"item\":\"https:\\\/\\\/www.accuratereviews.com\\\/it\\\/gestionale-per-parrucchieri\\\/\"},{\"@type\":\"ListItem\",\"position\":3,\"name\":\"Rosy\"}]},{\"@type\":\"WebSite\",\"@id\":\"https:\\\/\\\/www.accuratereviews.com\\\/it\\\/#website\",\"url\":\"https:\\\/\\\/www.accuratereviews.com\\\/it\\\/\",\"name\":\"Accurate Reviews\",\"description\":\"\",\"potentialAction\":[{\"@type\":\"SearchAction\",\"target\":{\"@type\":\"EntryPoint\",\"urlTemplate\":\"https:\\\/\\\/www.accuratereviews.com\\\/it\\\/?s={search_term_string}\"},\"query-input\":{\"@type\":\"PropertyValueSpecification\",\"valueRequired\":true,\"valueName\":\"search_term_string\"}}],\"inLanguage\":\"it-IT\"}]}<\/script>\n<!-- \/ Yoast SEO plugin. -->","yoast_head_json":{"title":"Rosy: recensione software gestionale per parrucchieri - Accurate Reviews","description":"Rosy: recensione soluzione completa e di facile utilizzo per la gestione di saloni di bellezza che migliora la relazioni con i clienti","robots":{"index":"index","follow":"follow","max-snippet":"max-snippet:-1","max-image-preview":"max-image-preview:large","max-video-preview":"max-video-preview:-1"},"canonical":"https:\/\/www.accuratereviews.com\/it\/gestionale-per-parrucchieri\/rosy-recensione\/","og_locale":"it_IT","og_type":"article","og_title":"Rosy: recensione software gestionale per parrucchieri - Accurate Reviews","og_description":"Rosy: recensione soluzione completa e di facile utilizzo per la gestione di saloni di bellezza che migliora la relazioni con i clienti","og_url":"https:\/\/www.accuratereviews.com\/it\/gestionale-per-parrucchieri\/rosy-recensione\/","og_site_name":"Accurate Reviews","article_modified_time":"2024-03-30T10:03:32+00:00","og_image":[{"width":400,"height":400,"url":"https:\/\/www.accuratereviews.com\/wp-content\/uploads\/2020\/11\/rosy.jpg","type":"image\/jpeg"}],"twitter_card":"summary_large_image","twitter_misc":{"Tempo di lettura stimato":"5 minuti"},"schema":{"@context":"https:\/\/schema.org","@graph":[{"@type":"WebPage","@id":"https:\/\/www.accuratereviews.com\/it\/gestionale-per-parrucchieri\/rosy-recensione\/","url":"https:\/\/www.accuratereviews.com\/it\/gestionale-per-parrucchieri\/rosy-recensione\/","name":"Rosy: recensione software gestionale per parrucchieri - Accurate Reviews","isPartOf":{"@id":"https:\/\/www.accuratereviews.com\/it\/#website"},"primaryImageOfPage":{"@id":"https:\/\/www.accuratereviews.com\/it\/gestionale-per-parrucchieri\/rosy-recensione\/#primaryimage"},"image":{"@id":"https:\/\/www.accuratereviews.com\/it\/gestionale-per-parrucchieri\/rosy-recensione\/#primaryimage"},"thumbnailUrl":"https:\/\/www.accuratereviews.com\/wp-content\/uploads\/2020\/11\/rosy.jpg","datePublished":"2020-11-26T11:13:10+00:00","dateModified":"2024-03-30T10:03:32+00:00","description":"Rosy: recensione soluzione completa e di facile utilizzo per la gestione di saloni di bellezza che migliora la relazioni con i clienti","breadcrumb":{"@id":"https:\/\/www.accuratereviews.com\/it\/gestionale-per-parrucchieri\/rosy-recensione\/#breadcrumb"},"inLanguage":"it-IT","potentialAction":[{"@type":"ReadAction","target":["https:\/\/www.accuratereviews.com\/it\/gestionale-per-parrucchieri\/rosy-recensione\/"]}]},{"@type":"ImageObject","inLanguage":"it-IT","@id":"https:\/\/www.accuratereviews.com\/it\/gestionale-per-parrucchieri\/rosy-recensione\/#primaryimage","url":"https:\/\/www.accuratereviews.com\/wp-content\/uploads\/2020\/11\/rosy.jpg","contentUrl":"https:\/\/www.accuratereviews.com\/wp-content\/uploads\/2020\/11\/rosy.jpg","width":400,"height":400},{"@type":"BreadcrumbList","@id":"https:\/\/www.accuratereviews.com\/it\/gestionale-per-parrucchieri\/rosy-recensione\/#breadcrumb","itemListElement":[{"@type":"ListItem","position":1,"name":"Home","item":"https:\/\/www.accuratereviews.com\/it\/"},{"@type":"ListItem","position":2,"name":"Gestionale per parrucchieri","item":"https:\/\/www.accuratereviews.com\/it\/gestionale-per-parrucchieri\/"},{"@type":"ListItem","position":3,"name":"Rosy"}]},{"@type":"WebSite","@id":"https:\/\/www.accuratereviews.com\/it\/#website","url":"https:\/\/www.accuratereviews.com\/it\/","name":"Accurate Reviews","description":"","potentialAction":[{"@type":"SearchAction","target":{"@type":"EntryPoint","urlTemplate":"https:\/\/www.accuratereviews.com\/it\/?s={search_term_string}"},"query-input":{"@type":"PropertyValueSpecification","valueRequired":true,"valueName":"search_term_string"}}],"inLanguage":"it-IT"}]}},"_links":{"self":[{"href":"https:\/\/www.accuratereviews.com\/it\/wp-json\/wp\/v2\/pages\/32944","targetHints":{"allow":["GET"]}}],"collection":[{"href":"https:\/\/www.accuratereviews.com\/it\/wp-json\/wp\/v2\/pages"}],"about":[{"href":"https:\/\/www.accuratereviews.com\/it\/wp-json\/wp\/v2\/types\/page"}],"author":[{"embeddable":true,"href":"https:\/\/www.accuratereviews.com\/it\/wp-json\/wp\/v2\/users\/19"}],"replies":[{"embeddable":true,"href":"https:\/\/www.accuratereviews.com\/it\/wp-json\/wp\/v2\/comments?post=32944"}],"version-history":[{"count":13,"href":"https:\/\/www.accuratereviews.com\/it\/wp-json\/wp\/v2\/pages\/32944\/revisions"}],"predecessor-version":[{"id":75669,"href":"https:\/\/www.accuratereviews.com\/it\/wp-json\/wp\/v2\/pages\/32944\/revisions\/75669"}],"up":[{"embeddable":true,"href":"https:\/\/www.accuratereviews.com\/it\/wp-json\/wp\/v2\/pages\/33071"}],"wp:featuredmedia":[{"embeddable":true,"href":"https:\/\/www.accuratereviews.com\/it\/wp-json\/wp\/v2\/media\/32945"}],"wp:attachment":[{"href":"https:\/\/www.accuratereviews.com\/it\/wp-json\/wp\/v2\/media?parent=32944"}],"wp:term":[{"taxonomy":"category","embeddable":true,"href":"https:\/\/www.accuratereviews.com\/it\/wp-json\/wp\/v2\/categories?post=32944"},{"taxonomy":"post_tag","embeddable":true,"href":"https:\/\/www.accuratereviews.com\/it\/wp-json\/wp\/v2\/tags?post=32944"},{"taxonomy":"features","embeddable":true,"href":"https:\/\/www.accuratereviews.com\/it\/wp-json\/wp\/v2\/features?post=32944"}],"curies":[{"name":"wp","href":"https:\/\/api.w.org\/{rel}","templated":true}]}}