{"id":32958,"date":"2020-11-26T11:11:45","date_gmt":"2020-11-26T11:11:45","guid":{"rendered":"https:\/\/www.accuratereviews.com\/?page_id=32958"},"modified":"2024-03-30T11:19:13","modified_gmt":"2024-03-30T11:19:13","slug":"insight-recensione","status":"publish","type":"page","link":"https:\/\/www.accuratereviews.com\/it\/gestionale-per-parrucchieri\/insight-recensione\/","title":{"rendered":"Insight"},"content":{"rendered":"<p><strong>Insight<\/strong> \u00e8 una <strong>soluzione per la gestione di saloni di bellezza<\/strong> e spa che offre prenotazioni online, gestione del personale e notifiche automatiche all&#8217;interno di una unica suite. Il prodotto \u00e8 disponibile sia in opzioni di distribuzione basate su <strong>cloud<\/strong> che in locale. Il software consente agli utenti di prenotare e confermare gli appuntamenti online tramite messaggi di testo ed email automatizzate. Consente inoltre agli utenti di coinvolgere i clienti registrando le preferenze, monitorando i prodotti acquistati, la cronologia dei servizi e degli appuntamenti e premiando con punti fedelt\u00e0. Gli strumenti di marketing includono messaggi di testo automatizzati e campagne email, blog e newsletter. Gli utenti possono anche tenere traccia dei compleanni dei clienti, degli anniversari e delle fonti di referral. <strong>Insight<\/strong> consente agli utenti di monitorare le vendite e le prestazioni del personale archiviando i dettagli di contatto, impostando orari di lavoro e limitando l&#8217;accesso ai dati con controlli amministrativi e password.<\/p>\n<h2>INSIGHT &#8211; TUTORIAL<\/h2>\n<p><span class=\"JLqJ4b ChMk0b\" data-language-for-alternatives=\"it\" data-language-to-translate-into=\"en\" data-phrase-index=\"1\">Scopri come creare i tuoi moduli e assegnarli a segmenti di clienti o servizi specifici su questo <strong>software gestionale per parrucchieri<\/strong>:<\/span><\/p>\n<div id=\"fluid-wrapper-counter-1\" class=\"g1-fluid-wrapper \" style=\"width:686px;\">\n<div style=\"padding-bottom:56.268221574344%;\"><iframe loading=\"lazy\" title=\"Setting up Client Intake Forms in Insight\" width=\"686\" height=\"386\" src=\"https:\/\/www.youtube.com\/embed\/dsfcDh4lutU?feature=oembed&amp;wmode=transparent&amp;autohide=1&amp;autoplay=0&amp;disablekb=0&amp;fs=1&amp;loop=0&amp;enablejsapi=1&amp;rel=0&amp;controls=2&amp;showinfo=0&amp;wmode=transparent&amp;autohide=2&amp;autoplay=0&amp;disablekb=0&amp;fs=1&amp;loop=0&amp;enablejsapi=1&amp;rel=0&amp;controls=2&amp;showinfo=1\" frameborder=\"0\" allow=\"accelerometer; autoplay; clipboard-write; encrypted-media; gyroscope; picture-in-picture; web-share\" referrerpolicy=\"strict-origin-when-cross-origin\" allowfullscreen><\/iframe><\/div>\n<\/div>\n<h3>INSIGHT &#8211; CARATTERISTICHE<\/h3>\n<ul>\n<li>Prenota automaticamente le sale di servizio e le risorse<\/li>\n<li>Conferma gli appuntamenti con messaggi di testo automatici (SMS) ed email<\/li>\n<li>Personalizza le impostazioni per le tue esigenze specifiche<\/li>\n<li>Registra formule, preferenze e altre note del cliente<\/li>\n<li>Traccia la cronologia di prodotti, servizi e appuntamenti<\/li>\n<li>Ricompensa e monitora i punti fedelt\u00e0<\/li>\n<li>Calcola automaticamente le tasse e altre detrazioni<\/li>\n<li>Tieni traccia delle ore dei dipendenti con un orologio integrato<\/li>\n<li>Funziona per tutti i tipi di buste paga: oraria, salariale e su commissione<\/li>\n<li>Organizza i servizi per reparto e categoria<\/li>\n<li>Determina quali dipendenti sono qualificati per svolgere un particolare servizio<\/li>\n<li>Tieni traccia dei prodotti professionali e dei codici colore per ogni servizio<\/li>\n<li>Tieni traccia dei compleanni, degli anniversari, delle ultime date, delle fonti di referral e altro ancora<\/li>\n<li>Crea e gestisci messaggi di testo automatizzati (SMS) e campagne email<\/li>\n<li>Ricevi suggerimenti di marketing tempestivi e tendenze del settore tramite i nostri blog e newsletter<\/li>\n<li>Crea vendite impostando i prezzi con le date di inizio e fine<\/li>\n<li>Analizza automaticamente i livelli di inventario e ordina tutti i prodotti richiesti in pochi secondi<\/li>\n<li>Tieni traccia dell&#8217;utilizzo parziale di un articolo<\/li>\n<li>Utilizza scanner di codici a barre, stampanti per ricevute e cassetti per contanti<\/li>\n<li>Accetta pi\u00f9 metodi di pagamento su una fattura<\/li>\n<\/ul>\n<h4>LE RECENSIONI DEGLI UTENTI<\/h4>\n<h4 class=\"font-weight-bold mb-1 d-flex align-items-center\">Roberta D.&#8221;Serve allo scopo.&#8221;<\/h4>\n<p><strong>Vantaggi: <\/strong>Servizio Clienti. Sono cordiali e molto disponibili e sono sempre presenti quando ne abbiamo bisogno !!! 24\/7 !!<\/p>\n<p><strong>Inconvenienti: <\/strong>Ci sono cos\u00ec tante funzionalit\u00e0. Dovrebbe davvero esserci una classe per parlare per circa una settimana per imparare tutto. Ce l&#8217;ho da quasi tre anni e ancora non uso tutto\u00a0perch\u00e9 non so come funziona.\u00a0Penso anche che sia pazzesco dover pagare un extra per i messaggi di testo. Mi \u00e8 stato anche detto che quando ho acquistato il sistema sarebbe diventato compatibile con MAC, motivo per cui l&#8217;ho scelto. Ora mi \u00e8 stato detto che non accadr\u00e0 mai a causa della piattaforma in cui \u00e8 stato costruito. Fondamentalmente il reparto vendite ha mentito per ottenere la vendita.<\/p>\n<h4 class=\"font-weight-bold mb-1 d-flex align-items-center\">Bill S.&#8221;Eccellente software per salone&#8221;<\/h4>\n<p><strong>Commenti: <\/strong>Il software \u00e8 ricco di funzionalit\u00e0 ma, cosa pi\u00f9 importante (provenendo io stesso da un background IT), il supporto \u00e8 assolutamente il migliore! Pu\u00f2 essere un po &#8216;&#8221;cliccabile&#8221; specialmente nei rapporti, ma nel complesso sono molto soddisfatto.<\/p>\n<p><strong>Vantaggi: <\/strong>Fa quello che mi serve, \u00e8 abbastanza intuitivo ed \u00e8 ricco di funzionalit\u00e0.<\/p>\n<p><strong>Inconvenienti: <\/strong>I rapporti, che uso un po &#8216;, sono un po&#8217; cliccabili, soprattutto durante la stampa. Vorrei che ci fosse un modo per regolare tutte le conferme durante la stampa e poter fare clic una volta per le cose (ad es. Selezionando uno stilista). Inoltre, a volte devo andare a caccia di cose (ad es. Confermare l&#8217;appuntamento per una prenotazione online).<\/p>\n<h4 class=\"font-weight-bold mb-1 d-flex align-items-center\">Joy S.&#8221;Amo questo prodotto&#8221;<\/h4>\n<p><strong>Commenti: <\/strong>Uso Syntec da quasi 10 anni (quando si chiamava Insight) ogni volta che ho chiamato l&#8217;assistenza clienti se non rispondono subito, sono pronti ad occuparsi del tuo problema. Abbiamo fatto beta test con loro quando stavano sviluppando il software e abbiamo chiamato abbastanza spesso e non una volta in cui siamo rimasti delusi. Penso che questo la dice lunga per un&#8217;azienda. L&#8217;unica volta che devo chiamare ora \u00e8 quando non riesco a capire qualcosa che il programma funzioni senza problemi. Il programma offre anche un sacco di funzionalit\u00e0 per quello che ritengo sia un prezzo fantastico!<\/p>\n<p><strong>Vantaggi: <\/strong>Il prezzo e quanto \u00e8 facile da usare.<\/p>\n<p><strong>Inconvenienti: <\/strong>Devo dire che se c&#8217;\u00e8 qualcosa in questo prodotto che non mi piace non l&#8217;ho ancora trovato.<\/p>\n<p>&nbsp;<\/p>\n","protected":false},"excerpt":{"rendered":"<p>Insight \u00e8 una soluzione per la gestione di saloni e spa che offre prenotazioni online, gestione del personale e notifiche automatiche all&#8217;interno di una unica suite. Il prodotto \u00e8 disponibile sia in opzioni di distribuzione basate su cloud che in locale. il software consente agli utenti di prenotare e confermare gli appuntamenti online tramite messaggi di testo ed email automatizzati. Il sistema consente inoltre agli utenti di coinvolgere i clienti registrando le preferenze, monitorando i prodotti acquistati, la cronologia dei servizi e degli appuntamenti e premiando con punti fedelt\u00e0.<\/p>\n","protected":false},"author":19,"featured_media":32962,"parent":33071,"menu_order":0,"comment_status":"open","ping_status":"closed","template":"g1_template_page_review_new.php","meta":{"_acf_changed":false,"cwp_meta_box_check":"Yes","cwp_rev_product_name":"","cwp_rev_product_image":"","wppr_links":[],"cwp_rev_price":"","wppr_options":[{"name":"Usability","value":"0"},{"name":"Speed","value":"0"},{"name":"Features","value":"0"},{"name":"Support","value":"0"},{"name":"Pricing","value":"0"}],"wppr_pros":["","","","",""],"wppr_cons":["","","","",""],"_monsterinsights_skip_tracking":false,"_monsterinsights_sitenote_active":false,"_monsterinsights_sitenote_note":"","_monsterinsights_sitenote_category":0,"footnotes":""},"categories":[4186],"tags":[396,4187,4265,4196,4195,4189,4264],"features":[],"class_list":{"0":"post-32958","1":"page","2":"type-page","3":"status-publish","4":"has-post-thumbnail","6":"category-gestionali-per-parrucchieri","7":"tag-cloud","8":"tag-gestionale-per-parrucchieri","9":"tag-insight","10":"tag-piattaforma-gestionale-per-parrucchieri","11":"tag-programma-gestionale-per-parrucchieri","12":"tag-software-gestionale-per-parrucchieri","13":"tag-soluzione-gestionale-per-perrucchieri"},"wppr_data":{"cwp_meta_box_check":"Yes","cwp_rev_product_name":"","_wppr_review_template":"default","cwp_rev_product_image":"","cwp_image_link":"image","wppr_links":[],"cwp_rev_price":"","wppr_pros":["","","","",""],"wppr_cons":["","","","",""],"wppr_rating":"0.00","wppr_options":{"1":{"name":"Usability","value":"0"},"2":{"name":"Speed","value":"0"},"3":{"name":"Features","value":"0"},"4":{"name":"Support","value":"0"},"5":{"name":"Pricing","value":"0"}},"wppr_review_type":"Product","wppr_review_custom_fields":{"additionalProperty":"","additionalType":"","aggregateRating":"","alternateName":"","audience":"","award":"","awards":"","brand":"","color":"","depth":"","description":"","disambiguatingDescription":"","gtin12":"","gtin13":"","gtin14":"","gtin8":"","height":"","identifier":"","image":"","isAccessoryOrSparePartFor":"","isConsumableFor":"","isRelatedTo":"","isSimilarTo":"","itemCondition":"","logo":"","mainEntityOfPage":"","manufacturer":"","material":"","model":"","mpn":"","name":"","offers":"","potentialAction":"","productID":"","productionDate":"","purchaseDate":"","releaseDate":"","review":"","reviews":"","sameAs":"","sku":"","slogan":"","subjectOf":"","url":"","weight":"","width":""}},"acf":[],"yoast_head":"<!-- This site is optimized with the Yoast SEO plugin v27.4 - https:\/\/yoast.com\/product\/yoast-seo-wordpress\/ -->\n<title>Insight: recensione software gestionale parrucchieri - Accurate Reviews<\/title>\n<meta name=\"description\" content=\"Insight: recensione soluzione per la gestione di saloni e spa che offre prenotazioni online, gestione del personale e notifiche automatiche.\" \/>\n<meta name=\"robots\" content=\"index, follow, max-snippet:-1, max-image-preview:large, max-video-preview:-1\" \/>\n<link rel=\"canonical\" href=\"https:\/\/www.accuratereviews.com\/it\/gestionale-per-parrucchieri\/insight-recensione\/\" \/>\n<meta property=\"og:locale\" content=\"it_IT\" \/>\n<meta property=\"og:type\" content=\"article\" \/>\n<meta property=\"og:title\" content=\"Insight: recensione software gestionale parrucchieri - Accurate Reviews\" \/>\n<meta property=\"og:description\" content=\"Insight: recensione soluzione per la gestione di saloni e spa che offre prenotazioni online, gestione del personale e notifiche automatiche.\" \/>\n<meta property=\"og:url\" content=\"https:\/\/www.accuratereviews.com\/it\/gestionale-per-parrucchieri\/insight-recensione\/\" \/>\n<meta property=\"og:site_name\" content=\"Accurate Reviews\" \/>\n<meta property=\"article:modified_time\" content=\"2024-03-30T11:19:13+00:00\" \/>\n<meta property=\"og:image\" content=\"https:\/\/www.accuratereviews.com\/wp-content\/uploads\/2020\/11\/insight.png\" \/>\n\t<meta property=\"og:image:width\" content=\"600\" \/>\n\t<meta property=\"og:image:height\" content=\"400\" \/>\n\t<meta property=\"og:image:type\" content=\"image\/png\" \/>\n<meta name=\"twitter:card\" content=\"summary_large_image\" \/>\n<meta name=\"twitter:label1\" content=\"Tempo di lettura stimato\" \/>\n\t<meta name=\"twitter:data1\" content=\"6 minuti\" \/>\n<script type=\"application\/ld+json\" class=\"yoast-schema-graph\">{\"@context\":\"https:\\\/\\\/schema.org\",\"@graph\":[{\"@type\":\"WebPage\",\"@id\":\"https:\\\/\\\/www.accuratereviews.com\\\/it\\\/gestionale-per-parrucchieri\\\/insight-recensione\\\/\",\"url\":\"https:\\\/\\\/www.accuratereviews.com\\\/it\\\/gestionale-per-parrucchieri\\\/insight-recensione\\\/\",\"name\":\"Insight: recensione software gestionale parrucchieri - Accurate Reviews\",\"isPartOf\":{\"@id\":\"https:\\\/\\\/www.accuratereviews.com\\\/it\\\/#website\"},\"primaryImageOfPage\":{\"@id\":\"https:\\\/\\\/www.accuratereviews.com\\\/it\\\/gestionale-per-parrucchieri\\\/insight-recensione\\\/#primaryimage\"},\"image\":{\"@id\":\"https:\\\/\\\/www.accuratereviews.com\\\/it\\\/gestionale-per-parrucchieri\\\/insight-recensione\\\/#primaryimage\"},\"thumbnailUrl\":\"https:\\\/\\\/www.accuratereviews.com\\\/wp-content\\\/uploads\\\/2020\\\/11\\\/insight.png\",\"datePublished\":\"2020-11-26T11:11:45+00:00\",\"dateModified\":\"2024-03-30T11:19:13+00:00\",\"description\":\"Insight: recensione soluzione per la gestione di saloni e spa che offre prenotazioni online, gestione del personale e notifiche automatiche.\",\"breadcrumb\":{\"@id\":\"https:\\\/\\\/www.accuratereviews.com\\\/it\\\/gestionale-per-parrucchieri\\\/insight-recensione\\\/#breadcrumb\"},\"inLanguage\":\"it-IT\",\"potentialAction\":[{\"@type\":\"ReadAction\",\"target\":[\"https:\\\/\\\/www.accuratereviews.com\\\/it\\\/gestionale-per-parrucchieri\\\/insight-recensione\\\/\"]}]},{\"@type\":\"ImageObject\",\"inLanguage\":\"it-IT\",\"@id\":\"https:\\\/\\\/www.accuratereviews.com\\\/it\\\/gestionale-per-parrucchieri\\\/insight-recensione\\\/#primaryimage\",\"url\":\"https:\\\/\\\/www.accuratereviews.com\\\/wp-content\\\/uploads\\\/2020\\\/11\\\/insight.png\",\"contentUrl\":\"https:\\\/\\\/www.accuratereviews.com\\\/wp-content\\\/uploads\\\/2020\\\/11\\\/insight.png\",\"width\":600,\"height\":400},{\"@type\":\"BreadcrumbList\",\"@id\":\"https:\\\/\\\/www.accuratereviews.com\\\/it\\\/gestionale-per-parrucchieri\\\/insight-recensione\\\/#breadcrumb\",\"itemListElement\":[{\"@type\":\"ListItem\",\"position\":1,\"name\":\"Home\",\"item\":\"https:\\\/\\\/www.accuratereviews.com\\\/it\\\/\"},{\"@type\":\"ListItem\",\"position\":2,\"name\":\"Gestionale per parrucchieri\",\"item\":\"https:\\\/\\\/www.accuratereviews.com\\\/it\\\/gestionale-per-parrucchieri\\\/\"},{\"@type\":\"ListItem\",\"position\":3,\"name\":\"Insight\"}]},{\"@type\":\"WebSite\",\"@id\":\"https:\\\/\\\/www.accuratereviews.com\\\/it\\\/#website\",\"url\":\"https:\\\/\\\/www.accuratereviews.com\\\/it\\\/\",\"name\":\"Accurate Reviews\",\"description\":\"\",\"potentialAction\":[{\"@type\":\"SearchAction\",\"target\":{\"@type\":\"EntryPoint\",\"urlTemplate\":\"https:\\\/\\\/www.accuratereviews.com\\\/it\\\/?s={search_term_string}\"},\"query-input\":{\"@type\":\"PropertyValueSpecification\",\"valueRequired\":true,\"valueName\":\"search_term_string\"}}],\"inLanguage\":\"it-IT\"}]}<\/script>\n<!-- \/ Yoast SEO plugin. -->","yoast_head_json":{"title":"Insight: recensione software gestionale parrucchieri - Accurate Reviews","description":"Insight: recensione soluzione per la gestione di saloni e spa che offre prenotazioni online, gestione del personale e notifiche automatiche.","robots":{"index":"index","follow":"follow","max-snippet":"max-snippet:-1","max-image-preview":"max-image-preview:large","max-video-preview":"max-video-preview:-1"},"canonical":"https:\/\/www.accuratereviews.com\/it\/gestionale-per-parrucchieri\/insight-recensione\/","og_locale":"it_IT","og_type":"article","og_title":"Insight: recensione software gestionale parrucchieri - Accurate Reviews","og_description":"Insight: recensione soluzione per la gestione di saloni e spa che offre prenotazioni online, gestione del personale e notifiche automatiche.","og_url":"https:\/\/www.accuratereviews.com\/it\/gestionale-per-parrucchieri\/insight-recensione\/","og_site_name":"Accurate Reviews","article_modified_time":"2024-03-30T11:19:13+00:00","og_image":[{"width":600,"height":400,"url":"https:\/\/www.accuratereviews.com\/wp-content\/uploads\/2020\/11\/insight.png","type":"image\/png"}],"twitter_card":"summary_large_image","twitter_misc":{"Tempo di lettura stimato":"6 minuti"},"schema":{"@context":"https:\/\/schema.org","@graph":[{"@type":"WebPage","@id":"https:\/\/www.accuratereviews.com\/it\/gestionale-per-parrucchieri\/insight-recensione\/","url":"https:\/\/www.accuratereviews.com\/it\/gestionale-per-parrucchieri\/insight-recensione\/","name":"Insight: recensione software gestionale parrucchieri - Accurate Reviews","isPartOf":{"@id":"https:\/\/www.accuratereviews.com\/it\/#website"},"primaryImageOfPage":{"@id":"https:\/\/www.accuratereviews.com\/it\/gestionale-per-parrucchieri\/insight-recensione\/#primaryimage"},"image":{"@id":"https:\/\/www.accuratereviews.com\/it\/gestionale-per-parrucchieri\/insight-recensione\/#primaryimage"},"thumbnailUrl":"https:\/\/www.accuratereviews.com\/wp-content\/uploads\/2020\/11\/insight.png","datePublished":"2020-11-26T11:11:45+00:00","dateModified":"2024-03-30T11:19:13+00:00","description":"Insight: recensione soluzione per la gestione di saloni e spa che offre prenotazioni online, gestione del personale e notifiche automatiche.","breadcrumb":{"@id":"https:\/\/www.accuratereviews.com\/it\/gestionale-per-parrucchieri\/insight-recensione\/#breadcrumb"},"inLanguage":"it-IT","potentialAction":[{"@type":"ReadAction","target":["https:\/\/www.accuratereviews.com\/it\/gestionale-per-parrucchieri\/insight-recensione\/"]}]},{"@type":"ImageObject","inLanguage":"it-IT","@id":"https:\/\/www.accuratereviews.com\/it\/gestionale-per-parrucchieri\/insight-recensione\/#primaryimage","url":"https:\/\/www.accuratereviews.com\/wp-content\/uploads\/2020\/11\/insight.png","contentUrl":"https:\/\/www.accuratereviews.com\/wp-content\/uploads\/2020\/11\/insight.png","width":600,"height":400},{"@type":"BreadcrumbList","@id":"https:\/\/www.accuratereviews.com\/it\/gestionale-per-parrucchieri\/insight-recensione\/#breadcrumb","itemListElement":[{"@type":"ListItem","position":1,"name":"Home","item":"https:\/\/www.accuratereviews.com\/it\/"},{"@type":"ListItem","position":2,"name":"Gestionale per parrucchieri","item":"https:\/\/www.accuratereviews.com\/it\/gestionale-per-parrucchieri\/"},{"@type":"ListItem","position":3,"name":"Insight"}]},{"@type":"WebSite","@id":"https:\/\/www.accuratereviews.com\/it\/#website","url":"https:\/\/www.accuratereviews.com\/it\/","name":"Accurate Reviews","description":"","potentialAction":[{"@type":"SearchAction","target":{"@type":"EntryPoint","urlTemplate":"https:\/\/www.accuratereviews.com\/it\/?s={search_term_string}"},"query-input":{"@type":"PropertyValueSpecification","valueRequired":true,"valueName":"search_term_string"}}],"inLanguage":"it-IT"}]}},"_links":{"self":[{"href":"https:\/\/www.accuratereviews.com\/it\/wp-json\/wp\/v2\/pages\/32958","targetHints":{"allow":["GET"]}}],"collection":[{"href":"https:\/\/www.accuratereviews.com\/it\/wp-json\/wp\/v2\/pages"}],"about":[{"href":"https:\/\/www.accuratereviews.com\/it\/wp-json\/wp\/v2\/types\/page"}],"author":[{"embeddable":true,"href":"https:\/\/www.accuratereviews.com\/it\/wp-json\/wp\/v2\/users\/19"}],"replies":[{"embeddable":true,"href":"https:\/\/www.accuratereviews.com\/it\/wp-json\/wp\/v2\/comments?post=32958"}],"version-history":[{"count":11,"href":"https:\/\/www.accuratereviews.com\/it\/wp-json\/wp\/v2\/pages\/32958\/revisions"}],"predecessor-version":[{"id":75679,"href":"https:\/\/www.accuratereviews.com\/it\/wp-json\/wp\/v2\/pages\/32958\/revisions\/75679"}],"up":[{"embeddable":true,"href":"https:\/\/www.accuratereviews.com\/it\/wp-json\/wp\/v2\/pages\/33071"}],"wp:featuredmedia":[{"embeddable":true,"href":"https:\/\/www.accuratereviews.com\/it\/wp-json\/wp\/v2\/media\/32962"}],"wp:attachment":[{"href":"https:\/\/www.accuratereviews.com\/it\/wp-json\/wp\/v2\/media?parent=32958"}],"wp:term":[{"taxonomy":"category","embeddable":true,"href":"https:\/\/www.accuratereviews.com\/it\/wp-json\/wp\/v2\/categories?post=32958"},{"taxonomy":"post_tag","embeddable":true,"href":"https:\/\/www.accuratereviews.com\/it\/wp-json\/wp\/v2\/tags?post=32958"},{"taxonomy":"features","embeddable":true,"href":"https:\/\/www.accuratereviews.com\/it\/wp-json\/wp\/v2\/features?post=32958"}],"curies":[{"name":"wp","href":"https:\/\/api.w.org\/{rel}","templated":true}]}}