{"id":32979,"date":"2020-11-27T14:05:47","date_gmt":"2020-11-27T14:05:47","guid":{"rendered":"https:\/\/www.accuratereviews.com\/?page_id=32979"},"modified":"2024-04-20T10:07:25","modified_gmt":"2024-04-20T10:07:25","slug":"square-appointments-recensione","status":"publish","type":"page","link":"https:\/\/www.accuratereviews.com\/it\/gestionale-per-parrucchieri\/square-appointments-recensione\/","title":{"rendered":"Square Appointments"},"content":{"rendered":"<p><strong>Square Appointments<\/strong> \u00e8 una <strong>soluzione di gestione degli appuntamenti<\/strong> basata su <strong>cloud<\/strong> che consente ai professionisti di gestire prenotazioni, appuntamenti, generare lead e accettare pagamenti. <span class=\"JLqJ4b ChMk0b\" data-language-for-alternatives=\"it\" data-language-to-translate-into=\"en\" data-phrase-index=\"1\">La soluzione si adatta alle esigenze dei rivenditori di tutte le dimensioni nello specifico nel settore della bellezza.<span class=\"JLqJ4b\" data-language-for-alternatives=\"it\" data-language-to-translate-into=\"en\" data-phrase-index=\"2\">\u00a0<strong>Square Appointments<\/strong> consente ai clienti di prenotare appuntamenti per una o pi\u00f9 sedi. Inoltre, la soluzione consente ai clienti di effettuare pagamenti anticipati per appuntamenti programmati. Gli utenti possono rivedere i propri calendari da qualsiasi dispositivo mobile e pianificare la giornata di conseguenza. Il software invia notifiche automatiche ai clienti per le date di scadenza degli appuntamenti tramite email o messaggio di testo. Il programma consente ai clienti di effettuare pagamenti con carta di credito e in pi\u00f9 consente agli esperti di marketing di eseguire promozioni e programmi di fidelizzazione per clienti potenziali ed esistenti.<\/span><\/span><\/p>\n<h2>SQUARE APPOINTMENTS &#8211; TUTORIAL<\/h2>\n<p>Guardiamo come configurare la pianificazione degli appuntamenti con questo <strong>software gestionale per parrucchieri<\/strong> e l&#8217;elaborazione della carta di credito per la prima volta:<\/p>\n<div id=\"fluid-wrapper-counter-1\" class=\"g1-fluid-wrapper \" style=\"width:686px;\">\n<div style=\"padding-bottom:56.268221574344%;\"><iframe loading=\"lazy\" title=\"Square Appointments Demo and Step by Step Setup Tutorial 2021\" width=\"515\" height=\"386\" src=\"https:\/\/www.youtube.com\/embed\/KAdr6mzIZf4?feature=oembed&amp;wmode=transparent&amp;autohide=1&amp;autoplay=0&amp;disablekb=0&amp;fs=1&amp;loop=0&amp;enablejsapi=1&amp;rel=0&amp;controls=2&amp;showinfo=0&amp;wmode=transparent&amp;autohide=2&amp;autoplay=0&amp;disablekb=0&amp;fs=1&amp;loop=0&amp;enablejsapi=1&amp;rel=0&amp;controls=2&amp;showinfo=1\" frameborder=\"0\" allow=\"accelerometer; autoplay; clipboard-write; encrypted-media; gyroscope; picture-in-picture; web-share\" referrerpolicy=\"strict-origin-when-cross-origin\" allowfullscreen><\/iframe><\/div>\n<\/div>\n<h3>SQUARE APPOINTMENTS &#8211; CARATTERISTICHE<\/h3>\n<ul>\n<li>Sincronizza tutti i dati dei tuoi clienti (informazioni di contatto, metodi di pagamento, cronologia degli acquisti e altro) nella Directory clienti unificata<\/li>\n<li>Gestisci tutte le relazioni, le campagne e i rapporti con i clienti da un&#8217;unica posizione centralizzata<\/li>\n<li>Ricevi i tuoi soldi sul tuo conto bancario il giorno lavorativo successivo al pagamento<\/li>\n<li>Tieni d&#8217;occhio il tuo flusso di cassa con aggiornamenti in tempo reale su vendite e inventario<\/li>\n<li>Spendi i tuoi fondi non appena effettui una vendita quando li memorizzi su una carta di debito aziendale \u00a0gratuita<\/li>\n<li>La soluzione utilizza l&#8217;apprendimento automatico per individuare e bloccare le frodi nei pagamenti e proteggere le aziende di qualsiasi dimensione<\/li>\n<li>Ottieni informazioni dettagliate sui modelli di frode nei pagamenti e imposta regole e avvisi personalizzati per gestire il rischio. Inoltre, offrono servizi gratuiti di gestione delle controversie<\/li>\n<li>Pagamenti online semplici e sicuri<\/li>\n<li>App mobile per iOS e Android per gestire gli appuntamenti in movimento<\/li>\n<li><span class=\"JLqJ4b\" data-language-for-alternatives=\"it\" data-language-to-translate-into=\"en\" data-phrase-index=\"1\"><span class=\"JLqJ4b ChMk0b\" data-language-for-alternatives=\"it\" data-language-to-translate-into=\"en\" data-phrase-index=\"2\">Sito web di prenotazione clienti gratuito<\/span><\/span><\/li>\n<li><span class=\"JLqJ4b\" data-language-for-alternatives=\"it\" data-language-to-translate-into=\"en\" data-phrase-index=\"1\"><span class=\"JLqJ4b ChMk0b\" data-language-for-alternatives=\"it\" data-language-to-translate-into=\"en\" data-phrase-index=\"2\">Promemoria automatici tramite posta elettronica e SMS <\/span><\/span><\/li>\n<li><span class=\"JLqJ4b\" data-language-for-alternatives=\"it\" data-language-to-translate-into=\"en\" data-phrase-index=\"1\"><span class=\"JLqJ4b ChMk0b\" data-language-for-alternatives=\"it\" data-language-to-translate-into=\"en\" data-phrase-index=\"2\">Appuntamenti ricorrenti <\/span><\/span><\/li>\n<li><span class=\"JLqJ4b\" data-language-for-alternatives=\"it\" data-language-to-translate-into=\"en\" data-phrase-index=\"1\"><span class=\"JLqJ4b ChMk0b\" data-language-for-alternatives=\"it\" data-language-to-translate-into=\"en\" data-phrase-index=\"2\">Gestione multi-location <\/span><\/span><\/li>\n<li><span class=\"JLqJ4b\" data-language-for-alternatives=\"it\" data-language-to-translate-into=\"en\" data-phrase-index=\"1\"><span class=\"JLqJ4b ChMk0b\" data-language-for-alternatives=\"it\" data-language-to-translate-into=\"en\" data-phrase-index=\"2\">Integrazione di Instagram e Google<\/span><\/span><\/li>\n<li>Esportazioni di buste paga<\/li>\n<li><span class=\"JLqJ4b\" data-language-for-alternatives=\"it\" data-language-to-translate-into=\"en\" data-phrase-index=\"5\"><span class=\"JLqJ4b ChMk0b\" data-language-for-alternatives=\"it\" data-language-to-translate-into=\"en\" data-phrase-index=\"6\">Profili cliente creati automaticamente <\/span><\/span><\/li>\n<li><span class=\"JLqJ4b\" data-language-for-alternatives=\"it\" data-language-to-translate-into=\"en\" data-phrase-index=\"5\"><span class=\"JLqJ4b ChMk0b\" data-language-for-alternatives=\"it\" data-language-to-translate-into=\"en\" data-phrase-index=\"6\">Note e promemoria per i clienti <\/span><\/span><\/li>\n<li><span class=\"JLqJ4b\" data-language-for-alternatives=\"it\" data-language-to-translate-into=\"en\" data-phrase-index=\"5\"><span class=\"JLqJ4b ChMk0b\" data-language-for-alternatives=\"it\" data-language-to-translate-into=\"en\" data-phrase-index=\"6\">Allega contratti e file con le informazioni chiave <\/span><\/span><\/li>\n<li><span class=\"JLqJ4b\" data-language-for-alternatives=\"it\" data-language-to-translate-into=\"en\" data-phrase-index=\"5\"><span class=\"JLqJ4b ChMk0b\" data-language-for-alternatives=\"it\" data-language-to-translate-into=\"en\" data-phrase-index=\"6\">Programma di fidelizzazione dei clienti<\/span><\/span><\/li>\n<li>Esegui rapporti personalizzati<\/li>\n<li><span class=\"JLqJ4b\" data-language-for-alternatives=\"it\" data-language-to-translate-into=\"en\" data-phrase-index=\"1\"><span class=\"JLqJ4b ChMk0b\" data-language-for-alternatives=\"it\" data-language-to-translate-into=\"en\" data-phrase-index=\"2\">Campagne di email marketing personalizzate <\/span><\/span><\/li>\n<li><span class=\"JLqJ4b\" data-language-for-alternatives=\"it\" data-language-to-translate-into=\"en\" data-phrase-index=\"1\"><span class=\"JLqJ4b ChMk0b\" data-language-for-alternatives=\"it\" data-language-to-translate-into=\"en\" data-phrase-index=\"2\">Vendi prodotti su Instagram<\/span><\/span><\/li>\n<li><span class=\"JLqJ4b\" data-language-for-alternatives=\"it\" data-language-to-translate-into=\"en\" data-phrase-index=\"1\"><span class=\"JLqJ4b ChMk0b\" data-language-for-alternatives=\"it\" data-language-to-translate-into=\"en\" data-phrase-index=\"2\">Offri ritiro, consegna e spedizione<\/span><\/span><\/li>\n<li><span class=\"JLqJ4b\" data-language-for-alternatives=\"it\" data-language-to-translate-into=\"en\" data-phrase-index=\"1\"><span class=\"JLqJ4b ChMk0b\" data-language-for-alternatives=\"it\" data-language-to-translate-into=\"en\" data-phrase-index=\"2\">Sincronizzazione automatica dell&#8217;inventario Gestione delle scorte multi-posizione<\/span><\/span><\/li>\n<\/ul>\n<h4>LE RECENSIONI DEGLI UTENTI<\/h4>\n<h4 class=\"font-weight-bold mb-1 d-flex align-items-center\">Taylor W.&#8221;App di prenotazione preferita&#8221;<\/h4>\n<p><strong>Commenti: <\/strong>Nel complesso \u00e8 la mia app di prenotazione preferita. Ha tutto in uno senza canone mensile.<\/p>\n<p><strong>Vantaggi: <\/strong>Questa \u00e8 la mia app di prenotazione preferita. Ha tutto in uno. I clienti possono prenotare appuntamenti e pagare per il servizio.<\/p>\n<p><strong>Inconvenienti: <\/strong>L&#8217;unica cosa che non mi piace \u00e8 che posso aggiungere foto agli appuntamenti per scopi di categoria. Ma i clienti non possono vedere le foto al momento della prenotazione. Sarebbe bello poter mettere una foto accanto al servizio nella pagina di prenotazione<\/p>\n<h4 class=\"font-weight-bold mb-1 d-flex align-items-center\">Adriana A.&#8221;Senza soluzione di continuit\u00e0 e poco costoso&#8221;<\/h4>\n<p><strong>Commenti: <\/strong>Finora davvero positivo. La nostra organizzazione utilizza altri servizi Square: buste paga, punto vendita, ecc. I prodotti Square sono generalmente facili da usare.<\/p>\n<p><strong>Vantaggi: <\/strong>Square Appointments \u00e8 gratuito se hai un dipendente nel tuo team. Questa \u00e8 una caratteristica interessante, ma se la tua organizzazione ha pi\u00f9 di un dipendente, potrebbe diventare un po &#8216;costoso. Una volta integrato nel tuo sito web, questo software semplifica la pianificazione degli appuntamenti con i visitatori del tuo sito, invitando i visitatori a pagare la sessione prima dell&#8217;appuntamento con te. Questo pu\u00f2 rendere le conversioni da lead a vendite abbastanza facili.<\/p>\n<p><strong>Inconvenienti: <\/strong>Tuttavia, ci sono volute un po &#8216;di ricerca per capire come integrare il software nel sito web, in modo che sembrasse senza soluzione di continuit\u00e0. L&#8217;implementazione del software potrebbe richiedere una curva di apprendimento, a seconda di quanto sei esperto nello sviluppo di siti web.<\/p>\n<h4 class=\"font-weight-bold mb-1 d-flex align-items-center\">Toniann P.&#8221;Appuntamenti in salone&#8221;<\/h4>\n<p><strong>Commenti: <\/strong>\u00c8 andato tutto bene. Ci \u00e8 voluto del tempo per abituarsi. Alcune cose le cambierei.<\/p>\n<p><strong>Vantaggi: <\/strong>Questo programma \u00e8 buono per gli appuntamenti in salone MA potrebbe essere migliore. Adoro il modo in cui invia conferme per te.<\/p>\n<p><strong>Inconvenienti: <\/strong>Qualcuno che gestisce un salone dovrebbe davvero aiutare a migliorare questo programma. \u00c8 decente, ma \u00e8 possibile apportare cos\u00ec tanti miglioramenti.<\/p>\n","protected":false},"excerpt":{"rendered":"<p>Square Appointments \u00e8 una soluzione di gestione degli appuntamenti basata su cloud che consente ai professionisti di gestire prenotazioni, appuntamenti, generare lead e accettare pagamenti. La soluzione si adatta alle esigenze dei rivenditori di tutte le dimensioni nello specifico nel settore della bellezza.\u00a0Square Appointments consente ai clienti di prenotare appuntamenti in movimento per una o pi\u00f9 sedi.<\/p>\n","protected":false},"author":19,"featured_media":32981,"parent":33071,"menu_order":0,"comment_status":"open","ping_status":"closed","template":"g1_template_page_review_new.php","meta":{"_acf_changed":false,"cwp_meta_box_check":"Yes","cwp_rev_product_name":"","cwp_rev_product_image":"","wppr_links":[],"cwp_rev_price":"","wppr_options":[{"name":"Usability","value":"0"},{"name":"Speed","value":"0"},{"name":"Features","value":"0"},{"name":"Support","value":"0"},{"name":"Pricing","value":"0"}],"wppr_pros":["","","","",""],"wppr_cons":["","","","",""],"_monsterinsights_skip_tracking":false,"_monsterinsights_sitenote_active":false,"_monsterinsights_sitenote_note":"","_monsterinsights_sitenote_category":0,"footnotes":""},"categories":[4186],"tags":[396,4187,4267,4266,4189,4188,4268],"features":[],"class_list":{"0":"post-32979","1":"page","2":"type-page","3":"status-publish","4":"has-post-thumbnail","6":"category-gestionali-per-parrucchieri","7":"tag-cloud","8":"tag-gestionale-per-parrucchieri","9":"tag-piattaforma-gestionale-parrucchieri","10":"tag-programma-gestionali-per-parrucchieri","11":"tag-software-gestionale-per-parrucchieri","12":"tag-soluzione-gestionale-per-parrucchieri","13":"tag-square-appointments"},"wppr_data":{"cwp_meta_box_check":"Yes","cwp_rev_product_name":"","_wppr_review_template":"default","cwp_rev_product_image":"","cwp_image_link":"image","wppr_links":[],"cwp_rev_price":"","wppr_pros":["","","","",""],"wppr_cons":["","","","",""],"wppr_rating":"0.00","wppr_options":{"1":{"name":"Usability","value":"0"},"2":{"name":"Speed","value":"0"},"3":{"name":"Features","value":"0"},"4":{"name":"Support","value":"0"},"5":{"name":"Pricing","value":"0"}},"wppr_review_type":"Product","wppr_review_custom_fields":{"additionalProperty":"","additionalType":"","aggregateRating":"","alternateName":"","audience":"","award":"","awards":"","brand":"","color":"","depth":"","description":"","disambiguatingDescription":"","gtin12":"","gtin13":"","gtin14":"","gtin8":"","height":"","identifier":"","image":"","isAccessoryOrSparePartFor":"","isConsumableFor":"","isRelatedTo":"","isSimilarTo":"","itemCondition":"","logo":"","mainEntityOfPage":"","manufacturer":"","material":"","model":"","mpn":"","name":"","offers":"","potentialAction":"","productID":"","productionDate":"","purchaseDate":"","releaseDate":"","review":"","reviews":"","sameAs":"","sku":"","slogan":"","subjectOf":"","url":"","weight":"","width":""}},"acf":[],"yoast_head":"<!-- This site is optimized with the Yoast SEO plugin v27.4 - https:\/\/yoast.com\/product\/yoast-seo-wordpress\/ -->\n<title>Square Appointments: recensione gestione parrucchieri - Accurate Reviews<\/title>\n<meta name=\"description\" content=\"Square Appointments: recensione soluzione di gestione degli appuntamenti basata su cloud per le prenotazioni appuntamenti e generazione lead\" \/>\n<meta name=\"robots\" content=\"index, follow, max-snippet:-1, max-image-preview:large, max-video-preview:-1\" \/>\n<link rel=\"canonical\" href=\"https:\/\/www.accuratereviews.com\/it\/gestionale-per-parrucchieri\/square-appointments-recensione\/\" \/>\n<meta property=\"og:locale\" content=\"it_IT\" \/>\n<meta property=\"og:type\" content=\"article\" \/>\n<meta property=\"og:title\" content=\"Square Appointments: recensione gestione parrucchieri - Accurate Reviews\" \/>\n<meta property=\"og:description\" content=\"Square Appointments: recensione soluzione di gestione degli appuntamenti basata su cloud per le prenotazioni appuntamenti e generazione lead\" \/>\n<meta property=\"og:url\" content=\"https:\/\/www.accuratereviews.com\/it\/gestionale-per-parrucchieri\/square-appointments-recensione\/\" \/>\n<meta property=\"og:site_name\" content=\"Accurate Reviews\" \/>\n<meta property=\"article:modified_time\" content=\"2024-04-20T10:07:25+00:00\" \/>\n<meta property=\"og:image\" content=\"https:\/\/www.accuratereviews.com\/wp-content\/uploads\/2020\/11\/square-appointments.png\" \/>\n\t<meta property=\"og:image:width\" content=\"600\" \/>\n\t<meta property=\"og:image:height\" content=\"315\" \/>\n\t<meta property=\"og:image:type\" content=\"image\/png\" \/>\n<meta name=\"twitter:card\" content=\"summary_large_image\" \/>\n<meta name=\"twitter:label1\" content=\"Tempo di lettura stimato\" \/>\n\t<meta name=\"twitter:data1\" content=\"5 minuti\" \/>\n<script type=\"application\/ld+json\" class=\"yoast-schema-graph\">{\"@context\":\"https:\\\/\\\/schema.org\",\"@graph\":[{\"@type\":\"WebPage\",\"@id\":\"https:\\\/\\\/www.accuratereviews.com\\\/it\\\/gestionale-per-parrucchieri\\\/square-appointments-recensione\\\/\",\"url\":\"https:\\\/\\\/www.accuratereviews.com\\\/it\\\/gestionale-per-parrucchieri\\\/square-appointments-recensione\\\/\",\"name\":\"Square Appointments: recensione gestione parrucchieri - Accurate Reviews\",\"isPartOf\":{\"@id\":\"https:\\\/\\\/www.accuratereviews.com\\\/it\\\/#website\"},\"primaryImageOfPage\":{\"@id\":\"https:\\\/\\\/www.accuratereviews.com\\\/it\\\/gestionale-per-parrucchieri\\\/square-appointments-recensione\\\/#primaryimage\"},\"image\":{\"@id\":\"https:\\\/\\\/www.accuratereviews.com\\\/it\\\/gestionale-per-parrucchieri\\\/square-appointments-recensione\\\/#primaryimage\"},\"thumbnailUrl\":\"https:\\\/\\\/www.accuratereviews.com\\\/wp-content\\\/uploads\\\/2020\\\/11\\\/square-appointments.png\",\"datePublished\":\"2020-11-27T14:05:47+00:00\",\"dateModified\":\"2024-04-20T10:07:25+00:00\",\"description\":\"Square Appointments: recensione soluzione di gestione degli appuntamenti basata su cloud per le prenotazioni appuntamenti e generazione lead\",\"breadcrumb\":{\"@id\":\"https:\\\/\\\/www.accuratereviews.com\\\/it\\\/gestionale-per-parrucchieri\\\/square-appointments-recensione\\\/#breadcrumb\"},\"inLanguage\":\"it-IT\",\"potentialAction\":[{\"@type\":\"ReadAction\",\"target\":[\"https:\\\/\\\/www.accuratereviews.com\\\/it\\\/gestionale-per-parrucchieri\\\/square-appointments-recensione\\\/\"]}]},{\"@type\":\"ImageObject\",\"inLanguage\":\"it-IT\",\"@id\":\"https:\\\/\\\/www.accuratereviews.com\\\/it\\\/gestionale-per-parrucchieri\\\/square-appointments-recensione\\\/#primaryimage\",\"url\":\"https:\\\/\\\/www.accuratereviews.com\\\/wp-content\\\/uploads\\\/2020\\\/11\\\/square-appointments.png\",\"contentUrl\":\"https:\\\/\\\/www.accuratereviews.com\\\/wp-content\\\/uploads\\\/2020\\\/11\\\/square-appointments.png\",\"width\":600,\"height\":315},{\"@type\":\"BreadcrumbList\",\"@id\":\"https:\\\/\\\/www.accuratereviews.com\\\/it\\\/gestionale-per-parrucchieri\\\/square-appointments-recensione\\\/#breadcrumb\",\"itemListElement\":[{\"@type\":\"ListItem\",\"position\":1,\"name\":\"Home\",\"item\":\"https:\\\/\\\/www.accuratereviews.com\\\/it\\\/\"},{\"@type\":\"ListItem\",\"position\":2,\"name\":\"Gestionale per parrucchieri\",\"item\":\"https:\\\/\\\/www.accuratereviews.com\\\/it\\\/gestionale-per-parrucchieri\\\/\"},{\"@type\":\"ListItem\",\"position\":3,\"name\":\"Square Appointments\"}]},{\"@type\":\"WebSite\",\"@id\":\"https:\\\/\\\/www.accuratereviews.com\\\/it\\\/#website\",\"url\":\"https:\\\/\\\/www.accuratereviews.com\\\/it\\\/\",\"name\":\"Accurate Reviews\",\"description\":\"\",\"potentialAction\":[{\"@type\":\"SearchAction\",\"target\":{\"@type\":\"EntryPoint\",\"urlTemplate\":\"https:\\\/\\\/www.accuratereviews.com\\\/it\\\/?s={search_term_string}\"},\"query-input\":{\"@type\":\"PropertyValueSpecification\",\"valueRequired\":true,\"valueName\":\"search_term_string\"}}],\"inLanguage\":\"it-IT\"}]}<\/script>\n<!-- \/ Yoast SEO plugin. -->","yoast_head_json":{"title":"Square Appointments: recensione gestione parrucchieri - Accurate Reviews","description":"Square Appointments: recensione soluzione di gestione degli appuntamenti basata su cloud per le prenotazioni appuntamenti e generazione lead","robots":{"index":"index","follow":"follow","max-snippet":"max-snippet:-1","max-image-preview":"max-image-preview:large","max-video-preview":"max-video-preview:-1"},"canonical":"https:\/\/www.accuratereviews.com\/it\/gestionale-per-parrucchieri\/square-appointments-recensione\/","og_locale":"it_IT","og_type":"article","og_title":"Square Appointments: recensione gestione parrucchieri - Accurate Reviews","og_description":"Square Appointments: recensione soluzione di gestione degli appuntamenti basata su cloud per le prenotazioni appuntamenti e generazione lead","og_url":"https:\/\/www.accuratereviews.com\/it\/gestionale-per-parrucchieri\/square-appointments-recensione\/","og_site_name":"Accurate Reviews","article_modified_time":"2024-04-20T10:07:25+00:00","og_image":[{"width":600,"height":315,"url":"https:\/\/www.accuratereviews.com\/wp-content\/uploads\/2020\/11\/square-appointments.png","type":"image\/png"}],"twitter_card":"summary_large_image","twitter_misc":{"Tempo di lettura stimato":"5 minuti"},"schema":{"@context":"https:\/\/schema.org","@graph":[{"@type":"WebPage","@id":"https:\/\/www.accuratereviews.com\/it\/gestionale-per-parrucchieri\/square-appointments-recensione\/","url":"https:\/\/www.accuratereviews.com\/it\/gestionale-per-parrucchieri\/square-appointments-recensione\/","name":"Square Appointments: recensione gestione parrucchieri - Accurate Reviews","isPartOf":{"@id":"https:\/\/www.accuratereviews.com\/it\/#website"},"primaryImageOfPage":{"@id":"https:\/\/www.accuratereviews.com\/it\/gestionale-per-parrucchieri\/square-appointments-recensione\/#primaryimage"},"image":{"@id":"https:\/\/www.accuratereviews.com\/it\/gestionale-per-parrucchieri\/square-appointments-recensione\/#primaryimage"},"thumbnailUrl":"https:\/\/www.accuratereviews.com\/wp-content\/uploads\/2020\/11\/square-appointments.png","datePublished":"2020-11-27T14:05:47+00:00","dateModified":"2024-04-20T10:07:25+00:00","description":"Square Appointments: recensione soluzione di gestione degli appuntamenti basata su cloud per le prenotazioni appuntamenti e generazione lead","breadcrumb":{"@id":"https:\/\/www.accuratereviews.com\/it\/gestionale-per-parrucchieri\/square-appointments-recensione\/#breadcrumb"},"inLanguage":"it-IT","potentialAction":[{"@type":"ReadAction","target":["https:\/\/www.accuratereviews.com\/it\/gestionale-per-parrucchieri\/square-appointments-recensione\/"]}]},{"@type":"ImageObject","inLanguage":"it-IT","@id":"https:\/\/www.accuratereviews.com\/it\/gestionale-per-parrucchieri\/square-appointments-recensione\/#primaryimage","url":"https:\/\/www.accuratereviews.com\/wp-content\/uploads\/2020\/11\/square-appointments.png","contentUrl":"https:\/\/www.accuratereviews.com\/wp-content\/uploads\/2020\/11\/square-appointments.png","width":600,"height":315},{"@type":"BreadcrumbList","@id":"https:\/\/www.accuratereviews.com\/it\/gestionale-per-parrucchieri\/square-appointments-recensione\/#breadcrumb","itemListElement":[{"@type":"ListItem","position":1,"name":"Home","item":"https:\/\/www.accuratereviews.com\/it\/"},{"@type":"ListItem","position":2,"name":"Gestionale per parrucchieri","item":"https:\/\/www.accuratereviews.com\/it\/gestionale-per-parrucchieri\/"},{"@type":"ListItem","position":3,"name":"Square Appointments"}]},{"@type":"WebSite","@id":"https:\/\/www.accuratereviews.com\/it\/#website","url":"https:\/\/www.accuratereviews.com\/it\/","name":"Accurate Reviews","description":"","potentialAction":[{"@type":"SearchAction","target":{"@type":"EntryPoint","urlTemplate":"https:\/\/www.accuratereviews.com\/it\/?s={search_term_string}"},"query-input":{"@type":"PropertyValueSpecification","valueRequired":true,"valueName":"search_term_string"}}],"inLanguage":"it-IT"}]}},"_links":{"self":[{"href":"https:\/\/www.accuratereviews.com\/it\/wp-json\/wp\/v2\/pages\/32979","targetHints":{"allow":["GET"]}}],"collection":[{"href":"https:\/\/www.accuratereviews.com\/it\/wp-json\/wp\/v2\/pages"}],"about":[{"href":"https:\/\/www.accuratereviews.com\/it\/wp-json\/wp\/v2\/types\/page"}],"author":[{"embeddable":true,"href":"https:\/\/www.accuratereviews.com\/it\/wp-json\/wp\/v2\/users\/19"}],"replies":[{"embeddable":true,"href":"https:\/\/www.accuratereviews.com\/it\/wp-json\/wp\/v2\/comments?post=32979"}],"version-history":[{"count":14,"href":"https:\/\/www.accuratereviews.com\/it\/wp-json\/wp\/v2\/pages\/32979\/revisions"}],"predecessor-version":[{"id":76057,"href":"https:\/\/www.accuratereviews.com\/it\/wp-json\/wp\/v2\/pages\/32979\/revisions\/76057"}],"up":[{"embeddable":true,"href":"https:\/\/www.accuratereviews.com\/it\/wp-json\/wp\/v2\/pages\/33071"}],"wp:featuredmedia":[{"embeddable":true,"href":"https:\/\/www.accuratereviews.com\/it\/wp-json\/wp\/v2\/media\/32981"}],"wp:attachment":[{"href":"https:\/\/www.accuratereviews.com\/it\/wp-json\/wp\/v2\/media?parent=32979"}],"wp:term":[{"taxonomy":"category","embeddable":true,"href":"https:\/\/www.accuratereviews.com\/it\/wp-json\/wp\/v2\/categories?post=32979"},{"taxonomy":"post_tag","embeddable":true,"href":"https:\/\/www.accuratereviews.com\/it\/wp-json\/wp\/v2\/tags?post=32979"},{"taxonomy":"features","embeddable":true,"href":"https:\/\/www.accuratereviews.com\/it\/wp-json\/wp\/v2\/features?post=32979"}],"curies":[{"name":"wp","href":"https:\/\/api.w.org\/{rel}","templated":true}]}}