{"id":32993,"date":"2020-11-27T14:08:11","date_gmt":"2020-11-27T14:08:11","guid":{"rendered":"https:\/\/www.accuratereviews.com\/?page_id=32993"},"modified":"2020-11-30T12:07:32","modified_gmt":"2020-11-30T12:07:32","slug":"zenoti-recensione","status":"publish","type":"page","link":"https:\/\/www.accuratereviews.com\/it\/gestionale-per-parrucchieri\/zenoti-recensione\/","title":{"rendered":"Zenoti"},"content":{"rendered":"<p><strong>Zenoti<\/strong> \u00e8 una <strong>soluzione aziendale<\/strong> basata su <strong>cloud<\/strong> utilizzata da spa, saloni, centri termali, centri di yoga e fitness di tutte le dimensioni. <span class=\"JLqJ4b ChMk0b\" data-language-for-alternatives=\"it\" data-language-to-translate-into=\"en\" data-phrase-index=\"1\">La piattaforma include pianificazione degli appuntamenti, fatturazione, marketing, inventario e rapporti configurabili. Sono disponibili anche app mobili.<span class=\"JLqJ4b\" data-language-for-alternatives=\"it\" data-language-to-translate-into=\"en\" data-phrase-index=\"3\"><strong> Zenoti<\/strong> fornisce una suite di strumenti di front desk e back office. Gli utenti possono gestire le operazioni aziendali in un salone o pi\u00f9 sedi da un&#8217;unica interfaccia. I manager hanno accesso alla pianificazione in tempo reale, alle proiezioni dei ricavi e agli avvisi. Le funzionalit\u00e0 POS mobili consentono ai dipendenti di prenotare appuntamenti e di effettuare vendite utilizzando un tablet da qualsiasi punto del negozio. Il modulo CRM mantiene un unico profilo per ogni cliente accessibile da tutte le posizioni, il che rende possibile supportare i rimborsi di abbonamenti, pacchetti e buoni regalo.<\/span><\/span><\/p>\n<h2>ZENOTI &#8211; TUTORIAL<\/h2>\n<p>Guardiamo come sfruttare le funzioni di questo <strong>software gestionale per parrucchieri:<\/strong><\/p>\n<div id=\"fluid-wrapper-counter-1\" class=\"g1-fluid-wrapper \" style=\"width:686px;\">\n<div style=\"padding-bottom:56.268221574344%;\"><iframe loading=\"lazy\" title=\"Zenoti Online Booking\" width=\"686\" height=\"386\" src=\"https:\/\/www.youtube.com\/embed\/TIx9DN_YirE?feature=oembed&amp;wmode=transparent&amp;autohide=1&amp;autoplay=0&amp;disablekb=0&amp;fs=1&amp;loop=0&amp;enablejsapi=1&amp;rel=0&amp;controls=2&amp;showinfo=0&amp;wmode=transparent&amp;autohide=2&amp;autoplay=0&amp;disablekb=0&amp;fs=1&amp;loop=0&amp;enablejsapi=1&amp;rel=0&amp;controls=2&amp;showinfo=1\" frameborder=\"0\" allow=\"accelerometer; autoplay; clipboard-write; encrypted-media; gyroscope; picture-in-picture\" allowfullscreen><\/iframe><\/div>\n<\/div>\n<p>&nbsp;<\/p>\n<h3>ZENOTI &#8211; CARATTERISTICHE<\/h3>\n<ul>\n<li><strong>Software per la prenotazione degli appuntamenti facile e intelligente<\/strong>: veloce e facile da usare per il personale della reception<\/li>\n<li><strong>Prenota da qualsiasi luogo<\/strong>: le opzioni di prenotazione creano opzioni facili e convenienti per i tuoi ospiti, permettendoti di fornire un&#8217;esperienza coerente e personalizzata per i tuoi clienti sia che prenotino il loro appuntamento online, tramite l&#8217;app o chiamino un call center o direttamente sul posto presso la reception<\/li>\n<li>\u00a0<strong>Zenoti Go per una moderna esperienza di check-in automatico<\/strong>: nuovo sistema mobile completo di check-in e check-out automatico per gli ospiti<\/li>\n<li>\u00a0<strong>Un sistema POS di nuova generazione<\/strong>: fatturazione e pagamenti che forniscono un&#8217;esperienza di pagamento pi\u00f9 rapida e fluida per i tuoi clienti e il tuo personale<\/li>\n<li>\u00a0<strong>Zenoti Analytics ti porta dai dati a decisioni attuabili<\/strong>: avrai sempre accesso a report e dashboard aggiornati e precisi, senza lo sforzo manuale di raccogliere i tuoi dati al di fuori del sistema. Le dashboard includono filtri e funzionalit\u00e0 di drill-down, quindi \u00e8 facile passare da visualizzazioni a livello di organizzazione a report a livello regionale o centrale<\/li>\n<\/ul>\n<h4>LE RECENSIONI DEGLI UTENTI<\/h4>\n<h4 class=\"font-weight-bold mb-1 d-flex align-items-center\">Melissa B.\u00a0&#8220;Zenoti ha TUTTE le caratteristiche !!!&#8221;<\/h4>\n<p><strong>Commenti: <\/strong>Le squadre a me assegnate sono state molto gentili, pazienti e di grande aiuto.<\/p>\n<p><strong>Vantaggi: <\/strong>Stavamo cercando un software per gestire le nostre iscrizioni alla spa e Zenoti ha tutte le funzionalit\u00e0 che stavamo cercando, e molto altro ancora. Il nostro team ama la facilit\u00e0 e la flessibilit\u00e0 della configurazione dell&#8217;appuntamento e del checkout del cliente.<br \/>\nIl sistema tiene traccia di tutti i tipi di serie di clienti, punti fedelt\u00e0 e una variet\u00e0 di abbonamenti. Inoltre il cliente pu\u00f2 accedere al proprio account e vedere la propria storia passata e i punti.\u00a0Zenoti ha portato pi\u00f9 facilit\u00e0 e funzionalit\u00e0 nella nostra attivit\u00e0, sia per la direzione che per il personale.<\/p>\n<p><strong>Inconvenienti: <\/strong>Dal momento che la nostra azienda non \u00e8 stata costituita in fogli di calcolo prima di Zenoti, e non essendo una persona esperta di tecnologia per natura, ho trovato il trasferimento di informazioni un po &#8216;dispendioso in termini di tempo. Tuttavia, se posso farlo io, chiunque pu\u00f2 :) e ne vale la pena!<\/p>\n<h4 class=\"font-weight-bold mb-1 d-flex align-items-center\">Jessica M.&#8221;Cambio di gioco!&#8221;<\/h4>\n<p><strong>Commenti: <\/strong>Eccellente servizio clienti. Una buona esperienza utente da parte dei nostri ospiti. Ha cos\u00ec tanto spazio per crescere con noi e aggiungere funzionalit\u00e0 che stiamo sognando. Non \u00e8 solo un buon programma per gli appuntamenti dei clienti e il POS, ma \u00e8 anche fantastico per la documentazione delle schede attivit\u00e0 e i rapporti per le buste paga.<\/p>\n<p><strong>Vantaggi: <\/strong>Questo programma pu\u00f2 evolversi con le nostre esigenze. \u00c8 personalizzabile! Non posso nemmeno dirti che boccata d&#8217;aria fresca proviene dall&#8217;utilizzo di un programma preconfezionato. Non torner\u00f2 mai pi\u00f9 indietro<\/p>\n<p><strong>Inconvenienti: <\/strong>Ha cos\u00ec tante funzionalit\u00e0 che mi ci sono voluti un paio di anni per imparare davvero cosa pu\u00f2 fare e sono sicuro che ci sia molto di pi\u00f9. Questa non \u00e8 una brutta cosa, \u00e8 solo quello che mi \u00e8 piaciuto di meno in quanto \u00e8 una curva di apprendimento. \u00c8 un po&#8217; difficile da usare all&#8217;inizio ma devi essere paziente.<\/p>\n<h4 class=\"font-weight-bold mb-1 d-flex align-items-center\">Charlie C.&#8221;Ottimo per gestire pi\u00f9 parrucchieri&#8221;<\/h4>\n<p><strong>Commenti: <\/strong>In qualit\u00e0 di manager aziendale, ho una maggiore supervisione dell&#8217;andamento dell&#8217;attivit\u00e0 e sono anche in grado di supportare meglio i miei team. \u00c8 solo l&#8217;inizio dell&#8217;utilizzo del software, ma finora l&#8217;esperienza \u00e8 stata molto buona. Sono anche estremamente impressionato dal team che ha impostato il software, hanno lavorato instancabilmente per rispettare le scadenze e hanno comunicato molto bene durante tutto il tempo &#8211; mi piace che invitano i clienti a Basecamp per una comunicazione trasparente<\/p>\n<p><strong>Vantaggi: <\/strong>Il nostro obiettivo numero uno era passare a un prodotto basato su cloud per l&#8217;accesso remoto e centralizzare i nostri dati. A questo proposito ha avuto molto successo e il team Zenoti \u00e8 stato brillante nell&#8217;importare e fondere tutti i nostri servizi e prodotti. Penso che la sezione dell&#8217;inventario del software funzioner\u00e0 molto bene per noi, ci aiuter\u00e0 a risparmiare tempo nell&#8217;ordinare e a rendere le registrazioni pi\u00f9 accurate. Anche la prenotazione \u00e8 molto buona.<\/p>\n<p><strong>Inconvenienti: <\/strong>Ritengo che la pianificazione potrebbe essere migliore, in modo che sia pi\u00f9 facile per i dipendenti lavorare in siti diversi e per le persone che lavorano in altri ruoli (come i formatori) \u00e8 ancora possibile programmare e registrare le ore lavorate.<\/p>\n","protected":false},"excerpt":{"rendered":"<p>Zenoti \u00e8 una soluzione aziendale basata su cloud utilizzata da spa, saloni, centri termali, centri di yoga e fitness di tutte le dimensioni. La piattaforma include pianificazione degli appuntamenti, fatturazione, marketing, inventario e rapporti configurabili. Sono disponibili anche app mobili.<\/p>\n","protected":false},"author":19,"featured_media":32996,"parent":33071,"menu_order":0,"comment_status":"open","ping_status":"closed","template":"g1_template_page_review_new.php","meta":{"_acf_changed":false,"cwp_meta_box_check":"Yes","cwp_rev_product_name":"","cwp_rev_product_image":"","wppr_links":[],"cwp_rev_price":"","wppr_options":[],"wppr_pros":[],"wppr_cons":[],"_monsterinsights_skip_tracking":false,"_monsterinsights_sitenote_active":false,"_monsterinsights_sitenote_note":"","_monsterinsights_sitenote_category":0,"footnotes":""},"categories":[4186],"tags":[396,4187,4196,4195,4189,4188,4269],"features":[],"class_list":{"0":"post-32993","1":"page","2":"type-page","3":"status-publish","4":"has-post-thumbnail","6":"category-gestionali-per-parrucchieri","7":"tag-cloud","8":"tag-gestionale-per-parrucchieri","9":"tag-piattaforma-gestionale-per-parrucchieri","10":"tag-programma-gestionale-per-parrucchieri","11":"tag-software-gestionale-per-parrucchieri","12":"tag-soluzione-gestionale-per-parrucchieri","13":"tag-zenoti"},"wppr_data":{"cwp_meta_box_check":"Yes","cwp_rev_product_name":"","cwp_rev_product_image":"","cwp_image_link":"image","cwp_rev_price":"","wppr_rating":"0.00"},"acf":[],"yoast_head":"<!-- This site is optimized with the Yoast SEO plugin v27.4 - https:\/\/yoast.com\/product\/yoast-seo-wordpress\/ -->\n<title>Zenoti: recensione software gestionale per parrucchieri - Accurate Reviews<\/title>\n<meta name=\"description\" content=\"Zenoti: recensione soluzione aziendale basata su cloud utilizzata da spa, saloni, centri termali e yoga e fitness di tutte le dimensioni.\" \/>\n<meta name=\"robots\" content=\"index, follow, max-snippet:-1, max-image-preview:large, max-video-preview:-1\" \/>\n<link rel=\"canonical\" href=\"https:\/\/www.accuratereviews.com\/it\/gestionale-per-parrucchieri\/zenoti-recensione\/\" \/>\n<meta property=\"og:locale\" content=\"it_IT\" \/>\n<meta property=\"og:type\" content=\"article\" \/>\n<meta property=\"og:title\" content=\"Zenoti: recensione software gestionale per parrucchieri - Accurate Reviews\" \/>\n<meta property=\"og:description\" content=\"Zenoti: recensione soluzione aziendale basata su cloud utilizzata da spa, saloni, centri termali e yoga e fitness di tutte le dimensioni.\" \/>\n<meta property=\"og:url\" content=\"https:\/\/www.accuratereviews.com\/it\/gestionale-per-parrucchieri\/zenoti-recensione\/\" \/>\n<meta property=\"og:site_name\" content=\"Accurate Reviews\" \/>\n<meta property=\"article:modified_time\" content=\"2020-11-30T12:07:32+00:00\" \/>\n<meta property=\"og:image\" content=\"https:\/\/www.accuratereviews.com\/wp-content\/uploads\/2020\/11\/zenoti.jpg\" \/>\n\t<meta property=\"og:image:width\" content=\"1024\" \/>\n\t<meta property=\"og:image:height\" content=\"512\" \/>\n\t<meta property=\"og:image:type\" content=\"image\/jpeg\" \/>\n<meta name=\"twitter:card\" content=\"summary_large_image\" \/>\n<meta name=\"twitter:label1\" content=\"Tempo di lettura stimato\" \/>\n\t<meta name=\"twitter:data1\" content=\"4 minuti\" \/>\n<script type=\"application\/ld+json\" class=\"yoast-schema-graph\">{\"@context\":\"https:\\\/\\\/schema.org\",\"@graph\":[{\"@type\":\"WebPage\",\"@id\":\"https:\\\/\\\/www.accuratereviews.com\\\/it\\\/gestionale-per-parrucchieri\\\/zenoti-recensione\\\/\",\"url\":\"https:\\\/\\\/www.accuratereviews.com\\\/it\\\/gestionale-per-parrucchieri\\\/zenoti-recensione\\\/\",\"name\":\"Zenoti: recensione software gestionale per parrucchieri - Accurate Reviews\",\"isPartOf\":{\"@id\":\"https:\\\/\\\/www.accuratereviews.com\\\/it\\\/#website\"},\"primaryImageOfPage\":{\"@id\":\"https:\\\/\\\/www.accuratereviews.com\\\/it\\\/gestionale-per-parrucchieri\\\/zenoti-recensione\\\/#primaryimage\"},\"image\":{\"@id\":\"https:\\\/\\\/www.accuratereviews.com\\\/it\\\/gestionale-per-parrucchieri\\\/zenoti-recensione\\\/#primaryimage\"},\"thumbnailUrl\":\"https:\\\/\\\/www.accuratereviews.com\\\/wp-content\\\/uploads\\\/2020\\\/11\\\/zenoti.jpg\",\"datePublished\":\"2020-11-27T14:08:11+00:00\",\"dateModified\":\"2020-11-30T12:07:32+00:00\",\"description\":\"Zenoti: recensione soluzione aziendale basata su cloud utilizzata da spa, saloni, centri termali e yoga e fitness di tutte le dimensioni.\",\"breadcrumb\":{\"@id\":\"https:\\\/\\\/www.accuratereviews.com\\\/it\\\/gestionale-per-parrucchieri\\\/zenoti-recensione\\\/#breadcrumb\"},\"inLanguage\":\"it-IT\",\"potentialAction\":[{\"@type\":\"ReadAction\",\"target\":[\"https:\\\/\\\/www.accuratereviews.com\\\/it\\\/gestionale-per-parrucchieri\\\/zenoti-recensione\\\/\"]}]},{\"@type\":\"ImageObject\",\"inLanguage\":\"it-IT\",\"@id\":\"https:\\\/\\\/www.accuratereviews.com\\\/it\\\/gestionale-per-parrucchieri\\\/zenoti-recensione\\\/#primaryimage\",\"url\":\"https:\\\/\\\/www.accuratereviews.com\\\/wp-content\\\/uploads\\\/2020\\\/11\\\/zenoti.jpg\",\"contentUrl\":\"https:\\\/\\\/www.accuratereviews.com\\\/wp-content\\\/uploads\\\/2020\\\/11\\\/zenoti.jpg\",\"width\":1024,\"height\":512},{\"@type\":\"BreadcrumbList\",\"@id\":\"https:\\\/\\\/www.accuratereviews.com\\\/it\\\/gestionale-per-parrucchieri\\\/zenoti-recensione\\\/#breadcrumb\",\"itemListElement\":[{\"@type\":\"ListItem\",\"position\":1,\"name\":\"Home\",\"item\":\"https:\\\/\\\/www.accuratereviews.com\\\/it\\\/\"},{\"@type\":\"ListItem\",\"position\":2,\"name\":\"Gestionale per parrucchieri\",\"item\":\"https:\\\/\\\/www.accuratereviews.com\\\/it\\\/gestionale-per-parrucchieri\\\/\"},{\"@type\":\"ListItem\",\"position\":3,\"name\":\"Zenoti\"}]},{\"@type\":\"WebSite\",\"@id\":\"https:\\\/\\\/www.accuratereviews.com\\\/it\\\/#website\",\"url\":\"https:\\\/\\\/www.accuratereviews.com\\\/it\\\/\",\"name\":\"Accurate Reviews\",\"description\":\"\",\"potentialAction\":[{\"@type\":\"SearchAction\",\"target\":{\"@type\":\"EntryPoint\",\"urlTemplate\":\"https:\\\/\\\/www.accuratereviews.com\\\/it\\\/?s={search_term_string}\"},\"query-input\":{\"@type\":\"PropertyValueSpecification\",\"valueRequired\":true,\"valueName\":\"search_term_string\"}}],\"inLanguage\":\"it-IT\"}]}<\/script>\n<!-- \/ Yoast SEO plugin. -->","yoast_head_json":{"title":"Zenoti: recensione software gestionale per parrucchieri - Accurate Reviews","description":"Zenoti: recensione soluzione aziendale basata su cloud utilizzata da spa, saloni, centri termali e yoga e fitness di tutte le dimensioni.","robots":{"index":"index","follow":"follow","max-snippet":"max-snippet:-1","max-image-preview":"max-image-preview:large","max-video-preview":"max-video-preview:-1"},"canonical":"https:\/\/www.accuratereviews.com\/it\/gestionale-per-parrucchieri\/zenoti-recensione\/","og_locale":"it_IT","og_type":"article","og_title":"Zenoti: recensione software gestionale per parrucchieri - Accurate Reviews","og_description":"Zenoti: recensione soluzione aziendale basata su cloud utilizzata da spa, saloni, centri termali e yoga e fitness di tutte le dimensioni.","og_url":"https:\/\/www.accuratereviews.com\/it\/gestionale-per-parrucchieri\/zenoti-recensione\/","og_site_name":"Accurate Reviews","article_modified_time":"2020-11-30T12:07:32+00:00","og_image":[{"width":1024,"height":512,"url":"https:\/\/www.accuratereviews.com\/wp-content\/uploads\/2020\/11\/zenoti.jpg","type":"image\/jpeg"}],"twitter_card":"summary_large_image","twitter_misc":{"Tempo di lettura stimato":"4 minuti"},"schema":{"@context":"https:\/\/schema.org","@graph":[{"@type":"WebPage","@id":"https:\/\/www.accuratereviews.com\/it\/gestionale-per-parrucchieri\/zenoti-recensione\/","url":"https:\/\/www.accuratereviews.com\/it\/gestionale-per-parrucchieri\/zenoti-recensione\/","name":"Zenoti: recensione software gestionale per parrucchieri - Accurate Reviews","isPartOf":{"@id":"https:\/\/www.accuratereviews.com\/it\/#website"},"primaryImageOfPage":{"@id":"https:\/\/www.accuratereviews.com\/it\/gestionale-per-parrucchieri\/zenoti-recensione\/#primaryimage"},"image":{"@id":"https:\/\/www.accuratereviews.com\/it\/gestionale-per-parrucchieri\/zenoti-recensione\/#primaryimage"},"thumbnailUrl":"https:\/\/www.accuratereviews.com\/wp-content\/uploads\/2020\/11\/zenoti.jpg","datePublished":"2020-11-27T14:08:11+00:00","dateModified":"2020-11-30T12:07:32+00:00","description":"Zenoti: recensione soluzione aziendale basata su cloud utilizzata da spa, saloni, centri termali e yoga e fitness di tutte le dimensioni.","breadcrumb":{"@id":"https:\/\/www.accuratereviews.com\/it\/gestionale-per-parrucchieri\/zenoti-recensione\/#breadcrumb"},"inLanguage":"it-IT","potentialAction":[{"@type":"ReadAction","target":["https:\/\/www.accuratereviews.com\/it\/gestionale-per-parrucchieri\/zenoti-recensione\/"]}]},{"@type":"ImageObject","inLanguage":"it-IT","@id":"https:\/\/www.accuratereviews.com\/it\/gestionale-per-parrucchieri\/zenoti-recensione\/#primaryimage","url":"https:\/\/www.accuratereviews.com\/wp-content\/uploads\/2020\/11\/zenoti.jpg","contentUrl":"https:\/\/www.accuratereviews.com\/wp-content\/uploads\/2020\/11\/zenoti.jpg","width":1024,"height":512},{"@type":"BreadcrumbList","@id":"https:\/\/www.accuratereviews.com\/it\/gestionale-per-parrucchieri\/zenoti-recensione\/#breadcrumb","itemListElement":[{"@type":"ListItem","position":1,"name":"Home","item":"https:\/\/www.accuratereviews.com\/it\/"},{"@type":"ListItem","position":2,"name":"Gestionale per parrucchieri","item":"https:\/\/www.accuratereviews.com\/it\/gestionale-per-parrucchieri\/"},{"@type":"ListItem","position":3,"name":"Zenoti"}]},{"@type":"WebSite","@id":"https:\/\/www.accuratereviews.com\/it\/#website","url":"https:\/\/www.accuratereviews.com\/it\/","name":"Accurate Reviews","description":"","potentialAction":[{"@type":"SearchAction","target":{"@type":"EntryPoint","urlTemplate":"https:\/\/www.accuratereviews.com\/it\/?s={search_term_string}"},"query-input":{"@type":"PropertyValueSpecification","valueRequired":true,"valueName":"search_term_string"}}],"inLanguage":"it-IT"}]}},"_links":{"self":[{"href":"https:\/\/www.accuratereviews.com\/it\/wp-json\/wp\/v2\/pages\/32993","targetHints":{"allow":["GET"]}}],"collection":[{"href":"https:\/\/www.accuratereviews.com\/it\/wp-json\/wp\/v2\/pages"}],"about":[{"href":"https:\/\/www.accuratereviews.com\/it\/wp-json\/wp\/v2\/types\/page"}],"author":[{"embeddable":true,"href":"https:\/\/www.accuratereviews.com\/it\/wp-json\/wp\/v2\/users\/19"}],"replies":[{"embeddable":true,"href":"https:\/\/www.accuratereviews.com\/it\/wp-json\/wp\/v2\/comments?post=32993"}],"version-history":[{"count":7,"href":"https:\/\/www.accuratereviews.com\/it\/wp-json\/wp\/v2\/pages\/32993\/revisions"}],"predecessor-version":[{"id":33008,"href":"https:\/\/www.accuratereviews.com\/it\/wp-json\/wp\/v2\/pages\/32993\/revisions\/33008"}],"up":[{"embeddable":true,"href":"https:\/\/www.accuratereviews.com\/it\/wp-json\/wp\/v2\/pages\/33071"}],"wp:featuredmedia":[{"embeddable":true,"href":"https:\/\/www.accuratereviews.com\/it\/wp-json\/wp\/v2\/media\/32996"}],"wp:attachment":[{"href":"https:\/\/www.accuratereviews.com\/it\/wp-json\/wp\/v2\/media?parent=32993"}],"wp:term":[{"taxonomy":"category","embeddable":true,"href":"https:\/\/www.accuratereviews.com\/it\/wp-json\/wp\/v2\/categories?post=32993"},{"taxonomy":"post_tag","embeddable":true,"href":"https:\/\/www.accuratereviews.com\/it\/wp-json\/wp\/v2\/tags?post=32993"},{"taxonomy":"features","embeddable":true,"href":"https:\/\/www.accuratereviews.com\/it\/wp-json\/wp\/v2\/features?post=32993"}],"curies":[{"name":"wp","href":"https:\/\/api.w.org\/{rel}","templated":true}]}}