{"id":33042,"date":"2020-11-30T12:29:46","date_gmt":"2020-11-30T12:29:46","guid":{"rendered":"https:\/\/www.accuratereviews.com\/?page_id=33042"},"modified":"2021-02-10T14:31:32","modified_gmt":"2021-02-10T14:31:32","slug":"zoho-inventory-recensione","status":"publish","type":"page","link":"https:\/\/www.accuratereviews.com\/it\/piattaforme-di-dropshipping\/zoho-inventory-recensione\/","title":{"rendered":"Zoho Inventory"},"content":{"rendered":"<p><strong>Zoho Inventory<\/strong> \u00e8 uno strumento della suite di produttivit\u00e0 avanzata di Zoho che consente alle aziende di automatizzare la gestione degli ordini e dell&#8217;inventario e di tenere traccia della consegna al fine di prendere decisioni aziendali intelligenti. \u00c8 adatto per attivit\u00e0 di ecommerce di tutte le dimensioni e rami ed \u00e8 integrato con rivenditori cloud e sistemi di spedizione popolari. Lo schema dei prezzi \u00e8 flessibile e i piani sono progettati a prezzi accessibili per soddisfare le esigenze delle startup e di grandi aziende. Il software offre un monitoraggio end-to-end, che segue l&#8217;inventario dal momento in cui \u00e8 stato ordinato fino al momento finale della consegna. Fornisce anche il monitoraggio mobile, sia per dispositivi Android che iOS. La soluzione include potenti kit di analisi e reportistica e funzionalit\u00e0 pronte all&#8217;uso come il rifornimento delle scorte, evasione e gestione completa degli ordini, fatturazione, diversi canali di vendita e molto altro.<\/p>\n<h2>ZOHO INVENTORY &#8211; TUTORIAL<\/h2>\n<p>Guarda come \u00e8 semplice tenere traccia di tutte le tue vendite e ordini di acquisto drop-ship, tutto in un unico posto:<\/p>\n<div id=\"fluid-wrapper-counter-1\" class=\"g1-fluid-wrapper \" style=\"width:686px;\">\n<div style=\"padding-bottom:56.268221574344%;\"><iframe loading=\"lazy\" title=\"Drop Shipment | Zoho Inventory\" width=\"686\" height=\"386\" src=\"https:\/\/www.youtube.com\/embed\/p0l2R5xNVMQ?feature=oembed&amp;wmode=transparent&amp;autohide=1&amp;autoplay=0&amp;disablekb=0&amp;fs=1&amp;loop=0&amp;enablejsapi=1&amp;rel=0&amp;controls=2&amp;showinfo=0&amp;wmode=transparent&amp;autohide=2&amp;autoplay=0&amp;disablekb=0&amp;fs=1&amp;loop=0&amp;enablejsapi=1&amp;rel=0&amp;controls=2&amp;showinfo=1\" frameborder=\"0\" allow=\"accelerometer; autoplay; clipboard-write; encrypted-media; gyroscope; picture-in-picture\" allowfullscreen><\/iframe><\/div>\n<\/div>\n<h3>ZOHO INVENTORY &#8211; CARATTERISTICHE<\/h3>\n<ul>\n<li><strong>Raggruppamento di articoli<\/strong>: crea categorie in base agli attributi e personalizza i pacchetti per le migliori vendite i<\/li>\n<li><strong>Gestione multi magazzino:<\/strong> amministra lo stock in pi\u00f9 sedi e tieni traccia dei trasferimenti tra magazzini senza sforzo. La funzione di tracciamento del numero di serie e di lotto garantisce che il movimento di ogni unit\u00e0 nel tuo inventario sia tracciato e la data di scadenza di ogni lotto sia monitorata<\/li>\n<li><strong>Monitoraggio seriale e batch<\/strong>: tieni traccia del movimento di ogni articolo o controlla le date di scadenza del lotto con codici identificativi univoci<\/li>\n<li><strong>Gestione degli ordini di vendita<\/strong>: converti un ordine cliente in una fattura, invialo tramite email e monitora il suo stato senza problemi<\/li>\n<li><strong>Genera documenti di trasporto:<\/strong> ottieni tariffe di spedizione in tempo reale e stampa etichette nel tuo formato preferito<\/li>\n<li><strong>Listini prezzi fornitori:<\/strong> crea listini prezzi per fornitori regolari e aggiorna i prezzi automaticamente<\/li>\n<li><strong>Ordine di acquisto e soluzione di fatturazione:<\/strong> mantieni la cronologia degli ordini di acquisto, tieni traccia delle fatture non pagate e crea buoni rapporti con i tuoi fornitori<\/li>\n<li><strong>Post-spedizione<\/strong>: tieni informati i clienti inviando loro aggiornamenti in tempo reale dopo che i loro ordini sono stati spediti dal tuo negozio<\/li>\n<li><strong>Flessibilit\u00e0<\/strong>: si integra il tuo account con Amazon, Shopify, Etsy ed eBay ed espandi il tuo business online<\/li>\n<li><strong>CRM integrato<\/strong>: tutti i lead generati dalla soluzione vengono aggiunti automaticamente nel programma. Quindi, mantieni la relazione con il cliente e le informazioni sugli articoli, tutto in un unico posto<\/li>\n<li><strong>Reportistica e analisi:<\/strong> genera report con un clic di un pulsante e ottieni informazioni migliori sulle prestazioni della tua azienda<\/li>\n<\/ul>\n<h4>LE RECENSIONI DEGLI UTENTI<\/h4>\n<h4 class=\"font-weight-bold mb-1 d-flex align-items-center\">Whitney S.&#8221;Il mio salvatore quotidiano&#8221;<\/h4>\n<p><strong>Vantaggi: <\/strong>Le funzionalit\u00e0 di tracciamento migliorate sono ci\u00f2 che mi ha portato a Zoho Inventory, ma ora ne usiamo ogni parte.<\/p>\n<p><strong>Inconvenienti: <\/strong>L&#8217;aggiornamento delle immagini dei prodotti richiede un po &#8216;di tempo.<\/p>\n<h4 class=\"font-weight-bold mb-1 d-flex align-items-center\">Jeff C.&#8221;Quasi l\u00ec&#8221;<\/h4>\n<p><strong>Commenti: <\/strong>Ci ha aiutato con il nostro inventario, preventivi e ordini di vendita. Alla fine \u00e8 passato a un altro prodotto con un maggiore controllo sulle unit\u00e0 di vendita e sui modelli.<\/p>\n<p><strong>Vantaggi: <\/strong>Facilit\u00e0 di utilizzo, accesso online, costo. Semplice da implementare. Rapporti informativi.<\/p>\n<p><strong>Inconvenienti: <\/strong>Per vendere come unit\u00e0 diverse \u00e8 stato necessario creare un codice articolo diverso e raggruppare \/ separare. Vorrei un maggiore controllo sui modelli: quelli incorporati occupano troppe pagine quando sono numerosi gli elementi. Per cercare durante la digitazione devi sapere come viene chiamato un elemento.<\/p>\n<h4 class=\"font-weight-bold mb-1 d-flex align-items-center\">John P.&#8221;Le mie vendite, spedizione e contabilit\u00e0 sono integrate in un&#8217;unica piattaforma&#8221;<\/h4>\n<p><strong>Commenti: <\/strong>Se non ho inventario sufficiente per spedire un ordine di vendita completo, posso effettuare spedizioni parziali. Quando viene aggiunto un nuovo inventario, posso tornare indietro per vedere cosa devo spedire per completare quella spedizione parziale<\/p>\n<p><strong>Vantaggi: <\/strong>Posso effettuare spedizioni direttamente dal mio ordine di vendita. Integra il software di spedizione pitney bowes, quindi posso spedire USPS di prima classe e priorit\u00e0 senza dover lasciare la piattaforma ZOHO<\/p>\n<p><strong>Inconvenienti: <\/strong>Vorrei che avessero piani per aziende pi\u00f9 piccole. Abbiamo solo bisogno di due utenti, ma il piano che offrono per passare da un utente a pi\u00f9 utenti \u00e8 4-5 volte l&#8217;importo che paghiamo per 1 utente. Semplicemente non ha senso economico pagare 5 volte l&#8217;importo solo per aggiungere un altro utente.<\/p>\n","protected":false},"excerpt":{"rendered":"<p>Zoho Inventory \u00e8 uno strumento della suite di produttivit\u00e0 avanzata di Zoho che consente alle aziende di automatizzare la gestione degli ordini e dell&#8217;inventario e di tenere traccia della consegna al fine di prendere decisioni aziendali intelligenti. \u00c8 adatto per attivit\u00e0 di ecommerce di tutte le dimensioni e rami ed \u00e8 integrato con rivenditori cloud e sistemi di spedizione popolari.<\/p>\n","protected":false},"author":19,"featured_media":33043,"parent":36249,"menu_order":0,"comment_status":"open","ping_status":"closed","template":"g1_template_page_review_new.php","meta":{"_acf_changed":false,"cwp_meta_box_check":"Yes","cwp_rev_product_name":"","cwp_rev_product_image":"","wppr_links":[],"cwp_rev_price":"","wppr_options":[],"wppr_pros":[],"wppr_cons":[],"_monsterinsights_skip_tracking":false,"_monsterinsights_sitenote_active":false,"_monsterinsights_sitenote_note":"","_monsterinsights_sitenote_category":0,"footnotes":""},"categories":[4285],"tags":[396,4286,4290,4287,4288,4289,4291],"features":[],"class_list":{"0":"post-33042","1":"page","2":"type-page","3":"status-publish","4":"has-post-thumbnail","6":"category-piattaforme-di-dropshipping-categoria","7":"tag-cloud","8":"tag-piattaforme-di-dropshipping","9":"tag-programma-di-dropshipping","10":"tag-software-di-dropshipping","11":"tag-soluzione-di-dropshipping","12":"tag-tracciabilita-consegne","13":"tag-zoho-inventory"},"wppr_data":{"cwp_meta_box_check":"Yes","cwp_rev_product_name":"","cwp_rev_product_image":"","cwp_image_link":"image","cwp_rev_price":"","wppr_rating":"0.00"},"acf":[],"yoast_head":"<!-- This site is optimized with the Yoast SEO plugin v27.4 - https:\/\/yoast.com\/product\/yoast-seo-wordpress\/ -->\n<title>Zoho Inventory: recensione piattaforma dropshipping - Accurate Reviews<\/title>\n<meta name=\"description\" content=\"Zoho Inventory: recensione strumento di produttivit\u00e0 avanzata di Zoho che consente alle aziende di automatizzare la gestione degli ordini.\" \/>\n<meta name=\"robots\" content=\"index, follow, max-snippet:-1, max-image-preview:large, max-video-preview:-1\" \/>\n<link rel=\"canonical\" href=\"https:\/\/www.accuratereviews.com\/it\/piattaforme-di-dropshipping\/zoho-inventory-recensione\/\" \/>\n<meta property=\"og:locale\" content=\"it_IT\" \/>\n<meta property=\"og:type\" content=\"article\" \/>\n<meta property=\"og:title\" content=\"Zoho Inventory: recensione piattaforma dropshipping - Accurate Reviews\" \/>\n<meta property=\"og:description\" content=\"Zoho Inventory: recensione strumento di produttivit\u00e0 avanzata di Zoho che consente alle aziende di automatizzare la gestione degli ordini.\" \/>\n<meta property=\"og:url\" content=\"https:\/\/www.accuratereviews.com\/it\/piattaforme-di-dropshipping\/zoho-inventory-recensione\/\" \/>\n<meta property=\"og:site_name\" content=\"Accurate Reviews\" \/>\n<meta property=\"article:modified_time\" content=\"2021-02-10T14:31:32+00:00\" \/>\n<meta property=\"og:image\" content=\"https:\/\/www.accuratereviews.com\/wp-content\/uploads\/2020\/11\/zoho-inventory-software-500x500-1.jpg\" \/>\n\t<meta property=\"og:image:width\" content=\"500\" \/>\n\t<meta property=\"og:image:height\" content=\"500\" \/>\n\t<meta property=\"og:image:type\" content=\"image\/jpeg\" \/>\n<meta name=\"twitter:card\" content=\"summary_large_image\" \/>\n<meta name=\"twitter:label1\" content=\"Tempo di lettura stimato\" \/>\n\t<meta name=\"twitter:data1\" content=\"4 minuti\" \/>\n<script type=\"application\/ld+json\" class=\"yoast-schema-graph\">{\"@context\":\"https:\\\/\\\/schema.org\",\"@graph\":[{\"@type\":\"WebPage\",\"@id\":\"https:\\\/\\\/www.accuratereviews.com\\\/it\\\/piattaforme-di-dropshipping\\\/zoho-inventory-recensione\\\/\",\"url\":\"https:\\\/\\\/www.accuratereviews.com\\\/it\\\/piattaforme-di-dropshipping\\\/zoho-inventory-recensione\\\/\",\"name\":\"Zoho Inventory: recensione piattaforma dropshipping - Accurate Reviews\",\"isPartOf\":{\"@id\":\"https:\\\/\\\/www.accuratereviews.com\\\/it\\\/#website\"},\"primaryImageOfPage\":{\"@id\":\"https:\\\/\\\/www.accuratereviews.com\\\/it\\\/piattaforme-di-dropshipping\\\/zoho-inventory-recensione\\\/#primaryimage\"},\"image\":{\"@id\":\"https:\\\/\\\/www.accuratereviews.com\\\/it\\\/piattaforme-di-dropshipping\\\/zoho-inventory-recensione\\\/#primaryimage\"},\"thumbnailUrl\":\"https:\\\/\\\/www.accuratereviews.com\\\/wp-content\\\/uploads\\\/2020\\\/11\\\/zoho-inventory-software-500x500-1.jpg\",\"datePublished\":\"2020-11-30T12:29:46+00:00\",\"dateModified\":\"2021-02-10T14:31:32+00:00\",\"description\":\"Zoho Inventory: recensione strumento di produttivit\u00e0 avanzata di Zoho che consente alle aziende di automatizzare la gestione degli ordini.\",\"breadcrumb\":{\"@id\":\"https:\\\/\\\/www.accuratereviews.com\\\/it\\\/piattaforme-di-dropshipping\\\/zoho-inventory-recensione\\\/#breadcrumb\"},\"inLanguage\":\"it-IT\",\"potentialAction\":[{\"@type\":\"ReadAction\",\"target\":[\"https:\\\/\\\/www.accuratereviews.com\\\/it\\\/piattaforme-di-dropshipping\\\/zoho-inventory-recensione\\\/\"]}]},{\"@type\":\"ImageObject\",\"inLanguage\":\"it-IT\",\"@id\":\"https:\\\/\\\/www.accuratereviews.com\\\/it\\\/piattaforme-di-dropshipping\\\/zoho-inventory-recensione\\\/#primaryimage\",\"url\":\"https:\\\/\\\/www.accuratereviews.com\\\/wp-content\\\/uploads\\\/2020\\\/11\\\/zoho-inventory-software-500x500-1.jpg\",\"contentUrl\":\"https:\\\/\\\/www.accuratereviews.com\\\/wp-content\\\/uploads\\\/2020\\\/11\\\/zoho-inventory-software-500x500-1.jpg\",\"width\":500,\"height\":500},{\"@type\":\"BreadcrumbList\",\"@id\":\"https:\\\/\\\/www.accuratereviews.com\\\/it\\\/piattaforme-di-dropshipping\\\/zoho-inventory-recensione\\\/#breadcrumb\",\"itemListElement\":[{\"@type\":\"ListItem\",\"position\":1,\"name\":\"Home\",\"item\":\"https:\\\/\\\/www.accuratereviews.com\\\/it\\\/\"},{\"@type\":\"ListItem\",\"position\":2,\"name\":\"Piattaforme di dropshipping\",\"item\":\"https:\\\/\\\/www.accuratereviews.com\\\/it\\\/piattaforme-di-dropshipping\\\/\"},{\"@type\":\"ListItem\",\"position\":3,\"name\":\"Zoho Inventory\"}]},{\"@type\":\"WebSite\",\"@id\":\"https:\\\/\\\/www.accuratereviews.com\\\/it\\\/#website\",\"url\":\"https:\\\/\\\/www.accuratereviews.com\\\/it\\\/\",\"name\":\"Accurate Reviews\",\"description\":\"\",\"potentialAction\":[{\"@type\":\"SearchAction\",\"target\":{\"@type\":\"EntryPoint\",\"urlTemplate\":\"https:\\\/\\\/www.accuratereviews.com\\\/it\\\/?s={search_term_string}\"},\"query-input\":{\"@type\":\"PropertyValueSpecification\",\"valueRequired\":true,\"valueName\":\"search_term_string\"}}],\"inLanguage\":\"it-IT\"}]}<\/script>\n<!-- \/ Yoast SEO plugin. -->","yoast_head_json":{"title":"Zoho Inventory: recensione piattaforma dropshipping - Accurate Reviews","description":"Zoho Inventory: recensione strumento di produttivit\u00e0 avanzata di Zoho che consente alle aziende di automatizzare la gestione degli ordini.","robots":{"index":"index","follow":"follow","max-snippet":"max-snippet:-1","max-image-preview":"max-image-preview:large","max-video-preview":"max-video-preview:-1"},"canonical":"https:\/\/www.accuratereviews.com\/it\/piattaforme-di-dropshipping\/zoho-inventory-recensione\/","og_locale":"it_IT","og_type":"article","og_title":"Zoho Inventory: recensione piattaforma dropshipping - Accurate Reviews","og_description":"Zoho Inventory: recensione strumento di produttivit\u00e0 avanzata di Zoho che consente alle aziende di automatizzare la gestione degli ordini.","og_url":"https:\/\/www.accuratereviews.com\/it\/piattaforme-di-dropshipping\/zoho-inventory-recensione\/","og_site_name":"Accurate Reviews","article_modified_time":"2021-02-10T14:31:32+00:00","og_image":[{"width":500,"height":500,"url":"https:\/\/www.accuratereviews.com\/wp-content\/uploads\/2020\/11\/zoho-inventory-software-500x500-1.jpg","type":"image\/jpeg"}],"twitter_card":"summary_large_image","twitter_misc":{"Tempo di lettura stimato":"4 minuti"},"schema":{"@context":"https:\/\/schema.org","@graph":[{"@type":"WebPage","@id":"https:\/\/www.accuratereviews.com\/it\/piattaforme-di-dropshipping\/zoho-inventory-recensione\/","url":"https:\/\/www.accuratereviews.com\/it\/piattaforme-di-dropshipping\/zoho-inventory-recensione\/","name":"Zoho Inventory: recensione piattaforma dropshipping - Accurate Reviews","isPartOf":{"@id":"https:\/\/www.accuratereviews.com\/it\/#website"},"primaryImageOfPage":{"@id":"https:\/\/www.accuratereviews.com\/it\/piattaforme-di-dropshipping\/zoho-inventory-recensione\/#primaryimage"},"image":{"@id":"https:\/\/www.accuratereviews.com\/it\/piattaforme-di-dropshipping\/zoho-inventory-recensione\/#primaryimage"},"thumbnailUrl":"https:\/\/www.accuratereviews.com\/wp-content\/uploads\/2020\/11\/zoho-inventory-software-500x500-1.jpg","datePublished":"2020-11-30T12:29:46+00:00","dateModified":"2021-02-10T14:31:32+00:00","description":"Zoho Inventory: recensione strumento di produttivit\u00e0 avanzata di Zoho che consente alle aziende di automatizzare la gestione degli ordini.","breadcrumb":{"@id":"https:\/\/www.accuratereviews.com\/it\/piattaforme-di-dropshipping\/zoho-inventory-recensione\/#breadcrumb"},"inLanguage":"it-IT","potentialAction":[{"@type":"ReadAction","target":["https:\/\/www.accuratereviews.com\/it\/piattaforme-di-dropshipping\/zoho-inventory-recensione\/"]}]},{"@type":"ImageObject","inLanguage":"it-IT","@id":"https:\/\/www.accuratereviews.com\/it\/piattaforme-di-dropshipping\/zoho-inventory-recensione\/#primaryimage","url":"https:\/\/www.accuratereviews.com\/wp-content\/uploads\/2020\/11\/zoho-inventory-software-500x500-1.jpg","contentUrl":"https:\/\/www.accuratereviews.com\/wp-content\/uploads\/2020\/11\/zoho-inventory-software-500x500-1.jpg","width":500,"height":500},{"@type":"BreadcrumbList","@id":"https:\/\/www.accuratereviews.com\/it\/piattaforme-di-dropshipping\/zoho-inventory-recensione\/#breadcrumb","itemListElement":[{"@type":"ListItem","position":1,"name":"Home","item":"https:\/\/www.accuratereviews.com\/it\/"},{"@type":"ListItem","position":2,"name":"Piattaforme di dropshipping","item":"https:\/\/www.accuratereviews.com\/it\/piattaforme-di-dropshipping\/"},{"@type":"ListItem","position":3,"name":"Zoho Inventory"}]},{"@type":"WebSite","@id":"https:\/\/www.accuratereviews.com\/it\/#website","url":"https:\/\/www.accuratereviews.com\/it\/","name":"Accurate Reviews","description":"","potentialAction":[{"@type":"SearchAction","target":{"@type":"EntryPoint","urlTemplate":"https:\/\/www.accuratereviews.com\/it\/?s={search_term_string}"},"query-input":{"@type":"PropertyValueSpecification","valueRequired":true,"valueName":"search_term_string"}}],"inLanguage":"it-IT"}]}},"_links":{"self":[{"href":"https:\/\/www.accuratereviews.com\/it\/wp-json\/wp\/v2\/pages\/33042","targetHints":{"allow":["GET"]}}],"collection":[{"href":"https:\/\/www.accuratereviews.com\/it\/wp-json\/wp\/v2\/pages"}],"about":[{"href":"https:\/\/www.accuratereviews.com\/it\/wp-json\/wp\/v2\/types\/page"}],"author":[{"embeddable":true,"href":"https:\/\/www.accuratereviews.com\/it\/wp-json\/wp\/v2\/users\/19"}],"replies":[{"embeddable":true,"href":"https:\/\/www.accuratereviews.com\/it\/wp-json\/wp\/v2\/comments?post=33042"}],"version-history":[{"count":9,"href":"https:\/\/www.accuratereviews.com\/it\/wp-json\/wp\/v2\/pages\/33042\/revisions"}],"predecessor-version":[{"id":37127,"href":"https:\/\/www.accuratereviews.com\/it\/wp-json\/wp\/v2\/pages\/33042\/revisions\/37127"}],"up":[{"embeddable":true,"href":"https:\/\/www.accuratereviews.com\/it\/wp-json\/wp\/v2\/pages\/36249"}],"wp:featuredmedia":[{"embeddable":true,"href":"https:\/\/www.accuratereviews.com\/it\/wp-json\/wp\/v2\/media\/33043"}],"wp:attachment":[{"href":"https:\/\/www.accuratereviews.com\/it\/wp-json\/wp\/v2\/media?parent=33042"}],"wp:term":[{"taxonomy":"category","embeddable":true,"href":"https:\/\/www.accuratereviews.com\/it\/wp-json\/wp\/v2\/categories?post=33042"},{"taxonomy":"post_tag","embeddable":true,"href":"https:\/\/www.accuratereviews.com\/it\/wp-json\/wp\/v2\/tags?post=33042"},{"taxonomy":"features","embeddable":true,"href":"https:\/\/www.accuratereviews.com\/it\/wp-json\/wp\/v2\/features?post=33042"}],"curies":[{"name":"wp","href":"https:\/\/api.w.org\/{rel}","templated":true}]}}