{"id":33098,"date":"2020-12-01T11:37:13","date_gmt":"2020-12-01T11:37:13","guid":{"rendered":"https:\/\/www.accuratereviews.com\/?page_id=33098"},"modified":"2020-12-01T11:37:13","modified_gmt":"2020-12-01T11:37:13","slug":"shipstation-recensione","status":"publish","type":"page","link":"https:\/\/www.accuratereviews.com\/it\/shipstation-recensione\/","title":{"rendered":"ShipStation"},"content":{"rendered":"<p><strong>ShipStation<\/strong> \u00e8 una<strong> soluzione di spedizione<\/strong> multi-vettore e multicanale progettata per accelerare il processo di spedizione per i rivenditori online. <span class=\"JLqJ4b ChMk0b\" data-language-for-alternatives=\"it\" data-language-to-translate-into=\"en\" data-phrase-index=\"1\">Funzionalit\u00e0 come spedizione in batch, tariffe di spedizione scontate, gestione dell&#8217;inventario e dei clienti e marchio personalizzato aiutano a semplificare l&#8217;evasione degli ordini.<span class=\"JLqJ4b\" data-language-for-alternatives=\"it\" data-language-to-translate-into=\"en\" data-phrase-index=\"2\"> Importa i tuoi ordini da oltre 60 canali di vendita e consenti a <strong>ShipStation<\/strong> di applicare automaticamente \u00a0opzioni di spedizione. Dopo aver creato le etichette di spedizione o inviato i tuoi ordini a una societ\u00e0 di logistica come Amazon o ShipWire, il software trasmette gli stati di spedizione e le informazioni di tracciamento a ciascun canale di vendita. La gestione delle comunicazioni con i clienti pu\u00f2 richiedere molto tempo, ma la soluzione semplifica questo processo offrendo modelli di documento di trasporto, email e pagina di tracciamento personalizzabili per fornire ai clienti un&#8217;esperienza unica e personalizzata.\u00a0<\/span><\/span><\/p>\n<h2>SHIPSTATION &#8211; TUTORIAL<\/h2>\n<p>Scopri, guardando il video, come questo <strong>software di spedizione<\/strong> pu\u00f2 aiutarti a far crescere la tua attivit\u00e0:<\/p>\n<div id=\"fluid-wrapper-counter-1\" class=\"g1-fluid-wrapper \" style=\"width:686px;\">\n<div style=\"padding-bottom:56.268221574344%;\"><iframe loading=\"lazy\" title=\"Getting Started in ShipStation (Webinar)\" width=\"686\" height=\"386\" src=\"https:\/\/www.youtube.com\/embed\/YHBtyygASDk?feature=oembed&amp;wmode=transparent&amp;autohide=1&amp;autoplay=0&amp;disablekb=0&amp;fs=1&amp;loop=0&amp;enablejsapi=1&amp;rel=0&amp;controls=2&amp;showinfo=0&amp;wmode=transparent&amp;autohide=2&amp;autoplay=0&amp;disablekb=0&amp;fs=1&amp;loop=0&amp;enablejsapi=1&amp;rel=0&amp;controls=2&amp;showinfo=1\" frameborder=\"0\" allow=\"accelerometer; autoplay; clipboard-write; encrypted-media; gyroscope; picture-in-picture\" allowfullscreen><\/iframe><\/div>\n<\/div>\n<h3>SHIPSTATION &#8211; CARATTERISTICHE<\/h3>\n<ul>\n<li><strong>Dashboard:<\/strong><span class=\"JLqJ4b\" data-language-for-alternatives=\"it\" data-language-to-translate-into=\"en\" data-phrase-index=\"1\">\u00a0v<span class=\"JLqJ4b ChMk0b\" data-language-for-alternatives=\"it\" data-language-to-translate-into=\"en\" data-phrase-index=\"2\">isualizza le transazioni e accedi rapidamente alle informazioni<\/span><\/span><\/li>\n<li><strong>Flusso di lavoro:<\/strong><span class=\"JLqJ4b\" data-language-for-alternatives=\"it\" data-language-to-translate-into=\"en\" data-phrase-index=\"5\">\u00a0g<span class=\"JLqJ4b ChMk0b\" data-language-for-alternatives=\"it\" data-language-to-translate-into=\"en\" data-phrase-index=\"6\">estisci gli ordini di lavoro e il flusso degli ordini tra i sistemi commerciali<\/span><\/span><\/li>\n<li><strong>Rapporti:<\/strong><span class=\"JLqJ4b\" data-language-for-alternatives=\"it\" data-language-to-translate-into=\"en\" data-phrase-index=\"9\"><strong>\u00a0<\/strong>a<span class=\"JLqJ4b ChMk0b\" data-language-for-alternatives=\"it\" data-language-to-translate-into=\"en\" data-phrase-index=\"10\">utomatizza il reporting e l&#8217;analisi dei dati<\/span><\/span><\/li>\n<li><strong>Preferenze dell&#8217;account:<\/strong><span class=\"JLqJ4b\" data-language-for-alternatives=\"it\" data-language-to-translate-into=\"en\" data-phrase-index=\"13\">\u00a0g<span class=\"JLqJ4b ChMk0b\" data-language-for-alternatives=\"it\" data-language-to-translate-into=\"en\" data-phrase-index=\"14\">estisci le impostazioni e le preferenze per definire le regole e le operazioni aziendali<\/span><\/span><\/li>\n<li><strong>Tipi di utente:<\/strong><span class=\"JLqJ4b\" data-language-for-alternatives=\"it\" data-language-to-translate-into=\"en\" data-phrase-index=\"17\">\u00a0l<span class=\"JLqJ4b ChMk0b\" data-language-for-alternatives=\"it\" data-language-to-translate-into=\"en\" data-phrase-index=\"18\">imita le applicazioni di terze parti ad accedere alle informazioni del tuo account con i controlli utente<\/span><\/span><\/li>\n<li><strong>Sempre aggiornato:<\/strong> aggiornamenti settimanali della piattaforma in risposta alle richieste degli utenti<\/li>\n<li><strong>Visibilit\u00e0 globale<\/strong>:<span class=\"JLqJ4b\" data-language-for-alternatives=\"it\" data-language-to-translate-into=\"en\" data-phrase-index=\"17\">\u00a0v<span class=\"JLqJ4b ChMk0b\" data-language-for-alternatives=\"it\" data-language-to-translate-into=\"en\" data-phrase-index=\"18\">isualizza la tua attivit\u00e0 per regione o globalmente tramite un&#8217;unica interfaccia web<\/span><\/span><\/li>\n<li><strong>Ordini arretrati<\/strong>: r<span class=\"JLqJ4b\" data-language-for-alternatives=\"it\" data-language-to-translate-into=\"en\" data-phrase-index=\"5\"><span class=\"JLqJ4b ChMk0b\" data-language-for-alternatives=\"it\" data-language-to-translate-into=\"en\" data-phrase-index=\"6\">icevi avvisi per ordini bloccati a causa di problemi del vettore o di logica aziendale<\/span><\/span><\/li>\n<\/ul>\n<h4>LE RECENSIONI DEGLI UTENTI<\/h4>\n<h4 class=\"font-weight-bold mb-1 d-flex align-items-center\">Mamie E.&#8221;Facile da usare, ma il servizio clienti non \u00e8 dei migliori&#8221;<\/h4>\n<p><strong>Commenti: <\/strong>Dobbiamo affrontare alcune frustrazioni, ma nel complesso \u00e8 un&#8217;ottima piattaforma.<\/p>\n<p><strong>Vantaggi: <\/strong>La piattaforma \u00e8 molto intuitiva e semplice da usare. \u00c8 facile modificare e aggiornare gli ordini. \u00c8 un ottimo sistema.<\/p>\n<p><strong>Inconvenienti: <\/strong>Il servizio clienti non \u00e8 eccezionale. Anche quando possono essere raggiunti, non \u00e8 facile ottenere una soluzione a un problema.<\/p>\n<h4 class=\"font-weight-bold mb-1 d-flex align-items-center\">Kari I.&#8221;Essendo una piccola azienda, abbiamo dovuto cambiare centro logistico a causa della mancanza di servizio.&#8221;<\/h4>\n<p><strong>Commenti: <\/strong>\u00c8 stato facile da usare, l&#8217;interfaccia \u00e8 estremamente amichevole.<\/p>\n<p><strong>Vantaggi: <\/strong>Shipwire era facile da usare e il sistema stesso era molto funzionale. Ha funzionato quasi perfettamente con l&#8217;interfaccia di Shopify. Puoi creare i tuoi ordini, tracciare gli ordini, spedire a livello internazionale e monitorare l&#8217;inventario.<\/p>\n<p><strong>Inconvenienti: <\/strong>Come piccola azienda abbiamo avuto un&#8217;esperienza terribile con il servizio clienti. Per un paio di anni consecutivi, durante le vacanze, Shipwire ha impiegato un paio di mesi per contare il nostro inventario e poi diverse settimane per spedirlo. Gli ordini erano in ritardo o semplicemente non venivano spediti. Non abbiamo avuto alcun effetto per convincerli a contare il nostro inventario in tempo ed \u00e8 stato disastroso.<\/p>\n<h4 class=\"font-weight-bold mb-1 d-flex align-items-center\">Erin G.&#8221;Alcuni pro e contro&#8221;<\/h4>\n<p><strong>Commenti: <\/strong>Alla fine, abbiamo trasferito la nostra attivit\u00e0 in un magazzino pi\u00f9 piccolo che potesse rimanere agile e tagliare i costi per la nostra attivit\u00e0 in crescita.<\/p>\n<p><strong>Vantaggi: <\/strong>L&#8217;utilizzo di Shipwire per l&#8217;adempimento del prodotto non richiede quasi alcun lavoro da parte del cliente. Puoi integrare facilmente i mercati pi\u00f9 diffusi ei tuoi ordini verranno automaticamente inviati alle sedi del magazzino in base alle tue regole aziendali. Gli ordini vengono spediti entro 48 ore nella maggior parte dei casi. \u00c8 abbastanza semplice rifornire le sedi del tuo magazzino ed espandersi in pi\u00f9 sedi man mano che le esigenze della tua azienda cambiano. L&#8217;aggiunta di Shipsurance \u00e8 stata utile e ci ha fatto risparmiare tempo e denaro durante la presentazione di reclami per pacchi smarriti.<\/p>\n<p><strong>Inconvenienti: <\/strong>Non \u00e8 stato facile lavorare con Shipwire. Una volta che un ordine \u00e8 stato inviato al magazzino era quasi impossibile annullarlo. C&#8217;era poca o nessuna responsabilit\u00e0 quando il magazzino avrebbe commesso un errore. I tempi di attesa per i progetti speciali erano fino a 2-3 settimane durante l&#8217;alta stagione delle vacanze, il che \u00e8 quasi impossibile da gestire per una piccola impresa.<\/p>\n","protected":false},"excerpt":{"rendered":"<p>ShipStation \u00e8 una soluzione di spedizione multi-vettore e multicanale progettata per accelerare il processo di spedizione per i rivenditori online. Funzionalit\u00e0 come spedizione in batch, tariffe di spedizione scontate, gestione dell&#8217;inventario e dei clienti e marchio personalizzato aiutano a semplificare l&#8217;evasione degli ordini. Importa i tuoi ordini da oltre 60 canali di vendita e consenti a ShipStation di applicare automaticamente opzioni di spedizione.<\/p>\n","protected":false},"author":19,"featured_media":33101,"parent":0,"menu_order":0,"comment_status":"open","ping_status":"closed","template":"g1_template_page_review_new.php","meta":{"_acf_changed":false,"cwp_meta_box_check":"Yes","cwp_rev_product_name":"","cwp_rev_product_image":"","wppr_links":[],"cwp_rev_price":"","wppr_options":[],"wppr_pros":[],"wppr_cons":[],"_monsterinsights_skip_tracking":false,"_monsterinsights_sitenote_active":false,"_monsterinsights_sitenote_note":"","_monsterinsights_sitenote_category":0,"footnotes":""},"categories":[4285],"tags":[396,4292,4290,4297,4287,4288],"features":[],"class_list":{"0":"post-33098","1":"page","2":"type-page","3":"status-publish","4":"has-post-thumbnail","6":"category-piattaforme-di-dropshipping-categoria","7":"tag-cloud","8":"tag-piattaforma-di-dropshipping","9":"tag-programma-di-dropshipping","10":"tag-shipstation","11":"tag-software-di-dropshipping","12":"tag-soluzione-di-dropshipping"},"wppr_data":{"cwp_meta_box_check":"Yes","cwp_rev_product_name":"","cwp_rev_product_image":"","cwp_image_link":"image","cwp_rev_price":"","wppr_rating":"0.00"},"acf":[],"yoast_head":"<!-- This site is optimized with the Yoast SEO plugin v27.4 - https:\/\/yoast.com\/product\/yoast-seo-wordpress\/ -->\n<title>ShipStation: recensione software di dropshipping - Accurate Reviews<\/title>\n<meta name=\"description\" content=\"ShipStation: recensione software di spedizione multi-vettore e multicanale progettata per accelerare il processo di spedizione per i venditori\" \/>\n<meta name=\"robots\" content=\"index, follow, max-snippet:-1, max-image-preview:large, max-video-preview:-1\" \/>\n<link rel=\"canonical\" href=\"https:\/\/www.accuratereviews.com\/it\/shipstation-recensione\/\" \/>\n<meta property=\"og:locale\" content=\"it_IT\" \/>\n<meta property=\"og:type\" content=\"article\" \/>\n<meta property=\"og:title\" content=\"ShipStation: recensione software di dropshipping - Accurate Reviews\" \/>\n<meta property=\"og:description\" content=\"ShipStation: recensione software di spedizione multi-vettore e multicanale progettata per accelerare il processo di spedizione per i venditori\" \/>\n<meta property=\"og:url\" content=\"https:\/\/www.accuratereviews.com\/it\/shipstation-recensione\/\" \/>\n<meta property=\"og:site_name\" content=\"Accurate Reviews\" \/>\n<meta property=\"og:image\" content=\"https:\/\/www.accuratereviews.com\/wp-content\/uploads\/2020\/12\/ShipStation.png\" \/>\n\t<meta property=\"og:image:width\" content=\"372\" \/>\n\t<meta property=\"og:image:height\" content=\"374\" \/>\n\t<meta property=\"og:image:type\" content=\"image\/png\" \/>\n<meta name=\"twitter:card\" content=\"summary_large_image\" \/>\n<meta name=\"twitter:label1\" content=\"Tempo di lettura stimato\" \/>\n\t<meta name=\"twitter:data1\" content=\"3 minuti\" \/>\n<script type=\"application\/ld+json\" class=\"yoast-schema-graph\">{\"@context\":\"https:\\\/\\\/schema.org\",\"@graph\":[{\"@type\":\"WebPage\",\"@id\":\"https:\\\/\\\/www.accuratereviews.com\\\/it\\\/shipstation-recensione\\\/\",\"url\":\"https:\\\/\\\/www.accuratereviews.com\\\/it\\\/shipstation-recensione\\\/\",\"name\":\"ShipStation: recensione software di dropshipping - Accurate Reviews\",\"isPartOf\":{\"@id\":\"https:\\\/\\\/www.accuratereviews.com\\\/it\\\/#website\"},\"primaryImageOfPage\":{\"@id\":\"https:\\\/\\\/www.accuratereviews.com\\\/it\\\/shipstation-recensione\\\/#primaryimage\"},\"image\":{\"@id\":\"https:\\\/\\\/www.accuratereviews.com\\\/it\\\/shipstation-recensione\\\/#primaryimage\"},\"thumbnailUrl\":\"https:\\\/\\\/www.accuratereviews.com\\\/wp-content\\\/uploads\\\/2020\\\/12\\\/ShipStation.png\",\"datePublished\":\"2020-12-01T11:37:13+00:00\",\"description\":\"ShipStation: recensione software di spedizione multi-vettore e multicanale progettata per accelerare il processo di spedizione per i venditori\",\"breadcrumb\":{\"@id\":\"https:\\\/\\\/www.accuratereviews.com\\\/it\\\/shipstation-recensione\\\/#breadcrumb\"},\"inLanguage\":\"it-IT\",\"potentialAction\":[{\"@type\":\"ReadAction\",\"target\":[\"https:\\\/\\\/www.accuratereviews.com\\\/it\\\/shipstation-recensione\\\/\"]}]},{\"@type\":\"ImageObject\",\"inLanguage\":\"it-IT\",\"@id\":\"https:\\\/\\\/www.accuratereviews.com\\\/it\\\/shipstation-recensione\\\/#primaryimage\",\"url\":\"https:\\\/\\\/www.accuratereviews.com\\\/wp-content\\\/uploads\\\/2020\\\/12\\\/ShipStation.png\",\"contentUrl\":\"https:\\\/\\\/www.accuratereviews.com\\\/wp-content\\\/uploads\\\/2020\\\/12\\\/ShipStation.png\",\"width\":372,\"height\":374},{\"@type\":\"BreadcrumbList\",\"@id\":\"https:\\\/\\\/www.accuratereviews.com\\\/it\\\/shipstation-recensione\\\/#breadcrumb\",\"itemListElement\":[{\"@type\":\"ListItem\",\"position\":1,\"name\":\"Home\",\"item\":\"https:\\\/\\\/www.accuratereviews.com\\\/it\\\/\"},{\"@type\":\"ListItem\",\"position\":2,\"name\":\"ShipStation\"}]},{\"@type\":\"WebSite\",\"@id\":\"https:\\\/\\\/www.accuratereviews.com\\\/it\\\/#website\",\"url\":\"https:\\\/\\\/www.accuratereviews.com\\\/it\\\/\",\"name\":\"Accurate Reviews\",\"description\":\"\",\"potentialAction\":[{\"@type\":\"SearchAction\",\"target\":{\"@type\":\"EntryPoint\",\"urlTemplate\":\"https:\\\/\\\/www.accuratereviews.com\\\/it\\\/?s={search_term_string}\"},\"query-input\":{\"@type\":\"PropertyValueSpecification\",\"valueRequired\":true,\"valueName\":\"search_term_string\"}}],\"inLanguage\":\"it-IT\"}]}<\/script>\n<!-- \/ Yoast SEO plugin. -->","yoast_head_json":{"title":"ShipStation: recensione software di dropshipping - Accurate Reviews","description":"ShipStation: recensione software di spedizione multi-vettore e multicanale progettata per accelerare il processo di spedizione per i venditori","robots":{"index":"index","follow":"follow","max-snippet":"max-snippet:-1","max-image-preview":"max-image-preview:large","max-video-preview":"max-video-preview:-1"},"canonical":"https:\/\/www.accuratereviews.com\/it\/shipstation-recensione\/","og_locale":"it_IT","og_type":"article","og_title":"ShipStation: recensione software di dropshipping - Accurate Reviews","og_description":"ShipStation: recensione software di spedizione multi-vettore e multicanale progettata per accelerare il processo di spedizione per i venditori","og_url":"https:\/\/www.accuratereviews.com\/it\/shipstation-recensione\/","og_site_name":"Accurate Reviews","og_image":[{"width":372,"height":374,"url":"https:\/\/www.accuratereviews.com\/wp-content\/uploads\/2020\/12\/ShipStation.png","type":"image\/png"}],"twitter_card":"summary_large_image","twitter_misc":{"Tempo di lettura stimato":"3 minuti"},"schema":{"@context":"https:\/\/schema.org","@graph":[{"@type":"WebPage","@id":"https:\/\/www.accuratereviews.com\/it\/shipstation-recensione\/","url":"https:\/\/www.accuratereviews.com\/it\/shipstation-recensione\/","name":"ShipStation: recensione software di dropshipping - Accurate Reviews","isPartOf":{"@id":"https:\/\/www.accuratereviews.com\/it\/#website"},"primaryImageOfPage":{"@id":"https:\/\/www.accuratereviews.com\/it\/shipstation-recensione\/#primaryimage"},"image":{"@id":"https:\/\/www.accuratereviews.com\/it\/shipstation-recensione\/#primaryimage"},"thumbnailUrl":"https:\/\/www.accuratereviews.com\/wp-content\/uploads\/2020\/12\/ShipStation.png","datePublished":"2020-12-01T11:37:13+00:00","description":"ShipStation: recensione software di spedizione multi-vettore e multicanale progettata per accelerare il processo di spedizione per i venditori","breadcrumb":{"@id":"https:\/\/www.accuratereviews.com\/it\/shipstation-recensione\/#breadcrumb"},"inLanguage":"it-IT","potentialAction":[{"@type":"ReadAction","target":["https:\/\/www.accuratereviews.com\/it\/shipstation-recensione\/"]}]},{"@type":"ImageObject","inLanguage":"it-IT","@id":"https:\/\/www.accuratereviews.com\/it\/shipstation-recensione\/#primaryimage","url":"https:\/\/www.accuratereviews.com\/wp-content\/uploads\/2020\/12\/ShipStation.png","contentUrl":"https:\/\/www.accuratereviews.com\/wp-content\/uploads\/2020\/12\/ShipStation.png","width":372,"height":374},{"@type":"BreadcrumbList","@id":"https:\/\/www.accuratereviews.com\/it\/shipstation-recensione\/#breadcrumb","itemListElement":[{"@type":"ListItem","position":1,"name":"Home","item":"https:\/\/www.accuratereviews.com\/it\/"},{"@type":"ListItem","position":2,"name":"ShipStation"}]},{"@type":"WebSite","@id":"https:\/\/www.accuratereviews.com\/it\/#website","url":"https:\/\/www.accuratereviews.com\/it\/","name":"Accurate Reviews","description":"","potentialAction":[{"@type":"SearchAction","target":{"@type":"EntryPoint","urlTemplate":"https:\/\/www.accuratereviews.com\/it\/?s={search_term_string}"},"query-input":{"@type":"PropertyValueSpecification","valueRequired":true,"valueName":"search_term_string"}}],"inLanguage":"it-IT"}]}},"_links":{"self":[{"href":"https:\/\/www.accuratereviews.com\/it\/wp-json\/wp\/v2\/pages\/33098","targetHints":{"allow":["GET"]}}],"collection":[{"href":"https:\/\/www.accuratereviews.com\/it\/wp-json\/wp\/v2\/pages"}],"about":[{"href":"https:\/\/www.accuratereviews.com\/it\/wp-json\/wp\/v2\/types\/page"}],"author":[{"embeddable":true,"href":"https:\/\/www.accuratereviews.com\/it\/wp-json\/wp\/v2\/users\/19"}],"replies":[{"embeddable":true,"href":"https:\/\/www.accuratereviews.com\/it\/wp-json\/wp\/v2\/comments?post=33098"}],"version-history":[{"count":12,"href":"https:\/\/www.accuratereviews.com\/it\/wp-json\/wp\/v2\/pages\/33098\/revisions"}],"predecessor-version":[{"id":33115,"href":"https:\/\/www.accuratereviews.com\/it\/wp-json\/wp\/v2\/pages\/33098\/revisions\/33115"}],"wp:featuredmedia":[{"embeddable":true,"href":"https:\/\/www.accuratereviews.com\/it\/wp-json\/wp\/v2\/media\/33101"}],"wp:attachment":[{"href":"https:\/\/www.accuratereviews.com\/it\/wp-json\/wp\/v2\/media?parent=33098"}],"wp:term":[{"taxonomy":"category","embeddable":true,"href":"https:\/\/www.accuratereviews.com\/it\/wp-json\/wp\/v2\/categories?post=33098"},{"taxonomy":"post_tag","embeddable":true,"href":"https:\/\/www.accuratereviews.com\/it\/wp-json\/wp\/v2\/tags?post=33098"},{"taxonomy":"features","embeddable":true,"href":"https:\/\/www.accuratereviews.com\/it\/wp-json\/wp\/v2\/features?post=33098"}],"curies":[{"name":"wp","href":"https:\/\/api.w.org\/{rel}","templated":true}]}}