{"id":33140,"date":"2020-12-02T11:28:40","date_gmt":"2020-12-02T11:28:40","guid":{"rendered":"https:\/\/www.accuratereviews.com\/?page_id=33140"},"modified":"2020-12-02T11:28:40","modified_gmt":"2020-12-02T11:28:40","slug":"envista-recensione","status":"publish","type":"page","link":"https:\/\/www.accuratereviews.com\/it\/envista-recensione\/","title":{"rendered":"enVista"},"content":{"rendered":"<p><strong>enVista<\/strong> offre <strong>soluzioni di gestione della vendita<\/strong> al dettaglio basate su <strong>cloud<\/strong> che aiutano gli utenti a gestire le operazioni quotidiane di un singolo negozio o di pi\u00f9 sedi in tempo reale.\u00a0<span class=\"JLqJ4b ChMk0b\" data-language-for-alternatives=\"it\" data-language-to-translate-into=\"en\" data-phrase-index=\"1\"><span class=\"JLqJ4b\" data-language-for-alternatives=\"it\" data-language-to-translate-into=\"en\" data-phrase-index=\"2\">La piattaforma si basa su un framework di integrazione multi-impresa per unificare il commercio e la gestione del coinvolgimento dei clienti. Le soluzioni di <strong>enVista<\/strong> consentono la relazione<\/span><\/span><span class=\"JLqJ4b ChMk0b\" data-language-for-alternatives=\"it\" data-language-to-translate-into=\"en\" data-phrase-index=\"1\"><span class=\"JLqJ4b\" data-language-for-alternatives=\"it\" data-language-to-translate-into=\"en\" data-phrase-index=\"2\">\u00a0di clienti, l&#8217;accesso ai dati del negozio 24 ore su 24, 7 giorni su 7, la visibilit\u00e0 dell&#8217;inventario aziendale e la funzionalit\u00e0 salva-vendita. La piattaforma offre anche molte opzioni di evasione ed esperienze di acquisto personalizzate.\u00a0La soluzione include punto vendita POS mobile, un sistema di gestione degli ordini e delle informazioni sui prodotti, evasione omni-canale, EDI e commercio digitale. La piattaforma pu\u00f2 essere utilizzata in un&#8217;ampia variet\u00e0 di segmenti di vendita al dettaglio. Oltre alla piattaforma standard, \u00e8 possibile accedervi anche su dispositivi portatili.<\/span><\/span><\/p>\n<h2>ENVISTA &#8211; TUTORIAL<\/h2>\n<p>Ecco un tutorial in cui illustra le principali funzioni di questo <strong>software di dropshipping<\/strong>:<\/p>\n<div id=\"fluid-wrapper-counter-1\" class=\"g1-fluid-wrapper \" style=\"width:686px;\">\n<div style=\"padding-bottom:56.268221574344%;\"><iframe loading=\"lazy\" title=\"enVista CAB Ride - Commerce Advisory Board Highlights - May 2020\" width=\"686\" height=\"386\" src=\"https:\/\/www.youtube.com\/embed\/Wb95YtdRg5E?feature=oembed&amp;wmode=transparent&amp;autohide=1&amp;autoplay=0&amp;disablekb=0&amp;fs=1&amp;loop=0&amp;enablejsapi=1&amp;rel=0&amp;controls=2&amp;showinfo=0&amp;wmode=transparent&amp;autohide=2&amp;autoplay=0&amp;disablekb=0&amp;fs=1&amp;loop=0&amp;enablejsapi=1&amp;rel=0&amp;controls=2&amp;showinfo=1\" frameborder=\"0\" allow=\"accelerometer; autoplay; clipboard-write; encrypted-media; gyroscope; picture-in-picture\" allowfullscreen><\/iframe><\/div>\n<\/div>\n<p>&nbsp;<\/p>\n<h3>ENVISTA &#8211; CARATTERISTICHE<\/h3>\n<ul>\n<li>Segnaletica digitale integrata e punto vendita<\/li>\n<li><span class=\"JLqJ4b\" data-language-for-alternatives=\"it\" data-language-to-translate-into=\"en\" data-phrase-index=\"1\"><span class=\"JLqJ4b ChMk0b\" data-language-for-alternatives=\"it\" data-language-to-translate-into=\"en\" data-phrase-index=\"2\">Marketplace (Amazon, Ebay, Etsy, Jet) <\/span><\/span><\/li>\n<li><span class=\"JLqJ4b\" data-language-for-alternatives=\"it\" data-language-to-translate-into=\"en\" data-phrase-index=\"1\"><span class=\"JLqJ4b ChMk0b\" data-language-for-alternatives=\"it\" data-language-to-translate-into=\"en\" data-phrase-index=\"2\">Ecommerce <\/span><\/span><\/li>\n<li><span class=\"JLqJ4b\" data-language-for-alternatives=\"it\" data-language-to-translate-into=\"en\" data-phrase-index=\"1\"><span class=\"JLqJ4b ChMk0b\" data-language-for-alternatives=\"it\" data-language-to-translate-into=\"en\" data-phrase-index=\"2\">Endless Aisle<\/span><\/span><\/li>\n<li><span class=\"JLqJ4b\" data-language-for-alternatives=\"it\" data-language-to-translate-into=\"en\" data-phrase-index=\"1\"><span class=\"JLqJ4b ChMk0b\" data-language-for-alternatives=\"it\" data-language-to-translate-into=\"en\" data-phrase-index=\"2\">Assistenza clienti e manutenzione degli ordini <\/span><\/span><\/li>\n<li><span class=\"JLqJ4b\" data-language-for-alternatives=\"it\" data-language-to-translate-into=\"en\" data-phrase-index=\"1\"><span class=\"JLqJ4b ChMk0b\" data-language-for-alternatives=\"it\" data-language-to-translate-into=\"en\" data-phrase-index=\"2\">Ottieni visibilit\u00e0 dell&#8217;inventario aziendale <\/span><\/span><\/li>\n<li><span class=\"JLqJ4b\" data-language-for-alternatives=\"it\" data-language-to-translate-into=\"en\" data-phrase-index=\"1\"><span class=\"JLqJ4b ChMk0b\" data-language-for-alternatives=\"it\" data-language-to-translate-into=\"en\" data-phrase-index=\"2\"> Orchestrazione degli ordini omnicanale <\/span><\/span><\/li>\n<li><span class=\"JLqJ4b\" data-language-for-alternatives=\"it\" data-language-to-translate-into=\"en\" data-phrase-index=\"1\"><span class=\"JLqJ4b ChMk0b\" data-language-for-alternatives=\"it\" data-language-to-translate-into=\"en\" data-phrase-index=\"2\">Ottieni una visualizzazione unica di cliente, inventario, ordine, articolo e pagamento<\/span><\/span><\/li>\n<li><span class=\"JLqJ4b\" data-language-for-alternatives=\"it\" data-language-to-translate-into=\"en\" data-phrase-index=\"1\"><span class=\"JLqJ4b ChMk0b\" data-language-for-alternatives=\"it\" data-language-to-translate-into=\"en\" data-phrase-index=\"2\">Offri la scelta del cliente in base alla disponibilit\u00e0 e alla posizione dell&#8217;inventario <\/span><\/span><\/li>\n<li><span class=\"JLqJ4b\" data-language-for-alternatives=\"it\" data-language-to-translate-into=\"en\" data-phrase-index=\"1\"><span class=\"JLqJ4b ChMk0b\" data-language-for-alternatives=\"it\" data-language-to-translate-into=\"en\" data-phrase-index=\"2\">Acquista online \/ Ritira in negozio (BOPIS) <\/span><\/span><\/li>\n<li><span class=\"JLqJ4b\" data-language-for-alternatives=\"it\" data-language-to-translate-into=\"en\" data-phrase-index=\"1\"><span class=\"JLqJ4b ChMk0b\" data-language-for-alternatives=\"it\" data-language-to-translate-into=\"en\" data-phrase-index=\"2\">Spedisci dal negozio<\/span><\/span><\/li>\n<li><span class=\"JLqJ4b\" data-language-for-alternatives=\"it\" data-language-to-translate-into=\"en\" data-phrase-index=\"1\"><span class=\"JLqJ4b ChMk0b\" data-language-for-alternatives=\"it\" data-language-to-translate-into=\"en\" data-phrase-index=\"2\">Dropship <\/span><\/span><\/li>\n<li><span class=\"JLqJ4b\" data-language-for-alternatives=\"it\" data-language-to-translate-into=\"en\" data-phrase-index=\"1\"><span class=\"JLqJ4b ChMk0b\" data-language-for-alternatives=\"it\" data-language-to-translate-into=\"en\" data-phrase-index=\"2\">Magazzino e DC Resi su pi\u00f9 canali<\/span><\/span><\/li>\n<\/ul>\n<h4>LE RECENSIONI DEGLI UTENTI<\/h4>\n<h4 class=\"font-weight-bold mb-1 d-flex align-items-center\">Josh H.&#8221;Ho usato questo software quando lavoravo al dettaglio&#8221;<\/h4>\n<p><strong>Vantaggi: <\/strong>Questo software \u00e8 stato molto utile durante le festivit\u00e0 natalizie quando avevamo molti pi\u00f9 clienti di quanti potessimo gestire. Ha ridotto drasticamente l&#8217;attesa del loro tempo perch\u00e9 siamo stati in grado di controllare le persone molto rapidamente. Di conseguenza abbiamo avuto molti clienti soddisfatti invece di clienti frustrati e impazienti.<\/p>\n<p><strong>Inconvenienti: <\/strong>\u00c8 piuttosto costoso soprattutto perch\u00e9 ci sono molti altri prodotti l\u00e0 fuori che possono fare la stessa cosa.<\/p>\n<h4 class=\"font-weight-bold mb-1 d-flex align-items-center\">Kin fung L.&#8221;POS facile e intuitivo&#8221;<\/h4>\n<p><strong>Vantaggi: <\/strong>Facile da usare, chiunque pu\u00f2 utilizzare il software con poca esperienza informatica<\/p>\n<p><strong>Inconvenienti: <\/strong>Sarebbero state utili pi\u00f9 opzioni di segnalazione. I rapporti sulle scorte sono stati utili cos\u00ec come il controllo del valore e della quantit\u00e0 disponibile. Una funzionalit\u00e0 con date di scadenza forse molto utile soprattutto per le aziende che hanno una durata di conservazione dei loro prodotti<\/p>\n<h4 class=\"font-weight-bold mb-1 d-flex align-items-center\">Megan S.&#8221;Eccellente&#8221;<\/h4>\n<p><strong>Commenti: <\/strong>Questo prodotto \u00e8 meraviglioso. I miei dipendenti possono facilmente utilizzare. La formazione sul programma \u00e8 stata un gioco da ragazzi!<\/p>\n<p><strong>Vantaggi: <\/strong>La funzionalit\u00e0 \u00e8 meravigliosa<\/p>\n","protected":false},"excerpt":{"rendered":"<p>enVista offre soluzioni di gestione della vendita al dettaglio basate su cloud che aiutano gli utenti a gestire le operazioni quotidiane di un singolo negozio o di pi\u00f9 sedi in tempo reale.\u00a0La piattaforma si basa su un framework di integrazione multi-impresa per unificare il commercio e la gestione del coinvolgimento dei clienti.<\/p>\n","protected":false},"author":19,"featured_media":33142,"parent":0,"menu_order":0,"comment_status":"open","ping_status":"closed","template":"g1_template_page_review_new.php","meta":{"_acf_changed":false,"cwp_meta_box_check":"Yes","cwp_rev_product_name":"","cwp_rev_product_image":"","wppr_links":[],"cwp_rev_price":"","wppr_options":[],"wppr_pros":[],"wppr_cons":[],"_monsterinsights_skip_tracking":false,"_monsterinsights_sitenote_active":false,"_monsterinsights_sitenote_note":"","_monsterinsights_sitenote_category":0,"footnotes":""},"categories":[4285],"tags":[396,4303,4292,4290,4287,4288],"features":[],"class_list":{"0":"post-33140","1":"page","2":"type-page","3":"status-publish","4":"has-post-thumbnail","6":"category-piattaforme-di-dropshipping-categoria","7":"tag-cloud","8":"tag-envista","9":"tag-piattaforma-di-dropshipping","10":"tag-programma-di-dropshipping","11":"tag-software-di-dropshipping","12":"tag-soluzione-di-dropshipping"},"wppr_data":{"cwp_meta_box_check":"Yes","cwp_rev_product_name":"","cwp_rev_product_image":"","cwp_image_link":"image","cwp_rev_price":"","wppr_rating":"0.00"},"acf":[],"yoast_head":"<!-- This site is optimized with the Yoast SEO plugin v27.4 - https:\/\/yoast.com\/product\/yoast-seo-wordpress\/ -->\n<title>enVista: recensione software di dropshipping - Accurate Reviews<\/title>\n<meta name=\"description\" content=\"enVista: recensione soluzione gestione della vendita basate su cloud che che permette di ammonistrare le operazioni quotidiane del tuo negozio\" \/>\n<meta name=\"robots\" content=\"index, follow, max-snippet:-1, max-image-preview:large, max-video-preview:-1\" \/>\n<link rel=\"canonical\" href=\"https:\/\/www.accuratereviews.com\/it\/envista-recensione\/\" \/>\n<meta property=\"og:locale\" content=\"it_IT\" \/>\n<meta property=\"og:type\" content=\"article\" \/>\n<meta property=\"og:title\" content=\"enVista: recensione software di dropshipping - Accurate Reviews\" \/>\n<meta property=\"og:description\" content=\"enVista: recensione soluzione gestione della vendita basate su cloud che che permette di ammonistrare le operazioni quotidiane del tuo negozio\" \/>\n<meta property=\"og:url\" content=\"https:\/\/www.accuratereviews.com\/it\/envista-recensione\/\" \/>\n<meta property=\"og:site_name\" content=\"Accurate Reviews\" \/>\n<meta property=\"og:image\" content=\"https:\/\/www.accuratereviews.com\/wp-content\/uploads\/2020\/12\/envista.png\" \/>\n\t<meta property=\"og:image:width\" content=\"719\" \/>\n\t<meta property=\"og:image:height\" content=\"401\" \/>\n\t<meta property=\"og:image:type\" content=\"image\/png\" \/>\n<meta name=\"twitter:card\" content=\"summary_large_image\" \/>\n<meta name=\"twitter:label1\" content=\"Tempo di lettura stimato\" \/>\n\t<meta name=\"twitter:data1\" content=\"2 minuti\" \/>\n<script type=\"application\/ld+json\" class=\"yoast-schema-graph\">{\"@context\":\"https:\\\/\\\/schema.org\",\"@graph\":[{\"@type\":\"WebPage\",\"@id\":\"https:\\\/\\\/www.accuratereviews.com\\\/it\\\/envista-recensione\\\/\",\"url\":\"https:\\\/\\\/www.accuratereviews.com\\\/it\\\/envista-recensione\\\/\",\"name\":\"enVista: recensione software di dropshipping - Accurate Reviews\",\"isPartOf\":{\"@id\":\"https:\\\/\\\/www.accuratereviews.com\\\/it\\\/#website\"},\"primaryImageOfPage\":{\"@id\":\"https:\\\/\\\/www.accuratereviews.com\\\/it\\\/envista-recensione\\\/#primaryimage\"},\"image\":{\"@id\":\"https:\\\/\\\/www.accuratereviews.com\\\/it\\\/envista-recensione\\\/#primaryimage\"},\"thumbnailUrl\":\"https:\\\/\\\/www.accuratereviews.com\\\/wp-content\\\/uploads\\\/2020\\\/12\\\/envista.png\",\"datePublished\":\"2020-12-02T11:28:40+00:00\",\"description\":\"enVista: recensione soluzione gestione della vendita basate su cloud che che permette di ammonistrare le operazioni quotidiane del tuo negozio\",\"breadcrumb\":{\"@id\":\"https:\\\/\\\/www.accuratereviews.com\\\/it\\\/envista-recensione\\\/#breadcrumb\"},\"inLanguage\":\"it-IT\",\"potentialAction\":[{\"@type\":\"ReadAction\",\"target\":[\"https:\\\/\\\/www.accuratereviews.com\\\/it\\\/envista-recensione\\\/\"]}]},{\"@type\":\"ImageObject\",\"inLanguage\":\"it-IT\",\"@id\":\"https:\\\/\\\/www.accuratereviews.com\\\/it\\\/envista-recensione\\\/#primaryimage\",\"url\":\"https:\\\/\\\/www.accuratereviews.com\\\/wp-content\\\/uploads\\\/2020\\\/12\\\/envista.png\",\"contentUrl\":\"https:\\\/\\\/www.accuratereviews.com\\\/wp-content\\\/uploads\\\/2020\\\/12\\\/envista.png\",\"width\":719,\"height\":401},{\"@type\":\"BreadcrumbList\",\"@id\":\"https:\\\/\\\/www.accuratereviews.com\\\/it\\\/envista-recensione\\\/#breadcrumb\",\"itemListElement\":[{\"@type\":\"ListItem\",\"position\":1,\"name\":\"Home\",\"item\":\"https:\\\/\\\/www.accuratereviews.com\\\/it\\\/\"},{\"@type\":\"ListItem\",\"position\":2,\"name\":\"enVista\"}]},{\"@type\":\"WebSite\",\"@id\":\"https:\\\/\\\/www.accuratereviews.com\\\/it\\\/#website\",\"url\":\"https:\\\/\\\/www.accuratereviews.com\\\/it\\\/\",\"name\":\"Accurate Reviews\",\"description\":\"\",\"potentialAction\":[{\"@type\":\"SearchAction\",\"target\":{\"@type\":\"EntryPoint\",\"urlTemplate\":\"https:\\\/\\\/www.accuratereviews.com\\\/it\\\/?s={search_term_string}\"},\"query-input\":{\"@type\":\"PropertyValueSpecification\",\"valueRequired\":true,\"valueName\":\"search_term_string\"}}],\"inLanguage\":\"it-IT\"}]}<\/script>\n<!-- \/ Yoast SEO plugin. -->","yoast_head_json":{"title":"enVista: recensione software di dropshipping - Accurate Reviews","description":"enVista: recensione soluzione gestione della vendita basate su cloud che che permette di ammonistrare le operazioni quotidiane del tuo negozio","robots":{"index":"index","follow":"follow","max-snippet":"max-snippet:-1","max-image-preview":"max-image-preview:large","max-video-preview":"max-video-preview:-1"},"canonical":"https:\/\/www.accuratereviews.com\/it\/envista-recensione\/","og_locale":"it_IT","og_type":"article","og_title":"enVista: recensione software di dropshipping - Accurate Reviews","og_description":"enVista: recensione soluzione gestione della vendita basate su cloud che che permette di ammonistrare le operazioni quotidiane del tuo negozio","og_url":"https:\/\/www.accuratereviews.com\/it\/envista-recensione\/","og_site_name":"Accurate Reviews","og_image":[{"width":719,"height":401,"url":"https:\/\/www.accuratereviews.com\/wp-content\/uploads\/2020\/12\/envista.png","type":"image\/png"}],"twitter_card":"summary_large_image","twitter_misc":{"Tempo di lettura stimato":"2 minuti"},"schema":{"@context":"https:\/\/schema.org","@graph":[{"@type":"WebPage","@id":"https:\/\/www.accuratereviews.com\/it\/envista-recensione\/","url":"https:\/\/www.accuratereviews.com\/it\/envista-recensione\/","name":"enVista: recensione software di dropshipping - Accurate Reviews","isPartOf":{"@id":"https:\/\/www.accuratereviews.com\/it\/#website"},"primaryImageOfPage":{"@id":"https:\/\/www.accuratereviews.com\/it\/envista-recensione\/#primaryimage"},"image":{"@id":"https:\/\/www.accuratereviews.com\/it\/envista-recensione\/#primaryimage"},"thumbnailUrl":"https:\/\/www.accuratereviews.com\/wp-content\/uploads\/2020\/12\/envista.png","datePublished":"2020-12-02T11:28:40+00:00","description":"enVista: recensione soluzione gestione della vendita basate su cloud che che permette di ammonistrare le operazioni quotidiane del tuo negozio","breadcrumb":{"@id":"https:\/\/www.accuratereviews.com\/it\/envista-recensione\/#breadcrumb"},"inLanguage":"it-IT","potentialAction":[{"@type":"ReadAction","target":["https:\/\/www.accuratereviews.com\/it\/envista-recensione\/"]}]},{"@type":"ImageObject","inLanguage":"it-IT","@id":"https:\/\/www.accuratereviews.com\/it\/envista-recensione\/#primaryimage","url":"https:\/\/www.accuratereviews.com\/wp-content\/uploads\/2020\/12\/envista.png","contentUrl":"https:\/\/www.accuratereviews.com\/wp-content\/uploads\/2020\/12\/envista.png","width":719,"height":401},{"@type":"BreadcrumbList","@id":"https:\/\/www.accuratereviews.com\/it\/envista-recensione\/#breadcrumb","itemListElement":[{"@type":"ListItem","position":1,"name":"Home","item":"https:\/\/www.accuratereviews.com\/it\/"},{"@type":"ListItem","position":2,"name":"enVista"}]},{"@type":"WebSite","@id":"https:\/\/www.accuratereviews.com\/it\/#website","url":"https:\/\/www.accuratereviews.com\/it\/","name":"Accurate Reviews","description":"","potentialAction":[{"@type":"SearchAction","target":{"@type":"EntryPoint","urlTemplate":"https:\/\/www.accuratereviews.com\/it\/?s={search_term_string}"},"query-input":{"@type":"PropertyValueSpecification","valueRequired":true,"valueName":"search_term_string"}}],"inLanguage":"it-IT"}]}},"_links":{"self":[{"href":"https:\/\/www.accuratereviews.com\/it\/wp-json\/wp\/v2\/pages\/33140","targetHints":{"allow":["GET"]}}],"collection":[{"href":"https:\/\/www.accuratereviews.com\/it\/wp-json\/wp\/v2\/pages"}],"about":[{"href":"https:\/\/www.accuratereviews.com\/it\/wp-json\/wp\/v2\/types\/page"}],"author":[{"embeddable":true,"href":"https:\/\/www.accuratereviews.com\/it\/wp-json\/wp\/v2\/users\/19"}],"replies":[{"embeddable":true,"href":"https:\/\/www.accuratereviews.com\/it\/wp-json\/wp\/v2\/comments?post=33140"}],"version-history":[{"count":6,"href":"https:\/\/www.accuratereviews.com\/it\/wp-json\/wp\/v2\/pages\/33140\/revisions"}],"predecessor-version":[{"id":33164,"href":"https:\/\/www.accuratereviews.com\/it\/wp-json\/wp\/v2\/pages\/33140\/revisions\/33164"}],"wp:featuredmedia":[{"embeddable":true,"href":"https:\/\/www.accuratereviews.com\/it\/wp-json\/wp\/v2\/media\/33142"}],"wp:attachment":[{"href":"https:\/\/www.accuratereviews.com\/it\/wp-json\/wp\/v2\/media?parent=33140"}],"wp:term":[{"taxonomy":"category","embeddable":true,"href":"https:\/\/www.accuratereviews.com\/it\/wp-json\/wp\/v2\/categories?post=33140"},{"taxonomy":"post_tag","embeddable":true,"href":"https:\/\/www.accuratereviews.com\/it\/wp-json\/wp\/v2\/tags?post=33140"},{"taxonomy":"features","embeddable":true,"href":"https:\/\/www.accuratereviews.com\/it\/wp-json\/wp\/v2\/features?post=33140"}],"curies":[{"name":"wp","href":"https:\/\/api.w.org\/{rel}","templated":true}]}}