{"id":33256,"date":"2020-12-03T11:18:34","date_gmt":"2020-12-03T11:18:34","guid":{"rendered":"https:\/\/www.accuratereviews.com\/?page_id=33256"},"modified":"2021-02-10T14:24:30","modified_gmt":"2021-02-10T14:24:30","slug":"storeautomator-recensione","status":"publish","type":"page","link":"https:\/\/www.accuratereviews.com\/it\/piattaforme-di-dropshipping\/storeautomator-recensione\/","title":{"rendered":"StoreAutomator"},"content":{"rendered":"<p><strong>StoreAutomator<\/strong>\u00a0\u00e8 un\u00a0<span class=\"JLqJ4b ChMk0b\" data-language-for-alternatives=\"it\" data-language-to-translate-into=\"en\" data-phrase-index=\"1\">software permette la gestione dell&#8217;inventario e di elenchi multicanale basato su <strong>cloud,<\/strong> progettato per aiutare le piccole e medie imprese a gestire la creazione di elenchi di prodotti, la pubblicazione sul mercato, l&#8217;ottimizzazione dei dati, la formattazione, i prezzi e la mappatura. La piattaforma offre la conversione automatica della valuta e aggiornamenti per i canali internazionali. <\/span><span class=\"JLqJ4b ChMk0b\" data-language-for-alternatives=\"it\" data-language-to-translate-into=\"en\" data-phrase-index=\"1\"><span class=\"JLqJ4b\" data-language-for-alternatives=\"it\" data-language-to-translate-into=\"en\" data-phrase-index=\"3\"><strong>StoreAutomator<\/strong> include l&#8217;<strong>automazione del dropshipping.<\/strong> La dashboard di analisi<\/span><\/span><span class=\"JLqJ4b ChMk0b\" data-language-for-alternatives=\"it\" data-language-to-translate-into=\"en\" data-phrase-index=\"1\"><span class=\"JLqJ4b\" data-language-for-alternatives=\"it\" data-language-to-translate-into=\"en\" data-phrase-index=\"3\">\u00a0offre vari dati per canale, inclusi ricavi, redditivit\u00e0 e prestazioni delle varianti di prodotto. Queste analisi integrate sono incluse per aiutare i rivenditori a creare e implementare nuove strategie di business. Il modulo di gestione dei feed consente alle aziende di creare feed di prodotto per vari canali di marketing e pubblicit\u00e0 in pi\u00f9 formati come XLS, CSV, TXT e XMS. Inoltre, consente agli utenti di creare diversi canali, nonch\u00e9 feed, per gli spedizionieri.<\/span><\/span><\/p>\n<h2>STOREAUTOMATOR &#8211; TUTORIAL<\/h2>\n<p>Sostituisci i prezzi dei prodotti per canale a seconda della tua strategia ottieni il massimo dalla tua attivit\u00e0 di ecommerce multicanale. Guardiamo insieme il tutorial per capire come fare:<\/p>\n<div id=\"fluid-wrapper-counter-1\" class=\"g1-fluid-wrapper \" style=\"width:686px;\">\n<div style=\"padding-bottom:56.268221574344%;\"><iframe loading=\"lazy\" title=\"Overriding Pricing On A Channel Level\" width=\"686\" height=\"386\" src=\"https:\/\/www.youtube.com\/embed\/CtD2kYUhlu0?feature=oembed&amp;wmode=transparent&amp;autohide=1&amp;autoplay=0&amp;disablekb=0&amp;fs=1&amp;loop=0&amp;enablejsapi=1&amp;rel=0&amp;controls=2&amp;showinfo=0&amp;wmode=transparent&amp;autohide=2&amp;autoplay=0&amp;disablekb=0&amp;fs=1&amp;loop=0&amp;enablejsapi=1&amp;rel=0&amp;controls=2&amp;showinfo=1\" frameborder=\"0\" allow=\"accelerometer; autoplay; clipboard-write; encrypted-media; gyroscope; picture-in-picture\" allowfullscreen><\/iframe><\/div>\n<\/div>\n<h3>STOREAUTOMATOR &#8211; CARATTERISTICHE<\/h3>\n<ul>\n<li>Crea elenchi di prodotti da zero<\/li>\n<li>Elenca rapidamente i tuoi prodotti su Amazon o altri Marketplace in pochi minuti e aumenta le tue vendite<\/li>\n<li>Aggiorna le schede dei prodotti in base al canale<\/li>\n<li>Includi \/ escludi prodotti su canali specifici utilizzando le impostazioni<\/li>\n<li>Aggiorna \/ sincronizza le quantit\u00e0 mascherando dell&#8217;inventario (nascondi le quantit\u00e0 reali di inventario su canali specifici)<\/li>\n<li>Crea canali e feed separati per i tuoi dropshipper, rivenditori con tutte le funzionalit\u00e0 del canale.<\/li>\n<li>Formatta e mappa in modo efficace i tuoi dati di prodotto sui tuoi canali<\/li>\n<li>Crea facilmente descrizioni personalizzate utilizzando la descrizione basata sul canale e i modelli di titolo<\/li>\n<li>Personalizza i dati del prodotto (sostituisci i costi di spedizione \/ gestione per canale)<\/li>\n<li>Gestisci i tuoi carrelli della spesa<\/li>\n<li>Crea feed di prodotto per i tuoi canali di marketing e pubblicit\u00e0 in qualsiasi formato come csv, txt, xml, xls<\/li>\n<\/ul>\n<h4>LE RECENSIONI DEGLI UTENTI<\/h4>\n<h4 class=\"font-weight-bold mb-1 d-flex align-items-center\">Vladislav K.&#8221;Ottimo software, persone fantastiche, altamente raccomandato&#8221;<\/h4>\n<p><strong>Commenti: <\/strong>Lo amiamo davvero tutti nella nostra azienda.<\/p>\n<p><strong>Vantaggi: <\/strong>Molto facile da usare, molto personalizzabile con molte opzioni.\u00a0Facile da lavorare e implementare.Uno dei migliori software di elenco che abbiamo utilizzato<\/p>\n<p><strong>Inconvenienti: <\/strong>Non riesco a pensare a nessun contro.\u00a0Se avesse una connestazione nativa con Sears, Rakuten e Newegg ci aiuterebbe, ma hanno gi\u00e0 incluso newegg come connessione nativa in meno di pochi mesi, quindi siamo felici.<\/p>\n<h5 class=\"font-weight-bold mb-1 d-flex align-items-center\">Tom T.&#8221;Il miglior supporto di aziende SaaS&#8221;<\/h5>\n<p><strong>Commenti: <\/strong>Il team e il servizio sono fenomenali. Ascoltano, collaborano ed eseguono.\u00a0Con input e miglioramenti continui, il software sta cercando di diventare uno strumento potente per qualsiasi venditore di e-commerce.<\/p>\n<p><strong>Vantaggi: <\/strong>Di gran lunga il miglior servizio e risposta di qualsiasi azienda SaaS con cui abbiamo lavorato.\u00a0Il team di sviluppo di StoreAutomator \u00e8 in gamba e lavora sempre per migliorare il proprio prodotto in base all&#8217;input dei clienti.\u00a0StoreAutomator \u00e8 una soluzione all-in-one per i venditori di ecommerce multicanale e abbiamo utilizzato la loro soluzione di inserzione per creare i sui molteplici canali di vendita. Il software \u00e8 flessibile e pu\u00f2 essere personalizzato in base alle esigenze aziendali.<\/p>\n<p><strong>Inconvenienti: <\/strong>A seconda delle esigenze aziendali, la configurazione delle mappature personalizzate potrebbe richiedere del tempo a causa della curva di apprendimento per l&#8217;utente. (Il team di StoreAutomator \u00e8 fantastico ed estremamente reattivo a qualsiasi domanda e richiesta)<\/p>\n<h4 class=\"font-weight-bold mb-1 d-flex align-items-center\">Adam H.&#8221;Funzionalit\u00e0 completa e supporto attento a un prezzo ragionevole&#8221;<\/h4>\n<p><strong>Commenti: <\/strong>Il team di onboarding \u00e8 stato eccezionale e molto attento alle nostre esigenze. Hanno risolto rapidamente tutti i problemi che stavamo avendo. Sono trascorsi poco pi\u00f9 di 3 mesi dall&#8217;utilizzo del software e le cose stanno funzionando senza problemi.<\/p>\n<p><strong>Vantaggi: <\/strong>Il software gestisce tutto ci\u00f2 di cui abbiamo bisogno per la creazione di elenchi multicanale e per la gestione degli ordini e dell&#8217;inventario attraverso i canali. La sincronizzazione quasi istantanea a 2 vie con varie integrazioni \u00e8 una caratteristica interessante che non puoi ottenere con software simili che si basano solo su file flat. Mi piace il fatto che migliorino costantemente la funzionalit\u00e0 su base regolare e che siano aperti a raccomandazioni in tal senso. Nel complesso si tratta di un eccellente rapporto qualit\u00e0-prezzo.<\/p>\n<p><strong>Inconvenienti: <\/strong>Alcune delle interfacce utente possono essere semplificate un po &#8216;, ma sono comunque abbastanza funzionali. Ho visto molto peggio da altre offerte nello spazio.<\/p>\n","protected":false},"excerpt":{"rendered":"<p>StoreAutomator\u00a0\u00e8 un\u00a0software permette la\u00a0gestione dell&#8217;inventario e di elenchi multicanale basata su cloud progettata per aiutare le piccole e medie imprese a gestire la creazione di elenchi di prodotti, la pubblicazione sul mercato, l&#8217;ottimizzazione dei dati, la formattazione, i prezzi e la mappatura. La piattaforma offre la conversione automatica della valuta e aggiornamenti per i canali internazionali.\u00a0\u00a0<\/p>\n","protected":false},"author":19,"featured_media":33257,"parent":36249,"menu_order":0,"comment_status":"open","ping_status":"closed","template":"g1_template_page_review_new.php","meta":{"_acf_changed":false,"cwp_meta_box_check":"Yes","cwp_rev_product_name":"","cwp_rev_product_image":"","wppr_links":[],"cwp_rev_price":"","wppr_options":[],"wppr_pros":[],"wppr_cons":[],"_monsterinsights_skip_tracking":false,"_monsterinsights_sitenote_active":false,"_monsterinsights_sitenote_note":"","_monsterinsights_sitenote_category":0,"footnotes":""},"categories":[4285],"tags":[874,4353,396,873,459,4351,4352,4354,4355,4292,4356,4290,4345,4287,4288,4346],"features":[],"class_list":{"0":"post-33256","1":"page","2":"type-page","3":"status-publish","4":"has-post-thumbnail","6":"category-piattaforme-di-dropshipping-categoria","7":"tag-amazon","8":"tag-bronto","9":"tag-cloud","10":"tag-ebay","11":"tag-facebook","12":"tag-google-express","13":"tag-magento","14":"tag-nextopia","15":"tag-olapic","16":"tag-piattaforma-di-dropshipping","17":"tag-pixlee","18":"tag-programma-di-dropshipping","19":"tag-shopify","20":"tag-software-di-dropshipping","21":"tag-soluzione-di-dropshipping","22":"tag-woocommerce"},"wppr_data":{"cwp_meta_box_check":"Yes","cwp_rev_product_name":"","cwp_rev_product_image":"","cwp_image_link":"image","cwp_rev_price":"","wppr_rating":"0.00"},"acf":[],"yoast_head":"<!-- This site is optimized with the Yoast SEO plugin v27.4 - https:\/\/yoast.com\/product\/yoast-seo-wordpress\/ -->\n<title>StoreAutomator: recensione software di dropshipping - Accurate Reviews<\/title>\n<meta name=\"description\" content=\"StoreAutomator: recensione soluzione di dropshipping che si integra con varie applicazioni di terze parti come Amazon, eBay, Google Express.\" \/>\n<meta name=\"robots\" content=\"index, follow, max-snippet:-1, max-image-preview:large, max-video-preview:-1\" \/>\n<link rel=\"canonical\" href=\"https:\/\/www.accuratereviews.com\/it\/piattaforme-di-dropshipping\/storeautomator-recensione\/\" \/>\n<meta property=\"og:locale\" content=\"it_IT\" \/>\n<meta property=\"og:type\" content=\"article\" \/>\n<meta property=\"og:title\" content=\"StoreAutomator: recensione software di dropshipping - Accurate Reviews\" \/>\n<meta property=\"og:description\" content=\"StoreAutomator: recensione soluzione di dropshipping che si integra con varie applicazioni di terze parti come Amazon, eBay, Google Express.\" \/>\n<meta property=\"og:url\" content=\"https:\/\/www.accuratereviews.com\/it\/piattaforme-di-dropshipping\/storeautomator-recensione\/\" \/>\n<meta property=\"og:site_name\" content=\"Accurate Reviews\" \/>\n<meta property=\"article:modified_time\" content=\"2021-02-10T14:24:30+00:00\" \/>\n<meta property=\"og:image\" content=\"https:\/\/www.accuratereviews.com\/wp-content\/uploads\/2020\/12\/StoreAutomator.png\" \/>\n\t<meta property=\"og:image:width\" content=\"300\" \/>\n\t<meta property=\"og:image:height\" content=\"300\" \/>\n\t<meta property=\"og:image:type\" content=\"image\/png\" \/>\n<meta name=\"twitter:card\" content=\"summary_large_image\" \/>\n<meta name=\"twitter:label1\" content=\"Tempo di lettura stimato\" \/>\n\t<meta name=\"twitter:data1\" content=\"4 minuti\" \/>\n<script type=\"application\/ld+json\" class=\"yoast-schema-graph\">{\"@context\":\"https:\\\/\\\/schema.org\",\"@graph\":[{\"@type\":\"WebPage\",\"@id\":\"https:\\\/\\\/www.accuratereviews.com\\\/it\\\/piattaforme-di-dropshipping\\\/storeautomator-recensione\\\/\",\"url\":\"https:\\\/\\\/www.accuratereviews.com\\\/it\\\/piattaforme-di-dropshipping\\\/storeautomator-recensione\\\/\",\"name\":\"StoreAutomator: recensione software di dropshipping - Accurate Reviews\",\"isPartOf\":{\"@id\":\"https:\\\/\\\/www.accuratereviews.com\\\/it\\\/#website\"},\"primaryImageOfPage\":{\"@id\":\"https:\\\/\\\/www.accuratereviews.com\\\/it\\\/piattaforme-di-dropshipping\\\/storeautomator-recensione\\\/#primaryimage\"},\"image\":{\"@id\":\"https:\\\/\\\/www.accuratereviews.com\\\/it\\\/piattaforme-di-dropshipping\\\/storeautomator-recensione\\\/#primaryimage\"},\"thumbnailUrl\":\"https:\\\/\\\/www.accuratereviews.com\\\/wp-content\\\/uploads\\\/2020\\\/12\\\/StoreAutomator.png\",\"datePublished\":\"2020-12-03T11:18:34+00:00\",\"dateModified\":\"2021-02-10T14:24:30+00:00\",\"description\":\"StoreAutomator: recensione soluzione di dropshipping che si integra con varie applicazioni di terze parti come Amazon, eBay, Google Express.\",\"breadcrumb\":{\"@id\":\"https:\\\/\\\/www.accuratereviews.com\\\/it\\\/piattaforme-di-dropshipping\\\/storeautomator-recensione\\\/#breadcrumb\"},\"inLanguage\":\"it-IT\",\"potentialAction\":[{\"@type\":\"ReadAction\",\"target\":[\"https:\\\/\\\/www.accuratereviews.com\\\/it\\\/piattaforme-di-dropshipping\\\/storeautomator-recensione\\\/\"]}]},{\"@type\":\"ImageObject\",\"inLanguage\":\"it-IT\",\"@id\":\"https:\\\/\\\/www.accuratereviews.com\\\/it\\\/piattaforme-di-dropshipping\\\/storeautomator-recensione\\\/#primaryimage\",\"url\":\"https:\\\/\\\/www.accuratereviews.com\\\/wp-content\\\/uploads\\\/2020\\\/12\\\/StoreAutomator.png\",\"contentUrl\":\"https:\\\/\\\/www.accuratereviews.com\\\/wp-content\\\/uploads\\\/2020\\\/12\\\/StoreAutomator.png\",\"width\":300,\"height\":300},{\"@type\":\"BreadcrumbList\",\"@id\":\"https:\\\/\\\/www.accuratereviews.com\\\/it\\\/piattaforme-di-dropshipping\\\/storeautomator-recensione\\\/#breadcrumb\",\"itemListElement\":[{\"@type\":\"ListItem\",\"position\":1,\"name\":\"Home\",\"item\":\"https:\\\/\\\/www.accuratereviews.com\\\/it\\\/\"},{\"@type\":\"ListItem\",\"position\":2,\"name\":\"Piattaforme di dropshipping\",\"item\":\"https:\\\/\\\/www.accuratereviews.com\\\/it\\\/piattaforme-di-dropshipping\\\/\"},{\"@type\":\"ListItem\",\"position\":3,\"name\":\"StoreAutomator\"}]},{\"@type\":\"WebSite\",\"@id\":\"https:\\\/\\\/www.accuratereviews.com\\\/it\\\/#website\",\"url\":\"https:\\\/\\\/www.accuratereviews.com\\\/it\\\/\",\"name\":\"Accurate Reviews\",\"description\":\"\",\"potentialAction\":[{\"@type\":\"SearchAction\",\"target\":{\"@type\":\"EntryPoint\",\"urlTemplate\":\"https:\\\/\\\/www.accuratereviews.com\\\/it\\\/?s={search_term_string}\"},\"query-input\":{\"@type\":\"PropertyValueSpecification\",\"valueRequired\":true,\"valueName\":\"search_term_string\"}}],\"inLanguage\":\"it-IT\"}]}<\/script>\n<!-- \/ Yoast SEO plugin. -->","yoast_head_json":{"title":"StoreAutomator: recensione software di dropshipping - Accurate Reviews","description":"StoreAutomator: recensione soluzione di dropshipping che si integra con varie applicazioni di terze parti come Amazon, eBay, Google Express.","robots":{"index":"index","follow":"follow","max-snippet":"max-snippet:-1","max-image-preview":"max-image-preview:large","max-video-preview":"max-video-preview:-1"},"canonical":"https:\/\/www.accuratereviews.com\/it\/piattaforme-di-dropshipping\/storeautomator-recensione\/","og_locale":"it_IT","og_type":"article","og_title":"StoreAutomator: recensione software di dropshipping - Accurate Reviews","og_description":"StoreAutomator: recensione soluzione di dropshipping che si integra con varie applicazioni di terze parti come Amazon, eBay, Google Express.","og_url":"https:\/\/www.accuratereviews.com\/it\/piattaforme-di-dropshipping\/storeautomator-recensione\/","og_site_name":"Accurate Reviews","article_modified_time":"2021-02-10T14:24:30+00:00","og_image":[{"width":300,"height":300,"url":"https:\/\/www.accuratereviews.com\/wp-content\/uploads\/2020\/12\/StoreAutomator.png","type":"image\/png"}],"twitter_card":"summary_large_image","twitter_misc":{"Tempo di lettura stimato":"4 minuti"},"schema":{"@context":"https:\/\/schema.org","@graph":[{"@type":"WebPage","@id":"https:\/\/www.accuratereviews.com\/it\/piattaforme-di-dropshipping\/storeautomator-recensione\/","url":"https:\/\/www.accuratereviews.com\/it\/piattaforme-di-dropshipping\/storeautomator-recensione\/","name":"StoreAutomator: recensione software di dropshipping - Accurate Reviews","isPartOf":{"@id":"https:\/\/www.accuratereviews.com\/it\/#website"},"primaryImageOfPage":{"@id":"https:\/\/www.accuratereviews.com\/it\/piattaforme-di-dropshipping\/storeautomator-recensione\/#primaryimage"},"image":{"@id":"https:\/\/www.accuratereviews.com\/it\/piattaforme-di-dropshipping\/storeautomator-recensione\/#primaryimage"},"thumbnailUrl":"https:\/\/www.accuratereviews.com\/wp-content\/uploads\/2020\/12\/StoreAutomator.png","datePublished":"2020-12-03T11:18:34+00:00","dateModified":"2021-02-10T14:24:30+00:00","description":"StoreAutomator: recensione soluzione di dropshipping che si integra con varie applicazioni di terze parti come Amazon, eBay, Google Express.","breadcrumb":{"@id":"https:\/\/www.accuratereviews.com\/it\/piattaforme-di-dropshipping\/storeautomator-recensione\/#breadcrumb"},"inLanguage":"it-IT","potentialAction":[{"@type":"ReadAction","target":["https:\/\/www.accuratereviews.com\/it\/piattaforme-di-dropshipping\/storeautomator-recensione\/"]}]},{"@type":"ImageObject","inLanguage":"it-IT","@id":"https:\/\/www.accuratereviews.com\/it\/piattaforme-di-dropshipping\/storeautomator-recensione\/#primaryimage","url":"https:\/\/www.accuratereviews.com\/wp-content\/uploads\/2020\/12\/StoreAutomator.png","contentUrl":"https:\/\/www.accuratereviews.com\/wp-content\/uploads\/2020\/12\/StoreAutomator.png","width":300,"height":300},{"@type":"BreadcrumbList","@id":"https:\/\/www.accuratereviews.com\/it\/piattaforme-di-dropshipping\/storeautomator-recensione\/#breadcrumb","itemListElement":[{"@type":"ListItem","position":1,"name":"Home","item":"https:\/\/www.accuratereviews.com\/it\/"},{"@type":"ListItem","position":2,"name":"Piattaforme di dropshipping","item":"https:\/\/www.accuratereviews.com\/it\/piattaforme-di-dropshipping\/"},{"@type":"ListItem","position":3,"name":"StoreAutomator"}]},{"@type":"WebSite","@id":"https:\/\/www.accuratereviews.com\/it\/#website","url":"https:\/\/www.accuratereviews.com\/it\/","name":"Accurate Reviews","description":"","potentialAction":[{"@type":"SearchAction","target":{"@type":"EntryPoint","urlTemplate":"https:\/\/www.accuratereviews.com\/it\/?s={search_term_string}"},"query-input":{"@type":"PropertyValueSpecification","valueRequired":true,"valueName":"search_term_string"}}],"inLanguage":"it-IT"}]}},"_links":{"self":[{"href":"https:\/\/www.accuratereviews.com\/it\/wp-json\/wp\/v2\/pages\/33256","targetHints":{"allow":["GET"]}}],"collection":[{"href":"https:\/\/www.accuratereviews.com\/it\/wp-json\/wp\/v2\/pages"}],"about":[{"href":"https:\/\/www.accuratereviews.com\/it\/wp-json\/wp\/v2\/types\/page"}],"author":[{"embeddable":true,"href":"https:\/\/www.accuratereviews.com\/it\/wp-json\/wp\/v2\/users\/19"}],"replies":[{"embeddable":true,"href":"https:\/\/www.accuratereviews.com\/it\/wp-json\/wp\/v2\/comments?post=33256"}],"version-history":[{"count":9,"href":"https:\/\/www.accuratereviews.com\/it\/wp-json\/wp\/v2\/pages\/33256\/revisions"}],"predecessor-version":[{"id":33290,"href":"https:\/\/www.accuratereviews.com\/it\/wp-json\/wp\/v2\/pages\/33256\/revisions\/33290"}],"up":[{"embeddable":true,"href":"https:\/\/www.accuratereviews.com\/it\/wp-json\/wp\/v2\/pages\/36249"}],"wp:featuredmedia":[{"embeddable":true,"href":"https:\/\/www.accuratereviews.com\/it\/wp-json\/wp\/v2\/media\/33257"}],"wp:attachment":[{"href":"https:\/\/www.accuratereviews.com\/it\/wp-json\/wp\/v2\/media?parent=33256"}],"wp:term":[{"taxonomy":"category","embeddable":true,"href":"https:\/\/www.accuratereviews.com\/it\/wp-json\/wp\/v2\/categories?post=33256"},{"taxonomy":"post_tag","embeddable":true,"href":"https:\/\/www.accuratereviews.com\/it\/wp-json\/wp\/v2\/tags?post=33256"},{"taxonomy":"features","embeddable":true,"href":"https:\/\/www.accuratereviews.com\/it\/wp-json\/wp\/v2\/features?post=33256"}],"curies":[{"name":"wp","href":"https:\/\/api.w.org\/{rel}","templated":true}]}}