{"id":33558,"date":"2020-12-09T12:20:18","date_gmt":"2020-12-09T12:20:18","guid":{"rendered":"https:\/\/www.accuratereviews.com\/?page_id=33558"},"modified":"2021-02-10T14:26:13","modified_gmt":"2021-02-10T14:26:13","slug":"easync-recensione","status":"publish","type":"page","link":"https:\/\/www.accuratereviews.com\/it\/piattaforme-di-dropshipping\/easync-recensione\/","title":{"rendered":"Easync"},"content":{"rendered":"<p><strong>Easync<\/strong> \u00e8 <strong>una soluzione basata sul web<\/strong> che aiuta le attivit\u00e0 di ecommerce ad automatizzare le <strong>attivit\u00e0 di dropshipping<\/strong> tra cui la ricerca di prodotti, la creazione di elenchi, la revisione dei prezzi, il posizionamento degli ordini e altro ancora. Questa soluzione supporta vari mercati tra cui eBay, Amazon, AliExpress, Walmart, Best Buy e Home Depot, oltre a molti altri. La piattaforma inoltre include rapporti di analisi delle vendite e una funzione di messaggistica che pu\u00f2 essere utilizzata per comunicare direttamente con gli acquirenti. Per aiutare le aziende a cercare e scegliere i prodotti da vendere, il programma crea elenchi di &#8220;articoli interessanti&#8221; e di prodotti popolari venduti su eBay. Easync offre un&#8217;estensione di Chrome che pu\u00f2 aiutare gli utenti a creare rapidamente elenchi di prodotti per negozi online. Le funzioni di copia e incolla caricheranno automaticamente i prodotti con dati inclusi nomi, descrizioni e immagini.<\/p>\n<h2>EASYNC &#8211; TUTORIAL<\/h2>\n<p>Guardiamo come \u00e8 semplice configurare questa <strong>piattaforma di dropshipping <\/strong>con il propio negozio:<\/p>\n<div id=\"fluid-wrapper-counter-1\" class=\"g1-fluid-wrapper \" style=\"width:686px;\">\n<div style=\"padding-bottom:56.268221574344%;\"><iframe loading=\"lazy\" title=\"How to Setup your store in Easync step by step 2020\" width=\"686\" height=\"386\" src=\"https:\/\/www.youtube.com\/embed\/U1A38OzI244?feature=oembed&amp;wmode=transparent&amp;autohide=1&amp;autoplay=0&amp;disablekb=0&amp;fs=1&amp;loop=0&amp;enablejsapi=1&amp;rel=0&amp;controls=2&amp;showinfo=0&amp;wmode=transparent&amp;autohide=2&amp;autoplay=0&amp;disablekb=0&amp;fs=1&amp;loop=0&amp;enablejsapi=1&amp;rel=0&amp;controls=2&amp;showinfo=1\" frameborder=\"0\" allow=\"accelerometer; autoplay; clipboard-write; encrypted-media; gyroscope; picture-in-picture\" allowfullscreen><\/iframe><\/div>\n<\/div>\n<h3>EASYNC &#8211; CARATTERISTICHE<\/h3>\n<ul>\n<li><strong>Trova prodotti da vendere<\/strong>: cerca i prodotti pi\u00f9 venduti di eBay e crea una serie di inserzioni chiamate Hot Items. Questa strategia ha mostrato un aumento delle vendite. Gli Hot Items vengono rilasciati in base alle prestazioni di eBay, quindi questi elenchi potrebbero non apparire ogni giorno<\/li>\n<li><strong>Crea inserzioni<\/strong>: utilizzando lo strumento Chrome puoi generare facilmente inserzioni pulite e veloci per il tuo negozio. Copia e incolla gli ID prodotto nella scheda e il programma caricher\u00e0 automaticamente il titolo, la descrizione, le immagini e le caratteristiche dei prodotti nella tua scheda. Il prezzo sar\u00e0 inserito automaticamente in base alle tue impostazioni di reporting pre-impostate<\/li>\n<li><strong>Repricing<\/strong>: la soluzione trover\u00e0 il prezzo pi\u00f9 basso offerto in modo che tu abbia il prezzo competitivo per i tuoi profitti<\/li>\n<li><strong> Analisi delle tue vendite<\/strong>: le statistiche delle vendite verranno fornite ai membri come gli ordini effettuati al giorno \/ settimana \/ mese e il tasso di vendita (STR). I membri possono anche visualizzare il loro profitto giornaliero \/ settimanale \/ mensile<\/li>\n<li><strong>Ordinamento automatico<\/strong>: una volta effettuato un ordine su eBay, il software ordiner\u00e0 automaticamente l&#8217;articolo dal mercato di origine con l&#8217;indirizzo di spedizione corretto e sceglier\u00e0 la spedizione corretta in modo che l&#8217;acquirente riceva il prodotto il prima possibile. Schermate dell&#8217;ordine e il suo tracciamento saranno forniti nei dettagli dell&#8217;ordine<\/li>\n<li><strong>Messaggi<\/strong>: la soluzione fornisce anche modelli per le risposte, nonch\u00e9 l&#8217;opzione per crearne di personalizzati per le risposte rapide. Puoi inviare messaggi direttamente ai tuoi acquirenti su eBay tramite il sito. Un CRM pu\u00f2 visualizzare tutte le informazioni di cui hai bisogno in un unico posto rendendo molto pi\u00f9 facile e veloce per te rispondere ai clienti ed essere accurato nelle tue risposte<\/li>\n<\/ul>\n","protected":false},"excerpt":{"rendered":"<p>Easync \u00e8 una soluzione basata sul web che aiuta le attivit\u00e0 di ecommerce ad automatizzare le attivit\u00e0 di dropshipping tra cui la ricerca di prodotti, la creazione di elenchi, la revisione dei prezzi, il posizionamento degli ordini e altro ancora. Questa soluzione supporta vari mercati tra cui eBay, Amazon, AliExpress, Walmart, Best Buy e Home Depot, oltre a molti altri.<\/p>\n","protected":false},"author":19,"featured_media":33562,"parent":36249,"menu_order":0,"comment_status":"open","ping_status":"closed","template":"g1_template_page_review_new.php","meta":{"_acf_changed":false,"cwp_meta_box_check":"Yes","cwp_rev_product_name":"","cwp_rev_product_image":"","wppr_links":[],"cwp_rev_price":"","wppr_options":[],"wppr_pros":[],"wppr_cons":[],"_monsterinsights_skip_tracking":false,"_monsterinsights_sitenote_active":false,"_monsterinsights_sitenote_note":"","_monsterinsights_sitenote_category":0,"footnotes":""},"categories":[4285],"tags":[4452,4292,4290,4287,4288],"features":[],"class_list":{"0":"post-33558","1":"page","2":"type-page","3":"status-publish","4":"has-post-thumbnail","6":"category-piattaforme-di-dropshipping-categoria","7":"tag-easync","8":"tag-piattaforma-di-dropshipping","9":"tag-programma-di-dropshipping","10":"tag-software-di-dropshipping","11":"tag-soluzione-di-dropshipping"},"wppr_data":{"cwp_meta_box_check":"Yes","cwp_rev_product_name":"","cwp_rev_product_image":"","cwp_image_link":"image","cwp_rev_price":"","wppr_rating":"0.00"},"acf":[],"yoast_head":"<!-- This site is optimized with the Yoast SEO plugin v27.4 - https:\/\/yoast.com\/product\/yoast-seo-wordpress\/ -->\n<title>Easync: recensione software di dropshipping - Accurate Reviews<\/title>\n<meta name=\"description\" content=\"Easync: recensione soluzione basata sul web che aiuta le attivit\u00e0 di ecommerce ad automatizzare le attivit\u00e0 di dropshipping.\" \/>\n<meta name=\"robots\" content=\"index, follow, max-snippet:-1, max-image-preview:large, max-video-preview:-1\" \/>\n<link rel=\"canonical\" href=\"https:\/\/www.accuratereviews.com\/it\/piattaforme-di-dropshipping\/easync-recensione\/\" \/>\n<meta property=\"og:locale\" content=\"it_IT\" \/>\n<meta property=\"og:type\" content=\"article\" \/>\n<meta property=\"og:title\" content=\"Easync: recensione software di dropshipping - Accurate Reviews\" \/>\n<meta property=\"og:description\" content=\"Easync: recensione soluzione basata sul web che aiuta le attivit\u00e0 di ecommerce ad automatizzare le attivit\u00e0 di dropshipping.\" \/>\n<meta property=\"og:url\" content=\"https:\/\/www.accuratereviews.com\/it\/piattaforme-di-dropshipping\/easync-recensione\/\" \/>\n<meta property=\"og:site_name\" content=\"Accurate Reviews\" \/>\n<meta property=\"article:modified_time\" content=\"2021-02-10T14:26:13+00:00\" \/>\n<meta property=\"og:image\" content=\"https:\/\/www.accuratereviews.com\/wp-content\/uploads\/2020\/12\/easync-logo-Dropshipping.png\" \/>\n\t<meta property=\"og:image:width\" content=\"400\" \/>\n\t<meta property=\"og:image:height\" content=\"200\" \/>\n\t<meta property=\"og:image:type\" content=\"image\/png\" \/>\n<meta name=\"twitter:card\" content=\"summary_large_image\" \/>\n<meta name=\"twitter:label1\" content=\"Tempo di lettura stimato\" \/>\n\t<meta name=\"twitter:data1\" content=\"2 minuti\" \/>\n<script type=\"application\/ld+json\" class=\"yoast-schema-graph\">{\"@context\":\"https:\\\/\\\/schema.org\",\"@graph\":[{\"@type\":\"WebPage\",\"@id\":\"https:\\\/\\\/www.accuratereviews.com\\\/it\\\/piattaforme-di-dropshipping\\\/easync-recensione\\\/\",\"url\":\"https:\\\/\\\/www.accuratereviews.com\\\/it\\\/piattaforme-di-dropshipping\\\/easync-recensione\\\/\",\"name\":\"Easync: recensione software di dropshipping - Accurate Reviews\",\"isPartOf\":{\"@id\":\"https:\\\/\\\/www.accuratereviews.com\\\/it\\\/#website\"},\"primaryImageOfPage\":{\"@id\":\"https:\\\/\\\/www.accuratereviews.com\\\/it\\\/piattaforme-di-dropshipping\\\/easync-recensione\\\/#primaryimage\"},\"image\":{\"@id\":\"https:\\\/\\\/www.accuratereviews.com\\\/it\\\/piattaforme-di-dropshipping\\\/easync-recensione\\\/#primaryimage\"},\"thumbnailUrl\":\"https:\\\/\\\/www.accuratereviews.com\\\/wp-content\\\/uploads\\\/2020\\\/12\\\/easync-logo-Dropshipping.png\",\"datePublished\":\"2020-12-09T12:20:18+00:00\",\"dateModified\":\"2021-02-10T14:26:13+00:00\",\"description\":\"Easync: recensione soluzione basata sul web che aiuta le attivit\u00e0 di ecommerce ad automatizzare le attivit\u00e0 di dropshipping.\",\"breadcrumb\":{\"@id\":\"https:\\\/\\\/www.accuratereviews.com\\\/it\\\/piattaforme-di-dropshipping\\\/easync-recensione\\\/#breadcrumb\"},\"inLanguage\":\"it-IT\",\"potentialAction\":[{\"@type\":\"ReadAction\",\"target\":[\"https:\\\/\\\/www.accuratereviews.com\\\/it\\\/piattaforme-di-dropshipping\\\/easync-recensione\\\/\"]}]},{\"@type\":\"ImageObject\",\"inLanguage\":\"it-IT\",\"@id\":\"https:\\\/\\\/www.accuratereviews.com\\\/it\\\/piattaforme-di-dropshipping\\\/easync-recensione\\\/#primaryimage\",\"url\":\"https:\\\/\\\/www.accuratereviews.com\\\/wp-content\\\/uploads\\\/2020\\\/12\\\/easync-logo-Dropshipping.png\",\"contentUrl\":\"https:\\\/\\\/www.accuratereviews.com\\\/wp-content\\\/uploads\\\/2020\\\/12\\\/easync-logo-Dropshipping.png\",\"width\":400,\"height\":200},{\"@type\":\"BreadcrumbList\",\"@id\":\"https:\\\/\\\/www.accuratereviews.com\\\/it\\\/piattaforme-di-dropshipping\\\/easync-recensione\\\/#breadcrumb\",\"itemListElement\":[{\"@type\":\"ListItem\",\"position\":1,\"name\":\"Home\",\"item\":\"https:\\\/\\\/www.accuratereviews.com\\\/it\\\/\"},{\"@type\":\"ListItem\",\"position\":2,\"name\":\"Piattaforme di dropshipping\",\"item\":\"https:\\\/\\\/www.accuratereviews.com\\\/it\\\/piattaforme-di-dropshipping\\\/\"},{\"@type\":\"ListItem\",\"position\":3,\"name\":\"Easync\"}]},{\"@type\":\"WebSite\",\"@id\":\"https:\\\/\\\/www.accuratereviews.com\\\/it\\\/#website\",\"url\":\"https:\\\/\\\/www.accuratereviews.com\\\/it\\\/\",\"name\":\"Accurate Reviews\",\"description\":\"\",\"potentialAction\":[{\"@type\":\"SearchAction\",\"target\":{\"@type\":\"EntryPoint\",\"urlTemplate\":\"https:\\\/\\\/www.accuratereviews.com\\\/it\\\/?s={search_term_string}\"},\"query-input\":{\"@type\":\"PropertyValueSpecification\",\"valueRequired\":true,\"valueName\":\"search_term_string\"}}],\"inLanguage\":\"it-IT\"}]}<\/script>\n<!-- \/ Yoast SEO plugin. -->","yoast_head_json":{"title":"Easync: recensione software di dropshipping - Accurate Reviews","description":"Easync: recensione soluzione basata sul web che aiuta le attivit\u00e0 di ecommerce ad automatizzare le attivit\u00e0 di dropshipping.","robots":{"index":"index","follow":"follow","max-snippet":"max-snippet:-1","max-image-preview":"max-image-preview:large","max-video-preview":"max-video-preview:-1"},"canonical":"https:\/\/www.accuratereviews.com\/it\/piattaforme-di-dropshipping\/easync-recensione\/","og_locale":"it_IT","og_type":"article","og_title":"Easync: recensione software di dropshipping - Accurate Reviews","og_description":"Easync: recensione soluzione basata sul web che aiuta le attivit\u00e0 di ecommerce ad automatizzare le attivit\u00e0 di dropshipping.","og_url":"https:\/\/www.accuratereviews.com\/it\/piattaforme-di-dropshipping\/easync-recensione\/","og_site_name":"Accurate Reviews","article_modified_time":"2021-02-10T14:26:13+00:00","og_image":[{"width":400,"height":200,"url":"https:\/\/www.accuratereviews.com\/wp-content\/uploads\/2020\/12\/easync-logo-Dropshipping.png","type":"image\/png"}],"twitter_card":"summary_large_image","twitter_misc":{"Tempo di lettura stimato":"2 minuti"},"schema":{"@context":"https:\/\/schema.org","@graph":[{"@type":"WebPage","@id":"https:\/\/www.accuratereviews.com\/it\/piattaforme-di-dropshipping\/easync-recensione\/","url":"https:\/\/www.accuratereviews.com\/it\/piattaforme-di-dropshipping\/easync-recensione\/","name":"Easync: recensione software di dropshipping - Accurate Reviews","isPartOf":{"@id":"https:\/\/www.accuratereviews.com\/it\/#website"},"primaryImageOfPage":{"@id":"https:\/\/www.accuratereviews.com\/it\/piattaforme-di-dropshipping\/easync-recensione\/#primaryimage"},"image":{"@id":"https:\/\/www.accuratereviews.com\/it\/piattaforme-di-dropshipping\/easync-recensione\/#primaryimage"},"thumbnailUrl":"https:\/\/www.accuratereviews.com\/wp-content\/uploads\/2020\/12\/easync-logo-Dropshipping.png","datePublished":"2020-12-09T12:20:18+00:00","dateModified":"2021-02-10T14:26:13+00:00","description":"Easync: recensione soluzione basata sul web che aiuta le attivit\u00e0 di ecommerce ad automatizzare le attivit\u00e0 di dropshipping.","breadcrumb":{"@id":"https:\/\/www.accuratereviews.com\/it\/piattaforme-di-dropshipping\/easync-recensione\/#breadcrumb"},"inLanguage":"it-IT","potentialAction":[{"@type":"ReadAction","target":["https:\/\/www.accuratereviews.com\/it\/piattaforme-di-dropshipping\/easync-recensione\/"]}]},{"@type":"ImageObject","inLanguage":"it-IT","@id":"https:\/\/www.accuratereviews.com\/it\/piattaforme-di-dropshipping\/easync-recensione\/#primaryimage","url":"https:\/\/www.accuratereviews.com\/wp-content\/uploads\/2020\/12\/easync-logo-Dropshipping.png","contentUrl":"https:\/\/www.accuratereviews.com\/wp-content\/uploads\/2020\/12\/easync-logo-Dropshipping.png","width":400,"height":200},{"@type":"BreadcrumbList","@id":"https:\/\/www.accuratereviews.com\/it\/piattaforme-di-dropshipping\/easync-recensione\/#breadcrumb","itemListElement":[{"@type":"ListItem","position":1,"name":"Home","item":"https:\/\/www.accuratereviews.com\/it\/"},{"@type":"ListItem","position":2,"name":"Piattaforme di dropshipping","item":"https:\/\/www.accuratereviews.com\/it\/piattaforme-di-dropshipping\/"},{"@type":"ListItem","position":3,"name":"Easync"}]},{"@type":"WebSite","@id":"https:\/\/www.accuratereviews.com\/it\/#website","url":"https:\/\/www.accuratereviews.com\/it\/","name":"Accurate Reviews","description":"","potentialAction":[{"@type":"SearchAction","target":{"@type":"EntryPoint","urlTemplate":"https:\/\/www.accuratereviews.com\/it\/?s={search_term_string}"},"query-input":{"@type":"PropertyValueSpecification","valueRequired":true,"valueName":"search_term_string"}}],"inLanguage":"it-IT"}]}},"_links":{"self":[{"href":"https:\/\/www.accuratereviews.com\/it\/wp-json\/wp\/v2\/pages\/33558","targetHints":{"allow":["GET"]}}],"collection":[{"href":"https:\/\/www.accuratereviews.com\/it\/wp-json\/wp\/v2\/pages"}],"about":[{"href":"https:\/\/www.accuratereviews.com\/it\/wp-json\/wp\/v2\/types\/page"}],"author":[{"embeddable":true,"href":"https:\/\/www.accuratereviews.com\/it\/wp-json\/wp\/v2\/users\/19"}],"replies":[{"embeddable":true,"href":"https:\/\/www.accuratereviews.com\/it\/wp-json\/wp\/v2\/comments?post=33558"}],"version-history":[{"count":7,"href":"https:\/\/www.accuratereviews.com\/it\/wp-json\/wp\/v2\/pages\/33558\/revisions"}],"predecessor-version":[{"id":33593,"href":"https:\/\/www.accuratereviews.com\/it\/wp-json\/wp\/v2\/pages\/33558\/revisions\/33593"}],"up":[{"embeddable":true,"href":"https:\/\/www.accuratereviews.com\/it\/wp-json\/wp\/v2\/pages\/36249"}],"wp:featuredmedia":[{"embeddable":true,"href":"https:\/\/www.accuratereviews.com\/it\/wp-json\/wp\/v2\/media\/33562"}],"wp:attachment":[{"href":"https:\/\/www.accuratereviews.com\/it\/wp-json\/wp\/v2\/media?parent=33558"}],"wp:term":[{"taxonomy":"category","embeddable":true,"href":"https:\/\/www.accuratereviews.com\/it\/wp-json\/wp\/v2\/categories?post=33558"},{"taxonomy":"post_tag","embeddable":true,"href":"https:\/\/www.accuratereviews.com\/it\/wp-json\/wp\/v2\/tags?post=33558"},{"taxonomy":"features","embeddable":true,"href":"https:\/\/www.accuratereviews.com\/it\/wp-json\/wp\/v2\/features?post=33558"}],"curies":[{"name":"wp","href":"https:\/\/api.w.org\/{rel}","templated":true}]}}