{"id":33752,"date":"2020-12-14T12:08:08","date_gmt":"2020-12-14T12:08:08","guid":{"rendered":"https:\/\/www.accuratereviews.com\/?page_id=33752"},"modified":"2021-03-17T11:33:04","modified_gmt":"2021-03-17T11:33:04","slug":"gusto-recensione","status":"publish","type":"page","link":"https:\/\/www.accuratereviews.com\/it\/piattaforme-di-welfare-aziendale-lista\/gusto-recensione\/","title":{"rendered":"Gusto"},"content":{"rendered":"<p><strong>Gusto<\/strong> \u00e8 un <strong>servizio di risorse umane (HR)<\/strong> abilitato dalla tecnologia che consente alle piccole imprese di gestire la forza lavoro, impostare politiche di retribuzione ed elaborare le buste paga. Permette alle parti interessate di determinare la copertura sanitaria adeguata per i membri del team e offre suggerimenti di investimento per i piani di pensionamento 401 (k). Il servizio completo sul libro paga fornito da <strong>Gusto<\/strong> pu\u00f2 aiutare le aziende a tenere traccia delle ore di lavoro, misurare i dati di ore per calcolare lo stipendio, archiviare automaticamente le tasse sui salari e raccogliere dati dai moduli I-9, W-2 e 1099. Utilizza strumenti di gestione del team, che consentono alle aziende di inviare lettere di offerta, assumere nuovi collaboratori e iscrivere dipendenti per piani di benefit.<\/p>\n<h2>GUSTO &#8211; TUTORIAL<\/h2>\n<p>Questo video illustra come utilizzare la <strong>piattaforma\u00a0di welfare aziendale<\/strong> per tenere traccia dei costi della forza lavoro in tutti i progetti:<\/p>\n<div id=\"fluid-wrapper-counter-1\" class=\"g1-fluid-wrapper \" style=\"width:686px;\">\n<div style=\"padding-bottom:56.268221574344%;\"><iframe loading=\"lazy\" title=\"Project tracking | Gusto\" width=\"686\" height=\"386\" src=\"https:\/\/www.youtube.com\/embed\/FIMP97heohY?feature=oembed&amp;wmode=transparent&amp;autohide=1&amp;autoplay=0&amp;disablekb=0&amp;fs=1&amp;loop=0&amp;enablejsapi=1&amp;rel=0&amp;controls=2&amp;showinfo=0&amp;wmode=transparent&amp;autohide=2&amp;autoplay=0&amp;disablekb=0&amp;fs=1&amp;loop=0&amp;enablejsapi=1&amp;rel=0&amp;controls=2&amp;showinfo=1\" frameborder=\"0\" allow=\"accelerometer; autoplay; clipboard-write; encrypted-media; gyroscope; picture-in-picture\" allowfullscreen><\/iframe><\/div>\n<\/div>\n<h3>GUSTO &#8211; CARATTERISTICHE<\/h3>\n<ul>\n<li>Libro paga a servizio completo in 50 stati<\/li>\n<li><span class=\"JLqJ4b\" data-language-for-alternatives=\"it\" data-language-to-translate-into=\"auto\" data-phrase-index=\"1\"><span class=\"JLqJ4b ChMk0b\" data-language-for-alternatives=\"it\" data-language-to-translate-into=\"auto\" data-phrase-index=\"2\">Self service e profili dei dipendenti <\/span><\/span><\/li>\n<li><span class=\"JLqJ4b\" data-language-for-alternatives=\"it\" data-language-to-translate-into=\"auto\" data-phrase-index=\"1\"><span class=\"JLqJ4b ChMk0b\" data-language-for-alternatives=\"it\" data-language-to-translate-into=\"auto\" data-phrase-index=\"2\">Amministrazione della gestione dei lavoratori <\/span><\/span><\/li>\n<li><span class=\"JLqJ4b\" data-language-for-alternatives=\"it\" data-language-to-translate-into=\"auto\" data-phrase-index=\"1\"><span class=\"JLqJ4b ChMk0b\" data-language-for-alternatives=\"it\" data-language-to-translate-into=\"auto\" data-phrase-index=\"2\">Politiche PTO e richieste di permessi <\/span><\/span><\/li>\n<li><span class=\"JLqJ4b\" data-language-for-alternatives=\"it\" data-language-to-translate-into=\"auto\" data-phrase-index=\"1\"><span class=\"JLqJ4b ChMk0b\" data-language-for-alternatives=\"it\" data-language-to-translate-into=\"auto\" data-phrase-index=\"2\">Strumenti personalizzabili per l&#8217;inserimento dei dipendenti <\/span><\/span><\/li>\n<li><span class=\"JLqJ4b\" data-language-for-alternatives=\"it\" data-language-to-translate-into=\"auto\" data-phrase-index=\"1\"><span class=\"JLqJ4b ChMk0b\" data-language-for-alternatives=\"it\" data-language-to-translate-into=\"auto\" data-phrase-index=\"2\">Integrazioni di contabilit\u00e0 e monitoraggio del tempo<\/span><\/span><\/li>\n<li><span class=\"JLqJ4b\" data-language-for-alternatives=\"it\" data-language-to-translate-into=\"auto\" data-phrase-index=\"1\"><span class=\"JLqJ4b ChMk0b\" data-language-for-alternatives=\"it\" data-language-to-translate-into=\"auto\" data-phrase-index=\"2\">Libro paga su Autopilot<\/span><\/span><\/li>\n<li><span class=\"JLqJ4b\" data-language-for-alternatives=\"it\" data-language-to-translate-into=\"auto\" data-phrase-index=\"1\"><span class=\"JLqJ4b ChMk0b\" data-language-for-alternatives=\"it\" data-language-to-translate-into=\"auto\" data-phrase-index=\"2\">Amministrazione dell&#8217;assicurazione sanitaria <\/span><\/span><\/li>\n<li><span class=\"JLqJ4b\" data-language-for-alternatives=\"it\" data-language-to-translate-into=\"auto\" data-phrase-index=\"1\"><span class=\"JLqJ4b ChMk0b\" data-language-for-alternatives=\"it\" data-language-to-translate-into=\"auto\" data-phrase-index=\"2\">Accesso dei dipendenti a Gusto Wallet<\/span><\/span><\/li>\n<li><span class=\"JLqJ4b\" data-language-for-alternatives=\"it\" data-language-to-translate-into=\"auto\" data-phrase-index=\"1\"><span class=\"JLqJ4b ChMk0b\" data-language-for-alternatives=\"it\" data-language-to-translate-into=\"auto\" data-phrase-index=\"2\"> Offerte dei dipendenti e gestione dei documenti <\/span><\/span><\/li>\n<li><span class=\"JLqJ4b\" data-language-for-alternatives=\"it\" data-language-to-translate-into=\"auto\" data-phrase-index=\"1\"><span class=\"JLqJ4b ChMk0b\" data-language-for-alternatives=\"it\" data-language-to-translate-into=\"auto\" data-phrase-index=\"2\">Autorizzazioni Directory e sondaggi dei dipendenti <\/span><\/span><\/li>\n<li><span class=\"JLqJ4b\" data-language-for-alternatives=\"it\" data-language-to-translate-into=\"auto\" data-phrase-index=\"1\"><span class=\"JLqJ4b ChMk0b\" data-language-for-alternatives=\"it\" data-language-to-translate-into=\"auto\" data-phrase-index=\"2\">Monitoraggio del progetto e determinazione dei costi della forza lavoro<\/span><\/span><\/li>\n<\/ul>\n<h4>LE RECENSIONI DEGLI UTENTI<\/h4>\n<h4 class=\"font-weight-bold mb-1 d-flex align-items-center\">Alicia D.&#8221;Sono un avvocato del lavoro e consiglio costantemente Gusto ai miei clienti&#8221;<\/h4>\n<p><strong>Commenti: <\/strong>L&#8217;assistenza clienti \u00e8 eccezionale. Questa \u00e8 una buona compagnia. Non sono i pi\u00f9 economici ma nemmeno i pi\u00f9 costosi. Penso che il costo aggiuntivo valga la pena per garantire la conformit\u00e0.<\/p>\n<p><strong>Vantaggi: <\/strong>Gusto \u00e8 facile e diretto da usare. Ma non sacrifica la precisione per la facilit\u00e0. Quello che mi piace di pi\u00f9 di Gusto \u00e8 che rende facile per le piccole imprese essere legalmente conformi alle complicate leggi sui salari in tutte le giurisdizioni. Non ho ancora trovato un errore legale e non posso dirlo per nessun altro software o servizio per le buste paga con cui ho lavorato negli ultimi 15 anni.<\/p>\n<p><strong>Inconvenienti: <\/strong>Vorrei che il prezzo non aumentasse cos\u00ec tanto per la funzione del clock. Convincere i clienti a utilizzarlo pu\u00f2 essere una sfida e crea problemi inutili. Dovrebbe essere incluso nella tariffa base.<\/p>\n<h4 class=\"font-weight-bold mb-1 d-flex align-items-center\">William P.&#8221;Strumenti fondamentali delle risorse umane per i ragazzi&#8221;<\/h4>\n<p><strong>Commenti: <\/strong>Eccellente! Amo il loro servizio clienti, mi piace che mi tengano al corrente di quello che sta succedendo nel mondo delle leggi sulle risorse umane e sui salari. Mi piace il fatto che abbiano aiutato a trovare la pensione e le opzioni di assistenza sanitaria per i miei dipendenti in modo da poter aumentare i benefici per i miei! Sono ovviamente un grande fan di quello che stanno facendo questi ragazzi.<\/p>\n<p><strong>Vantaggi: <\/strong>Questi ragazzi mi rendono conforme al panorama in evoluzione delle risorse umane e del libro paga senza distrarmi dalle funzioni principali della mia piccola impresa. Hanno reso facile l&#8217;onboarding dal mio vecchio sistema di buste paga. Hanno trovato errori che avevo fatto e mi hanno aiutato a correggerli, quindi anche la mia storia fiscale era conforme. Il loro servizio clienti \u00e8 eccellente e sono incredibilmente soddisfatto della loro integrazione con Homebase. Super pulito!<\/p>\n<p><strong>Inconvenienti: <\/strong>Sebbene l&#8217;onboarding sia stato molto pi\u00f9 agevole di quanto mi aspettassi, \u00e8 stato comunque un po &#8216;pi\u00f9 macchinoso di quanto descritto. \u00c8 sicuramente un processo pratico.<\/p>\n<h5 class=\"font-weight-bold mb-1 d-flex align-items-center\">Coby H.&#8221;Ottimo servizio di libro paga&#8221;<\/h5>\n<p><strong>Commenti: <\/strong>Gusto sta facendo un lavoro migliore della mia precedente societ\u00e0 di buste paga per meno soldi. Sembrano davvero preoccuparsi dei loro clienti e della loro esperienza.<\/p>\n<p><strong>Vantaggi: <\/strong>Le caratteristiche del libro paga rendono molto facile gestire il libro paga. I dipendenti possono registrare i loro tempi e io posso facilmente verificarli e sincronizzarli con il libro paga. Credo che questa azienda si preoccupi davvero dei propri clienti molto pi\u00f9 del mio precedente &#8220;grande fornitore di buste paga&#8221;<\/p>\n<p><strong>Inconvenienti: <\/strong>La navigazione nel sito pu\u00f2 essere un po &#8216;difficile a volte. Devo fare qualche ricerca per trovare quello che sto cercando. La segnalazione va bene ma potrebbe migliorare.<\/p>\n","protected":false},"excerpt":{"rendered":"<p>Gusto \u00e8 un servizio di risorse umane (HR) abilitato dalla tecnologia che consente alle piccole imprese di gestire la forza lavoro, impostare politiche di retribuzione ed elaborare le buste paga. Permette alle parti interessate di determinare la copertura sanitaria adeguata per i membri del team e offre suggerimenti di investimento per i piani di pensionamento 401 (k)<\/p>\n","protected":false},"author":19,"featured_media":33756,"parent":36208,"menu_order":0,"comment_status":"open","ping_status":"closed","template":"g1_template_page_review_new.php","meta":{"_acf_changed":false,"cwp_meta_box_check":"Yes","cwp_rev_product_name":"","cwp_rev_product_image":"","wppr_links":[],"cwp_rev_price":"","wppr_options":[],"wppr_pros":[],"wppr_cons":[],"_monsterinsights_skip_tracking":false,"_monsterinsights_sitenote_active":false,"_monsterinsights_sitenote_note":"","_monsterinsights_sitenote_category":0,"footnotes":""},"categories":[4480],"tags":[4487,4488,4491,4486,4485,4481,4483,4482,4484,4489,4492,2634,1366,4490],"features":[],"class_list":{"0":"post-33752","1":"page","2":"type-page","3":"status-publish","4":"has-post-thumbnail","6":"category-piattaforme-di-welfare-aziendale","7":"tag-aplos","8":"tag-autobooks","9":"tag-clover","10":"tag-freshbooks","11":"tag-gusto","12":"tag-piattaforma-di-welfare-aziendale","13":"tag-programma-di-welfare-aziendale","14":"tag-software-di-welfare-aziendale","15":"tag-soluzione-di-welfare-aziendale","16":"tag-tsheets","17":"tag-upserve","18":"tag-vagaro","19":"tag-xero","20":"tag-ximble"},"wppr_data":{"cwp_meta_box_check":"Yes","cwp_rev_product_name":"","cwp_rev_product_image":"","cwp_image_link":"image","cwp_rev_price":"","wppr_rating":"0.00"},"acf":[],"yoast_head":"<!-- This site is optimized with the Yoast SEO plugin v27.4 - https:\/\/yoast.com\/product\/yoast-seo-wordpress\/ -->\n<title>Gusto: recensione piattaforma\u00a0di welfare aziendale - Accurate Reviews<\/title>\n<meta name=\"description\" content=\"Gusto: recensione piattaforma\u00a0di welfare aziendale che consente alle imprese di gestire la forza lavoro e l&#039;elaborazione di buste paga.\" \/>\n<meta name=\"robots\" content=\"index, follow, max-snippet:-1, max-image-preview:large, max-video-preview:-1\" \/>\n<link rel=\"canonical\" href=\"https:\/\/www.accuratereviews.com\/it\/piattaforme-di-welfare-aziendale-lista\/gusto-recensione\/\" \/>\n<meta property=\"og:locale\" content=\"it_IT\" \/>\n<meta property=\"og:type\" content=\"article\" \/>\n<meta property=\"og:title\" content=\"Gusto: recensione piattaforma\u00a0di welfare aziendale - Accurate Reviews\" \/>\n<meta property=\"og:description\" content=\"Gusto: recensione piattaforma\u00a0di welfare aziendale che consente alle imprese di gestire la forza lavoro e l&#039;elaborazione di buste paga.\" \/>\n<meta property=\"og:url\" content=\"https:\/\/www.accuratereviews.com\/it\/piattaforme-di-welfare-aziendale-lista\/gusto-recensione\/\" \/>\n<meta property=\"og:site_name\" content=\"Accurate Reviews\" \/>\n<meta property=\"article:modified_time\" content=\"2021-03-17T11:33:04+00:00\" \/>\n<meta property=\"og:image\" content=\"https:\/\/www.accuratereviews.com\/wp-content\/uploads\/2020\/12\/gusto-logo.png\" \/>\n\t<meta property=\"og:image:width\" content=\"1042\" \/>\n\t<meta property=\"og:image:height\" content=\"1042\" \/>\n\t<meta property=\"og:image:type\" content=\"image\/png\" \/>\n<meta name=\"twitter:card\" content=\"summary_large_image\" \/>\n<meta name=\"twitter:label1\" content=\"Tempo di lettura stimato\" \/>\n\t<meta name=\"twitter:data1\" content=\"3 minuti\" \/>\n<script type=\"application\/ld+json\" class=\"yoast-schema-graph\">{\"@context\":\"https:\\\/\\\/schema.org\",\"@graph\":[{\"@type\":\"WebPage\",\"@id\":\"https:\\\/\\\/www.accuratereviews.com\\\/it\\\/piattaforme-di-welfare-aziendale-lista\\\/gusto-recensione\\\/\",\"url\":\"https:\\\/\\\/www.accuratereviews.com\\\/it\\\/piattaforme-di-welfare-aziendale-lista\\\/gusto-recensione\\\/\",\"name\":\"Gusto: recensione piattaforma\u00a0di welfare aziendale - Accurate Reviews\",\"isPartOf\":{\"@id\":\"https:\\\/\\\/www.accuratereviews.com\\\/it\\\/#website\"},\"primaryImageOfPage\":{\"@id\":\"https:\\\/\\\/www.accuratereviews.com\\\/it\\\/piattaforme-di-welfare-aziendale-lista\\\/gusto-recensione\\\/#primaryimage\"},\"image\":{\"@id\":\"https:\\\/\\\/www.accuratereviews.com\\\/it\\\/piattaforme-di-welfare-aziendale-lista\\\/gusto-recensione\\\/#primaryimage\"},\"thumbnailUrl\":\"https:\\\/\\\/www.accuratereviews.com\\\/wp-content\\\/uploads\\\/2020\\\/12\\\/gusto-logo.png\",\"datePublished\":\"2020-12-14T12:08:08+00:00\",\"dateModified\":\"2021-03-17T11:33:04+00:00\",\"description\":\"Gusto: recensione piattaforma\u00a0di welfare aziendale che consente alle imprese di gestire la forza lavoro e l'elaborazione di buste paga.\",\"breadcrumb\":{\"@id\":\"https:\\\/\\\/www.accuratereviews.com\\\/it\\\/piattaforme-di-welfare-aziendale-lista\\\/gusto-recensione\\\/#breadcrumb\"},\"inLanguage\":\"it-IT\",\"potentialAction\":[{\"@type\":\"ReadAction\",\"target\":[\"https:\\\/\\\/www.accuratereviews.com\\\/it\\\/piattaforme-di-welfare-aziendale-lista\\\/gusto-recensione\\\/\"]}]},{\"@type\":\"ImageObject\",\"inLanguage\":\"it-IT\",\"@id\":\"https:\\\/\\\/www.accuratereviews.com\\\/it\\\/piattaforme-di-welfare-aziendale-lista\\\/gusto-recensione\\\/#primaryimage\",\"url\":\"https:\\\/\\\/www.accuratereviews.com\\\/wp-content\\\/uploads\\\/2020\\\/12\\\/gusto-logo.png\",\"contentUrl\":\"https:\\\/\\\/www.accuratereviews.com\\\/wp-content\\\/uploads\\\/2020\\\/12\\\/gusto-logo.png\",\"width\":1042,\"height\":1042},{\"@type\":\"BreadcrumbList\",\"@id\":\"https:\\\/\\\/www.accuratereviews.com\\\/it\\\/piattaforme-di-welfare-aziendale-lista\\\/gusto-recensione\\\/#breadcrumb\",\"itemListElement\":[{\"@type\":\"ListItem\",\"position\":1,\"name\":\"Home\",\"item\":\"https:\\\/\\\/www.accuratereviews.com\\\/it\\\/\"},{\"@type\":\"ListItem\",\"position\":2,\"name\":\"Piattaforme di welfare aziendale\",\"item\":\"https:\\\/\\\/www.accuratereviews.com\\\/it\\\/piattaforme-di-welfare-aziendale-lista\\\/\"},{\"@type\":\"ListItem\",\"position\":3,\"name\":\"Gusto\"}]},{\"@type\":\"WebSite\",\"@id\":\"https:\\\/\\\/www.accuratereviews.com\\\/it\\\/#website\",\"url\":\"https:\\\/\\\/www.accuratereviews.com\\\/it\\\/\",\"name\":\"Accurate Reviews\",\"description\":\"\",\"potentialAction\":[{\"@type\":\"SearchAction\",\"target\":{\"@type\":\"EntryPoint\",\"urlTemplate\":\"https:\\\/\\\/www.accuratereviews.com\\\/it\\\/?s={search_term_string}\"},\"query-input\":{\"@type\":\"PropertyValueSpecification\",\"valueRequired\":true,\"valueName\":\"search_term_string\"}}],\"inLanguage\":\"it-IT\"}]}<\/script>\n<!-- \/ Yoast SEO plugin. -->","yoast_head_json":{"title":"Gusto: recensione piattaforma\u00a0di welfare aziendale - Accurate Reviews","description":"Gusto: recensione piattaforma\u00a0di welfare aziendale che consente alle imprese di gestire la forza lavoro e l'elaborazione di buste paga.","robots":{"index":"index","follow":"follow","max-snippet":"max-snippet:-1","max-image-preview":"max-image-preview:large","max-video-preview":"max-video-preview:-1"},"canonical":"https:\/\/www.accuratereviews.com\/it\/piattaforme-di-welfare-aziendale-lista\/gusto-recensione\/","og_locale":"it_IT","og_type":"article","og_title":"Gusto: recensione piattaforma\u00a0di welfare aziendale - Accurate Reviews","og_description":"Gusto: recensione piattaforma\u00a0di welfare aziendale che consente alle imprese di gestire la forza lavoro e l'elaborazione di buste paga.","og_url":"https:\/\/www.accuratereviews.com\/it\/piattaforme-di-welfare-aziendale-lista\/gusto-recensione\/","og_site_name":"Accurate Reviews","article_modified_time":"2021-03-17T11:33:04+00:00","og_image":[{"width":1042,"height":1042,"url":"https:\/\/www.accuratereviews.com\/wp-content\/uploads\/2020\/12\/gusto-logo.png","type":"image\/png"}],"twitter_card":"summary_large_image","twitter_misc":{"Tempo di lettura stimato":"3 minuti"},"schema":{"@context":"https:\/\/schema.org","@graph":[{"@type":"WebPage","@id":"https:\/\/www.accuratereviews.com\/it\/piattaforme-di-welfare-aziendale-lista\/gusto-recensione\/","url":"https:\/\/www.accuratereviews.com\/it\/piattaforme-di-welfare-aziendale-lista\/gusto-recensione\/","name":"Gusto: recensione piattaforma\u00a0di welfare aziendale - Accurate Reviews","isPartOf":{"@id":"https:\/\/www.accuratereviews.com\/it\/#website"},"primaryImageOfPage":{"@id":"https:\/\/www.accuratereviews.com\/it\/piattaforme-di-welfare-aziendale-lista\/gusto-recensione\/#primaryimage"},"image":{"@id":"https:\/\/www.accuratereviews.com\/it\/piattaforme-di-welfare-aziendale-lista\/gusto-recensione\/#primaryimage"},"thumbnailUrl":"https:\/\/www.accuratereviews.com\/wp-content\/uploads\/2020\/12\/gusto-logo.png","datePublished":"2020-12-14T12:08:08+00:00","dateModified":"2021-03-17T11:33:04+00:00","description":"Gusto: recensione piattaforma\u00a0di welfare aziendale che consente alle imprese di gestire la forza lavoro e l'elaborazione di buste paga.","breadcrumb":{"@id":"https:\/\/www.accuratereviews.com\/it\/piattaforme-di-welfare-aziendale-lista\/gusto-recensione\/#breadcrumb"},"inLanguage":"it-IT","potentialAction":[{"@type":"ReadAction","target":["https:\/\/www.accuratereviews.com\/it\/piattaforme-di-welfare-aziendale-lista\/gusto-recensione\/"]}]},{"@type":"ImageObject","inLanguage":"it-IT","@id":"https:\/\/www.accuratereviews.com\/it\/piattaforme-di-welfare-aziendale-lista\/gusto-recensione\/#primaryimage","url":"https:\/\/www.accuratereviews.com\/wp-content\/uploads\/2020\/12\/gusto-logo.png","contentUrl":"https:\/\/www.accuratereviews.com\/wp-content\/uploads\/2020\/12\/gusto-logo.png","width":1042,"height":1042},{"@type":"BreadcrumbList","@id":"https:\/\/www.accuratereviews.com\/it\/piattaforme-di-welfare-aziendale-lista\/gusto-recensione\/#breadcrumb","itemListElement":[{"@type":"ListItem","position":1,"name":"Home","item":"https:\/\/www.accuratereviews.com\/it\/"},{"@type":"ListItem","position":2,"name":"Piattaforme di welfare aziendale","item":"https:\/\/www.accuratereviews.com\/it\/piattaforme-di-welfare-aziendale-lista\/"},{"@type":"ListItem","position":3,"name":"Gusto"}]},{"@type":"WebSite","@id":"https:\/\/www.accuratereviews.com\/it\/#website","url":"https:\/\/www.accuratereviews.com\/it\/","name":"Accurate Reviews","description":"","potentialAction":[{"@type":"SearchAction","target":{"@type":"EntryPoint","urlTemplate":"https:\/\/www.accuratereviews.com\/it\/?s={search_term_string}"},"query-input":{"@type":"PropertyValueSpecification","valueRequired":true,"valueName":"search_term_string"}}],"inLanguage":"it-IT"}]}},"_links":{"self":[{"href":"https:\/\/www.accuratereviews.com\/it\/wp-json\/wp\/v2\/pages\/33752","targetHints":{"allow":["GET"]}}],"collection":[{"href":"https:\/\/www.accuratereviews.com\/it\/wp-json\/wp\/v2\/pages"}],"about":[{"href":"https:\/\/www.accuratereviews.com\/it\/wp-json\/wp\/v2\/types\/page"}],"author":[{"embeddable":true,"href":"https:\/\/www.accuratereviews.com\/it\/wp-json\/wp\/v2\/users\/19"}],"replies":[{"embeddable":true,"href":"https:\/\/www.accuratereviews.com\/it\/wp-json\/wp\/v2\/comments?post=33752"}],"version-history":[{"count":8,"href":"https:\/\/www.accuratereviews.com\/it\/wp-json\/wp\/v2\/pages\/33752\/revisions"}],"predecessor-version":[{"id":36923,"href":"https:\/\/www.accuratereviews.com\/it\/wp-json\/wp\/v2\/pages\/33752\/revisions\/36923"}],"up":[{"embeddable":true,"href":"https:\/\/www.accuratereviews.com\/it\/wp-json\/wp\/v2\/pages\/36208"}],"wp:featuredmedia":[{"embeddable":true,"href":"https:\/\/www.accuratereviews.com\/it\/wp-json\/wp\/v2\/media\/33756"}],"wp:attachment":[{"href":"https:\/\/www.accuratereviews.com\/it\/wp-json\/wp\/v2\/media?parent=33752"}],"wp:term":[{"taxonomy":"category","embeddable":true,"href":"https:\/\/www.accuratereviews.com\/it\/wp-json\/wp\/v2\/categories?post=33752"},{"taxonomy":"post_tag","embeddable":true,"href":"https:\/\/www.accuratereviews.com\/it\/wp-json\/wp\/v2\/tags?post=33752"},{"taxonomy":"features","embeddable":true,"href":"https:\/\/www.accuratereviews.com\/it\/wp-json\/wp\/v2\/features?post=33752"}],"curies":[{"name":"wp","href":"https:\/\/api.w.org\/{rel}","templated":true}]}}