{"id":33761,"date":"2020-12-14T12:09:59","date_gmt":"2020-12-14T12:09:59","guid":{"rendered":"https:\/\/www.accuratereviews.com\/?page_id=33761"},"modified":"2021-03-17T11:33:00","modified_gmt":"2021-03-17T11:33:00","slug":"bamboohr-recensione","status":"publish","type":"page","link":"https:\/\/www.accuratereviews.com\/it\/piattaforme-di-welfare-aziendale-lista\/bamboohr-recensione\/","title":{"rendered":"BambooHR"},"content":{"rendered":"<p><strong>BambooHR<\/strong> \u00e8 un <strong>software di gestione delle risorse umane<\/strong> basato su <strong>cloud<\/strong> per le piccole e medie imprese. La soluzione offre un sistema di informazioni sulle risorse umane (HRIS) che include il monitoraggio dei candidati\u00a0(Applicant Tracking System), del tempo, elaborazione delle buste paga, amministrazione dei vantaggi, coinvolgimento dei dipendenti, promemoria automatici e analisi dei dati della forza lavoro per gestire tutto aspetti del ciclo di vita dei dipendenti. Con <strong>BambooHR<\/strong>, qualsiasi team delle risorse umane o dipartimento pu\u00f2 migliorare il processo di assunzione, gestire la retribuzione, mantenere e analizzare i dati dei dipendenti e sviluppare la cultura aziendale. Utilizzando un ATS integrato e strumenti di onboarding, il software semplifica l&#8217;intero processo di reclutamento dalle candidature all&#8217;orientamento del primo giorno. Fornisce inoltre servizi di personalizzazione, pi\u00f9 ruoli di amministratore, supporto per gli utenti e gestione dei dipendenti inattivi.<\/p>\n<h2>BAMBOOHR &#8211; TUTORIAL<\/h2>\n<p>Ecco un tutorial in cui mostra le principali funzioni di questa <strong>piattaforma di welfare aziendale:<\/strong><\/p>\n<div id=\"fluid-wrapper-counter-1\" class=\"g1-fluid-wrapper \" style=\"width:686px;\">\n<div style=\"padding-bottom:56.268221574344%;\"><iframe loading=\"lazy\" title=\"BambooHR All-in-One HR Software Overview\" width=\"686\" height=\"386\" src=\"https:\/\/www.youtube.com\/embed\/73ajvQFrU20?feature=oembed&amp;wmode=transparent&amp;autohide=1&amp;autoplay=0&amp;disablekb=0&amp;fs=1&amp;loop=0&amp;enablejsapi=1&amp;rel=0&amp;controls=2&amp;showinfo=0&amp;wmode=transparent&amp;autohide=2&amp;autoplay=0&amp;disablekb=0&amp;fs=1&amp;loop=0&amp;enablejsapi=1&amp;rel=0&amp;controls=2&amp;showinfo=1\" frameborder=\"0\" allow=\"accelerometer; autoplay; clipboard-write; encrypted-media; gyroscope; picture-in-picture\" allowfullscreen><\/iframe><\/div>\n<\/div>\n<h3>BAMBOOHR &#8211; CARATTERISTICHE<\/h3>\n<ul>\n<li><strong>Diventa un esperto dei dati dei dipendenti<\/strong>: <span class=\"JLqJ4b ChMk0b\" data-language-for-alternatives=\"it\" data-language-to-translate-into=\"auto\" data-phrase-index=\"4\">le categorie standard come le informazioni personali e di pagamento a tutti i dati personalizzati che desideri, hai il pieno controllo su tutti i tuoi dati chiave in un unico posto, accessibile da qualsiasi luogo<\/span><\/li>\n<li><strong>Metti fine agli errori di doppia immissione dati e agli aggiornamenti multipli:<\/strong> i tuoi dati risiedono in un database centrale delle risorse umane che comunica con tutte le altre funzionalit\u00e0 del software, comprese le integrazioni di terze parti, cos\u00ec puoi inserire, aggiornare e controllare i record dei dipendenti in un istante<\/li>\n<li><strong>Personalizza i tuoi campi per monitorare quello che vuoi:<\/strong> i<span class=\"JLqJ4b ChMk0b\" data-language-for-alternatives=\"it\" data-language-to-translate-into=\"auto\" data-phrase-index=\"4\">n un database, avrai tutte le informazioni necessarie per mantenere la tua organizzazione aggiornata da allocazioni di apparecchiature per ufficio, taglie di t-shirt o generi musicali preferiti nessuna informazione \u00e8 meno importante di altre<\/span><\/li>\n<li><strong>Mantieni i tuoi dati al sicuro e la tua azienda conforme<\/strong>:<span class=\"JLqJ4b\" data-language-for-alternatives=\"it\" data-language-to-translate-into=\"auto\" data-phrase-index=\"1\">\u00a0i<span class=\"JLqJ4b ChMk0b\" data-language-for-alternatives=\"it\" data-language-to-translate-into=\"auto\" data-phrase-index=\"2\">l software di database dei dipendenti garantisce precisione e sicurezza a livello aziendale per i tuoi dati. Prende precauzioni per mantenere i tuoi dati al sicuro, rendendoti pi\u00f9 facile mantenere la conformit\u00e0<\/span><\/span><\/li>\n<li><strong>Un calendario di facile lettura per tutti<\/strong>: il calendario dell&#8217;applicazione offre una visione chiara di chi \u00e8 in ufficio e di chi \u00e8 a riposo, il che rende facile per i manager coordinare la copertura, mantenere l&#8217;esperienza del cliente e impedire che il lavoro si accumuli<\/li>\n<\/ul>\n<h4>LE RECENSIONE DEGLI UTENTI<\/h4>\n<h5 class=\"font-weight-bold mb-1 d-flex align-items-center\">Slam J.&#8221;Interfaccia pulita e facile da usare&#8221;<\/h5>\n<p><strong>Commenti: <\/strong>Nel complesso, \u00e8 un ottimo modo per gestire un&#8217;ampia variet\u00e0 di &#8220;must have&#8221; sul posto di lavoro.<\/p>\n<p><strong>Vantaggi: <\/strong>Molto intuitivo e ben progettato. Stipendi facili da monitorare, annunci aziendali e obiettivi personali.<\/p>\n<p><strong>Inconvenienti: <\/strong>Quando scrivevo obiettivi personali o informazioni sulla revisione annuale, il sito web mi disconnetteva automaticamente, senza salvare il lavoro. Questo \u00e8 successo quasi ogni anno dopo che ho passato quasi un&#8217;ora a scrivere, e poi POOF! tutto perso. Alla fine ho pensato di salvare man mano che procedevo, ma ho perso almeno 6 ore del mio tempo con questa funzione per circa 2,5 anni da quando la societ\u00e0 ha adottato il programma.<\/p>\n<h4 class=\"font-weight-bold mb-1 d-flex align-items-center\">Danielle C.&#8221;BambooHR &#8211; 10\/10 lo consiglierei&#8221;<\/h4>\n<p><strong>Commenti: <\/strong>Nel complesso, \u00e8 stata davvero un&#8217;ottima esperienza come implementatore, amministratore e utente.<\/p>\n<p><strong>Vantaggi: <\/strong>Ho sostenuto BambooHR per la mia azienda come primo HRIS e credevo che sarebbe stato un grande vantaggio per la nostra azienda, e lo \u00e8 stato. \u00c8 un mio grande diritto di vantarmi aver trovato BambooHR a una conferenza, convinto il mio capo ad adottarlo, e eseguito il roll-out e ha coinvolto la maggior parte del personale con esso come concetto. Quindi, mi piacciono la maggior parte delle cose di BambooHR. \u00c8 intuitivo sia per gli utenti che per gli amministratori. La configurazione \u00e8 stata semplice quanto la configurazione di un nuovo software a livello aziendale, con un servizio clienti pratico e un solido centro informazioni. Lo strumento di assunzione \u00e8 fenomenale e ho ricevuto cos\u00ec tanti commenti positivi dai manager su quanto sia stato semplice il loro processo di assunzione con questo strumento. Mi piace il modo in cui puoi inviare suggerimenti software al servizio clienti e che prendono in considerazione il tuo feedback e nuove funzionalit\u00e0 vengono implementate costantemente. \u00c8 semplicemente un ottimo posto per tenere tutto e rendere le risorse umane pi\u00f9 efficienti, ed \u00e8 uno strumento super dinamico.<\/p>\n<p><strong>Inconvenienti: <\/strong>Onestamente, non c&#8217;\u00e8 molto che non mi piace del software. Quando l&#8217;abbiamo ottenuto per la prima volta, direi la sua mancanza di integrazione del libro paga, ma da allora \u00e8 stato integrato il libro paga TRAX con il software, a cui il nostro team contabile sta ora passando.<\/p>\n<h4 class=\"font-weight-bold mb-1 d-flex align-items-center\">Emily M.&#8221;Questo software ci semplifica la vita!&#8221;<\/h4>\n<p><strong>Commenti: <\/strong>Abbiamo implementato Bamboo dopo aver raggiunto oltre 50 dipendenti e aver realizzato che non potevamo pi\u00f9 gestire le nostre risorse umane su carta \/ Excel. Lo usiamo per il monitoraggio dei candidati, il flusso di lavoro (onboarding, offboarding, modifiche, ecc.), Il monitoraggio della PTO e la gestione delle prestazioni. Ci ha risparmiato molte, molte ore di lavoro automatizzando i nostri processi.<\/p>\n<p><strong>Vantaggi: <\/strong>Bamboo \u00e8 estremamente facile da usare. Anche le funzioni di amministrazione sono facili da usare.<\/p>\n<p><strong>Inconvenienti: <\/strong>Niente. Quando abbiamo implementato per la prima volta, c&#8217;erano alcune funzionalit\u00e0 che avremmo voluto avere, come pi\u00f9 approvatori sui moduli. Abbiamo passato questi suggerimenti a Bamboo e alla fine sono state aggiunte quelle funzionalit\u00e0.<\/p>\n","protected":false},"excerpt":{"rendered":"<p>BambooHR \u00e8 un software di gestione delle risorse umane basata su cloud per le piccole e medie imprese. La soluzione offre un sistema di informazioni sulle risorse umane (HRIS) che include il monitoraggio dei candidati\u00a0(Applicant Tracking System), del tempo, elaborazione delle buste paga, amministrazione dei vantaggi, coinvolgimento dei dipendenti, promemoria automatici e analisi dei dati della forza lavoro per gestire tutto aspetti del ciclo di vita dei dipendenti.<\/p>\n","protected":false},"author":19,"featured_media":33763,"parent":36208,"menu_order":0,"comment_status":"open","ping_status":"closed","template":"g1_template_page_review_new.php","meta":{"_acf_changed":false,"cwp_meta_box_check":"Yes","cwp_rev_product_name":"","cwp_rev_product_image":"","wppr_links":[],"cwp_rev_price":"","wppr_options":[],"wppr_pros":[],"wppr_cons":[],"_monsterinsights_skip_tracking":false,"_monsterinsights_sitenote_active":false,"_monsterinsights_sitenote_note":"","_monsterinsights_sitenote_category":0,"footnotes":""},"categories":[4480],"tags":[3236,396,4497,4493,4495,4496,4482,4494],"features":[],"class_list":{"0":"post-33761","1":"page","2":"type-page","3":"status-publish","4":"has-post-thumbnail","6":"category-piattaforme-di-welfare-aziendale","7":"tag-bamboohr","8":"tag-cloud","9":"tag-gestione-risorse-umane","10":"tag-piattaforme-di-welfare-aziendale","11":"tag-programma-welfare-aziendale","12":"tag-risorse-umane","13":"tag-software-di-welfare-aziendale","14":"tag-soluzione-welfare-aziendale"},"wppr_data":{"cwp_meta_box_check":"Yes","cwp_rev_product_name":"","cwp_rev_product_image":"","cwp_image_link":"image","cwp_rev_price":"","wppr_rating":"0.00"},"acf":[],"yoast_head":"<!-- This site is optimized with the Yoast SEO plugin v27.4 - https:\/\/yoast.com\/product\/yoast-seo-wordpress\/ -->\n<title>BambooHR: recensione software welfare aziendale - Accurate Reviews<\/title>\n<meta name=\"description\" content=\"BambooHR: recensione software di gestione delle risorse umane basata su cloud per le piccole e medie imprese.\" \/>\n<meta name=\"robots\" content=\"index, follow, max-snippet:-1, max-image-preview:large, max-video-preview:-1\" \/>\n<link rel=\"canonical\" href=\"https:\/\/www.accuratereviews.com\/it\/piattaforme-di-welfare-aziendale-lista\/bamboohr-recensione\/\" \/>\n<meta property=\"og:locale\" content=\"it_IT\" \/>\n<meta property=\"og:type\" content=\"article\" \/>\n<meta property=\"og:title\" content=\"BambooHR: recensione software welfare aziendale - Accurate Reviews\" \/>\n<meta property=\"og:description\" content=\"BambooHR: recensione software di gestione delle risorse umane basata su cloud per le piccole e medie imprese.\" \/>\n<meta property=\"og:url\" content=\"https:\/\/www.accuratereviews.com\/it\/piattaforme-di-welfare-aziendale-lista\/bamboohr-recensione\/\" \/>\n<meta property=\"og:site_name\" content=\"Accurate Reviews\" \/>\n<meta property=\"article:modified_time\" content=\"2021-03-17T11:33:00+00:00\" \/>\n<meta property=\"og:image\" content=\"https:\/\/www.accuratereviews.com\/wp-content\/uploads\/2020\/12\/bamboohr-logo.png\" \/>\n\t<meta property=\"og:image:width\" content=\"260\" \/>\n\t<meta property=\"og:image:height\" content=\"200\" \/>\n\t<meta property=\"og:image:type\" content=\"image\/png\" \/>\n<meta name=\"twitter:card\" content=\"summary_large_image\" \/>\n<meta name=\"twitter:label1\" content=\"Tempo di lettura stimato\" \/>\n\t<meta name=\"twitter:data1\" content=\"4 minuti\" \/>\n<script type=\"application\/ld+json\" class=\"yoast-schema-graph\">{\"@context\":\"https:\\\/\\\/schema.org\",\"@graph\":[{\"@type\":\"WebPage\",\"@id\":\"https:\\\/\\\/www.accuratereviews.com\\\/it\\\/piattaforme-di-welfare-aziendale-lista\\\/bamboohr-recensione\\\/\",\"url\":\"https:\\\/\\\/www.accuratereviews.com\\\/it\\\/piattaforme-di-welfare-aziendale-lista\\\/bamboohr-recensione\\\/\",\"name\":\"BambooHR: recensione software welfare aziendale - Accurate Reviews\",\"isPartOf\":{\"@id\":\"https:\\\/\\\/www.accuratereviews.com\\\/it\\\/#website\"},\"primaryImageOfPage\":{\"@id\":\"https:\\\/\\\/www.accuratereviews.com\\\/it\\\/piattaforme-di-welfare-aziendale-lista\\\/bamboohr-recensione\\\/#primaryimage\"},\"image\":{\"@id\":\"https:\\\/\\\/www.accuratereviews.com\\\/it\\\/piattaforme-di-welfare-aziendale-lista\\\/bamboohr-recensione\\\/#primaryimage\"},\"thumbnailUrl\":\"https:\\\/\\\/www.accuratereviews.com\\\/wp-content\\\/uploads\\\/2020\\\/12\\\/bamboohr-logo.png\",\"datePublished\":\"2020-12-14T12:09:59+00:00\",\"dateModified\":\"2021-03-17T11:33:00+00:00\",\"description\":\"BambooHR: recensione software di gestione delle risorse umane basata su cloud per le piccole e medie imprese.\",\"breadcrumb\":{\"@id\":\"https:\\\/\\\/www.accuratereviews.com\\\/it\\\/piattaforme-di-welfare-aziendale-lista\\\/bamboohr-recensione\\\/#breadcrumb\"},\"inLanguage\":\"it-IT\",\"potentialAction\":[{\"@type\":\"ReadAction\",\"target\":[\"https:\\\/\\\/www.accuratereviews.com\\\/it\\\/piattaforme-di-welfare-aziendale-lista\\\/bamboohr-recensione\\\/\"]}]},{\"@type\":\"ImageObject\",\"inLanguage\":\"it-IT\",\"@id\":\"https:\\\/\\\/www.accuratereviews.com\\\/it\\\/piattaforme-di-welfare-aziendale-lista\\\/bamboohr-recensione\\\/#primaryimage\",\"url\":\"https:\\\/\\\/www.accuratereviews.com\\\/wp-content\\\/uploads\\\/2020\\\/12\\\/bamboohr-logo.png\",\"contentUrl\":\"https:\\\/\\\/www.accuratereviews.com\\\/wp-content\\\/uploads\\\/2020\\\/12\\\/bamboohr-logo.png\",\"width\":260,\"height\":200},{\"@type\":\"BreadcrumbList\",\"@id\":\"https:\\\/\\\/www.accuratereviews.com\\\/it\\\/piattaforme-di-welfare-aziendale-lista\\\/bamboohr-recensione\\\/#breadcrumb\",\"itemListElement\":[{\"@type\":\"ListItem\",\"position\":1,\"name\":\"Home\",\"item\":\"https:\\\/\\\/www.accuratereviews.com\\\/it\\\/\"},{\"@type\":\"ListItem\",\"position\":2,\"name\":\"Piattaforme di welfare aziendale\",\"item\":\"https:\\\/\\\/www.accuratereviews.com\\\/it\\\/piattaforme-di-welfare-aziendale-lista\\\/\"},{\"@type\":\"ListItem\",\"position\":3,\"name\":\"BambooHR\"}]},{\"@type\":\"WebSite\",\"@id\":\"https:\\\/\\\/www.accuratereviews.com\\\/it\\\/#website\",\"url\":\"https:\\\/\\\/www.accuratereviews.com\\\/it\\\/\",\"name\":\"Accurate Reviews\",\"description\":\"\",\"potentialAction\":[{\"@type\":\"SearchAction\",\"target\":{\"@type\":\"EntryPoint\",\"urlTemplate\":\"https:\\\/\\\/www.accuratereviews.com\\\/it\\\/?s={search_term_string}\"},\"query-input\":{\"@type\":\"PropertyValueSpecification\",\"valueRequired\":true,\"valueName\":\"search_term_string\"}}],\"inLanguage\":\"it-IT\"}]}<\/script>\n<!-- \/ Yoast SEO plugin. -->","yoast_head_json":{"title":"BambooHR: recensione software welfare aziendale - Accurate Reviews","description":"BambooHR: recensione software di gestione delle risorse umane basata su cloud per le piccole e medie imprese.","robots":{"index":"index","follow":"follow","max-snippet":"max-snippet:-1","max-image-preview":"max-image-preview:large","max-video-preview":"max-video-preview:-1"},"canonical":"https:\/\/www.accuratereviews.com\/it\/piattaforme-di-welfare-aziendale-lista\/bamboohr-recensione\/","og_locale":"it_IT","og_type":"article","og_title":"BambooHR: recensione software welfare aziendale - Accurate Reviews","og_description":"BambooHR: recensione software di gestione delle risorse umane basata su cloud per le piccole e medie imprese.","og_url":"https:\/\/www.accuratereviews.com\/it\/piattaforme-di-welfare-aziendale-lista\/bamboohr-recensione\/","og_site_name":"Accurate Reviews","article_modified_time":"2021-03-17T11:33:00+00:00","og_image":[{"width":260,"height":200,"url":"https:\/\/www.accuratereviews.com\/wp-content\/uploads\/2020\/12\/bamboohr-logo.png","type":"image\/png"}],"twitter_card":"summary_large_image","twitter_misc":{"Tempo di lettura stimato":"4 minuti"},"schema":{"@context":"https:\/\/schema.org","@graph":[{"@type":"WebPage","@id":"https:\/\/www.accuratereviews.com\/it\/piattaforme-di-welfare-aziendale-lista\/bamboohr-recensione\/","url":"https:\/\/www.accuratereviews.com\/it\/piattaforme-di-welfare-aziendale-lista\/bamboohr-recensione\/","name":"BambooHR: recensione software welfare aziendale - Accurate Reviews","isPartOf":{"@id":"https:\/\/www.accuratereviews.com\/it\/#website"},"primaryImageOfPage":{"@id":"https:\/\/www.accuratereviews.com\/it\/piattaforme-di-welfare-aziendale-lista\/bamboohr-recensione\/#primaryimage"},"image":{"@id":"https:\/\/www.accuratereviews.com\/it\/piattaforme-di-welfare-aziendale-lista\/bamboohr-recensione\/#primaryimage"},"thumbnailUrl":"https:\/\/www.accuratereviews.com\/wp-content\/uploads\/2020\/12\/bamboohr-logo.png","datePublished":"2020-12-14T12:09:59+00:00","dateModified":"2021-03-17T11:33:00+00:00","description":"BambooHR: recensione software di gestione delle risorse umane basata su cloud per le piccole e medie imprese.","breadcrumb":{"@id":"https:\/\/www.accuratereviews.com\/it\/piattaforme-di-welfare-aziendale-lista\/bamboohr-recensione\/#breadcrumb"},"inLanguage":"it-IT","potentialAction":[{"@type":"ReadAction","target":["https:\/\/www.accuratereviews.com\/it\/piattaforme-di-welfare-aziendale-lista\/bamboohr-recensione\/"]}]},{"@type":"ImageObject","inLanguage":"it-IT","@id":"https:\/\/www.accuratereviews.com\/it\/piattaforme-di-welfare-aziendale-lista\/bamboohr-recensione\/#primaryimage","url":"https:\/\/www.accuratereviews.com\/wp-content\/uploads\/2020\/12\/bamboohr-logo.png","contentUrl":"https:\/\/www.accuratereviews.com\/wp-content\/uploads\/2020\/12\/bamboohr-logo.png","width":260,"height":200},{"@type":"BreadcrumbList","@id":"https:\/\/www.accuratereviews.com\/it\/piattaforme-di-welfare-aziendale-lista\/bamboohr-recensione\/#breadcrumb","itemListElement":[{"@type":"ListItem","position":1,"name":"Home","item":"https:\/\/www.accuratereviews.com\/it\/"},{"@type":"ListItem","position":2,"name":"Piattaforme di welfare aziendale","item":"https:\/\/www.accuratereviews.com\/it\/piattaforme-di-welfare-aziendale-lista\/"},{"@type":"ListItem","position":3,"name":"BambooHR"}]},{"@type":"WebSite","@id":"https:\/\/www.accuratereviews.com\/it\/#website","url":"https:\/\/www.accuratereviews.com\/it\/","name":"Accurate Reviews","description":"","potentialAction":[{"@type":"SearchAction","target":{"@type":"EntryPoint","urlTemplate":"https:\/\/www.accuratereviews.com\/it\/?s={search_term_string}"},"query-input":{"@type":"PropertyValueSpecification","valueRequired":true,"valueName":"search_term_string"}}],"inLanguage":"it-IT"}]}},"_links":{"self":[{"href":"https:\/\/www.accuratereviews.com\/it\/wp-json\/wp\/v2\/pages\/33761","targetHints":{"allow":["GET"]}}],"collection":[{"href":"https:\/\/www.accuratereviews.com\/it\/wp-json\/wp\/v2\/pages"}],"about":[{"href":"https:\/\/www.accuratereviews.com\/it\/wp-json\/wp\/v2\/types\/page"}],"author":[{"embeddable":true,"href":"https:\/\/www.accuratereviews.com\/it\/wp-json\/wp\/v2\/users\/19"}],"replies":[{"embeddable":true,"href":"https:\/\/www.accuratereviews.com\/it\/wp-json\/wp\/v2\/comments?post=33761"}],"version-history":[{"count":8,"href":"https:\/\/www.accuratereviews.com\/it\/wp-json\/wp\/v2\/pages\/33761\/revisions"}],"predecessor-version":[{"id":36903,"href":"https:\/\/www.accuratereviews.com\/it\/wp-json\/wp\/v2\/pages\/33761\/revisions\/36903"}],"up":[{"embeddable":true,"href":"https:\/\/www.accuratereviews.com\/it\/wp-json\/wp\/v2\/pages\/36208"}],"wp:featuredmedia":[{"embeddable":true,"href":"https:\/\/www.accuratereviews.com\/it\/wp-json\/wp\/v2\/media\/33763"}],"wp:attachment":[{"href":"https:\/\/www.accuratereviews.com\/it\/wp-json\/wp\/v2\/media?parent=33761"}],"wp:term":[{"taxonomy":"category","embeddable":true,"href":"https:\/\/www.accuratereviews.com\/it\/wp-json\/wp\/v2\/categories?post=33761"},{"taxonomy":"post_tag","embeddable":true,"href":"https:\/\/www.accuratereviews.com\/it\/wp-json\/wp\/v2\/tags?post=33761"},{"taxonomy":"features","embeddable":true,"href":"https:\/\/www.accuratereviews.com\/it\/wp-json\/wp\/v2\/features?post=33761"}],"curies":[{"name":"wp","href":"https:\/\/api.w.org\/{rel}","templated":true}]}}