{"id":33786,"date":"2020-12-15T11:38:32","date_gmt":"2020-12-15T11:38:32","guid":{"rendered":"https:\/\/www.accuratereviews.com\/?page_id=33786"},"modified":"2021-03-17T11:33:11","modified_gmt":"2021-03-17T11:33:11","slug":"ukg-ready-recensione","status":"publish","type":"page","link":"https:\/\/www.accuratereviews.com\/it\/piattaforme-di-welfare-aziendale-lista\/ukg-ready-recensione\/","title":{"rendered":"UKG Ready"},"content":{"rendered":"<p><strong>UKG Ready<\/strong> (precedentemente <strong>Kronos Workforce Ready<\/strong>) combina la potenza di risorse umane, talento, buste paga, pianificazione e tempo per offrire un&#8217;esperienza personalizzata e incentrata sulle persone. <span class=\"JLqJ4b ChMk0b\" data-language-for-alternatives=\"it\" data-language-to-translate-into=\"en\" data-phrase-index=\"3\">Tutti i dati dei dipendenti vengono conservati in un solo database, che fornisce un&#8217;unica fonte di verit\u00e0 con report, dashboard e flussi di lavoro affidabili e comuni. I dati vengono <strong>aggiornati in tempo reale,<\/strong> in modo che i manager possano prendere decisioni accurate. Ed \u00e8 tutto disponibile sempre, ovunque e su qualsiasi dispositivo con un aspetto moderno in modo da poter soddisfare facilmente le esigenze della tua organizzazione e del tuo personale.<\/span><\/p>\n<h2>UKG READY &#8211; TUTORIAL<\/h2>\n<p>Guardiamo nello specifico quali sono le principali funzioni di questo <strong>software di welfare aziendale<\/strong>:<\/p>\n<div id=\"fluid-wrapper-counter-1\" class=\"g1-fluid-wrapper \" style=\"width:686px;\">\n<div style=\"padding-bottom:56.268221574344%;\"><iframe loading=\"lazy\" title=\"Meet UKG Ready, designed to meet your HR needs from a single solution\" width=\"686\" height=\"386\" src=\"https:\/\/www.youtube.com\/embed\/-pDImOOhW6I?feature=oembed&amp;wmode=transparent&amp;autohide=1&amp;autoplay=0&amp;disablekb=0&amp;fs=1&amp;loop=0&amp;enablejsapi=1&amp;rel=0&amp;controls=2&amp;showinfo=0&amp;wmode=transparent&amp;autohide=2&amp;autoplay=0&amp;disablekb=0&amp;fs=1&amp;loop=0&amp;enablejsapi=1&amp;rel=0&amp;controls=2&amp;showinfo=1\" frameborder=\"0\" allow=\"accelerometer; autoplay; clipboard-write; encrypted-media; gyroscope; picture-in-picture\" allowfullscreen><\/iframe><\/div>\n<\/div>\n<h3>UKG READY &#8211; CARATTERISTICHE<\/h3>\n<ul>\n<li><strong>Risorse umane<\/strong>: ottieni una visione completa e unica di tutti i dati dei tuoi dipendenti, comprese le informazioni sui tuoi team globali<\/li>\n<li><strong>Libro paga e tasse<\/strong>: scopri il motore di gestione delle paghe pi\u00f9 potente del settore e semplifica i processi fiscali pi\u00f9 complessi<\/li>\n<li><strong>Reclutamento<\/strong>: offri un&#8217;esperienza personalizzata e incentrata sul candidato ai potenziali dipendenti e rendi pi\u00f9 facile per i reclutatori valutare la soluzione giusta<\/li>\n<li><strong>Onboarding<\/strong>: rafforza il tuo rapporto con i nuovi dipendenti anche prima che inizino a lavorare e imposta il tono giusto<\/li>\n<li><strong>Gestione dei file dei dipendenti:<\/strong> vai oltre l&#8217;archiviazione dei documenti per gestire, proteggere e centralizzare in modo proattivo tutti i file dei tuoi dipendenti e garantire la conformit\u00e0<\/li>\n<li><strong>Dimensioni della forza lavoro<\/strong>: ottieni livelli di conoscenza operativa senza precedenti e ottimizza la produttivit\u00e0 e il coinvolgimento della forza lavoro<\/li>\n<li><strong>Forza lavoro pronta:<\/strong> automatizza, ridimensiona e ricevi informazioni in tempo reale sulla pianificazione, sui tempi e sui processi di gestione delle uscite per migliorare la produttivit\u00e0 e il coinvolgimento dei team di tutte le dimensioni<\/li>\n<li><strong>Gestione delle retribuzioni:<\/strong> prendi decisioni informate e significative sulla retribuzione dei tuoi dipendenti, con una soluzione retributiva flessibile e configurabile<\/li>\n<\/ul>\n<h4>LE RECENSIONI DEGLI UTENTI<\/h4>\n<h4 class=\"font-weight-bold mb-1 d-flex align-items-center\">Jana Y.&#8221;Kronos&#8221;<\/h4>\n<p><strong>Commenti: <\/strong>Nel complesso ho avuto un&#8217;ottima esperienza con Kronos. Amo la funzione di apprendimento. Ho avuto problemi solo con la nuova interfaccia.<\/p>\n<p><strong>Vantaggi: <\/strong>Adoro la facilit\u00e0 di timbrare il cartellino. L&#8217;app del telefono \u00e8 fantastica soprattutto per poter timbrare in entrata o in uscita anche quando sei offline. Adoro la funzione di tracciamento anche per l&#8217;app del telefono. Mi piace anche il modulo di segnalazione. \u00c8 molto versatile e posso creare rapporti per i gusti, i desideri e le esigenze delle persone.<\/p>\n<p><strong>Inconvenienti: <\/strong>Non mi piace affatto la nuova interfaccia. Ci vuole pi\u00f9 tempo per arrivare a tutto. Mi sento come se avessi almeno 2 o 3 clic in pi\u00f9 del mouse per arrivare ovunque devo andare. Anche il cartellino del tempo sembra pi\u00f9 disordinato e pi\u00f9 difficile da leggere per i dipendenti.<\/p>\n<h4 class=\"font-weight-bold mb-1 d-flex align-items-center\">Tifanni H.&#8221;Software molto affidabile&#8221;<\/h4>\n<p><strong>Commenti: <\/strong>Nel complesso, questo software \u00e8 ottimo da usare.<\/p>\n<p><strong>Vantaggi: <\/strong>Molto accurato nel monitoraggio delle ore dei dipendenti, delle ferie e di altri ratei.<\/p>\n<p><strong>Inconvenienti: <\/strong>Finora nessuna lamentela con questo software.<\/p>\n<h4 class=\"font-weight-bold mb-1 d-flex align-items-center\">Charlotte B.&#8221;Semplifica il monitoraggio del tempo&#8221;<\/h4>\n<p><strong>Vantaggi: <\/strong>Questo software \u00e8 ottimo per il monitoraggio del tempo del libro paga. \u00c8 incredibilmente vantaggioso in un&#8217;azienda grande perch\u00e9 riduce le attivit\u00e0 aggiuntive per la persona responsabile del libro paga. L&#8217;opzione per la verifica delle impronte digitali \u00e8 un aiuto fondamentale per garantire che la persona corretta stia effettuando l&#8217;accesso e la disconnessione. Per le aziende con pi\u00f9 sedi, hai anche la possibilit\u00e0 di programmarle tutte sulle stazioni in modo che quando i dipendenti si spostano da e verso, possano tenere in ordine le loro schede attivit\u00e0.<\/p>\n<p><strong>Inconvenienti: <\/strong>Nella mia esperienza, questo software occasionalmente presenta anomalie in cui il sistema si arresta forzando il tempo manuale. Tuttavia, \u00e8 sempre stato affrontato in modo tempestivo.<\/p>\n","protected":false},"excerpt":{"rendered":"<p>UKG Ready (precedentemente Kronos Workforce Ready) combina la potenza di risorse umane, talento, buste paga, pianificazione e tempo per offrire un&#8217;esperienza personalizzata e incentrata sulle persone che elimina il lavoro impegnato, aumenta l&#8217;efficienza e aiuta a mantenere la conformit\u00e0. Tutti i dati dei dipendenti vengono conservati in un unico database, che fornisce un&#8217;unica fonte di verit\u00e0 con report, dashboard e flussi di lavoro affidabili e comuni.<\/p>\n","protected":false},"author":19,"featured_media":33789,"parent":36208,"menu_order":0,"comment_status":"open","ping_status":"closed","template":"g1_template_page_review_new.php","meta":{"_acf_changed":false,"cwp_meta_box_check":"Yes","cwp_rev_product_name":"","cwp_rev_product_image":"","wppr_links":[],"cwp_rev_price":"","wppr_options":[],"wppr_pros":[],"wppr_cons":[],"_monsterinsights_skip_tracking":false,"_monsterinsights_sitenote_active":false,"_monsterinsights_sitenote_note":"","_monsterinsights_sitenote_category":0,"footnotes":""},"categories":[4480],"tags":[396,4498,4497,4481,4483,4482,4484],"features":[],"class_list":{"0":"post-33786","1":"page","2":"type-page","3":"status-publish","4":"has-post-thumbnail","6":"category-piattaforme-di-welfare-aziendale","7":"tag-cloud","8":"tag-gestione-del-personale","9":"tag-gestione-risorse-umane","10":"tag-piattaforma-di-welfare-aziendale","11":"tag-programma-di-welfare-aziendale","12":"tag-software-di-welfare-aziendale","13":"tag-soluzione-di-welfare-aziendale"},"wppr_data":{"cwp_meta_box_check":"Yes","cwp_rev_product_name":"","cwp_rev_product_image":"","cwp_image_link":"image","cwp_rev_price":"","wppr_rating":"0.00"},"acf":[],"yoast_head":"<!-- This site is optimized with the Yoast SEO plugin v27.4 - https:\/\/yoast.com\/product\/yoast-seo-wordpress\/ -->\n<title>UKG Ready: recensione software welfare aziendale - Accurate Reviews<\/title>\n<meta name=\"description\" content=\"UKG Ready: recensione software di welfare aziendale che aiuta le organizzazioni a ottenere migliori risultati di business.\" \/>\n<meta name=\"robots\" content=\"index, follow, max-snippet:-1, max-image-preview:large, max-video-preview:-1\" \/>\n<link rel=\"canonical\" href=\"https:\/\/www.accuratereviews.com\/it\/piattaforme-di-welfare-aziendale-lista\/ukg-ready-recensione\/\" \/>\n<meta property=\"og:locale\" content=\"it_IT\" \/>\n<meta property=\"og:type\" content=\"article\" \/>\n<meta property=\"og:title\" content=\"UKG Ready: recensione software welfare aziendale - Accurate Reviews\" \/>\n<meta property=\"og:description\" content=\"UKG Ready: recensione software di welfare aziendale che aiuta le organizzazioni a ottenere migliori risultati di business.\" \/>\n<meta property=\"og:url\" content=\"https:\/\/www.accuratereviews.com\/it\/piattaforme-di-welfare-aziendale-lista\/ukg-ready-recensione\/\" \/>\n<meta property=\"og:site_name\" content=\"Accurate Reviews\" \/>\n<meta property=\"article:modified_time\" content=\"2021-03-17T11:33:11+00:00\" \/>\n<meta property=\"og:image\" content=\"https:\/\/www.accuratereviews.com\/wp-content\/uploads\/2020\/12\/ukg.jpg\" \/>\n\t<meta property=\"og:image:width\" content=\"768\" \/>\n\t<meta property=\"og:image:height\" content=\"768\" \/>\n\t<meta property=\"og:image:type\" content=\"image\/jpeg\" \/>\n<meta name=\"twitter:card\" content=\"summary_large_image\" \/>\n<meta name=\"twitter:label1\" content=\"Tempo di lettura stimato\" \/>\n\t<meta name=\"twitter:data1\" content=\"3 minuti\" \/>\n<script type=\"application\/ld+json\" class=\"yoast-schema-graph\">{\"@context\":\"https:\\\/\\\/schema.org\",\"@graph\":[{\"@type\":\"WebPage\",\"@id\":\"https:\\\/\\\/www.accuratereviews.com\\\/it\\\/piattaforme-di-welfare-aziendale-lista\\\/ukg-ready-recensione\\\/\",\"url\":\"https:\\\/\\\/www.accuratereviews.com\\\/it\\\/piattaforme-di-welfare-aziendale-lista\\\/ukg-ready-recensione\\\/\",\"name\":\"UKG Ready: recensione software welfare aziendale - Accurate Reviews\",\"isPartOf\":{\"@id\":\"https:\\\/\\\/www.accuratereviews.com\\\/it\\\/#website\"},\"primaryImageOfPage\":{\"@id\":\"https:\\\/\\\/www.accuratereviews.com\\\/it\\\/piattaforme-di-welfare-aziendale-lista\\\/ukg-ready-recensione\\\/#primaryimage\"},\"image\":{\"@id\":\"https:\\\/\\\/www.accuratereviews.com\\\/it\\\/piattaforme-di-welfare-aziendale-lista\\\/ukg-ready-recensione\\\/#primaryimage\"},\"thumbnailUrl\":\"https:\\\/\\\/www.accuratereviews.com\\\/wp-content\\\/uploads\\\/2020\\\/12\\\/ukg.jpg\",\"datePublished\":\"2020-12-15T11:38:32+00:00\",\"dateModified\":\"2021-03-17T11:33:11+00:00\",\"description\":\"UKG Ready: recensione software di welfare aziendale che aiuta le organizzazioni a ottenere migliori risultati di business.\",\"breadcrumb\":{\"@id\":\"https:\\\/\\\/www.accuratereviews.com\\\/it\\\/piattaforme-di-welfare-aziendale-lista\\\/ukg-ready-recensione\\\/#breadcrumb\"},\"inLanguage\":\"it-IT\",\"potentialAction\":[{\"@type\":\"ReadAction\",\"target\":[\"https:\\\/\\\/www.accuratereviews.com\\\/it\\\/piattaforme-di-welfare-aziendale-lista\\\/ukg-ready-recensione\\\/\"]}]},{\"@type\":\"ImageObject\",\"inLanguage\":\"it-IT\",\"@id\":\"https:\\\/\\\/www.accuratereviews.com\\\/it\\\/piattaforme-di-welfare-aziendale-lista\\\/ukg-ready-recensione\\\/#primaryimage\",\"url\":\"https:\\\/\\\/www.accuratereviews.com\\\/wp-content\\\/uploads\\\/2020\\\/12\\\/ukg.jpg\",\"contentUrl\":\"https:\\\/\\\/www.accuratereviews.com\\\/wp-content\\\/uploads\\\/2020\\\/12\\\/ukg.jpg\",\"width\":768,\"height\":768},{\"@type\":\"BreadcrumbList\",\"@id\":\"https:\\\/\\\/www.accuratereviews.com\\\/it\\\/piattaforme-di-welfare-aziendale-lista\\\/ukg-ready-recensione\\\/#breadcrumb\",\"itemListElement\":[{\"@type\":\"ListItem\",\"position\":1,\"name\":\"Home\",\"item\":\"https:\\\/\\\/www.accuratereviews.com\\\/it\\\/\"},{\"@type\":\"ListItem\",\"position\":2,\"name\":\"Piattaforme di welfare aziendale\",\"item\":\"https:\\\/\\\/www.accuratereviews.com\\\/it\\\/piattaforme-di-welfare-aziendale-lista\\\/\"},{\"@type\":\"ListItem\",\"position\":3,\"name\":\"UKG Ready\"}]},{\"@type\":\"WebSite\",\"@id\":\"https:\\\/\\\/www.accuratereviews.com\\\/it\\\/#website\",\"url\":\"https:\\\/\\\/www.accuratereviews.com\\\/it\\\/\",\"name\":\"Accurate Reviews\",\"description\":\"\",\"potentialAction\":[{\"@type\":\"SearchAction\",\"target\":{\"@type\":\"EntryPoint\",\"urlTemplate\":\"https:\\\/\\\/www.accuratereviews.com\\\/it\\\/?s={search_term_string}\"},\"query-input\":{\"@type\":\"PropertyValueSpecification\",\"valueRequired\":true,\"valueName\":\"search_term_string\"}}],\"inLanguage\":\"it-IT\"}]}<\/script>\n<!-- \/ Yoast SEO plugin. -->","yoast_head_json":{"title":"UKG Ready: recensione software welfare aziendale - Accurate Reviews","description":"UKG Ready: recensione software di welfare aziendale che aiuta le organizzazioni a ottenere migliori risultati di business.","robots":{"index":"index","follow":"follow","max-snippet":"max-snippet:-1","max-image-preview":"max-image-preview:large","max-video-preview":"max-video-preview:-1"},"canonical":"https:\/\/www.accuratereviews.com\/it\/piattaforme-di-welfare-aziendale-lista\/ukg-ready-recensione\/","og_locale":"it_IT","og_type":"article","og_title":"UKG Ready: recensione software welfare aziendale - Accurate Reviews","og_description":"UKG Ready: recensione software di welfare aziendale che aiuta le organizzazioni a ottenere migliori risultati di business.","og_url":"https:\/\/www.accuratereviews.com\/it\/piattaforme-di-welfare-aziendale-lista\/ukg-ready-recensione\/","og_site_name":"Accurate Reviews","article_modified_time":"2021-03-17T11:33:11+00:00","og_image":[{"width":768,"height":768,"url":"https:\/\/www.accuratereviews.com\/wp-content\/uploads\/2020\/12\/ukg.jpg","type":"image\/jpeg"}],"twitter_card":"summary_large_image","twitter_misc":{"Tempo di lettura stimato":"3 minuti"},"schema":{"@context":"https:\/\/schema.org","@graph":[{"@type":"WebPage","@id":"https:\/\/www.accuratereviews.com\/it\/piattaforme-di-welfare-aziendale-lista\/ukg-ready-recensione\/","url":"https:\/\/www.accuratereviews.com\/it\/piattaforme-di-welfare-aziendale-lista\/ukg-ready-recensione\/","name":"UKG Ready: recensione software welfare aziendale - Accurate Reviews","isPartOf":{"@id":"https:\/\/www.accuratereviews.com\/it\/#website"},"primaryImageOfPage":{"@id":"https:\/\/www.accuratereviews.com\/it\/piattaforme-di-welfare-aziendale-lista\/ukg-ready-recensione\/#primaryimage"},"image":{"@id":"https:\/\/www.accuratereviews.com\/it\/piattaforme-di-welfare-aziendale-lista\/ukg-ready-recensione\/#primaryimage"},"thumbnailUrl":"https:\/\/www.accuratereviews.com\/wp-content\/uploads\/2020\/12\/ukg.jpg","datePublished":"2020-12-15T11:38:32+00:00","dateModified":"2021-03-17T11:33:11+00:00","description":"UKG Ready: recensione software di welfare aziendale che aiuta le organizzazioni a ottenere migliori risultati di business.","breadcrumb":{"@id":"https:\/\/www.accuratereviews.com\/it\/piattaforme-di-welfare-aziendale-lista\/ukg-ready-recensione\/#breadcrumb"},"inLanguage":"it-IT","potentialAction":[{"@type":"ReadAction","target":["https:\/\/www.accuratereviews.com\/it\/piattaforme-di-welfare-aziendale-lista\/ukg-ready-recensione\/"]}]},{"@type":"ImageObject","inLanguage":"it-IT","@id":"https:\/\/www.accuratereviews.com\/it\/piattaforme-di-welfare-aziendale-lista\/ukg-ready-recensione\/#primaryimage","url":"https:\/\/www.accuratereviews.com\/wp-content\/uploads\/2020\/12\/ukg.jpg","contentUrl":"https:\/\/www.accuratereviews.com\/wp-content\/uploads\/2020\/12\/ukg.jpg","width":768,"height":768},{"@type":"BreadcrumbList","@id":"https:\/\/www.accuratereviews.com\/it\/piattaforme-di-welfare-aziendale-lista\/ukg-ready-recensione\/#breadcrumb","itemListElement":[{"@type":"ListItem","position":1,"name":"Home","item":"https:\/\/www.accuratereviews.com\/it\/"},{"@type":"ListItem","position":2,"name":"Piattaforme di welfare aziendale","item":"https:\/\/www.accuratereviews.com\/it\/piattaforme-di-welfare-aziendale-lista\/"},{"@type":"ListItem","position":3,"name":"UKG Ready"}]},{"@type":"WebSite","@id":"https:\/\/www.accuratereviews.com\/it\/#website","url":"https:\/\/www.accuratereviews.com\/it\/","name":"Accurate Reviews","description":"","potentialAction":[{"@type":"SearchAction","target":{"@type":"EntryPoint","urlTemplate":"https:\/\/www.accuratereviews.com\/it\/?s={search_term_string}"},"query-input":{"@type":"PropertyValueSpecification","valueRequired":true,"valueName":"search_term_string"}}],"inLanguage":"it-IT"}]}},"_links":{"self":[{"href":"https:\/\/www.accuratereviews.com\/it\/wp-json\/wp\/v2\/pages\/33786","targetHints":{"allow":["GET"]}}],"collection":[{"href":"https:\/\/www.accuratereviews.com\/it\/wp-json\/wp\/v2\/pages"}],"about":[{"href":"https:\/\/www.accuratereviews.com\/it\/wp-json\/wp\/v2\/types\/page"}],"author":[{"embeddable":true,"href":"https:\/\/www.accuratereviews.com\/it\/wp-json\/wp\/v2\/users\/19"}],"replies":[{"embeddable":true,"href":"https:\/\/www.accuratereviews.com\/it\/wp-json\/wp\/v2\/comments?post=33786"}],"version-history":[{"count":13,"href":"https:\/\/www.accuratereviews.com\/it\/wp-json\/wp\/v2\/pages\/33786\/revisions"}],"predecessor-version":[{"id":36946,"href":"https:\/\/www.accuratereviews.com\/it\/wp-json\/wp\/v2\/pages\/33786\/revisions\/36946"}],"up":[{"embeddable":true,"href":"https:\/\/www.accuratereviews.com\/it\/wp-json\/wp\/v2\/pages\/36208"}],"wp:featuredmedia":[{"embeddable":true,"href":"https:\/\/www.accuratereviews.com\/it\/wp-json\/wp\/v2\/media\/33789"}],"wp:attachment":[{"href":"https:\/\/www.accuratereviews.com\/it\/wp-json\/wp\/v2\/media?parent=33786"}],"wp:term":[{"taxonomy":"category","embeddable":true,"href":"https:\/\/www.accuratereviews.com\/it\/wp-json\/wp\/v2\/categories?post=33786"},{"taxonomy":"post_tag","embeddable":true,"href":"https:\/\/www.accuratereviews.com\/it\/wp-json\/wp\/v2\/tags?post=33786"},{"taxonomy":"features","embeddable":true,"href":"https:\/\/www.accuratereviews.com\/it\/wp-json\/wp\/v2\/features?post=33786"}],"curies":[{"name":"wp","href":"https:\/\/api.w.org\/{rel}","templated":true}]}}