{"id":33799,"date":"2020-12-15T11:35:25","date_gmt":"2020-12-15T11:35:25","guid":{"rendered":"https:\/\/www.accuratereviews.com\/?page_id=33799"},"modified":"2021-03-17T11:33:10","modified_gmt":"2021-03-17T11:33:10","slug":"rippling-recensione","status":"publish","type":"page","link":"https:\/\/www.accuratereviews.com\/it\/piattaforme-di-welfare-aziendale-lista\/rippling-recensione\/","title":{"rendered":"Rippling"},"content":{"rendered":"<p><strong>Rippling<\/strong> \u00e8 una <strong>piattaforma IT<\/strong> e risorse umane all-in-one progettata per aiutare a gestire senza sforzo le buste paga, le trasferte , le app e i dispositivi dei tuoi dipendenti, tutto in un unico sistema. Poich\u00e9 <strong>Rippling<\/strong> collega il tuo libro paga a tutti gli altri sistemi di gestione dei dipendenti, tutti gli input e i calcoli manuali, come la ripartizione degli stipendi, la detrazione di 401k e le tasse e l&#8217;allocazione dei benefici, vengono eseguiti automaticamente, in modo da poter eseguire con precisione il libro paga in pochi minuti. Il software offre anche potenti funzionalit\u00e0 di reporting. Rapporti e grafici personalizzati consentono di tenere traccia non solo delle metriche chiave della forza lavoro, come il turnover dei dipendenti e le tendenze retributive, ma anche le metriche di produttivit\u00e0, come l&#8217;utilizzo delle app.<\/p>\n<h2>RIPPLING &#8211; TUTORIAL<\/h2>\n<p>Ecco un tutorial in cui vediamo come utilizzare al meglio questo<strong> software welfare aziendale:<\/strong><\/p>\n<div id=\"fluid-wrapper-counter-1\" class=\"g1-fluid-wrapper \" style=\"width:686px;\">\n<div style=\"padding-bottom:56.268221574344%;\"><iframe loading=\"lazy\" title=\"Rippling 5 Min Demo\" width=\"515\" height=\"386\" src=\"https:\/\/www.youtube.com\/embed\/jf-i61TdCGA?feature=oembed&amp;wmode=transparent&amp;autohide=1&amp;autoplay=0&amp;disablekb=0&amp;fs=1&amp;loop=0&amp;enablejsapi=1&amp;rel=0&amp;controls=2&amp;showinfo=0&amp;wmode=transparent&amp;autohide=2&amp;autoplay=0&amp;disablekb=0&amp;fs=1&amp;loop=0&amp;enablejsapi=1&amp;rel=0&amp;controls=2&amp;showinfo=1\" frameborder=\"0\" allow=\"accelerometer; autoplay; clipboard-write; encrypted-media; gyroscope; picture-in-picture\" allowfullscreen><\/iframe><\/div>\n<\/div>\n<h3>RIPPLING &#8211; CARATTERISTICHE<\/h3>\n<ul>\n<li><strong>Onboarding<\/strong>: imposta automaticamente nuove assunzioni in ogni sistema<\/li>\n<li><strong>Modifiche ai dipendenti<\/strong>: mantieni automaticamente aggiornati i dati sui dipendenti in ogni sistema<\/li>\n<li><strong>Offboarding<\/strong>: disattiva automaticamente i sistemi dei dipendenti quando se ne vanno<\/li>\n<li><strong>Nuove assunzioni in 90 secondi:<\/strong> basta inserire alcune informazioni di base sulle assunzioni, come lo stipendio e la data di inizio, e fare clic su &#8220;Assumi&#8221;. Da l\u00ec il software pu\u00f2 configurare e occuparsi delle buste paga, dei vantaggi, dei dispositivi, delle app, dei documenti e altro ancora dei tuoi nuovi dipendenti, il tutto in 90 secondi<\/li>\n<li><strong>Invia, firma e archivia digitalmente ogni documento<\/strong>: dall&#8217;onboarding all&#8217;offboarding, il software crea e invia automaticamente i documenti ai dipendenti per la firma e l&#8217;archiviazione online<\/li>\n<li><strong>Assegna compiti a nuovi assunti e manager<\/strong>: crea e assegna facilmente attivit\u00e0 di tutti i tipi a tutti i dipendenti e monitorali in un&#8217;unica dashboard. Automatizza i flussi di lavoro e i processi di approvazione: dai ai manager la possibilit\u00e0 di apportare modifiche, come aumenti di stipendio, senza rinunciare al tuo controllo<\/li>\n<li><strong>Crea qualsiasi rapporto tu possa pensare:<\/strong> genera report e grafici personalizzati utilizzando tutti i dati dei dipendenti della tua azienda. Le risorse umane possono visualizzare il turnover dei dipendenti, l&#8217;IT pu\u00f2 monitorare l&#8217;utilizzo delle app e la finanza pu\u00f2 vedere le tendenze delle comp<\/li>\n<\/ul>\n<h4>LE RECENSIONI DEGLI UTENTI<\/h4>\n<h4 class=\"font-weight-bold mb-1 d-flex align-items-center\">Maria D.&#8221;Risparmio di vita perch\u00e9 \u00e8 cos\u00ec facile da usare, uno sportello unico per tutto ci\u00f2 di cui abbiamo bisogno per gestire l&#8217;azienda.&#8221;<\/h4>\n<p><strong>Commenti: <\/strong>Il nostro libro paga, onboarding e off-boarding \u00e8 stato estremamente facile, cos\u00ec come l&#8217;integrazione di diverse app in un&#8217;unica piattaforma per condurre la nostra attivit\u00e0 in modo competente ed efficiente come mai prima d&#8217;ora, adoriamo totalmente che sia cos\u00ec completo.<\/p>\n<p><strong>Vantaggi: <\/strong>Inseriamo le informazioni una sola volta, cos\u00ec facili da usare da personalizzare, tutte le integrazioni necessarie per gestire in modo efficiente la nostra azienda.<\/p>\n<p><strong>Inconvenienti: <\/strong>Mi \u00e8 piaciuto molto fin dall&#8217;inizio.<\/p>\n<h5 class=\"font-weight-bold mb-1 d-flex align-items-center\">Meredith G.&#8221;Payroll Company del futuro&#8221;<\/h5>\n<p><strong>Commenti: <\/strong>L&#8217;esperienza complessiva con Rippling \u00e8 stata fantastica. Abbiamo avuto un inizio difficile per l&#8217;implementazione, ma da allora il servizio clienti ci ha aiutato molto e siamo rimasti molto soddisfatti!<\/p>\n<p><strong>Vantaggi: <\/strong>Mi piace molto la facilit\u00e0 di gestire il libro paga. Siamo anche in grado di accogliere i dipendenti in modo efficiente senza che un mucchio di carta venga inviata avanti e indietro. I rapporti che puoi eseguire sono infiniti, il che \u00e8 sorprendente.<\/p>\n<p><strong>Inconvenienti: <\/strong>All&#8217;inizio pu\u00f2 creare un po &#8216;di confusione. Ci sono voluti alcuni mesi per avere una buona conoscenza del software e ci sono ancora funzionalit\u00e0 che non conosciamo.<\/p>\n<h4 class=\"font-weight-bold mb-1 d-flex align-items-center\">Alexandra S.&#8221;Tante cose in una piattaforma&#8221;<\/h4>\n<p><strong>Vantaggi: <\/strong>Adoro la facilit\u00e0 d&#8217;uso per l&#8217;inserimento di nuovi dipendenti. Essere in grado di fornire account IT, firmare documenti cruciali, creare un profilo dipendente dal nostro ATS e creare piani PTO personalizzati per ogni sede che abbiamo, \u00e8 INCREDIBILE! Per un dipartimento composto da una sola persona, Rippling ha reso la mia vita molto pi\u00f9 facile.<\/p>\n<p><strong>Inconvenienti: <\/strong>Due aree in cui il prodotto pu\u00f2 essere migliorato. Un organigramma pi\u00f9 funzionale (visivamente parlando) e pi\u00f9 funzionale nel fare documenti statici come una funzione di testo per compilare i moduli.<\/p>\n","protected":false},"excerpt":{"rendered":"<p>Rippling \u00e8 una piattaforma IT e risorse umane all-in-one progettata per aiutare a gestire senza sforzo le buste paga, le trasferte , le app e i dispositivi dei tuoi dipendenti, tutto in un unico sistema. Poich\u00e9 Rippling collega il tuo libro paga a tutti gli altri sistemi di gestione dei dipendenti, tutti gli input e i calcoli manuali, come la ripartizione degli stipendi, la detrazione di 401k e le tasse e l&#8217;allocazione dei benefici, vengono eseguiti automaticamente, in modo da poter eseguire con precisione il libro paga in pochi minuti.<\/p>\n","protected":false},"author":19,"featured_media":33808,"parent":36208,"menu_order":0,"comment_status":"open","ping_status":"closed","template":"g1_template_page_review_new.php","meta":{"_acf_changed":false,"cwp_meta_box_check":"Yes","cwp_rev_product_name":"","cwp_rev_product_image":"","wppr_links":[],"cwp_rev_price":"","wppr_options":[],"wppr_pros":[],"wppr_cons":[],"_monsterinsights_skip_tracking":false,"_monsterinsights_sitenote_active":false,"_monsterinsights_sitenote_note":"","_monsterinsights_sitenote_category":0,"footnotes":""},"categories":[4480],"tags":[4499,4497,4481,4483,4500,4482,4484],"features":[],"class_list":{"0":"post-33799","1":"page","2":"type-page","3":"status-publish","4":"has-post-thumbnail","6":"category-piattaforme-di-welfare-aziendale","7":"tag-buste-paga","8":"tag-gestione-risorse-umane","9":"tag-piattaforma-di-welfare-aziendale","10":"tag-programma-di-welfare-aziendale","11":"tag-rippling","12":"tag-software-di-welfare-aziendale","13":"tag-soluzione-di-welfare-aziendale"},"wppr_data":{"cwp_meta_box_check":"Yes","cwp_rev_product_name":"","cwp_rev_product_image":"","cwp_image_link":"image","cwp_rev_price":"","wppr_rating":"0.00"},"acf":[],"yoast_head":"<!-- This site is optimized with the Yoast SEO plugin v27.4 - https:\/\/yoast.com\/product\/yoast-seo-wordpress\/ -->\n<title>Rippling: recensione software welfare aziendale- Accurate Reviews<\/title>\n<meta name=\"description\" content=\"Rippling: recensione piattaforma IT e risorse umane all-in-one progettata per aiutare a gestire senza sforzo le buste paga e i dipendenti.\" \/>\n<meta name=\"robots\" content=\"index, follow, max-snippet:-1, max-image-preview:large, max-video-preview:-1\" \/>\n<link rel=\"canonical\" href=\"https:\/\/www.accuratereviews.com\/it\/piattaforme-di-welfare-aziendale-lista\/rippling-recensione\/\" \/>\n<meta property=\"og:locale\" content=\"it_IT\" \/>\n<meta property=\"og:type\" content=\"article\" \/>\n<meta property=\"og:title\" content=\"Rippling: recensione software welfare aziendale- Accurate Reviews\" \/>\n<meta property=\"og:description\" content=\"Rippling: recensione piattaforma IT e risorse umane all-in-one progettata per aiutare a gestire senza sforzo le buste paga e i dipendenti.\" \/>\n<meta property=\"og:url\" content=\"https:\/\/www.accuratereviews.com\/it\/piattaforme-di-welfare-aziendale-lista\/rippling-recensione\/\" \/>\n<meta property=\"og:site_name\" content=\"Accurate Reviews\" \/>\n<meta property=\"article:modified_time\" content=\"2021-03-17T11:33:10+00:00\" \/>\n<meta property=\"og:image\" content=\"https:\/\/www.accuratereviews.com\/wp-content\/uploads\/2020\/12\/Rippling.png\" \/>\n\t<meta property=\"og:image:width\" content=\"900\" \/>\n\t<meta property=\"og:image:height\" content=\"500\" \/>\n\t<meta property=\"og:image:type\" content=\"image\/png\" \/>\n<meta name=\"twitter:card\" content=\"summary_large_image\" \/>\n<meta name=\"twitter:label1\" content=\"Tempo di lettura stimato\" \/>\n\t<meta name=\"twitter:data1\" content=\"3 minuti\" \/>\n<script type=\"application\/ld+json\" class=\"yoast-schema-graph\">{\"@context\":\"https:\\\/\\\/schema.org\",\"@graph\":[{\"@type\":\"WebPage\",\"@id\":\"https:\\\/\\\/www.accuratereviews.com\\\/it\\\/piattaforme-di-welfare-aziendale-lista\\\/rippling-recensione\\\/\",\"url\":\"https:\\\/\\\/www.accuratereviews.com\\\/it\\\/piattaforme-di-welfare-aziendale-lista\\\/rippling-recensione\\\/\",\"name\":\"Rippling: recensione software welfare aziendale- Accurate Reviews\",\"isPartOf\":{\"@id\":\"https:\\\/\\\/www.accuratereviews.com\\\/it\\\/#website\"},\"primaryImageOfPage\":{\"@id\":\"https:\\\/\\\/www.accuratereviews.com\\\/it\\\/piattaforme-di-welfare-aziendale-lista\\\/rippling-recensione\\\/#primaryimage\"},\"image\":{\"@id\":\"https:\\\/\\\/www.accuratereviews.com\\\/it\\\/piattaforme-di-welfare-aziendale-lista\\\/rippling-recensione\\\/#primaryimage\"},\"thumbnailUrl\":\"https:\\\/\\\/www.accuratereviews.com\\\/wp-content\\\/uploads\\\/2020\\\/12\\\/Rippling.png\",\"datePublished\":\"2020-12-15T11:35:25+00:00\",\"dateModified\":\"2021-03-17T11:33:10+00:00\",\"description\":\"Rippling: recensione piattaforma IT e risorse umane all-in-one progettata per aiutare a gestire senza sforzo le buste paga e i dipendenti.\",\"breadcrumb\":{\"@id\":\"https:\\\/\\\/www.accuratereviews.com\\\/it\\\/piattaforme-di-welfare-aziendale-lista\\\/rippling-recensione\\\/#breadcrumb\"},\"inLanguage\":\"it-IT\",\"potentialAction\":[{\"@type\":\"ReadAction\",\"target\":[\"https:\\\/\\\/www.accuratereviews.com\\\/it\\\/piattaforme-di-welfare-aziendale-lista\\\/rippling-recensione\\\/\"]}]},{\"@type\":\"ImageObject\",\"inLanguage\":\"it-IT\",\"@id\":\"https:\\\/\\\/www.accuratereviews.com\\\/it\\\/piattaforme-di-welfare-aziendale-lista\\\/rippling-recensione\\\/#primaryimage\",\"url\":\"https:\\\/\\\/www.accuratereviews.com\\\/wp-content\\\/uploads\\\/2020\\\/12\\\/Rippling.png\",\"contentUrl\":\"https:\\\/\\\/www.accuratereviews.com\\\/wp-content\\\/uploads\\\/2020\\\/12\\\/Rippling.png\",\"width\":900,\"height\":500},{\"@type\":\"BreadcrumbList\",\"@id\":\"https:\\\/\\\/www.accuratereviews.com\\\/it\\\/piattaforme-di-welfare-aziendale-lista\\\/rippling-recensione\\\/#breadcrumb\",\"itemListElement\":[{\"@type\":\"ListItem\",\"position\":1,\"name\":\"Home\",\"item\":\"https:\\\/\\\/www.accuratereviews.com\\\/it\\\/\"},{\"@type\":\"ListItem\",\"position\":2,\"name\":\"Piattaforme di welfare aziendale\",\"item\":\"https:\\\/\\\/www.accuratereviews.com\\\/it\\\/piattaforme-di-welfare-aziendale-lista\\\/\"},{\"@type\":\"ListItem\",\"position\":3,\"name\":\"Rippling\"}]},{\"@type\":\"WebSite\",\"@id\":\"https:\\\/\\\/www.accuratereviews.com\\\/it\\\/#website\",\"url\":\"https:\\\/\\\/www.accuratereviews.com\\\/it\\\/\",\"name\":\"Accurate Reviews\",\"description\":\"\",\"potentialAction\":[{\"@type\":\"SearchAction\",\"target\":{\"@type\":\"EntryPoint\",\"urlTemplate\":\"https:\\\/\\\/www.accuratereviews.com\\\/it\\\/?s={search_term_string}\"},\"query-input\":{\"@type\":\"PropertyValueSpecification\",\"valueRequired\":true,\"valueName\":\"search_term_string\"}}],\"inLanguage\":\"it-IT\"}]}<\/script>\n<!-- \/ Yoast SEO plugin. -->","yoast_head_json":{"title":"Rippling: recensione software welfare aziendale- Accurate Reviews","description":"Rippling: recensione piattaforma IT e risorse umane all-in-one progettata per aiutare a gestire senza sforzo le buste paga e i dipendenti.","robots":{"index":"index","follow":"follow","max-snippet":"max-snippet:-1","max-image-preview":"max-image-preview:large","max-video-preview":"max-video-preview:-1"},"canonical":"https:\/\/www.accuratereviews.com\/it\/piattaforme-di-welfare-aziendale-lista\/rippling-recensione\/","og_locale":"it_IT","og_type":"article","og_title":"Rippling: recensione software welfare aziendale- Accurate Reviews","og_description":"Rippling: recensione piattaforma IT e risorse umane all-in-one progettata per aiutare a gestire senza sforzo le buste paga e i dipendenti.","og_url":"https:\/\/www.accuratereviews.com\/it\/piattaforme-di-welfare-aziendale-lista\/rippling-recensione\/","og_site_name":"Accurate Reviews","article_modified_time":"2021-03-17T11:33:10+00:00","og_image":[{"width":900,"height":500,"url":"https:\/\/www.accuratereviews.com\/wp-content\/uploads\/2020\/12\/Rippling.png","type":"image\/png"}],"twitter_card":"summary_large_image","twitter_misc":{"Tempo di lettura stimato":"3 minuti"},"schema":{"@context":"https:\/\/schema.org","@graph":[{"@type":"WebPage","@id":"https:\/\/www.accuratereviews.com\/it\/piattaforme-di-welfare-aziendale-lista\/rippling-recensione\/","url":"https:\/\/www.accuratereviews.com\/it\/piattaforme-di-welfare-aziendale-lista\/rippling-recensione\/","name":"Rippling: recensione software welfare aziendale- Accurate Reviews","isPartOf":{"@id":"https:\/\/www.accuratereviews.com\/it\/#website"},"primaryImageOfPage":{"@id":"https:\/\/www.accuratereviews.com\/it\/piattaforme-di-welfare-aziendale-lista\/rippling-recensione\/#primaryimage"},"image":{"@id":"https:\/\/www.accuratereviews.com\/it\/piattaforme-di-welfare-aziendale-lista\/rippling-recensione\/#primaryimage"},"thumbnailUrl":"https:\/\/www.accuratereviews.com\/wp-content\/uploads\/2020\/12\/Rippling.png","datePublished":"2020-12-15T11:35:25+00:00","dateModified":"2021-03-17T11:33:10+00:00","description":"Rippling: recensione piattaforma IT e risorse umane all-in-one progettata per aiutare a gestire senza sforzo le buste paga e i dipendenti.","breadcrumb":{"@id":"https:\/\/www.accuratereviews.com\/it\/piattaforme-di-welfare-aziendale-lista\/rippling-recensione\/#breadcrumb"},"inLanguage":"it-IT","potentialAction":[{"@type":"ReadAction","target":["https:\/\/www.accuratereviews.com\/it\/piattaforme-di-welfare-aziendale-lista\/rippling-recensione\/"]}]},{"@type":"ImageObject","inLanguage":"it-IT","@id":"https:\/\/www.accuratereviews.com\/it\/piattaforme-di-welfare-aziendale-lista\/rippling-recensione\/#primaryimage","url":"https:\/\/www.accuratereviews.com\/wp-content\/uploads\/2020\/12\/Rippling.png","contentUrl":"https:\/\/www.accuratereviews.com\/wp-content\/uploads\/2020\/12\/Rippling.png","width":900,"height":500},{"@type":"BreadcrumbList","@id":"https:\/\/www.accuratereviews.com\/it\/piattaforme-di-welfare-aziendale-lista\/rippling-recensione\/#breadcrumb","itemListElement":[{"@type":"ListItem","position":1,"name":"Home","item":"https:\/\/www.accuratereviews.com\/it\/"},{"@type":"ListItem","position":2,"name":"Piattaforme di welfare aziendale","item":"https:\/\/www.accuratereviews.com\/it\/piattaforme-di-welfare-aziendale-lista\/"},{"@type":"ListItem","position":3,"name":"Rippling"}]},{"@type":"WebSite","@id":"https:\/\/www.accuratereviews.com\/it\/#website","url":"https:\/\/www.accuratereviews.com\/it\/","name":"Accurate Reviews","description":"","potentialAction":[{"@type":"SearchAction","target":{"@type":"EntryPoint","urlTemplate":"https:\/\/www.accuratereviews.com\/it\/?s={search_term_string}"},"query-input":{"@type":"PropertyValueSpecification","valueRequired":true,"valueName":"search_term_string"}}],"inLanguage":"it-IT"}]}},"_links":{"self":[{"href":"https:\/\/www.accuratereviews.com\/it\/wp-json\/wp\/v2\/pages\/33799","targetHints":{"allow":["GET"]}}],"collection":[{"href":"https:\/\/www.accuratereviews.com\/it\/wp-json\/wp\/v2\/pages"}],"about":[{"href":"https:\/\/www.accuratereviews.com\/it\/wp-json\/wp\/v2\/types\/page"}],"author":[{"embeddable":true,"href":"https:\/\/www.accuratereviews.com\/it\/wp-json\/wp\/v2\/users\/19"}],"replies":[{"embeddable":true,"href":"https:\/\/www.accuratereviews.com\/it\/wp-json\/wp\/v2\/comments?post=33799"}],"version-history":[{"count":13,"href":"https:\/\/www.accuratereviews.com\/it\/wp-json\/wp\/v2\/pages\/33799\/revisions"}],"predecessor-version":[{"id":36942,"href":"https:\/\/www.accuratereviews.com\/it\/wp-json\/wp\/v2\/pages\/33799\/revisions\/36942"}],"up":[{"embeddable":true,"href":"https:\/\/www.accuratereviews.com\/it\/wp-json\/wp\/v2\/pages\/36208"}],"wp:featuredmedia":[{"embeddable":true,"href":"https:\/\/www.accuratereviews.com\/it\/wp-json\/wp\/v2\/media\/33808"}],"wp:attachment":[{"href":"https:\/\/www.accuratereviews.com\/it\/wp-json\/wp\/v2\/media?parent=33799"}],"wp:term":[{"taxonomy":"category","embeddable":true,"href":"https:\/\/www.accuratereviews.com\/it\/wp-json\/wp\/v2\/categories?post=33799"},{"taxonomy":"post_tag","embeddable":true,"href":"https:\/\/www.accuratereviews.com\/it\/wp-json\/wp\/v2\/tags?post=33799"},{"taxonomy":"features","embeddable":true,"href":"https:\/\/www.accuratereviews.com\/it\/wp-json\/wp\/v2\/features?post=33799"}],"curies":[{"name":"wp","href":"https:\/\/api.w.org\/{rel}","templated":true}]}}