{"id":33820,"date":"2020-12-16T11:36:08","date_gmt":"2020-12-16T11:36:08","guid":{"rendered":"https:\/\/www.accuratereviews.com\/?page_id=33820"},"modified":"2021-03-17T11:33:11","modified_gmt":"2021-03-17T11:33:11","slug":"zenefits-recensione","status":"publish","type":"page","link":"https:\/\/www.accuratereviews.com\/it\/piattaforme-di-welfare-aziendale-lista\/zenefits-recensione\/","title":{"rendered":"Zenefits"},"content":{"rendered":"<p><strong>Zenefits<\/strong> \u00e8 una <strong>piattaforma HR<\/strong> <strong>online<\/strong> progettata per aiutare le PMI quando si tratta di libro paga, amministrazione dei benefit e altri processi relativi a dipendenti e forza lavoro. <span class=\"JLqJ4b ChMk0b\" data-language-for-alternatives=\"it\" data-language-to-translate-into=\"en\" data-phrase-index=\"1\">Tra le sue capacit\u00e0 figurano la gestione della directory per i dipendenti, i benefici e l&#8217;assicurazione, il reclutamento e l&#8217;onboarding, la conformit\u00e0 con ACA, il supporto mobile e molto altro. Offre anche una funzionalit\u00e0 di business intelligence.<span class=\"JLqJ4b\" data-language-for-alternatives=\"it\" data-language-to-translate-into=\"en\" data-phrase-index=\"3\"> Zenefits semplifica inoltre le assunzioni, l&#8217;inserimento e la gestione dei record dei dipendenti. Qualsiasi modifica da apportare viene applicata a tutta la piattaforma, assicurando che i dati delle risorse umane siano sempre aggiornati. Inoltre, la funzione di libro paga si collega a tutto ci\u00f2 che gestisci in Zenefits, aggiornandosi automaticamente ogni volta che vengono apportate modifiche.<strong>\u00a0<\/strong><\/span><\/span><\/p>\n<h2>ZENEFITS &#8211; TUTORIAL<\/h2>\n<p>Ecco un tutorial in mostra come sfruttare al meglio le funzioni di questo<strong> software di welfare\u00a0<\/strong><b>aziendale:<\/b><\/p>\n<div id=\"fluid-wrapper-counter-1\" class=\"g1-fluid-wrapper \" style=\"width:686px;\">\n<div style=\"padding-bottom:56.268221574344%;\"><iframe loading=\"lazy\" title=\"Zenefits&#039; Employee Onboarding, as easy as....\" width=\"686\" height=\"386\" src=\"https:\/\/www.youtube.com\/embed\/S6FKXQ8CNo4?feature=oembed&amp;wmode=transparent&amp;autohide=1&amp;autoplay=0&amp;disablekb=0&amp;fs=1&amp;loop=0&amp;enablejsapi=1&amp;rel=0&amp;controls=2&amp;showinfo=0&amp;wmode=transparent&amp;autohide=2&amp;autoplay=0&amp;disablekb=0&amp;fs=1&amp;loop=0&amp;enablejsapi=1&amp;rel=0&amp;controls=2&amp;showinfo=1\" frameborder=\"0\" allow=\"accelerometer; autoplay; clipboard-write; encrypted-media; gyroscope; picture-in-picture\" allowfullscreen><\/iframe><\/div>\n<\/div>\n<h3>ZENEFITS &#8211; CARATTERISTICHE<\/h3>\n<ul>\n<li>Crea un pacchetto di compensazione e invia automaticamente le lettere di offerta ai nuovi assunti. Dipendenti a tempo pieno, appaltatori, liberi professionisti e altro ancora<\/li>\n<li>I nuovi assunti possono iscriversi da soli, con le informazioni sincronizzate su Benefit e Payroll, facendoti risparmiare tempo e assicurandoti che siano pronti a iniziare sin dal primo giorno<\/li>\n<li>Organigrammi, elenchi aziendali e altro ancora semplificano la gestione della forza lavoro. I dipendenti possono persino aggiornare i propri record, sul web o su un dispositivo mobile, garantendo che le proprie informazioni siano sempre aggiornate<\/li>\n<li>I rapporti di business intelligence aiutano a migliorare la tua attivit\u00e0 attraverso approfondimenti su fatturato, diversit\u00e0 della forza lavoro, retribuzione dei dipendenti e altro ancora<\/li>\n<li>App mobile completamente funzionale sia per il datore di lavoro che per i tuoi dipendenti<\/li>\n<\/ul>\n<h4>LE RECENSIONI DEGLI UTENTI<\/h4>\n<h4 class=\"font-weight-bold mb-1 d-flex align-items-center\">Jennifer N.&#8221;Salvavita&#8221;<\/h4>\n<p><strong>Commenti: <\/strong>Risparmio di tempo! La conformit\u00e0 \u00e8 sempre curata &#8230; non c&#8217;\u00e8 molto di cui preoccuparsi.<\/p>\n<p><strong>Vantaggi: <\/strong>Zenefits mi ha salvato la vita! Tutto \u00e8 stato fatto manualmente prima di Zenefits, quindi la quantit\u00e0 di tempo risparmiata \u00e8 stata sorprendente. La facilit\u00e0 d&#8217;uso \u00e8 incredibile e adoro le funzionalit\u00e0 di reporting.<\/p>\n<p><strong>Inconvenienti: <\/strong>La risposta all&#8217;assistenza pu\u00f2 essere lenta, soprattutto per gli elementi fiscali<\/p>\n<h4 class=\"font-weight-bold mb-1 d-flex align-items-center\">Otto B.&#8221;21 giorni e conteggio per l&#8217;assistenza clienti RE: questione fiscale&#8221;<\/h4>\n<p><strong>Vantaggi: <\/strong>Il software \u00e8 completo e ci consente di effettuare un acquisto per tutto ci\u00f2 di cui abbiamo bisogno. Il prezzo \u00e8 giusto.<\/p>\n<p><strong>Inconvenienti: <\/strong>Non abbiamo avuto svantaggi fino a poco tempo fa, quando abbiamo presentato una richiesta di supporto al fisco. Alcune tasse statali non sono state pagate da Zenefits Payroll. I governi statali concedono un periodo di tempo molto breve prima di iniziare a riscuotere il 10% + interessi. (Nel nostro caso abbiamo avuto 10 giorni per correggere il problema o inviare una risposta). Finora sono trascorsi 21 giorni dalla nostra richiesta di supporto e non abbiamo ricevuto alcuna risposta oltre alla conferma iniziale di ricezione. Abbiamo seguito 8 giorni lavorativi e siamo stati accolti con silenzio. Questo sar\u00e0 probabilmente il motivo per cui cambieremo il software nel 2021.<\/p>\n<h4 class=\"font-weight-bold mb-1 d-flex align-items-center\">Tracy I.&#8221;Utente da lungo tempo di Zenefits&#8221;<\/h4>\n<p><strong>Commenti: <\/strong>Nel complesso \u00e8 stato super positivo. Gli errori vengono sempre commessi, ma Zenefits cerca di correggere e risolvere i problemi invece di alzare le mani e dire che \u00e8 troppo difficile.<\/p>\n<p><strong>Vantaggi: <\/strong>Ci\u00f2 che rende Zenefits il pi\u00f9 prezioso per la nostra attivit\u00e0 \u00e8 la facilit\u00e0 di accogliere nuove persone e fornire un punto di riferimento unico per il mio dipartimento delle risorse umane che \u00e8 completamente nel cloud e non c&#8217;\u00e8 bisogno di sprecare risme di carta. Anche il calendario e il monitoraggio della PTO sono inestimabili.<\/p>\n<p><strong>Inconvenienti: <\/strong>Zenefits \u00e8 nata come azienda di Benefits con una piattaforma HR, ma ha iniziato a fornire Payroll come attivit\u00e0 principale con gli altri componenti aggiuntivi. C&#8217;\u00e8 ancora spazio per miglioramenti sul lato del libro paga e su come gestire il lato del servizio clienti.<\/p>\n","protected":false},"excerpt":{"rendered":"<p>Zenefits \u00e8 una piattaforma HR online progettata per aiutare le PMI quando si tratta di libro paga, amministrazione dei benefit e altri processi relativi a dipendenti e forza lavoro. Tra le sue capacit\u00e0 figurano la gestione della directory per i dipendenti, i benefici e l&#8217;assicurazione, il reclutamento e l&#8217;onboarding, la conformit\u00e0 con ACA, il supporto mobile e molto altro.<\/p>\n","protected":false},"author":19,"featured_media":33858,"parent":36208,"menu_order":0,"comment_status":"open","ping_status":"closed","template":"g1_template_page_review_new.php","meta":{"_acf_changed":false,"cwp_meta_box_check":"Yes","cwp_rev_product_name":"","cwp_rev_product_image":"","wppr_links":[],"cwp_rev_price":"","wppr_options":[],"wppr_pros":[],"wppr_cons":[],"_monsterinsights_skip_tracking":false,"_monsterinsights_sitenote_active":false,"_monsterinsights_sitenote_note":"","_monsterinsights_sitenote_category":0,"footnotes":""},"categories":[4480],"tags":[396,4505,4497,4481,4483,4482,4484],"features":[],"class_list":{"0":"post-33820","1":"page","2":"type-page","3":"status-publish","4":"has-post-thumbnail","6":"category-piattaforme-di-welfare-aziendale","7":"tag-cloud","8":"tag-gestione-personale","9":"tag-gestione-risorse-umane","10":"tag-piattaforma-di-welfare-aziendale","11":"tag-programma-di-welfare-aziendale","12":"tag-software-di-welfare-aziendale","13":"tag-soluzione-di-welfare-aziendale"},"wppr_data":{"cwp_meta_box_check":"Yes","cwp_rev_product_name":"","cwp_rev_product_image":"","cwp_image_link":"image","cwp_rev_price":"","wppr_rating":"0.00"},"acf":[],"yoast_head":"<!-- This site is optimized with the Yoast SEO plugin v27.4 - https:\/\/yoast.com\/product\/yoast-seo-wordpress\/ -->\n<title>Zenefits: recensione software di welfare aziendale - Accurate Reviews<\/title>\n<meta name=\"description\" content=\"Zenefits: recensione software HR progettata per aiutare le PMI quando si tratta di libro paga e amministrazione dei benefit dei dipendenti.\" \/>\n<meta name=\"robots\" content=\"index, follow, max-snippet:-1, max-image-preview:large, max-video-preview:-1\" \/>\n<link rel=\"canonical\" href=\"https:\/\/www.accuratereviews.com\/it\/piattaforme-di-welfare-aziendale-lista\/zenefits-recensione\/\" \/>\n<meta property=\"og:locale\" content=\"it_IT\" \/>\n<meta property=\"og:type\" content=\"article\" \/>\n<meta property=\"og:title\" content=\"Zenefits: recensione software di welfare aziendale - Accurate Reviews\" \/>\n<meta property=\"og:description\" content=\"Zenefits: recensione software HR progettata per aiutare le PMI quando si tratta di libro paga e amministrazione dei benefit dei dipendenti.\" \/>\n<meta property=\"og:url\" content=\"https:\/\/www.accuratereviews.com\/it\/piattaforme-di-welfare-aziendale-lista\/zenefits-recensione\/\" \/>\n<meta property=\"og:site_name\" content=\"Accurate Reviews\" \/>\n<meta property=\"article:modified_time\" content=\"2021-03-17T11:33:11+00:00\" \/>\n<meta property=\"og:image\" content=\"https:\/\/www.accuratereviews.com\/wp-content\/uploads\/2020\/12\/zenefits-1.jpg\" \/>\n\t<meta property=\"og:image:width\" content=\"560\" \/>\n\t<meta property=\"og:image:height\" content=\"560\" \/>\n\t<meta property=\"og:image:type\" content=\"image\/jpeg\" \/>\n<meta name=\"twitter:card\" content=\"summary_large_image\" \/>\n<meta name=\"twitter:label1\" content=\"Tempo di lettura stimato\" \/>\n\t<meta name=\"twitter:data1\" content=\"3 minuti\" \/>\n<script type=\"application\/ld+json\" class=\"yoast-schema-graph\">{\"@context\":\"https:\\\/\\\/schema.org\",\"@graph\":[{\"@type\":\"WebPage\",\"@id\":\"https:\\\/\\\/www.accuratereviews.com\\\/it\\\/piattaforme-di-welfare-aziendale-lista\\\/zenefits-recensione\\\/\",\"url\":\"https:\\\/\\\/www.accuratereviews.com\\\/it\\\/piattaforme-di-welfare-aziendale-lista\\\/zenefits-recensione\\\/\",\"name\":\"Zenefits: recensione software di welfare aziendale - Accurate Reviews\",\"isPartOf\":{\"@id\":\"https:\\\/\\\/www.accuratereviews.com\\\/it\\\/#website\"},\"primaryImageOfPage\":{\"@id\":\"https:\\\/\\\/www.accuratereviews.com\\\/it\\\/piattaforme-di-welfare-aziendale-lista\\\/zenefits-recensione\\\/#primaryimage\"},\"image\":{\"@id\":\"https:\\\/\\\/www.accuratereviews.com\\\/it\\\/piattaforme-di-welfare-aziendale-lista\\\/zenefits-recensione\\\/#primaryimage\"},\"thumbnailUrl\":\"https:\\\/\\\/www.accuratereviews.com\\\/wp-content\\\/uploads\\\/2020\\\/12\\\/zenefits-1.jpg\",\"datePublished\":\"2020-12-16T11:36:08+00:00\",\"dateModified\":\"2021-03-17T11:33:11+00:00\",\"description\":\"Zenefits: recensione software HR progettata per aiutare le PMI quando si tratta di libro paga e amministrazione dei benefit dei dipendenti.\",\"breadcrumb\":{\"@id\":\"https:\\\/\\\/www.accuratereviews.com\\\/it\\\/piattaforme-di-welfare-aziendale-lista\\\/zenefits-recensione\\\/#breadcrumb\"},\"inLanguage\":\"it-IT\",\"potentialAction\":[{\"@type\":\"ReadAction\",\"target\":[\"https:\\\/\\\/www.accuratereviews.com\\\/it\\\/piattaforme-di-welfare-aziendale-lista\\\/zenefits-recensione\\\/\"]}]},{\"@type\":\"ImageObject\",\"inLanguage\":\"it-IT\",\"@id\":\"https:\\\/\\\/www.accuratereviews.com\\\/it\\\/piattaforme-di-welfare-aziendale-lista\\\/zenefits-recensione\\\/#primaryimage\",\"url\":\"https:\\\/\\\/www.accuratereviews.com\\\/wp-content\\\/uploads\\\/2020\\\/12\\\/zenefits-1.jpg\",\"contentUrl\":\"https:\\\/\\\/www.accuratereviews.com\\\/wp-content\\\/uploads\\\/2020\\\/12\\\/zenefits-1.jpg\",\"width\":560,\"height\":560},{\"@type\":\"BreadcrumbList\",\"@id\":\"https:\\\/\\\/www.accuratereviews.com\\\/it\\\/piattaforme-di-welfare-aziendale-lista\\\/zenefits-recensione\\\/#breadcrumb\",\"itemListElement\":[{\"@type\":\"ListItem\",\"position\":1,\"name\":\"Home\",\"item\":\"https:\\\/\\\/www.accuratereviews.com\\\/it\\\/\"},{\"@type\":\"ListItem\",\"position\":2,\"name\":\"Piattaforme di welfare aziendale\",\"item\":\"https:\\\/\\\/www.accuratereviews.com\\\/it\\\/piattaforme-di-welfare-aziendale-lista\\\/\"},{\"@type\":\"ListItem\",\"position\":3,\"name\":\"Zenefits\"}]},{\"@type\":\"WebSite\",\"@id\":\"https:\\\/\\\/www.accuratereviews.com\\\/it\\\/#website\",\"url\":\"https:\\\/\\\/www.accuratereviews.com\\\/it\\\/\",\"name\":\"Accurate Reviews\",\"description\":\"\",\"potentialAction\":[{\"@type\":\"SearchAction\",\"target\":{\"@type\":\"EntryPoint\",\"urlTemplate\":\"https:\\\/\\\/www.accuratereviews.com\\\/it\\\/?s={search_term_string}\"},\"query-input\":{\"@type\":\"PropertyValueSpecification\",\"valueRequired\":true,\"valueName\":\"search_term_string\"}}],\"inLanguage\":\"it-IT\"}]}<\/script>\n<!-- \/ Yoast SEO plugin. -->","yoast_head_json":{"title":"Zenefits: recensione software di welfare aziendale - Accurate Reviews","description":"Zenefits: recensione software HR progettata per aiutare le PMI quando si tratta di libro paga e amministrazione dei benefit dei dipendenti.","robots":{"index":"index","follow":"follow","max-snippet":"max-snippet:-1","max-image-preview":"max-image-preview:large","max-video-preview":"max-video-preview:-1"},"canonical":"https:\/\/www.accuratereviews.com\/it\/piattaforme-di-welfare-aziendale-lista\/zenefits-recensione\/","og_locale":"it_IT","og_type":"article","og_title":"Zenefits: recensione software di welfare aziendale - Accurate Reviews","og_description":"Zenefits: recensione software HR progettata per aiutare le PMI quando si tratta di libro paga e amministrazione dei benefit dei dipendenti.","og_url":"https:\/\/www.accuratereviews.com\/it\/piattaforme-di-welfare-aziendale-lista\/zenefits-recensione\/","og_site_name":"Accurate Reviews","article_modified_time":"2021-03-17T11:33:11+00:00","og_image":[{"width":560,"height":560,"url":"https:\/\/www.accuratereviews.com\/wp-content\/uploads\/2020\/12\/zenefits-1.jpg","type":"image\/jpeg"}],"twitter_card":"summary_large_image","twitter_misc":{"Tempo di lettura stimato":"3 minuti"},"schema":{"@context":"https:\/\/schema.org","@graph":[{"@type":"WebPage","@id":"https:\/\/www.accuratereviews.com\/it\/piattaforme-di-welfare-aziendale-lista\/zenefits-recensione\/","url":"https:\/\/www.accuratereviews.com\/it\/piattaforme-di-welfare-aziendale-lista\/zenefits-recensione\/","name":"Zenefits: recensione software di welfare aziendale - Accurate Reviews","isPartOf":{"@id":"https:\/\/www.accuratereviews.com\/it\/#website"},"primaryImageOfPage":{"@id":"https:\/\/www.accuratereviews.com\/it\/piattaforme-di-welfare-aziendale-lista\/zenefits-recensione\/#primaryimage"},"image":{"@id":"https:\/\/www.accuratereviews.com\/it\/piattaforme-di-welfare-aziendale-lista\/zenefits-recensione\/#primaryimage"},"thumbnailUrl":"https:\/\/www.accuratereviews.com\/wp-content\/uploads\/2020\/12\/zenefits-1.jpg","datePublished":"2020-12-16T11:36:08+00:00","dateModified":"2021-03-17T11:33:11+00:00","description":"Zenefits: recensione software HR progettata per aiutare le PMI quando si tratta di libro paga e amministrazione dei benefit dei dipendenti.","breadcrumb":{"@id":"https:\/\/www.accuratereviews.com\/it\/piattaforme-di-welfare-aziendale-lista\/zenefits-recensione\/#breadcrumb"},"inLanguage":"it-IT","potentialAction":[{"@type":"ReadAction","target":["https:\/\/www.accuratereviews.com\/it\/piattaforme-di-welfare-aziendale-lista\/zenefits-recensione\/"]}]},{"@type":"ImageObject","inLanguage":"it-IT","@id":"https:\/\/www.accuratereviews.com\/it\/piattaforme-di-welfare-aziendale-lista\/zenefits-recensione\/#primaryimage","url":"https:\/\/www.accuratereviews.com\/wp-content\/uploads\/2020\/12\/zenefits-1.jpg","contentUrl":"https:\/\/www.accuratereviews.com\/wp-content\/uploads\/2020\/12\/zenefits-1.jpg","width":560,"height":560},{"@type":"BreadcrumbList","@id":"https:\/\/www.accuratereviews.com\/it\/piattaforme-di-welfare-aziendale-lista\/zenefits-recensione\/#breadcrumb","itemListElement":[{"@type":"ListItem","position":1,"name":"Home","item":"https:\/\/www.accuratereviews.com\/it\/"},{"@type":"ListItem","position":2,"name":"Piattaforme di welfare aziendale","item":"https:\/\/www.accuratereviews.com\/it\/piattaforme-di-welfare-aziendale-lista\/"},{"@type":"ListItem","position":3,"name":"Zenefits"}]},{"@type":"WebSite","@id":"https:\/\/www.accuratereviews.com\/it\/#website","url":"https:\/\/www.accuratereviews.com\/it\/","name":"Accurate Reviews","description":"","potentialAction":[{"@type":"SearchAction","target":{"@type":"EntryPoint","urlTemplate":"https:\/\/www.accuratereviews.com\/it\/?s={search_term_string}"},"query-input":{"@type":"PropertyValueSpecification","valueRequired":true,"valueName":"search_term_string"}}],"inLanguage":"it-IT"}]}},"_links":{"self":[{"href":"https:\/\/www.accuratereviews.com\/it\/wp-json\/wp\/v2\/pages\/33820","targetHints":{"allow":["GET"]}}],"collection":[{"href":"https:\/\/www.accuratereviews.com\/it\/wp-json\/wp\/v2\/pages"}],"about":[{"href":"https:\/\/www.accuratereviews.com\/it\/wp-json\/wp\/v2\/types\/page"}],"author":[{"embeddable":true,"href":"https:\/\/www.accuratereviews.com\/it\/wp-json\/wp\/v2\/users\/19"}],"replies":[{"embeddable":true,"href":"https:\/\/www.accuratereviews.com\/it\/wp-json\/wp\/v2\/comments?post=33820"}],"version-history":[{"count":9,"href":"https:\/\/www.accuratereviews.com\/it\/wp-json\/wp\/v2\/pages\/33820\/revisions"}],"predecessor-version":[{"id":36948,"href":"https:\/\/www.accuratereviews.com\/it\/wp-json\/wp\/v2\/pages\/33820\/revisions\/36948"}],"up":[{"embeddable":true,"href":"https:\/\/www.accuratereviews.com\/it\/wp-json\/wp\/v2\/pages\/36208"}],"wp:featuredmedia":[{"embeddable":true,"href":"https:\/\/www.accuratereviews.com\/it\/wp-json\/wp\/v2\/media\/33858"}],"wp:attachment":[{"href":"https:\/\/www.accuratereviews.com\/it\/wp-json\/wp\/v2\/media?parent=33820"}],"wp:term":[{"taxonomy":"category","embeddable":true,"href":"https:\/\/www.accuratereviews.com\/it\/wp-json\/wp\/v2\/categories?post=33820"},{"taxonomy":"post_tag","embeddable":true,"href":"https:\/\/www.accuratereviews.com\/it\/wp-json\/wp\/v2\/tags?post=33820"},{"taxonomy":"features","embeddable":true,"href":"https:\/\/www.accuratereviews.com\/it\/wp-json\/wp\/v2\/features?post=33820"}],"curies":[{"name":"wp","href":"https:\/\/api.w.org\/{rel}","templated":true}]}}