{"id":33945,"date":"2020-12-17T11:28:41","date_gmt":"2020-12-17T11:28:41","guid":{"rendered":"https:\/\/www.accuratereviews.com\/?page_id=33945"},"modified":"2021-03-17T11:33:06","modified_gmt":"2021-03-17T11:33:06","slug":"namely-recensione","status":"publish","type":"page","link":"https:\/\/www.accuratereviews.com\/it\/piattaforme-di-welfare-aziendale-lista\/namely-recensione\/","title":{"rendered":"Namely"},"content":{"rendered":"<p><strong>Namely<\/strong> offre una soluzione basata su <strong>cloud<\/strong> per le aziende che cercano un unico sistema completo per gestire le relazioni umane. Il software<span class=\"JLqJ4b ChMk0b\" data-language-for-alternatives=\"it\" data-language-to-translate-into=\"en\" data-phrase-index=\"1\">\u00a0aiuta le aziende di medie dimensioni a gestire la conformit\u00e0 e semplificare i processi del libro paga, i vantaggi e la gestione dei talenti.<span class=\"JLqJ4b\" data-language-for-alternatives=\"it\" data-language-to-translate-into=\"en\" data-phrase-index=\"2\">\u00a0Il sistema informativo delle risorse umane (HRIS) di <strong>Namely<\/strong> offre una posizione centralizzata per archiviare le informazioni sui dipendenti. Offre un database dei dipendenti con tempo libero, rapporti e un feed di notizie social. Il programma ha un modulo sui salari amministra anche le tasse sui salari, i W-2, i 1099 e i rapporti ACA.\u00a0Il modulo di gestione dei talenti della soluzione consente alle aziende di condurre operazioni preliminari senza carta, monitorare gli obiettivi, condurre revisioni delle prestazioni e altro.<\/span><\/span><\/p>\n<h2>NAMELY &#8211; TUTORIAL<\/h2>\n<p><span class=\"JLqJ4b ChMk0b\" data-language-for-alternatives=\"it\" data-language-to-translate-into=\"en\" data-phrase-index=\"1\">\u00c8 pi\u00f9 di un semplice software per le risorse umane: \u00e8 la consulenza sulla conformit\u00e0 e sui vantaggi di cui hai bisogno. Guardiamo insieme questo tutorial:<\/span><\/p>\n<div id=\"fluid-wrapper-counter-1\" class=\"g1-fluid-wrapper \" style=\"width:686px;\">\n<div style=\"padding-bottom:56.268221574344%;\"><iframe loading=\"lazy\" title=\"Namely HR Software Product Tour\" width=\"686\" height=\"386\" src=\"https:\/\/www.youtube.com\/embed\/6mBGu-do1rc?feature=oembed&amp;wmode=transparent&amp;autohide=1&amp;autoplay=0&amp;disablekb=0&amp;fs=1&amp;loop=0&amp;enablejsapi=1&amp;rel=0&amp;controls=2&amp;showinfo=0&amp;wmode=transparent&amp;autohide=2&amp;autoplay=0&amp;disablekb=0&amp;fs=1&amp;loop=0&amp;enablejsapi=1&amp;rel=0&amp;controls=2&amp;showinfo=1\" frameborder=\"0\" allow=\"accelerometer; autoplay; clipboard-write; encrypted-media; gyroscope; picture-in-picture\" allowfullscreen><\/iframe><\/div>\n<\/div>\n<h3>NAMELY &#8211; CARATTERISTICHE<\/h3>\n<ul>\n<li><strong>Iscrizione online<\/strong>:<span class=\"JLqJ4b\" data-language-for-alternatives=\"it\" data-language-to-translate-into=\"en\" data-phrase-index=\"1\">\u00a0i<span class=\"JLqJ4b ChMk0b\" data-language-for-alternatives=\"it\" data-language-to-translate-into=\"en\" data-phrase-index=\"2\">scrizione senza carta in una procedura guidata moderna e intuitiva<\/span><\/span><\/li>\n<li><strong>Supporto integrato<\/strong>:<span class=\"JLqJ4b\" data-language-for-alternatives=\"it\" data-language-to-translate-into=\"en\" data-phrase-index=\"7\">\u00a0r<span class=\"JLqJ4b ChMk0b\" data-language-for-alternatives=\"it\" data-language-to-translate-into=\"en\" data-phrase-index=\"8\">iduci gli errori e semplifica la registrazione con il confronto dei piani e gli strumenti di aiuto<\/span><\/span><\/li>\n<li><strong>Rimani conforme<\/strong>:<span class=\"JLqJ4b\" data-language-for-alternatives=\"it\" data-language-to-translate-into=\"en\" data-phrase-index=\"15\">\u00a0g<span class=\"JLqJ4b ChMk0b\" data-language-for-alternatives=\"it\" data-language-to-translate-into=\"en\" data-phrase-index=\"16\">arantisci elezioni accurate con limiti di iscrizione globali e regole elettorali integrate<\/span><\/span><\/li>\n<li><strong>Dati unificati per risorse umane e salari<\/strong>:<span class=\"JLqJ4b\" data-language-for-alternatives=\"it\" data-language-to-translate-into=\"en\" data-phrase-index=\"21\">\u00a0u<span class=\"JLqJ4b ChMk0b\" data-language-for-alternatives=\"it\" data-language-to-translate-into=\"en\" data-phrase-index=\"22\">na volta che gli amministratori si disconnettono, le detrazioni confluiscono automaticamente nel libro paga<\/span><\/span><\/li>\n<li><strong>Reporting ACA:<\/strong><span class=\"JLqJ4b\" data-language-for-alternatives=\"it\" data-language-to-translate-into=\"en\" data-phrase-index=\"25\">\u00a0g<span class=\"JLqJ4b ChMk0b\" data-language-for-alternatives=\"it\" data-language-to-translate-into=\"en\" data-phrase-index=\"26\">enera moduli 1094 e 1095 e noi li archivieremo per tuo conto<\/span><\/span><\/li>\n<li><strong>Segnalazione<\/strong>:<span class=\"JLqJ4b\" data-language-for-alternatives=\"it\" data-language-to-translate-into=\"en\" data-phrase-index=\"39\">\u00a0r<span class=\"JLqJ4b ChMk0b\" data-language-for-alternatives=\"it\" data-language-to-translate-into=\"en\" data-phrase-index=\"40\">apporti di censimento con un clic, approfondimenti sulla fatturazione dei vantaggi e altro ancora<\/span><\/span><\/li>\n<li><strong>Mobile Insight<\/strong>:<span class=\"JLqJ4b\" data-language-for-alternatives=\"it\" data-language-to-translate-into=\"en\" data-phrase-index=\"35\">\u00a0v<span class=\"JLqJ4b ChMk0b\" data-language-for-alternatives=\"it\" data-language-to-translate-into=\"en\" data-phrase-index=\"36\">isualizza le informazioni sui piani di benefit correnti in qualsiasi momento e in movimento<\/span><\/span><\/li>\n<\/ul>\n<h4>LE RECENSIONE DEGLI UTENTI<\/h4>\n<h4 class=\"font-weight-bold mb-1 d-flex align-items-center\">Rachel R.&#8221;Deve avere usato dalle aziende che vogliono essere rilevanti&#8221;<\/h4>\n<p><strong>Commenti: <\/strong>Tutti, dalla conversazione di vendita iniziale alla parte di implementazione \/ formazione per il supporto e la comunit\u00e0, sono stati cos\u00ec gentili e disponibili. \u00c8 il processo di implementazione del software pi\u00f9 positivo a cui abbia mai preso parte.<\/p>\n<p><strong>Vantaggi: <\/strong>Vale a dire \u00e8 incredibilmente intuitivo. Siamo stati in grado di riprendere rapidamente il processo da implementare ei membri del nostro team lo hanno seguito senza molta direzione.<\/p>\n<p><strong>Inconvenienti: <\/strong>La configurazione dell&#8217;orologio ha richiesto pi\u00f9 tempo di quanto avessimo immaginato. Ora l&#8217;abbiamo capito, ma questo \u00e8 stato il nostro unico punto dolente lungo la strada.<\/p>\n<h4 class=\"font-weight-bold mb-1 d-flex align-items-center\">Susan W.&#8221;Ideale per le \u00a0risorse umane scalabile&#8221;<\/h4>\n<p><strong>Commenti: <\/strong>Razionalizzazione di tutte le operazioni di onboarding e revisione.<\/p>\n<p><strong>Vantaggi: <\/strong>Vale a dire viene utilizzato come il nostro sistema HRIS e libro paga. Ho un modulo di onboarding che \u00e8 stato incredibilmente utile per digitalizzare il nostro intero sistema di onboarding e consentire a tutte le informazioni di fluire in HRIS e nel libro paga. La funzione di revisione EE ha anche semplificato il nostro processo di revisione<\/p>\n<p><strong>Inconvenienti: <\/strong>L&#8217;implementazione ha richiesto un lavoro pesante per presentare i nostri dati in fogli di calcolo prescritti da Namely. Avrei voluto che ci fosse una mappatura migliore che avrebbe richiesto di pi\u00f9 da parte di Namely. (2) alcune delle funzionalit\u00e0 di place holding presenti nel libro paga non sono disponibili sul lato HRIS. Es: se desidero visualizzare le detrazioni per molti EE, posso andare alla posizione della detrazione e fare clic e visualizzare facilmente le informazioni di un EE dopo l&#8217;altro. Se voglio fare lo stesso all&#8217;interno di HRIS non posso. Quindi sono necessari molti, molti clic per eseguire la stessa operazione.<\/p>\n<h4 class=\"font-weight-bold mb-1 d-flex align-items-center\">Yvonne R.&#8221;Risorse umane e libro paga &#8216;amplificati'&#8221;<\/h4>\n<p><strong>Commenti: <\/strong>Grande squadra, buon supporto. Ho davvero apprezzato e beneficiato del Broker Team di Namely.<\/p>\n<p><strong>Vantaggi: <\/strong>Penso che la facilit\u00e0 d&#8217;uso per tutti gli utenti sia stato un fattore principale. Mantiene il team impegnato, connesso e gode della possibilit\u00e0 di gestire la presa di forza in un unico punto.<\/p>\n<p><strong>Inconvenienti: <\/strong>Pensa che a volte ci sono un paio di suggerimenti da parte di una minoranza che ottengono molta attenzione e forse non \u00e8 qualcosa su cui \u00e8 necessario concentrarsi subito o forse pi\u00f9 discussioni in modo che la funzionalit\u00e0 funzioni meglio per tutti.<\/p>\n","protected":false},"excerpt":{"rendered":"<p>Namely offre una soluzione basata su cloud per le aziende che cercano un unico sistema completo per gestire le relazioni umane. Il software\u00a0aiuta le aziende di medie dimensioni a gestire la conformit\u00e0 e semplificare i processi del libro paga, i vantaggi e la gestione dei talenti.\u00a0Il sistema informativo delle risorse umane (HRIS) di Namely offre una posizione centralizzata per archiviare le informazioni sui dipendenti.<\/p>\n","protected":false},"author":19,"featured_media":33948,"parent":36208,"menu_order":0,"comment_status":"open","ping_status":"closed","template":"g1_template_page_review_new.php","meta":{"_acf_changed":false,"cwp_meta_box_check":"Yes","cwp_rev_product_name":"","cwp_rev_product_image":"","wppr_links":[],"cwp_rev_price":"","wppr_options":[],"wppr_pros":[],"wppr_cons":[],"_monsterinsights_skip_tracking":false,"_monsterinsights_sitenote_active":false,"_monsterinsights_sitenote_note":"","_monsterinsights_sitenote_category":0,"footnotes":""},"categories":[4480],"tags":[396,4512,4497,4514,4481,4483,4482,4484],"features":[],"class_list":{"0":"post-33945","1":"page","2":"type-page","3":"status-publish","4":"has-post-thumbnail","6":"category-piattaforme-di-welfare-aziendale","7":"tag-cloud","8":"tag-gestione-dipendenti","9":"tag-gestione-risorse-umane","10":"tag-namely","11":"tag-piattaforma-di-welfare-aziendale","12":"tag-programma-di-welfare-aziendale","13":"tag-software-di-welfare-aziendale","14":"tag-soluzione-di-welfare-aziendale"},"wppr_data":{"cwp_meta_box_check":"Yes","cwp_rev_product_name":"","cwp_rev_product_image":"","cwp_image_link":"image","cwp_rev_price":"","wppr_rating":"0.00"},"acf":[],"yoast_head":"<!-- This site is optimized with the Yoast SEO plugin v27.4 - https:\/\/yoast.com\/product\/yoast-seo-wordpress\/ -->\n<title>Namely: recensione software di welfare aziendale - Accurate Reviews<\/title>\n<meta name=\"description\" content=\"Namely: recensione soluzione basata su cloud per le aziende che cercano un unico sistema completo per gestire le relazioni umane.\" \/>\n<meta name=\"robots\" content=\"index, follow, max-snippet:-1, max-image-preview:large, max-video-preview:-1\" \/>\n<link rel=\"canonical\" href=\"https:\/\/www.accuratereviews.com\/it\/piattaforme-di-welfare-aziendale-lista\/namely-recensione\/\" \/>\n<meta property=\"og:locale\" content=\"it_IT\" \/>\n<meta property=\"og:type\" content=\"article\" \/>\n<meta property=\"og:title\" content=\"Namely: recensione software di welfare aziendale - Accurate Reviews\" \/>\n<meta property=\"og:description\" content=\"Namely: recensione soluzione basata su cloud per le aziende che cercano un unico sistema completo per gestire le relazioni umane.\" \/>\n<meta property=\"og:url\" content=\"https:\/\/www.accuratereviews.com\/it\/piattaforme-di-welfare-aziendale-lista\/namely-recensione\/\" \/>\n<meta property=\"og:site_name\" content=\"Accurate Reviews\" \/>\n<meta property=\"article:modified_time\" content=\"2021-03-17T11:33:06+00:00\" \/>\n<meta property=\"og:image\" content=\"https:\/\/www.accuratereviews.com\/wp-content\/uploads\/2020\/12\/Namely.jpg\" \/>\n\t<meta property=\"og:image:width\" content=\"1968\" \/>\n\t<meta property=\"og:image:height\" content=\"1108\" \/>\n\t<meta property=\"og:image:type\" content=\"image\/jpeg\" \/>\n<meta name=\"twitter:card\" content=\"summary_large_image\" \/>\n<meta name=\"twitter:label1\" content=\"Tempo di lettura stimato\" \/>\n\t<meta name=\"twitter:data1\" content=\"3 minuti\" \/>\n<script type=\"application\/ld+json\" class=\"yoast-schema-graph\">{\"@context\":\"https:\\\/\\\/schema.org\",\"@graph\":[{\"@type\":\"WebPage\",\"@id\":\"https:\\\/\\\/www.accuratereviews.com\\\/it\\\/piattaforme-di-welfare-aziendale-lista\\\/namely-recensione\\\/\",\"url\":\"https:\\\/\\\/www.accuratereviews.com\\\/it\\\/piattaforme-di-welfare-aziendale-lista\\\/namely-recensione\\\/\",\"name\":\"Namely: recensione software di welfare aziendale - Accurate Reviews\",\"isPartOf\":{\"@id\":\"https:\\\/\\\/www.accuratereviews.com\\\/it\\\/#website\"},\"primaryImageOfPage\":{\"@id\":\"https:\\\/\\\/www.accuratereviews.com\\\/it\\\/piattaforme-di-welfare-aziendale-lista\\\/namely-recensione\\\/#primaryimage\"},\"image\":{\"@id\":\"https:\\\/\\\/www.accuratereviews.com\\\/it\\\/piattaforme-di-welfare-aziendale-lista\\\/namely-recensione\\\/#primaryimage\"},\"thumbnailUrl\":\"https:\\\/\\\/www.accuratereviews.com\\\/wp-content\\\/uploads\\\/2020\\\/12\\\/Namely.jpg\",\"datePublished\":\"2020-12-17T11:28:41+00:00\",\"dateModified\":\"2021-03-17T11:33:06+00:00\",\"description\":\"Namely: recensione soluzione basata su cloud per le aziende che cercano un unico sistema completo per gestire le relazioni umane.\",\"breadcrumb\":{\"@id\":\"https:\\\/\\\/www.accuratereviews.com\\\/it\\\/piattaforme-di-welfare-aziendale-lista\\\/namely-recensione\\\/#breadcrumb\"},\"inLanguage\":\"it-IT\",\"potentialAction\":[{\"@type\":\"ReadAction\",\"target\":[\"https:\\\/\\\/www.accuratereviews.com\\\/it\\\/piattaforme-di-welfare-aziendale-lista\\\/namely-recensione\\\/\"]}]},{\"@type\":\"ImageObject\",\"inLanguage\":\"it-IT\",\"@id\":\"https:\\\/\\\/www.accuratereviews.com\\\/it\\\/piattaforme-di-welfare-aziendale-lista\\\/namely-recensione\\\/#primaryimage\",\"url\":\"https:\\\/\\\/www.accuratereviews.com\\\/wp-content\\\/uploads\\\/2020\\\/12\\\/Namely.jpg\",\"contentUrl\":\"https:\\\/\\\/www.accuratereviews.com\\\/wp-content\\\/uploads\\\/2020\\\/12\\\/Namely.jpg\",\"width\":1968,\"height\":1108},{\"@type\":\"BreadcrumbList\",\"@id\":\"https:\\\/\\\/www.accuratereviews.com\\\/it\\\/piattaforme-di-welfare-aziendale-lista\\\/namely-recensione\\\/#breadcrumb\",\"itemListElement\":[{\"@type\":\"ListItem\",\"position\":1,\"name\":\"Home\",\"item\":\"https:\\\/\\\/www.accuratereviews.com\\\/it\\\/\"},{\"@type\":\"ListItem\",\"position\":2,\"name\":\"Piattaforme di welfare aziendale\",\"item\":\"https:\\\/\\\/www.accuratereviews.com\\\/it\\\/piattaforme-di-welfare-aziendale-lista\\\/\"},{\"@type\":\"ListItem\",\"position\":3,\"name\":\"Namely\"}]},{\"@type\":\"WebSite\",\"@id\":\"https:\\\/\\\/www.accuratereviews.com\\\/it\\\/#website\",\"url\":\"https:\\\/\\\/www.accuratereviews.com\\\/it\\\/\",\"name\":\"Accurate Reviews\",\"description\":\"\",\"potentialAction\":[{\"@type\":\"SearchAction\",\"target\":{\"@type\":\"EntryPoint\",\"urlTemplate\":\"https:\\\/\\\/www.accuratereviews.com\\\/it\\\/?s={search_term_string}\"},\"query-input\":{\"@type\":\"PropertyValueSpecification\",\"valueRequired\":true,\"valueName\":\"search_term_string\"}}],\"inLanguage\":\"it-IT\"}]}<\/script>\n<!-- \/ Yoast SEO plugin. -->","yoast_head_json":{"title":"Namely: recensione software di welfare aziendale - Accurate Reviews","description":"Namely: recensione soluzione basata su cloud per le aziende che cercano un unico sistema completo per gestire le relazioni umane.","robots":{"index":"index","follow":"follow","max-snippet":"max-snippet:-1","max-image-preview":"max-image-preview:large","max-video-preview":"max-video-preview:-1"},"canonical":"https:\/\/www.accuratereviews.com\/it\/piattaforme-di-welfare-aziendale-lista\/namely-recensione\/","og_locale":"it_IT","og_type":"article","og_title":"Namely: recensione software di welfare aziendale - Accurate Reviews","og_description":"Namely: recensione soluzione basata su cloud per le aziende che cercano un unico sistema completo per gestire le relazioni umane.","og_url":"https:\/\/www.accuratereviews.com\/it\/piattaforme-di-welfare-aziendale-lista\/namely-recensione\/","og_site_name":"Accurate Reviews","article_modified_time":"2021-03-17T11:33:06+00:00","og_image":[{"width":1968,"height":1108,"url":"https:\/\/www.accuratereviews.com\/wp-content\/uploads\/2020\/12\/Namely.jpg","type":"image\/jpeg"}],"twitter_card":"summary_large_image","twitter_misc":{"Tempo di lettura stimato":"3 minuti"},"schema":{"@context":"https:\/\/schema.org","@graph":[{"@type":"WebPage","@id":"https:\/\/www.accuratereviews.com\/it\/piattaforme-di-welfare-aziendale-lista\/namely-recensione\/","url":"https:\/\/www.accuratereviews.com\/it\/piattaforme-di-welfare-aziendale-lista\/namely-recensione\/","name":"Namely: recensione software di welfare aziendale - Accurate Reviews","isPartOf":{"@id":"https:\/\/www.accuratereviews.com\/it\/#website"},"primaryImageOfPage":{"@id":"https:\/\/www.accuratereviews.com\/it\/piattaforme-di-welfare-aziendale-lista\/namely-recensione\/#primaryimage"},"image":{"@id":"https:\/\/www.accuratereviews.com\/it\/piattaforme-di-welfare-aziendale-lista\/namely-recensione\/#primaryimage"},"thumbnailUrl":"https:\/\/www.accuratereviews.com\/wp-content\/uploads\/2020\/12\/Namely.jpg","datePublished":"2020-12-17T11:28:41+00:00","dateModified":"2021-03-17T11:33:06+00:00","description":"Namely: recensione soluzione basata su cloud per le aziende che cercano un unico sistema completo per gestire le relazioni umane.","breadcrumb":{"@id":"https:\/\/www.accuratereviews.com\/it\/piattaforme-di-welfare-aziendale-lista\/namely-recensione\/#breadcrumb"},"inLanguage":"it-IT","potentialAction":[{"@type":"ReadAction","target":["https:\/\/www.accuratereviews.com\/it\/piattaforme-di-welfare-aziendale-lista\/namely-recensione\/"]}]},{"@type":"ImageObject","inLanguage":"it-IT","@id":"https:\/\/www.accuratereviews.com\/it\/piattaforme-di-welfare-aziendale-lista\/namely-recensione\/#primaryimage","url":"https:\/\/www.accuratereviews.com\/wp-content\/uploads\/2020\/12\/Namely.jpg","contentUrl":"https:\/\/www.accuratereviews.com\/wp-content\/uploads\/2020\/12\/Namely.jpg","width":1968,"height":1108},{"@type":"BreadcrumbList","@id":"https:\/\/www.accuratereviews.com\/it\/piattaforme-di-welfare-aziendale-lista\/namely-recensione\/#breadcrumb","itemListElement":[{"@type":"ListItem","position":1,"name":"Home","item":"https:\/\/www.accuratereviews.com\/it\/"},{"@type":"ListItem","position":2,"name":"Piattaforme di welfare aziendale","item":"https:\/\/www.accuratereviews.com\/it\/piattaforme-di-welfare-aziendale-lista\/"},{"@type":"ListItem","position":3,"name":"Namely"}]},{"@type":"WebSite","@id":"https:\/\/www.accuratereviews.com\/it\/#website","url":"https:\/\/www.accuratereviews.com\/it\/","name":"Accurate Reviews","description":"","potentialAction":[{"@type":"SearchAction","target":{"@type":"EntryPoint","urlTemplate":"https:\/\/www.accuratereviews.com\/it\/?s={search_term_string}"},"query-input":{"@type":"PropertyValueSpecification","valueRequired":true,"valueName":"search_term_string"}}],"inLanguage":"it-IT"}]}},"_links":{"self":[{"href":"https:\/\/www.accuratereviews.com\/it\/wp-json\/wp\/v2\/pages\/33945","targetHints":{"allow":["GET"]}}],"collection":[{"href":"https:\/\/www.accuratereviews.com\/it\/wp-json\/wp\/v2\/pages"}],"about":[{"href":"https:\/\/www.accuratereviews.com\/it\/wp-json\/wp\/v2\/types\/page"}],"author":[{"embeddable":true,"href":"https:\/\/www.accuratereviews.com\/it\/wp-json\/wp\/v2\/users\/19"}],"replies":[{"embeddable":true,"href":"https:\/\/www.accuratereviews.com\/it\/wp-json\/wp\/v2\/comments?post=33945"}],"version-history":[{"count":13,"href":"https:\/\/www.accuratereviews.com\/it\/wp-json\/wp\/v2\/pages\/33945\/revisions"}],"predecessor-version":[{"id":36933,"href":"https:\/\/www.accuratereviews.com\/it\/wp-json\/wp\/v2\/pages\/33945\/revisions\/36933"}],"up":[{"embeddable":true,"href":"https:\/\/www.accuratereviews.com\/it\/wp-json\/wp\/v2\/pages\/36208"}],"wp:featuredmedia":[{"embeddable":true,"href":"https:\/\/www.accuratereviews.com\/it\/wp-json\/wp\/v2\/media\/33948"}],"wp:attachment":[{"href":"https:\/\/www.accuratereviews.com\/it\/wp-json\/wp\/v2\/media?parent=33945"}],"wp:term":[{"taxonomy":"category","embeddable":true,"href":"https:\/\/www.accuratereviews.com\/it\/wp-json\/wp\/v2\/categories?post=33945"},{"taxonomy":"post_tag","embeddable":true,"href":"https:\/\/www.accuratereviews.com\/it\/wp-json\/wp\/v2\/tags?post=33945"},{"taxonomy":"features","embeddable":true,"href":"https:\/\/www.accuratereviews.com\/it\/wp-json\/wp\/v2\/features?post=33945"}],"curies":[{"name":"wp","href":"https:\/\/api.w.org\/{rel}","templated":true}]}}