{"id":33963,"date":"2020-12-18T11:36:02","date_gmt":"2020-12-18T11:36:02","guid":{"rendered":"https:\/\/www.accuratereviews.com\/?page_id=33963"},"modified":"2021-03-17T11:33:08","modified_gmt":"2021-03-17T11:33:08","slug":"paylocity-recensione","status":"publish","type":"page","link":"https:\/\/www.accuratereviews.com\/it\/piattaforme-di-welfare-aziendale-lista\/paylocity-recensione\/","title":{"rendered":"Paylocity"},"content":{"rendered":"<p><strong>Paylocity<\/strong> \u00e8 una <strong>piattaforma di gestione delle risorse umane<\/strong> (HCM) basata su <strong>cloud<\/strong> che fornisce strumenti di gestione delle buste paga per aiutare le aziende di qualsiasi dimensione a gestire le funzioni HR. Le caratteristiche principali includono l&#8217;elaborazione delle buste paga, l&#8217;amministrazione dei vantaggi, la gestione del tempo e dei talenti, il coinvolgimento dei dipendenti, un sistema integrato di tracciamento dei candidati (ATS) e informazioni sui dati. Inoltre i modulo sui salari della soluzione consente alle aziende di semplificare le operazioni sulle buste paga, automatizzare i processi e mantenere la conformit\u00e0 fiscale. Con la gestione delle spese, gli amministratori possono eliminare fogli di calcolo e trasferire automaticamente le spese in <strong>Paylocity<\/strong>. Con il registro di pre-elaborazione, gli utenti possono visualizzare in anteprima, correggere e verificare gli stipendi dei dipendenti prima di elaborare le buste paga.<\/p>\n<h2>PAYLOCITY &#8211; TUTORIAL<\/h2>\n<p>Guardiamo insieme il video in cui mostra come utilizzare questo<strong> software di welfare aziendale<\/strong>:<\/p>\n<div id=\"fluid-wrapper-counter-1\" class=\"g1-fluid-wrapper \" style=\"width:686px;\">\n<div style=\"padding-bottom:56.268221574344%;\"><iframe loading=\"lazy\" title=\"Paylocity FY2020 Year In Review\" width=\"686\" height=\"386\" src=\"https:\/\/www.youtube.com\/embed\/wIAD_dVVQBU?feature=oembed&amp;wmode=transparent&amp;autohide=1&amp;autoplay=0&amp;disablekb=0&amp;fs=1&amp;loop=0&amp;enablejsapi=1&amp;rel=0&amp;controls=2&amp;showinfo=0&amp;wmode=transparent&amp;autohide=2&amp;autoplay=0&amp;disablekb=0&amp;fs=1&amp;loop=0&amp;enablejsapi=1&amp;rel=0&amp;controls=2&amp;showinfo=1\" frameborder=\"0\" allow=\"accelerometer; autoplay; clipboard-write; encrypted-media; gyroscope; picture-in-picture\" allowfullscreen><\/iframe><\/div>\n<\/div>\n<h3>PAYLOCITY &#8211; CARATTERISTICHE<\/h3>\n<ul>\n<li><strong>Gestisci risorse umane e buste paga<\/strong>: i dipendenti possono timbrare entrate e uscite, richiedere ferie e visualizzare i saldi, nonch\u00e9 accedere a informazioni importanti come assegni attuali e passati, moduli fiscali, orari e schede attivit\u00e0, in qualsiasi momento<\/li>\n<li><strong>Entra in contatto con i dipendenti<\/strong>: community \u00e8 lo sportello unico per annunci e comunicazioni aziendali che funge anche da piattaforma per il riconoscimento dei colleghi in tutta l&#8217;azienda<\/li>\n<li><strong>Fonte di verit\u00e0<\/strong>: consenti l&#8217;accesso a un&#8217;unica fonte per directory, criteri o altre risorse per mantenere coerenti e attuali annunci, notizie aziendali e incarichi di formazione<\/li>\n<li><strong>Rispondi alle richieste:<\/strong> \u00a0i supervisori e i manager possono rivedere le modifiche alla pianificazione, controllare i timecard e approvare le richieste di permessi con facilit\u00e0 da qualsiasi luogo<\/li>\n<li><strong>Finanze Fast Track:<\/strong> invia e approva le note spese, concedi l&#8217;accesso a una parte delle retribuzioni guadagnate o gestisci con facilit\u00e0 i conti delle prestazioni flessibili<\/li>\n<\/ul>\n<h4>LE RECENSIONI DEGLI UTENTI<\/h4>\n<h4 class=\"font-weight-bold mb-1 d-flex align-items-center\">Jeffrey G.&#8221;Il supporto di Paylocity \u00e8 il migliore!&#8221;<\/h4>\n<p><strong>Commenti: <\/strong>Lo adoro. Nella societ\u00e0 precedente, ha esaminato il passaggio a Paylocity, ma \u00e8 stata presa la decisione di rimanere su ADP. Sono molto contento quando ho scoperto che una nuova azienda stava usando Paylocity. Cambiare il centro di supporto con ADP era una seccatura e l&#8217;aggiunta di CA era difficile. Ma con Paylocity aggiungere un nuovo stato \/ posizione \u00e8 stato facile. L&#8217;aggiunta di tempo e monitoraggio del lavoro ha richiesto alcuni mesi.<\/p>\n<p><strong>Vantaggi: <\/strong>il team di supporto che assiste una piccola azienda \u00e8 fantastico! La possibilit\u00e0 di aggiungere funzionalit\u00e0 era pi\u00f9 semplice rispetto alle alternative. L&#8217;utilizzo del cellulare da parte dei dipendenti per gli stipendi e per l&#8217;inserimento del tempo \u00e8 ottimo.<\/p>\n<p><strong>Inconvenienti: <\/strong>La limitazione gps \/ geolocalizzazione \u00e8 incostante quando si cerca di limitare il tempo in cui un dipendente pu\u00f2 inserire il tempo.<\/p>\n<h4 class=\"font-weight-bold mb-1 d-flex align-items-center\">Edmundo C.&#8221;Timelog accurati&#8221;<\/h4>\n<p><strong>Commenti: <\/strong>Durante il mio 1 anno e 4 mesi di utilizzo dell&#8217;app non vedo ancora alcun problema tecnico o incongruenza nei miei registri orari. Ottima app da utilizzare per ogni azienda.<\/p>\n<p><strong>Vantaggi: <\/strong>Come dipendente, mi semplifica la vita quotidiana perch\u00e9 l&#8217;app \u00e8 prontamente disponibile sia sul mio telefono che sul mio browser. Mi piace la funzione che mi consente di inserire manualmente la mia scheda attivit\u00e0 con 1 settimana di anticipo, quindi non ho bisogno di premere orologio, pranzo e orologio ogni tanto. \u00c8 anche molto facile per me archiviare PTO in pochi clic. Mi piace il modo in cui compilano i miei stipendi in modo da poterli accedere facilmente a tutti quando ho bisogno di controllare qualcosa.<\/p>\n<p><strong>Inconvenienti: <\/strong>Il paylocity nel mio browser continua a chiedere due volte una domanda di sfida anche se ho gi\u00e0 premuto &#8220;fidati di questo dispositivo&#8221; ad ogni accesso.<\/p>\n<h4 class=\"font-weight-bold mb-1 d-flex align-items-center\">Ean J.&#8221;Fantastico tutto in uno&#8221;<\/h4>\n<p><strong>Commenti: <\/strong>Nel complesso, ora che tutto \u00e8 impostato e corretto, non potremmo essere pi\u00f9 soddisfatti del sistema. Fa tutto ci\u00f2 di cui abbiamo bisogno, pi\u00f9 alcuni, ed \u00e8 un portale tutto in uno invece di dover accedere a 5 o 6 sistemi diversi tutto il tempo. I dipendenti lo adorano anche perch\u00e9 possono accedere a tutto ci\u00f2 di cui hanno bisogno in un unico posto.<\/p>\n<p><strong>Vantaggi: <\/strong>Questo combina diversi servizi diversi insieme in un unico luogo. Reclutamento, HRIS, buste paga, cronometraggio e persino amministrazione dei vantaggi sono tutti in un unico sistema. Utilizzando un database per tutti questi sistemi, non \u00e8 possibile ripetere l&#8217;immissione dei dati, il che riduce drasticamente la possibilit\u00e0 di errori. I dipendenti hanno accesso al proprio profilo e possono apportare modifiche e visualizzare le buste paga e i documenti fiscali a loro piacimento. L&#8217;eliminazione dei molteplici fornitori di servizi diversi ci ha fatto risparmiare un sacco di soldi allo stesso tempo.<\/p>\n<p><strong>Inconvenienti: <\/strong>L&#8217;implementazione di un nuovo sistema ha sempre i suoi problemi, ma il team di implementazione per il nostro lavoro sembrava poco esperto. Sono stati commessi diversi errori che hanno richiesto un po &#8216;di tempo (sia del mio team che del loro) per essere risolti.<\/p>\n","protected":false},"excerpt":{"rendered":"<p>Paylocity \u00e8 una piattaforma di gestione delle risorse umane (HCM) basata su cloud che fornisce strumenti di gestione delle buste paga per aiutare le aziende di qualsiasi dimensione a gestire le funzioni HR. Le caratteristiche principali includono l&#8217;elaborazione delle buste paga, l&#8217;amministrazione dei vantaggi, la gestione del tempo e dei talenti, il coinvolgimento dei dipendenti, un sistema integrato di tracciamento dei candidati (ATS) e informazioni sui dati.<\/p>\n","protected":false},"author":19,"featured_media":33966,"parent":36208,"menu_order":0,"comment_status":"open","ping_status":"closed","template":"g1_template_page_review_new.php","meta":{"_acf_changed":false,"cwp_meta_box_check":"Yes","cwp_rev_product_name":"","cwp_rev_product_image":"","wppr_links":[],"cwp_rev_price":"","wppr_options":[],"wppr_pros":[],"wppr_cons":[],"_monsterinsights_skip_tracking":false,"_monsterinsights_sitenote_active":false,"_monsterinsights_sitenote_note":"","_monsterinsights_sitenote_category":0,"footnotes":""},"categories":[4480],"tags":[396,4515,4497,4481,4483,4482,4484],"features":[],"class_list":{"0":"post-33963","1":"page","2":"type-page","3":"status-publish","4":"has-post-thumbnail","6":"category-piattaforme-di-welfare-aziendale","7":"tag-cloud","8":"tag-gestione-buste-paga","9":"tag-gestione-risorse-umane","10":"tag-piattaforma-di-welfare-aziendale","11":"tag-programma-di-welfare-aziendale","12":"tag-software-di-welfare-aziendale","13":"tag-soluzione-di-welfare-aziendale"},"wppr_data":{"cwp_meta_box_check":"Yes","cwp_rev_product_name":"","cwp_rev_product_image":"","cwp_image_link":"image","cwp_rev_price":"","wppr_rating":"0.00"},"acf":[],"yoast_head":"<!-- This site is optimized with the Yoast SEO plugin v27.4 - https:\/\/yoast.com\/product\/yoast-seo-wordpress\/ -->\n<title>Paylocity: recensione software di welfare aziendale - Accurate Reviews<\/title>\n<meta name=\"description\" content=\"Paylocity: recensione piattaforma di gestione delle risorse umane (HCM) basata su cloud che fornisce strumenti di gestione delle buste paga.\" \/>\n<meta name=\"robots\" content=\"index, follow, max-snippet:-1, max-image-preview:large, max-video-preview:-1\" \/>\n<link rel=\"canonical\" href=\"https:\/\/www.accuratereviews.com\/it\/piattaforme-di-welfare-aziendale-lista\/paylocity-recensione\/\" \/>\n<meta property=\"og:locale\" content=\"it_IT\" \/>\n<meta property=\"og:type\" content=\"article\" \/>\n<meta property=\"og:title\" content=\"Paylocity: recensione software di welfare aziendale - Accurate Reviews\" \/>\n<meta property=\"og:description\" content=\"Paylocity: recensione piattaforma di gestione delle risorse umane (HCM) basata su cloud che fornisce strumenti di gestione delle buste paga.\" \/>\n<meta property=\"og:url\" content=\"https:\/\/www.accuratereviews.com\/it\/piattaforme-di-welfare-aziendale-lista\/paylocity-recensione\/\" \/>\n<meta property=\"og:site_name\" content=\"Accurate Reviews\" \/>\n<meta property=\"article:modified_time\" content=\"2021-03-17T11:33:08+00:00\" \/>\n<meta property=\"og:image\" content=\"https:\/\/www.accuratereviews.com\/wp-content\/uploads\/2020\/12\/Paylocity.jpeg\" \/>\n\t<meta property=\"og:image:width\" content=\"1482\" \/>\n\t<meta property=\"og:image:height\" content=\"344\" \/>\n\t<meta property=\"og:image:type\" content=\"image\/jpeg\" \/>\n<meta name=\"twitter:card\" content=\"summary_large_image\" \/>\n<meta name=\"twitter:label1\" content=\"Tempo di lettura stimato\" \/>\n\t<meta name=\"twitter:data1\" content=\"4 minuti\" \/>\n<script type=\"application\/ld+json\" class=\"yoast-schema-graph\">{\"@context\":\"https:\\\/\\\/schema.org\",\"@graph\":[{\"@type\":\"WebPage\",\"@id\":\"https:\\\/\\\/www.accuratereviews.com\\\/it\\\/piattaforme-di-welfare-aziendale-lista\\\/paylocity-recensione\\\/\",\"url\":\"https:\\\/\\\/www.accuratereviews.com\\\/it\\\/piattaforme-di-welfare-aziendale-lista\\\/paylocity-recensione\\\/\",\"name\":\"Paylocity: recensione software di welfare aziendale - Accurate Reviews\",\"isPartOf\":{\"@id\":\"https:\\\/\\\/www.accuratereviews.com\\\/it\\\/#website\"},\"primaryImageOfPage\":{\"@id\":\"https:\\\/\\\/www.accuratereviews.com\\\/it\\\/piattaforme-di-welfare-aziendale-lista\\\/paylocity-recensione\\\/#primaryimage\"},\"image\":{\"@id\":\"https:\\\/\\\/www.accuratereviews.com\\\/it\\\/piattaforme-di-welfare-aziendale-lista\\\/paylocity-recensione\\\/#primaryimage\"},\"thumbnailUrl\":\"https:\\\/\\\/www.accuratereviews.com\\\/wp-content\\\/uploads\\\/2020\\\/12\\\/Paylocity.jpeg\",\"datePublished\":\"2020-12-18T11:36:02+00:00\",\"dateModified\":\"2021-03-17T11:33:08+00:00\",\"description\":\"Paylocity: recensione piattaforma di gestione delle risorse umane (HCM) basata su cloud che fornisce strumenti di gestione delle buste paga.\",\"breadcrumb\":{\"@id\":\"https:\\\/\\\/www.accuratereviews.com\\\/it\\\/piattaforme-di-welfare-aziendale-lista\\\/paylocity-recensione\\\/#breadcrumb\"},\"inLanguage\":\"it-IT\",\"potentialAction\":[{\"@type\":\"ReadAction\",\"target\":[\"https:\\\/\\\/www.accuratereviews.com\\\/it\\\/piattaforme-di-welfare-aziendale-lista\\\/paylocity-recensione\\\/\"]}]},{\"@type\":\"ImageObject\",\"inLanguage\":\"it-IT\",\"@id\":\"https:\\\/\\\/www.accuratereviews.com\\\/it\\\/piattaforme-di-welfare-aziendale-lista\\\/paylocity-recensione\\\/#primaryimage\",\"url\":\"https:\\\/\\\/www.accuratereviews.com\\\/wp-content\\\/uploads\\\/2020\\\/12\\\/Paylocity.jpeg\",\"contentUrl\":\"https:\\\/\\\/www.accuratereviews.com\\\/wp-content\\\/uploads\\\/2020\\\/12\\\/Paylocity.jpeg\",\"width\":1482,\"height\":344,\"caption\":\"Paylocity Logo (PRNewsfoto\\\/Paylocity)\"},{\"@type\":\"BreadcrumbList\",\"@id\":\"https:\\\/\\\/www.accuratereviews.com\\\/it\\\/piattaforme-di-welfare-aziendale-lista\\\/paylocity-recensione\\\/#breadcrumb\",\"itemListElement\":[{\"@type\":\"ListItem\",\"position\":1,\"name\":\"Home\",\"item\":\"https:\\\/\\\/www.accuratereviews.com\\\/it\\\/\"},{\"@type\":\"ListItem\",\"position\":2,\"name\":\"Piattaforme di welfare aziendale\",\"item\":\"https:\\\/\\\/www.accuratereviews.com\\\/it\\\/piattaforme-di-welfare-aziendale-lista\\\/\"},{\"@type\":\"ListItem\",\"position\":3,\"name\":\"Paylocity\"}]},{\"@type\":\"WebSite\",\"@id\":\"https:\\\/\\\/www.accuratereviews.com\\\/it\\\/#website\",\"url\":\"https:\\\/\\\/www.accuratereviews.com\\\/it\\\/\",\"name\":\"Accurate Reviews\",\"description\":\"\",\"potentialAction\":[{\"@type\":\"SearchAction\",\"target\":{\"@type\":\"EntryPoint\",\"urlTemplate\":\"https:\\\/\\\/www.accuratereviews.com\\\/it\\\/?s={search_term_string}\"},\"query-input\":{\"@type\":\"PropertyValueSpecification\",\"valueRequired\":true,\"valueName\":\"search_term_string\"}}],\"inLanguage\":\"it-IT\"}]}<\/script>\n<!-- \/ Yoast SEO plugin. -->","yoast_head_json":{"title":"Paylocity: recensione software di welfare aziendale - Accurate Reviews","description":"Paylocity: recensione piattaforma di gestione delle risorse umane (HCM) basata su cloud che fornisce strumenti di gestione delle buste paga.","robots":{"index":"index","follow":"follow","max-snippet":"max-snippet:-1","max-image-preview":"max-image-preview:large","max-video-preview":"max-video-preview:-1"},"canonical":"https:\/\/www.accuratereviews.com\/it\/piattaforme-di-welfare-aziendale-lista\/paylocity-recensione\/","og_locale":"it_IT","og_type":"article","og_title":"Paylocity: recensione software di welfare aziendale - Accurate Reviews","og_description":"Paylocity: recensione piattaforma di gestione delle risorse umane (HCM) basata su cloud che fornisce strumenti di gestione delle buste paga.","og_url":"https:\/\/www.accuratereviews.com\/it\/piattaforme-di-welfare-aziendale-lista\/paylocity-recensione\/","og_site_name":"Accurate Reviews","article_modified_time":"2021-03-17T11:33:08+00:00","og_image":[{"width":1482,"height":344,"url":"https:\/\/www.accuratereviews.com\/wp-content\/uploads\/2020\/12\/Paylocity.jpeg","type":"image\/jpeg"}],"twitter_card":"summary_large_image","twitter_misc":{"Tempo di lettura stimato":"4 minuti"},"schema":{"@context":"https:\/\/schema.org","@graph":[{"@type":"WebPage","@id":"https:\/\/www.accuratereviews.com\/it\/piattaforme-di-welfare-aziendale-lista\/paylocity-recensione\/","url":"https:\/\/www.accuratereviews.com\/it\/piattaforme-di-welfare-aziendale-lista\/paylocity-recensione\/","name":"Paylocity: recensione software di welfare aziendale - Accurate Reviews","isPartOf":{"@id":"https:\/\/www.accuratereviews.com\/it\/#website"},"primaryImageOfPage":{"@id":"https:\/\/www.accuratereviews.com\/it\/piattaforme-di-welfare-aziendale-lista\/paylocity-recensione\/#primaryimage"},"image":{"@id":"https:\/\/www.accuratereviews.com\/it\/piattaforme-di-welfare-aziendale-lista\/paylocity-recensione\/#primaryimage"},"thumbnailUrl":"https:\/\/www.accuratereviews.com\/wp-content\/uploads\/2020\/12\/Paylocity.jpeg","datePublished":"2020-12-18T11:36:02+00:00","dateModified":"2021-03-17T11:33:08+00:00","description":"Paylocity: recensione piattaforma di gestione delle risorse umane (HCM) basata su cloud che fornisce strumenti di gestione delle buste paga.","breadcrumb":{"@id":"https:\/\/www.accuratereviews.com\/it\/piattaforme-di-welfare-aziendale-lista\/paylocity-recensione\/#breadcrumb"},"inLanguage":"it-IT","potentialAction":[{"@type":"ReadAction","target":["https:\/\/www.accuratereviews.com\/it\/piattaforme-di-welfare-aziendale-lista\/paylocity-recensione\/"]}]},{"@type":"ImageObject","inLanguage":"it-IT","@id":"https:\/\/www.accuratereviews.com\/it\/piattaforme-di-welfare-aziendale-lista\/paylocity-recensione\/#primaryimage","url":"https:\/\/www.accuratereviews.com\/wp-content\/uploads\/2020\/12\/Paylocity.jpeg","contentUrl":"https:\/\/www.accuratereviews.com\/wp-content\/uploads\/2020\/12\/Paylocity.jpeg","width":1482,"height":344,"caption":"Paylocity Logo (PRNewsfoto\/Paylocity)"},{"@type":"BreadcrumbList","@id":"https:\/\/www.accuratereviews.com\/it\/piattaforme-di-welfare-aziendale-lista\/paylocity-recensione\/#breadcrumb","itemListElement":[{"@type":"ListItem","position":1,"name":"Home","item":"https:\/\/www.accuratereviews.com\/it\/"},{"@type":"ListItem","position":2,"name":"Piattaforme di welfare aziendale","item":"https:\/\/www.accuratereviews.com\/it\/piattaforme-di-welfare-aziendale-lista\/"},{"@type":"ListItem","position":3,"name":"Paylocity"}]},{"@type":"WebSite","@id":"https:\/\/www.accuratereviews.com\/it\/#website","url":"https:\/\/www.accuratereviews.com\/it\/","name":"Accurate Reviews","description":"","potentialAction":[{"@type":"SearchAction","target":{"@type":"EntryPoint","urlTemplate":"https:\/\/www.accuratereviews.com\/it\/?s={search_term_string}"},"query-input":{"@type":"PropertyValueSpecification","valueRequired":true,"valueName":"search_term_string"}}],"inLanguage":"it-IT"}]}},"_links":{"self":[{"href":"https:\/\/www.accuratereviews.com\/it\/wp-json\/wp\/v2\/pages\/33963","targetHints":{"allow":["GET"]}}],"collection":[{"href":"https:\/\/www.accuratereviews.com\/it\/wp-json\/wp\/v2\/pages"}],"about":[{"href":"https:\/\/www.accuratereviews.com\/it\/wp-json\/wp\/v2\/types\/page"}],"author":[{"embeddable":true,"href":"https:\/\/www.accuratereviews.com\/it\/wp-json\/wp\/v2\/users\/19"}],"replies":[{"embeddable":true,"href":"https:\/\/www.accuratereviews.com\/it\/wp-json\/wp\/v2\/comments?post=33963"}],"version-history":[{"count":12,"href":"https:\/\/www.accuratereviews.com\/it\/wp-json\/wp\/v2\/pages\/33963\/revisions"}],"predecessor-version":[{"id":36938,"href":"https:\/\/www.accuratereviews.com\/it\/wp-json\/wp\/v2\/pages\/33963\/revisions\/36938"}],"up":[{"embeddable":true,"href":"https:\/\/www.accuratereviews.com\/it\/wp-json\/wp\/v2\/pages\/36208"}],"wp:featuredmedia":[{"embeddable":true,"href":"https:\/\/www.accuratereviews.com\/it\/wp-json\/wp\/v2\/media\/33966"}],"wp:attachment":[{"href":"https:\/\/www.accuratereviews.com\/it\/wp-json\/wp\/v2\/media?parent=33963"}],"wp:term":[{"taxonomy":"category","embeddable":true,"href":"https:\/\/www.accuratereviews.com\/it\/wp-json\/wp\/v2\/categories?post=33963"},{"taxonomy":"post_tag","embeddable":true,"href":"https:\/\/www.accuratereviews.com\/it\/wp-json\/wp\/v2\/tags?post=33963"},{"taxonomy":"features","embeddable":true,"href":"https:\/\/www.accuratereviews.com\/it\/wp-json\/wp\/v2\/features?post=33963"}],"curies":[{"name":"wp","href":"https:\/\/api.w.org\/{rel}","templated":true}]}}