{"id":33976,"date":"2020-12-18T11:37:22","date_gmt":"2020-12-18T11:37:22","guid":{"rendered":"https:\/\/www.accuratereviews.com\/?page_id=33976"},"modified":"2021-03-17T11:33:05","modified_gmt":"2021-03-17T11:33:05","slug":"isolved-recensione","status":"publish","type":"page","link":"https:\/\/www.accuratereviews.com\/it\/piattaforme-di-welfare-aziendale-lista\/isolved-recensione\/","title":{"rendered":"Isolved"},"content":{"rendered":"<p><strong>Isolved <\/strong>\u00e8 una <strong>piattaforma di welfare aziendale<\/strong> che collega e gestisce senza problemi il percorso dei dipendenti attraverso le funzioni di gestione dei talenti, risorse umane e salari, amministrazione della forza lavoro e gestione del coinvolgimento. <span class=\"JLqJ4b ChMk0b\" data-language-for-alternatives=\"it\" data-language-to-translate-into=\"en\" data-phrase-index=\"1\">Assumi, abilita e responsabilizza la tua forza lavoro trasformando l&#8217;esperienza dei dipendenti in ogni loro fase. <strong>I<\/strong><span class=\"JLqJ4b\" data-language-for-alternatives=\"it\" data-language-to-translate-into=\"en\" data-phrase-index=\"2\"><strong>solved<\/strong> include una serie di funzionalit\u00e0 self-service sia per i manager che per i dipendenti. Consente agli amministratori di monitorare i programmi delle ferie, regolare la retribuzione dei dipendenti, creare revisioni delle prestazioni e altro ancora. I dipendenti possono accedere alle proprie buste paga, esaminare le informazioni aziendali e gestire le richieste di ferie. Il sistema di monitoraggio dei candidati consente agli utenti di pubblicare lavori su centinaia di bacheche di lavoro. I reclutatori possono modificare il processo di assunzione secondo la politica aziendale e intervistare i candidati.\u00a0<\/span><\/span><\/p>\n<h2>ISOLVED &#8211; TUTORIAL<\/h2>\n<p>Guardiamo insieme questo video in pi\u00f9 spiega i principali strumenti di questo<strong> software di welfare aziendale<\/strong>:<\/p>\n<div id=\"fluid-wrapper-counter-1\" class=\"g1-fluid-wrapper \" style=\"width:686px;\">\n<div style=\"padding-bottom:56.268221574344%;\"><iframe loading=\"lazy\" title=\"isolved Benefit Services\" width=\"686\" height=\"386\" src=\"https:\/\/www.youtube.com\/embed\/zWW3G2CXiuI?feature=oembed&amp;wmode=transparent&amp;autohide=1&amp;autoplay=0&amp;disablekb=0&amp;fs=1&amp;loop=0&amp;enablejsapi=1&amp;rel=0&amp;controls=2&amp;showinfo=0&amp;wmode=transparent&amp;autohide=2&amp;autoplay=0&amp;disablekb=0&amp;fs=1&amp;loop=0&amp;enablejsapi=1&amp;rel=0&amp;controls=2&amp;showinfo=1\" frameborder=\"0\" allow=\"accelerometer; autoplay; clipboard-write; encrypted-media; gyroscope; picture-in-picture\" allowfullscreen><\/iframe><\/div>\n<\/div>\n<h3>ISOLVED &#8211; CARATTERISTICHE<\/h3>\n<ul>\n<li><strong>Gestione dei talenti<\/strong>:<span class=\"JLqJ4b\" data-language-for-alternatives=\"it\" data-language-to-translate-into=\"en\" data-phrase-index=\"1\">\u00a0a<span class=\"JLqJ4b ChMk0b\" data-language-for-alternatives=\"it\" data-language-to-translate-into=\"en\" data-phrase-index=\"2\">ttira, recluta e ingaggia le persone pi\u00f9 talentuose, aiutando al contempo i dipendenti neoassunti a diventare produttivi rapidamente, eliminando il lavoro di ufficio e le ridondanze dal processo di inserimento<\/span><\/span><\/li>\n<li><strong>Risorse umane e buste paga<\/strong>:<span class=\"JLqJ4b\" data-language-for-alternatives=\"it\" data-language-to-translate-into=\"en\" data-phrase-index=\"1\">\u00a0l<span class=\"JLqJ4b ChMk0b\" data-language-for-alternatives=\"it\" data-language-to-translate-into=\"en\" data-phrase-index=\"2\">&#8216;esperienza e il coinvolgimento dei dipendenti sono fortemente influenzati dalla cultura dell&#8217;organizzazione, che include le interazioni con le risorse umane, il modo in cui ricevono la loro retribuzione e le opportunit\u00e0 di formazione<\/span><\/span><\/li>\n<li><strong>Gestione della forza lavoro<\/strong>:<span class=\"JLqJ4b\" data-language-for-alternatives=\"it\" data-language-to-translate-into=\"en\" data-phrase-index=\"1\">\u00a0o<span class=\"JLqJ4b ChMk0b\" data-language-for-alternatives=\"it\" data-language-to-translate-into=\"en\" data-phrase-index=\"2\">rganizzazioni di tutte le dimensioni in tutti i settori riferiscono che la gestione delle persone \u00e8 l&#8217;aspetto pi\u00f9 impegnativo dell&#8217;azienda<\/span><\/span><\/li>\n<li><strong>Funzionalit\u00e0 di monitoraggio del tempo<\/strong>:<span class=\"JLqJ4b\" data-language-for-alternatives=\"it\" data-language-to-translate-into=\"en\" data-phrase-index=\"1\"><span class=\"JLqJ4b ChMk0b\" data-language-for-alternatives=\"it\" data-language-to-translate-into=\"en\" data-phrase-index=\"2\"> ti consente di raccogliere, gestire ed elaborare il tempo per gestire in modo efficace i dati sul tempo e le presenze dei dipendenti. Vai oltre i fogli presenze obsoleti e la frequenza con competenza<\/span><\/span><\/li>\n<\/ul>\n<h4>LE RECENSIONI DEGLI UTENTI<\/h4>\n<h4 class=\"font-weight-bold mb-1 d-flex align-items-center\">Bill K.&#8221;Molto facile&#8221;<\/h4>\n<p><strong>Commenti: <\/strong>Molto facile da usare e, a parte il raro errore del sito web, nessuna lamentela<\/p>\n<p><strong>Vantaggi: <\/strong>Tutto quello che devo fare \u00e8 accedere (inserire un codice se accedo a un nuovo computer) ed eseguire un rapido timestamp. Molto facile.<\/p>\n<p><strong>Inconvenienti: <\/strong>Molto raramente il sito web non funziona e non sono in grado di documentare l&#8217;ora. Fortunatamente puoi ancora documentare il tempo ma \u00e8 un lavoro extra.<\/p>\n<h4 class=\"font-weight-bold mb-1 d-flex align-items-center\">Rhonda C.&#8221;iSolved &#8211; Payroll e onboarding&#8221;<\/h4>\n<p><strong>Commenti: <\/strong>Razionalizzazione di tutti i processi dall&#8217;assunzione, all&#8217;imbarco, al libro paga, al cronometraggio, ai vantaggi.<\/p>\n<p><strong>Vantaggi: <\/strong>Facilit\u00e0 di utilizzo, formazione universitaria online per i diversi moduli. Il servizio clienti e il tempo di risposta sono INCREDIBILI!<\/p>\n<p><strong>Inconvenienti: <\/strong>Il passaggio da una societ\u00e0 all&#8217;altra sullo stesso account si blocca a volte o estrae informazioni dalla societ\u00e0 precedente quando si trovano informazioni temporali individuali.<\/p>\n<h4 class=\"font-weight-bold mb-1 d-flex align-items-center\">Hailey G.&#8221;Revisione della tecnologia HCM iSolved&#8221;<\/h4>\n<p><strong>Commenti: <\/strong>Vorrei che avessimo il nostro rappresentante del servizio clienti. \u00c8 molto pi\u00f9 facile avere una persona specifica a cui chiamare e questo offre l&#8217;opportunit\u00e0 di avere un buon rapporto con quel rappresentante.<\/p>\n<p><strong>Vantaggi: <\/strong>Mi piace che sia molto facile da navigare !!<\/p>\n<p><strong>Inconvenienti: <\/strong>Comprendere la gestione del cliente e tutte le funzionalit\u00e0. Vorrei avere pi\u00f9 formazione.<\/p>\n","protected":false},"excerpt":{"rendered":"<p>Isolved \u00e8 una piattaforma di welfare aziendale che collega e gestisce senza problemi il percorso dei dipendenti attraverso le funzioni di gestione dei talenti, risorse umane e salari, amministrazione della forza lavoro e gestione del coinvolgimento. Assumi, abilita e responsabilizza la tua forza lavoro trasformando l&#8217;esperienza dei dipendenti in ogni loro fase.<\/p>\n","protected":false},"author":19,"featured_media":33981,"parent":36208,"menu_order":0,"comment_status":"open","ping_status":"closed","template":"g1_template_page_review_new.php","meta":{"_acf_changed":false,"cwp_meta_box_check":"Yes","cwp_rev_product_name":"","cwp_rev_product_image":"","wppr_links":[],"cwp_rev_price":"","wppr_options":[],"wppr_pros":[],"wppr_cons":[],"_monsterinsights_skip_tracking":false,"_monsterinsights_sitenote_active":false,"_monsterinsights_sitenote_note":"","_monsterinsights_sitenote_category":0,"footnotes":""},"categories":[4480],"tags":[4498,4481,4483,4482,4484],"features":[],"class_list":{"0":"post-33976","1":"page","2":"type-page","3":"status-publish","4":"has-post-thumbnail","6":"category-piattaforme-di-welfare-aziendale","7":"tag-gestione-del-personale","8":"tag-piattaforma-di-welfare-aziendale","9":"tag-programma-di-welfare-aziendale","10":"tag-software-di-welfare-aziendale","11":"tag-soluzione-di-welfare-aziendale"},"wppr_data":{"cwp_meta_box_check":"Yes","cwp_rev_product_name":"","cwp_rev_product_image":"","cwp_image_link":"image","cwp_rev_price":"","wppr_rating":"0.00"},"acf":[],"yoast_head":"<!-- This site is optimized with the Yoast SEO plugin v27.4 - https:\/\/yoast.com\/product\/yoast-seo-wordpress\/ -->\n<title>Isolved: recensione software di welfare aziendale - Accurate Reviews<\/title>\n<meta name=\"description\" content=\"Isolved: recensione piattaforma di welfare aziendale che collega e gestisce senza problemi il percorso dei dipendenti.\" \/>\n<meta name=\"robots\" content=\"index, follow, max-snippet:-1, max-image-preview:large, max-video-preview:-1\" \/>\n<link rel=\"canonical\" href=\"https:\/\/www.accuratereviews.com\/it\/piattaforme-di-welfare-aziendale-lista\/isolved-recensione\/\" \/>\n<meta property=\"og:locale\" content=\"it_IT\" \/>\n<meta property=\"og:type\" content=\"article\" \/>\n<meta property=\"og:title\" content=\"Isolved: recensione software di welfare aziendale - Accurate Reviews\" \/>\n<meta property=\"og:description\" content=\"Isolved: recensione piattaforma di welfare aziendale che collega e gestisce senza problemi il percorso dei dipendenti.\" \/>\n<meta property=\"og:url\" content=\"https:\/\/www.accuratereviews.com\/it\/piattaforme-di-welfare-aziendale-lista\/isolved-recensione\/\" \/>\n<meta property=\"og:site_name\" content=\"Accurate Reviews\" \/>\n<meta property=\"article:modified_time\" content=\"2021-03-17T11:33:05+00:00\" \/>\n<meta property=\"og:image\" content=\"https:\/\/www.accuratereviews.com\/wp-content\/uploads\/2020\/12\/Isolved2.png\" \/>\n\t<meta property=\"og:image:width\" content=\"1200\" \/>\n\t<meta property=\"og:image:height\" content=\"1200\" \/>\n\t<meta property=\"og:image:type\" content=\"image\/png\" \/>\n<meta name=\"twitter:card\" content=\"summary_large_image\" \/>\n<meta name=\"twitter:label1\" content=\"Tempo di lettura stimato\" \/>\n\t<meta name=\"twitter:data1\" content=\"3 minuti\" \/>\n<script type=\"application\/ld+json\" class=\"yoast-schema-graph\">{\"@context\":\"https:\\\/\\\/schema.org\",\"@graph\":[{\"@type\":\"WebPage\",\"@id\":\"https:\\\/\\\/www.accuratereviews.com\\\/it\\\/piattaforme-di-welfare-aziendale-lista\\\/isolved-recensione\\\/\",\"url\":\"https:\\\/\\\/www.accuratereviews.com\\\/it\\\/piattaforme-di-welfare-aziendale-lista\\\/isolved-recensione\\\/\",\"name\":\"Isolved: recensione software di welfare aziendale - Accurate Reviews\",\"isPartOf\":{\"@id\":\"https:\\\/\\\/www.accuratereviews.com\\\/it\\\/#website\"},\"primaryImageOfPage\":{\"@id\":\"https:\\\/\\\/www.accuratereviews.com\\\/it\\\/piattaforme-di-welfare-aziendale-lista\\\/isolved-recensione\\\/#primaryimage\"},\"image\":{\"@id\":\"https:\\\/\\\/www.accuratereviews.com\\\/it\\\/piattaforme-di-welfare-aziendale-lista\\\/isolved-recensione\\\/#primaryimage\"},\"thumbnailUrl\":\"https:\\\/\\\/www.accuratereviews.com\\\/wp-content\\\/uploads\\\/2020\\\/12\\\/Isolved2.png\",\"datePublished\":\"2020-12-18T11:37:22+00:00\",\"dateModified\":\"2021-03-17T11:33:05+00:00\",\"description\":\"Isolved: recensione piattaforma di welfare aziendale che collega e gestisce senza problemi il percorso dei dipendenti.\",\"breadcrumb\":{\"@id\":\"https:\\\/\\\/www.accuratereviews.com\\\/it\\\/piattaforme-di-welfare-aziendale-lista\\\/isolved-recensione\\\/#breadcrumb\"},\"inLanguage\":\"it-IT\",\"potentialAction\":[{\"@type\":\"ReadAction\",\"target\":[\"https:\\\/\\\/www.accuratereviews.com\\\/it\\\/piattaforme-di-welfare-aziendale-lista\\\/isolved-recensione\\\/\"]}]},{\"@type\":\"ImageObject\",\"inLanguage\":\"it-IT\",\"@id\":\"https:\\\/\\\/www.accuratereviews.com\\\/it\\\/piattaforme-di-welfare-aziendale-lista\\\/isolved-recensione\\\/#primaryimage\",\"url\":\"https:\\\/\\\/www.accuratereviews.com\\\/wp-content\\\/uploads\\\/2020\\\/12\\\/Isolved2.png\",\"contentUrl\":\"https:\\\/\\\/www.accuratereviews.com\\\/wp-content\\\/uploads\\\/2020\\\/12\\\/Isolved2.png\",\"width\":1200,\"height\":1200},{\"@type\":\"BreadcrumbList\",\"@id\":\"https:\\\/\\\/www.accuratereviews.com\\\/it\\\/piattaforme-di-welfare-aziendale-lista\\\/isolved-recensione\\\/#breadcrumb\",\"itemListElement\":[{\"@type\":\"ListItem\",\"position\":1,\"name\":\"Home\",\"item\":\"https:\\\/\\\/www.accuratereviews.com\\\/it\\\/\"},{\"@type\":\"ListItem\",\"position\":2,\"name\":\"Piattaforme di welfare aziendale\",\"item\":\"https:\\\/\\\/www.accuratereviews.com\\\/it\\\/piattaforme-di-welfare-aziendale-lista\\\/\"},{\"@type\":\"ListItem\",\"position\":3,\"name\":\"Isolved\"}]},{\"@type\":\"WebSite\",\"@id\":\"https:\\\/\\\/www.accuratereviews.com\\\/it\\\/#website\",\"url\":\"https:\\\/\\\/www.accuratereviews.com\\\/it\\\/\",\"name\":\"Accurate Reviews\",\"description\":\"\",\"potentialAction\":[{\"@type\":\"SearchAction\",\"target\":{\"@type\":\"EntryPoint\",\"urlTemplate\":\"https:\\\/\\\/www.accuratereviews.com\\\/it\\\/?s={search_term_string}\"},\"query-input\":{\"@type\":\"PropertyValueSpecification\",\"valueRequired\":true,\"valueName\":\"search_term_string\"}}],\"inLanguage\":\"it-IT\"}]}<\/script>\n<!-- \/ Yoast SEO plugin. -->","yoast_head_json":{"title":"Isolved: recensione software di welfare aziendale - Accurate Reviews","description":"Isolved: recensione piattaforma di welfare aziendale che collega e gestisce senza problemi il percorso dei dipendenti.","robots":{"index":"index","follow":"follow","max-snippet":"max-snippet:-1","max-image-preview":"max-image-preview:large","max-video-preview":"max-video-preview:-1"},"canonical":"https:\/\/www.accuratereviews.com\/it\/piattaforme-di-welfare-aziendale-lista\/isolved-recensione\/","og_locale":"it_IT","og_type":"article","og_title":"Isolved: recensione software di welfare aziendale - Accurate Reviews","og_description":"Isolved: recensione piattaforma di welfare aziendale che collega e gestisce senza problemi il percorso dei dipendenti.","og_url":"https:\/\/www.accuratereviews.com\/it\/piattaforme-di-welfare-aziendale-lista\/isolved-recensione\/","og_site_name":"Accurate Reviews","article_modified_time":"2021-03-17T11:33:05+00:00","og_image":[{"width":1200,"height":1200,"url":"https:\/\/www.accuratereviews.com\/wp-content\/uploads\/2020\/12\/Isolved2.png","type":"image\/png"}],"twitter_card":"summary_large_image","twitter_misc":{"Tempo di lettura stimato":"3 minuti"},"schema":{"@context":"https:\/\/schema.org","@graph":[{"@type":"WebPage","@id":"https:\/\/www.accuratereviews.com\/it\/piattaforme-di-welfare-aziendale-lista\/isolved-recensione\/","url":"https:\/\/www.accuratereviews.com\/it\/piattaforme-di-welfare-aziendale-lista\/isolved-recensione\/","name":"Isolved: recensione software di welfare aziendale - Accurate Reviews","isPartOf":{"@id":"https:\/\/www.accuratereviews.com\/it\/#website"},"primaryImageOfPage":{"@id":"https:\/\/www.accuratereviews.com\/it\/piattaforme-di-welfare-aziendale-lista\/isolved-recensione\/#primaryimage"},"image":{"@id":"https:\/\/www.accuratereviews.com\/it\/piattaforme-di-welfare-aziendale-lista\/isolved-recensione\/#primaryimage"},"thumbnailUrl":"https:\/\/www.accuratereviews.com\/wp-content\/uploads\/2020\/12\/Isolved2.png","datePublished":"2020-12-18T11:37:22+00:00","dateModified":"2021-03-17T11:33:05+00:00","description":"Isolved: recensione piattaforma di welfare aziendale che collega e gestisce senza problemi il percorso dei dipendenti.","breadcrumb":{"@id":"https:\/\/www.accuratereviews.com\/it\/piattaforme-di-welfare-aziendale-lista\/isolved-recensione\/#breadcrumb"},"inLanguage":"it-IT","potentialAction":[{"@type":"ReadAction","target":["https:\/\/www.accuratereviews.com\/it\/piattaforme-di-welfare-aziendale-lista\/isolved-recensione\/"]}]},{"@type":"ImageObject","inLanguage":"it-IT","@id":"https:\/\/www.accuratereviews.com\/it\/piattaforme-di-welfare-aziendale-lista\/isolved-recensione\/#primaryimage","url":"https:\/\/www.accuratereviews.com\/wp-content\/uploads\/2020\/12\/Isolved2.png","contentUrl":"https:\/\/www.accuratereviews.com\/wp-content\/uploads\/2020\/12\/Isolved2.png","width":1200,"height":1200},{"@type":"BreadcrumbList","@id":"https:\/\/www.accuratereviews.com\/it\/piattaforme-di-welfare-aziendale-lista\/isolved-recensione\/#breadcrumb","itemListElement":[{"@type":"ListItem","position":1,"name":"Home","item":"https:\/\/www.accuratereviews.com\/it\/"},{"@type":"ListItem","position":2,"name":"Piattaforme di welfare aziendale","item":"https:\/\/www.accuratereviews.com\/it\/piattaforme-di-welfare-aziendale-lista\/"},{"@type":"ListItem","position":3,"name":"Isolved"}]},{"@type":"WebSite","@id":"https:\/\/www.accuratereviews.com\/it\/#website","url":"https:\/\/www.accuratereviews.com\/it\/","name":"Accurate Reviews","description":"","potentialAction":[{"@type":"SearchAction","target":{"@type":"EntryPoint","urlTemplate":"https:\/\/www.accuratereviews.com\/it\/?s={search_term_string}"},"query-input":{"@type":"PropertyValueSpecification","valueRequired":true,"valueName":"search_term_string"}}],"inLanguage":"it-IT"}]}},"_links":{"self":[{"href":"https:\/\/www.accuratereviews.com\/it\/wp-json\/wp\/v2\/pages\/33976","targetHints":{"allow":["GET"]}}],"collection":[{"href":"https:\/\/www.accuratereviews.com\/it\/wp-json\/wp\/v2\/pages"}],"about":[{"href":"https:\/\/www.accuratereviews.com\/it\/wp-json\/wp\/v2\/types\/page"}],"author":[{"embeddable":true,"href":"https:\/\/www.accuratereviews.com\/it\/wp-json\/wp\/v2\/users\/19"}],"replies":[{"embeddable":true,"href":"https:\/\/www.accuratereviews.com\/it\/wp-json\/wp\/v2\/comments?post=33976"}],"version-history":[{"count":8,"href":"https:\/\/www.accuratereviews.com\/it\/wp-json\/wp\/v2\/pages\/33976\/revisions"}],"predecessor-version":[{"id":36929,"href":"https:\/\/www.accuratereviews.com\/it\/wp-json\/wp\/v2\/pages\/33976\/revisions\/36929"}],"up":[{"embeddable":true,"href":"https:\/\/www.accuratereviews.com\/it\/wp-json\/wp\/v2\/pages\/36208"}],"wp:featuredmedia":[{"embeddable":true,"href":"https:\/\/www.accuratereviews.com\/it\/wp-json\/wp\/v2\/media\/33981"}],"wp:attachment":[{"href":"https:\/\/www.accuratereviews.com\/it\/wp-json\/wp\/v2\/media?parent=33976"}],"wp:term":[{"taxonomy":"category","embeddable":true,"href":"https:\/\/www.accuratereviews.com\/it\/wp-json\/wp\/v2\/categories?post=33976"},{"taxonomy":"post_tag","embeddable":true,"href":"https:\/\/www.accuratereviews.com\/it\/wp-json\/wp\/v2\/tags?post=33976"},{"taxonomy":"features","embeddable":true,"href":"https:\/\/www.accuratereviews.com\/it\/wp-json\/wp\/v2\/features?post=33976"}],"curies":[{"name":"wp","href":"https:\/\/api.w.org\/{rel}","templated":true}]}}