{"id":34005,"date":"2020-12-22T16:37:58","date_gmt":"2020-12-22T16:37:58","guid":{"rendered":"https:\/\/www.accuratereviews.com\/?page_id=34005"},"modified":"2021-03-17T11:32:58","modified_gmt":"2021-03-17T11:32:58","slug":"adp-totalsource-recensione","status":"publish","type":"page","link":"https:\/\/www.accuratereviews.com\/it\/piattaforme-di-welfare-aziendale-lista\/adp-totalsource-recensione\/","title":{"rendered":"ADP TotalSource"},"content":{"rendered":"<p><strong>ADP TotalSource<\/strong> \u00e8 una <strong>soluzione HR<\/strong> a servizio completo per le PMI. <span class=\"JLqJ4b ChMk0b\" data-language-for-alternatives=\"it\" data-language-to-translate-into=\"en\" data-phrase-index=\"1\">Fornisce tecnologia HR basata su <strong>cloud<\/strong> abbinata a un team di esperti per aiutare le aziende a gestire i salari, le tasse sul lavoro, l&#8217;amministrazione dei benefici per i dipendenti, le politiche e la conformit\u00e0 delle risorse umane, il monitoraggio del tempo, la pianificazione dei dipendenti e la sicurezza sul lavoro. <strong>TotalSource<\/strong> \u00e8 inoltre dotato di analisi e benchmark in tempo reale per mostrare le prestazioni delle risorse umane di un&#8217;azienda.<span class=\"JLqJ4b\" data-language-for-alternatives=\"it\" data-language-to-translate-into=\"en\" data-phrase-index=\"3\"> Ci sono tre ragioni principali per cui i datori di lavoro collaborano con questa soluzione: i dipendenti beneficiano del potere d&#8217;acquisto e della capacit\u00e0 di offrire offerte pi\u00f9 complete e competitive. I tassi di compensazione dei lavoratori competitivi e supporto di un programma completo di rischio e sicurezza. Il software \u00e8 completamente integrato in tutte le funzioni pi\u00f9 una guida esperta dedicata quando e dove \u00e8 necessario.\u00a0<\/span><\/span><\/p>\n<h2>ADP TOTALSOURCE &#8211; TUTORIAL<\/h2>\n<p>Presentazione del reporting semplificato per la forza lavoro di questa <strong>soluzione di welfare aziendale<\/strong>:<\/p>\n<div id=\"fluid-wrapper-counter-1\" class=\"g1-fluid-wrapper \" style=\"width:686px;\">\n<div style=\"padding-bottom:56.268221574344%;\"><iframe loading=\"lazy\" title=\"Introducing Simplified Reporting for ADP Workforce Now\" width=\"686\" height=\"386\" src=\"https:\/\/www.youtube.com\/embed\/vHKTRMFRNpM?list=PLZrqnybXUsqSHmD-q4HFtHdwb1PAU8uHq\" frameborder=\"0\" allow=\"accelerometer; autoplay; clipboard-write; encrypted-media; gyroscope; picture-in-picture\" allowfullscreen><\/iframe><\/div>\n<\/div>\n<h3>ADP TOTALSOURCE &#8211; CARATTERISTICHE<\/h3>\n<ul>\n<li><strong>Libro paga<\/strong>: gestisci il<span class=\"JLqJ4b\" data-language-for-alternatives=\"it\" data-language-to-translate-into=\"en\" data-phrase-index=\"1\">\u00a0l<span class=\"JLqJ4b ChMk0b\" data-language-for-alternatives=\"it\" data-language-to-translate-into=\"en\" data-phrase-index=\"2\">ibro paga e le tasse in modo facile e accurato, cos\u00ec risparmi tempo e denaro<\/span><\/span><\/li>\n<li><strong>Tempo e presenza<\/strong>:<span class=\"JLqJ4b\" data-language-for-alternatives=\"it\" data-language-to-translate-into=\"en\" data-phrase-index=\"1\"> <span class=\"JLqJ4b ChMk0b\" data-language-for-alternatives=\"it\" data-language-to-translate-into=\"en\" data-phrase-index=\"2\">amministra i costi del lavoro e la conformit\u00e0 con semplici strumenti di rilevazione presenze. Pianificazione ottimizzata, previsione \/ budget del lavoro, criteri di partecipazione, gestione delle ferie e altro ancora<\/span><\/span><\/li>\n<li><strong>Talento<\/strong>:<span class=\"JLqJ4b\" data-language-for-alternatives=\"it\" data-language-to-translate-into=\"en\" data-phrase-index=\"1\">\u00a0d<span class=\"JLqJ4b ChMk0b\" data-language-for-alternatives=\"it\" data-language-to-translate-into=\"en\" data-phrase-index=\"2\">al reclutamento alla pensione, ottenendo il meglio dal tuo personale<\/span><\/span><\/li>\n<li><strong>Vantaggi e assicurazione<\/strong>:<span class=\"JLqJ4b\" data-language-for-alternatives=\"it\" data-language-to-translate-into=\"en\" data-phrase-index=\"1\">\u00a0b<span class=\"JLqJ4b ChMk0b\" data-language-for-alternatives=\"it\" data-language-to-translate-into=\"en\" data-phrase-index=\"2\">enefici per i dipendenti, amministrazione flessibile e assicurazioni aziendali<\/span><\/span><\/li>\n<li><strong>Integrazioni<\/strong>:<span class=\"JLqJ4b\" data-language-for-alternatives=\"it\" data-language-to-translate-into=\"en\" data-phrase-index=\"1\">\u00a0c<span class=\"JLqJ4b ChMk0b\" data-language-for-alternatives=\"it\" data-language-to-translate-into=\"en\" data-phrase-index=\"2\">onnetti rapidamente le soluzioni a software ERP o altri sistemi HR<\/span><\/span><\/li>\n<li><strong>Marketplace delle app<\/strong>:<span class=\"JLqJ4b\" data-language-for-alternatives=\"it\" data-language-to-translate-into=\"en\" data-phrase-index=\"1\">\u00a0i<span class=\"JLqJ4b ChMk0b\" data-language-for-alternatives=\"it\" data-language-to-translate-into=\"en\" data-phrase-index=\"2\">l negozio online per le risorse umane e altro ancora: per clienti, partner e sviluppatori<\/span><\/span><\/li>\n<\/ul>\n<h4>LE RECENSIONI DEGLI UTENTI<\/h4>\n<h4 class=\"font-weight-bold mb-1 d-flex align-items-center\">Jessica A.&#8221;Facile da usare ma costoso&#8221;<\/h4>\n<p><strong>Commenti: <\/strong>Nel complesso sono soddisfatto di ADP totalsource e lo consiglierei.<\/p>\n<p><strong>Vantaggi: <\/strong>Totalsource ADP \u00e8 molto facile da usare sia per gli utenti che per gli amministratori, ma \u00e8 costoso rispetto ad altri prodotti sul mercato. \u00c8 un database completo dei dipendenti con informazioni di facile accesso.<\/p>\n<p><strong>Inconvenienti: <\/strong>La segnalazione \u00e8 molto ampia ma non sempre facile da usare e pu\u00f2 rallentare con troppe informazioni. Paghiamo la nostra assicurazione sanitaria direttamente tramite totalsource e non esiste un modo semplice per ottenere un unico report che mostri il costo totale del libro paga + benefit per l&#8217;intera azienda per dipendente. Esistono report PDF dei singoli dipendenti che mostrano la retribuzione totale, ma non sono molto utili per l&#8217;analisi.<\/p>\n<h4 class=\"font-weight-bold mb-1 d-flex align-items-center\">Bridget C.&#8221; Recensione ADP&#8221;<\/h4>\n<p><strong>Commenti: <\/strong>Ha cambiato in modo positivo l&#8217;intero processo del libro paga della nostra azienda.<\/p>\n<p><strong>Vantaggi: <\/strong>Semplifica il processo di gestione degli stipendi e rende il lavoro molto semplice ed efficiente. Consiglierei a qualsiasi responsabile contabile<\/p>\n<p><strong>Inconvenienti: <\/strong>Non ho lamentele su ADP in questo momento. Tutti i dipendenti hanno la possibilit\u00e0 di accedere e vedere i propri account<\/p>\n<h4 class=\"font-weight-bold mb-1 d-flex align-items-center\">Tony M.&#8221;ADP TotalSource&#8221;<\/h4>\n<p><strong>Commenti: <\/strong>Ottima esperienza. Software molto utile. Puoi visualizzare il tuo profilo e attivit\u00e0 online e app mobili.<\/p>\n<p><strong>Vantaggi: <\/strong>\u00c8 un ottimo software per le buste paga. Ho inserito dati accuratamente e ho potuto visualizzare la mia traccia del tempo online.<\/p>\n<p><strong>Inconvenienti: <\/strong>Non ho alcun problema con questo software. Molto buono e utile.<\/p>\n<p>&nbsp;<\/p>\n","protected":false},"excerpt":{"rendered":"<p>ADP TotalSource \u00e8 una soluzione HR a servizio completo per le PMI. Fornisce tecnologia HR basata su cloud abbinata a un team di esperti per aiutare le aziende a gestire i salari, le tasse sul lavoro, l&#8217;amministrazione dei benefici per i dipendenti, le politiche e la conformit\u00e0 delle risorse umane, il monitoraggio del tempo, la pianificazione dei dipendenti e la sicurezza sul lavoro.<\/p>\n","protected":false},"author":19,"featured_media":34076,"parent":36208,"menu_order":0,"comment_status":"open","ping_status":"closed","template":"g1_template_page_review_new.php","meta":{"_acf_changed":false,"cwp_meta_box_check":"Yes","cwp_rev_product_name":"","cwp_rev_product_image":"","wppr_links":[],"cwp_rev_price":"","wppr_options":[],"wppr_pros":[],"wppr_cons":[],"_monsterinsights_skip_tracking":false,"_monsterinsights_sitenote_active":false,"_monsterinsights_sitenote_note":"","_monsterinsights_sitenote_category":0,"footnotes":""},"categories":[4480],"tags":[4558,396,4498,4497,4481,4483,4496,4482,4484],"features":[],"class_list":{"0":"post-34005","1":"page","2":"type-page","3":"status-publish","4":"has-post-thumbnail","6":"category-piattaforme-di-welfare-aziendale","7":"tag-adp-totalsource","8":"tag-cloud","9":"tag-gestione-del-personale","10":"tag-gestione-risorse-umane","11":"tag-piattaforma-di-welfare-aziendale","12":"tag-programma-di-welfare-aziendale","13":"tag-risorse-umane","14":"tag-software-di-welfare-aziendale","15":"tag-soluzione-di-welfare-aziendale"},"wppr_data":{"cwp_meta_box_check":"Yes","cwp_rev_product_name":"","cwp_rev_product_image":"","cwp_image_link":"image","cwp_rev_price":"","wppr_rating":"0.00"},"acf":[],"yoast_head":"<!-- This site is optimized with the Yoast SEO plugin v27.4 - https:\/\/yoast.com\/product\/yoast-seo-wordpress\/ -->\n<title>ADP TotalSource: recensione software welfare aziendaleAccurate Reviews<\/title>\n<meta name=\"description\" content=\"ADP TotalSource \u00e8 una soluzione HR a servizio completo per le PMI basato sul cloud per gestire le retribuzioni e le tasse dei dipendenti.\" \/>\n<meta name=\"robots\" content=\"index, follow, max-snippet:-1, max-image-preview:large, max-video-preview:-1\" \/>\n<link rel=\"canonical\" href=\"https:\/\/www.accuratereviews.com\/it\/piattaforme-di-welfare-aziendale-lista\/adp-totalsource-recensione\/\" \/>\n<meta property=\"og:locale\" content=\"it_IT\" \/>\n<meta property=\"og:type\" content=\"article\" \/>\n<meta property=\"og:title\" content=\"ADP TotalSource: recensione software welfare aziendaleAccurate Reviews\" \/>\n<meta property=\"og:description\" content=\"ADP TotalSource \u00e8 una soluzione HR a servizio completo per le PMI basato sul cloud per gestire le retribuzioni e le tasse dei dipendenti.\" \/>\n<meta property=\"og:url\" content=\"https:\/\/www.accuratereviews.com\/it\/piattaforme-di-welfare-aziendale-lista\/adp-totalsource-recensione\/\" \/>\n<meta property=\"og:site_name\" content=\"Accurate Reviews\" \/>\n<meta property=\"article:modified_time\" content=\"2021-03-17T11:32:58+00:00\" \/>\n<meta property=\"og:image\" content=\"https:\/\/www.accuratereviews.com\/wp-content\/uploads\/2020\/12\/ADP-logo-feature.png\" \/>\n\t<meta property=\"og:image:width\" content=\"2175\" \/>\n\t<meta property=\"og:image:height\" content=\"1631\" \/>\n\t<meta property=\"og:image:type\" content=\"image\/png\" \/>\n<meta name=\"twitter:card\" content=\"summary_large_image\" \/>\n<meta name=\"twitter:label1\" content=\"Tempo di lettura stimato\" \/>\n\t<meta name=\"twitter:data1\" content=\"3 minuti\" \/>\n<script type=\"application\/ld+json\" class=\"yoast-schema-graph\">{\"@context\":\"https:\\\/\\\/schema.org\",\"@graph\":[{\"@type\":\"WebPage\",\"@id\":\"https:\\\/\\\/www.accuratereviews.com\\\/it\\\/piattaforme-di-welfare-aziendale-lista\\\/adp-totalsource-recensione\\\/\",\"url\":\"https:\\\/\\\/www.accuratereviews.com\\\/it\\\/piattaforme-di-welfare-aziendale-lista\\\/adp-totalsource-recensione\\\/\",\"name\":\"ADP TotalSource: recensione software welfare aziendaleAccurate Reviews\",\"isPartOf\":{\"@id\":\"https:\\\/\\\/www.accuratereviews.com\\\/it\\\/#website\"},\"primaryImageOfPage\":{\"@id\":\"https:\\\/\\\/www.accuratereviews.com\\\/it\\\/piattaforme-di-welfare-aziendale-lista\\\/adp-totalsource-recensione\\\/#primaryimage\"},\"image\":{\"@id\":\"https:\\\/\\\/www.accuratereviews.com\\\/it\\\/piattaforme-di-welfare-aziendale-lista\\\/adp-totalsource-recensione\\\/#primaryimage\"},\"thumbnailUrl\":\"https:\\\/\\\/www.accuratereviews.com\\\/wp-content\\\/uploads\\\/2020\\\/12\\\/ADP-logo-feature.png\",\"datePublished\":\"2020-12-22T16:37:58+00:00\",\"dateModified\":\"2021-03-17T11:32:58+00:00\",\"description\":\"ADP TotalSource \u00e8 una soluzione HR a servizio completo per le PMI basato sul cloud per gestire le retribuzioni e le tasse dei dipendenti.\",\"breadcrumb\":{\"@id\":\"https:\\\/\\\/www.accuratereviews.com\\\/it\\\/piattaforme-di-welfare-aziendale-lista\\\/adp-totalsource-recensione\\\/#breadcrumb\"},\"inLanguage\":\"it-IT\",\"potentialAction\":[{\"@type\":\"ReadAction\",\"target\":[\"https:\\\/\\\/www.accuratereviews.com\\\/it\\\/piattaforme-di-welfare-aziendale-lista\\\/adp-totalsource-recensione\\\/\"]}]},{\"@type\":\"ImageObject\",\"inLanguage\":\"it-IT\",\"@id\":\"https:\\\/\\\/www.accuratereviews.com\\\/it\\\/piattaforme-di-welfare-aziendale-lista\\\/adp-totalsource-recensione\\\/#primaryimage\",\"url\":\"https:\\\/\\\/www.accuratereviews.com\\\/wp-content\\\/uploads\\\/2020\\\/12\\\/ADP-logo-feature.png\",\"contentUrl\":\"https:\\\/\\\/www.accuratereviews.com\\\/wp-content\\\/uploads\\\/2020\\\/12\\\/ADP-logo-feature.png\",\"width\":2175,\"height\":1631},{\"@type\":\"BreadcrumbList\",\"@id\":\"https:\\\/\\\/www.accuratereviews.com\\\/it\\\/piattaforme-di-welfare-aziendale-lista\\\/adp-totalsource-recensione\\\/#breadcrumb\",\"itemListElement\":[{\"@type\":\"ListItem\",\"position\":1,\"name\":\"Home\",\"item\":\"https:\\\/\\\/www.accuratereviews.com\\\/it\\\/\"},{\"@type\":\"ListItem\",\"position\":2,\"name\":\"Piattaforme di welfare aziendale\",\"item\":\"https:\\\/\\\/www.accuratereviews.com\\\/it\\\/piattaforme-di-welfare-aziendale-lista\\\/\"},{\"@type\":\"ListItem\",\"position\":3,\"name\":\"ADP TotalSource\"}]},{\"@type\":\"WebSite\",\"@id\":\"https:\\\/\\\/www.accuratereviews.com\\\/it\\\/#website\",\"url\":\"https:\\\/\\\/www.accuratereviews.com\\\/it\\\/\",\"name\":\"Accurate Reviews\",\"description\":\"\",\"potentialAction\":[{\"@type\":\"SearchAction\",\"target\":{\"@type\":\"EntryPoint\",\"urlTemplate\":\"https:\\\/\\\/www.accuratereviews.com\\\/it\\\/?s={search_term_string}\"},\"query-input\":{\"@type\":\"PropertyValueSpecification\",\"valueRequired\":true,\"valueName\":\"search_term_string\"}}],\"inLanguage\":\"it-IT\"}]}<\/script>\n<!-- \/ Yoast SEO plugin. -->","yoast_head_json":{"title":"ADP TotalSource: recensione software welfare aziendaleAccurate Reviews","description":"ADP TotalSource \u00e8 una soluzione HR a servizio completo per le PMI basato sul cloud per gestire le retribuzioni e le tasse dei dipendenti.","robots":{"index":"index","follow":"follow","max-snippet":"max-snippet:-1","max-image-preview":"max-image-preview:large","max-video-preview":"max-video-preview:-1"},"canonical":"https:\/\/www.accuratereviews.com\/it\/piattaforme-di-welfare-aziendale-lista\/adp-totalsource-recensione\/","og_locale":"it_IT","og_type":"article","og_title":"ADP TotalSource: recensione software welfare aziendaleAccurate Reviews","og_description":"ADP TotalSource \u00e8 una soluzione HR a servizio completo per le PMI basato sul cloud per gestire le retribuzioni e le tasse dei dipendenti.","og_url":"https:\/\/www.accuratereviews.com\/it\/piattaforme-di-welfare-aziendale-lista\/adp-totalsource-recensione\/","og_site_name":"Accurate Reviews","article_modified_time":"2021-03-17T11:32:58+00:00","og_image":[{"width":2175,"height":1631,"url":"https:\/\/www.accuratereviews.com\/wp-content\/uploads\/2020\/12\/ADP-logo-feature.png","type":"image\/png"}],"twitter_card":"summary_large_image","twitter_misc":{"Tempo di lettura stimato":"3 minuti"},"schema":{"@context":"https:\/\/schema.org","@graph":[{"@type":"WebPage","@id":"https:\/\/www.accuratereviews.com\/it\/piattaforme-di-welfare-aziendale-lista\/adp-totalsource-recensione\/","url":"https:\/\/www.accuratereviews.com\/it\/piattaforme-di-welfare-aziendale-lista\/adp-totalsource-recensione\/","name":"ADP TotalSource: recensione software welfare aziendaleAccurate Reviews","isPartOf":{"@id":"https:\/\/www.accuratereviews.com\/it\/#website"},"primaryImageOfPage":{"@id":"https:\/\/www.accuratereviews.com\/it\/piattaforme-di-welfare-aziendale-lista\/adp-totalsource-recensione\/#primaryimage"},"image":{"@id":"https:\/\/www.accuratereviews.com\/it\/piattaforme-di-welfare-aziendale-lista\/adp-totalsource-recensione\/#primaryimage"},"thumbnailUrl":"https:\/\/www.accuratereviews.com\/wp-content\/uploads\/2020\/12\/ADP-logo-feature.png","datePublished":"2020-12-22T16:37:58+00:00","dateModified":"2021-03-17T11:32:58+00:00","description":"ADP TotalSource \u00e8 una soluzione HR a servizio completo per le PMI basato sul cloud per gestire le retribuzioni e le tasse dei dipendenti.","breadcrumb":{"@id":"https:\/\/www.accuratereviews.com\/it\/piattaforme-di-welfare-aziendale-lista\/adp-totalsource-recensione\/#breadcrumb"},"inLanguage":"it-IT","potentialAction":[{"@type":"ReadAction","target":["https:\/\/www.accuratereviews.com\/it\/piattaforme-di-welfare-aziendale-lista\/adp-totalsource-recensione\/"]}]},{"@type":"ImageObject","inLanguage":"it-IT","@id":"https:\/\/www.accuratereviews.com\/it\/piattaforme-di-welfare-aziendale-lista\/adp-totalsource-recensione\/#primaryimage","url":"https:\/\/www.accuratereviews.com\/wp-content\/uploads\/2020\/12\/ADP-logo-feature.png","contentUrl":"https:\/\/www.accuratereviews.com\/wp-content\/uploads\/2020\/12\/ADP-logo-feature.png","width":2175,"height":1631},{"@type":"BreadcrumbList","@id":"https:\/\/www.accuratereviews.com\/it\/piattaforme-di-welfare-aziendale-lista\/adp-totalsource-recensione\/#breadcrumb","itemListElement":[{"@type":"ListItem","position":1,"name":"Home","item":"https:\/\/www.accuratereviews.com\/it\/"},{"@type":"ListItem","position":2,"name":"Piattaforme di welfare aziendale","item":"https:\/\/www.accuratereviews.com\/it\/piattaforme-di-welfare-aziendale-lista\/"},{"@type":"ListItem","position":3,"name":"ADP TotalSource"}]},{"@type":"WebSite","@id":"https:\/\/www.accuratereviews.com\/it\/#website","url":"https:\/\/www.accuratereviews.com\/it\/","name":"Accurate Reviews","description":"","potentialAction":[{"@type":"SearchAction","target":{"@type":"EntryPoint","urlTemplate":"https:\/\/www.accuratereviews.com\/it\/?s={search_term_string}"},"query-input":{"@type":"PropertyValueSpecification","valueRequired":true,"valueName":"search_term_string"}}],"inLanguage":"it-IT"}]}},"_links":{"self":[{"href":"https:\/\/www.accuratereviews.com\/it\/wp-json\/wp\/v2\/pages\/34005","targetHints":{"allow":["GET"]}}],"collection":[{"href":"https:\/\/www.accuratereviews.com\/it\/wp-json\/wp\/v2\/pages"}],"about":[{"href":"https:\/\/www.accuratereviews.com\/it\/wp-json\/wp\/v2\/types\/page"}],"author":[{"embeddable":true,"href":"https:\/\/www.accuratereviews.com\/it\/wp-json\/wp\/v2\/users\/19"}],"replies":[{"embeddable":true,"href":"https:\/\/www.accuratereviews.com\/it\/wp-json\/wp\/v2\/comments?post=34005"}],"version-history":[{"count":13,"href":"https:\/\/www.accuratereviews.com\/it\/wp-json\/wp\/v2\/pages\/34005\/revisions"}],"predecessor-version":[{"id":36809,"href":"https:\/\/www.accuratereviews.com\/it\/wp-json\/wp\/v2\/pages\/34005\/revisions\/36809"}],"up":[{"embeddable":true,"href":"https:\/\/www.accuratereviews.com\/it\/wp-json\/wp\/v2\/pages\/36208"}],"wp:featuredmedia":[{"embeddable":true,"href":"https:\/\/www.accuratereviews.com\/it\/wp-json\/wp\/v2\/media\/34076"}],"wp:attachment":[{"href":"https:\/\/www.accuratereviews.com\/it\/wp-json\/wp\/v2\/media?parent=34005"}],"wp:term":[{"taxonomy":"category","embeddable":true,"href":"https:\/\/www.accuratereviews.com\/it\/wp-json\/wp\/v2\/categories?post=34005"},{"taxonomy":"post_tag","embeddable":true,"href":"https:\/\/www.accuratereviews.com\/it\/wp-json\/wp\/v2\/tags?post=34005"},{"taxonomy":"features","embeddable":true,"href":"https:\/\/www.accuratereviews.com\/it\/wp-json\/wp\/v2\/features?post=34005"}],"curies":[{"name":"wp","href":"https:\/\/api.w.org\/{rel}","templated":true}]}}