{"id":34086,"date":"2020-12-22T16:39:44","date_gmt":"2020-12-22T16:39:44","guid":{"rendered":"https:\/\/www.accuratereviews.com\/?page_id=34086"},"modified":"2021-03-17T11:33:05","modified_gmt":"2021-03-17T11:33:05","slug":"justworks-recensione","status":"publish","type":"page","link":"https:\/\/www.accuratereviews.com\/it\/piattaforme-di-welfare-aziendale-lista\/justworks-recensione\/","title":{"rendered":"Justworks"},"content":{"rendered":"<p><strong>Justworks<\/strong> rende facile avviare, gestire e far crescere un&#8217;impresa. <span class=\"JLqJ4b ChMk0b\" data-language-for-alternatives=\"it\" data-language-to-translate-into=\"en\" data-phrase-index=\"1\">Con questa soluzione, gli imprenditori e i loro team hanno accesso a vantaggi per grandi aziende, buste paga automatizzate, supporto per la conformit\u00e0 e strumenti per le risorse umane, tutto in un unico posto.<span class=\"JLqJ4b\" data-language-for-alternatives=\"it\" data-language-to-translate-into=\"en\" data-phrase-index=\"2\"><strong> Justworks<\/strong> \u00e8 stata creata come organizzazione professionale dei datori di lavoro (PEO) per consentire agli imprenditori di concentrarsi su ci\u00f2 che conta di pi\u00f9: far crescere la propria attivit\u00e0 e prendersi cura del proprio team. Le PEO lavorano con le piccole e medie imprese per supportare le loro esigenze di conformit\u00e0 relative all&#8217;occupazione e fornire ai loro team l&#8217;accesso a vantaggi a livello aziendale a tariffe convenienti. In qualit\u00e0 di PEO, Justworks semplifica anche le funzioni di back office come il libro paga e le risorse umane in un semplice strumento.<\/span><\/span><\/p>\n<h2>JUSTWORKS &#8211; TUTORIAL<\/h2>\n<p>Guardiamo come sfruttare al massino le funzionalit\u00e0 di questo <strong>software di welfare aziendale<\/strong>:<\/p>\n<div id=\"fluid-wrapper-counter-1\" class=\"g1-fluid-wrapper \" style=\"width:686px;\">\n<div style=\"padding-bottom:56.268221574344%;\"><iframe loading=\"lazy\" title=\"Justworks: Run Your Business With Confidence\" width=\"686\" height=\"386\" src=\"https:\/\/www.youtube.com\/embed\/dYMvTyEK2Vo?feature=oembed&amp;wmode=transparent&amp;autohide=1&amp;autoplay=0&amp;disablekb=0&amp;fs=1&amp;loop=0&amp;enablejsapi=1&amp;rel=0&amp;controls=2&amp;showinfo=0&amp;wmode=transparent&amp;autohide=2&amp;autoplay=0&amp;disablekb=0&amp;fs=1&amp;loop=0&amp;enablejsapi=1&amp;rel=0&amp;controls=2&amp;showinfo=1\" frameborder=\"0\" allow=\"accelerometer; autoplay; clipboard-write; encrypted-media; gyroscope; picture-in-picture\" allowfullscreen><\/iframe><\/div>\n<\/div>\n<h3>JUSTWORKS &#8211; CARATTERISTICHE<\/h3>\n<ul>\n<li>Retribuzione dei lavoratori<\/li>\n<li><span class=\"JLqJ4b\" data-language-for-alternatives=\"it\" data-language-to-translate-into=\"en\" data-phrase-index=\"1\"><span class=\"JLqJ4b ChMk0b\" data-language-for-alternatives=\"it\" data-language-to-translate-into=\"en\" data-phrase-index=\"2\">Limitazioni W-2 e 1099 <\/span><\/span><\/li>\n<li><span class=\"JLqJ4b\" data-language-for-alternatives=\"it\" data-language-to-translate-into=\"en\" data-phrase-index=\"1\"><span class=\"JLqJ4b ChMk0b\" data-language-for-alternatives=\"it\" data-language-to-translate-into=\"en\" data-phrase-index=\"2\">Assicurazione di responsabilit\u00e0 per le pratiche di lavoro <\/span><\/span><\/li>\n<li><span class=\"JLqJ4b\" data-language-for-alternatives=\"it\" data-language-to-translate-into=\"en\" data-phrase-index=\"1\"><span class=\"JLqJ4b ChMk0b\" data-language-for-alternatives=\"it\" data-language-to-translate-into=\"en\" data-phrase-index=\"2\">Dichiarazioni di assicurazione contro la disoccupazione <\/span><\/span><\/li>\n<li><span class=\"JLqJ4b\" data-language-for-alternatives=\"it\" data-language-to-translate-into=\"en\" data-phrase-index=\"1\"><span class=\"JLqJ4b ChMk0b\" data-language-for-alternatives=\"it\" data-language-to-translate-into=\"en\" data-phrase-index=\"2\">Libro paga con deposito diretto automatico <\/span><\/span><\/li>\n<li><span class=\"JLqJ4b\" data-language-for-alternatives=\"it\" data-language-to-translate-into=\"en\" data-phrase-index=\"1\"><span class=\"JLqJ4b ChMk0b\" data-language-for-alternatives=\"it\" data-language-to-translate-into=\"en\" data-phrase-index=\"2\">Paga fornitori e appaltatori <\/span><\/span><\/li>\n<li><span class=\"JLqJ4b\" data-language-for-alternatives=\"it\" data-language-to-translate-into=\"en\" data-phrase-index=\"1\"><span class=\"JLqJ4b ChMk0b\" data-language-for-alternatives=\"it\" data-language-to-translate-into=\"en\" data-phrase-index=\"2\">Suddividi i depositi diretti su pi\u00f9 conti <\/span><\/span><\/li>\n<li><span class=\"JLqJ4b\" data-language-for-alternatives=\"it\" data-language-to-translate-into=\"en\" data-phrase-index=\"1\"><span class=\"JLqJ4b ChMk0b\" data-language-for-alternatives=\"it\" data-language-to-translate-into=\"en\" data-phrase-index=\"2\">Integrazione con Xero, Quickbooks e QBO<\/span><\/span><\/li>\n<li>Gestisci le ferie retribuite<\/li>\n<li><span class=\"JLqJ4b\" data-language-for-alternatives=\"it\" data-language-to-translate-into=\"en\" data-phrase-index=\"1\"><span class=\"JLqJ4b ChMk0b\" data-language-for-alternatives=\"it\" data-language-to-translate-into=\"en\" data-phrase-index=\"2\">Archivia documenti importanti <\/span><\/span><\/li>\n<li><span class=\"JLqJ4b\" data-language-for-alternatives=\"it\" data-language-to-translate-into=\"en\" data-phrase-index=\"1\"><span class=\"JLqJ4b ChMk0b\" data-language-for-alternatives=\"it\" data-language-to-translate-into=\"en\" data-phrase-index=\"2\">Tieni traccia delle principali metriche aziendali<\/span><\/span><\/li>\n<li>Supporto 24 ore su 24, 7 giorni su 7 per telefono, email, chat, Slack o SMS<\/li>\n<li><span class=\"JLqJ4b\" data-language-for-alternatives=\"it\" data-language-to-translate-into=\"en\" data-phrase-index=\"1\"><span class=\"JLqJ4b ChMk0b\" data-language-for-alternatives=\"it\" data-language-to-translate-into=\"en\" data-phrase-index=\"2\">Imposta vantaggi e svantaggi <\/span><\/span><\/li>\n<li><span class=\"JLqJ4b\" data-language-for-alternatives=\"it\" data-language-to-translate-into=\"en\" data-phrase-index=\"1\"><span class=\"JLqJ4b ChMk0b\" data-language-for-alternatives=\"it\" data-language-to-translate-into=\"en\" data-phrase-index=\"2\">Aggiorna le informazioni sull&#8217;azienda<\/span><\/span><\/li>\n<li><span class=\"JLqJ4b ChMk0b\" data-language-for-alternatives=\"it\" data-language-to-translate-into=\"en\" data-phrase-index=\"2\">Acquisizione e licenziamento dei dipendenti <\/span><\/li>\n<li><span class=\"JLqJ4b ChMk0b\" data-language-for-alternatives=\"it\" data-language-to-translate-into=\"en\" data-phrase-index=\"2\"><span class=\"JLqJ4b\" data-language-for-alternatives=\"it\" data-language-to-translate-into=\"en\" data-phrase-index=\"3\">Gestire gli straordinari <\/span><\/span><\/li>\n<li><span class=\"JLqJ4b ChMk0b\" data-language-for-alternatives=\"it\" data-language-to-translate-into=\"en\" data-phrase-index=\"2\"><span class=\"JLqJ4b\" data-language-for-alternatives=\"it\" data-language-to-translate-into=\"en\" data-phrase-index=\"3\">Suggerimenti per migliorare la felicit\u00e0 dei dipendenti<\/span><\/span><\/li>\n<\/ul>\n<h4>LE RECENSIONI DEGLI UTENTI<\/h4>\n<h4 class=\"font-weight-bold mb-1 d-flex align-items-center\">Julie G.&#8221;Justworks &#8211; Fallo e basta&#8221;<\/h4>\n<p><strong>Commenti: <\/strong>Incredibile su tutta la linea!<\/p>\n<p><strong>Vantaggi: <\/strong>Justworks \u00e8 cos\u00ec facile da usare e semplice da configurare &#8211; il team di assistenza clienti e gestione account \u00e8 incredibile &#8211; cos\u00ec cordiale, disponibile e tempestivo con le loro risposte! Anche se sono perplessi su una domanda o un problema che sta accadendo con il nostro team, mi contattano subito per farmi sapere che stanno indagando. In generale, \u00e8 un&#8217;ottima prima impressione per i nuovi assunti durante il processo di onboarding: tutto ci\u00f2 di cui hanno bisogno (vantaggi, buste paga, ecc.) E tutto in un unico posto. Un tale risparmio di tempo per noi e ci ha risparmiato la necessit\u00e0 di assumere una persona a tempo pieno per gestire le operazioni delle risorse umane.<\/p>\n<p><strong>Inconvenienti: <\/strong>Onestamente, niente in questo momento. Ci sono cose su cui il team sta ancora lavorando, ma il team del prodotto \u00e8 estremamente comunicativo e aperto al feedback.<\/p>\n<h4 class=\"font-weight-bold mb-1 d-flex align-items-center\">Donna L.&#8221;Cliente molto soddisfatto &#8230;&#8221;<\/h4>\n<p><strong>Commenti: <\/strong>Dopo il passaggio dalle vendite al processo di onboarding con l&#8217;implementazione, il supporto \u00e8 stato fantastico e mi ha aiutato a configurare i dipendenti e ha spiegato tutte le diverse parti del software. Poi mi ha presentato il nostro account manager, che ho avuto l&#8217;opportunit\u00e0 di incontrare. Nel complesso, l&#8217;esperienza \u00e8 stata fantastica e avrei voluto conoscere Justworks prima. Siamo davvero cos\u00ec riconoscenti e grati per l&#8217;assistenza da parte del team di Justworks.<\/p>\n<p><strong>Vantaggi: <\/strong>Mi piace che il software Justworks abbia tutto in un&#8217;area. Hai accesso alle informazioni dei dipendenti, al libro paga, ai vantaggi, alle politiche PTO, alla fatturazione e agli elementi di conformit\u00e0. \u00c8 facile, funzionale, fa risparmiare molto tempo dopo la configurazione iniziale. Esistono diversi modi in cui i nostri dipendenti possono contattare se qualcuno nel nostro reparto risorse umane non \u00e8 disponibile.<\/p>\n<p><strong>Inconvenienti: <\/strong>In questo momento, non ho alcun contro. Il team di Justworks tiene sempre aggiornata la nostra azienda con notizie e altre informazioni all&#8217;interno della piattaforma o tramite email.<\/p>\n<h4 class=\"font-weight-bold mb-1 d-flex align-items-center\">Benjamin A.&#8221;Soluzione PEO perfetta&#8221;<\/h4>\n<p><strong>Commenti: <\/strong>Ho esplorato HRIS e PEO e sono approdato a JustWorks dopo alcuni consigli di altre start-up. Sono cos\u00ec felice che siamo andati con JW e sono un di qua divulgatrice di quello \u00a0che stanno facendo. Facile da usare, implementare e il loro supporto \u00e8 esattamente ci\u00f2 di cui avevamo bisogno. ALTAMENTE RACCOMANDATO.<\/p>\n<p><strong>Vantaggi: <\/strong>Trasparenza su tutti i prezzi e le commissioni, nessun costo nascosto o sorprese, facilit\u00e0 del processo di vendita, onboarding \u00e8 stato fluido e ben organizzato, pieno supporto durante la registrazione, onboarding e operazioni sostenute. Il servizio clienti 24 ore su 24, 7 giorni su 7 su pi\u00f9 canali monitorati da esseri umani \u00e8 stato ENORME. Il software \u00e8 facile da usare come amministratore e utente. Gli strumenti delle risorse umane sono stati molto utili. Abbiamo avuto circostanze uniche per i dipendenti e il supporto di JustWorks ha aiutato a guidare con successo attraverso questi eventi e ha aggiunto un enorme valore ai miei dipendenti e all&#8217;azienda.<\/p>\n<p><strong>Inconvenienti: <\/strong>Il software viene costantemente aggiornato, il che \u00e8 fantastico. Prendono feedback dagli utenti e implementano rapidamente. I vantaggi per i membri vengono aggiunti frequentemente. Nessuna lamentela qui!<\/p>\n","protected":false},"excerpt":{"rendered":"<p>Justworks rende facile avviare, gestire e far crescere un&#8217;impresa. Con questa soluzione, gli imprenditori e i loro team hanno accesso a vantaggi per grandi aziende, buste paga automatizzate, supporto per la conformit\u00e0 e strumenti per le risorse umane, tutto in un unico posto.<\/p>\n","protected":false},"author":19,"featured_media":34091,"parent":36208,"menu_order":0,"comment_status":"open","ping_status":"closed","template":"g1_template_page_review_new.php","meta":{"_acf_changed":false,"cwp_meta_box_check":"Yes","cwp_rev_product_name":"","cwp_rev_product_image":"","wppr_links":[],"cwp_rev_price":"","wppr_options":[],"wppr_pros":[],"wppr_cons":[],"_monsterinsights_skip_tracking":false,"_monsterinsights_sitenote_active":false,"_monsterinsights_sitenote_note":"","_monsterinsights_sitenote_category":0,"footnotes":""},"categories":[4480],"tags":[4498,4560,4481,4483,4559,4482,4484],"features":[],"class_list":{"0":"post-34086","1":"page","2":"type-page","3":"status-publish","4":"has-post-thumbnail","6":"category-piattaforme-di-welfare-aziendale","7":"tag-gestione-del-personale","8":"tag-justworks","9":"tag-piattaforma-di-welfare-aziendale","10":"tag-programma-di-welfare-aziendale","11":"tag-risorse-del-personale","12":"tag-software-di-welfare-aziendale","13":"tag-soluzione-di-welfare-aziendale"},"wppr_data":{"cwp_meta_box_check":"Yes","cwp_rev_product_name":"","cwp_rev_product_image":"","cwp_image_link":"image","cwp_rev_price":"","wppr_rating":"0.00"},"acf":[],"yoast_head":"<!-- This site is optimized with the Yoast SEO plugin v27.4 - https:\/\/yoast.com\/product\/yoast-seo-wordpress\/ -->\n<title>Justworks: recensione software di welfare aziendale - Accurate Reviews<\/title>\n<meta name=\"description\" content=\"Justworks: recensione software welfare aziendale per gestire buste paga, supporto per la conformit\u00e0 e strumenti per le risorse umane.\" \/>\n<meta name=\"robots\" content=\"index, follow, max-snippet:-1, max-image-preview:large, max-video-preview:-1\" \/>\n<link rel=\"canonical\" href=\"https:\/\/www.accuratereviews.com\/it\/piattaforme-di-welfare-aziendale-lista\/justworks-recensione\/\" \/>\n<meta property=\"og:locale\" content=\"it_IT\" \/>\n<meta property=\"og:type\" content=\"article\" \/>\n<meta property=\"og:title\" content=\"Justworks: recensione software di welfare aziendale - Accurate Reviews\" \/>\n<meta property=\"og:description\" content=\"Justworks: recensione software welfare aziendale per gestire buste paga, supporto per la conformit\u00e0 e strumenti per le risorse umane.\" \/>\n<meta property=\"og:url\" content=\"https:\/\/www.accuratereviews.com\/it\/piattaforme-di-welfare-aziendale-lista\/justworks-recensione\/\" \/>\n<meta property=\"og:site_name\" content=\"Accurate Reviews\" \/>\n<meta property=\"article:modified_time\" content=\"2021-03-17T11:33:05+00:00\" \/>\n<meta property=\"og:image\" content=\"https:\/\/www.accuratereviews.com\/wp-content\/uploads\/2020\/12\/justworks-inc-logo-vector.png\" \/>\n\t<meta property=\"og:image:width\" content=\"900\" \/>\n\t<meta property=\"og:image:height\" content=\"500\" \/>\n\t<meta property=\"og:image:type\" content=\"image\/png\" \/>\n<meta name=\"twitter:card\" content=\"summary_large_image\" \/>\n<meta name=\"twitter:label1\" content=\"Tempo di lettura stimato\" \/>\n\t<meta name=\"twitter:data1\" content=\"4 minuti\" \/>\n<script type=\"application\/ld+json\" class=\"yoast-schema-graph\">{\"@context\":\"https:\\\/\\\/schema.org\",\"@graph\":[{\"@type\":\"WebPage\",\"@id\":\"https:\\\/\\\/www.accuratereviews.com\\\/it\\\/piattaforme-di-welfare-aziendale-lista\\\/justworks-recensione\\\/\",\"url\":\"https:\\\/\\\/www.accuratereviews.com\\\/it\\\/piattaforme-di-welfare-aziendale-lista\\\/justworks-recensione\\\/\",\"name\":\"Justworks: recensione software di welfare aziendale - Accurate Reviews\",\"isPartOf\":{\"@id\":\"https:\\\/\\\/www.accuratereviews.com\\\/it\\\/#website\"},\"primaryImageOfPage\":{\"@id\":\"https:\\\/\\\/www.accuratereviews.com\\\/it\\\/piattaforme-di-welfare-aziendale-lista\\\/justworks-recensione\\\/#primaryimage\"},\"image\":{\"@id\":\"https:\\\/\\\/www.accuratereviews.com\\\/it\\\/piattaforme-di-welfare-aziendale-lista\\\/justworks-recensione\\\/#primaryimage\"},\"thumbnailUrl\":\"https:\\\/\\\/www.accuratereviews.com\\\/wp-content\\\/uploads\\\/2020\\\/12\\\/justworks-inc-logo-vector.png\",\"datePublished\":\"2020-12-22T16:39:44+00:00\",\"dateModified\":\"2021-03-17T11:33:05+00:00\",\"description\":\"Justworks: recensione software welfare aziendale per gestire buste paga, supporto per la conformit\u00e0 e strumenti per le risorse umane.\",\"breadcrumb\":{\"@id\":\"https:\\\/\\\/www.accuratereviews.com\\\/it\\\/piattaforme-di-welfare-aziendale-lista\\\/justworks-recensione\\\/#breadcrumb\"},\"inLanguage\":\"it-IT\",\"potentialAction\":[{\"@type\":\"ReadAction\",\"target\":[\"https:\\\/\\\/www.accuratereviews.com\\\/it\\\/piattaforme-di-welfare-aziendale-lista\\\/justworks-recensione\\\/\"]}]},{\"@type\":\"ImageObject\",\"inLanguage\":\"it-IT\",\"@id\":\"https:\\\/\\\/www.accuratereviews.com\\\/it\\\/piattaforme-di-welfare-aziendale-lista\\\/justworks-recensione\\\/#primaryimage\",\"url\":\"https:\\\/\\\/www.accuratereviews.com\\\/wp-content\\\/uploads\\\/2020\\\/12\\\/justworks-inc-logo-vector.png\",\"contentUrl\":\"https:\\\/\\\/www.accuratereviews.com\\\/wp-content\\\/uploads\\\/2020\\\/12\\\/justworks-inc-logo-vector.png\",\"width\":900,\"height\":500},{\"@type\":\"BreadcrumbList\",\"@id\":\"https:\\\/\\\/www.accuratereviews.com\\\/it\\\/piattaforme-di-welfare-aziendale-lista\\\/justworks-recensione\\\/#breadcrumb\",\"itemListElement\":[{\"@type\":\"ListItem\",\"position\":1,\"name\":\"Home\",\"item\":\"https:\\\/\\\/www.accuratereviews.com\\\/it\\\/\"},{\"@type\":\"ListItem\",\"position\":2,\"name\":\"Piattaforme di welfare aziendale\",\"item\":\"https:\\\/\\\/www.accuratereviews.com\\\/it\\\/piattaforme-di-welfare-aziendale-lista\\\/\"},{\"@type\":\"ListItem\",\"position\":3,\"name\":\"Justworks\"}]},{\"@type\":\"WebSite\",\"@id\":\"https:\\\/\\\/www.accuratereviews.com\\\/it\\\/#website\",\"url\":\"https:\\\/\\\/www.accuratereviews.com\\\/it\\\/\",\"name\":\"Accurate Reviews\",\"description\":\"\",\"potentialAction\":[{\"@type\":\"SearchAction\",\"target\":{\"@type\":\"EntryPoint\",\"urlTemplate\":\"https:\\\/\\\/www.accuratereviews.com\\\/it\\\/?s={search_term_string}\"},\"query-input\":{\"@type\":\"PropertyValueSpecification\",\"valueRequired\":true,\"valueName\":\"search_term_string\"}}],\"inLanguage\":\"it-IT\"}]}<\/script>\n<!-- \/ Yoast SEO plugin. -->","yoast_head_json":{"title":"Justworks: recensione software di welfare aziendale - Accurate Reviews","description":"Justworks: recensione software welfare aziendale per gestire buste paga, supporto per la conformit\u00e0 e strumenti per le risorse umane.","robots":{"index":"index","follow":"follow","max-snippet":"max-snippet:-1","max-image-preview":"max-image-preview:large","max-video-preview":"max-video-preview:-1"},"canonical":"https:\/\/www.accuratereviews.com\/it\/piattaforme-di-welfare-aziendale-lista\/justworks-recensione\/","og_locale":"it_IT","og_type":"article","og_title":"Justworks: recensione software di welfare aziendale - Accurate Reviews","og_description":"Justworks: recensione software welfare aziendale per gestire buste paga, supporto per la conformit\u00e0 e strumenti per le risorse umane.","og_url":"https:\/\/www.accuratereviews.com\/it\/piattaforme-di-welfare-aziendale-lista\/justworks-recensione\/","og_site_name":"Accurate Reviews","article_modified_time":"2021-03-17T11:33:05+00:00","og_image":[{"width":900,"height":500,"url":"https:\/\/www.accuratereviews.com\/wp-content\/uploads\/2020\/12\/justworks-inc-logo-vector.png","type":"image\/png"}],"twitter_card":"summary_large_image","twitter_misc":{"Tempo di lettura stimato":"4 minuti"},"schema":{"@context":"https:\/\/schema.org","@graph":[{"@type":"WebPage","@id":"https:\/\/www.accuratereviews.com\/it\/piattaforme-di-welfare-aziendale-lista\/justworks-recensione\/","url":"https:\/\/www.accuratereviews.com\/it\/piattaforme-di-welfare-aziendale-lista\/justworks-recensione\/","name":"Justworks: recensione software di welfare aziendale - Accurate Reviews","isPartOf":{"@id":"https:\/\/www.accuratereviews.com\/it\/#website"},"primaryImageOfPage":{"@id":"https:\/\/www.accuratereviews.com\/it\/piattaforme-di-welfare-aziendale-lista\/justworks-recensione\/#primaryimage"},"image":{"@id":"https:\/\/www.accuratereviews.com\/it\/piattaforme-di-welfare-aziendale-lista\/justworks-recensione\/#primaryimage"},"thumbnailUrl":"https:\/\/www.accuratereviews.com\/wp-content\/uploads\/2020\/12\/justworks-inc-logo-vector.png","datePublished":"2020-12-22T16:39:44+00:00","dateModified":"2021-03-17T11:33:05+00:00","description":"Justworks: recensione software welfare aziendale per gestire buste paga, supporto per la conformit\u00e0 e strumenti per le risorse umane.","breadcrumb":{"@id":"https:\/\/www.accuratereviews.com\/it\/piattaforme-di-welfare-aziendale-lista\/justworks-recensione\/#breadcrumb"},"inLanguage":"it-IT","potentialAction":[{"@type":"ReadAction","target":["https:\/\/www.accuratereviews.com\/it\/piattaforme-di-welfare-aziendale-lista\/justworks-recensione\/"]}]},{"@type":"ImageObject","inLanguage":"it-IT","@id":"https:\/\/www.accuratereviews.com\/it\/piattaforme-di-welfare-aziendale-lista\/justworks-recensione\/#primaryimage","url":"https:\/\/www.accuratereviews.com\/wp-content\/uploads\/2020\/12\/justworks-inc-logo-vector.png","contentUrl":"https:\/\/www.accuratereviews.com\/wp-content\/uploads\/2020\/12\/justworks-inc-logo-vector.png","width":900,"height":500},{"@type":"BreadcrumbList","@id":"https:\/\/www.accuratereviews.com\/it\/piattaforme-di-welfare-aziendale-lista\/justworks-recensione\/#breadcrumb","itemListElement":[{"@type":"ListItem","position":1,"name":"Home","item":"https:\/\/www.accuratereviews.com\/it\/"},{"@type":"ListItem","position":2,"name":"Piattaforme di welfare aziendale","item":"https:\/\/www.accuratereviews.com\/it\/piattaforme-di-welfare-aziendale-lista\/"},{"@type":"ListItem","position":3,"name":"Justworks"}]},{"@type":"WebSite","@id":"https:\/\/www.accuratereviews.com\/it\/#website","url":"https:\/\/www.accuratereviews.com\/it\/","name":"Accurate Reviews","description":"","potentialAction":[{"@type":"SearchAction","target":{"@type":"EntryPoint","urlTemplate":"https:\/\/www.accuratereviews.com\/it\/?s={search_term_string}"},"query-input":{"@type":"PropertyValueSpecification","valueRequired":true,"valueName":"search_term_string"}}],"inLanguage":"it-IT"}]}},"_links":{"self":[{"href":"https:\/\/www.accuratereviews.com\/it\/wp-json\/wp\/v2\/pages\/34086","targetHints":{"allow":["GET"]}}],"collection":[{"href":"https:\/\/www.accuratereviews.com\/it\/wp-json\/wp\/v2\/pages"}],"about":[{"href":"https:\/\/www.accuratereviews.com\/it\/wp-json\/wp\/v2\/types\/page"}],"author":[{"embeddable":true,"href":"https:\/\/www.accuratereviews.com\/it\/wp-json\/wp\/v2\/users\/19"}],"replies":[{"embeddable":true,"href":"https:\/\/www.accuratereviews.com\/it\/wp-json\/wp\/v2\/comments?post=34086"}],"version-history":[{"count":14,"href":"https:\/\/www.accuratereviews.com\/it\/wp-json\/wp\/v2\/pages\/34086\/revisions"}],"predecessor-version":[{"id":36931,"href":"https:\/\/www.accuratereviews.com\/it\/wp-json\/wp\/v2\/pages\/34086\/revisions\/36931"}],"up":[{"embeddable":true,"href":"https:\/\/www.accuratereviews.com\/it\/wp-json\/wp\/v2\/pages\/36208"}],"wp:featuredmedia":[{"embeddable":true,"href":"https:\/\/www.accuratereviews.com\/it\/wp-json\/wp\/v2\/media\/34091"}],"wp:attachment":[{"href":"https:\/\/www.accuratereviews.com\/it\/wp-json\/wp\/v2\/media?parent=34086"}],"wp:term":[{"taxonomy":"category","embeddable":true,"href":"https:\/\/www.accuratereviews.com\/it\/wp-json\/wp\/v2\/categories?post=34086"},{"taxonomy":"post_tag","embeddable":true,"href":"https:\/\/www.accuratereviews.com\/it\/wp-json\/wp\/v2\/tags?post=34086"},{"taxonomy":"features","embeddable":true,"href":"https:\/\/www.accuratereviews.com\/it\/wp-json\/wp\/v2\/features?post=34086"}],"curies":[{"name":"wp","href":"https:\/\/api.w.org\/{rel}","templated":true}]}}