{"id":34104,"date":"2020-12-23T13:38:24","date_gmt":"2020-12-23T13:38:24","guid":{"rendered":"https:\/\/www.accuratereviews.com\/?page_id=34104"},"modified":"2021-03-17T11:33:03","modified_gmt":"2021-03-17T11:33:03","slug":"employment-hero-recensione","status":"publish","type":"page","link":"https:\/\/www.accuratereviews.com\/it\/piattaforme-di-welfare-aziendale-lista\/employment-hero-recensione\/","title":{"rendered":"Employment Hero"},"content":{"rendered":"<p><strong>Employment Hero<\/strong> \u00e8 un <strong>sistema di gestione delle risorse umane (HRM)<\/strong> basato su <strong>cloud<\/strong> disponibile per le aziende di tutti i settori e dimensioni. Ti aiuta a gestire l&#8217;intero ciclo di vita dei dipendenti, con moduli per reclutamento, inserimento, libro paga, tempo e presenze, revisione delle prestazioni e altro ancora. Le altre funzionalit\u00e0 della soluzione inoltre includono uno studio legale di supporto che mantiene aggiornati i contatti e le politiche delle risorse umane e la funzionalit\u00e0 self-service dei dipendenti che consente ai lavoratori di richiedere ferie, visualizzare le buste paga e le schede attivit\u00e0 e modificare le informazioni personali o bancarie. Per quanto riguarda il reclutamento, <strong>Employment Hero<\/strong> consente agli utenti di creare la propria pagina delle carriere, creare questionari per i candidati e fare cose come i controlli dei precedenti. Una checklist di onboarding garantisce che tutti i lavoratori siano conformi e consente di automatizzare i processi manuali cartacei.<\/p>\n<h2>EMPLOYMENT HERO &#8211; TUTORIAL<\/h2>\n<p>Questo tutorial spiega in 4 minuti le funzioni di questo<strong> software di welfare aziendale<\/strong>:<\/p>\n<div id=\"fluid-wrapper-counter-1\" class=\"g1-fluid-wrapper \" style=\"width:686px;\">\n<div style=\"padding-bottom:56.268221574344%;\"><iframe loading=\"lazy\" title=\"4 Minute Demo of Employment Hero\" width=\"686\" height=\"386\" src=\"https:\/\/www.youtube.com\/embed\/TIOy4REAbDk?feature=oembed&amp;wmode=transparent&amp;autohide=1&amp;autoplay=0&amp;disablekb=0&amp;fs=1&amp;loop=0&amp;enablejsapi=1&amp;rel=0&amp;controls=2&amp;showinfo=0&amp;wmode=transparent&amp;autohide=2&amp;autoplay=0&amp;disablekb=0&amp;fs=1&amp;loop=0&amp;enablejsapi=1&amp;rel=0&amp;controls=2&amp;showinfo=1\" frameborder=\"0\" allow=\"accelerometer; autoplay; clipboard-write; encrypted-media; gyroscope; picture-in-picture\" allowfullscreen><\/iframe><\/div>\n<\/div>\n<h3>EMPLOYMENT HERO &#8211; CARATTERISTICHE<\/h3>\n<ul>\n<li><strong>Crea lavori e processi di assunzione:<\/strong><span class=\"JLqJ4b\" data-language-for-alternatives=\"it\" data-language-to-translate-into=\"en\" data-phrase-index=\"1\"> <span class=\"JLqJ4b ChMk0b\" data-language-for-alternatives=\"it\" data-language-to-translate-into=\"en\" data-phrase-index=\"2\">crea un processo di assunzione correlato e personalizzabile<\/span><\/span><\/li>\n<li><strong>Linea di consulenza HR:<\/strong><span class=\"JLqJ4b\" data-language-for-alternatives=\"it\" data-language-to-translate-into=\"en\" data-phrase-index=\"1\"> <span class=\"JLqJ4b ChMk0b\" data-language-for-alternatives=\"it\" data-language-to-translate-into=\"en\" data-phrase-index=\"2\">&#8216;accesso a consulenti sul posto di lavoro altamente qualificati<\/span><\/span><\/li>\n<li><strong>Trova Talent in qualsiasi parte del mondo:<\/strong> aumenta l&#8217;efficienza e resta concentrato sulla gestione della tua attivit\u00e0 mentre ti aiutiamo a trovare i talenti nel mondo, provenienti da oltre 50 paesi<\/li>\n<li><span class=\"JLqJ4b\" data-language-for-alternatives=\"it\" data-language-to-translate-into=\"en\" data-phrase-index=\"1\"><span class=\"JLqJ4b ChMk0b\" data-language-for-alternatives=\"it\" data-language-to-translate-into=\"en\" data-phrase-index=\"2\"><strong>Linea di consulenza sui salari<\/strong>: prendi decisioni informate e conformi per la tua azienda. Payroll Advisory Line ti d\u00e0 accesso a specialisti del libro paga che forniscono indicazioni e consigli sulle domande sui salari<\/span><\/span><\/li>\n<li><span class=\"JLqJ4b\" data-language-for-alternatives=\"it\" data-language-to-translate-into=\"en\" data-phrase-index=\"1\"><span class=\"JLqJ4b ChMk0b\" data-language-for-alternatives=\"it\" data-language-to-translate-into=\"en\" data-phrase-index=\"2\"><strong> Ultimate Advisory Line<\/strong>: questa opzione di consulenza all-in-one garantisce che il supporto sia sempre a portata di mano quando ne hai bisogno<\/span><\/span><\/li>\n<\/ul>\n<h4>LE RECENSIONI DEGLI UTENTI<\/h4>\n<h4 class=\"font-weight-bold mb-1 d-flex align-items-center\">Alexandra M.&#8221;Employment Hero un ottimo strumento per le risorse umane&#8221;<\/h4>\n<p><strong>Commenti: <\/strong>Supporta lo sviluppo delle risorse umane come funzione di valore aggiunto. Poich\u00e9 i processi HR sono pi\u00f9 efficienti e pi\u00f9 facili per i dipendenti, tendono a essere maggiormente coinvolti nelle iniziative HR. Inoltre, le informazioni raccolte vengono riportate graficamente, rendendo l&#8217;analisi e il processo decisionale rapidi e accurati.<\/p>\n<p><strong>Vantaggi: <\/strong>I grandi vantaggi di Employment Hero sono l&#8217;eccellente comprensione dei processi HR \/ Payroll e della legislazione australiana; l&#8217;innovazione e il miglioramento continuo del software e il layout pulito \/ facile da usare e l&#8217;esperienza dell&#8217;utente.<\/p>\n<p><strong>Inconvenienti: <\/strong>Penso che il processo di revisione delle prestazioni non sia sviluppato come altre funzionalit\u00e0 all&#8217;interno del software.<br \/>\nPu\u00f2 essere pi\u00f9 flessibile a 360 gradi, consentendo uno strumento pi\u00f9 robusto per lo sviluppo dei dipendenti.<br \/>\nPenso che se migliorato, aggiungerebbe un valore significativo alle organizzazioni. Dopo tutto il feedback \u00e8 uno degli strumenti di sviluppo potenti.<\/p>\n<h4 class=\"font-weight-bold mb-1 d-flex align-items-center\">Adrian Z.&#8221;Employment Hero recensione&#8221;<\/h4>\n<p><strong>Commenti: <\/strong>Il team di onboarding \u00e8 stato fantastico! Molto facile da utilizzare il software.<\/p>\n<p><strong>Vantaggi: <\/strong>Integrazione con il libro paga.\u00a0Capacit\u00e0 API.\u00a0Possibilit\u00e0 di marcare il portale con il nostro marchio.\u00a0Processi elettronici senza carta.<br \/>\nOne stop shop per la gestione delle risorse umane.<\/p>\n<p><strong>Inconvenienti: <\/strong>Poich\u00e9 utilizziamo gi\u00e0 Keypay, non hanno gestito bene l&#8217;integrazione con essa. Al momento dobbiamo utilizzare Keypay per elenchi e buste paga. Dovrebbe essere tutto in un nuovo sistema Employment Hero.<\/p>\n<h4 class=\"font-weight-bold mb-1 d-flex align-items-center\">Katri T.&#8221;Facile da usare e personalizzare in base alle nostre esigenze!&#8221;<\/h4>\n<p><strong>Commenti: <\/strong>L&#8217;onboarding \u00e8 ottimo, abbiamo contenuti introduttivi in modo che i nuovi dipendenti abbiano familiarit\u00e0 con la nostra attivit\u00e0 e possano completare le attivit\u00e0 prima che inizino.<\/p>\n<p><strong>Vantaggi: <\/strong>Innamorati di quanto sia facile da usare e personalizzare in base alle nostre esigenze. Anche l&#8217;assistenza clienti \u00e8 fantastica!<\/p>\n<p><strong>Inconvenienti: <\/strong>Vorrei un modo semplice per ottenere un elenco delle date di inizio dei dipendenti e della data di nascita ed essere in grado di ottenere rapidamente un elenco dei team dei dipendenti. Potrebbe essere disponibile nelle opzioni premium, ma non in quella che stiamo utilizzando.<\/p>\n<div class=\"ml-4 pl-4 border-left border-left__dotted i18n-translation_vendor_container\" data-translation-id=\"2155543\" data-translation-vendor-target=\"original\">\n<div class=\"d-flex flex-wrap flex-md-nowrap align-items-center\">\n<h4 class=\"h5 font-weight-bold\"><\/h4>\n<\/div>\n<\/div>\n","protected":false},"excerpt":{"rendered":"<p>Employment Hero \u00e8 un sistema di gestione delle risorse umane (HRM) basato su cloud disponibile per le aziende di tutti i settori e dimensioni. La soluzione aiuta a gestire l&#8217;intero ciclo di vita dei dipendenti, con moduli per reclutamento, inserimento, libro paga, tempo e presenze, revisione delle prestazioni e altro ancora.<\/p>\n","protected":false},"author":19,"featured_media":34108,"parent":36208,"menu_order":0,"comment_status":"open","ping_status":"closed","template":"g1_template_page_review_new.php","meta":{"_acf_changed":false,"cwp_meta_box_check":"Yes","cwp_rev_product_name":"","cwp_rev_product_image":"","wppr_links":[],"cwp_rev_price":"","wppr_options":[],"wppr_pros":[],"wppr_cons":[],"_monsterinsights_skip_tracking":false,"_monsterinsights_sitenote_active":false,"_monsterinsights_sitenote_note":"","_monsterinsights_sitenote_category":0,"footnotes":""},"categories":[4480],"tags":[396,4561,4498,4497,4481,4483,4496,4482,4484],"features":[],"class_list":{"0":"post-34104","1":"page","2":"type-page","3":"status-publish","4":"has-post-thumbnail","6":"category-piattaforme-di-welfare-aziendale","7":"tag-cloud","8":"tag-employment-hero","9":"tag-gestione-del-personale","10":"tag-gestione-risorse-umane","11":"tag-piattaforma-di-welfare-aziendale","12":"tag-programma-di-welfare-aziendale","13":"tag-risorse-umane","14":"tag-software-di-welfare-aziendale","15":"tag-soluzione-di-welfare-aziendale"},"wppr_data":{"cwp_meta_box_check":"Yes","cwp_rev_product_name":"","cwp_rev_product_image":"","cwp_image_link":"image","cwp_rev_price":"","wppr_rating":"0.00"},"acf":[],"yoast_head":"<!-- This site is optimized with the Yoast SEO plugin v27.4 - https:\/\/yoast.com\/product\/yoast-seo-wordpress\/ -->\n<title>Employment Hero: recensione software di welfare aziendale<\/title>\n<meta name=\"description\" content=\"Employment Hero: recensione sistema di gestione delle risorse umane basato su cloud disponibile per aziende di tutti i settori e dimensioni\" \/>\n<meta name=\"robots\" content=\"index, follow, max-snippet:-1, max-image-preview:large, max-video-preview:-1\" \/>\n<link rel=\"canonical\" href=\"https:\/\/www.accuratereviews.com\/it\/piattaforme-di-welfare-aziendale-lista\/employment-hero-recensione\/\" \/>\n<meta property=\"og:locale\" content=\"it_IT\" \/>\n<meta property=\"og:type\" content=\"article\" \/>\n<meta property=\"og:title\" content=\"Employment Hero: recensione software di welfare aziendale\" \/>\n<meta property=\"og:description\" content=\"Employment Hero: recensione sistema di gestione delle risorse umane basato su cloud disponibile per aziende di tutti i settori e dimensioni\" \/>\n<meta property=\"og:url\" content=\"https:\/\/www.accuratereviews.com\/it\/piattaforme-di-welfare-aziendale-lista\/employment-hero-recensione\/\" \/>\n<meta property=\"og:site_name\" content=\"Accurate Reviews\" \/>\n<meta property=\"article:modified_time\" content=\"2021-03-17T11:33:03+00:00\" \/>\n<meta property=\"og:image\" content=\"https:\/\/www.accuratereviews.com\/wp-content\/uploads\/2020\/12\/employment-hero-png.jpeg\" \/>\n\t<meta property=\"og:image:width\" content=\"840\" \/>\n\t<meta property=\"og:image:height\" content=\"631\" \/>\n\t<meta property=\"og:image:type\" content=\"image\/jpeg\" \/>\n<meta name=\"twitter:card\" content=\"summary_large_image\" \/>\n<meta name=\"twitter:label1\" content=\"Tempo di lettura stimato\" \/>\n\t<meta name=\"twitter:data1\" content=\"3 minuti\" \/>\n<script type=\"application\/ld+json\" class=\"yoast-schema-graph\">{\"@context\":\"https:\\\/\\\/schema.org\",\"@graph\":[{\"@type\":\"WebPage\",\"@id\":\"https:\\\/\\\/www.accuratereviews.com\\\/it\\\/piattaforme-di-welfare-aziendale-lista\\\/employment-hero-recensione\\\/\",\"url\":\"https:\\\/\\\/www.accuratereviews.com\\\/it\\\/piattaforme-di-welfare-aziendale-lista\\\/employment-hero-recensione\\\/\",\"name\":\"Employment Hero: recensione software di welfare aziendale\",\"isPartOf\":{\"@id\":\"https:\\\/\\\/www.accuratereviews.com\\\/it\\\/#website\"},\"primaryImageOfPage\":{\"@id\":\"https:\\\/\\\/www.accuratereviews.com\\\/it\\\/piattaforme-di-welfare-aziendale-lista\\\/employment-hero-recensione\\\/#primaryimage\"},\"image\":{\"@id\":\"https:\\\/\\\/www.accuratereviews.com\\\/it\\\/piattaforme-di-welfare-aziendale-lista\\\/employment-hero-recensione\\\/#primaryimage\"},\"thumbnailUrl\":\"https:\\\/\\\/www.accuratereviews.com\\\/wp-content\\\/uploads\\\/2020\\\/12\\\/employment-hero-png.jpeg\",\"datePublished\":\"2020-12-23T13:38:24+00:00\",\"dateModified\":\"2021-03-17T11:33:03+00:00\",\"description\":\"Employment Hero: recensione sistema di gestione delle risorse umane basato su cloud disponibile per aziende di tutti i settori e dimensioni\",\"breadcrumb\":{\"@id\":\"https:\\\/\\\/www.accuratereviews.com\\\/it\\\/piattaforme-di-welfare-aziendale-lista\\\/employment-hero-recensione\\\/#breadcrumb\"},\"inLanguage\":\"it-IT\",\"potentialAction\":[{\"@type\":\"ReadAction\",\"target\":[\"https:\\\/\\\/www.accuratereviews.com\\\/it\\\/piattaforme-di-welfare-aziendale-lista\\\/employment-hero-recensione\\\/\"]}]},{\"@type\":\"ImageObject\",\"inLanguage\":\"it-IT\",\"@id\":\"https:\\\/\\\/www.accuratereviews.com\\\/it\\\/piattaforme-di-welfare-aziendale-lista\\\/employment-hero-recensione\\\/#primaryimage\",\"url\":\"https:\\\/\\\/www.accuratereviews.com\\\/wp-content\\\/uploads\\\/2020\\\/12\\\/employment-hero-png.jpeg\",\"contentUrl\":\"https:\\\/\\\/www.accuratereviews.com\\\/wp-content\\\/uploads\\\/2020\\\/12\\\/employment-hero-png.jpeg\",\"width\":840,\"height\":631},{\"@type\":\"BreadcrumbList\",\"@id\":\"https:\\\/\\\/www.accuratereviews.com\\\/it\\\/piattaforme-di-welfare-aziendale-lista\\\/employment-hero-recensione\\\/#breadcrumb\",\"itemListElement\":[{\"@type\":\"ListItem\",\"position\":1,\"name\":\"Home\",\"item\":\"https:\\\/\\\/www.accuratereviews.com\\\/it\\\/\"},{\"@type\":\"ListItem\",\"position\":2,\"name\":\"Piattaforme di welfare aziendale\",\"item\":\"https:\\\/\\\/www.accuratereviews.com\\\/it\\\/piattaforme-di-welfare-aziendale-lista\\\/\"},{\"@type\":\"ListItem\",\"position\":3,\"name\":\"Employment Hero\"}]},{\"@type\":\"WebSite\",\"@id\":\"https:\\\/\\\/www.accuratereviews.com\\\/it\\\/#website\",\"url\":\"https:\\\/\\\/www.accuratereviews.com\\\/it\\\/\",\"name\":\"Accurate Reviews\",\"description\":\"\",\"potentialAction\":[{\"@type\":\"SearchAction\",\"target\":{\"@type\":\"EntryPoint\",\"urlTemplate\":\"https:\\\/\\\/www.accuratereviews.com\\\/it\\\/?s={search_term_string}\"},\"query-input\":{\"@type\":\"PropertyValueSpecification\",\"valueRequired\":true,\"valueName\":\"search_term_string\"}}],\"inLanguage\":\"it-IT\"}]}<\/script>\n<!-- \/ Yoast SEO plugin. -->","yoast_head_json":{"title":"Employment Hero: recensione software di welfare aziendale","description":"Employment Hero: recensione sistema di gestione delle risorse umane basato su cloud disponibile per aziende di tutti i settori e dimensioni","robots":{"index":"index","follow":"follow","max-snippet":"max-snippet:-1","max-image-preview":"max-image-preview:large","max-video-preview":"max-video-preview:-1"},"canonical":"https:\/\/www.accuratereviews.com\/it\/piattaforme-di-welfare-aziendale-lista\/employment-hero-recensione\/","og_locale":"it_IT","og_type":"article","og_title":"Employment Hero: recensione software di welfare aziendale","og_description":"Employment Hero: recensione sistema di gestione delle risorse umane basato su cloud disponibile per aziende di tutti i settori e dimensioni","og_url":"https:\/\/www.accuratereviews.com\/it\/piattaforme-di-welfare-aziendale-lista\/employment-hero-recensione\/","og_site_name":"Accurate Reviews","article_modified_time":"2021-03-17T11:33:03+00:00","og_image":[{"width":840,"height":631,"url":"https:\/\/www.accuratereviews.com\/wp-content\/uploads\/2020\/12\/employment-hero-png.jpeg","type":"image\/jpeg"}],"twitter_card":"summary_large_image","twitter_misc":{"Tempo di lettura stimato":"3 minuti"},"schema":{"@context":"https:\/\/schema.org","@graph":[{"@type":"WebPage","@id":"https:\/\/www.accuratereviews.com\/it\/piattaforme-di-welfare-aziendale-lista\/employment-hero-recensione\/","url":"https:\/\/www.accuratereviews.com\/it\/piattaforme-di-welfare-aziendale-lista\/employment-hero-recensione\/","name":"Employment Hero: recensione software di welfare aziendale","isPartOf":{"@id":"https:\/\/www.accuratereviews.com\/it\/#website"},"primaryImageOfPage":{"@id":"https:\/\/www.accuratereviews.com\/it\/piattaforme-di-welfare-aziendale-lista\/employment-hero-recensione\/#primaryimage"},"image":{"@id":"https:\/\/www.accuratereviews.com\/it\/piattaforme-di-welfare-aziendale-lista\/employment-hero-recensione\/#primaryimage"},"thumbnailUrl":"https:\/\/www.accuratereviews.com\/wp-content\/uploads\/2020\/12\/employment-hero-png.jpeg","datePublished":"2020-12-23T13:38:24+00:00","dateModified":"2021-03-17T11:33:03+00:00","description":"Employment Hero: recensione sistema di gestione delle risorse umane basato su cloud disponibile per aziende di tutti i settori e dimensioni","breadcrumb":{"@id":"https:\/\/www.accuratereviews.com\/it\/piattaforme-di-welfare-aziendale-lista\/employment-hero-recensione\/#breadcrumb"},"inLanguage":"it-IT","potentialAction":[{"@type":"ReadAction","target":["https:\/\/www.accuratereviews.com\/it\/piattaforme-di-welfare-aziendale-lista\/employment-hero-recensione\/"]}]},{"@type":"ImageObject","inLanguage":"it-IT","@id":"https:\/\/www.accuratereviews.com\/it\/piattaforme-di-welfare-aziendale-lista\/employment-hero-recensione\/#primaryimage","url":"https:\/\/www.accuratereviews.com\/wp-content\/uploads\/2020\/12\/employment-hero-png.jpeg","contentUrl":"https:\/\/www.accuratereviews.com\/wp-content\/uploads\/2020\/12\/employment-hero-png.jpeg","width":840,"height":631},{"@type":"BreadcrumbList","@id":"https:\/\/www.accuratereviews.com\/it\/piattaforme-di-welfare-aziendale-lista\/employment-hero-recensione\/#breadcrumb","itemListElement":[{"@type":"ListItem","position":1,"name":"Home","item":"https:\/\/www.accuratereviews.com\/it\/"},{"@type":"ListItem","position":2,"name":"Piattaforme di welfare aziendale","item":"https:\/\/www.accuratereviews.com\/it\/piattaforme-di-welfare-aziendale-lista\/"},{"@type":"ListItem","position":3,"name":"Employment Hero"}]},{"@type":"WebSite","@id":"https:\/\/www.accuratereviews.com\/it\/#website","url":"https:\/\/www.accuratereviews.com\/it\/","name":"Accurate Reviews","description":"","potentialAction":[{"@type":"SearchAction","target":{"@type":"EntryPoint","urlTemplate":"https:\/\/www.accuratereviews.com\/it\/?s={search_term_string}"},"query-input":{"@type":"PropertyValueSpecification","valueRequired":true,"valueName":"search_term_string"}}],"inLanguage":"it-IT"}]}},"_links":{"self":[{"href":"https:\/\/www.accuratereviews.com\/it\/wp-json\/wp\/v2\/pages\/34104","targetHints":{"allow":["GET"]}}],"collection":[{"href":"https:\/\/www.accuratereviews.com\/it\/wp-json\/wp\/v2\/pages"}],"about":[{"href":"https:\/\/www.accuratereviews.com\/it\/wp-json\/wp\/v2\/types\/page"}],"author":[{"embeddable":true,"href":"https:\/\/www.accuratereviews.com\/it\/wp-json\/wp\/v2\/users\/19"}],"replies":[{"embeddable":true,"href":"https:\/\/www.accuratereviews.com\/it\/wp-json\/wp\/v2\/comments?post=34104"}],"version-history":[{"count":15,"href":"https:\/\/www.accuratereviews.com\/it\/wp-json\/wp\/v2\/pages\/34104\/revisions"}],"predecessor-version":[{"id":36918,"href":"https:\/\/www.accuratereviews.com\/it\/wp-json\/wp\/v2\/pages\/34104\/revisions\/36918"}],"up":[{"embeddable":true,"href":"https:\/\/www.accuratereviews.com\/it\/wp-json\/wp\/v2\/pages\/36208"}],"wp:featuredmedia":[{"embeddable":true,"href":"https:\/\/www.accuratereviews.com\/it\/wp-json\/wp\/v2\/media\/34108"}],"wp:attachment":[{"href":"https:\/\/www.accuratereviews.com\/it\/wp-json\/wp\/v2\/media?parent=34104"}],"wp:term":[{"taxonomy":"category","embeddable":true,"href":"https:\/\/www.accuratereviews.com\/it\/wp-json\/wp\/v2\/categories?post=34104"},{"taxonomy":"post_tag","embeddable":true,"href":"https:\/\/www.accuratereviews.com\/it\/wp-json\/wp\/v2\/tags?post=34104"},{"taxonomy":"features","embeddable":true,"href":"https:\/\/www.accuratereviews.com\/it\/wp-json\/wp\/v2\/features?post=34104"}],"curies":[{"name":"wp","href":"https:\/\/api.w.org\/{rel}","templated":true}]}}