{"id":34217,"date":"2020-12-24T09:33:43","date_gmt":"2020-12-24T09:33:43","guid":{"rendered":"https:\/\/www.accuratereviews.com\/?page_id=34217"},"modified":"2021-03-17T11:33:06","modified_gmt":"2021-03-17T11:33:06","slug":"netchex-recensione","status":"publish","type":"page","link":"https:\/\/www.accuratereviews.com\/it\/piattaforme-di-welfare-aziendale-lista\/netchex-recensione\/","title":{"rendered":"Netchex"},"content":{"rendered":"<p><span class=\"JLqJ4b ChMk0b\" data-language-for-alternatives=\"it\" data-language-to-translate-into=\"en\" data-phrase-index=\"1\"><strong>Netchex<\/strong> \u00e8 una <strong>soluzione di gestione delle risorse umane (HR)<\/strong> e dei salari basata su cloud progettata per aziende di tutte le dimensioni. Le caratteristiche principali includono il reclutamento l&#8217;onboarding, la gestione delle prestazioni, il calcolo dei salari, la conformit\u00e0 fiscale, la gestione del tempo e delle presenze, l&#8217;amministrazione dei vantaggi, la reportistica e l&#8217;analisi.<span class=\"JLqJ4b\" data-language-for-alternatives=\"it\" data-language-to-translate-into=\"en\" data-phrase-index=\"3\"> Con il portale self-service dedicato, <strong>Netchex<\/strong> aiuta i dipendenti a visualizzare e accedere alle proprie informazioni come richieste PTO, saldo ferie, benefit e ritenute fiscali in tempo reale. Il modello di assistenza clienti offre \u00a0l&#8217;accesso a un avvocato dedicato e un team di assistenza legale, offrendo un&#8217;esperienza personalizzata ogni volta che un utente ne ha bisogno. Netchex \u00e8 disponibile su un modello pay-as-you-go, in cui le aziende pagano un abbonamento mensile per il numero di moduli sottoscritti.<\/span><\/span><\/p>\n<h2>NETCHEX &#8211; TUTORIAL<\/h2>\n<p>Guardiamo insieme questo breve video in cui sottolinea le principali funzioni di questo <strong>software di di welfare aziendale<\/strong>:<\/p>\n<div id=\"fluid-wrapper-counter-1\" class=\"g1-fluid-wrapper \" style=\"width:686px;\">\n<div style=\"padding-bottom:56.268221574344%;\"><iframe loading=\"lazy\" title=\"Netchex NetBroker\" width=\"686\" height=\"386\" src=\"https:\/\/www.youtube.com\/embed\/8D3V5iGFXJs?feature=oembed&amp;wmode=transparent&amp;autohide=1&amp;autoplay=0&amp;disablekb=0&amp;fs=1&amp;loop=0&amp;enablejsapi=1&amp;rel=0&amp;controls=2&amp;showinfo=0&amp;wmode=transparent&amp;autohide=2&amp;autoplay=0&amp;disablekb=0&amp;fs=1&amp;loop=0&amp;enablejsapi=1&amp;rel=0&amp;controls=2&amp;showinfo=1\" frameborder=\"0\" allow=\"accelerometer; autoplay; clipboard-write; encrypted-media; gyroscope; picture-in-picture\" allowfullscreen><\/iframe><\/div>\n<\/div>\n<h3>NETCHEX &#8211; CARATTERISTICHE<\/h3>\n<ul>\n<li><strong>Opzioni di pagamento flessibili:<\/strong><span class=\"JLqJ4b\" data-language-for-alternatives=\"it\" data-language-to-translate-into=\"en\" data-phrase-index=\"5\">\u00a0m<span class=\"JLqJ4b ChMk0b\" data-language-for-alternatives=\"it\" data-language-to-translate-into=\"en\" data-phrase-index=\"6\">olteplici modalit\u00e0 di pagamento, inclusi deposito diretto, assegni standard e carte di pagamento<\/span><\/span><\/li>\n<li><span class=\"JLqJ4b\" data-language-for-alternatives=\"it\" data-language-to-translate-into=\"en\" data-phrase-index=\"5\"><span class=\"JLqJ4b ChMk0b\" data-language-for-alternatives=\"it\" data-language-to-translate-into=\"en\" data-phrase-index=\"6\"><strong>Automazione e accuratezza fiscale:<\/strong> le tasse e i rapporti automatizzati ti mantengono conforme e garantiscono l&#8217;accuratezza<\/span><\/span><\/li>\n<li><strong>MVP (Most Valuable Payroll)<\/strong>:<span class=\"JLqJ4b\" data-language-for-alternatives=\"it\" data-language-to-translate-into=\"en\" data-phrase-index=\"1\"> <span class=\"JLqJ4b ChMk0b\" data-language-for-alternatives=\"it\" data-language-to-translate-into=\"en\" data-phrase-index=\"2\">la soluzione fornisce accesso, informazioni e funzionalit\u00e0 incrociate a ogni reparto della tua azienda<\/span><\/span><\/li>\n<li><strong>Contabilit\u00e0:<\/strong> i<span class=\"JLqJ4b ChMk0b\" data-language-for-alternatives=\"it\" data-language-to-translate-into=\"en\" data-phrase-index=\"3\"> rapporti e le analisi pre-elaborati offrono un libro paga di precisione privo di errori in ogni periodo di paga<\/span><\/li>\n<li><strong>Automatizzato e potente<\/strong>:<span class=\"JLqJ4b\" data-language-for-alternatives=\"it\" data-language-to-translate-into=\"en\" data-phrase-index=\"8\">\u00a0a<span class=\"JLqJ4b ChMk0b\" data-language-for-alternatives=\"it\" data-language-to-translate-into=\"en\" data-phrase-index=\"9\">vvisi automatici per assenze, straordinari, richieste di permessi e altro ancora<\/span><\/span><\/li>\n<li><strong>Comunicazione con il vettore:<\/strong><span class=\"JLqJ4b\" data-language-for-alternatives=\"it\" data-language-to-translate-into=\"en\" data-phrase-index=\"5\">\u00a0e<span class=\"JLqJ4b ChMk0b\" data-language-for-alternatives=\"it\" data-language-to-translate-into=\"en\" data-phrase-index=\"6\">limina le attivit\u00e0 manuali associate ai corrieri tramite moduli digitalizzati, feed EDI o NetEnroll<\/span><\/span><\/li>\n<li><strong>Reclutamento:<\/strong><span class=\"JLqJ4b\" data-language-for-alternatives=\"it\" data-language-to-translate-into=\"en\" data-phrase-index=\"1\">\u00a0t<span class=\"JLqJ4b ChMk0b\" data-language-for-alternatives=\"it\" data-language-to-translate-into=\"en\" data-phrase-index=\"2\">rova il miglior candidato velocemente e con maggior successo<\/span><\/span><\/li>\n<li><span class=\"JLqJ4b\" data-language-for-alternatives=\"it\" data-language-to-translate-into=\"en\" data-phrase-index=\"1\"><span class=\"JLqJ4b ChMk0b\" data-language-for-alternatives=\"it\" data-language-to-translate-into=\"en\" data-phrase-index=\"2\"><strong>Assumere:<\/strong> assumi con fiducia utilizzando rapporti di valutazione e analisi dei colloqui<\/span><\/span><\/li>\n<li><span class=\"JLqJ4b\" data-language-for-alternatives=\"it\" data-language-to-translate-into=\"en\" data-phrase-index=\"1\"><span class=\"JLqJ4b ChMk0b\" data-language-for-alternatives=\"it\" data-language-to-translate-into=\"en\" data-phrase-index=\"2\"><strong>Onboarding:<\/strong> avvia i nuovi dipendenti rapidamente e con meno scartoffie<\/span><\/span><\/li>\n<li><strong>Revisioni delle prestazioni:<\/strong><span class=\"JLqJ4b\" data-language-for-alternatives=\"it\" data-language-to-translate-into=\"en\" data-phrase-index=\"1\">\u00a0c<span class=\"JLqJ4b ChMk0b\" data-language-for-alternatives=\"it\" data-language-to-translate-into=\"en\" data-phrase-index=\"2\">rea valutazioni personalizzabili con scale a punti variabili<\/span><\/span><\/li>\n<li><span class=\"JLqJ4b\" data-language-for-alternatives=\"it\" data-language-to-translate-into=\"en\" data-phrase-index=\"1\"><span class=\"JLqJ4b ChMk0b\" data-language-for-alternatives=\"it\" data-language-to-translate-into=\"en\" data-phrase-index=\"2\"><strong> Assegna e monitora le revision<\/strong>i: visualizza e approva tutte le attivit\u00e0, imposta l&#8217;assegnazione e le date di scadenza, con pochi clic<\/span><\/span><\/li>\n<li><span class=\"JLqJ4b\" data-language-for-alternatives=\"it\" data-language-to-translate-into=\"en\" data-phrase-index=\"1\"><span class=\"JLqJ4b ChMk0b\" data-language-for-alternatives=\"it\" data-language-to-translate-into=\"en\" data-phrase-index=\"2\"><strong>Analizza i risultati<\/strong>: confronta i dati nel tempo e tra team e reparti<\/span><\/span><\/li>\n<li><strong>Reporting e analisi:\u00a0<\/strong>s<span class=\"JLqJ4b\" data-language-for-alternatives=\"it\" data-language-to-translate-into=\"en\" data-phrase-index=\"1\"><span class=\"JLqJ4b ChMk0b\" data-language-for-alternatives=\"it\" data-language-to-translate-into=\"en\" data-phrase-index=\"2\">tipendi, manodopera e approfondimenti sulle prestazioni in un unico posto<\/span><\/span><\/li>\n<\/ul>\n<h4>LE RECENSIONI DEGLI UTENTI<\/h4>\n<h4 class=\"font-weight-bold mb-1 d-flex align-items-center\">Belinda C.&#8221;Nuovo amore trovato!&#8221;<\/h4>\n<p><strong>Vantaggi: <\/strong>All&#8217;inizio ero un po &#8216;scettica perch\u00e9 gestivo il libro paga internamente per molti anni come coordinatore del libro paga per la mia azienda, quindi ero molto attiva. Abbiamo provato l&#8217;outsourcing con una societ\u00e0 chiamata Paycom, ma si \u00e8 rivelato un vero incubo. Siamo stati fortunati ad entrare a far parte della famiglia Netchex e dopo aver preso confidenza con il software, avendo i membri del team Netchex sempre con una telefonata o un&#8217;email pronti ad aiutare e il software soddisfa le nostre esigenze ed \u00e8 stata la transizione migliore. Per non parlare del fatto che sono ancora molto coinvolta nella produzione di buste paga.<\/p>\n<p><strong>Inconvenienti: <\/strong>Non c&#8217;\u00e8 niente che io possa davvero dire che non mi piaccia del software.<\/p>\n<h4 class=\"font-weight-bold mb-1 d-flex align-items-center\">Laura D.&#8221;Azienda eccezionale che fornisce i migliori servizi di gestione delle risorse umane e dei salari&#8221;<\/h4>\n<p><strong>Commenti: <\/strong>Netchex \u00e8 MERAVIGLIOSO! Uso Netchex da circa 7 anni. Netchex era l&#8217;azienda che usavamo presso il mio precedente datore di lavoro e, dopo essere arrivato al mio attuale lavoro, sapevo che avevamo bisogno di loro anche qui. Il programma che stavamo usando era obsoleto e avevo gi\u00e0 visto cosa poteva fare Netchex e quanto sono grandi. Non pass\u00f2 molto tempo prima che li avessimo qui e tutti sono rimasti costantemente colpiti dai servizi che forniscono. Ai tempi in cui sono entrati in vigore i nuovi regolamenti ACA e anche ora con l&#8217;intera situazione del COVID-19, Netchex continua ad aiutarci nel nostro complesso lavoro.<\/p>\n<p><strong>Vantaggi: <\/strong>Il software \u00e8 molto facile da usare. Rende i nostri lavori in HR \/ Payroll senza problemi.<\/p>\n<p><strong>Inconvenienti: <\/strong>Onestamente, non riesco a pensare a una cosa che non mi piace di questo software.<\/p>\n<h4 class=\"font-weight-bold mb-1 d-flex align-items-center\">Hether A.&#8221;La migliore piattaforma per il libro paga sul mercato&#8221;<\/h4>\n<p><strong>Vantaggi: <\/strong>Netchex \u00e8 facile da usare e molto pi\u00f9 di un &#8220;software come servizio&#8221; per le buste paga. Ho trasferito quasi tutte le funzioni delle risorse umane a Netchex, dal reclutamento all&#8217;onboarding a COBRA: Netchex fa tutto! Ogni cliente ha un team di assistenza dedicato, quindi qualcuno \u00e8 sempre disponibile per aiutare e familiarizzare con l&#8217;account. Preferisco inviare i miei problemi \/ domande tramite il loro portale online in modo da avere un registro a cui posso sempre fare riferimento, ma quando \u00e8 estremamente sensibile al tempo sono sulla mia composizione rapida. Hanno persino &#8220;creato il caso&#8221; per me in modo che possa essere seguito.<\/p>\n<p><strong>Inconvenienti: <\/strong>L&#8217;unico svantaggio di Netchex \u00e8 perch\u00e9 sono cos\u00ec avanti rispetto al gioco, le loro nuove offerte di prodotti sono in fase di sviluppo e test pi\u00f9 a lungo di quanto pubblicizzato. Ho sempre fame di pi\u00f9!<\/p>\n","protected":false},"excerpt":{"rendered":"<p>Netchex \u00e8 una soluzione di gestione delle risorse umane (HR) e dei salari basata su cloud progettata per aziende di tutte le dimensioni. Le caratteristiche principali includono il reclutamento l&#8217;onboarding, la gestione delle prestazioni, il calcolo dei salari, la conformit\u00e0 fiscale, la gestione del tempo e delle presenze, l&#8217;amministrazione dei vantaggi, la reportistica e l&#8217;analisi.<\/p>\n","protected":false},"author":19,"featured_media":34218,"parent":36208,"menu_order":0,"comment_status":"open","ping_status":"closed","template":"g1_template_page_review_new.php","meta":{"_acf_changed":false,"cwp_meta_box_check":"Yes","cwp_rev_product_name":"","cwp_rev_product_image":"","wppr_links":[],"cwp_rev_price":"","wppr_options":[],"wppr_pros":[],"wppr_cons":[],"_monsterinsights_skip_tracking":false,"_monsterinsights_sitenote_active":false,"_monsterinsights_sitenote_note":"","_monsterinsights_sitenote_category":0,"footnotes":""},"categories":[4480],"tags":[396,4498,4578,4481,4483,4496,4482,4484],"features":[],"class_list":{"0":"post-34217","1":"page","2":"type-page","3":"status-publish","4":"has-post-thumbnail","6":"category-piattaforme-di-welfare-aziendale","7":"tag-cloud","8":"tag-gestione-del-personale","9":"tag-netchex","10":"tag-piattaforma-di-welfare-aziendale","11":"tag-programma-di-welfare-aziendale","12":"tag-risorse-umane","13":"tag-software-di-welfare-aziendale","14":"tag-soluzione-di-welfare-aziendale"},"wppr_data":{"cwp_meta_box_check":"Yes","cwp_rev_product_name":"","cwp_rev_product_image":"","cwp_image_link":"image","cwp_rev_price":"","wppr_rating":"0.00"},"acf":[],"yoast_head":"<!-- This site is optimized with the Yoast SEO plugin v27.4 - https:\/\/yoast.com\/product\/yoast-seo-wordpress\/ -->\n<title>Netchex: recensione software di welfare aziendale- Accurate Reviews<\/title>\n<meta name=\"description\" content=\"Netchex: recensione soluzione di gestione risorse umane (HR) e salari, basata su cloud e progettata per aziende di tutte le dimensioni.\" \/>\n<meta name=\"robots\" content=\"index, follow, max-snippet:-1, max-image-preview:large, max-video-preview:-1\" \/>\n<link rel=\"canonical\" href=\"https:\/\/www.accuratereviews.com\/it\/piattaforme-di-welfare-aziendale-lista\/netchex-recensione\/\" \/>\n<meta property=\"og:locale\" content=\"it_IT\" \/>\n<meta property=\"og:type\" content=\"article\" \/>\n<meta property=\"og:title\" content=\"Netchex: recensione software di welfare aziendale- Accurate Reviews\" \/>\n<meta property=\"og:description\" content=\"Netchex: recensione soluzione di gestione risorse umane (HR) e salari, basata su cloud e progettata per aziende di tutte le dimensioni.\" \/>\n<meta property=\"og:url\" content=\"https:\/\/www.accuratereviews.com\/it\/piattaforme-di-welfare-aziendale-lista\/netchex-recensione\/\" \/>\n<meta property=\"og:site_name\" content=\"Accurate Reviews\" \/>\n<meta property=\"article:modified_time\" content=\"2021-03-17T11:33:06+00:00\" \/>\n<meta property=\"og:image\" content=\"https:\/\/www.accuratereviews.com\/wp-content\/uploads\/2020\/12\/Netchex-Logo.png\" \/>\n\t<meta property=\"og:image:width\" content=\"3600\" \/>\n\t<meta property=\"og:image:height\" content=\"900\" \/>\n\t<meta property=\"og:image:type\" content=\"image\/png\" \/>\n<meta name=\"twitter:card\" content=\"summary_large_image\" \/>\n<meta name=\"twitter:label1\" content=\"Tempo di lettura stimato\" \/>\n\t<meta name=\"twitter:data1\" content=\"4 minuti\" \/>\n<script type=\"application\/ld+json\" class=\"yoast-schema-graph\">{\"@context\":\"https:\\\/\\\/schema.org\",\"@graph\":[{\"@type\":\"WebPage\",\"@id\":\"https:\\\/\\\/www.accuratereviews.com\\\/it\\\/piattaforme-di-welfare-aziendale-lista\\\/netchex-recensione\\\/\",\"url\":\"https:\\\/\\\/www.accuratereviews.com\\\/it\\\/piattaforme-di-welfare-aziendale-lista\\\/netchex-recensione\\\/\",\"name\":\"Netchex: recensione software di welfare aziendale- Accurate Reviews\",\"isPartOf\":{\"@id\":\"https:\\\/\\\/www.accuratereviews.com\\\/it\\\/#website\"},\"primaryImageOfPage\":{\"@id\":\"https:\\\/\\\/www.accuratereviews.com\\\/it\\\/piattaforme-di-welfare-aziendale-lista\\\/netchex-recensione\\\/#primaryimage\"},\"image\":{\"@id\":\"https:\\\/\\\/www.accuratereviews.com\\\/it\\\/piattaforme-di-welfare-aziendale-lista\\\/netchex-recensione\\\/#primaryimage\"},\"thumbnailUrl\":\"https:\\\/\\\/www.accuratereviews.com\\\/wp-content\\\/uploads\\\/2020\\\/12\\\/Netchex-Logo.png\",\"datePublished\":\"2020-12-24T09:33:43+00:00\",\"dateModified\":\"2021-03-17T11:33:06+00:00\",\"description\":\"Netchex: recensione soluzione di gestione risorse umane (HR) e salari, basata su cloud e progettata per aziende di tutte le dimensioni.\",\"breadcrumb\":{\"@id\":\"https:\\\/\\\/www.accuratereviews.com\\\/it\\\/piattaforme-di-welfare-aziendale-lista\\\/netchex-recensione\\\/#breadcrumb\"},\"inLanguage\":\"it-IT\",\"potentialAction\":[{\"@type\":\"ReadAction\",\"target\":[\"https:\\\/\\\/www.accuratereviews.com\\\/it\\\/piattaforme-di-welfare-aziendale-lista\\\/netchex-recensione\\\/\"]}]},{\"@type\":\"ImageObject\",\"inLanguage\":\"it-IT\",\"@id\":\"https:\\\/\\\/www.accuratereviews.com\\\/it\\\/piattaforme-di-welfare-aziendale-lista\\\/netchex-recensione\\\/#primaryimage\",\"url\":\"https:\\\/\\\/www.accuratereviews.com\\\/wp-content\\\/uploads\\\/2020\\\/12\\\/Netchex-Logo.png\",\"contentUrl\":\"https:\\\/\\\/www.accuratereviews.com\\\/wp-content\\\/uploads\\\/2020\\\/12\\\/Netchex-Logo.png\",\"width\":3600,\"height\":900},{\"@type\":\"BreadcrumbList\",\"@id\":\"https:\\\/\\\/www.accuratereviews.com\\\/it\\\/piattaforme-di-welfare-aziendale-lista\\\/netchex-recensione\\\/#breadcrumb\",\"itemListElement\":[{\"@type\":\"ListItem\",\"position\":1,\"name\":\"Home\",\"item\":\"https:\\\/\\\/www.accuratereviews.com\\\/it\\\/\"},{\"@type\":\"ListItem\",\"position\":2,\"name\":\"Piattaforme di welfare aziendale\",\"item\":\"https:\\\/\\\/www.accuratereviews.com\\\/it\\\/piattaforme-di-welfare-aziendale-lista\\\/\"},{\"@type\":\"ListItem\",\"position\":3,\"name\":\"Netchex\"}]},{\"@type\":\"WebSite\",\"@id\":\"https:\\\/\\\/www.accuratereviews.com\\\/it\\\/#website\",\"url\":\"https:\\\/\\\/www.accuratereviews.com\\\/it\\\/\",\"name\":\"Accurate Reviews\",\"description\":\"\",\"potentialAction\":[{\"@type\":\"SearchAction\",\"target\":{\"@type\":\"EntryPoint\",\"urlTemplate\":\"https:\\\/\\\/www.accuratereviews.com\\\/it\\\/?s={search_term_string}\"},\"query-input\":{\"@type\":\"PropertyValueSpecification\",\"valueRequired\":true,\"valueName\":\"search_term_string\"}}],\"inLanguage\":\"it-IT\"}]}<\/script>\n<!-- \/ Yoast SEO plugin. -->","yoast_head_json":{"title":"Netchex: recensione software di welfare aziendale- Accurate Reviews","description":"Netchex: recensione soluzione di gestione risorse umane (HR) e salari, basata su cloud e progettata per aziende di tutte le dimensioni.","robots":{"index":"index","follow":"follow","max-snippet":"max-snippet:-1","max-image-preview":"max-image-preview:large","max-video-preview":"max-video-preview:-1"},"canonical":"https:\/\/www.accuratereviews.com\/it\/piattaforme-di-welfare-aziendale-lista\/netchex-recensione\/","og_locale":"it_IT","og_type":"article","og_title":"Netchex: recensione software di welfare aziendale- Accurate Reviews","og_description":"Netchex: recensione soluzione di gestione risorse umane (HR) e salari, basata su cloud e progettata per aziende di tutte le dimensioni.","og_url":"https:\/\/www.accuratereviews.com\/it\/piattaforme-di-welfare-aziendale-lista\/netchex-recensione\/","og_site_name":"Accurate Reviews","article_modified_time":"2021-03-17T11:33:06+00:00","og_image":[{"width":3600,"height":900,"url":"https:\/\/www.accuratereviews.com\/wp-content\/uploads\/2020\/12\/Netchex-Logo.png","type":"image\/png"}],"twitter_card":"summary_large_image","twitter_misc":{"Tempo di lettura stimato":"4 minuti"},"schema":{"@context":"https:\/\/schema.org","@graph":[{"@type":"WebPage","@id":"https:\/\/www.accuratereviews.com\/it\/piattaforme-di-welfare-aziendale-lista\/netchex-recensione\/","url":"https:\/\/www.accuratereviews.com\/it\/piattaforme-di-welfare-aziendale-lista\/netchex-recensione\/","name":"Netchex: recensione software di welfare aziendale- Accurate Reviews","isPartOf":{"@id":"https:\/\/www.accuratereviews.com\/it\/#website"},"primaryImageOfPage":{"@id":"https:\/\/www.accuratereviews.com\/it\/piattaforme-di-welfare-aziendale-lista\/netchex-recensione\/#primaryimage"},"image":{"@id":"https:\/\/www.accuratereviews.com\/it\/piattaforme-di-welfare-aziendale-lista\/netchex-recensione\/#primaryimage"},"thumbnailUrl":"https:\/\/www.accuratereviews.com\/wp-content\/uploads\/2020\/12\/Netchex-Logo.png","datePublished":"2020-12-24T09:33:43+00:00","dateModified":"2021-03-17T11:33:06+00:00","description":"Netchex: recensione soluzione di gestione risorse umane (HR) e salari, basata su cloud e progettata per aziende di tutte le dimensioni.","breadcrumb":{"@id":"https:\/\/www.accuratereviews.com\/it\/piattaforme-di-welfare-aziendale-lista\/netchex-recensione\/#breadcrumb"},"inLanguage":"it-IT","potentialAction":[{"@type":"ReadAction","target":["https:\/\/www.accuratereviews.com\/it\/piattaforme-di-welfare-aziendale-lista\/netchex-recensione\/"]}]},{"@type":"ImageObject","inLanguage":"it-IT","@id":"https:\/\/www.accuratereviews.com\/it\/piattaforme-di-welfare-aziendale-lista\/netchex-recensione\/#primaryimage","url":"https:\/\/www.accuratereviews.com\/wp-content\/uploads\/2020\/12\/Netchex-Logo.png","contentUrl":"https:\/\/www.accuratereviews.com\/wp-content\/uploads\/2020\/12\/Netchex-Logo.png","width":3600,"height":900},{"@type":"BreadcrumbList","@id":"https:\/\/www.accuratereviews.com\/it\/piattaforme-di-welfare-aziendale-lista\/netchex-recensione\/#breadcrumb","itemListElement":[{"@type":"ListItem","position":1,"name":"Home","item":"https:\/\/www.accuratereviews.com\/it\/"},{"@type":"ListItem","position":2,"name":"Piattaforme di welfare aziendale","item":"https:\/\/www.accuratereviews.com\/it\/piattaforme-di-welfare-aziendale-lista\/"},{"@type":"ListItem","position":3,"name":"Netchex"}]},{"@type":"WebSite","@id":"https:\/\/www.accuratereviews.com\/it\/#website","url":"https:\/\/www.accuratereviews.com\/it\/","name":"Accurate Reviews","description":"","potentialAction":[{"@type":"SearchAction","target":{"@type":"EntryPoint","urlTemplate":"https:\/\/www.accuratereviews.com\/it\/?s={search_term_string}"},"query-input":{"@type":"PropertyValueSpecification","valueRequired":true,"valueName":"search_term_string"}}],"inLanguage":"it-IT"}]}},"_links":{"self":[{"href":"https:\/\/www.accuratereviews.com\/it\/wp-json\/wp\/v2\/pages\/34217","targetHints":{"allow":["GET"]}}],"collection":[{"href":"https:\/\/www.accuratereviews.com\/it\/wp-json\/wp\/v2\/pages"}],"about":[{"href":"https:\/\/www.accuratereviews.com\/it\/wp-json\/wp\/v2\/types\/page"}],"author":[{"embeddable":true,"href":"https:\/\/www.accuratereviews.com\/it\/wp-json\/wp\/v2\/users\/19"}],"replies":[{"embeddable":true,"href":"https:\/\/www.accuratereviews.com\/it\/wp-json\/wp\/v2\/comments?post=34217"}],"version-history":[{"count":12,"href":"https:\/\/www.accuratereviews.com\/it\/wp-json\/wp\/v2\/pages\/34217\/revisions"}],"predecessor-version":[{"id":36935,"href":"https:\/\/www.accuratereviews.com\/it\/wp-json\/wp\/v2\/pages\/34217\/revisions\/36935"}],"up":[{"embeddable":true,"href":"https:\/\/www.accuratereviews.com\/it\/wp-json\/wp\/v2\/pages\/36208"}],"wp:featuredmedia":[{"embeddable":true,"href":"https:\/\/www.accuratereviews.com\/it\/wp-json\/wp\/v2\/media\/34218"}],"wp:attachment":[{"href":"https:\/\/www.accuratereviews.com\/it\/wp-json\/wp\/v2\/media?parent=34217"}],"wp:term":[{"taxonomy":"category","embeddable":true,"href":"https:\/\/www.accuratereviews.com\/it\/wp-json\/wp\/v2\/categories?post=34217"},{"taxonomy":"post_tag","embeddable":true,"href":"https:\/\/www.accuratereviews.com\/it\/wp-json\/wp\/v2\/tags?post=34217"},{"taxonomy":"features","embeddable":true,"href":"https:\/\/www.accuratereviews.com\/it\/wp-json\/wp\/v2\/features?post=34217"}],"curies":[{"name":"wp","href":"https:\/\/api.w.org\/{rel}","templated":true}]}}