{"id":34231,"date":"2020-12-24T10:57:03","date_gmt":"2020-12-24T10:57:03","guid":{"rendered":"https:\/\/www.accuratereviews.com\/?page_id=34231"},"modified":"2021-03-17T11:33:02","modified_gmt":"2021-03-17T11:33:02","slug":"employee-navigator-recensione","status":"publish","type":"page","link":"https:\/\/www.accuratereviews.com\/it\/piattaforme-di-welfare-aziendale-lista\/employee-navigator-recensione\/","title":{"rendered":"Employee Navigator"},"content":{"rendered":"<p><strong>Employee Navigator<\/strong> \u00e8 una soluzione all-in-one di <strong>welfare aziendale<\/strong> basata su <strong>cloud<\/strong> e la <strong>gestione delle risorse umane<\/strong> progettata per fornire vantaggi e gestione delle risorse umane per aziende di tutte le dimensioni. Collaborando con broker assicurativi e vettori, il software consente al reparto risorse umane di offrire pacchetti di benefit completi e semplificare le operazioni di amministrazione dei dipendenti. Altre caratteristiche chiave includono l&#8217;inserimento dei dipendenti, l&#8217;integrazione del libro paga e l&#8217;accesso self-service. L&#8217;amministrazione dei vantaggi consente ai membri del team di gestire e monitorare facilmente i vantaggi per tutti i dipendenti tramite una dashboard online. <strong>Employee Navigator<\/strong> consente inoltre alle risorse umane e ai manager di approvare i giorni del PTO, configurare la politica del PTO, impostare le ferie aziendali e rivedere la cronologia dei turni.<\/p>\n<h2>EMPLOYEE NAVIGATOR &#8211; TUTORIAL<\/h2>\n<p>Il tutorial che segue mostra come i dipendenti <span class=\"JLqJ4b ChMk0b\" data-language-for-alternatives=\"it\" data-language-to-translate-into=\"en\" data-phrase-index=\"1\">\u00a0possono iscriversi ai vantaggi, visualizzare articoli sulla conformit\u00e0 e richiedere una pausa, tutto sul proprio dispositivo mobile:<\/span><\/p>\n<div id=\"fluid-wrapper-counter-1\" class=\"g1-fluid-wrapper \" style=\"width:686px;\">\n<div style=\"padding-bottom:56.268221574344%;\"><iframe loading=\"lazy\" title=\"Employee Navigator for Mobile\" width=\"686\" height=\"386\" src=\"https:\/\/www.youtube.com\/embed\/cGqIBWX-ANc?feature=oembed&amp;wmode=transparent&amp;autohide=1&amp;autoplay=0&amp;disablekb=0&amp;fs=1&amp;loop=0&amp;enablejsapi=1&amp;rel=0&amp;controls=2&amp;showinfo=0&amp;wmode=transparent&amp;autohide=2&amp;autoplay=0&amp;disablekb=0&amp;fs=1&amp;loop=0&amp;enablejsapi=1&amp;rel=0&amp;controls=2&amp;showinfo=1\" frameborder=\"0\" allow=\"accelerometer; autoplay; clipboard-write; encrypted-media; gyroscope; picture-in-picture\" allowfullscreen><\/iframe><\/div>\n<\/div>\n<h3>EMPLOYEE NAVIGATOR &#8211; CARATTERISTICHE<\/h3>\n<ul>\n<li>Ottieni nuovi assunti iscritti rapidamente<\/li>\n<li><span class=\"JLqJ4b\" data-language-for-alternatives=\"it\" data-language-to-translate-into=\"en\" data-phrase-index=\"1\"><span class=\"JLqJ4b ChMk0b\" data-language-for-alternatives=\"it\" data-language-to-translate-into=\"en\" data-phrase-index=\"2\">Confronta e seleziona i piani <\/span><\/span><\/li>\n<li><span class=\"JLqJ4b\" data-language-for-alternatives=\"it\" data-language-to-translate-into=\"en\" data-phrase-index=\"1\"><span class=\"JLqJ4b ChMk0b\" data-language-for-alternatives=\"it\" data-language-to-translate-into=\"en\" data-phrase-index=\"2\">Rivedi lo stato di copertura per tutti i dipendenti<\/span><\/span><\/li>\n<li><span class=\"JLqJ4b\" data-language-for-alternatives=\"it\" data-language-to-translate-into=\"en\" data-phrase-index=\"1\"><span class=\"JLqJ4b ChMk0b\" data-language-for-alternatives=\"it\" data-language-to-translate-into=\"en\" data-phrase-index=\"2\">Monitora lo stato di iscrizione dei dipendenti e le scadenze <\/span><\/span><\/li>\n<li><span class=\"JLqJ4b\" data-language-for-alternatives=\"it\" data-language-to-translate-into=\"en\" data-phrase-index=\"1\"><span class=\"JLqJ4b ChMk0b\" data-language-for-alternatives=\"it\" data-language-to-translate-into=\"en\" data-phrase-index=\"2\">Gestisci i livelli di contribuzione <\/span><\/span><\/li>\n<li><span class=\"JLqJ4b\" data-language-for-alternatives=\"it\" data-language-to-translate-into=\"en\" data-phrase-index=\"1\"><span class=\"JLqJ4b ChMk0b\" data-language-for-alternatives=\"it\" data-language-to-translate-into=\"en\" data-phrase-index=\"2\">Archivia, rivedi e riconosci i documenti importanti del piano<\/span><\/span><\/li>\n<li>Modernizza la formazione, migliora la sicurezza sul posto di lavoro e riduci i costi di compensazione dei lavoratori<\/li>\n<li>Le attivit\u00e0 di benefit possono essere gestite senza problemi anche online<\/li>\n<li><span class=\"JLqJ4b\" data-language-for-alternatives=\"it\" data-language-to-translate-into=\"en\" data-phrase-index=\"1\"><span class=\"JLqJ4b ChMk0b\" data-language-for-alternatives=\"it\" data-language-to-translate-into=\"en\" data-phrase-index=\"2\">Configura le festivit\u00e0 aziendali <\/span><\/span><\/li>\n<li><span class=\"JLqJ4b\" data-language-for-alternatives=\"it\" data-language-to-translate-into=\"en\" data-phrase-index=\"1\"><span class=\"JLqJ4b ChMk0b\" data-language-for-alternatives=\"it\" data-language-to-translate-into=\"en\" data-phrase-index=\"2\">Garantisci ratei accurati <\/span><\/span><\/li>\n<li><span class=\"JLqJ4b\" data-language-for-alternatives=\"it\" data-language-to-translate-into=\"en\" data-phrase-index=\"1\"><span class=\"JLqJ4b ChMk0b\" data-language-for-alternatives=\"it\" data-language-to-translate-into=\"en\" data-phrase-index=\"2\">Rivedi la cronologia dei tempi di riposo della tua squadra<\/span><\/span><\/li>\n<li>Tieni traccia di tutte le vacanze aziendali<\/li>\n<\/ul>\n<h4>LE RECENSIONI DEGLI UTENTI<\/h4>\n<h4 class=\"font-weight-bold mb-1 d-flex align-items-center\">Jake M.&#8221;EN recensione&#8221;<\/h4>\n<p><strong>Commenti: <\/strong>Nel complesso \u00e8 stato fantastico imparare e usare l&#8217;EN. Spesso diciamo ai nostri clienti che \u00e8 la &#8220;Ferrari&#8221; di Ben. sistemi di amministrazione e questo perch\u00e9 crediamo che lo sia. Crediamo che abbiano investito tempo e ricerca per realizzare un prodotto di qualit\u00e0 che, soprattutto per il costo, \u00e8 ottimo per noi e per i nostri clienti. Sebbene il sistema non possa fare tutto, pu\u00f2 fare molte cose e semplifica l&#8217;amministrazione dei benefici.<\/p>\n<p><strong>Vantaggi: <\/strong>Amo la facilit\u00e0 d&#8217;uso. Come professionista non IT, \u00e8 stato facile imparare ed \u00e8 facile creare i nostri gruppi.<\/p>\n<p><strong>In<\/strong><strong>convenienti: <\/strong>\u00c8 un sistema basato su &#8220;regole&#8221;, quindi ci sono alcune funzioni che EN non pu\u00f2 fare per ci\u00f2 di cui abbiamo bisogno.<\/p>\n<h4 class=\"font-weight-bold mb-1 d-flex align-items-center\">Jeremy C.&#8221;Soluzione di amministrazione di grandi vantaggi per i clienti&#8221;<\/h4>\n<p><strong>Vantaggi: <\/strong>Employee Navigator si aggiorna costantemente con le richieste della community per migliorare la propria tecnologia e soddisfare le esigenze di tutti i clienti.<\/p>\n<p><strong>Inconvenienti: <\/strong>Alcuni dei moduli aggiuntivi, come onboarding e PTO, non possono competere con altre soluzioni premium sul mercato.<\/p>\n<h4 class=\"font-weight-bold mb-1 d-flex align-items-center\">Kim B.&#8221;La migliore partnership di sempre!&#8221;<\/h4>\n<p><strong>Commenti: <\/strong>Una delle migliori scelte che abbiamo mai fatto riguardo a un venditore. Abbiamo intervistato e in realt\u00e0 abbiamo trascorso molti mesi a lavorare con altri importanti fornitori prima di apportare una modifica totale a Employee Navigator. Non ci siamo mai pentiti di questo cambiamento. Nel complesso un&#8217;esperienza eccezionale per noi e per i nostri clienti.<\/p>\n<p><strong>Vantaggi: <\/strong>Questa \u00e8 una piattaforma molto facile da capire con molte opzioni che le consentono di funzionare per una moltitudine di esigenze dei clienti. I cambiamenti nel settore si verificano frequentemente e Employee Navigator (EN) \u00e8 in cima a questi cambiamenti e la piattaforma viene aggiornata quasi immediatamente. IT non aspetta per rilasciare nuove versioni. I miglioramenti si verificano continuamente. \u00c8 evidente che EN impiega programmatori di prim&#8217;ordine e team di consulenza.<\/p>\n<p><strong>Inconvenienti: <\/strong>A volte questo prodotto non soddisfa il 100% delle esigenze dei nostri clienti. Quando comincio a pensare che forse dovrebbe, ricordo quanto sia ingombrante un prodotto per soddisfare ogni singola eccezione del piano. Mi ricorda che la facilit\u00e0 d&#8217;uso \u00e8 molto pi\u00f9 importante per noi e per i nostri clienti.<\/p>\n","protected":false},"excerpt":{"rendered":"<p>Employee Navigator \u00e8 una soluzione all-in-one di welfare aziendale basata su cloud e la gestione delle risorse umane progettata per fornire vantaggi e gestione delle risorse umane per aziende di tutte le dimensioni. Collaborando con broker assicurativi e vettori, il software consente al reparto risorse umane di offrire pacchetti di benefit completi e semplificare le operazioni di amministrazione dei dipendenti.<\/p>\n","protected":false},"author":19,"featured_media":34236,"parent":36208,"menu_order":0,"comment_status":"open","ping_status":"closed","template":"g1_template_page_review_new.php","meta":{"_acf_changed":false,"cwp_meta_box_check":"Yes","cwp_rev_product_name":"","cwp_rev_product_image":"","wppr_links":[],"cwp_rev_price":"","wppr_options":[],"wppr_pros":[],"wppr_cons":[],"_monsterinsights_skip_tracking":false,"_monsterinsights_sitenote_active":false,"_monsterinsights_sitenote_note":"","_monsterinsights_sitenote_category":0,"footnotes":""},"categories":[4480],"tags":[396,4579,4497,4481,4483,4496,4482,4484],"features":[],"class_list":{"0":"post-34231","1":"page","2":"type-page","3":"status-publish","4":"has-post-thumbnail","6":"category-piattaforme-di-welfare-aziendale","7":"tag-cloud","8":"tag-employee-navigator","9":"tag-gestione-risorse-umane","10":"tag-piattaforma-di-welfare-aziendale","11":"tag-programma-di-welfare-aziendale","12":"tag-risorse-umane","13":"tag-software-di-welfare-aziendale","14":"tag-soluzione-di-welfare-aziendale"},"wppr_data":{"cwp_meta_box_check":"Yes","cwp_rev_product_name":"","cwp_rev_product_image":"","cwp_image_link":"image","cwp_rev_price":"","wppr_rating":"0.00"},"acf":[],"yoast_head":"<!-- This site is optimized with the Yoast SEO plugin v27.4 - https:\/\/yoast.com\/product\/yoast-seo-wordpress\/ -->\n<title>Employee Navigator: recensione software di welfare aziendale<\/title>\n<meta name=\"description\" content=\"Employee Navigator: recensione soluzione all-in-one di welfare aziendale basata su cloud per la gestione delle risorse umane.\" \/>\n<meta name=\"robots\" content=\"index, follow, max-snippet:-1, max-image-preview:large, max-video-preview:-1\" \/>\n<link rel=\"canonical\" href=\"https:\/\/www.accuratereviews.com\/it\/piattaforme-di-welfare-aziendale-lista\/employee-navigator-recensione\/\" \/>\n<meta property=\"og:locale\" content=\"it_IT\" \/>\n<meta property=\"og:type\" content=\"article\" \/>\n<meta property=\"og:title\" content=\"Employee Navigator: recensione software di welfare aziendale\" \/>\n<meta property=\"og:description\" content=\"Employee Navigator: recensione soluzione all-in-one di welfare aziendale basata su cloud per la gestione delle risorse umane.\" \/>\n<meta property=\"og:url\" content=\"https:\/\/www.accuratereviews.com\/it\/piattaforme-di-welfare-aziendale-lista\/employee-navigator-recensione\/\" \/>\n<meta property=\"og:site_name\" content=\"Accurate Reviews\" \/>\n<meta property=\"article:modified_time\" content=\"2021-03-17T11:33:02+00:00\" \/>\n<meta property=\"og:image\" content=\"https:\/\/www.accuratereviews.com\/wp-content\/uploads\/2020\/12\/employee-navigator-1.jpg\" \/>\n\t<meta property=\"og:image:width\" content=\"1745\" \/>\n\t<meta property=\"og:image:height\" content=\"538\" \/>\n\t<meta property=\"og:image:type\" content=\"image\/jpeg\" \/>\n<meta name=\"twitter:card\" content=\"summary_large_image\" \/>\n<meta name=\"twitter:label1\" content=\"Tempo di lettura stimato\" \/>\n\t<meta name=\"twitter:data1\" content=\"3 minuti\" \/>\n<script type=\"application\/ld+json\" class=\"yoast-schema-graph\">{\"@context\":\"https:\\\/\\\/schema.org\",\"@graph\":[{\"@type\":\"WebPage\",\"@id\":\"https:\\\/\\\/www.accuratereviews.com\\\/it\\\/piattaforme-di-welfare-aziendale-lista\\\/employee-navigator-recensione\\\/\",\"url\":\"https:\\\/\\\/www.accuratereviews.com\\\/it\\\/piattaforme-di-welfare-aziendale-lista\\\/employee-navigator-recensione\\\/\",\"name\":\"Employee Navigator: recensione software di welfare aziendale\",\"isPartOf\":{\"@id\":\"https:\\\/\\\/www.accuratereviews.com\\\/it\\\/#website\"},\"primaryImageOfPage\":{\"@id\":\"https:\\\/\\\/www.accuratereviews.com\\\/it\\\/piattaforme-di-welfare-aziendale-lista\\\/employee-navigator-recensione\\\/#primaryimage\"},\"image\":{\"@id\":\"https:\\\/\\\/www.accuratereviews.com\\\/it\\\/piattaforme-di-welfare-aziendale-lista\\\/employee-navigator-recensione\\\/#primaryimage\"},\"thumbnailUrl\":\"https:\\\/\\\/www.accuratereviews.com\\\/wp-content\\\/uploads\\\/2020\\\/12\\\/employee-navigator-1.jpg\",\"datePublished\":\"2020-12-24T10:57:03+00:00\",\"dateModified\":\"2021-03-17T11:33:02+00:00\",\"description\":\"Employee Navigator: recensione soluzione all-in-one di welfare aziendale basata su cloud per la gestione delle risorse umane.\",\"breadcrumb\":{\"@id\":\"https:\\\/\\\/www.accuratereviews.com\\\/it\\\/piattaforme-di-welfare-aziendale-lista\\\/employee-navigator-recensione\\\/#breadcrumb\"},\"inLanguage\":\"it-IT\",\"potentialAction\":[{\"@type\":\"ReadAction\",\"target\":[\"https:\\\/\\\/www.accuratereviews.com\\\/it\\\/piattaforme-di-welfare-aziendale-lista\\\/employee-navigator-recensione\\\/\"]}]},{\"@type\":\"ImageObject\",\"inLanguage\":\"it-IT\",\"@id\":\"https:\\\/\\\/www.accuratereviews.com\\\/it\\\/piattaforme-di-welfare-aziendale-lista\\\/employee-navigator-recensione\\\/#primaryimage\",\"url\":\"https:\\\/\\\/www.accuratereviews.com\\\/wp-content\\\/uploads\\\/2020\\\/12\\\/employee-navigator-1.jpg\",\"contentUrl\":\"https:\\\/\\\/www.accuratereviews.com\\\/wp-content\\\/uploads\\\/2020\\\/12\\\/employee-navigator-1.jpg\",\"width\":1745,\"height\":538},{\"@type\":\"BreadcrumbList\",\"@id\":\"https:\\\/\\\/www.accuratereviews.com\\\/it\\\/piattaforme-di-welfare-aziendale-lista\\\/employee-navigator-recensione\\\/#breadcrumb\",\"itemListElement\":[{\"@type\":\"ListItem\",\"position\":1,\"name\":\"Home\",\"item\":\"https:\\\/\\\/www.accuratereviews.com\\\/it\\\/\"},{\"@type\":\"ListItem\",\"position\":2,\"name\":\"Piattaforme di welfare aziendale\",\"item\":\"https:\\\/\\\/www.accuratereviews.com\\\/it\\\/piattaforme-di-welfare-aziendale-lista\\\/\"},{\"@type\":\"ListItem\",\"position\":3,\"name\":\"Employee Navigator\"}]},{\"@type\":\"WebSite\",\"@id\":\"https:\\\/\\\/www.accuratereviews.com\\\/it\\\/#website\",\"url\":\"https:\\\/\\\/www.accuratereviews.com\\\/it\\\/\",\"name\":\"Accurate Reviews\",\"description\":\"\",\"potentialAction\":[{\"@type\":\"SearchAction\",\"target\":{\"@type\":\"EntryPoint\",\"urlTemplate\":\"https:\\\/\\\/www.accuratereviews.com\\\/it\\\/?s={search_term_string}\"},\"query-input\":{\"@type\":\"PropertyValueSpecification\",\"valueRequired\":true,\"valueName\":\"search_term_string\"}}],\"inLanguage\":\"it-IT\"}]}<\/script>\n<!-- \/ Yoast SEO plugin. -->","yoast_head_json":{"title":"Employee Navigator: recensione software di welfare aziendale","description":"Employee Navigator: recensione soluzione all-in-one di welfare aziendale basata su cloud per la gestione delle risorse umane.","robots":{"index":"index","follow":"follow","max-snippet":"max-snippet:-1","max-image-preview":"max-image-preview:large","max-video-preview":"max-video-preview:-1"},"canonical":"https:\/\/www.accuratereviews.com\/it\/piattaforme-di-welfare-aziendale-lista\/employee-navigator-recensione\/","og_locale":"it_IT","og_type":"article","og_title":"Employee Navigator: recensione software di welfare aziendale","og_description":"Employee Navigator: recensione soluzione all-in-one di welfare aziendale basata su cloud per la gestione delle risorse umane.","og_url":"https:\/\/www.accuratereviews.com\/it\/piattaforme-di-welfare-aziendale-lista\/employee-navigator-recensione\/","og_site_name":"Accurate Reviews","article_modified_time":"2021-03-17T11:33:02+00:00","og_image":[{"width":1745,"height":538,"url":"https:\/\/www.accuratereviews.com\/wp-content\/uploads\/2020\/12\/employee-navigator-1.jpg","type":"image\/jpeg"}],"twitter_card":"summary_large_image","twitter_misc":{"Tempo di lettura stimato":"3 minuti"},"schema":{"@context":"https:\/\/schema.org","@graph":[{"@type":"WebPage","@id":"https:\/\/www.accuratereviews.com\/it\/piattaforme-di-welfare-aziendale-lista\/employee-navigator-recensione\/","url":"https:\/\/www.accuratereviews.com\/it\/piattaforme-di-welfare-aziendale-lista\/employee-navigator-recensione\/","name":"Employee Navigator: recensione software di welfare aziendale","isPartOf":{"@id":"https:\/\/www.accuratereviews.com\/it\/#website"},"primaryImageOfPage":{"@id":"https:\/\/www.accuratereviews.com\/it\/piattaforme-di-welfare-aziendale-lista\/employee-navigator-recensione\/#primaryimage"},"image":{"@id":"https:\/\/www.accuratereviews.com\/it\/piattaforme-di-welfare-aziendale-lista\/employee-navigator-recensione\/#primaryimage"},"thumbnailUrl":"https:\/\/www.accuratereviews.com\/wp-content\/uploads\/2020\/12\/employee-navigator-1.jpg","datePublished":"2020-12-24T10:57:03+00:00","dateModified":"2021-03-17T11:33:02+00:00","description":"Employee Navigator: recensione soluzione all-in-one di welfare aziendale basata su cloud per la gestione delle risorse umane.","breadcrumb":{"@id":"https:\/\/www.accuratereviews.com\/it\/piattaforme-di-welfare-aziendale-lista\/employee-navigator-recensione\/#breadcrumb"},"inLanguage":"it-IT","potentialAction":[{"@type":"ReadAction","target":["https:\/\/www.accuratereviews.com\/it\/piattaforme-di-welfare-aziendale-lista\/employee-navigator-recensione\/"]}]},{"@type":"ImageObject","inLanguage":"it-IT","@id":"https:\/\/www.accuratereviews.com\/it\/piattaforme-di-welfare-aziendale-lista\/employee-navigator-recensione\/#primaryimage","url":"https:\/\/www.accuratereviews.com\/wp-content\/uploads\/2020\/12\/employee-navigator-1.jpg","contentUrl":"https:\/\/www.accuratereviews.com\/wp-content\/uploads\/2020\/12\/employee-navigator-1.jpg","width":1745,"height":538},{"@type":"BreadcrumbList","@id":"https:\/\/www.accuratereviews.com\/it\/piattaforme-di-welfare-aziendale-lista\/employee-navigator-recensione\/#breadcrumb","itemListElement":[{"@type":"ListItem","position":1,"name":"Home","item":"https:\/\/www.accuratereviews.com\/it\/"},{"@type":"ListItem","position":2,"name":"Piattaforme di welfare aziendale","item":"https:\/\/www.accuratereviews.com\/it\/piattaforme-di-welfare-aziendale-lista\/"},{"@type":"ListItem","position":3,"name":"Employee Navigator"}]},{"@type":"WebSite","@id":"https:\/\/www.accuratereviews.com\/it\/#website","url":"https:\/\/www.accuratereviews.com\/it\/","name":"Accurate Reviews","description":"","potentialAction":[{"@type":"SearchAction","target":{"@type":"EntryPoint","urlTemplate":"https:\/\/www.accuratereviews.com\/it\/?s={search_term_string}"},"query-input":{"@type":"PropertyValueSpecification","valueRequired":true,"valueName":"search_term_string"}}],"inLanguage":"it-IT"}]}},"_links":{"self":[{"href":"https:\/\/www.accuratereviews.com\/it\/wp-json\/wp\/v2\/pages\/34231","targetHints":{"allow":["GET"]}}],"collection":[{"href":"https:\/\/www.accuratereviews.com\/it\/wp-json\/wp\/v2\/pages"}],"about":[{"href":"https:\/\/www.accuratereviews.com\/it\/wp-json\/wp\/v2\/types\/page"}],"author":[{"embeddable":true,"href":"https:\/\/www.accuratereviews.com\/it\/wp-json\/wp\/v2\/users\/19"}],"replies":[{"embeddable":true,"href":"https:\/\/www.accuratereviews.com\/it\/wp-json\/wp\/v2\/comments?post=34231"}],"version-history":[{"count":11,"href":"https:\/\/www.accuratereviews.com\/it\/wp-json\/wp\/v2\/pages\/34231\/revisions"}],"predecessor-version":[{"id":36916,"href":"https:\/\/www.accuratereviews.com\/it\/wp-json\/wp\/v2\/pages\/34231\/revisions\/36916"}],"up":[{"embeddable":true,"href":"https:\/\/www.accuratereviews.com\/it\/wp-json\/wp\/v2\/pages\/36208"}],"wp:featuredmedia":[{"embeddable":true,"href":"https:\/\/www.accuratereviews.com\/it\/wp-json\/wp\/v2\/media\/34236"}],"wp:attachment":[{"href":"https:\/\/www.accuratereviews.com\/it\/wp-json\/wp\/v2\/media?parent=34231"}],"wp:term":[{"taxonomy":"category","embeddable":true,"href":"https:\/\/www.accuratereviews.com\/it\/wp-json\/wp\/v2\/categories?post=34231"},{"taxonomy":"post_tag","embeddable":true,"href":"https:\/\/www.accuratereviews.com\/it\/wp-json\/wp\/v2\/tags?post=34231"},{"taxonomy":"features","embeddable":true,"href":"https:\/\/www.accuratereviews.com\/it\/wp-json\/wp\/v2\/features?post=34231"}],"curies":[{"name":"wp","href":"https:\/\/api.w.org\/{rel}","templated":true}]}}