{"id":34321,"date":"2020-12-28T15:28:22","date_gmt":"2020-12-28T15:28:22","guid":{"rendered":"https:\/\/www.accuratereviews.com\/?page_id=34321"},"modified":"2021-03-17T11:33:08","modified_gmt":"2021-03-17T11:33:08","slug":"peoplekeep-recensione","status":"publish","type":"page","link":"https:\/\/www.accuratereviews.com\/it\/piattaforme-di-welfare-aziendale-lista\/peoplekeep-recensione\/","title":{"rendered":"PeopleKeep"},"content":{"rendered":"<p><strong>PeopleKeep<\/strong> \u00e8 una soluzione basata su <strong>cloud<\/strong> progettata per aiutare le piccole imprese ad automatizzare e gestire i processi relativi ai benefici per i dipendenti, inclusi i rimborsi trasferte, assicurazione sanitaria e altre spese. La piattaforma centralizzata consente alle aziende di impostare budget mensili per i membri del personale e consente ai dipendenti di scegliere piani di benefit in base alle loro esigenze. Inoltre, il programma esamina le richieste di rimborso medico per ciascun dipendente in conformit\u00e0 con le <strong>normative HIPAA<\/strong> e consente ai datori di lavoro di fornire vantaggi personalizzati (QSEHRA). Consente inoltre ai dipendenti di caricare le immagini delle ricevute di spesa tramite dispositivi mobili o computer e di inviarle per la revisione per ricevere i rimborsi dai datori di lavoro sulle buste paga.<\/p>\n<h2>PEOPLEKEEP &#8211; TUTORIAL<\/h2>\n<p><span class=\"JLqJ4b ChMk0b\" data-language-for-alternatives=\"it\" data-language-to-translate-into=\"en\" data-phrase-index=\"1\">Nel video imparerai come questo <strong>software\u00a0di welfare aziendale<\/strong> si distingue dagli altri per aiutarti a fornire benefici per i tuoi dipendenti:<\/span><\/p>\n<div id=\"fluid-wrapper-counter-1\" class=\"g1-fluid-wrapper \" style=\"width:686px;\">\n<div style=\"padding-bottom:56.268221574344%;\"><iframe loading=\"lazy\" title=\"Why Choose PeopleKeep? - Hassle-free health benefits\" width=\"686\" height=\"386\" src=\"https:\/\/www.youtube.com\/embed\/hO-k_BR1keI?feature=oembed&amp;wmode=transparent&amp;autohide=1&amp;autoplay=0&amp;disablekb=0&amp;fs=1&amp;loop=0&amp;enablejsapi=1&amp;rel=0&amp;controls=2&amp;showinfo=0&amp;wmode=transparent&amp;autohide=2&amp;autoplay=0&amp;disablekb=0&amp;fs=1&amp;loop=0&amp;enablejsapi=1&amp;rel=0&amp;controls=2&amp;showinfo=1\" frameborder=\"0\" allow=\"accelerometer; autoplay; clipboard-write; encrypted-media; gyroscope; picture-in-picture\" allowfullscreen><\/iframe><\/div>\n<\/div>\n<h3>PEOPLEKEEP &#8211; CARATTERISTICHE<\/h3>\n<ul>\n<li>Designer di vantaggi<\/li>\n<li><span class=\"JLqJ4b\" data-language-for-alternatives=\"it\" data-language-to-translate-into=\"en\" data-phrase-index=\"1\"><span class=\"JLqJ4b ChMk0b\" data-language-for-alternatives=\"it\" data-language-to-translate-into=\"en\" data-phrase-index=\"2\">Documenti legali istantanei <\/span><\/span><\/li>\n<li><span class=\"JLqJ4b\" data-language-for-alternatives=\"it\" data-language-to-translate-into=\"en\" data-phrase-index=\"1\"><span class=\"JLqJ4b ChMk0b\" data-language-for-alternatives=\"it\" data-language-to-translate-into=\"en\" data-phrase-index=\"2\">Tracciabilit\u00e0 elettronica dei documenti <\/span><\/span><\/li>\n<li><span class=\"JLqJ4b\" data-language-for-alternatives=\"it\" data-language-to-translate-into=\"en\" data-phrase-index=\"1\"><span class=\"JLqJ4b ChMk0b\" data-language-for-alternatives=\"it\" data-language-to-translate-into=\"en\" data-phrase-index=\"2\">Revisione dei documenti<\/span><\/span><\/li>\n<li><span class=\"JLqJ4b\" data-language-for-alternatives=\"it\" data-language-to-translate-into=\"en\" data-phrase-index=\"1\"><span class=\"JLqJ4b ChMk0b\" data-language-for-alternatives=\"it\" data-language-to-translate-into=\"en\" data-phrase-index=\"2\">Monitoraggio automatico dei rimborsi <\/span><\/span><\/li>\n<li><span class=\"JLqJ4b\" data-language-for-alternatives=\"it\" data-language-to-translate-into=\"en\" data-phrase-index=\"1\"><span class=\"JLqJ4b ChMk0b\" data-language-for-alternatives=\"it\" data-language-to-translate-into=\"en\" data-phrase-index=\"2\">Assistenza clienti con un clic <\/span><\/span><\/li>\n<li><span class=\"JLqJ4b\" data-language-for-alternatives=\"it\" data-language-to-translate-into=\"en\" data-phrase-index=\"1\"><span class=\"JLqJ4b ChMk0b\" data-language-for-alternatives=\"it\" data-language-to-translate-into=\"en\" data-phrase-index=\"2\">Mobile friendly <\/span><\/span><\/li>\n<li><span class=\"JLqJ4b\" data-language-for-alternatives=\"it\" data-language-to-translate-into=\"en\" data-phrase-index=\"1\"><span class=\"JLqJ4b ChMk0b\" data-language-for-alternatives=\"it\" data-language-to-translate-into=\"en\" data-phrase-index=\"2\">Conforme HIPAA<\/span><\/span><\/li>\n<li>Rapporti accurati<\/li>\n<\/ul>\n<h4>LE RECENSIONI DEGLI UTENTI<\/h4>\n<h4 class=\"font-weight-bold mb-1 d-flex align-items-center\">Sheridan V.&#8221;Partner alliance manager @ PeopleKeep.com&#8221;<\/h4>\n<p><strong>Commenti: <\/strong>Superba interazione<\/p>\n<p><strong>Vantaggi: <\/strong>Mi ha guidato attraverso l&#8217;intero processo di onboarding e come continuare ad andare avanti. Molto pulito, paziente, conoscenza meravigliosa e qualit\u00e0 della voce. Tutto questo il giorno prima del ringraziamento! Questa azienda sembra reclutato giovani qualificati. Questa \u00e8 una boccata d&#8217;aria chiaramente fresca.<\/p>\n<p><strong>Inconvenienti: <\/strong>Nessuno di cui sono a conoscenza in questo momento aggiorner\u00f2 quando avr\u00f2 utilizzato meglio il software.<\/p>\n<h4 class=\"font-weight-bold mb-1 d-flex align-items-center\">Jessica M.&#8221;Ottimo programma per i tuoi benefici per la salute!&#8221;<\/h4>\n<p><strong>Commenti: <\/strong>Che meraviglioso gruppo di persone. Il servizio clienti ai nostri dipendenti \u00e8 fuori scala e il servizio che hanno offerto alla nostra azienda ci ha permesso di avere una sorta di beneficio per la salute. Super felice di aver collaborato con PK!<\/p>\n<p><strong>Vantaggi: <\/strong>Quanto \u00e8 fuori luogo per un datore di lavoro. Approvare una ricevuta per l&#8217;assistenza sanitaria non era qualcosa che volevo fare. Volendo mantenere i dipendenti sanitari privati, questo sembrava adattarsi molto bene per noi mentre inviano le loro ricevute a un&#8217;azienda che approva \/ nega. L&#8217;unica cosa che devo fare \u00e8 rimborsare.<\/p>\n<p><strong>Inconvenienti: <\/strong>Vorrei che il programma si collegasse al nostro programma principale che usiamo per l&#8217;onboarding e la terminazione in modo da non dovermi ricordare di accedere a PK per caricare o eliminare un dipendente. Me ne sono decisamente dimenticato!<\/p>\n<h4 class=\"font-weight-bold mb-1 d-flex align-items-center\">Heather S.&#8221;Amo PeopleKeep&#8221;<\/h4>\n<p><strong>Commenti: <\/strong>Poich\u00e9 la nostra azienda non offre assicurazioni, PeopleKeep \u00e8 ottimo perch\u00e9 la mia azienda pu\u00f2 offrirmi rimborsi per le mie spese mediche.<\/p>\n<p><strong>Vantaggi: <\/strong>Quello che mi piace di PeopleKeep \u00e8 che fanno esattamente quello che dicono di fare. Il mio lavoro non ha benefici assicurativi. PeopleKeep \u00e8 stato offerto come incentivo ed \u00e8 fantastico. Vengo rimborsato per le mie spese mediche e PeopleKeep fa tutto il lavoro per la nostra azienda. \u00c8 conforme a HIPPA, quindi il mio capo non deve sapere della mia storia medica. Enorme vantaggio. E rendono super facile presentare un reclamo. Rispondi semplicemente ad alcune domande e trascini le ricevute e il gioco \u00e8 fatto.<\/p>\n<p><strong>Inconvenienti: <\/strong>Finora non ci sono svantaggi. La configurazione \u00e8 stata un gioco da ragazzi. Usare il servizio \u00e8 un gioco da ragazzi. Nessun contro.<\/p>\n<p>&nbsp;<\/p>\n","protected":false},"excerpt":{"rendered":"<p>PeopleKeep \u00e8 una soluzione basata su cloud progettata per aiutare le piccole imprese ad automatizzare e gestire i processi relativi ai benefici per i dipendenti, inclusi i rimborsi trasferte, assicurazione sanitaria e altre spese. La piattaforma centralizzata consente alle aziende di impostare budget mensili per i membri del personale e consente ai dipendenti di scegliere piani di benefit in base alle loro esigenze.<\/p>\n","protected":false},"author":19,"featured_media":34324,"parent":36208,"menu_order":0,"comment_status":"open","ping_status":"closed","template":"g1_template_page_review_new.php","meta":{"_acf_changed":false,"cwp_meta_box_check":"Yes","cwp_rev_product_name":"","cwp_rev_product_image":"","wppr_links":[],"cwp_rev_price":"","wppr_options":[],"wppr_pros":[],"wppr_cons":[],"_monsterinsights_skip_tracking":false,"_monsterinsights_sitenote_active":false,"_monsterinsights_sitenote_note":"","_monsterinsights_sitenote_category":0,"footnotes":""},"categories":[4480],"tags":[396,4505,4497,4587,4481,4483,4496,4482,4484],"features":[],"class_list":{"0":"post-34321","1":"page","2":"type-page","3":"status-publish","4":"has-post-thumbnail","6":"category-piattaforme-di-welfare-aziendale","7":"tag-cloud","8":"tag-gestione-personale","9":"tag-gestione-risorse-umane","10":"tag-peoplekeep","11":"tag-piattaforma-di-welfare-aziendale","12":"tag-programma-di-welfare-aziendale","13":"tag-risorse-umane","14":"tag-software-di-welfare-aziendale","15":"tag-soluzione-di-welfare-aziendale"},"wppr_data":{"cwp_meta_box_check":"Yes","cwp_rev_product_name":"","cwp_rev_product_image":"","cwp_image_link":"image","cwp_rev_price":"","wppr_rating":"0.00"},"acf":[],"yoast_head":"<!-- This site is optimized with the Yoast SEO plugin v27.4 - https:\/\/yoast.com\/product\/yoast-seo-wordpress\/ -->\n<title>PeopleKeep: recensione software di welfare aziendale - Accurate Reviews<\/title>\n<meta name=\"description\" content=\"PeopleKeep: recensione soluzione welfare aziendale basata su cloud progettata per automatizzare e gestire i processi relativi ai dipendenti.\" \/>\n<meta name=\"robots\" content=\"index, follow, max-snippet:-1, max-image-preview:large, max-video-preview:-1\" \/>\n<link rel=\"canonical\" href=\"https:\/\/www.accuratereviews.com\/it\/piattaforme-di-welfare-aziendale-lista\/peoplekeep-recensione\/\" \/>\n<meta property=\"og:locale\" content=\"it_IT\" \/>\n<meta property=\"og:type\" content=\"article\" \/>\n<meta property=\"og:title\" content=\"PeopleKeep: recensione software di welfare aziendale - Accurate Reviews\" \/>\n<meta property=\"og:description\" content=\"PeopleKeep: recensione soluzione welfare aziendale basata su cloud progettata per automatizzare e gestire i processi relativi ai dipendenti.\" \/>\n<meta property=\"og:url\" content=\"https:\/\/www.accuratereviews.com\/it\/piattaforme-di-welfare-aziendale-lista\/peoplekeep-recensione\/\" \/>\n<meta property=\"og:site_name\" content=\"Accurate Reviews\" \/>\n<meta property=\"article:modified_time\" content=\"2021-03-17T11:33:08+00:00\" \/>\n<meta property=\"og:image\" content=\"https:\/\/www.accuratereviews.com\/wp-content\/uploads\/2020\/12\/peoplekeep.jpg\" \/>\n\t<meta property=\"og:image:width\" content=\"1968\" \/>\n\t<meta property=\"og:image:height\" content=\"1108\" \/>\n\t<meta property=\"og:image:type\" content=\"image\/jpeg\" \/>\n<meta name=\"twitter:card\" content=\"summary_large_image\" \/>\n<meta name=\"twitter:label1\" content=\"Tempo di lettura stimato\" \/>\n\t<meta name=\"twitter:data1\" content=\"3 minuti\" \/>\n<script type=\"application\/ld+json\" class=\"yoast-schema-graph\">{\"@context\":\"https:\\\/\\\/schema.org\",\"@graph\":[{\"@type\":\"WebPage\",\"@id\":\"https:\\\/\\\/www.accuratereviews.com\\\/it\\\/piattaforme-di-welfare-aziendale-lista\\\/peoplekeep-recensione\\\/\",\"url\":\"https:\\\/\\\/www.accuratereviews.com\\\/it\\\/piattaforme-di-welfare-aziendale-lista\\\/peoplekeep-recensione\\\/\",\"name\":\"PeopleKeep: recensione software di welfare aziendale - Accurate Reviews\",\"isPartOf\":{\"@id\":\"https:\\\/\\\/www.accuratereviews.com\\\/it\\\/#website\"},\"primaryImageOfPage\":{\"@id\":\"https:\\\/\\\/www.accuratereviews.com\\\/it\\\/piattaforme-di-welfare-aziendale-lista\\\/peoplekeep-recensione\\\/#primaryimage\"},\"image\":{\"@id\":\"https:\\\/\\\/www.accuratereviews.com\\\/it\\\/piattaforme-di-welfare-aziendale-lista\\\/peoplekeep-recensione\\\/#primaryimage\"},\"thumbnailUrl\":\"https:\\\/\\\/www.accuratereviews.com\\\/wp-content\\\/uploads\\\/2020\\\/12\\\/peoplekeep.jpg\",\"datePublished\":\"2020-12-28T15:28:22+00:00\",\"dateModified\":\"2021-03-17T11:33:08+00:00\",\"description\":\"PeopleKeep: recensione soluzione welfare aziendale basata su cloud progettata per automatizzare e gestire i processi relativi ai dipendenti.\",\"breadcrumb\":{\"@id\":\"https:\\\/\\\/www.accuratereviews.com\\\/it\\\/piattaforme-di-welfare-aziendale-lista\\\/peoplekeep-recensione\\\/#breadcrumb\"},\"inLanguage\":\"it-IT\",\"potentialAction\":[{\"@type\":\"ReadAction\",\"target\":[\"https:\\\/\\\/www.accuratereviews.com\\\/it\\\/piattaforme-di-welfare-aziendale-lista\\\/peoplekeep-recensione\\\/\"]}]},{\"@type\":\"ImageObject\",\"inLanguage\":\"it-IT\",\"@id\":\"https:\\\/\\\/www.accuratereviews.com\\\/it\\\/piattaforme-di-welfare-aziendale-lista\\\/peoplekeep-recensione\\\/#primaryimage\",\"url\":\"https:\\\/\\\/www.accuratereviews.com\\\/wp-content\\\/uploads\\\/2020\\\/12\\\/peoplekeep.jpg\",\"contentUrl\":\"https:\\\/\\\/www.accuratereviews.com\\\/wp-content\\\/uploads\\\/2020\\\/12\\\/peoplekeep.jpg\",\"width\":1968,\"height\":1108},{\"@type\":\"BreadcrumbList\",\"@id\":\"https:\\\/\\\/www.accuratereviews.com\\\/it\\\/piattaforme-di-welfare-aziendale-lista\\\/peoplekeep-recensione\\\/#breadcrumb\",\"itemListElement\":[{\"@type\":\"ListItem\",\"position\":1,\"name\":\"Home\",\"item\":\"https:\\\/\\\/www.accuratereviews.com\\\/it\\\/\"},{\"@type\":\"ListItem\",\"position\":2,\"name\":\"Piattaforme di welfare aziendale\",\"item\":\"https:\\\/\\\/www.accuratereviews.com\\\/it\\\/piattaforme-di-welfare-aziendale-lista\\\/\"},{\"@type\":\"ListItem\",\"position\":3,\"name\":\"PeopleKeep\"}]},{\"@type\":\"WebSite\",\"@id\":\"https:\\\/\\\/www.accuratereviews.com\\\/it\\\/#website\",\"url\":\"https:\\\/\\\/www.accuratereviews.com\\\/it\\\/\",\"name\":\"Accurate Reviews\",\"description\":\"\",\"potentialAction\":[{\"@type\":\"SearchAction\",\"target\":{\"@type\":\"EntryPoint\",\"urlTemplate\":\"https:\\\/\\\/www.accuratereviews.com\\\/it\\\/?s={search_term_string}\"},\"query-input\":{\"@type\":\"PropertyValueSpecification\",\"valueRequired\":true,\"valueName\":\"search_term_string\"}}],\"inLanguage\":\"it-IT\"}]}<\/script>\n<!-- \/ Yoast SEO plugin. -->","yoast_head_json":{"title":"PeopleKeep: recensione software di welfare aziendale - Accurate Reviews","description":"PeopleKeep: recensione soluzione welfare aziendale basata su cloud progettata per automatizzare e gestire i processi relativi ai dipendenti.","robots":{"index":"index","follow":"follow","max-snippet":"max-snippet:-1","max-image-preview":"max-image-preview:large","max-video-preview":"max-video-preview:-1"},"canonical":"https:\/\/www.accuratereviews.com\/it\/piattaforme-di-welfare-aziendale-lista\/peoplekeep-recensione\/","og_locale":"it_IT","og_type":"article","og_title":"PeopleKeep: recensione software di welfare aziendale - Accurate Reviews","og_description":"PeopleKeep: recensione soluzione welfare aziendale basata su cloud progettata per automatizzare e gestire i processi relativi ai dipendenti.","og_url":"https:\/\/www.accuratereviews.com\/it\/piattaforme-di-welfare-aziendale-lista\/peoplekeep-recensione\/","og_site_name":"Accurate Reviews","article_modified_time":"2021-03-17T11:33:08+00:00","og_image":[{"width":1968,"height":1108,"url":"https:\/\/www.accuratereviews.com\/wp-content\/uploads\/2020\/12\/peoplekeep.jpg","type":"image\/jpeg"}],"twitter_card":"summary_large_image","twitter_misc":{"Tempo di lettura stimato":"3 minuti"},"schema":{"@context":"https:\/\/schema.org","@graph":[{"@type":"WebPage","@id":"https:\/\/www.accuratereviews.com\/it\/piattaforme-di-welfare-aziendale-lista\/peoplekeep-recensione\/","url":"https:\/\/www.accuratereviews.com\/it\/piattaforme-di-welfare-aziendale-lista\/peoplekeep-recensione\/","name":"PeopleKeep: recensione software di welfare aziendale - Accurate Reviews","isPartOf":{"@id":"https:\/\/www.accuratereviews.com\/it\/#website"},"primaryImageOfPage":{"@id":"https:\/\/www.accuratereviews.com\/it\/piattaforme-di-welfare-aziendale-lista\/peoplekeep-recensione\/#primaryimage"},"image":{"@id":"https:\/\/www.accuratereviews.com\/it\/piattaforme-di-welfare-aziendale-lista\/peoplekeep-recensione\/#primaryimage"},"thumbnailUrl":"https:\/\/www.accuratereviews.com\/wp-content\/uploads\/2020\/12\/peoplekeep.jpg","datePublished":"2020-12-28T15:28:22+00:00","dateModified":"2021-03-17T11:33:08+00:00","description":"PeopleKeep: recensione soluzione welfare aziendale basata su cloud progettata per automatizzare e gestire i processi relativi ai dipendenti.","breadcrumb":{"@id":"https:\/\/www.accuratereviews.com\/it\/piattaforme-di-welfare-aziendale-lista\/peoplekeep-recensione\/#breadcrumb"},"inLanguage":"it-IT","potentialAction":[{"@type":"ReadAction","target":["https:\/\/www.accuratereviews.com\/it\/piattaforme-di-welfare-aziendale-lista\/peoplekeep-recensione\/"]}]},{"@type":"ImageObject","inLanguage":"it-IT","@id":"https:\/\/www.accuratereviews.com\/it\/piattaforme-di-welfare-aziendale-lista\/peoplekeep-recensione\/#primaryimage","url":"https:\/\/www.accuratereviews.com\/wp-content\/uploads\/2020\/12\/peoplekeep.jpg","contentUrl":"https:\/\/www.accuratereviews.com\/wp-content\/uploads\/2020\/12\/peoplekeep.jpg","width":1968,"height":1108},{"@type":"BreadcrumbList","@id":"https:\/\/www.accuratereviews.com\/it\/piattaforme-di-welfare-aziendale-lista\/peoplekeep-recensione\/#breadcrumb","itemListElement":[{"@type":"ListItem","position":1,"name":"Home","item":"https:\/\/www.accuratereviews.com\/it\/"},{"@type":"ListItem","position":2,"name":"Piattaforme di welfare aziendale","item":"https:\/\/www.accuratereviews.com\/it\/piattaforme-di-welfare-aziendale-lista\/"},{"@type":"ListItem","position":3,"name":"PeopleKeep"}]},{"@type":"WebSite","@id":"https:\/\/www.accuratereviews.com\/it\/#website","url":"https:\/\/www.accuratereviews.com\/it\/","name":"Accurate Reviews","description":"","potentialAction":[{"@type":"SearchAction","target":{"@type":"EntryPoint","urlTemplate":"https:\/\/www.accuratereviews.com\/it\/?s={search_term_string}"},"query-input":{"@type":"PropertyValueSpecification","valueRequired":true,"valueName":"search_term_string"}}],"inLanguage":"it-IT"}]}},"_links":{"self":[{"href":"https:\/\/www.accuratereviews.com\/it\/wp-json\/wp\/v2\/pages\/34321","targetHints":{"allow":["GET"]}}],"collection":[{"href":"https:\/\/www.accuratereviews.com\/it\/wp-json\/wp\/v2\/pages"}],"about":[{"href":"https:\/\/www.accuratereviews.com\/it\/wp-json\/wp\/v2\/types\/page"}],"author":[{"embeddable":true,"href":"https:\/\/www.accuratereviews.com\/it\/wp-json\/wp\/v2\/users\/19"}],"replies":[{"embeddable":true,"href":"https:\/\/www.accuratereviews.com\/it\/wp-json\/wp\/v2\/comments?post=34321"}],"version-history":[{"count":6,"href":"https:\/\/www.accuratereviews.com\/it\/wp-json\/wp\/v2\/pages\/34321\/revisions"}],"predecessor-version":[{"id":36941,"href":"https:\/\/www.accuratereviews.com\/it\/wp-json\/wp\/v2\/pages\/34321\/revisions\/36941"}],"up":[{"embeddable":true,"href":"https:\/\/www.accuratereviews.com\/it\/wp-json\/wp\/v2\/pages\/36208"}],"wp:featuredmedia":[{"embeddable":true,"href":"https:\/\/www.accuratereviews.com\/it\/wp-json\/wp\/v2\/media\/34324"}],"wp:attachment":[{"href":"https:\/\/www.accuratereviews.com\/it\/wp-json\/wp\/v2\/media?parent=34321"}],"wp:term":[{"taxonomy":"category","embeddable":true,"href":"https:\/\/www.accuratereviews.com\/it\/wp-json\/wp\/v2\/categories?post=34321"},{"taxonomy":"post_tag","embeddable":true,"href":"https:\/\/www.accuratereviews.com\/it\/wp-json\/wp\/v2\/tags?post=34321"},{"taxonomy":"features","embeddable":true,"href":"https:\/\/www.accuratereviews.com\/it\/wp-json\/wp\/v2\/features?post=34321"}],"curies":[{"name":"wp","href":"https:\/\/api.w.org\/{rel}","templated":true}]}}