{"id":34331,"date":"2020-12-29T15:49:48","date_gmt":"2020-12-29T15:49:48","guid":{"rendered":"https:\/\/www.accuratereviews.com\/?page_id=34331"},"modified":"2021-03-17T11:33:10","modified_gmt":"2021-03-17T11:33:10","slug":"rise-recensione","status":"publish","type":"page","link":"https:\/\/www.accuratereviews.com\/it\/piattaforme-di-welfare-aziendale-lista\/rise-recensione\/","title":{"rendered":"Rise"},"content":{"rendered":"<p><strong>Rise<\/strong> \u00e8 una <strong>soluzione per le risorse umane (HR)<\/strong> basata su <strong>cloud<\/strong> che consente alle organizzazioni di coinvolgere i dipendenti, gestire le buste paga, il tempo e le presenze e creare flussi di lavoro personalizzati. <span class=\"JLqJ4b ChMk0b\" data-language-for-alternatives=\"it\" data-language-to-translate-into=\"en\" data-phrase-index=\"1\">I dipendenti possono creare e gestire profili utente per organizzare i programmi delle ferie, rivedere le buste paga e richiedere vantaggi.<span class=\"JLqJ4b\" data-language-for-alternatives=\"it\" data-language-to-translate-into=\"en\" data-phrase-index=\"2\"> Le funzionalit\u00e0 di reporting di <strong>Rise<\/strong> consentono ai leader aziendali di monitorare le metriche dei dipendenti, inclusi i tassi di abbandono, i livelli di coinvolgimento, il libro paga, i rapporti sull&#8217;utilizzo delle richieste e il ritorno sugli investimenti. La soluzione invia report automatici sulle tendenze delle prestazioni dei dipendenti, in modo che i manager possano intraprendere azioni correttive se necessario. Gli utenti possono scegliere di aumentare il numero di utenti supportati o aggiungere ulteriori moduli delle risorse umane in base alle loro esigenze.<\/span><\/span><\/p>\n<h2>RISE &#8211; TUTORIAL<\/h2>\n<p>Ecco un tutorial in cui illustra come inserire in questo <strong>software di welfare aziendale<\/strong> i nuovi dipendenti:<\/p>\n<div id=\"fluid-wrapper-counter-1\" class=\"g1-fluid-wrapper \" style=\"width:686px;\">\n<div style=\"padding-bottom:56.268221574344%;\"><iframe loading=\"lazy\" title=\"Rise People Platform Overview\" width=\"686\" height=\"386\" src=\"https:\/\/www.youtube.com\/embed\/QvA5WQcB8uA?feature=oembed&amp;wmode=transparent&amp;autohide=1&amp;autoplay=0&amp;disablekb=0&amp;fs=1&amp;loop=0&amp;enablejsapi=1&amp;rel=0&amp;controls=2&amp;showinfo=0&amp;wmode=transparent&amp;autohide=2&amp;autoplay=0&amp;disablekb=0&amp;fs=1&amp;loop=0&amp;enablejsapi=1&amp;rel=0&amp;controls=2&amp;showinfo=1\" frameborder=\"0\" allow=\"accelerometer; autoplay; clipboard-write; encrypted-media; gyroscope; picture-in-picture\" allowfullscreen><\/iframe><\/div>\n<\/div>\n<h3>RISE &#8211; CARATTERISTICHE<\/h3>\n<ul>\n<li>Fornisci ai dipendenti strumenti che contribuiscono alla produttivit\u00e0, alla collaborazione e alla felicit\u00e0<\/li>\n<li>Consenti ai tuoi dipendenti di gestire il loro tempo e la presenza, i vantaggi e il programma delle ferie<\/li>\n<li>Alimenta le esperienze personali dei dipendenti per aiutarli a ottenere il meglio sul lavoro<\/li>\n<li>Individua cosa funziona e cosa potrebbe essere migliorato nel team<\/li>\n<li>Premia le grandi prestazioni e aiuta i dipendenti a realizzare il loro pieno potenziale<\/li>\n<li>Ottieni una visione completa della vita di un dipendente all&#8217;interno dell&#8217;azienda<\/li>\n<li>Tieni d&#8217;occhio il sentimento e la soddisfazione dei dipendenti<\/li>\n<li>Migliora il coinvolgimento, rafforza la cultura, promuovi la leadership e capitalizza nuovi modi di lavorare<\/li>\n<li>Crea e modella le esperienze personali dei dipendenti che riflettono la cultura dell&#8217;azienda<\/li>\n<li>Elimina le fatiche dell&#8217;amministratore e automatizza le attivit\u00e0 di routine delle risorse umane in modo da poterti concentrare su ci\u00f2 che conta: le tue persone<\/li>\n<li>Accedi a tutte alle risorse umane, vantaggi e dati sui salari in un unico posto<\/li>\n<li>Crea report illimitati e dettagliati per comprendere la tua attivit\u00e0 e prendere decisioni intelligenti<\/li>\n<li>Migliora l&#8217;efficienza e la precisione su tutta la linea<\/li>\n<li>Risparmia tempo, riduci i costi e investi nelle persone per ottenere risultati aziendali<\/li>\n<\/ul>\n<h4>LE RECENSIONI DEGLI UTENTI<\/h4>\n<h4 class=\"font-weight-bold mb-1 d-flex align-items-center\">Scott M.&#8221;Recensione del software Rise&#8221;<\/h4>\n<p><strong>Vantaggi: <\/strong>Il processo per il libro paga bisettimanale, i T4 e i ROE sono molto facile da usare. Le riconciliazioni T4 sono sempre state un gioco da ragazzi. Il team Rise People info@risepeople.com e il numero verde 1-888-393-3483 e la casella di chat sono modi convenienti per ottenere aiuto.<\/p>\n<p><strong>Inconvenienti: <\/strong>Il nostro software di contabilit\u00e0 \u00e8 Adagio, che \u00e8 piuttosto oscuro, ma predominante nel mondo del non profit. Non \u00e8 disponibile alcuna integrazione per importare i dati sui salari direttamente sul nostro programma di contabilit\u00e0.<\/p>\n<h4 class=\"font-weight-bold mb-1 d-flex align-items-center\">Grace W.&#8221;Facile da usare ed \u00e8 tutto ci\u00f2 di cui ho bisogno&#8221;<\/h4>\n<p><strong>Commenti: <\/strong>\u00c8 facile elaborare il libro paga. Risparmia tempo.<\/p>\n<p><strong>Vantaggi: <\/strong>Esporta l&#8217;input in un foglio Excel. Importa Excel nel sistema. Posso generare report per tutti i reparti. Le funzioni di personalizzazione sono molto potenti.<\/p>\n<p><strong>Inconvenienti: <\/strong>A volte il sistema \u00e8 troppo lento. Soprattutto nelle ore di punta, \u00e8 necessario del tempo per passare alla fase successiva. nel foglio di input per le persone di ricerca, preferirei pi\u00f9 funzioni da cercare, ad esempio l&#8217;ID dipendente.<\/p>\n<h4 class=\"font-weight-bold mb-1 d-flex align-items-center\">Jenny T.&#8221;Valore eccellente, ottimo supporto reattivo con chat dal vivo, interfaccia terribile&#8221;<\/h4>\n<p><strong>Commenti: <\/strong>Semplicit\u00e0 per le piccole imprese canadesi che gestiscono il libro paga.<\/p>\n<p><strong>Vantaggi: <\/strong>Il prezzo di questo prodotto \u00e8 ottimo, offrono un libro paga gratuito per le organizzazioni con meno di 10 dipendenti a un certo punto, ma ora \u00e8 qualcosa che deve essere richiesto. Ottimo valore per i servizi forniti e il supporto tramite chat dal vivo \u00e8 conveniente. Raccomando questo software per ridurre al minimo la complessit\u00e0 delle funzioni di libro paga per le piccole imprese.<\/p>\n<p><strong>Inconvenienti: <\/strong>Non \u00e8 intuitivo da usare. L&#8217;installazione \u00e8 manuale e richiede all&#8217;utente di scaricare i PDF, firmarli e ricaricarli. Non \u00e8 molto amichevole nei confronti dei contabili poich\u00e9 il cliente deve creare il proprio account.<br \/>\nLa creazione di una busta paga richiede pi\u00f9 passaggi e l&#8217;invio del T4 non \u00e8 automatico. Una caratteristica di vendita di questo prodotto era che si integrava con QuickBooks o Xero. Non c&#8217;\u00e8 integrazione. C&#8217;\u00e8 un ragazzo che pu\u00f2 creare una macro di Excel che richiede i dettagli esatti della configurazione del sistema di contabilit\u00e0.<\/p>\n<p>&nbsp;<\/p>\n","protected":false},"excerpt":{"rendered":"<p>Rise \u00e8 una soluzione per le risorse umane (HR) basata su cloud che consente alle organizzazioni di coinvolgere i dipendenti, gestire le buste paga, il tempo e le presenze e creare flussi di lavoro personalizzati. I dipendenti possono creare e gestire profili utente per organizzare i programmi delle ferie, rivedere le buste paga e richiedere vantaggi.<\/p>\n","protected":false},"author":19,"featured_media":34333,"parent":36208,"menu_order":0,"comment_status":"open","ping_status":"closed","template":"g1_template_page_review_new.php","meta":{"_acf_changed":false,"cwp_meta_box_check":"Yes","cwp_rev_product_name":"","cwp_rev_product_image":"","wppr_links":[],"cwp_rev_price":"","wppr_options":[],"wppr_pros":[],"wppr_cons":[],"_monsterinsights_skip_tracking":false,"_monsterinsights_sitenote_active":false,"_monsterinsights_sitenote_note":"","_monsterinsights_sitenote_category":0,"footnotes":""},"categories":[4480],"tags":[396,4505,4497,4481,4483,4588,4496,4482,4484],"features":[],"class_list":{"0":"post-34331","1":"page","2":"type-page","3":"status-publish","4":"has-post-thumbnail","6":"category-piattaforme-di-welfare-aziendale","7":"tag-cloud","8":"tag-gestione-personale","9":"tag-gestione-risorse-umane","10":"tag-piattaforma-di-welfare-aziendale","11":"tag-programma-di-welfare-aziendale","12":"tag-rise","13":"tag-risorse-umane","14":"tag-software-di-welfare-aziendale","15":"tag-soluzione-di-welfare-aziendale"},"wppr_data":{"cwp_meta_box_check":"Yes","cwp_rev_product_name":"","cwp_rev_product_image":"","cwp_image_link":"image","cwp_rev_price":"","wppr_rating":"0.00"},"acf":[],"yoast_head":"<!-- This site is optimized with the Yoast SEO plugin v27.4 - https:\/\/yoast.com\/product\/yoast-seo-wordpress\/ -->\n<title>Rise: recensione softwere di welfare aziendale - Accurate Reviews<\/title>\n<meta name=\"description\" content=\"Rise: recensione soluzione per le risorse umane (HR) basata su cloud che consente alle organizzazioni di coinvolgere i dipendenti.\" \/>\n<meta name=\"robots\" content=\"index, follow, max-snippet:-1, max-image-preview:large, max-video-preview:-1\" \/>\n<link rel=\"canonical\" href=\"https:\/\/www.accuratereviews.com\/it\/piattaforme-di-welfare-aziendale-lista\/rise-recensione\/\" \/>\n<meta property=\"og:locale\" content=\"it_IT\" \/>\n<meta property=\"og:type\" content=\"article\" \/>\n<meta property=\"og:title\" content=\"Rise: recensione softwere di welfare aziendale - Accurate Reviews\" \/>\n<meta property=\"og:description\" content=\"Rise: recensione soluzione per le risorse umane (HR) basata su cloud che consente alle organizzazioni di coinvolgere i dipendenti.\" \/>\n<meta property=\"og:url\" content=\"https:\/\/www.accuratereviews.com\/it\/piattaforme-di-welfare-aziendale-lista\/rise-recensione\/\" \/>\n<meta property=\"og:site_name\" content=\"Accurate Reviews\" \/>\n<meta property=\"article:modified_time\" content=\"2021-03-17T11:33:10+00:00\" \/>\n<meta property=\"og:image\" content=\"https:\/\/www.accuratereviews.com\/wp-content\/uploads\/2020\/12\/rise.png\" \/>\n\t<meta property=\"og:image:width\" content=\"200\" \/>\n\t<meta property=\"og:image:height\" content=\"200\" \/>\n\t<meta property=\"og:image:type\" content=\"image\/png\" \/>\n<meta name=\"twitter:card\" content=\"summary_large_image\" \/>\n<meta name=\"twitter:label1\" content=\"Tempo di lettura stimato\" \/>\n\t<meta name=\"twitter:data1\" content=\"4 minuti\" \/>\n<script type=\"application\/ld+json\" class=\"yoast-schema-graph\">{\"@context\":\"https:\\\/\\\/schema.org\",\"@graph\":[{\"@type\":\"WebPage\",\"@id\":\"https:\\\/\\\/www.accuratereviews.com\\\/it\\\/piattaforme-di-welfare-aziendale-lista\\\/rise-recensione\\\/\",\"url\":\"https:\\\/\\\/www.accuratereviews.com\\\/it\\\/piattaforme-di-welfare-aziendale-lista\\\/rise-recensione\\\/\",\"name\":\"Rise: recensione softwere di welfare aziendale - Accurate Reviews\",\"isPartOf\":{\"@id\":\"https:\\\/\\\/www.accuratereviews.com\\\/it\\\/#website\"},\"primaryImageOfPage\":{\"@id\":\"https:\\\/\\\/www.accuratereviews.com\\\/it\\\/piattaforme-di-welfare-aziendale-lista\\\/rise-recensione\\\/#primaryimage\"},\"image\":{\"@id\":\"https:\\\/\\\/www.accuratereviews.com\\\/it\\\/piattaforme-di-welfare-aziendale-lista\\\/rise-recensione\\\/#primaryimage\"},\"thumbnailUrl\":\"https:\\\/\\\/www.accuratereviews.com\\\/wp-content\\\/uploads\\\/2020\\\/12\\\/rise.png\",\"datePublished\":\"2020-12-29T15:49:48+00:00\",\"dateModified\":\"2021-03-17T11:33:10+00:00\",\"description\":\"Rise: recensione soluzione per le risorse umane (HR) basata su cloud che consente alle organizzazioni di coinvolgere i dipendenti.\",\"breadcrumb\":{\"@id\":\"https:\\\/\\\/www.accuratereviews.com\\\/it\\\/piattaforme-di-welfare-aziendale-lista\\\/rise-recensione\\\/#breadcrumb\"},\"inLanguage\":\"it-IT\",\"potentialAction\":[{\"@type\":\"ReadAction\",\"target\":[\"https:\\\/\\\/www.accuratereviews.com\\\/it\\\/piattaforme-di-welfare-aziendale-lista\\\/rise-recensione\\\/\"]}]},{\"@type\":\"ImageObject\",\"inLanguage\":\"it-IT\",\"@id\":\"https:\\\/\\\/www.accuratereviews.com\\\/it\\\/piattaforme-di-welfare-aziendale-lista\\\/rise-recensione\\\/#primaryimage\",\"url\":\"https:\\\/\\\/www.accuratereviews.com\\\/wp-content\\\/uploads\\\/2020\\\/12\\\/rise.png\",\"contentUrl\":\"https:\\\/\\\/www.accuratereviews.com\\\/wp-content\\\/uploads\\\/2020\\\/12\\\/rise.png\",\"width\":200,\"height\":200},{\"@type\":\"BreadcrumbList\",\"@id\":\"https:\\\/\\\/www.accuratereviews.com\\\/it\\\/piattaforme-di-welfare-aziendale-lista\\\/rise-recensione\\\/#breadcrumb\",\"itemListElement\":[{\"@type\":\"ListItem\",\"position\":1,\"name\":\"Home\",\"item\":\"https:\\\/\\\/www.accuratereviews.com\\\/it\\\/\"},{\"@type\":\"ListItem\",\"position\":2,\"name\":\"Piattaforme di welfare aziendale\",\"item\":\"https:\\\/\\\/www.accuratereviews.com\\\/it\\\/piattaforme-di-welfare-aziendale-lista\\\/\"},{\"@type\":\"ListItem\",\"position\":3,\"name\":\"Rise\"}]},{\"@type\":\"WebSite\",\"@id\":\"https:\\\/\\\/www.accuratereviews.com\\\/it\\\/#website\",\"url\":\"https:\\\/\\\/www.accuratereviews.com\\\/it\\\/\",\"name\":\"Accurate Reviews\",\"description\":\"\",\"potentialAction\":[{\"@type\":\"SearchAction\",\"target\":{\"@type\":\"EntryPoint\",\"urlTemplate\":\"https:\\\/\\\/www.accuratereviews.com\\\/it\\\/?s={search_term_string}\"},\"query-input\":{\"@type\":\"PropertyValueSpecification\",\"valueRequired\":true,\"valueName\":\"search_term_string\"}}],\"inLanguage\":\"it-IT\"}]}<\/script>\n<!-- \/ Yoast SEO plugin. -->","yoast_head_json":{"title":"Rise: recensione softwere di welfare aziendale - Accurate Reviews","description":"Rise: recensione soluzione per le risorse umane (HR) basata su cloud che consente alle organizzazioni di coinvolgere i dipendenti.","robots":{"index":"index","follow":"follow","max-snippet":"max-snippet:-1","max-image-preview":"max-image-preview:large","max-video-preview":"max-video-preview:-1"},"canonical":"https:\/\/www.accuratereviews.com\/it\/piattaforme-di-welfare-aziendale-lista\/rise-recensione\/","og_locale":"it_IT","og_type":"article","og_title":"Rise: recensione softwere di welfare aziendale - Accurate Reviews","og_description":"Rise: recensione soluzione per le risorse umane (HR) basata su cloud che consente alle organizzazioni di coinvolgere i dipendenti.","og_url":"https:\/\/www.accuratereviews.com\/it\/piattaforme-di-welfare-aziendale-lista\/rise-recensione\/","og_site_name":"Accurate Reviews","article_modified_time":"2021-03-17T11:33:10+00:00","og_image":[{"width":200,"height":200,"url":"https:\/\/www.accuratereviews.com\/wp-content\/uploads\/2020\/12\/rise.png","type":"image\/png"}],"twitter_card":"summary_large_image","twitter_misc":{"Tempo di lettura stimato":"4 minuti"},"schema":{"@context":"https:\/\/schema.org","@graph":[{"@type":"WebPage","@id":"https:\/\/www.accuratereviews.com\/it\/piattaforme-di-welfare-aziendale-lista\/rise-recensione\/","url":"https:\/\/www.accuratereviews.com\/it\/piattaforme-di-welfare-aziendale-lista\/rise-recensione\/","name":"Rise: recensione softwere di welfare aziendale - Accurate Reviews","isPartOf":{"@id":"https:\/\/www.accuratereviews.com\/it\/#website"},"primaryImageOfPage":{"@id":"https:\/\/www.accuratereviews.com\/it\/piattaforme-di-welfare-aziendale-lista\/rise-recensione\/#primaryimage"},"image":{"@id":"https:\/\/www.accuratereviews.com\/it\/piattaforme-di-welfare-aziendale-lista\/rise-recensione\/#primaryimage"},"thumbnailUrl":"https:\/\/www.accuratereviews.com\/wp-content\/uploads\/2020\/12\/rise.png","datePublished":"2020-12-29T15:49:48+00:00","dateModified":"2021-03-17T11:33:10+00:00","description":"Rise: recensione soluzione per le risorse umane (HR) basata su cloud che consente alle organizzazioni di coinvolgere i dipendenti.","breadcrumb":{"@id":"https:\/\/www.accuratereviews.com\/it\/piattaforme-di-welfare-aziendale-lista\/rise-recensione\/#breadcrumb"},"inLanguage":"it-IT","potentialAction":[{"@type":"ReadAction","target":["https:\/\/www.accuratereviews.com\/it\/piattaforme-di-welfare-aziendale-lista\/rise-recensione\/"]}]},{"@type":"ImageObject","inLanguage":"it-IT","@id":"https:\/\/www.accuratereviews.com\/it\/piattaforme-di-welfare-aziendale-lista\/rise-recensione\/#primaryimage","url":"https:\/\/www.accuratereviews.com\/wp-content\/uploads\/2020\/12\/rise.png","contentUrl":"https:\/\/www.accuratereviews.com\/wp-content\/uploads\/2020\/12\/rise.png","width":200,"height":200},{"@type":"BreadcrumbList","@id":"https:\/\/www.accuratereviews.com\/it\/piattaforme-di-welfare-aziendale-lista\/rise-recensione\/#breadcrumb","itemListElement":[{"@type":"ListItem","position":1,"name":"Home","item":"https:\/\/www.accuratereviews.com\/it\/"},{"@type":"ListItem","position":2,"name":"Piattaforme di welfare aziendale","item":"https:\/\/www.accuratereviews.com\/it\/piattaforme-di-welfare-aziendale-lista\/"},{"@type":"ListItem","position":3,"name":"Rise"}]},{"@type":"WebSite","@id":"https:\/\/www.accuratereviews.com\/it\/#website","url":"https:\/\/www.accuratereviews.com\/it\/","name":"Accurate Reviews","description":"","potentialAction":[{"@type":"SearchAction","target":{"@type":"EntryPoint","urlTemplate":"https:\/\/www.accuratereviews.com\/it\/?s={search_term_string}"},"query-input":{"@type":"PropertyValueSpecification","valueRequired":true,"valueName":"search_term_string"}}],"inLanguage":"it-IT"}]}},"_links":{"self":[{"href":"https:\/\/www.accuratereviews.com\/it\/wp-json\/wp\/v2\/pages\/34331","targetHints":{"allow":["GET"]}}],"collection":[{"href":"https:\/\/www.accuratereviews.com\/it\/wp-json\/wp\/v2\/pages"}],"about":[{"href":"https:\/\/www.accuratereviews.com\/it\/wp-json\/wp\/v2\/types\/page"}],"author":[{"embeddable":true,"href":"https:\/\/www.accuratereviews.com\/it\/wp-json\/wp\/v2\/users\/19"}],"replies":[{"embeddable":true,"href":"https:\/\/www.accuratereviews.com\/it\/wp-json\/wp\/v2\/comments?post=34331"}],"version-history":[{"count":11,"href":"https:\/\/www.accuratereviews.com\/it\/wp-json\/wp\/v2\/pages\/34331\/revisions"}],"predecessor-version":[{"id":36945,"href":"https:\/\/www.accuratereviews.com\/it\/wp-json\/wp\/v2\/pages\/34331\/revisions\/36945"}],"up":[{"embeddable":true,"href":"https:\/\/www.accuratereviews.com\/it\/wp-json\/wp\/v2\/pages\/36208"}],"wp:featuredmedia":[{"embeddable":true,"href":"https:\/\/www.accuratereviews.com\/it\/wp-json\/wp\/v2\/media\/34333"}],"wp:attachment":[{"href":"https:\/\/www.accuratereviews.com\/it\/wp-json\/wp\/v2\/media?parent=34331"}],"wp:term":[{"taxonomy":"category","embeddable":true,"href":"https:\/\/www.accuratereviews.com\/it\/wp-json\/wp\/v2\/categories?post=34331"},{"taxonomy":"post_tag","embeddable":true,"href":"https:\/\/www.accuratereviews.com\/it\/wp-json\/wp\/v2\/tags?post=34331"},{"taxonomy":"features","embeddable":true,"href":"https:\/\/www.accuratereviews.com\/it\/wp-json\/wp\/v2\/features?post=34331"}],"curies":[{"name":"wp","href":"https:\/\/api.w.org\/{rel}","templated":true}]}}