{"id":34357,"date":"2020-12-29T15:52:48","date_gmt":"2020-12-29T15:52:48","guid":{"rendered":"https:\/\/www.accuratereviews.com\/?page_id=34357"},"modified":"2021-03-17T11:32:59","modified_gmt":"2021-03-17T11:32:59","slug":"ascentis-recensione","status":"publish","type":"page","link":"https:\/\/www.accuratereviews.com\/it\/piattaforme-di-welfare-aziendale-lista\/ascentis-recensione\/","title":{"rendered":"Ascentis"},"content":{"rendered":"<p><strong>Ascentis<\/strong> offre una suite di <strong>gestione delle risorse umane<\/strong> (HCM) basata su <strong>cloud<\/strong> progettata per le aziende di medie dimensioni di tutti i settori. <span class=\"JLqJ4b ChMk0b\" data-language-for-alternatives=\"it\" data-language-to-translate-into=\"en\" data-phrase-index=\"1\">Include risorse umane e vantaggi, reclutamento e inserimento, gestione dei talenti, tempo e presenze e buste paga.<span class=\"JLqJ4b\" data-language-for-alternatives=\"it\" data-language-to-translate-into=\"en\" data-phrase-index=\"2\"> Ascentis HR fornisce approfondimenti sulle tendenze con analisi approfondite all&#8217;interno delle metriche dei dipendenti. L&#8217;esperienza mobile di <strong>Ascentis<\/strong> per i responsabili delle risorse umane e i dipendenti offre l&#8217;accesso ai dati. Ascentis Time \u00e8 una soluzione di rilevazione presenze completamente automatizzata che offre schede attivit\u00e0 online, funzionalit\u00e0 di ingresso \/ uscita, pianificazione e altro ancora. Il modulo Payroll consente ai clienti di elaborare le buste paga in tempo reale, con elaborazione e controllo in tempo reale. Tutti i pacchetti si sincronizzano tra loro e offrono un&#8217;ampia gamma di rapporti integrati. Ascentis Talent Management consente ai manager di ottimizzare le prestazioni in tempo reale, tramite un&#8217;interfaccia mobile.\u00a0<\/span><\/span><\/p>\n<h2>ASCENTIS &#8211; TUTORIAL<\/h2>\n<p>Guardiamo come usare le applicazioni mobile di questo <strong>software di welfare aziendale<\/strong>:<\/p>\n<div id=\"fluid-wrapper-counter-1\" class=\"g1-fluid-wrapper \" style=\"width:686px;\">\n<div style=\"padding-bottom:56.268221574344%;\"><iframe loading=\"lazy\" title=\"Ascentis Mobile App - Self Service HR App\" width=\"686\" height=\"386\" src=\"https:\/\/www.youtube.com\/embed\/2cChbwlPjl8?feature=oembed&amp;wmode=transparent&amp;autohide=1&amp;autoplay=0&amp;disablekb=0&amp;fs=1&amp;loop=0&amp;enablejsapi=1&amp;rel=0&amp;controls=2&amp;showinfo=0&amp;wmode=transparent&amp;autohide=2&amp;autoplay=0&amp;disablekb=0&amp;fs=1&amp;loop=0&amp;enablejsapi=1&amp;rel=0&amp;controls=2&amp;showinfo=1\" frameborder=\"0\" allow=\"accelerometer; autoplay; clipboard-write; encrypted-media; gyroscope; picture-in-picture\" allowfullscreen><\/iframe><\/div>\n<\/div>\n<h3>ASCENTIS &#8211; CARATTERISTICHE<\/h3>\n<ul>\n<li><strong>Benefici:<\/strong> la soluzione fornisce ai dipendenti un processo di registrazione dei vantaggi guidato che \u00e8 semplice, diretto e facile da completare. <span class=\"JLqJ4b ChMk0b\" data-language-for-alternatives=\"it\" data-language-to-translate-into=\"en\" data-phrase-index=\"1\">Il software di gestione delle risorse umane consente ai datori di lavoro di fornire collegamenti diretti a informazioni dettagliate sul piano direttamente dal riepilogo dei benefici del dipendente. Ci\u00f2 offre ai dipendenti l&#8217;accesso diretto a informazioni vitali e li aiuta a comprendere meglio le loro opzioni di vantaggi. Una forza lavoro informata \u00e8 una forza lavoro competente e coinvolta, a vantaggio della produttivit\u00e0 e dei profitti<\/span><\/li>\n<li><strong>Conformit\u00e0:<\/strong><span class=\"JLqJ4b\" data-language-for-alternatives=\"it\" data-language-to-translate-into=\"en\" data-phrase-index=\"1\"> <span class=\"JLqJ4b ChMk0b\" data-language-for-alternatives=\"it\" data-language-to-translate-into=\"en\" data-phrase-index=\"2\">il programma monitora continuamente eventuali normative nuove o aggiornate che potrebbero influire sulle operazioni delle risorse umane. Il software HRIS include report di conformit\u00e0 HR standard integrati che aiutano il tuo team a tenere traccia di questioni importanti come la conformit\u00e0 OSHA. Offre anche processi guidati per raccogliere tutto ci\u00f2 di cui hai bisogno per completare la segnalazione EEO. Le normative relative alla parit\u00e0 di impiego, alla riservatezza dei dati e alla sicurezza sul lavoro sono in continua evoluzione<\/span><\/span><\/li>\n<li><strong>Mobile:<\/strong> c<span class=\"JLqJ4b ChMk0b\" data-language-for-alternatives=\"it\" data-language-to-translate-into=\"en\" data-phrase-index=\"3\">onsentire ai lavoratori di accedere a importanti funzioni delle risorse umane relative alla pianificazione, ai rapporti e alle comunicazioni interne da un telefono cellulare o dispositivo mobile non solo fa risparmiare tempo e denaro alla tua azienda, ma d\u00e0 anche potere ai tuoi dipendenti e aumenta il loro coinvolgimento.<span class=\"JLqJ4b\" data-language-for-alternatives=\"it\" data-language-to-translate-into=\"en\" data-phrase-index=\"4\"> I tuoi dipendenti e manager possono utilizzare l&#8217;app mobile gratuita e facile da usare sul loro smartphone o tablet per un&#8217;esperienza HR online completa che riduce l&#8217;uso dei computer condivisi: un aspetto chiave nell&#8217;era Covid-19<\/span><\/span><\/li>\n<li><strong>Dati personalizzati:<\/strong><span class=\"JLqJ4b\" data-language-for-alternatives=\"it\" data-language-to-translate-into=\"en\" data-phrase-index=\"1\">\u00a0l<span class=\"JLqJ4b ChMk0b\" data-language-for-alternatives=\"it\" data-language-to-translate-into=\"en\" data-phrase-index=\"2\">a piattaforma fornisce al tuo team delle risorse umane un sito centralizzato e personalizzabile per tutte le informazioni vitali sui dipendenti. Rendere tutti i dati accessibili da un unico punto di ingresso consente di risparmiare tempo che altrimenti verrebbe utilizzato per rintracciare i materiali di vari reparti<\/span><\/span><\/li>\n<\/ul>\n<h4>LE RECENSIONI DEGLI UTENTI<\/h4>\n<h4 class=\"font-weight-bold mb-1 d-flex align-items-center\">Gwen H.&#8221;Recensione di Ascentis&#8221;<\/h4>\n<p><strong>Commenti: <\/strong>Abbiamo utilizzato il sistema per molteplici funzioni aziendali, dall&#8217;iscrizione aperta alle revisioni dei dipendenti, ecc. Ogni modulo ha il proprio supporto e, una volta che i nostri dipendenti hanno imparato il sistema, non rispondiamo a molte domande. Il sistema \u00e8 affidabile e i nostri dipendenti si fidano dei componenti (Timekeeper, LMS, Payroll, ecc.).L&#8217;aspetto dei rapporti \u00e8 facile da usare e il caricamento dei documenti \u00e8 semplice. Abbiamo creato molte &#8220;schede dipendenti&#8221; personalizzate per essere in grado di eseguire rapporti personalizzati e lavoriamo costantemente per migliorare il nostro modo di utilizzare il sistema per semplificarci la vita.<\/p>\n<p><strong>Vantaggi: <\/strong>Facile da usare, sia da utente che da amministratore. punto di vista. Il livello del servizio clienti \u00e8 sorprendente e il sistema \u00e8 facile da personalizzare!<\/p>\n<p><strong>Inconvenienti: <\/strong>Non abbiamo avuto &#8220;problemi&#8221;, ma poich\u00e9 ho bisogno di segnalare ci\u00f2 che ci piace di meno del sistema \u00e8 necessario, direi che ci \u00e8 piaciuta di meno la funzione &#8220;Gestione delle prestazioni&#8221;. Lo abbiamo utilizzato per diversi anni, ma siamo passati alla creazione di una sezione personalizzata in cui potevamo governare le domande e semplificare il processo di valutazione delle prestazioni. La funzione Ascentis offerta non era &#8220;cattiva&#8221;, ma volevamo ridurre al minimo il processo, quindi siamo stati in grado di farlo.<\/p>\n<h4 class=\"font-weight-bold mb-1 d-flex align-items-center\">Heather S.&#8221;Ascentis&#8221;<\/h4>\n<p><strong>Commenti: <\/strong>Nel complesso abbiamo implementato il sistema e lo stiamo utilizzando. Il supporto di Ascentis \u00e8 utile.<\/p>\n<p><strong>Vantaggi: <\/strong>La funzione di reclutamento raccoglie buoni dati, i candidati sono in grado di completare la domanda. Il modulo di revisione delle prestazioni \u00e8 semplice e la procedura guidata rende facile, molto semplice, per i dipendenti completare le loro revisioni.<\/p>\n<p><strong>Inconvenienti: <\/strong>Pu\u00f2 essere difficile &#8220;convincere&#8221; il sistema a fare quello che vuoi! Ad esempio, la nostra azienda utilizza sempre la funzione Kudos. Tuttavia ci vogliono 3-4 clic per trovare il pulsante &#8220;dai complimenti&#8221;. Ho effettuato diverse richieste per spostare il pulsante, ma mi \u00e8 stato detto che non \u00e8 possibile farlo. I candidati vedono una semplice pagina bianca con caratteri piccoli mentre utilizzano la procedura guidata per fare clic nel processo di candidatura.<\/p>\n<h4>Laura J.&#8221;Ascentis&#8221;<\/h4>\n<p><strong>Vantaggi: <\/strong>Mi piace che questo software abbia una funzione che puoi visualizzare tutto in una volta. Puoi vedere i tuoi tempi di riposo e l&#8217;orologio corrente sullo stesso schermo. \u00c8 relativit\u00e0 facile da usare e ha una funzione di contabilit\u00e0 che consente l&#8217;emissione di assegni.<\/p>\n<p><strong>Inconvenienti: <\/strong>A volte significa avere quantit\u00e0 di ferie diverse sui diversi schermi senza dirti perch\u00e9.<\/p>\n","protected":false},"excerpt":{"rendered":"<p>Ascentis offre una suite di gestione delle risorse umane (HCM) basata su cloud progettata per le aziende di medie dimensioni di tutti i settori. Include risorse umane e vantaggi, reclutamento e inserimento, gestione dei talenti, tempo e presenze e buste paga. Ascentis HR fornisce approfondimenti sulle tendenze con analisi approfondite all&#8217;interno delle metriche dei dipendenti.<\/p>\n","protected":false},"author":19,"featured_media":34361,"parent":36208,"menu_order":0,"comment_status":"open","ping_status":"closed","template":"g1_template_page_review_new.php","meta":{"_acf_changed":false,"cwp_meta_box_check":"Yes","cwp_rev_product_name":"","cwp_rev_product_image":"","wppr_links":[],"cwp_rev_price":"","wppr_options":[],"wppr_pros":[],"wppr_cons":[],"_monsterinsights_skip_tracking":false,"_monsterinsights_sitenote_active":false,"_monsterinsights_sitenote_note":"","_monsterinsights_sitenote_category":0,"footnotes":""},"categories":[4480],"tags":[396,4497,4481,4483,4496,4482,4484],"features":[],"class_list":{"0":"post-34357","1":"page","2":"type-page","3":"status-publish","4":"has-post-thumbnail","6":"category-piattaforme-di-welfare-aziendale","7":"tag-cloud","8":"tag-gestione-risorse-umane","9":"tag-piattaforma-di-welfare-aziendale","10":"tag-programma-di-welfare-aziendale","11":"tag-risorse-umane","12":"tag-software-di-welfare-aziendale","13":"tag-soluzione-di-welfare-aziendale"},"wppr_data":{"cwp_meta_box_check":"Yes","cwp_rev_product_name":"","cwp_rev_product_image":"","cwp_image_link":"image","cwp_rev_price":"","wppr_rating":"0.00"},"acf":[],"yoast_head":"<!-- This site is optimized with the Yoast SEO plugin v27.4 - https:\/\/yoast.com\/product\/yoast-seo-wordpress\/ -->\n<title>Ascentis: recensione software di welfare aziendale - Accurate Reviews<\/title>\n<meta name=\"description\" content=\"Ascentis: recensione software per la gestione delle risorse umane basata su cloud progettata per le aziende di medie dimensioni.\" \/>\n<meta name=\"robots\" content=\"index, follow, max-snippet:-1, max-image-preview:large, max-video-preview:-1\" \/>\n<link rel=\"canonical\" href=\"https:\/\/www.accuratereviews.com\/it\/piattaforme-di-welfare-aziendale-lista\/ascentis-recensione\/\" \/>\n<meta property=\"og:locale\" content=\"it_IT\" \/>\n<meta property=\"og:type\" content=\"article\" \/>\n<meta property=\"og:title\" content=\"Ascentis: recensione software di welfare aziendale - Accurate Reviews\" \/>\n<meta property=\"og:description\" content=\"Ascentis: recensione software per la gestione delle risorse umane basata su cloud progettata per le aziende di medie dimensioni.\" \/>\n<meta property=\"og:url\" content=\"https:\/\/www.accuratereviews.com\/it\/piattaforme-di-welfare-aziendale-lista\/ascentis-recensione\/\" \/>\n<meta property=\"og:site_name\" content=\"Accurate Reviews\" \/>\n<meta property=\"article:modified_time\" content=\"2021-03-17T11:32:59+00:00\" \/>\n<meta property=\"og:image\" content=\"https:\/\/www.accuratereviews.com\/wp-content\/uploads\/2020\/12\/ascentis.jpg\" \/>\n\t<meta property=\"og:image:width\" content=\"560\" \/>\n\t<meta property=\"og:image:height\" content=\"560\" \/>\n\t<meta property=\"og:image:type\" content=\"image\/jpeg\" \/>\n<meta name=\"twitter:card\" content=\"summary_large_image\" \/>\n<meta name=\"twitter:label1\" content=\"Tempo di lettura stimato\" \/>\n\t<meta name=\"twitter:data1\" content=\"4 minuti\" \/>\n<script type=\"application\/ld+json\" class=\"yoast-schema-graph\">{\"@context\":\"https:\\\/\\\/schema.org\",\"@graph\":[{\"@type\":\"WebPage\",\"@id\":\"https:\\\/\\\/www.accuratereviews.com\\\/it\\\/piattaforme-di-welfare-aziendale-lista\\\/ascentis-recensione\\\/\",\"url\":\"https:\\\/\\\/www.accuratereviews.com\\\/it\\\/piattaforme-di-welfare-aziendale-lista\\\/ascentis-recensione\\\/\",\"name\":\"Ascentis: recensione software di welfare aziendale - Accurate Reviews\",\"isPartOf\":{\"@id\":\"https:\\\/\\\/www.accuratereviews.com\\\/it\\\/#website\"},\"primaryImageOfPage\":{\"@id\":\"https:\\\/\\\/www.accuratereviews.com\\\/it\\\/piattaforme-di-welfare-aziendale-lista\\\/ascentis-recensione\\\/#primaryimage\"},\"image\":{\"@id\":\"https:\\\/\\\/www.accuratereviews.com\\\/it\\\/piattaforme-di-welfare-aziendale-lista\\\/ascentis-recensione\\\/#primaryimage\"},\"thumbnailUrl\":\"https:\\\/\\\/www.accuratereviews.com\\\/wp-content\\\/uploads\\\/2020\\\/12\\\/ascentis.jpg\",\"datePublished\":\"2020-12-29T15:52:48+00:00\",\"dateModified\":\"2021-03-17T11:32:59+00:00\",\"description\":\"Ascentis: recensione software per la gestione delle risorse umane basata su cloud progettata per le aziende di medie dimensioni.\",\"breadcrumb\":{\"@id\":\"https:\\\/\\\/www.accuratereviews.com\\\/it\\\/piattaforme-di-welfare-aziendale-lista\\\/ascentis-recensione\\\/#breadcrumb\"},\"inLanguage\":\"it-IT\",\"potentialAction\":[{\"@type\":\"ReadAction\",\"target\":[\"https:\\\/\\\/www.accuratereviews.com\\\/it\\\/piattaforme-di-welfare-aziendale-lista\\\/ascentis-recensione\\\/\"]}]},{\"@type\":\"ImageObject\",\"inLanguage\":\"it-IT\",\"@id\":\"https:\\\/\\\/www.accuratereviews.com\\\/it\\\/piattaforme-di-welfare-aziendale-lista\\\/ascentis-recensione\\\/#primaryimage\",\"url\":\"https:\\\/\\\/www.accuratereviews.com\\\/wp-content\\\/uploads\\\/2020\\\/12\\\/ascentis.jpg\",\"contentUrl\":\"https:\\\/\\\/www.accuratereviews.com\\\/wp-content\\\/uploads\\\/2020\\\/12\\\/ascentis.jpg\",\"width\":560,\"height\":560},{\"@type\":\"BreadcrumbList\",\"@id\":\"https:\\\/\\\/www.accuratereviews.com\\\/it\\\/piattaforme-di-welfare-aziendale-lista\\\/ascentis-recensione\\\/#breadcrumb\",\"itemListElement\":[{\"@type\":\"ListItem\",\"position\":1,\"name\":\"Home\",\"item\":\"https:\\\/\\\/www.accuratereviews.com\\\/it\\\/\"},{\"@type\":\"ListItem\",\"position\":2,\"name\":\"Piattaforme di welfare aziendale\",\"item\":\"https:\\\/\\\/www.accuratereviews.com\\\/it\\\/piattaforme-di-welfare-aziendale-lista\\\/\"},{\"@type\":\"ListItem\",\"position\":3,\"name\":\"Ascentis\"}]},{\"@type\":\"WebSite\",\"@id\":\"https:\\\/\\\/www.accuratereviews.com\\\/it\\\/#website\",\"url\":\"https:\\\/\\\/www.accuratereviews.com\\\/it\\\/\",\"name\":\"Accurate Reviews\",\"description\":\"\",\"potentialAction\":[{\"@type\":\"SearchAction\",\"target\":{\"@type\":\"EntryPoint\",\"urlTemplate\":\"https:\\\/\\\/www.accuratereviews.com\\\/it\\\/?s={search_term_string}\"},\"query-input\":{\"@type\":\"PropertyValueSpecification\",\"valueRequired\":true,\"valueName\":\"search_term_string\"}}],\"inLanguage\":\"it-IT\"}]}<\/script>\n<!-- \/ Yoast SEO plugin. -->","yoast_head_json":{"title":"Ascentis: recensione software di welfare aziendale - Accurate Reviews","description":"Ascentis: recensione software per la gestione delle risorse umane basata su cloud progettata per le aziende di medie dimensioni.","robots":{"index":"index","follow":"follow","max-snippet":"max-snippet:-1","max-image-preview":"max-image-preview:large","max-video-preview":"max-video-preview:-1"},"canonical":"https:\/\/www.accuratereviews.com\/it\/piattaforme-di-welfare-aziendale-lista\/ascentis-recensione\/","og_locale":"it_IT","og_type":"article","og_title":"Ascentis: recensione software di welfare aziendale - Accurate Reviews","og_description":"Ascentis: recensione software per la gestione delle risorse umane basata su cloud progettata per le aziende di medie dimensioni.","og_url":"https:\/\/www.accuratereviews.com\/it\/piattaforme-di-welfare-aziendale-lista\/ascentis-recensione\/","og_site_name":"Accurate Reviews","article_modified_time":"2021-03-17T11:32:59+00:00","og_image":[{"width":560,"height":560,"url":"https:\/\/www.accuratereviews.com\/wp-content\/uploads\/2020\/12\/ascentis.jpg","type":"image\/jpeg"}],"twitter_card":"summary_large_image","twitter_misc":{"Tempo di lettura stimato":"4 minuti"},"schema":{"@context":"https:\/\/schema.org","@graph":[{"@type":"WebPage","@id":"https:\/\/www.accuratereviews.com\/it\/piattaforme-di-welfare-aziendale-lista\/ascentis-recensione\/","url":"https:\/\/www.accuratereviews.com\/it\/piattaforme-di-welfare-aziendale-lista\/ascentis-recensione\/","name":"Ascentis: recensione software di welfare aziendale - Accurate Reviews","isPartOf":{"@id":"https:\/\/www.accuratereviews.com\/it\/#website"},"primaryImageOfPage":{"@id":"https:\/\/www.accuratereviews.com\/it\/piattaforme-di-welfare-aziendale-lista\/ascentis-recensione\/#primaryimage"},"image":{"@id":"https:\/\/www.accuratereviews.com\/it\/piattaforme-di-welfare-aziendale-lista\/ascentis-recensione\/#primaryimage"},"thumbnailUrl":"https:\/\/www.accuratereviews.com\/wp-content\/uploads\/2020\/12\/ascentis.jpg","datePublished":"2020-12-29T15:52:48+00:00","dateModified":"2021-03-17T11:32:59+00:00","description":"Ascentis: recensione software per la gestione delle risorse umane basata su cloud progettata per le aziende di medie dimensioni.","breadcrumb":{"@id":"https:\/\/www.accuratereviews.com\/it\/piattaforme-di-welfare-aziendale-lista\/ascentis-recensione\/#breadcrumb"},"inLanguage":"it-IT","potentialAction":[{"@type":"ReadAction","target":["https:\/\/www.accuratereviews.com\/it\/piattaforme-di-welfare-aziendale-lista\/ascentis-recensione\/"]}]},{"@type":"ImageObject","inLanguage":"it-IT","@id":"https:\/\/www.accuratereviews.com\/it\/piattaforme-di-welfare-aziendale-lista\/ascentis-recensione\/#primaryimage","url":"https:\/\/www.accuratereviews.com\/wp-content\/uploads\/2020\/12\/ascentis.jpg","contentUrl":"https:\/\/www.accuratereviews.com\/wp-content\/uploads\/2020\/12\/ascentis.jpg","width":560,"height":560},{"@type":"BreadcrumbList","@id":"https:\/\/www.accuratereviews.com\/it\/piattaforme-di-welfare-aziendale-lista\/ascentis-recensione\/#breadcrumb","itemListElement":[{"@type":"ListItem","position":1,"name":"Home","item":"https:\/\/www.accuratereviews.com\/it\/"},{"@type":"ListItem","position":2,"name":"Piattaforme di welfare aziendale","item":"https:\/\/www.accuratereviews.com\/it\/piattaforme-di-welfare-aziendale-lista\/"},{"@type":"ListItem","position":3,"name":"Ascentis"}]},{"@type":"WebSite","@id":"https:\/\/www.accuratereviews.com\/it\/#website","url":"https:\/\/www.accuratereviews.com\/it\/","name":"Accurate Reviews","description":"","potentialAction":[{"@type":"SearchAction","target":{"@type":"EntryPoint","urlTemplate":"https:\/\/www.accuratereviews.com\/it\/?s={search_term_string}"},"query-input":{"@type":"PropertyValueSpecification","valueRequired":true,"valueName":"search_term_string"}}],"inLanguage":"it-IT"}]}},"_links":{"self":[{"href":"https:\/\/www.accuratereviews.com\/it\/wp-json\/wp\/v2\/pages\/34357","targetHints":{"allow":["GET"]}}],"collection":[{"href":"https:\/\/www.accuratereviews.com\/it\/wp-json\/wp\/v2\/pages"}],"about":[{"href":"https:\/\/www.accuratereviews.com\/it\/wp-json\/wp\/v2\/types\/page"}],"author":[{"embeddable":true,"href":"https:\/\/www.accuratereviews.com\/it\/wp-json\/wp\/v2\/users\/19"}],"replies":[{"embeddable":true,"href":"https:\/\/www.accuratereviews.com\/it\/wp-json\/wp\/v2\/comments?post=34357"}],"version-history":[{"count":9,"href":"https:\/\/www.accuratereviews.com\/it\/wp-json\/wp\/v2\/pages\/34357\/revisions"}],"predecessor-version":[{"id":36814,"href":"https:\/\/www.accuratereviews.com\/it\/wp-json\/wp\/v2\/pages\/34357\/revisions\/36814"}],"up":[{"embeddable":true,"href":"https:\/\/www.accuratereviews.com\/it\/wp-json\/wp\/v2\/pages\/36208"}],"wp:featuredmedia":[{"embeddable":true,"href":"https:\/\/www.accuratereviews.com\/it\/wp-json\/wp\/v2\/media\/34361"}],"wp:attachment":[{"href":"https:\/\/www.accuratereviews.com\/it\/wp-json\/wp\/v2\/media?parent=34357"}],"wp:term":[{"taxonomy":"category","embeddable":true,"href":"https:\/\/www.accuratereviews.com\/it\/wp-json\/wp\/v2\/categories?post=34357"},{"taxonomy":"post_tag","embeddable":true,"href":"https:\/\/www.accuratereviews.com\/it\/wp-json\/wp\/v2\/tags?post=34357"},{"taxonomy":"features","embeddable":true,"href":"https:\/\/www.accuratereviews.com\/it\/wp-json\/wp\/v2\/features?post=34357"}],"curies":[{"name":"wp","href":"https:\/\/api.w.org\/{rel}","templated":true}]}}