{"id":34368,"date":"2020-12-30T15:22:49","date_gmt":"2020-12-30T15:22:49","guid":{"rendered":"https:\/\/www.accuratereviews.com\/?page_id=34368"},"modified":"2021-03-17T11:33:04","modified_gmt":"2021-03-17T11:33:04","slug":"hibob-recensione","status":"publish","type":"page","link":"https:\/\/www.accuratereviews.com\/it\/piattaforme-di-welfare-aziendale-lista\/hibob-recensione\/","title":{"rendered":"Hibob"},"content":{"rendered":"<p><strong>Hibob<\/strong> \u00e8 una <strong>soluzione di gestione delle risorse umane<\/strong> (HRM) progettata per migliorare l&#8217;esperienza dei dipendenti e il ciclo di vita per le aziende con pi\u00f9 di 50 dipendenti, con un focus sulle medie imprese. \u00c8 una piattaforma basata sulla progettazione che combina funzionalit\u00e0 di gestione del capitale umano (HCM) con funzionalit\u00e0 di UI \/ UX adattabili. <strong>Hibob<\/strong> ha costruito il suo sistema di risorse umane per aiutare le aziende ad attrarre, trattenere e coinvolgere la moderna forza lavoro. In qualit\u00e0 di piattaforma di gestione semplifica l&#8217;inserimento, la partecipazione e le revisioni delle prestazioni fornendo ai responsabili delle decisioni basate sui dati e strumenti di coinvolgimento. Le caratteristiche principali includono visualizzazioni del club, shoutout e sondaggi, nonch\u00e9 un archivio flessibile dei vantaggi. <strong>Bob<\/strong> \u00e8 perfettamente integrato con <strong>Slack, Comeet, Workable<\/strong>, un accesso e Google Calendar ed \u00e8 adattabile a qualsiasi ritmo di cambiamento e crescita aziendale.<\/p>\n<h2>HIBOB &#8211; TUTORIAL<\/h2>\n<p>Il video che segue mostra in 3 minuti come questo <strong>software di welfare aziendale <\/strong>pu\u00f2 migliorare la gestione del personale nella tua azienda:<\/p>\n<div id=\"fluid-wrapper-counter-1\" class=\"g1-fluid-wrapper \" style=\"width:686px;\">\n<div style=\"padding-bottom:56.268221574344%;\"><iframe loading=\"lazy\" title=\"Hibob in 3 minutes\" width=\"686\" height=\"386\" src=\"https:\/\/www.youtube.com\/embed\/EIQYplpXmRI?feature=oembed&amp;wmode=transparent&amp;autohide=1&amp;autoplay=0&amp;disablekb=0&amp;fs=1&amp;loop=0&amp;enablejsapi=1&amp;rel=0&amp;controls=2&amp;showinfo=0&amp;wmode=transparent&amp;autohide=2&amp;autoplay=0&amp;disablekb=0&amp;fs=1&amp;loop=0&amp;enablejsapi=1&amp;rel=0&amp;controls=2&amp;showinfo=1\" frameborder=\"0\" allow=\"accelerometer; autoplay; clipboard-write; encrypted-media; gyroscope; picture-in-picture\" allowfullscreen><\/iframe><\/div>\n<\/div>\n<h2>HIBOB &#8211; CARATTERISTICHE<\/h2>\n<ul>\n<li><strong>Analisi<\/strong>: quando devi prendere un&#8217;importante decisione, il software \u00e8 disponibile con dati, rapporti e analisi in tempo reale. Il filtro avanzato consente di visualizzare tutti i dati importanti, analizzare le informazioni aziendali e tenere traccia delle tendenze di analisi delle persone<\/li>\n<li><strong>Benefici<\/strong>: monitora facilmente i vantaggi in sospeso e attivi per i dipendenti, oltre ad aggiungerne altri a tuo piacimento. Offri i migliori vantaggi per attrarre e trattenere i migliori talenti. Pensioni, buoni, assicurazioni e vantaggi per l&#8217;iscrizione sono archiviati e gestiti in un unico luogo<\/li>\n<li><strong>Core HR:<\/strong> utilizza strumenti coinvolgenti per dipendenti e manager, come una visualizzazione unificata del dashboard e organigrammi dinamici. Consenti ai tuoi dipendenti di eseguire azioni HR in qualsiasi momento e rimanere aggiornati sugli eventi aziendali tramite la app mobile intuitiva<\/li>\n<li><strong>Definizione degli obiettivi<\/strong>: metti al primo posto lo sviluppo professionale del tuo personale con il meccanismo intuitivo per la definizione degli obiettivi. Dipendenti e manager saranno sempre allineati definendo benchmark chiari, monitorando i progressi e ottimizzando il coinvolgimento<\/li>\n<li><strong>Onboarding<\/strong>: crea un senso di appartenenza sin dal primo giorno con l&#8217;onboarding semplificato e personalizzato<\/li>\n<li><strong>Rapporti<\/strong>: genera report di insight sulle risorse umane istantaneamente tramite analisi avanzate delle persone<\/li>\n<li><strong>Flussi di lavoro<\/strong>: flussi di lavoro completamente personalizzabili e automatizzati assicurano che ogni fase dei processi venga completata al momento giusto, dalle persone giuste<\/li>\n<\/ul>\n<h4>LE RECENSIONI DEGLI UTENTI<\/h4>\n<h4 class=\"font-weight-bold mb-1 d-flex align-items-center\">Vilius \u010c.&#8221;Ottimo software completo per la gestione delle persone&#8221;<\/h4>\n<p><strong>Vantaggi: <\/strong>bob team \u00e8 estremamente agile e ricettivo al feedback. Le nuove funzionalit\u00e0 vengono introdotte frequentemente e ci sentiamo ascoltati quando parliamo con il servizio clienti.<\/p>\n<p><strong>Inconvenienti: <\/strong>Sicuramente la velocit\u00e0 dell&#8217;applicazione. \u00c8 lento e l&#8217;accesso richiede un&#8217;eternit\u00e0.<\/p>\n<h4 class=\"font-weight-bold mb-1 d-flex align-items-center\">Martyna J.&#8221;Recensione di HiBob&#8221;<\/h4>\n<p><strong>Commenti: <\/strong>Bob \u00e8 diventato il nostro principale sistema delle risorse umane e ci consente di tenere traccia di tutte le assenze e delle informazioni sui dipendenti. Lo usiamo anche come base per il libro paga mensile e utilizziamo vari rapporti. Bob offre una buona esperienza di onboarding per i nuovi arrivati e consente ai dipendenti di legare alcune informazioni aggiuntive e divertenti come hobby, preferenze alimentari, ecc.<\/p>\n<p><strong>Vantaggi: <\/strong>Assistenza clienti e gestione account molto facili da usare, utili e veloci, layout user-friendly.<\/p>\n<p><strong>Inconvenienti: <\/strong>A volte possono esserci funzionalit\u00e0 limitate: gli esempi includono l&#8217;impossibilit\u00e0 di modificare le risposte automatiche (onboarding) o l&#8217;adeguamento delle vacanze per i part-time.<\/p>\n<h4 class=\"font-weight-bold mb-1 d-flex align-items-center\">Mats S.&#8221;Fantastico prodotto&#8221;<\/h4>\n<p><strong>Commenti: <\/strong>Ottima implementazione e facile coinvolgimento degli utenti. Crea molti valori per noi.<\/p>\n<p><strong>Vantaggi: <\/strong>Gestione dei dati dei dipendenti con API moderne e molte funzioni legate al coinvolgimento e all&#8217;employeer branding. Il dipendente \u00e8 al centro dell&#8217;attenzione, non il reparto amministrativo.<\/p>\n<p><strong>Inconvenienti: <\/strong>Il prodotto \u00e8 ancora in fase di sviluppo. \u00c8 un pro e un contro allo stesso tempo. All&#8217;inizio ci mancavano alcune funzionalit\u00e0, ma vengono create continuamente nuove funzioni.<\/p>\n","protected":false},"excerpt":{"rendered":"<p>Hibob \u00e8 una soluzione di gestione delle risorse umane (HRM) progettata per migliorare l&#8217;esperienza dei dipendenti e il ciclo di vita per le aziende con pi\u00f9 di 50 dipendenti con un focus sulle medie imprese. Piattaforma basata sulla progettazione che combina funzionalit\u00e0 di gestione del capitale umano (HCM) con funzionalit\u00e0 di UI \/ UX adattabili.<\/p>\n","protected":false},"author":19,"featured_media":34378,"parent":36208,"menu_order":0,"comment_status":"open","ping_status":"closed","template":"g1_template_page_review_new.php","meta":{"_acf_changed":false,"cwp_meta_box_check":"Yes","cwp_rev_product_name":"","cwp_rev_product_image":"","wppr_links":[],"cwp_rev_price":"","wppr_options":[],"wppr_pros":[],"wppr_cons":[],"_monsterinsights_skip_tracking":false,"_monsterinsights_sitenote_active":false,"_monsterinsights_sitenote_note":"","_monsterinsights_sitenote_category":0,"footnotes":""},"categories":[4480],"tags":[4497,4591,4481,4483,4496,4482,4484],"features":[],"class_list":{"0":"post-34368","1":"page","2":"type-page","3":"status-publish","4":"has-post-thumbnail","6":"category-piattaforme-di-welfare-aziendale","7":"tag-gestione-risorse-umane","8":"tag-hibob","9":"tag-piattaforma-di-welfare-aziendale","10":"tag-programma-di-welfare-aziendale","11":"tag-risorse-umane","12":"tag-software-di-welfare-aziendale","13":"tag-soluzione-di-welfare-aziendale"},"wppr_data":{"cwp_meta_box_check":"Yes","cwp_rev_product_name":"","cwp_rev_product_image":"","cwp_image_link":"image","cwp_rev_price":"","wppr_rating":"0.00"},"acf":[],"yoast_head":"<!-- This site is optimized with the Yoast SEO plugin v27.4 - https:\/\/yoast.com\/product\/yoast-seo-wordpress\/ -->\n<title>Hibob: recensione software di welfare aziendale - Accurate Reviews<\/title>\n<meta name=\"description\" content=\"Hibob: recensione soluzione di gestione delle risorse umane (HRM) progettata per migliorare l&#039;esperienza lavorativa dei dipendenti.\" \/>\n<meta name=\"robots\" content=\"index, follow, max-snippet:-1, max-image-preview:large, max-video-preview:-1\" \/>\n<link rel=\"canonical\" href=\"https:\/\/www.accuratereviews.com\/it\/piattaforme-di-welfare-aziendale-lista\/hibob-recensione\/\" \/>\n<meta property=\"og:locale\" content=\"it_IT\" \/>\n<meta property=\"og:type\" content=\"article\" \/>\n<meta property=\"og:title\" content=\"Hibob: recensione software di welfare aziendale - Accurate Reviews\" \/>\n<meta property=\"og:description\" content=\"Hibob: recensione soluzione di gestione delle risorse umane (HRM) progettata per migliorare l&#039;esperienza lavorativa dei dipendenti.\" \/>\n<meta property=\"og:url\" content=\"https:\/\/www.accuratereviews.com\/it\/piattaforme-di-welfare-aziendale-lista\/hibob-recensione\/\" \/>\n<meta property=\"og:site_name\" content=\"Accurate Reviews\" \/>\n<meta property=\"article:modified_time\" content=\"2021-03-17T11:33:04+00:00\" \/>\n<meta property=\"og:image\" content=\"https:\/\/www.accuratereviews.com\/wp-content\/uploads\/2020\/12\/bob.png\" \/>\n\t<meta property=\"og:image:width\" content=\"200\" \/>\n\t<meta property=\"og:image:height\" content=\"200\" \/>\n\t<meta property=\"og:image:type\" content=\"image\/png\" \/>\n<meta name=\"twitter:card\" content=\"summary_large_image\" \/>\n<meta name=\"twitter:label1\" content=\"Tempo di lettura stimato\" \/>\n\t<meta name=\"twitter:data1\" content=\"3 minuti\" \/>\n<script type=\"application\/ld+json\" class=\"yoast-schema-graph\">{\"@context\":\"https:\\\/\\\/schema.org\",\"@graph\":[{\"@type\":\"WebPage\",\"@id\":\"https:\\\/\\\/www.accuratereviews.com\\\/it\\\/piattaforme-di-welfare-aziendale-lista\\\/hibob-recensione\\\/\",\"url\":\"https:\\\/\\\/www.accuratereviews.com\\\/it\\\/piattaforme-di-welfare-aziendale-lista\\\/hibob-recensione\\\/\",\"name\":\"Hibob: recensione software di welfare aziendale - Accurate Reviews\",\"isPartOf\":{\"@id\":\"https:\\\/\\\/www.accuratereviews.com\\\/it\\\/#website\"},\"primaryImageOfPage\":{\"@id\":\"https:\\\/\\\/www.accuratereviews.com\\\/it\\\/piattaforme-di-welfare-aziendale-lista\\\/hibob-recensione\\\/#primaryimage\"},\"image\":{\"@id\":\"https:\\\/\\\/www.accuratereviews.com\\\/it\\\/piattaforme-di-welfare-aziendale-lista\\\/hibob-recensione\\\/#primaryimage\"},\"thumbnailUrl\":\"https:\\\/\\\/www.accuratereviews.com\\\/wp-content\\\/uploads\\\/2020\\\/12\\\/bob.png\",\"datePublished\":\"2020-12-30T15:22:49+00:00\",\"dateModified\":\"2021-03-17T11:33:04+00:00\",\"description\":\"Hibob: recensione soluzione di gestione delle risorse umane (HRM) progettata per migliorare l'esperienza lavorativa dei dipendenti.\",\"breadcrumb\":{\"@id\":\"https:\\\/\\\/www.accuratereviews.com\\\/it\\\/piattaforme-di-welfare-aziendale-lista\\\/hibob-recensione\\\/#breadcrumb\"},\"inLanguage\":\"it-IT\",\"potentialAction\":[{\"@type\":\"ReadAction\",\"target\":[\"https:\\\/\\\/www.accuratereviews.com\\\/it\\\/piattaforme-di-welfare-aziendale-lista\\\/hibob-recensione\\\/\"]}]},{\"@type\":\"ImageObject\",\"inLanguage\":\"it-IT\",\"@id\":\"https:\\\/\\\/www.accuratereviews.com\\\/it\\\/piattaforme-di-welfare-aziendale-lista\\\/hibob-recensione\\\/#primaryimage\",\"url\":\"https:\\\/\\\/www.accuratereviews.com\\\/wp-content\\\/uploads\\\/2020\\\/12\\\/bob.png\",\"contentUrl\":\"https:\\\/\\\/www.accuratereviews.com\\\/wp-content\\\/uploads\\\/2020\\\/12\\\/bob.png\",\"width\":200,\"height\":200},{\"@type\":\"BreadcrumbList\",\"@id\":\"https:\\\/\\\/www.accuratereviews.com\\\/it\\\/piattaforme-di-welfare-aziendale-lista\\\/hibob-recensione\\\/#breadcrumb\",\"itemListElement\":[{\"@type\":\"ListItem\",\"position\":1,\"name\":\"Home\",\"item\":\"https:\\\/\\\/www.accuratereviews.com\\\/it\\\/\"},{\"@type\":\"ListItem\",\"position\":2,\"name\":\"Piattaforme di welfare aziendale\",\"item\":\"https:\\\/\\\/www.accuratereviews.com\\\/it\\\/piattaforme-di-welfare-aziendale-lista\\\/\"},{\"@type\":\"ListItem\",\"position\":3,\"name\":\"Hibob\"}]},{\"@type\":\"WebSite\",\"@id\":\"https:\\\/\\\/www.accuratereviews.com\\\/it\\\/#website\",\"url\":\"https:\\\/\\\/www.accuratereviews.com\\\/it\\\/\",\"name\":\"Accurate Reviews\",\"description\":\"\",\"potentialAction\":[{\"@type\":\"SearchAction\",\"target\":{\"@type\":\"EntryPoint\",\"urlTemplate\":\"https:\\\/\\\/www.accuratereviews.com\\\/it\\\/?s={search_term_string}\"},\"query-input\":{\"@type\":\"PropertyValueSpecification\",\"valueRequired\":true,\"valueName\":\"search_term_string\"}}],\"inLanguage\":\"it-IT\"}]}<\/script>\n<!-- \/ Yoast SEO plugin. -->","yoast_head_json":{"title":"Hibob: recensione software di welfare aziendale - Accurate Reviews","description":"Hibob: recensione soluzione di gestione delle risorse umane (HRM) progettata per migliorare l'esperienza lavorativa dei dipendenti.","robots":{"index":"index","follow":"follow","max-snippet":"max-snippet:-1","max-image-preview":"max-image-preview:large","max-video-preview":"max-video-preview:-1"},"canonical":"https:\/\/www.accuratereviews.com\/it\/piattaforme-di-welfare-aziendale-lista\/hibob-recensione\/","og_locale":"it_IT","og_type":"article","og_title":"Hibob: recensione software di welfare aziendale - Accurate Reviews","og_description":"Hibob: recensione soluzione di gestione delle risorse umane (HRM) progettata per migliorare l'esperienza lavorativa dei dipendenti.","og_url":"https:\/\/www.accuratereviews.com\/it\/piattaforme-di-welfare-aziendale-lista\/hibob-recensione\/","og_site_name":"Accurate Reviews","article_modified_time":"2021-03-17T11:33:04+00:00","og_image":[{"width":200,"height":200,"url":"https:\/\/www.accuratereviews.com\/wp-content\/uploads\/2020\/12\/bob.png","type":"image\/png"}],"twitter_card":"summary_large_image","twitter_misc":{"Tempo di lettura stimato":"3 minuti"},"schema":{"@context":"https:\/\/schema.org","@graph":[{"@type":"WebPage","@id":"https:\/\/www.accuratereviews.com\/it\/piattaforme-di-welfare-aziendale-lista\/hibob-recensione\/","url":"https:\/\/www.accuratereviews.com\/it\/piattaforme-di-welfare-aziendale-lista\/hibob-recensione\/","name":"Hibob: recensione software di welfare aziendale - Accurate Reviews","isPartOf":{"@id":"https:\/\/www.accuratereviews.com\/it\/#website"},"primaryImageOfPage":{"@id":"https:\/\/www.accuratereviews.com\/it\/piattaforme-di-welfare-aziendale-lista\/hibob-recensione\/#primaryimage"},"image":{"@id":"https:\/\/www.accuratereviews.com\/it\/piattaforme-di-welfare-aziendale-lista\/hibob-recensione\/#primaryimage"},"thumbnailUrl":"https:\/\/www.accuratereviews.com\/wp-content\/uploads\/2020\/12\/bob.png","datePublished":"2020-12-30T15:22:49+00:00","dateModified":"2021-03-17T11:33:04+00:00","description":"Hibob: recensione soluzione di gestione delle risorse umane (HRM) progettata per migliorare l'esperienza lavorativa dei dipendenti.","breadcrumb":{"@id":"https:\/\/www.accuratereviews.com\/it\/piattaforme-di-welfare-aziendale-lista\/hibob-recensione\/#breadcrumb"},"inLanguage":"it-IT","potentialAction":[{"@type":"ReadAction","target":["https:\/\/www.accuratereviews.com\/it\/piattaforme-di-welfare-aziendale-lista\/hibob-recensione\/"]}]},{"@type":"ImageObject","inLanguage":"it-IT","@id":"https:\/\/www.accuratereviews.com\/it\/piattaforme-di-welfare-aziendale-lista\/hibob-recensione\/#primaryimage","url":"https:\/\/www.accuratereviews.com\/wp-content\/uploads\/2020\/12\/bob.png","contentUrl":"https:\/\/www.accuratereviews.com\/wp-content\/uploads\/2020\/12\/bob.png","width":200,"height":200},{"@type":"BreadcrumbList","@id":"https:\/\/www.accuratereviews.com\/it\/piattaforme-di-welfare-aziendale-lista\/hibob-recensione\/#breadcrumb","itemListElement":[{"@type":"ListItem","position":1,"name":"Home","item":"https:\/\/www.accuratereviews.com\/it\/"},{"@type":"ListItem","position":2,"name":"Piattaforme di welfare aziendale","item":"https:\/\/www.accuratereviews.com\/it\/piattaforme-di-welfare-aziendale-lista\/"},{"@type":"ListItem","position":3,"name":"Hibob"}]},{"@type":"WebSite","@id":"https:\/\/www.accuratereviews.com\/it\/#website","url":"https:\/\/www.accuratereviews.com\/it\/","name":"Accurate Reviews","description":"","potentialAction":[{"@type":"SearchAction","target":{"@type":"EntryPoint","urlTemplate":"https:\/\/www.accuratereviews.com\/it\/?s={search_term_string}"},"query-input":{"@type":"PropertyValueSpecification","valueRequired":true,"valueName":"search_term_string"}}],"inLanguage":"it-IT"}]}},"_links":{"self":[{"href":"https:\/\/www.accuratereviews.com\/it\/wp-json\/wp\/v2\/pages\/34368","targetHints":{"allow":["GET"]}}],"collection":[{"href":"https:\/\/www.accuratereviews.com\/it\/wp-json\/wp\/v2\/pages"}],"about":[{"href":"https:\/\/www.accuratereviews.com\/it\/wp-json\/wp\/v2\/types\/page"}],"author":[{"embeddable":true,"href":"https:\/\/www.accuratereviews.com\/it\/wp-json\/wp\/v2\/users\/19"}],"replies":[{"embeddable":true,"href":"https:\/\/www.accuratereviews.com\/it\/wp-json\/wp\/v2\/comments?post=34368"}],"version-history":[{"count":14,"href":"https:\/\/www.accuratereviews.com\/it\/wp-json\/wp\/v2\/pages\/34368\/revisions"}],"predecessor-version":[{"id":36924,"href":"https:\/\/www.accuratereviews.com\/it\/wp-json\/wp\/v2\/pages\/34368\/revisions\/36924"}],"up":[{"embeddable":true,"href":"https:\/\/www.accuratereviews.com\/it\/wp-json\/wp\/v2\/pages\/36208"}],"wp:featuredmedia":[{"embeddable":true,"href":"https:\/\/www.accuratereviews.com\/it\/wp-json\/wp\/v2\/media\/34378"}],"wp:attachment":[{"href":"https:\/\/www.accuratereviews.com\/it\/wp-json\/wp\/v2\/media?parent=34368"}],"wp:term":[{"taxonomy":"category","embeddable":true,"href":"https:\/\/www.accuratereviews.com\/it\/wp-json\/wp\/v2\/categories?post=34368"},{"taxonomy":"post_tag","embeddable":true,"href":"https:\/\/www.accuratereviews.com\/it\/wp-json\/wp\/v2\/tags?post=34368"},{"taxonomy":"features","embeddable":true,"href":"https:\/\/www.accuratereviews.com\/it\/wp-json\/wp\/v2\/features?post=34368"}],"curies":[{"name":"wp","href":"https:\/\/api.w.org\/{rel}","templated":true}]}}