{"id":34388,"date":"2020-12-30T15:19:59","date_gmt":"2020-12-30T15:19:59","guid":{"rendered":"https:\/\/www.accuratereviews.com\/?page_id=34388"},"modified":"2021-03-17T11:33:03","modified_gmt":"2021-03-17T11:33:03","slug":"flock-recensione","status":"publish","type":"page","link":"https:\/\/www.accuratereviews.com\/it\/piattaforme-di-welfare-aziendale-lista\/flock-recensione\/","title":{"rendered":"Flock"},"content":{"rendered":"<p><strong>Flock<\/strong> \u00e8 una <strong>soluzione di gestione delle risorse umane<\/strong> basata su <strong>cloud<\/strong> che consente alle aziende di tutte le dimensioni di semplificare l&#8217;intero ciclo di onboarding, dalla pianificazione delle interviste ai candidati all&#8217;esecuzione dei controlli in background. Le caratteristiche principali includono la gestione delle risorse dei dipendenti, i rimborsi, le schede attivit\u00e0 integrate, le valutazioni della formazione. <strong>Flock<\/strong> offre un modulo di assunzione del personale, che aiuta i manager a tenere traccia dei profili dei candidati, monitorare i requisiti di pre-offerta e offrire lettere di lavoro a candidati selezionati. I rappresentanti delle risorse umane possono esaminare i piani di benefit, calcolare gli stipendi dei dipendenti e generare buste paga mensili. Inoltre, fornisce applicazioni mobili per dispositivi <strong>Android e iOS<\/strong> per i professionisti per ricevere notifiche di stipendio, aggiornare documenti e altro da posizioni remote.<\/p>\n<h2>FLOCK &#8211; TUTORIAL<\/h2>\n<p>Guardiamo insieme questo tutorial per notare quali siano i vantaggi per usare questo <strong>software di welfare aziendale<\/strong>:<\/p>\n<div id=\"fluid-wrapper-counter-1\" class=\"g1-fluid-wrapper \" style=\"width:686px;\">\n<div style=\"padding-bottom:56.268221574344%;\"><iframe loading=\"lazy\" title=\"Colonial Life + Flock Webinar\" width=\"686\" height=\"386\" src=\"https:\/\/www.youtube.com\/embed\/HkXih1SXpmU?feature=oembed&amp;wmode=transparent&amp;autohide=1&amp;autoplay=0&amp;disablekb=0&amp;fs=1&amp;loop=0&amp;enablejsapi=1&amp;rel=0&amp;controls=2&amp;showinfo=0&amp;wmode=transparent&amp;autohide=2&amp;autoplay=0&amp;disablekb=0&amp;fs=1&amp;loop=0&amp;enablejsapi=1&amp;rel=0&amp;controls=2&amp;showinfo=1\" frameborder=\"0\" allow=\"accelerometer; autoplay; clipboard-write; encrypted-media; gyroscope; picture-in-picture\" allowfullscreen><\/iframe><\/div>\n<\/div>\n<h3>FLOCK &#8211; CARATTERISTICHE<\/h3>\n<ul>\n<li><strong>Onboarding dei dipendenti<\/strong>: organizza l&#8217;ingresso<span class=\"JLqJ4b\" data-language-for-alternatives=\"it\" data-language-to-translate-into=\"en\" data-phrase-index=\"3\"><span class=\"JLqJ4b ChMk0b\" data-language-for-alternatives=\"it\" data-language-to-translate-into=\"en\" data-phrase-index=\"4\"> per i nuovi assunti con lettere di assunzione, attivit\u00e0 e flussi di lavoro ottimizzati per dispositivi mobili<\/span><\/span><\/li>\n<li><strong>Anniversari:<\/strong> f<span class=\"JLqJ4b\" data-language-for-alternatives=\"it\" data-language-to-translate-into=\"en\" data-phrase-index=\"3\"><span class=\"JLqJ4b ChMk0b\" data-language-for-alternatives=\"it\" data-language-to-translate-into=\"en\" data-phrase-index=\"4\">esteggia anniversari e feste di compleanno per aumentare il coinvolgimento degli impiegati. Resta connesso con i tuoi dipendenti con trasmissioni e sondaggi<\/span><\/span><\/li>\n<li><strong>Integrazione del libro paga:<\/strong><span class=\"JLqJ4b\" data-language-for-alternatives=\"it\" data-language-to-translate-into=\"en\" data-phrase-index=\"3\">\u00a0s<span class=\"JLqJ4b ChMk0b\" data-language-for-alternatives=\"it\" data-language-to-translate-into=\"en\" data-phrase-index=\"4\">incronizza il tuo libro paga con la piattaforma HR utilizzando connessioni API predefinite<\/span><\/span><\/li>\n<li><strong>Obiettivi<\/strong>:<span class=\"JLqJ4b\" data-language-for-alternatives=\"it\" data-language-to-translate-into=\"en\" data-phrase-index=\"3\">\u00a0s<span class=\"JLqJ4b ChMk0b\" data-language-for-alternatives=\"it\" data-language-to-translate-into=\"en\" data-phrase-index=\"4\">frutta il potere della tua forza lavoro collettiva comunicando obiettivi chiari con i quali dipendenti e manager possono partecipare<\/span><\/span><\/li>\n<li><strong>Gestisci il tempo:<\/strong> configura<span class=\"JLqJ4b\" data-language-for-alternatives=\"it\" data-language-to-translate-into=\"en\" data-phrase-index=\"1\"><span class=\"JLqJ4b ChMk0b\" data-language-for-alternatives=\"it\" data-language-to-translate-into=\"en\" data-phrase-index=\"2\"> le politiche di time-off. Approva le richieste di ferie e sincronizzale con il libro paga e il calendario di tua scelta: MS Outlook, Gmail o altri<\/span><\/span><\/li>\n<li><strong>Report pre-compilati:<\/strong><span class=\"JLqJ4b\" data-language-for-alternatives=\"it\" data-language-to-translate-into=\"en\" data-phrase-index=\"1\"> <span class=\"JLqJ4b ChMk0b\" data-language-for-alternatives=\"it\" data-language-to-translate-into=\"en\" data-phrase-index=\"2\">la soluzione fornisce un&#8217;ampia variet\u00e0 di rapporti pre-compilati e scaricabili tra cui risorse umane, vantaggi, dati sulle pari opportunit\u00e0, organico e fatturato<\/span><\/span><\/li>\n<\/ul>\n<h4>LE RECENSIONI DEGLI UTENTI<\/h4>\n<h4 class=\"font-weight-bold mb-1 d-flex align-items-center\">William C.&#8221;Ottimo prodotto, consiglio vivamente&#8221;<\/h4>\n<p><strong>Commenti: <\/strong>Nel complesso sono estremamente soddisfatto di Flock. Il prezzo e il servizio clienti mi faranno consigliare questo prodotto 10\/10. Le limitazioni sono un inconveniente, ma di solito c&#8217;\u00e8 una soluzione per non rovinare la mia esperienza.<\/p>\n<p><strong>Vantaggi: <\/strong>Questo software \u00e8 molto semplice da imparare e da implementare. In caso di domande, Flock dispone di un eccellente team di assistenza che mi aiuta lo stesso giorno, di solito entro un paio d&#8217;ore. Il prezzo \u00e8 un altro enorme punto di forza. \u00c8 possibile gestire molto da questa piattaforma a un prezzo eccellente.<\/p>\n<p><strong>Inconvenienti: <\/strong>La mia caratteristica meno apprezzata sono i limiti del software. Il sistema \u00e8 cos\u00ec facile da usare e meno costoso a causa di queste limitazioni. So che stanno aggiornando il pi\u00f9 possibile, ma funzionalit\u00e0 come la modifica di un W2 piuttosto che l&#8217;eliminazione e il reinvio sarebbero utili per il cliente.<\/p>\n<h4 class=\"font-weight-bold mb-1 d-flex align-items-center\">James C.&#8221;Facile&#8221;<\/h4>\n<p><strong>Commenti: <\/strong>Usiamo Flock al lavoro ogni giorno. \u00c8 facile da usare, facile da configurare e, onestamente, divertente da usare. Non ci perdiamo mai nulla, puoi impostare calendari insieme, condividere file e molte altre cose<\/p>\n<p><strong>Vantaggi: <\/strong>Questo software \u00e8 facile da configurare, funziona alla grande e mi aiuta a entrare in contatto con i miei colleghi al lavoro<\/p>\n<p><strong>Inconvenienti: <\/strong>Circa una volta alla settimana aggiornano la soluzione. Il che immagino sia positivo perch\u00e9 tengono aggiornato il loro software, ma anche un po &#8216;fastidioso dover aggiornare il software molto spesso<\/p>\n<h4 class=\"font-weight-bold mb-1 d-flex align-items-center\">Chris T.&#8221;Ottimo strumento per la nostra azienda&#8221;<\/h4>\n<p><strong>Commenti: <\/strong>Tiene il passo con il nostro accumulo di PTO molto bene e mantiene le cose facili da monitorare.<\/p>\n<p><strong>Vantaggi: <\/strong>La possibilit\u00e0 di vedere i documenti dei nostri dipendenti in un unico posto \u00e8 eccezionale e la possibilit\u00e0 di vedere le date importanti all&#8217;interno del portale e quando le persone si prendono le ferie \u00e8 molto utile. Abbiamo la possibilit\u00e0 di aggiungere calendari a Outlook che si sincronizzano con queste informazioni.<\/p>\n<p><strong>Inconvenienti: <\/strong>A volte la sincronizzazione del calendario si interrompe (ma mi suppongo sia un problema di Outlook).<\/p>\n","protected":false},"excerpt":{"rendered":"<p>Flock \u00e8 una soluzione di gestione delle risorse umane basata su cloud che consente alle aziende di tutte le dimensioni di semplificare l&#8217;intero ciclo di vita dell&#8217;onboarding, dalla pianificazione delle interviste ai candidati all&#8217;esecuzione dei controlli in background. Le caratteristiche principali includono la gestione delle risorse dei dipendenti, i rimborsi, le schede attivit\u00e0 integrate, le valutazioni della formazione.<\/p>\n","protected":false},"author":19,"featured_media":34390,"parent":36208,"menu_order":0,"comment_status":"open","ping_status":"closed","template":"g1_template_page_review_new.php","meta":{"_acf_changed":false,"cwp_meta_box_check":"Yes","cwp_rev_product_name":"","cwp_rev_product_image":"","wppr_links":[],"cwp_rev_price":"","wppr_options":[],"wppr_pros":[],"wppr_cons":[],"_monsterinsights_skip_tracking":false,"_monsterinsights_sitenote_active":false,"_monsterinsights_sitenote_note":"","_monsterinsights_sitenote_category":0,"footnotes":""},"categories":[4480],"tags":[396,4592,4498,4497,4481,4483,4496,4482,4484],"features":[],"class_list":{"0":"post-34388","1":"page","2":"type-page","3":"status-publish","4":"has-post-thumbnail","6":"category-piattaforme-di-welfare-aziendale","7":"tag-cloud","8":"tag-flock","9":"tag-gestione-del-personale","10":"tag-gestione-risorse-umane","11":"tag-piattaforma-di-welfare-aziendale","12":"tag-programma-di-welfare-aziendale","13":"tag-risorse-umane","14":"tag-software-di-welfare-aziendale","15":"tag-soluzione-di-welfare-aziendale"},"wppr_data":{"cwp_meta_box_check":"Yes","cwp_rev_product_name":"","cwp_rev_product_image":"","cwp_image_link":"image","cwp_rev_price":"","wppr_rating":"0.00"},"acf":[],"yoast_head":"<!-- This site is optimized with the Yoast SEO plugin v27.4 - https:\/\/yoast.com\/product\/yoast-seo-wordpress\/ -->\n<title>Flock: recensione software di welfare aziendale - Accurate Reviews<\/title>\n<meta name=\"description\" content=\"Flock: recensione soluzione di gestione delle risorse umane basata su cloud che semplifica l&#039;intero ciclo di vita dei dipendenti in azienda.\" \/>\n<meta name=\"robots\" content=\"index, follow, max-snippet:-1, max-image-preview:large, max-video-preview:-1\" \/>\n<link rel=\"canonical\" href=\"https:\/\/www.accuratereviews.com\/it\/piattaforme-di-welfare-aziendale-lista\/flock-recensione\/\" \/>\n<meta property=\"og:locale\" content=\"it_IT\" \/>\n<meta property=\"og:type\" content=\"article\" \/>\n<meta property=\"og:title\" content=\"Flock: recensione software di welfare aziendale - Accurate Reviews\" \/>\n<meta property=\"og:description\" content=\"Flock: recensione soluzione di gestione delle risorse umane basata su cloud che semplifica l&#039;intero ciclo di vita dei dipendenti in azienda.\" \/>\n<meta property=\"og:url\" content=\"https:\/\/www.accuratereviews.com\/it\/piattaforme-di-welfare-aziendale-lista\/flock-recensione\/\" \/>\n<meta property=\"og:site_name\" content=\"Accurate Reviews\" \/>\n<meta property=\"article:modified_time\" content=\"2021-03-17T11:33:03+00:00\" \/>\n<meta property=\"og:image\" content=\"https:\/\/www.accuratereviews.com\/wp-content\/uploads\/2020\/12\/Flock-scaled.jpeg\" \/>\n\t<meta property=\"og:image:width\" content=\"2560\" \/>\n\t<meta property=\"og:image:height\" content=\"1397\" \/>\n\t<meta property=\"og:image:type\" content=\"image\/jpeg\" \/>\n<meta name=\"twitter:card\" content=\"summary_large_image\" \/>\n<meta name=\"twitter:label1\" content=\"Tempo di lettura stimato\" \/>\n\t<meta name=\"twitter:data1\" content=\"3 minuti\" \/>\n<script type=\"application\/ld+json\" class=\"yoast-schema-graph\">{\"@context\":\"https:\\\/\\\/schema.org\",\"@graph\":[{\"@type\":\"WebPage\",\"@id\":\"https:\\\/\\\/www.accuratereviews.com\\\/it\\\/piattaforme-di-welfare-aziendale-lista\\\/flock-recensione\\\/\",\"url\":\"https:\\\/\\\/www.accuratereviews.com\\\/it\\\/piattaforme-di-welfare-aziendale-lista\\\/flock-recensione\\\/\",\"name\":\"Flock: recensione software di welfare aziendale - Accurate Reviews\",\"isPartOf\":{\"@id\":\"https:\\\/\\\/www.accuratereviews.com\\\/it\\\/#website\"},\"primaryImageOfPage\":{\"@id\":\"https:\\\/\\\/www.accuratereviews.com\\\/it\\\/piattaforme-di-welfare-aziendale-lista\\\/flock-recensione\\\/#primaryimage\"},\"image\":{\"@id\":\"https:\\\/\\\/www.accuratereviews.com\\\/it\\\/piattaforme-di-welfare-aziendale-lista\\\/flock-recensione\\\/#primaryimage\"},\"thumbnailUrl\":\"https:\\\/\\\/www.accuratereviews.com\\\/wp-content\\\/uploads\\\/2020\\\/12\\\/Flock-scaled.jpeg\",\"datePublished\":\"2020-12-30T15:19:59+00:00\",\"dateModified\":\"2021-03-17T11:33:03+00:00\",\"description\":\"Flock: recensione soluzione di gestione delle risorse umane basata su cloud che semplifica l'intero ciclo di vita dei dipendenti in azienda.\",\"breadcrumb\":{\"@id\":\"https:\\\/\\\/www.accuratereviews.com\\\/it\\\/piattaforme-di-welfare-aziendale-lista\\\/flock-recensione\\\/#breadcrumb\"},\"inLanguage\":\"it-IT\",\"potentialAction\":[{\"@type\":\"ReadAction\",\"target\":[\"https:\\\/\\\/www.accuratereviews.com\\\/it\\\/piattaforme-di-welfare-aziendale-lista\\\/flock-recensione\\\/\"]}]},{\"@type\":\"ImageObject\",\"inLanguage\":\"it-IT\",\"@id\":\"https:\\\/\\\/www.accuratereviews.com\\\/it\\\/piattaforme-di-welfare-aziendale-lista\\\/flock-recensione\\\/#primaryimage\",\"url\":\"https:\\\/\\\/www.accuratereviews.com\\\/wp-content\\\/uploads\\\/2020\\\/12\\\/Flock-scaled.jpeg\",\"contentUrl\":\"https:\\\/\\\/www.accuratereviews.com\\\/wp-content\\\/uploads\\\/2020\\\/12\\\/Flock-scaled.jpeg\",\"width\":2560,\"height\":1397,\"caption\":\"Flock logo (PRNewsFoto\\\/FLOCK)\"},{\"@type\":\"BreadcrumbList\",\"@id\":\"https:\\\/\\\/www.accuratereviews.com\\\/it\\\/piattaforme-di-welfare-aziendale-lista\\\/flock-recensione\\\/#breadcrumb\",\"itemListElement\":[{\"@type\":\"ListItem\",\"position\":1,\"name\":\"Home\",\"item\":\"https:\\\/\\\/www.accuratereviews.com\\\/it\\\/\"},{\"@type\":\"ListItem\",\"position\":2,\"name\":\"Piattaforme di welfare aziendale\",\"item\":\"https:\\\/\\\/www.accuratereviews.com\\\/it\\\/piattaforme-di-welfare-aziendale-lista\\\/\"},{\"@type\":\"ListItem\",\"position\":3,\"name\":\"Flock\"}]},{\"@type\":\"WebSite\",\"@id\":\"https:\\\/\\\/www.accuratereviews.com\\\/it\\\/#website\",\"url\":\"https:\\\/\\\/www.accuratereviews.com\\\/it\\\/\",\"name\":\"Accurate Reviews\",\"description\":\"\",\"potentialAction\":[{\"@type\":\"SearchAction\",\"target\":{\"@type\":\"EntryPoint\",\"urlTemplate\":\"https:\\\/\\\/www.accuratereviews.com\\\/it\\\/?s={search_term_string}\"},\"query-input\":{\"@type\":\"PropertyValueSpecification\",\"valueRequired\":true,\"valueName\":\"search_term_string\"}}],\"inLanguage\":\"it-IT\"}]}<\/script>\n<!-- \/ Yoast SEO plugin. -->","yoast_head_json":{"title":"Flock: recensione software di welfare aziendale - Accurate Reviews","description":"Flock: recensione soluzione di gestione delle risorse umane basata su cloud che semplifica l'intero ciclo di vita dei dipendenti in azienda.","robots":{"index":"index","follow":"follow","max-snippet":"max-snippet:-1","max-image-preview":"max-image-preview:large","max-video-preview":"max-video-preview:-1"},"canonical":"https:\/\/www.accuratereviews.com\/it\/piattaforme-di-welfare-aziendale-lista\/flock-recensione\/","og_locale":"it_IT","og_type":"article","og_title":"Flock: recensione software di welfare aziendale - Accurate Reviews","og_description":"Flock: recensione soluzione di gestione delle risorse umane basata su cloud che semplifica l'intero ciclo di vita dei dipendenti in azienda.","og_url":"https:\/\/www.accuratereviews.com\/it\/piattaforme-di-welfare-aziendale-lista\/flock-recensione\/","og_site_name":"Accurate Reviews","article_modified_time":"2021-03-17T11:33:03+00:00","og_image":[{"width":2560,"height":1397,"url":"https:\/\/www.accuratereviews.com\/wp-content\/uploads\/2020\/12\/Flock-scaled.jpeg","type":"image\/jpeg"}],"twitter_card":"summary_large_image","twitter_misc":{"Tempo di lettura stimato":"3 minuti"},"schema":{"@context":"https:\/\/schema.org","@graph":[{"@type":"WebPage","@id":"https:\/\/www.accuratereviews.com\/it\/piattaforme-di-welfare-aziendale-lista\/flock-recensione\/","url":"https:\/\/www.accuratereviews.com\/it\/piattaforme-di-welfare-aziendale-lista\/flock-recensione\/","name":"Flock: recensione software di welfare aziendale - Accurate Reviews","isPartOf":{"@id":"https:\/\/www.accuratereviews.com\/it\/#website"},"primaryImageOfPage":{"@id":"https:\/\/www.accuratereviews.com\/it\/piattaforme-di-welfare-aziendale-lista\/flock-recensione\/#primaryimage"},"image":{"@id":"https:\/\/www.accuratereviews.com\/it\/piattaforme-di-welfare-aziendale-lista\/flock-recensione\/#primaryimage"},"thumbnailUrl":"https:\/\/www.accuratereviews.com\/wp-content\/uploads\/2020\/12\/Flock-scaled.jpeg","datePublished":"2020-12-30T15:19:59+00:00","dateModified":"2021-03-17T11:33:03+00:00","description":"Flock: recensione soluzione di gestione delle risorse umane basata su cloud che semplifica l'intero ciclo di vita dei dipendenti in azienda.","breadcrumb":{"@id":"https:\/\/www.accuratereviews.com\/it\/piattaforme-di-welfare-aziendale-lista\/flock-recensione\/#breadcrumb"},"inLanguage":"it-IT","potentialAction":[{"@type":"ReadAction","target":["https:\/\/www.accuratereviews.com\/it\/piattaforme-di-welfare-aziendale-lista\/flock-recensione\/"]}]},{"@type":"ImageObject","inLanguage":"it-IT","@id":"https:\/\/www.accuratereviews.com\/it\/piattaforme-di-welfare-aziendale-lista\/flock-recensione\/#primaryimage","url":"https:\/\/www.accuratereviews.com\/wp-content\/uploads\/2020\/12\/Flock-scaled.jpeg","contentUrl":"https:\/\/www.accuratereviews.com\/wp-content\/uploads\/2020\/12\/Flock-scaled.jpeg","width":2560,"height":1397,"caption":"Flock logo (PRNewsFoto\/FLOCK)"},{"@type":"BreadcrumbList","@id":"https:\/\/www.accuratereviews.com\/it\/piattaforme-di-welfare-aziendale-lista\/flock-recensione\/#breadcrumb","itemListElement":[{"@type":"ListItem","position":1,"name":"Home","item":"https:\/\/www.accuratereviews.com\/it\/"},{"@type":"ListItem","position":2,"name":"Piattaforme di welfare aziendale","item":"https:\/\/www.accuratereviews.com\/it\/piattaforme-di-welfare-aziendale-lista\/"},{"@type":"ListItem","position":3,"name":"Flock"}]},{"@type":"WebSite","@id":"https:\/\/www.accuratereviews.com\/it\/#website","url":"https:\/\/www.accuratereviews.com\/it\/","name":"Accurate Reviews","description":"","potentialAction":[{"@type":"SearchAction","target":{"@type":"EntryPoint","urlTemplate":"https:\/\/www.accuratereviews.com\/it\/?s={search_term_string}"},"query-input":{"@type":"PropertyValueSpecification","valueRequired":true,"valueName":"search_term_string"}}],"inLanguage":"it-IT"}]}},"_links":{"self":[{"href":"https:\/\/www.accuratereviews.com\/it\/wp-json\/wp\/v2\/pages\/34388","targetHints":{"allow":["GET"]}}],"collection":[{"href":"https:\/\/www.accuratereviews.com\/it\/wp-json\/wp\/v2\/pages"}],"about":[{"href":"https:\/\/www.accuratereviews.com\/it\/wp-json\/wp\/v2\/types\/page"}],"author":[{"embeddable":true,"href":"https:\/\/www.accuratereviews.com\/it\/wp-json\/wp\/v2\/users\/19"}],"replies":[{"embeddable":true,"href":"https:\/\/www.accuratereviews.com\/it\/wp-json\/wp\/v2\/comments?post=34388"}],"version-history":[{"count":11,"href":"https:\/\/www.accuratereviews.com\/it\/wp-json\/wp\/v2\/pages\/34388\/revisions"}],"predecessor-version":[{"id":36920,"href":"https:\/\/www.accuratereviews.com\/it\/wp-json\/wp\/v2\/pages\/34388\/revisions\/36920"}],"up":[{"embeddable":true,"href":"https:\/\/www.accuratereviews.com\/it\/wp-json\/wp\/v2\/pages\/36208"}],"wp:featuredmedia":[{"embeddable":true,"href":"https:\/\/www.accuratereviews.com\/it\/wp-json\/wp\/v2\/media\/34390"}],"wp:attachment":[{"href":"https:\/\/www.accuratereviews.com\/it\/wp-json\/wp\/v2\/media?parent=34388"}],"wp:term":[{"taxonomy":"category","embeddable":true,"href":"https:\/\/www.accuratereviews.com\/it\/wp-json\/wp\/v2\/categories?post=34388"},{"taxonomy":"post_tag","embeddable":true,"href":"https:\/\/www.accuratereviews.com\/it\/wp-json\/wp\/v2\/tags?post=34388"},{"taxonomy":"features","embeddable":true,"href":"https:\/\/www.accuratereviews.com\/it\/wp-json\/wp\/v2\/features?post=34388"}],"curies":[{"name":"wp","href":"https:\/\/api.w.org\/{rel}","templated":true}]}}