{"id":34401,"date":"2020-12-31T14:02:43","date_gmt":"2020-12-31T14:02:43","guid":{"rendered":"https:\/\/www.accuratereviews.com\/?page_id=34401"},"modified":"2021-03-17T11:33:01","modified_gmt":"2021-03-17T11:33:01","slug":"collage-recensione","status":"publish","type":"page","link":"https:\/\/www.accuratereviews.com\/it\/piattaforme-di-welfare-aziendale-lista\/collage-recensione\/","title":{"rendered":"Collage"},"content":{"rendered":"<p><strong>Collage<\/strong> \u00e8 una <strong>piattaforma di gestione delle risorse umane<\/strong> (HR) e dei vantaggi basata su <strong>cloud<\/strong> creata per le esigenze delle piccole e medie imprese. La soluzione digitalizza anche l&#8217;iscrizione ai benefit di gruppo e pu\u00f2 sincronizzarsi con qualsiasi compagnia assicurativa. Le funzionalit\u00e0 della piattaforma includono la tenuta dei registri dei dipendenti, l&#8217;inserimento di nuove assunzioni, l&#8217;amministrazione dei vantaggi digitali, il monitoraggio del tempo libero, il reclutamento (ATS), le revisioni delle prestazioni, i rapporti sulle risorse umane e un servizio di buste paga completamente gestito. I dipendenti possono accedere ai propri profili tramite il portale self-service aggiornando le proprie informazioni personali, di contatto, fiscali e bancarie, nonch\u00e9 effettuare richieste di sospensione tramite la funzione di sospensione mobile. La piattaforma \u00e8 conforme alle best practice del settore per la sicurezza dei dati e gli amministratori possono proteggere ulteriormente i dati sensibili con autorizzazioni e controlli di accesso.<\/p>\n<h2>COLLAGE &#8211; TUTORIAL<\/h2>\n<p>Ecco un tutorial che illustra i principali strumenti di questo <strong>software di welfare aziendale<\/strong>:<\/p>\n<div id=\"fluid-wrapper-counter-1\" class=\"g1-fluid-wrapper \" style=\"width:686px;\">\n<div style=\"padding-bottom:56.268221574344%;\"><iframe loading=\"lazy\" title=\"Collage Managed Payroll\" width=\"686\" height=\"386\" src=\"https:\/\/www.youtube.com\/embed\/0nzzP9xh03U?feature=oembed&amp;wmode=transparent&amp;autohide=1&amp;autoplay=0&amp;disablekb=0&amp;fs=1&amp;loop=0&amp;enablejsapi=1&amp;rel=0&amp;controls=2&amp;showinfo=0&amp;wmode=transparent&amp;autohide=2&amp;autoplay=0&amp;disablekb=0&amp;fs=1&amp;loop=0&amp;enablejsapi=1&amp;rel=0&amp;controls=2&amp;showinfo=1\" frameborder=\"0\" allow=\"accelerometer; autoplay; clipboard-write; encrypted-media; gyroscope; picture-in-picture\" allowfullscreen><\/iframe><\/div>\n<\/div>\n<h3>COLLAGE &#8211; CARATTERISTICHE<\/h3>\n<ul>\n<li><strong>Dipendenti:<\/strong> raccogli e archivia le informazioni di onboarding dei dipendenti, i documenti di firma elettronica, monitora le informazioni sul lavoro e sulla retribuzione nel tempo e altro ancora. Elimina i moduli cartacei e inizia a gestire i dati dei dipendenti con un sistema HR dinamico e intuitivo<\/li>\n<li><strong>Gestione del tempo libero:<\/strong> gestisci tutto ci\u00f2 che riguarda le vacanze, il congedo per malattia e altro ancora utilizzando questa soluzione. I dipendenti possono accedere e richiedere date di ferie, mentre i manager possono approvare o rifiutare con un clic. La piattaforma calcoler\u00e0 automaticamente i saldi e gli accantonamenti dei dipendenti in base alle regole personalizzate che hai impostato per la tua azienda<\/li>\n<li><strong>Revisioni delle prestazioni:<\/strong> il software consente di raccogliere dati sulle prestazioni dei dipendenti con uno sforzo notevolmente inferiore. La piattaforma ha una variet\u00e0 di moduli di prestazioni che cambieranno il modo in cui gestisci il tuo team: dalle revisioni a 360 gradi ai sondaggi sui dipendenti, al monitoraggio degli obiettivi e altro ancora<\/li>\n<li><strong>Amministrazione del piano vantaggi<\/strong>: sincronizza il tuo piano di benefit con la piattaforma delle risorse umane, il che significa che non dovrai mai toccare un modulo di iscrizione o eseguire nuovamente la doppia immissione dei dati. I dipendenti possono completare le loro iscrizioni alla piattaforma durante l&#8217;onboarding delle risorse umane e tutti i dati verranno sincronizzati con il tuo fornitore di vantaggi<\/li>\n<li><strong>Reclutamento (sistema di monitoraggio dei candidati)<\/strong>: semplifica la gestione di un processo di reclutamento per i nuovi assunti. Crea una bacheca di lavoro personalizzata con il tuo marchio in pochi secondi e inizia a pubblicare offerte di lavoro online<\/li>\n<li><strong>Rapporti personalizzati<\/strong>: le grandi aziende utilizzano i dati per prendere decisioni migliori sulle risorse umane. Con questa soluzione, accedi a un&#8217;ampia variet\u00e0 di rapporti pronti all&#8217;uso oppure puoi crearne uno tuo con il generatore di rapporti personalizzato. I report sono ordinabili, filtrabili ed esportabili nei formati excel o csv<\/li>\n<\/ul>\n<h4>LE RECENSIONI DEGLI UTENTI<\/h4>\n<h4 class=\"font-weight-bold mb-1 d-flex align-items-center\">Jonas B.&#8221;La soluzione giusta al momento giusto&#8221;<\/h4>\n<p><strong>Commenti: <\/strong>Collage \u00e8 un partner fantastico. Dal processo di inserimento al supporto occasionale, sono professionali, amichevoli e bravi in quello che fanno!<\/p>\n<p><strong>Vantaggi: <\/strong>Il sistema \u00e8 molto intuitivo e facile da usare. Sia il personale amministrativo che i dipendenti apprezzano la semplicit\u00e0 della piattaforma.<\/p>\n<p><strong>Inconvenienti: <\/strong>Vorrei pensare e progettare nella politica delle risorse umane e nei requisiti delle procedure che un&#8217;azienda ha. Un&#8217;app per i criteri di gestione della documentazione e delle revisioni aiuterebbe davvero a gestire un processo travolgente.<\/p>\n<h4 class=\"font-weight-bold mb-1 d-flex align-items-center\">Gabe D.&#8221;Considera Collage: servizio clienti eccezionale, molto sensibile alle nostre esigenze!&#8221;<\/h4>\n<p><strong>Commenti: <\/strong>Abbiamo utilizzato Collage con funzionalit\u00e0 (volutamente) limitate per assicurarci che si adattasse alle nostre crescenti esigenze e stiamo adottando misure per utilizzarlo come principale portale HR della nostra azienda<\/p>\n<p><strong>Vantaggi: <\/strong>La facilit\u00e0 d&#8217;uso, la programmazione intuitiva per l&#8217;utente finale, semplice per l&#8217;amministratore: tutto ci\u00f2 \u00e8 stato progettato pensando all&#8217;utente finale<\/p>\n<p><strong>Inconvenienti: <\/strong>Nelle sezioni di fatturazione e dopo aver ricevuto le fatture, sarebbe utile un po &#8216;pi\u00f9 di chiarezza sui costi per transazioni, modifiche e aggiunte, ma a un esame pi\u00f9 attento, la fatturazione \/ fatturazione ha senso. Quando interrogato, la risposta di Collage \u00e8 stata tempestiva e accurata.<\/p>\n<h4 class=\"font-weight-bold mb-1 d-flex align-items-center\">Natalie B.&#8221;Amo Collage&#8221;<\/h4>\n<p><strong>Commenti: <\/strong>Con CollageHR, ottieni un ottimo rapporto qualit\u00e0-prezzo, un servizio clienti eccezionale e una piattaforma molto facile da personalizzare. CollageHR offre anche una sezione di feedback in cui puoi fornire suggerimenti e idee mentre migliorano e adattano continuamente la loro piattaforma per soddisfare le esigenze dei loro clienti.<\/p>\n<p><strong>Vantaggi: <\/strong>C&#8217;\u00e8 cos\u00ec tanto da amare in questo software. Tuttavia, se dovessi sceglierne solo uno, sarebbe la facilit\u00e0 d&#8217;uso. Questo software \u00e8 incredibilmente facile da usare! Sono in grado di personalizzare per capriccio e se avessi bisogno di aiuto, le mie domande ricevono una risposta in modo molto tempestivo.<\/p>\n<p><strong>Inconvenienti: <\/strong>Direi che l&#8217;unica cosa che sento che manca a questo software \u00e8 un&#8217;app. Mi piacerebbe che fosse un&#8217;app mobile. Si spera che questo sia qualcosa che \u00e8 in lavorazione.<\/p>\n","protected":false},"excerpt":{"rendered":"<p>Collage \u00e8 una piattaforma di gestione delle risorse umane (HR) e dei vantaggi basata su cloud creata per le esigenze delle piccole e medie imprese. La soluzione digitalizza anche l&#8217;iscrizione ai benefit di gruppo e pu\u00f2 sincronizzarsi con qualsiasi compagnia assicurativa. Le funzionalit\u00e0 della piattaforma includono la tenuta dei registri dei dipendenti, l&#8217;inserimento di nuove assunzioni, l&#8217;amministrazione dei vantaggi digitali e molto altro ancora.<\/p>\n","protected":false},"author":19,"featured_media":34404,"parent":36208,"menu_order":0,"comment_status":"open","ping_status":"closed","template":"g1_template_page_review_new.php","meta":{"_acf_changed":false,"cwp_meta_box_check":"Yes","cwp_rev_product_name":"","cwp_rev_product_image":"","wppr_links":[],"cwp_rev_price":"","wppr_options":[],"wppr_pros":[],"wppr_cons":[],"_monsterinsights_skip_tracking":false,"_monsterinsights_sitenote_active":false,"_monsterinsights_sitenote_note":"","_monsterinsights_sitenote_category":0,"footnotes":""},"categories":[4480],"tags":[396,585,4498,4497,4481,4483,4496,4482,4484],"features":[],"class_list":{"0":"post-34401","1":"page","2":"type-page","3":"status-publish","4":"has-post-thumbnail","6":"category-piattaforme-di-welfare-aziendale","7":"tag-cloud","8":"tag-collage","9":"tag-gestione-del-personale","10":"tag-gestione-risorse-umane","11":"tag-piattaforma-di-welfare-aziendale","12":"tag-programma-di-welfare-aziendale","13":"tag-risorse-umane","14":"tag-software-di-welfare-aziendale","15":"tag-soluzione-di-welfare-aziendale"},"wppr_data":{"cwp_meta_box_check":"Yes","cwp_rev_product_name":"","cwp_rev_product_image":"","cwp_image_link":"image","cwp_rev_price":"","wppr_rating":"0.00"},"acf":[],"yoast_head":"<!-- This site is optimized with the Yoast SEO plugin v27.4 - https:\/\/yoast.com\/product\/yoast-seo-wordpress\/ -->\n<title>Collage: recensione software di welfare aziendale - Accurate Reviews<\/title>\n<meta name=\"description\" content=\"Collage: recensione software di gestione delle risorse umane (HR) basata su cloud creata per le esigenze delle piccole e medie imprese.\" \/>\n<meta name=\"robots\" content=\"index, follow, max-snippet:-1, max-image-preview:large, max-video-preview:-1\" \/>\n<link rel=\"canonical\" href=\"https:\/\/www.accuratereviews.com\/it\/piattaforme-di-welfare-aziendale-lista\/collage-recensione\/\" \/>\n<meta property=\"og:locale\" content=\"it_IT\" \/>\n<meta property=\"og:type\" content=\"article\" \/>\n<meta property=\"og:title\" content=\"Collage: recensione software di welfare aziendale - Accurate Reviews\" \/>\n<meta property=\"og:description\" content=\"Collage: recensione software di gestione delle risorse umane (HR) basata su cloud creata per le esigenze delle piccole e medie imprese.\" \/>\n<meta property=\"og:url\" content=\"https:\/\/www.accuratereviews.com\/it\/piattaforme-di-welfare-aziendale-lista\/collage-recensione\/\" \/>\n<meta property=\"og:site_name\" content=\"Accurate Reviews\" \/>\n<meta property=\"article:modified_time\" content=\"2021-03-17T11:33:01+00:00\" \/>\n<meta property=\"og:image\" content=\"https:\/\/www.accuratereviews.com\/wp-content\/uploads\/2020\/12\/collage.png\" \/>\n\t<meta property=\"og:image:width\" content=\"1016\" \/>\n\t<meta property=\"og:image:height\" content=\"384\" \/>\n\t<meta property=\"og:image:type\" content=\"image\/png\" \/>\n<meta name=\"twitter:card\" content=\"summary_large_image\" \/>\n<meta name=\"twitter:label1\" content=\"Tempo di lettura stimato\" \/>\n\t<meta name=\"twitter:data1\" content=\"4 minuti\" \/>\n<script type=\"application\/ld+json\" class=\"yoast-schema-graph\">{\"@context\":\"https:\\\/\\\/schema.org\",\"@graph\":[{\"@type\":\"WebPage\",\"@id\":\"https:\\\/\\\/www.accuratereviews.com\\\/it\\\/piattaforme-di-welfare-aziendale-lista\\\/collage-recensione\\\/\",\"url\":\"https:\\\/\\\/www.accuratereviews.com\\\/it\\\/piattaforme-di-welfare-aziendale-lista\\\/collage-recensione\\\/\",\"name\":\"Collage: recensione software di welfare aziendale - Accurate Reviews\",\"isPartOf\":{\"@id\":\"https:\\\/\\\/www.accuratereviews.com\\\/it\\\/#website\"},\"primaryImageOfPage\":{\"@id\":\"https:\\\/\\\/www.accuratereviews.com\\\/it\\\/piattaforme-di-welfare-aziendale-lista\\\/collage-recensione\\\/#primaryimage\"},\"image\":{\"@id\":\"https:\\\/\\\/www.accuratereviews.com\\\/it\\\/piattaforme-di-welfare-aziendale-lista\\\/collage-recensione\\\/#primaryimage\"},\"thumbnailUrl\":\"https:\\\/\\\/www.accuratereviews.com\\\/wp-content\\\/uploads\\\/2020\\\/12\\\/collage.png\",\"datePublished\":\"2020-12-31T14:02:43+00:00\",\"dateModified\":\"2021-03-17T11:33:01+00:00\",\"description\":\"Collage: recensione software di gestione delle risorse umane (HR) basata su cloud creata per le esigenze delle piccole e medie imprese.\",\"breadcrumb\":{\"@id\":\"https:\\\/\\\/www.accuratereviews.com\\\/it\\\/piattaforme-di-welfare-aziendale-lista\\\/collage-recensione\\\/#breadcrumb\"},\"inLanguage\":\"it-IT\",\"potentialAction\":[{\"@type\":\"ReadAction\",\"target\":[\"https:\\\/\\\/www.accuratereviews.com\\\/it\\\/piattaforme-di-welfare-aziendale-lista\\\/collage-recensione\\\/\"]}]},{\"@type\":\"ImageObject\",\"inLanguage\":\"it-IT\",\"@id\":\"https:\\\/\\\/www.accuratereviews.com\\\/it\\\/piattaforme-di-welfare-aziendale-lista\\\/collage-recensione\\\/#primaryimage\",\"url\":\"https:\\\/\\\/www.accuratereviews.com\\\/wp-content\\\/uploads\\\/2020\\\/12\\\/collage.png\",\"contentUrl\":\"https:\\\/\\\/www.accuratereviews.com\\\/wp-content\\\/uploads\\\/2020\\\/12\\\/collage.png\",\"width\":1016,\"height\":384},{\"@type\":\"BreadcrumbList\",\"@id\":\"https:\\\/\\\/www.accuratereviews.com\\\/it\\\/piattaforme-di-welfare-aziendale-lista\\\/collage-recensione\\\/#breadcrumb\",\"itemListElement\":[{\"@type\":\"ListItem\",\"position\":1,\"name\":\"Home\",\"item\":\"https:\\\/\\\/www.accuratereviews.com\\\/it\\\/\"},{\"@type\":\"ListItem\",\"position\":2,\"name\":\"Piattaforme di welfare aziendale\",\"item\":\"https:\\\/\\\/www.accuratereviews.com\\\/it\\\/piattaforme-di-welfare-aziendale-lista\\\/\"},{\"@type\":\"ListItem\",\"position\":3,\"name\":\"Collage\"}]},{\"@type\":\"WebSite\",\"@id\":\"https:\\\/\\\/www.accuratereviews.com\\\/it\\\/#website\",\"url\":\"https:\\\/\\\/www.accuratereviews.com\\\/it\\\/\",\"name\":\"Accurate Reviews\",\"description\":\"\",\"potentialAction\":[{\"@type\":\"SearchAction\",\"target\":{\"@type\":\"EntryPoint\",\"urlTemplate\":\"https:\\\/\\\/www.accuratereviews.com\\\/it\\\/?s={search_term_string}\"},\"query-input\":{\"@type\":\"PropertyValueSpecification\",\"valueRequired\":true,\"valueName\":\"search_term_string\"}}],\"inLanguage\":\"it-IT\"}]}<\/script>\n<!-- \/ Yoast SEO plugin. -->","yoast_head_json":{"title":"Collage: recensione software di welfare aziendale - Accurate Reviews","description":"Collage: recensione software di gestione delle risorse umane (HR) basata su cloud creata per le esigenze delle piccole e medie imprese.","robots":{"index":"index","follow":"follow","max-snippet":"max-snippet:-1","max-image-preview":"max-image-preview:large","max-video-preview":"max-video-preview:-1"},"canonical":"https:\/\/www.accuratereviews.com\/it\/piattaforme-di-welfare-aziendale-lista\/collage-recensione\/","og_locale":"it_IT","og_type":"article","og_title":"Collage: recensione software di welfare aziendale - Accurate Reviews","og_description":"Collage: recensione software di gestione delle risorse umane (HR) basata su cloud creata per le esigenze delle piccole e medie imprese.","og_url":"https:\/\/www.accuratereviews.com\/it\/piattaforme-di-welfare-aziendale-lista\/collage-recensione\/","og_site_name":"Accurate Reviews","article_modified_time":"2021-03-17T11:33:01+00:00","og_image":[{"width":1016,"height":384,"url":"https:\/\/www.accuratereviews.com\/wp-content\/uploads\/2020\/12\/collage.png","type":"image\/png"}],"twitter_card":"summary_large_image","twitter_misc":{"Tempo di lettura stimato":"4 minuti"},"schema":{"@context":"https:\/\/schema.org","@graph":[{"@type":"WebPage","@id":"https:\/\/www.accuratereviews.com\/it\/piattaforme-di-welfare-aziendale-lista\/collage-recensione\/","url":"https:\/\/www.accuratereviews.com\/it\/piattaforme-di-welfare-aziendale-lista\/collage-recensione\/","name":"Collage: recensione software di welfare aziendale - Accurate Reviews","isPartOf":{"@id":"https:\/\/www.accuratereviews.com\/it\/#website"},"primaryImageOfPage":{"@id":"https:\/\/www.accuratereviews.com\/it\/piattaforme-di-welfare-aziendale-lista\/collage-recensione\/#primaryimage"},"image":{"@id":"https:\/\/www.accuratereviews.com\/it\/piattaforme-di-welfare-aziendale-lista\/collage-recensione\/#primaryimage"},"thumbnailUrl":"https:\/\/www.accuratereviews.com\/wp-content\/uploads\/2020\/12\/collage.png","datePublished":"2020-12-31T14:02:43+00:00","dateModified":"2021-03-17T11:33:01+00:00","description":"Collage: recensione software di gestione delle risorse umane (HR) basata su cloud creata per le esigenze delle piccole e medie imprese.","breadcrumb":{"@id":"https:\/\/www.accuratereviews.com\/it\/piattaforme-di-welfare-aziendale-lista\/collage-recensione\/#breadcrumb"},"inLanguage":"it-IT","potentialAction":[{"@type":"ReadAction","target":["https:\/\/www.accuratereviews.com\/it\/piattaforme-di-welfare-aziendale-lista\/collage-recensione\/"]}]},{"@type":"ImageObject","inLanguage":"it-IT","@id":"https:\/\/www.accuratereviews.com\/it\/piattaforme-di-welfare-aziendale-lista\/collage-recensione\/#primaryimage","url":"https:\/\/www.accuratereviews.com\/wp-content\/uploads\/2020\/12\/collage.png","contentUrl":"https:\/\/www.accuratereviews.com\/wp-content\/uploads\/2020\/12\/collage.png","width":1016,"height":384},{"@type":"BreadcrumbList","@id":"https:\/\/www.accuratereviews.com\/it\/piattaforme-di-welfare-aziendale-lista\/collage-recensione\/#breadcrumb","itemListElement":[{"@type":"ListItem","position":1,"name":"Home","item":"https:\/\/www.accuratereviews.com\/it\/"},{"@type":"ListItem","position":2,"name":"Piattaforme di welfare aziendale","item":"https:\/\/www.accuratereviews.com\/it\/piattaforme-di-welfare-aziendale-lista\/"},{"@type":"ListItem","position":3,"name":"Collage"}]},{"@type":"WebSite","@id":"https:\/\/www.accuratereviews.com\/it\/#website","url":"https:\/\/www.accuratereviews.com\/it\/","name":"Accurate Reviews","description":"","potentialAction":[{"@type":"SearchAction","target":{"@type":"EntryPoint","urlTemplate":"https:\/\/www.accuratereviews.com\/it\/?s={search_term_string}"},"query-input":{"@type":"PropertyValueSpecification","valueRequired":true,"valueName":"search_term_string"}}],"inLanguage":"it-IT"}]}},"_links":{"self":[{"href":"https:\/\/www.accuratereviews.com\/it\/wp-json\/wp\/v2\/pages\/34401","targetHints":{"allow":["GET"]}}],"collection":[{"href":"https:\/\/www.accuratereviews.com\/it\/wp-json\/wp\/v2\/pages"}],"about":[{"href":"https:\/\/www.accuratereviews.com\/it\/wp-json\/wp\/v2\/types\/page"}],"author":[{"embeddable":true,"href":"https:\/\/www.accuratereviews.com\/it\/wp-json\/wp\/v2\/users\/19"}],"replies":[{"embeddable":true,"href":"https:\/\/www.accuratereviews.com\/it\/wp-json\/wp\/v2\/comments?post=34401"}],"version-history":[{"count":16,"href":"https:\/\/www.accuratereviews.com\/it\/wp-json\/wp\/v2\/pages\/34401\/revisions"}],"predecessor-version":[{"id":36912,"href":"https:\/\/www.accuratereviews.com\/it\/wp-json\/wp\/v2\/pages\/34401\/revisions\/36912"}],"up":[{"embeddable":true,"href":"https:\/\/www.accuratereviews.com\/it\/wp-json\/wp\/v2\/pages\/36208"}],"wp:featuredmedia":[{"embeddable":true,"href":"https:\/\/www.accuratereviews.com\/it\/wp-json\/wp\/v2\/media\/34404"}],"wp:attachment":[{"href":"https:\/\/www.accuratereviews.com\/it\/wp-json\/wp\/v2\/media?parent=34401"}],"wp:term":[{"taxonomy":"category","embeddable":true,"href":"https:\/\/www.accuratereviews.com\/it\/wp-json\/wp\/v2\/categories?post=34401"},{"taxonomy":"post_tag","embeddable":true,"href":"https:\/\/www.accuratereviews.com\/it\/wp-json\/wp\/v2\/tags?post=34401"},{"taxonomy":"features","embeddable":true,"href":"https:\/\/www.accuratereviews.com\/it\/wp-json\/wp\/v2\/features?post=34401"}],"curies":[{"name":"wp","href":"https:\/\/api.w.org\/{rel}","templated":true}]}}