{"id":34537,"date":"2021-01-21T16:13:12","date_gmt":"2021-01-21T16:13:12","guid":{"rendered":"https:\/\/www.accuratereviews.com\/?page_id=34537"},"modified":"2023-06-23T13:50:21","modified_gmt":"2023-06-23T13:50:21","slug":"titan-cms-recensione","status":"publish","type":"page","link":"https:\/\/www.accuratereviews.com\/it\/software-cms\/titan-cms-recensione\/","title":{"rendered":"Titan CMS"},"content":{"rendered":"<p id=\"tw-target-text\" class=\"tw-data-text tw-ta tw-text-small\" dir=\"ltr\" data-placeholder=\"Traduzione\"><span lang=\"it\" tabindex=\"0\"><strong>Titan CMS<\/strong> \u00e8 un&#8217;applicazione <strong>software per la gestione dei contenuti web<\/strong> che offre una vasta suite di funzionalit\u00e0 CMS affidabili e utili che danno quel tocco in pi\u00f9 ai \u00a0tuoi siti. Progettazione e sviluppo web, creazione e migrazione di contenuti, test di usabilit\u00e0 e ottimizzazione dei motori di ricerca (SEO) sono alcuni esempi delle innumerevoli caratteristiche di questo software. Con <strong>Titan CMS<\/strong>, gli utenti dispongono di una piattaforma che integra forma e funzionalit\u00e0 e consente di raggiungere gli obiettivi aziendali e orientare la propria azienda verso il successo. Progettato in modo flessibile e intuitivo, semplifica enormemente il processo di aggiornamento dei contenuti del sito web, grazie soprattutto all&#8217;editor WYSIWYG.\u00a0<\/span><\/p>\n<h2 dir=\"ltr\" data-placeholder=\"Traduzione\">TITAN CMS &#8211; TUTORIAL<\/h2>\n<p>Questo tutorial ci aiuter\u00e0 a comprendere meglio le funzionalit\u00e0 di questo software:<\/p>\n<div id=\"fluid-wrapper-counter-1\" class=\"g1-fluid-wrapper \" style=\"width:686px;\">\n<div style=\"padding-bottom:56.268221574344%;\"><iframe loading=\"lazy\" title=\"Titan CMS Workstation Tour\" width=\"686\" height=\"386\" src=\"https:\/\/www.youtube.com\/embed\/gY9pLyU8W0I?feature=oembed&amp;wmode=transparent&amp;autohide=1&amp;autoplay=0&amp;disablekb=0&amp;fs=1&amp;loop=0&amp;enablejsapi=1&amp;rel=0&amp;controls=2&amp;showinfo=0&amp;wmode=transparent&amp;autohide=2&amp;autoplay=0&amp;disablekb=0&amp;fs=1&amp;loop=0&amp;enablejsapi=1&amp;rel=0&amp;controls=2&amp;showinfo=1\" frameborder=\"0\" allow=\"accelerometer; autoplay; clipboard-write; encrypted-media; gyroscope; picture-in-picture; web-share\" allowfullscreen><\/iframe><\/div>\n<\/div>\n<h3><strong>TITAN CMS &#8211; CARATTERISTICHE<\/strong><\/h3>\n<ul>\n<li id=\"tw-target-text\" class=\"tw-data-text tw-ta tw-text-small\" dir=\"ltr\" data-placeholder=\"Traduzione\"><span lang=\"it\" tabindex=\"0\"><strong>Filtraggio dei contenuti<\/strong>: il filtro dei contenuti consente di organizzare articoli come cataloghi, blog, immagini, pagine ed eventi in modo semplice. Gli utenti possono selezionare tag o inserire parole chiave per restringere la ricerca<\/span><\/li>\n<li id=\"tw-target-text\" class=\"tw-data-text tw-ta tw-text-small\" dir=\"ltr\" data-placeholder=\"Traduzione\"><span lang=\"it\" tabindex=\"0\"><strong>Crea un catalogo<\/strong>: utilizza gli elenchi dati per creare facilmente un catalogo virtuale di prodotti che possono essere organizzati e visualizzati in base alle tue esigenze specifiche<\/span><\/li>\n<li id=\"tw-target-text\" class=\"tw-data-text tw-ta tw-text-small\" dir=\"ltr\" data-placeholder=\"Traduzione\"><span lang=\"it\" tabindex=\"0\"><strong> Disegni su misura<\/strong>: personalizza completamente il tuo sito, utilizzando il semplice editor WYSIWYG e l&#8217;intuitiva architettura Titan CMS Block, puoi creare pagine, progetti e contenuti personalizzati attraverso un&#8217;interfaccia facile da usare<\/span><\/li>\n<li id=\"tw-target-text\" class=\"tw-data-text tw-ta tw-text-small\" dir=\"ltr\" data-placeholder=\"Traduzione\"><span lang=\"it\" tabindex=\"0\"><strong>Gestioni siti Multipli<\/strong>: l&#8217;accesso e la modifica di pi\u00f9 siti Web non \u00e8 mai stato cos\u00ec facile. L&#8217;interfaccia CMS consente di navigare rapidamente tra diversi siti web, riducendo il lavoro e aumentando la produttivit\u00e0<\/span><\/li>\n<li class=\"tw-data-text tw-ta tw-text-small\" dir=\"ltr\" data-placeholder=\"Traduzione\"><span lang=\"it\" tabindex=\"0\"><strong>Ottimizza la tua posizione sui motori di ricerca<\/strong>: tenendo conto dei dati SEO personalizzati su ogni pagina che crei, Titan mette il tuo sito web (o app) nella posizione per avere successo, sfruttando gli algoritmi di Google e di altri motori di ricerca per ottimizzare le tue classifiche<\/span><\/li>\n<li class=\"tw-data-text tw-ta tw-text-small\" dir=\"ltr\" data-placeholder=\"Traduzione\"><span lang=\"it\" tabindex=\"0\"><strong>Mobile<\/strong>: i nostri modelli reattivi regoleranno automaticamente il contenuto del tuo sito web per adattarlo a ogni tipo di dispositivo. L&#8217;ottimizzazione del layout del tuo sito web su tutti i dispositivi garantisce che tutte le tue informazioni importanti vengano visualizzate in modo visibile indipendentemente dalle dimensioni dello schermo.<\/span><\/li>\n<\/ul>\n","protected":false},"excerpt":{"rendered":"<p>Titan CMS \u00e8 un&#8217;applicazione software per la gestione dei contenuti web che offre una vasta suite di funzionalit\u00e0 CMS affidabili e utili.<\/p>\n","protected":false},"author":17,"featured_media":16206,"parent":16175,"menu_order":0,"comment_status":"open","ping_status":"closed","template":"g1_template_page_review_new.php","meta":{"_acf_changed":false,"cwp_meta_box_check":"No","cwp_rev_product_name":"","cwp_rev_product_image":"","wppr_links":[],"cwp_rev_price":"","wppr_options":[],"wppr_pros":[],"wppr_cons":[],"_monsterinsights_skip_tracking":false,"_monsterinsights_sitenote_active":false,"_monsterinsights_sitenote_note":"","_monsterinsights_sitenote_category":0,"footnotes":""},"categories":[931],"tags":[943,934,901,933,942],"features":[],"class_list":{"0":"post-34537","1":"page","2":"type-page","3":"status-publish","4":"has-post-thumbnail","6":"category-cms","7":"tag-editor-wysiwyg","8":"tag-programma-cms","9":"tag-seo","10":"tag-software-cms","11":"tag-soluzione-cms"},"wppr_data":{"cwp_meta_box_check":"No"},"acf":[],"yoast_head":"<!-- This site is optimized with the Yoast SEO plugin v27.4 - https:\/\/yoast.com\/product\/yoast-seo-wordpress\/ -->\n<title>Titan CMS: recensione software CMS - Accurate Reviews<\/title>\n<meta name=\"description\" content=\"Titan CMS: recensione software per la gestione dei contenuti web che offre una vasta suite di funzionalit\u00e0 CMS affidabili e utili per i siti.\" \/>\n<meta name=\"robots\" content=\"index, follow, max-snippet:-1, max-image-preview:large, max-video-preview:-1\" \/>\n<link rel=\"canonical\" href=\"https:\/\/www.accuratereviews.com\/it\/software-cms\/titan-cms-recensione\/\" \/>\n<meta property=\"og:locale\" content=\"it_IT\" \/>\n<meta property=\"og:type\" content=\"article\" \/>\n<meta property=\"og:title\" content=\"Titan CMS: recensione software CMS - Accurate Reviews\" \/>\n<meta property=\"og:description\" content=\"Titan CMS: recensione software per la gestione dei contenuti web che offre una vasta suite di funzionalit\u00e0 CMS affidabili e utili per i siti.\" \/>\n<meta property=\"og:url\" content=\"https:\/\/www.accuratereviews.com\/it\/software-cms\/titan-cms-recensione\/\" \/>\n<meta property=\"og:site_name\" content=\"Accurate Reviews\" \/>\n<meta property=\"article:modified_time\" content=\"2023-06-23T13:50:21+00:00\" \/>\n<meta property=\"og:image\" content=\"https:\/\/www.accuratereviews.com\/wp-content\/uploads\/2019\/06\/TitanCMS7.0logo.jpg\" \/>\n\t<meta property=\"og:image:width\" content=\"768\" \/>\n\t<meta property=\"og:image:height\" content=\"567\" \/>\n\t<meta property=\"og:image:type\" content=\"image\/jpeg\" \/>\n<meta name=\"twitter:card\" content=\"summary_large_image\" \/>\n<meta name=\"twitter:label1\" content=\"Tempo di lettura stimato\" \/>\n\t<meta name=\"twitter:data1\" content=\"2 minuti\" \/>\n<script type=\"application\/ld+json\" class=\"yoast-schema-graph\">{\"@context\":\"https:\\\/\\\/schema.org\",\"@graph\":[{\"@type\":\"WebPage\",\"@id\":\"https:\\\/\\\/www.accuratereviews.com\\\/it\\\/software-cms\\\/titan-cms-recensione\\\/\",\"url\":\"https:\\\/\\\/www.accuratereviews.com\\\/it\\\/software-cms\\\/titan-cms-recensione\\\/\",\"name\":\"Titan CMS: recensione software CMS - Accurate Reviews\",\"isPartOf\":{\"@id\":\"https:\\\/\\\/www.accuratereviews.com\\\/it\\\/#website\"},\"primaryImageOfPage\":{\"@id\":\"https:\\\/\\\/www.accuratereviews.com\\\/it\\\/software-cms\\\/titan-cms-recensione\\\/#primaryimage\"},\"image\":{\"@id\":\"https:\\\/\\\/www.accuratereviews.com\\\/it\\\/software-cms\\\/titan-cms-recensione\\\/#primaryimage\"},\"thumbnailUrl\":\"https:\\\/\\\/www.accuratereviews.com\\\/wp-content\\\/uploads\\\/2019\\\/06\\\/TitanCMS7.0logo.jpg\",\"datePublished\":\"2021-01-21T16:13:12+00:00\",\"dateModified\":\"2023-06-23T13:50:21+00:00\",\"description\":\"Titan CMS: recensione software per la gestione dei contenuti web che offre una vasta suite di funzionalit\u00e0 CMS affidabili e utili per i siti.\",\"breadcrumb\":{\"@id\":\"https:\\\/\\\/www.accuratereviews.com\\\/it\\\/software-cms\\\/titan-cms-recensione\\\/#breadcrumb\"},\"inLanguage\":\"it-IT\",\"potentialAction\":[{\"@type\":\"ReadAction\",\"target\":[\"https:\\\/\\\/www.accuratereviews.com\\\/it\\\/software-cms\\\/titan-cms-recensione\\\/\"]}]},{\"@type\":\"ImageObject\",\"inLanguage\":\"it-IT\",\"@id\":\"https:\\\/\\\/www.accuratereviews.com\\\/it\\\/software-cms\\\/titan-cms-recensione\\\/#primaryimage\",\"url\":\"https:\\\/\\\/www.accuratereviews.com\\\/wp-content\\\/uploads\\\/2019\\\/06\\\/TitanCMS7.0logo.jpg\",\"contentUrl\":\"https:\\\/\\\/www.accuratereviews.com\\\/wp-content\\\/uploads\\\/2019\\\/06\\\/TitanCMS7.0logo.jpg\",\"width\":768,\"height\":567},{\"@type\":\"BreadcrumbList\",\"@id\":\"https:\\\/\\\/www.accuratereviews.com\\\/it\\\/software-cms\\\/titan-cms-recensione\\\/#breadcrumb\",\"itemListElement\":[{\"@type\":\"ListItem\",\"position\":1,\"name\":\"Home\",\"item\":\"https:\\\/\\\/www.accuratereviews.com\\\/it\\\/\"},{\"@type\":\"ListItem\",\"position\":2,\"name\":\"Software CMS\",\"item\":\"https:\\\/\\\/www.accuratereviews.com\\\/it\\\/software-cms\\\/\"},{\"@type\":\"ListItem\",\"position\":3,\"name\":\"Titan CMS\"}]},{\"@type\":\"WebSite\",\"@id\":\"https:\\\/\\\/www.accuratereviews.com\\\/it\\\/#website\",\"url\":\"https:\\\/\\\/www.accuratereviews.com\\\/it\\\/\",\"name\":\"Accurate Reviews\",\"description\":\"\",\"potentialAction\":[{\"@type\":\"SearchAction\",\"target\":{\"@type\":\"EntryPoint\",\"urlTemplate\":\"https:\\\/\\\/www.accuratereviews.com\\\/it\\\/?s={search_term_string}\"},\"query-input\":{\"@type\":\"PropertyValueSpecification\",\"valueRequired\":true,\"valueName\":\"search_term_string\"}}],\"inLanguage\":\"it-IT\"}]}<\/script>\n<!-- \/ Yoast SEO plugin. -->","yoast_head_json":{"title":"Titan CMS: recensione software CMS - Accurate Reviews","description":"Titan CMS: recensione software per la gestione dei contenuti web che offre una vasta suite di funzionalit\u00e0 CMS affidabili e utili per i siti.","robots":{"index":"index","follow":"follow","max-snippet":"max-snippet:-1","max-image-preview":"max-image-preview:large","max-video-preview":"max-video-preview:-1"},"canonical":"https:\/\/www.accuratereviews.com\/it\/software-cms\/titan-cms-recensione\/","og_locale":"it_IT","og_type":"article","og_title":"Titan CMS: recensione software CMS - Accurate Reviews","og_description":"Titan CMS: recensione software per la gestione dei contenuti web che offre una vasta suite di funzionalit\u00e0 CMS affidabili e utili per i siti.","og_url":"https:\/\/www.accuratereviews.com\/it\/software-cms\/titan-cms-recensione\/","og_site_name":"Accurate Reviews","article_modified_time":"2023-06-23T13:50:21+00:00","og_image":[{"width":768,"height":567,"url":"https:\/\/www.accuratereviews.com\/wp-content\/uploads\/2019\/06\/TitanCMS7.0logo.jpg","type":"image\/jpeg"}],"twitter_card":"summary_large_image","twitter_misc":{"Tempo di lettura stimato":"2 minuti"},"schema":{"@context":"https:\/\/schema.org","@graph":[{"@type":"WebPage","@id":"https:\/\/www.accuratereviews.com\/it\/software-cms\/titan-cms-recensione\/","url":"https:\/\/www.accuratereviews.com\/it\/software-cms\/titan-cms-recensione\/","name":"Titan CMS: recensione software CMS - Accurate Reviews","isPartOf":{"@id":"https:\/\/www.accuratereviews.com\/it\/#website"},"primaryImageOfPage":{"@id":"https:\/\/www.accuratereviews.com\/it\/software-cms\/titan-cms-recensione\/#primaryimage"},"image":{"@id":"https:\/\/www.accuratereviews.com\/it\/software-cms\/titan-cms-recensione\/#primaryimage"},"thumbnailUrl":"https:\/\/www.accuratereviews.com\/wp-content\/uploads\/2019\/06\/TitanCMS7.0logo.jpg","datePublished":"2021-01-21T16:13:12+00:00","dateModified":"2023-06-23T13:50:21+00:00","description":"Titan CMS: recensione software per la gestione dei contenuti web che offre una vasta suite di funzionalit\u00e0 CMS affidabili e utili per i siti.","breadcrumb":{"@id":"https:\/\/www.accuratereviews.com\/it\/software-cms\/titan-cms-recensione\/#breadcrumb"},"inLanguage":"it-IT","potentialAction":[{"@type":"ReadAction","target":["https:\/\/www.accuratereviews.com\/it\/software-cms\/titan-cms-recensione\/"]}]},{"@type":"ImageObject","inLanguage":"it-IT","@id":"https:\/\/www.accuratereviews.com\/it\/software-cms\/titan-cms-recensione\/#primaryimage","url":"https:\/\/www.accuratereviews.com\/wp-content\/uploads\/2019\/06\/TitanCMS7.0logo.jpg","contentUrl":"https:\/\/www.accuratereviews.com\/wp-content\/uploads\/2019\/06\/TitanCMS7.0logo.jpg","width":768,"height":567},{"@type":"BreadcrumbList","@id":"https:\/\/www.accuratereviews.com\/it\/software-cms\/titan-cms-recensione\/#breadcrumb","itemListElement":[{"@type":"ListItem","position":1,"name":"Home","item":"https:\/\/www.accuratereviews.com\/it\/"},{"@type":"ListItem","position":2,"name":"Software CMS","item":"https:\/\/www.accuratereviews.com\/it\/software-cms\/"},{"@type":"ListItem","position":3,"name":"Titan CMS"}]},{"@type":"WebSite","@id":"https:\/\/www.accuratereviews.com\/it\/#website","url":"https:\/\/www.accuratereviews.com\/it\/","name":"Accurate Reviews","description":"","potentialAction":[{"@type":"SearchAction","target":{"@type":"EntryPoint","urlTemplate":"https:\/\/www.accuratereviews.com\/it\/?s={search_term_string}"},"query-input":{"@type":"PropertyValueSpecification","valueRequired":true,"valueName":"search_term_string"}}],"inLanguage":"it-IT"}]}},"_links":{"self":[{"href":"https:\/\/www.accuratereviews.com\/it\/wp-json\/wp\/v2\/pages\/34537","targetHints":{"allow":["GET"]}}],"collection":[{"href":"https:\/\/www.accuratereviews.com\/it\/wp-json\/wp\/v2\/pages"}],"about":[{"href":"https:\/\/www.accuratereviews.com\/it\/wp-json\/wp\/v2\/types\/page"}],"author":[{"embeddable":true,"href":"https:\/\/www.accuratereviews.com\/it\/wp-json\/wp\/v2\/users\/17"}],"replies":[{"embeddable":true,"href":"https:\/\/www.accuratereviews.com\/it\/wp-json\/wp\/v2\/comments?post=34537"}],"version-history":[{"count":6,"href":"https:\/\/www.accuratereviews.com\/it\/wp-json\/wp\/v2\/pages\/34537\/revisions"}],"predecessor-version":[{"id":70357,"href":"https:\/\/www.accuratereviews.com\/it\/wp-json\/wp\/v2\/pages\/34537\/revisions\/70357"}],"up":[{"embeddable":true,"href":"https:\/\/www.accuratereviews.com\/it\/wp-json\/wp\/v2\/pages\/16175"}],"wp:featuredmedia":[{"embeddable":true,"href":"https:\/\/www.accuratereviews.com\/it\/wp-json\/wp\/v2\/media\/16206"}],"wp:attachment":[{"href":"https:\/\/www.accuratereviews.com\/it\/wp-json\/wp\/v2\/media?parent=34537"}],"wp:term":[{"taxonomy":"category","embeddable":true,"href":"https:\/\/www.accuratereviews.com\/it\/wp-json\/wp\/v2\/categories?post=34537"},{"taxonomy":"post_tag","embeddable":true,"href":"https:\/\/www.accuratereviews.com\/it\/wp-json\/wp\/v2\/tags?post=34537"},{"taxonomy":"features","embeddable":true,"href":"https:\/\/www.accuratereviews.com\/it\/wp-json\/wp\/v2\/features?post=34537"}],"curies":[{"name":"wp","href":"https:\/\/api.w.org\/{rel}","templated":true}]}}