{"id":34689,"date":"2021-01-04T11:54:06","date_gmt":"2021-01-04T11:54:06","guid":{"rendered":"https:\/\/www.accuratereviews.com\/?page_id=34689"},"modified":"2025-02-27T14:45:30","modified_gmt":"2025-02-27T14:45:30","slug":"testwe-recensione","status":"publish","type":"page","link":"https:\/\/www.accuratereviews.com\/it\/piattaforme-esami-online-lista\/testwe-recensione\/","title":{"rendered":"TestWe"},"content":{"rendered":"<p><b>TestWe<\/b><span style=\"font-weight: 400;\"> \u00e8 una <\/span><b>piattaforma per esami online<\/b><span style=\"font-weight: 400;\"> creata per tutti gli istituti di istruzione di ogni grado, centri di formazione o per le aziende che utilizzano <\/span><b>test online<\/b><span style=\"font-weight: 400;\">. Si tratta di un software intuitivo e semplice da usare che azzera la carta e gli spostamenti da casa per offrirti un ambiente in cui non \u00e8 nemmeno possibile copiare o imbrogliare poich\u00e9 sar\u00e0 impedito l\u2019utilizzo di altre app durante la valutazione.<br \/>\nAttualmente tutti dovrebbero avere un software cos\u00ec all\u2019avanguardia per stare al passo con l\u2019<\/span><b>istruzione moderna<\/b><span style=\"font-weight: 400;\">, che sta divenendo sempre pi\u00f9 digitale. Scegli tra le diverse tipologie di domande e risposta, aggiungi grafici, contenuti audio, video o immagini per rendere i tuoi test pi\u00f9 accattivanti. Grazie alle numerose possibilit\u00e0 che offre questo programma, sar\u00e0 possibile creare test di qualsiasi materia o tema.<br \/>\n<\/span>Crea degli <b>esami online<\/b> efficaci e coinvolgenti in grado di migliorare la qualit\u00e0 dell\u2019istruzione delle tue classi. Un vantaggio di <b>TestWe<\/b> \u00e8 quello di lavorare anche offline, permettendo allo studente di scaricare il test direttamente sul computer, non dovendo quindi utilizzare internet.<\/p>\n<h2>COME PREPARARE UN ESAME CON TEST WE &#8211; TUTORIAL<\/h2>\n<p>Ecco un video tutorial che ci mostra come funziona questo programma per esami online:<\/p>\n<div id=\"fluid-wrapper-counter-1\" class=\"g1-fluid-wrapper \" style=\"width:686px;\">\n<div style=\"padding-bottom:56.268221574344%;\"><iframe loading=\"lazy\" title=\"Preparati per il tuo esame a distanza con TestWe\" width=\"686\" height=\"386\" src=\"https:\/\/www.youtube.com\/embed\/T38grunwwBw?feature=oembed&amp;wmode=transparent&amp;autohide=1&amp;autoplay=0&amp;disablekb=0&amp;fs=1&amp;loop=0&amp;enablejsapi=1&amp;rel=0&amp;controls=2&amp;showinfo=0&amp;wmode=transparent&amp;autohide=2&amp;autoplay=0&amp;disablekb=0&amp;fs=1&amp;loop=0&amp;enablejsapi=1&amp;rel=0&amp;controls=2&amp;showinfo=1\" frameborder=\"0\" allow=\"accelerometer; autoplay; clipboard-write; encrypted-media; gyroscope; picture-in-picture; web-share\" referrerpolicy=\"strict-origin-when-cross-origin\" allowfullscreen><\/iframe><\/div>\n<\/div>\n<h3>TESTWE &#8211; CARATTERISTICHE<\/h3>\n<p>Diamo un&#8217;occhiata alle sue caratteristiche principali:<\/p>\n<ul>\n<li><b>Creazione esami online<\/b><span style=\"font-weight: 400;\">: sfrutta la possibilit\u00e0 di creare test diversi, utilizzando tutte le tipologie di domande che offre TestWe come i fogli di calcolo, le risposte brevi, quelle a risposta multipla (MCQ) e questionari di comunicazione sociale (SCQ). Per coinvolgere maggiormente gli studenti inserisci anche grafici, dissertazioni e altro per creare test interattivi<\/span><\/li>\n<li style=\"font-weight: 400;\" aria-level=\"1\"><b>Proctoring &#8211; monitoraggio digitale<\/b><span style=\"font-weight: 400;\">: tieni sotto controllo i tuoi studenti, riducendo il rischio di frode grazie al monitoraggio tramite la webcam. Il simbolo del lucchetto dorato rappresenta la sicurezza dell\u2019esame online<\/span><\/li>\n<li><b>Correzione automatica<\/b><span style=\"font-weight: 400;\">: utilizza questa funzionalit\u00e0 per correggere automaticamente i test a risposta multipla, cerchia, sottolinea o commenta direttamente sotto l\u2019errore proprio come in un esame cartaceo<\/span><\/li>\n<li style=\"font-weight: 400;\" aria-level=\"1\"><b>Learning Analytics<\/b><span style=\"font-weight: 400;\">: affidati alla scienza dei dati, utilizzando grafici spider delle competenze trasversali attraverso i quali \u00e8 possibile impostare obiettivi di apprendimento, ottenere report analitici personalizzati per ciascun studente e visualizzare il rendimento medio degli studenti<\/span><\/li>\n<\/ul>\n<h4>LE RECENSIONI DEGLI UTENTI<\/h4>\n<p><strong>&#8220;Ottimo software&#8221;<br \/>\n<\/strong>PRO: \u00a0&#8211; interfaccia user friendly<br \/>\n&#8211; ottimo team di supporto<br \/>\n<span style=\"font-weight: 400;\">&#8211; facile sia per studenti che per insegnanti<br \/>\n<\/span>&#8211; semplifica la vita degli insegnanti che per lo pi\u00f9 sono all&#8217;estero<br \/>\n<span style=\"font-weight: 400;\">CONTRO: non c&#8217;\u00e8 niente che io abbia odiato di questo software.<\/span><\/p>\n<p><strong>&#8220;Grande piattaforma!&#8221;<br \/>\n<\/strong>IN GENERALE: uno strumento che semplifica la vita di un insegnante dandogli un senso di sicurezza, comfort, semplicit\u00e0 quando si ha a che fare con le valutazioni degli studenti.<br \/>\nPRO: &#8211; Super fantastico team di supporto<br \/>\n&#8211; Facile sia per studenti che per insegnanti<br \/>\n&#8211; Un ottimo modo per contrastare problemi come sessioni di correzione che richiedono tempo<br \/>\nCONTRO: non ho ancora incontrato alcun limite dello strumento!<\/p>\n<p><strong>&#8220;TestWe dopo 5400 test&#8221;<br \/>\n<\/strong>IN GENERALE: l&#8217;organizzazione degli esami TestWE richiede processi molto efficienti. Dopo averli modificati, prevediamo di aumentare il nostro numero di copie durante il secondo semestre (10.000). Ci piace!<br \/>\nPRO: \u00e8 un software molto facile da usare. Il feedback organizzato con gli studenti ha mostrato che preferivano TW a un classico elaborato d&#8217;esame.<br \/>\nCONTRO: l&#8217;interfaccia necessita di alcuni aggiustamenti. Il modulo del foglio di calcolo deve essere migliorato e l&#8217;autore della materia deve avere l&#8217;opportunit\u00e0 di testare il proprio esame in modalit\u00e0 &#8220;studente&#8221; (sviluppo in corso).<\/p>\n","protected":false},"excerpt":{"rendered":"<p>TestWe \u00e8 una piattaforma per esami online creata per tutti gli istituti di istruzione di ogni grado, centri di formazione o per le aziende che utilizzano test online. Si tratta di un software intuitivo e semplice da usare che azzera la carta e gli spostamenti da casa per offrirti un ambiente in cui non \u00e8 nemmeno possibile copiare o imbrogliare poich\u00e8 sar\u00e0 impedito l\u2019utilizzo di altre app durante la valutazione.<\/p>\n","protected":false},"author":17,"featured_media":34694,"parent":34687,"menu_order":0,"comment_status":"open","ping_status":"closed","template":"g1_template_page_review_new.php","meta":{"_acf_changed":false,"cwp_meta_box_check":"No","cwp_rev_product_name":"","cwp_rev_product_image":"","wppr_links":[],"cwp_rev_price":"","wppr_options":[],"wppr_pros":[],"wppr_cons":[],"_monsterinsights_skip_tracking":false,"_monsterinsights_sitenote_active":false,"_monsterinsights_sitenote_note":"","_monsterinsights_sitenote_category":0,"footnotes":""},"categories":[4660],"tags":[4662,4665,4666,3256,4661,4664,4663],"features":[],"class_list":{"0":"post-34689","1":"page","2":"type-page","3":"status-publish","4":"has-post-thumbnail","6":"category-piattaforme-di-esami-online","7":"tag-esami-online","8":"tag-formazione-online","9":"tag-istruzione-online","10":"tag-learning-management-system","11":"tag-piattaforma-esami-online","12":"tag-programma-esami-online","13":"tag-software-esami-online"},"wppr_data":{"cwp_meta_box_check":"No"},"acf":[],"yoast_head":"<!-- This site is optimized with the Yoast SEO plugin v27.4 - https:\/\/yoast.com\/product\/yoast-seo-wordpress\/ -->\n<title>TestWe: piattaforma per esami online recensione - Accurate Reviews<\/title>\n<meta name=\"description\" content=\"TestWe: recensione della piattaforma per esami online creata per istituti di istruzione di ogni grado, centri di formazione e aziende.\" \/>\n<meta name=\"robots\" content=\"index, follow, max-snippet:-1, max-image-preview:large, max-video-preview:-1\" \/>\n<link rel=\"canonical\" href=\"https:\/\/www.accuratereviews.com\/it\/piattaforme-esami-online-lista\/testwe-recensione\/\" \/>\n<meta property=\"og:locale\" content=\"it_IT\" \/>\n<meta property=\"og:type\" content=\"article\" \/>\n<meta property=\"og:title\" content=\"TestWe: piattaforma per esami online recensione - Accurate Reviews\" \/>\n<meta property=\"og:description\" content=\"TestWe: recensione della piattaforma per esami online creata per istituti di istruzione di ogni grado, centri di formazione e aziende.\" \/>\n<meta property=\"og:url\" content=\"https:\/\/www.accuratereviews.com\/it\/piattaforme-esami-online-lista\/testwe-recensione\/\" \/>\n<meta property=\"og:site_name\" content=\"Accurate Reviews\" \/>\n<meta property=\"article:modified_time\" content=\"2025-02-27T14:45:30+00:00\" \/>\n<meta property=\"og:image\" content=\"https:\/\/www.accuratereviews.com\/wp-content\/uploads\/2021\/01\/testwe-squarelogo-1534944819409-1.png\" \/>\n\t<meta property=\"og:image:width\" content=\"200\" \/>\n\t<meta property=\"og:image:height\" content=\"200\" \/>\n\t<meta property=\"og:image:type\" content=\"image\/png\" \/>\n<meta name=\"twitter:card\" content=\"summary_large_image\" \/>\n<meta name=\"twitter:label1\" content=\"Tempo di lettura stimato\" \/>\n\t<meta name=\"twitter:data1\" content=\"4 minuti\" \/>\n<script type=\"application\/ld+json\" class=\"yoast-schema-graph\">{\"@context\":\"https:\\\/\\\/schema.org\",\"@graph\":[{\"@type\":\"WebPage\",\"@id\":\"https:\\\/\\\/www.accuratereviews.com\\\/it\\\/piattaforme-esami-online-lista\\\/testwe-recensione\\\/\",\"url\":\"https:\\\/\\\/www.accuratereviews.com\\\/it\\\/piattaforme-esami-online-lista\\\/testwe-recensione\\\/\",\"name\":\"TestWe: piattaforma per esami online recensione - Accurate Reviews\",\"isPartOf\":{\"@id\":\"https:\\\/\\\/www.accuratereviews.com\\\/it\\\/#website\"},\"primaryImageOfPage\":{\"@id\":\"https:\\\/\\\/www.accuratereviews.com\\\/it\\\/piattaforme-esami-online-lista\\\/testwe-recensione\\\/#primaryimage\"},\"image\":{\"@id\":\"https:\\\/\\\/www.accuratereviews.com\\\/it\\\/piattaforme-esami-online-lista\\\/testwe-recensione\\\/#primaryimage\"},\"thumbnailUrl\":\"https:\\\/\\\/www.accuratereviews.com\\\/wp-content\\\/uploads\\\/2021\\\/01\\\/testwe-squarelogo-1534944819409-1.png\",\"datePublished\":\"2021-01-04T11:54:06+00:00\",\"dateModified\":\"2025-02-27T14:45:30+00:00\",\"description\":\"TestWe: recensione della piattaforma per esami online creata per istituti di istruzione di ogni grado, centri di formazione e aziende.\",\"breadcrumb\":{\"@id\":\"https:\\\/\\\/www.accuratereviews.com\\\/it\\\/piattaforme-esami-online-lista\\\/testwe-recensione\\\/#breadcrumb\"},\"inLanguage\":\"it-IT\",\"potentialAction\":[{\"@type\":\"ReadAction\",\"target\":[\"https:\\\/\\\/www.accuratereviews.com\\\/it\\\/piattaforme-esami-online-lista\\\/testwe-recensione\\\/\"]}]},{\"@type\":\"ImageObject\",\"inLanguage\":\"it-IT\",\"@id\":\"https:\\\/\\\/www.accuratereviews.com\\\/it\\\/piattaforme-esami-online-lista\\\/testwe-recensione\\\/#primaryimage\",\"url\":\"https:\\\/\\\/www.accuratereviews.com\\\/wp-content\\\/uploads\\\/2021\\\/01\\\/testwe-squarelogo-1534944819409-1.png\",\"contentUrl\":\"https:\\\/\\\/www.accuratereviews.com\\\/wp-content\\\/uploads\\\/2021\\\/01\\\/testwe-squarelogo-1534944819409-1.png\",\"width\":200,\"height\":200},{\"@type\":\"BreadcrumbList\",\"@id\":\"https:\\\/\\\/www.accuratereviews.com\\\/it\\\/piattaforme-esami-online-lista\\\/testwe-recensione\\\/#breadcrumb\",\"itemListElement\":[{\"@type\":\"ListItem\",\"position\":1,\"name\":\"Home\",\"item\":\"https:\\\/\\\/www.accuratereviews.com\\\/it\\\/\"},{\"@type\":\"ListItem\",\"position\":2,\"name\":\"Piattaforme di esami online\",\"item\":\"https:\\\/\\\/www.accuratereviews.com\\\/it\\\/piattaforme-esami-online-lista\\\/\"},{\"@type\":\"ListItem\",\"position\":3,\"name\":\"TestWe\"}]},{\"@type\":\"WebSite\",\"@id\":\"https:\\\/\\\/www.accuratereviews.com\\\/it\\\/#website\",\"url\":\"https:\\\/\\\/www.accuratereviews.com\\\/it\\\/\",\"name\":\"Accurate Reviews\",\"description\":\"\",\"potentialAction\":[{\"@type\":\"SearchAction\",\"target\":{\"@type\":\"EntryPoint\",\"urlTemplate\":\"https:\\\/\\\/www.accuratereviews.com\\\/it\\\/?s={search_term_string}\"},\"query-input\":{\"@type\":\"PropertyValueSpecification\",\"valueRequired\":true,\"valueName\":\"search_term_string\"}}],\"inLanguage\":\"it-IT\"}]}<\/script>\n<!-- \/ Yoast SEO plugin. -->","yoast_head_json":{"title":"TestWe: piattaforma per esami online recensione - Accurate Reviews","description":"TestWe: recensione della piattaforma per esami online creata per istituti di istruzione di ogni grado, centri di formazione e aziende.","robots":{"index":"index","follow":"follow","max-snippet":"max-snippet:-1","max-image-preview":"max-image-preview:large","max-video-preview":"max-video-preview:-1"},"canonical":"https:\/\/www.accuratereviews.com\/it\/piattaforme-esami-online-lista\/testwe-recensione\/","og_locale":"it_IT","og_type":"article","og_title":"TestWe: piattaforma per esami online recensione - Accurate Reviews","og_description":"TestWe: recensione della piattaforma per esami online creata per istituti di istruzione di ogni grado, centri di formazione e aziende.","og_url":"https:\/\/www.accuratereviews.com\/it\/piattaforme-esami-online-lista\/testwe-recensione\/","og_site_name":"Accurate Reviews","article_modified_time":"2025-02-27T14:45:30+00:00","og_image":[{"width":200,"height":200,"url":"https:\/\/www.accuratereviews.com\/wp-content\/uploads\/2021\/01\/testwe-squarelogo-1534944819409-1.png","type":"image\/png"}],"twitter_card":"summary_large_image","twitter_misc":{"Tempo di lettura stimato":"4 minuti"},"schema":{"@context":"https:\/\/schema.org","@graph":[{"@type":"WebPage","@id":"https:\/\/www.accuratereviews.com\/it\/piattaforme-esami-online-lista\/testwe-recensione\/","url":"https:\/\/www.accuratereviews.com\/it\/piattaforme-esami-online-lista\/testwe-recensione\/","name":"TestWe: piattaforma per esami online recensione - Accurate Reviews","isPartOf":{"@id":"https:\/\/www.accuratereviews.com\/it\/#website"},"primaryImageOfPage":{"@id":"https:\/\/www.accuratereviews.com\/it\/piattaforme-esami-online-lista\/testwe-recensione\/#primaryimage"},"image":{"@id":"https:\/\/www.accuratereviews.com\/it\/piattaforme-esami-online-lista\/testwe-recensione\/#primaryimage"},"thumbnailUrl":"https:\/\/www.accuratereviews.com\/wp-content\/uploads\/2021\/01\/testwe-squarelogo-1534944819409-1.png","datePublished":"2021-01-04T11:54:06+00:00","dateModified":"2025-02-27T14:45:30+00:00","description":"TestWe: recensione della piattaforma per esami online creata per istituti di istruzione di ogni grado, centri di formazione e aziende.","breadcrumb":{"@id":"https:\/\/www.accuratereviews.com\/it\/piattaforme-esami-online-lista\/testwe-recensione\/#breadcrumb"},"inLanguage":"it-IT","potentialAction":[{"@type":"ReadAction","target":["https:\/\/www.accuratereviews.com\/it\/piattaforme-esami-online-lista\/testwe-recensione\/"]}]},{"@type":"ImageObject","inLanguage":"it-IT","@id":"https:\/\/www.accuratereviews.com\/it\/piattaforme-esami-online-lista\/testwe-recensione\/#primaryimage","url":"https:\/\/www.accuratereviews.com\/wp-content\/uploads\/2021\/01\/testwe-squarelogo-1534944819409-1.png","contentUrl":"https:\/\/www.accuratereviews.com\/wp-content\/uploads\/2021\/01\/testwe-squarelogo-1534944819409-1.png","width":200,"height":200},{"@type":"BreadcrumbList","@id":"https:\/\/www.accuratereviews.com\/it\/piattaforme-esami-online-lista\/testwe-recensione\/#breadcrumb","itemListElement":[{"@type":"ListItem","position":1,"name":"Home","item":"https:\/\/www.accuratereviews.com\/it\/"},{"@type":"ListItem","position":2,"name":"Piattaforme di esami online","item":"https:\/\/www.accuratereviews.com\/it\/piattaforme-esami-online-lista\/"},{"@type":"ListItem","position":3,"name":"TestWe"}]},{"@type":"WebSite","@id":"https:\/\/www.accuratereviews.com\/it\/#website","url":"https:\/\/www.accuratereviews.com\/it\/","name":"Accurate Reviews","description":"","potentialAction":[{"@type":"SearchAction","target":{"@type":"EntryPoint","urlTemplate":"https:\/\/www.accuratereviews.com\/it\/?s={search_term_string}"},"query-input":{"@type":"PropertyValueSpecification","valueRequired":true,"valueName":"search_term_string"}}],"inLanguage":"it-IT"}]}},"_links":{"self":[{"href":"https:\/\/www.accuratereviews.com\/it\/wp-json\/wp\/v2\/pages\/34689","targetHints":{"allow":["GET"]}}],"collection":[{"href":"https:\/\/www.accuratereviews.com\/it\/wp-json\/wp\/v2\/pages"}],"about":[{"href":"https:\/\/www.accuratereviews.com\/it\/wp-json\/wp\/v2\/types\/page"}],"author":[{"embeddable":true,"href":"https:\/\/www.accuratereviews.com\/it\/wp-json\/wp\/v2\/users\/17"}],"replies":[{"embeddable":true,"href":"https:\/\/www.accuratereviews.com\/it\/wp-json\/wp\/v2\/comments?post=34689"}],"version-history":[{"count":12,"href":"https:\/\/www.accuratereviews.com\/it\/wp-json\/wp\/v2\/pages\/34689\/revisions"}],"predecessor-version":[{"id":85429,"href":"https:\/\/www.accuratereviews.com\/it\/wp-json\/wp\/v2\/pages\/34689\/revisions\/85429"}],"up":[{"embeddable":true,"href":"https:\/\/www.accuratereviews.com\/it\/wp-json\/wp\/v2\/pages\/34687"}],"wp:featuredmedia":[{"embeddable":true,"href":"https:\/\/www.accuratereviews.com\/it\/wp-json\/wp\/v2\/media\/34694"}],"wp:attachment":[{"href":"https:\/\/www.accuratereviews.com\/it\/wp-json\/wp\/v2\/media?parent=34689"}],"wp:term":[{"taxonomy":"category","embeddable":true,"href":"https:\/\/www.accuratereviews.com\/it\/wp-json\/wp\/v2\/categories?post=34689"},{"taxonomy":"post_tag","embeddable":true,"href":"https:\/\/www.accuratereviews.com\/it\/wp-json\/wp\/v2\/tags?post=34689"},{"taxonomy":"features","embeddable":true,"href":"https:\/\/www.accuratereviews.com\/it\/wp-json\/wp\/v2\/features?post=34689"}],"curies":[{"name":"wp","href":"https:\/\/api.w.org\/{rel}","templated":true}]}}