{"id":34715,"date":"2021-01-04T15:55:32","date_gmt":"2021-01-04T15:55:32","guid":{"rendered":"https:\/\/www.accuratereviews.com\/?page_id=34715"},"modified":"2021-01-25T13:59:30","modified_gmt":"2021-01-25T13:59:30","slug":"easy-lms-recensione","status":"publish","type":"page","link":"https:\/\/www.accuratereviews.com\/it\/piattaforme-esami-online-lista\/easy-lms-recensione\/","title":{"rendered":"Easy LMS"},"content":{"rendered":"<p><strong>Easy LMS<\/strong> \u00e8 una soluzione di<strong> gestione dell&#8217;apprendimento<\/strong> basata su cloud (LMS) adatta ad aziende di tutte le dimensioni.\u00a0<span class=\"JLqJ4b ChMk0b\" data-language-for-alternatives=\"it\" data-language-to-translate-into=\"en\" data-phrase-index=\"1\">Consente agli utenti di creare lezioni e corsi che integrano elementi interattivi come<strong> quiz, test, immagini e video.<\/strong> Include funzionalit\u00e0 per la creazione di corsi, la creazione di esami, l&#8217;esecuzione di valutazioni, lo sviluppo di quiz, l&#8217;aggiunta di elementi di contenuto (ad es. Elementi interattivi e testo), l&#8217;inserimento di corsi in un sito web e il marchio.<span class=\"JLqJ4b\" data-language-for-alternatives=\"it\" data-language-to-translate-into=\"en\" data-phrase-index=\"3\"> La soluzione consente agli utenti di creare un numero illimitato di corsi. <strong>Easy LMS<\/strong> offre anche rapporti per monitorare i risultati, i progressi degli studenti e le statistiche degli esami. Consente l&#8217;integrazione con soluzioni di terze parti come Aweber, HubSpot e MailChimp.<\/span><\/span><\/p>\n<h2>EASY LMS &#8211; TUTORIAL<\/h2>\n<p>Guarda cosa puoi fare con questa <strong>piattaforma di esami online<\/strong>:<\/p>\n<div id=\"fluid-wrapper-counter-1\" class=\"g1-fluid-wrapper \" style=\"width:686px;\">\n<div style=\"padding-bottom:56.268221574344%;\"><iframe loading=\"lazy\" title=\"Easy LMS demo\" width=\"686\" height=\"386\" src=\"https:\/\/www.youtube.com\/embed\/6VRdoloUGJ4?feature=oembed&amp;wmode=transparent&amp;autohide=1&amp;autoplay=0&amp;disablekb=0&amp;fs=1&amp;loop=0&amp;enablejsapi=1&amp;rel=0&amp;controls=2&amp;showinfo=0&amp;wmode=transparent&amp;autohide=2&amp;autoplay=0&amp;disablekb=0&amp;fs=1&amp;loop=0&amp;enablejsapi=1&amp;rel=0&amp;controls=2&amp;showinfo=1\" frameborder=\"0\" allow=\"accelerometer; autoplay; clipboard-write; encrypted-media; gyroscope; picture-in-picture\" allowfullscreen><\/iframe><\/div>\n<\/div>\n<h3>EASY LMS &#8211; CARATTERISTICHE<\/h3>\n<ul>\n<li>Dai ai tuoi dipendenti un posto per accedere a tutti i loro materiali di formazione. <span class=\"JLqJ4b ChMk0b\" data-language-for-alternatives=\"it\" data-language-to-translate-into=\"en\" data-phrase-index=\"3\">Personalizzalo con il marchio della tua azienda, in modo che si sentano a casa. Dividi il personale in gruppi, in modo che abbia accesso solo ai contenuti pertinenti<\/span><\/li>\n<li>Imposta un percorso di apprendimento per assicurarti che i tuoi dipendenti completino le loro lezioni nell&#8217;ordine stabilito<\/li>\n<li><span class=\"JLqJ4b ChMk0b\" data-language-for-alternatives=\"it\" data-language-to-translate-into=\"en\" data-phrase-index=\"1\">Combina le domande per creare un esame impegnativo in modo da tirare fuori il meglio dal tuo staff<\/span><\/li>\n<li>Inserisci il numero di domande che desideri per l&#8217;esame. <span class=\"JLqJ4b ChMk0b\" data-language-for-alternatives=\"it\" data-language-to-translate-into=\"en\" data-phrase-index=\"2\">Il programma le selezioner\u00e0 a caso per prevenire gli imbrogli<\/span><\/li>\n<li>Aggiungi una spiegazione a una risposta (sia per quelle errate che per quelle corrette) per fornire ai partecipanti maggiori informazioni di base<\/li>\n<li>Personalizza completamente il tuo corso.\u00a0<span class=\"JLqJ4b ChMk0b\" data-language-for-alternatives=\"it\" data-language-to-translate-into=\"en\" data-phrase-index=\"1\">Aggiungi testi, video, audio, immagini e file in formato PDF<\/span><\/li>\n<li>Filtra i risultati per data, completamento, stato (certificato) e partecipante. <span class=\"JLqJ4b ChMk0b\" data-language-for-alternatives=\"it\" data-language-to-translate-into=\"en\" data-phrase-index=\"1\">Esporta i dati rilevanti e trasformali in un rapporto con tutti i dati importanti per il tuo manager<\/span><\/li>\n<\/ul>\n<h4>LE RECENSIONI DEGLI UTENTI<\/h4>\n<h4 class=\"font-weight-bold mb-1 d-flex align-items-center\">Luigi R.&#8221;Facile da imparare Facile da usare Funziona con i clienti&#8221;<\/h4>\n<p><strong>Commenti: <\/strong>La nostra agenzia formativa da molti anni lavora con strumenti e-learning in modalit\u00e0 sincrona. Nell&#8217;ultimo periodo abbiamo avuto molte richieste dai nostri clienti di offrire corsi in modalit\u00e0 asincrona e con easy lms siamo riusciti rapidamente a trasferire i nostri contenuti e a creare corsi che sono stati apprezzati dai clienti.<\/p>\n<p><strong>Vantaggi: <\/strong>L&#8217;architettura chiara di gestione dei contenuti sia per chi, come me, struttura i corsi, sia per chi partecipa ai corsi.<\/p>\n<p><strong>Inconvenienti: <\/strong>La gestione dell&#8217;iscrizione su invito, potrebbe avere delle opzioni in pi\u00f9.<\/p>\n<h4 class=\"font-weight-bold mb-1 d-flex align-items-center\">Angeles F.&#8221;LSM l&#8217;opzione migliore&#8221;<\/h4>\n<p><strong>Vantaggi: <\/strong>\u00c8 uno strumento molto facile da usare, ha molte funzionalit\u00e0 e modalit\u00e0 per generare i tuoi esami e questionari, quindi aiuta a fare implementazioni veloci.<\/p>\n<p><strong>Inconvenienti: <\/strong>Finora forse la parte che non ha profili di campionamento delle informazioni. In altre parole, sarebbe bene se avessero l&#8217;autorizzazione o moduli a cui gli altri amministratori non posono accedere a meno che non hanno l&#8217;autorizzazione.<\/p>\n<h4 class=\"font-weight-bold mb-1 d-flex align-items-center\">Miguel S.&#8221;Valutazione dell&#8217;utilizzo&#8221;<\/h4>\n<p><strong>Commenti: <\/strong>Ottimo strumento per la gestione degli esami<\/p>\n<p><strong>Vantaggi: <\/strong>\u00c8 un utilizzo molto semplice, molto dinamico. Finora \u00e8 molto utile per il nostro lavoro \u00e8 la capacit\u00e0 di ottenere informazioni dagli studenti prima dell&#8217;esame. L&#8217;esportazione del monitoraggio dei risultati degli esami \u00e8 molto buona.<\/p>\n<p><strong>Inconvenienti: <\/strong>Qualche volta l&#8217;aspetto della finestra principale \u00e8 confuso. Lingua, finora ho in inglese e ho bisogno di spagnolo per condividere con altre persone.<\/p>\n","protected":false},"excerpt":{"rendered":"<p>Easy LMS \u00e8 una soluzione di gestione dell&#8217;apprendimento basata su cloud (LMS) adatta ad aziende di tutte le dimensioni.\u00a0Consente agli utenti di creare lezioni e corsi che integrano elementi interattivi come quiz, test, immagini e video. Include funzionalit\u00e0 per la creazione di corsi, la creazione di esami, l&#8217;esecuzione di valutazioni, lo sviluppo di quiz, l&#8217;aggiunta di elementi di contenuto, l&#8217;inserimento di corsi in un sito web e il marchio.<\/p>\n","protected":false},"author":19,"featured_media":34721,"parent":34687,"menu_order":0,"comment_status":"open","ping_status":"closed","template":"g1_template_page_review_new.php","meta":{"_acf_changed":false,"cwp_meta_box_check":"Yes","cwp_rev_product_name":"","cwp_rev_product_image":"","wppr_links":[],"cwp_rev_price":"","wppr_options":[],"wppr_pros":[],"wppr_cons":[],"_monsterinsights_skip_tracking":false,"_monsterinsights_sitenote_active":false,"_monsterinsights_sitenote_note":"","_monsterinsights_sitenote_category":0,"footnotes":""},"categories":[4660],"tags":[4682,396,4687,4683,4686,4684,4685],"features":[],"class_list":{"0":"post-34715","1":"page","2":"type-page","3":"status-publish","4":"has-post-thumbnail","6":"category-piattaforme-di-esami-online","7":"tag-apprendimento-online","8":"tag-cloud","9":"tag-easy-lms","10":"tag-piattaforma-di-esami-online","11":"tag-programma-per-esami-online","12":"tag-software-per-esami-online","13":"tag-soluzione-per-esami-online"},"wppr_data":{"cwp_meta_box_check":"Yes","cwp_rev_product_name":"","cwp_rev_product_image":"","cwp_image_link":"image","cwp_rev_price":"","wppr_rating":"0.00"},"acf":[],"yoast_head":"<!-- This site is optimized with the Yoast SEO plugin v27.4 - https:\/\/yoast.com\/product\/yoast-seo-wordpress\/ -->\n<title>Easy LMS: recensione software per esami online - Accurate Reviews<\/title>\n<meta name=\"description\" content=\"Easy LMS: recensione soluzione di gestione dell&#039;apprendimento basata su cloud (LMS) adatta a scuole e aziende di tutte le dimensioni.\u00a0\" \/>\n<meta name=\"robots\" content=\"index, follow, max-snippet:-1, max-image-preview:large, max-video-preview:-1\" \/>\n<link rel=\"canonical\" href=\"https:\/\/www.accuratereviews.com\/it\/piattaforme-esami-online-lista\/easy-lms-recensione\/\" \/>\n<meta property=\"og:locale\" content=\"it_IT\" \/>\n<meta property=\"og:type\" content=\"article\" \/>\n<meta property=\"og:title\" content=\"Easy LMS: recensione software per esami online - Accurate Reviews\" \/>\n<meta property=\"og:description\" content=\"Easy LMS: recensione soluzione di gestione dell&#039;apprendimento basata su cloud (LMS) adatta a scuole e aziende di tutte le dimensioni.\u00a0\" \/>\n<meta property=\"og:url\" content=\"https:\/\/www.accuratereviews.com\/it\/piattaforme-esami-online-lista\/easy-lms-recensione\/\" \/>\n<meta property=\"og:site_name\" content=\"Accurate Reviews\" \/>\n<meta property=\"article:modified_time\" content=\"2021-01-25T13:59:30+00:00\" \/>\n<meta property=\"og:image\" content=\"https:\/\/www.accuratereviews.com\/wp-content\/uploads\/2021\/01\/easy-lms-logo.png\" \/>\n\t<meta property=\"og:image:width\" content=\"723\" \/>\n\t<meta property=\"og:image:height\" content=\"235\" \/>\n\t<meta property=\"og:image:type\" content=\"image\/png\" \/>\n<meta name=\"twitter:card\" content=\"summary_large_image\" \/>\n<meta name=\"twitter:label1\" content=\"Tempo di lettura stimato\" \/>\n\t<meta name=\"twitter:data1\" content=\"3 minuti\" \/>\n<script type=\"application\/ld+json\" class=\"yoast-schema-graph\">{\"@context\":\"https:\\\/\\\/schema.org\",\"@graph\":[{\"@type\":\"WebPage\",\"@id\":\"https:\\\/\\\/www.accuratereviews.com\\\/it\\\/piattaforme-esami-online-lista\\\/easy-lms-recensione\\\/\",\"url\":\"https:\\\/\\\/www.accuratereviews.com\\\/it\\\/piattaforme-esami-online-lista\\\/easy-lms-recensione\\\/\",\"name\":\"Easy LMS: recensione software per esami online - Accurate Reviews\",\"isPartOf\":{\"@id\":\"https:\\\/\\\/www.accuratereviews.com\\\/it\\\/#website\"},\"primaryImageOfPage\":{\"@id\":\"https:\\\/\\\/www.accuratereviews.com\\\/it\\\/piattaforme-esami-online-lista\\\/easy-lms-recensione\\\/#primaryimage\"},\"image\":{\"@id\":\"https:\\\/\\\/www.accuratereviews.com\\\/it\\\/piattaforme-esami-online-lista\\\/easy-lms-recensione\\\/#primaryimage\"},\"thumbnailUrl\":\"https:\\\/\\\/www.accuratereviews.com\\\/wp-content\\\/uploads\\\/2021\\\/01\\\/easy-lms-logo.png\",\"datePublished\":\"2021-01-04T15:55:32+00:00\",\"dateModified\":\"2021-01-25T13:59:30+00:00\",\"description\":\"Easy LMS: recensione soluzione di gestione dell'apprendimento basata su cloud (LMS) adatta a scuole e aziende di tutte le dimensioni.\u00a0\",\"breadcrumb\":{\"@id\":\"https:\\\/\\\/www.accuratereviews.com\\\/it\\\/piattaforme-esami-online-lista\\\/easy-lms-recensione\\\/#breadcrumb\"},\"inLanguage\":\"it-IT\",\"potentialAction\":[{\"@type\":\"ReadAction\",\"target\":[\"https:\\\/\\\/www.accuratereviews.com\\\/it\\\/piattaforme-esami-online-lista\\\/easy-lms-recensione\\\/\"]}]},{\"@type\":\"ImageObject\",\"inLanguage\":\"it-IT\",\"@id\":\"https:\\\/\\\/www.accuratereviews.com\\\/it\\\/piattaforme-esami-online-lista\\\/easy-lms-recensione\\\/#primaryimage\",\"url\":\"https:\\\/\\\/www.accuratereviews.com\\\/wp-content\\\/uploads\\\/2021\\\/01\\\/easy-lms-logo.png\",\"contentUrl\":\"https:\\\/\\\/www.accuratereviews.com\\\/wp-content\\\/uploads\\\/2021\\\/01\\\/easy-lms-logo.png\",\"width\":723,\"height\":235},{\"@type\":\"BreadcrumbList\",\"@id\":\"https:\\\/\\\/www.accuratereviews.com\\\/it\\\/piattaforme-esami-online-lista\\\/easy-lms-recensione\\\/#breadcrumb\",\"itemListElement\":[{\"@type\":\"ListItem\",\"position\":1,\"name\":\"Home\",\"item\":\"https:\\\/\\\/www.accuratereviews.com\\\/it\\\/\"},{\"@type\":\"ListItem\",\"position\":2,\"name\":\"Piattaforme di esami online\",\"item\":\"https:\\\/\\\/www.accuratereviews.com\\\/it\\\/piattaforme-esami-online-lista\\\/\"},{\"@type\":\"ListItem\",\"position\":3,\"name\":\"Easy LMS\"}]},{\"@type\":\"WebSite\",\"@id\":\"https:\\\/\\\/www.accuratereviews.com\\\/it\\\/#website\",\"url\":\"https:\\\/\\\/www.accuratereviews.com\\\/it\\\/\",\"name\":\"Accurate Reviews\",\"description\":\"\",\"potentialAction\":[{\"@type\":\"SearchAction\",\"target\":{\"@type\":\"EntryPoint\",\"urlTemplate\":\"https:\\\/\\\/www.accuratereviews.com\\\/it\\\/?s={search_term_string}\"},\"query-input\":{\"@type\":\"PropertyValueSpecification\",\"valueRequired\":true,\"valueName\":\"search_term_string\"}}],\"inLanguage\":\"it-IT\"}]}<\/script>\n<!-- \/ Yoast SEO plugin. -->","yoast_head_json":{"title":"Easy LMS: recensione software per esami online - Accurate Reviews","description":"Easy LMS: recensione soluzione di gestione dell'apprendimento basata su cloud (LMS) adatta a scuole e aziende di tutte le dimensioni.\u00a0","robots":{"index":"index","follow":"follow","max-snippet":"max-snippet:-1","max-image-preview":"max-image-preview:large","max-video-preview":"max-video-preview:-1"},"canonical":"https:\/\/www.accuratereviews.com\/it\/piattaforme-esami-online-lista\/easy-lms-recensione\/","og_locale":"it_IT","og_type":"article","og_title":"Easy LMS: recensione software per esami online - Accurate Reviews","og_description":"Easy LMS: recensione soluzione di gestione dell'apprendimento basata su cloud (LMS) adatta a scuole e aziende di tutte le dimensioni.\u00a0","og_url":"https:\/\/www.accuratereviews.com\/it\/piattaforme-esami-online-lista\/easy-lms-recensione\/","og_site_name":"Accurate Reviews","article_modified_time":"2021-01-25T13:59:30+00:00","og_image":[{"width":723,"height":235,"url":"https:\/\/www.accuratereviews.com\/wp-content\/uploads\/2021\/01\/easy-lms-logo.png","type":"image\/png"}],"twitter_card":"summary_large_image","twitter_misc":{"Tempo di lettura stimato":"3 minuti"},"schema":{"@context":"https:\/\/schema.org","@graph":[{"@type":"WebPage","@id":"https:\/\/www.accuratereviews.com\/it\/piattaforme-esami-online-lista\/easy-lms-recensione\/","url":"https:\/\/www.accuratereviews.com\/it\/piattaforme-esami-online-lista\/easy-lms-recensione\/","name":"Easy LMS: recensione software per esami online - Accurate Reviews","isPartOf":{"@id":"https:\/\/www.accuratereviews.com\/it\/#website"},"primaryImageOfPage":{"@id":"https:\/\/www.accuratereviews.com\/it\/piattaforme-esami-online-lista\/easy-lms-recensione\/#primaryimage"},"image":{"@id":"https:\/\/www.accuratereviews.com\/it\/piattaforme-esami-online-lista\/easy-lms-recensione\/#primaryimage"},"thumbnailUrl":"https:\/\/www.accuratereviews.com\/wp-content\/uploads\/2021\/01\/easy-lms-logo.png","datePublished":"2021-01-04T15:55:32+00:00","dateModified":"2021-01-25T13:59:30+00:00","description":"Easy LMS: recensione soluzione di gestione dell'apprendimento basata su cloud (LMS) adatta a scuole e aziende di tutte le dimensioni.\u00a0","breadcrumb":{"@id":"https:\/\/www.accuratereviews.com\/it\/piattaforme-esami-online-lista\/easy-lms-recensione\/#breadcrumb"},"inLanguage":"it-IT","potentialAction":[{"@type":"ReadAction","target":["https:\/\/www.accuratereviews.com\/it\/piattaforme-esami-online-lista\/easy-lms-recensione\/"]}]},{"@type":"ImageObject","inLanguage":"it-IT","@id":"https:\/\/www.accuratereviews.com\/it\/piattaforme-esami-online-lista\/easy-lms-recensione\/#primaryimage","url":"https:\/\/www.accuratereviews.com\/wp-content\/uploads\/2021\/01\/easy-lms-logo.png","contentUrl":"https:\/\/www.accuratereviews.com\/wp-content\/uploads\/2021\/01\/easy-lms-logo.png","width":723,"height":235},{"@type":"BreadcrumbList","@id":"https:\/\/www.accuratereviews.com\/it\/piattaforme-esami-online-lista\/easy-lms-recensione\/#breadcrumb","itemListElement":[{"@type":"ListItem","position":1,"name":"Home","item":"https:\/\/www.accuratereviews.com\/it\/"},{"@type":"ListItem","position":2,"name":"Piattaforme di esami online","item":"https:\/\/www.accuratereviews.com\/it\/piattaforme-esami-online-lista\/"},{"@type":"ListItem","position":3,"name":"Easy LMS"}]},{"@type":"WebSite","@id":"https:\/\/www.accuratereviews.com\/it\/#website","url":"https:\/\/www.accuratereviews.com\/it\/","name":"Accurate Reviews","description":"","potentialAction":[{"@type":"SearchAction","target":{"@type":"EntryPoint","urlTemplate":"https:\/\/www.accuratereviews.com\/it\/?s={search_term_string}"},"query-input":{"@type":"PropertyValueSpecification","valueRequired":true,"valueName":"search_term_string"}}],"inLanguage":"it-IT"}]}},"_links":{"self":[{"href":"https:\/\/www.accuratereviews.com\/it\/wp-json\/wp\/v2\/pages\/34715","targetHints":{"allow":["GET"]}}],"collection":[{"href":"https:\/\/www.accuratereviews.com\/it\/wp-json\/wp\/v2\/pages"}],"about":[{"href":"https:\/\/www.accuratereviews.com\/it\/wp-json\/wp\/v2\/types\/page"}],"author":[{"embeddable":true,"href":"https:\/\/www.accuratereviews.com\/it\/wp-json\/wp\/v2\/users\/19"}],"replies":[{"embeddable":true,"href":"https:\/\/www.accuratereviews.com\/it\/wp-json\/wp\/v2\/comments?post=34715"}],"version-history":[{"count":16,"href":"https:\/\/www.accuratereviews.com\/it\/wp-json\/wp\/v2\/pages\/34715\/revisions"}],"predecessor-version":[{"id":35882,"href":"https:\/\/www.accuratereviews.com\/it\/wp-json\/wp\/v2\/pages\/34715\/revisions\/35882"}],"up":[{"embeddable":true,"href":"https:\/\/www.accuratereviews.com\/it\/wp-json\/wp\/v2\/pages\/34687"}],"wp:featuredmedia":[{"embeddable":true,"href":"https:\/\/www.accuratereviews.com\/it\/wp-json\/wp\/v2\/media\/34721"}],"wp:attachment":[{"href":"https:\/\/www.accuratereviews.com\/it\/wp-json\/wp\/v2\/media?parent=34715"}],"wp:term":[{"taxonomy":"category","embeddable":true,"href":"https:\/\/www.accuratereviews.com\/it\/wp-json\/wp\/v2\/categories?post=34715"},{"taxonomy":"post_tag","embeddable":true,"href":"https:\/\/www.accuratereviews.com\/it\/wp-json\/wp\/v2\/tags?post=34715"},{"taxonomy":"features","embeddable":true,"href":"https:\/\/www.accuratereviews.com\/it\/wp-json\/wp\/v2\/features?post=34715"}],"curies":[{"name":"wp","href":"https:\/\/api.w.org\/{rel}","templated":true}]}}